{"id":2430,"date":"2019-06-03T12:35:35","date_gmt":"2019-06-03T10:35:35","guid":{"rendered":"http:\/\/nowa.icrpolska.com\/?page_id=2430"},"modified":"2024-12-10T14:51:36","modified_gmt":"2024-12-10T13:51:36","slug":"iecex","status":"publish","type":"page","link":"https:\/\/icr.you2.pl\/kr\/iecex\/","title":{"rendered":"IECEx"},"content":{"rendered":"<div data-elementor-type=\"wp-page\" data-elementor-id=\"2430\" class=\"elementor elementor-2430\">\n\t\t\t\t\t\t<section class=\"elementor-section elementor-top-section elementor-element elementor-element-3b021474 elementor-section-boxed elementor-section-height-default elementor-section-height-default\" data-id=\"3b021474\" data-element_type=\"section\" data-e-type=\"section\">\n\t\t\t\t\t\t<div class=\"elementor-container elementor-column-gap-default\">\n\t\t\t\t\t<div class=\"elementor-column elementor-col-100 elementor-top-column elementor-element elementor-element-3647aceb\" data-id=\"3647aceb\" data-element_type=\"column\" data-e-type=\"column\">\n\t\t\t<div class=\"elementor-widget-wrap elementor-element-populated\">\n\t\t\t\t\t\t<div class=\"elementor-element elementor-element-35547234 elementor-widget elementor-widget-text-editor\" data-id=\"35547234\" data-element_type=\"widget\" data-e-type=\"widget\" data-widget_type=\"text-editor.default\">\n\t\t\t\t<div class=\"elementor-widget-container\">\n\t\t\t\t\t\t\t\t\t<p><img decoding=\"async\" class=\"wp-image-2883 alignleft\" src=\"http:\/\/icr.you2.pl\/wp-content\/uploads\/2024\/12\/IECEx.png\" alt=\"\" width=\"142\" height=\"119\" \/><\/p><p>\u00a0<\/p><p>\uc804 \uc138\uacc4 IECEx \uc2dc\uc2a4\ud15c\uc740 \ud3ed\ubc1c\uc131 \ub300\uae30\uc5d0\uc11c \uc0ac\uc6a9\ub418\ub294 \uc7a5\ube44 \ubc0f \uc11c\ube44\uc2a4(Ex \uc7a5\ube44\/\uc81c\ud488)\uc758 \uad6d\uc81c \uac70\ub798\ub97c \ucd09\uc9c4\ud558\ub294 \ub3d9\uc2dc\uc5d0 \ud544\uc694\ud55c \uc218\uc900\uc758 \uc548\uc804\uc131\uc744 \uc720\uc9c0\ud558\uae30 \uc704\ud574 \ub9cc\ub4e4\uc5b4\uc84c\uc2b5\ub2c8\ub2e4. \uc774 \uc2dc\uc2a4\ud15c\uc740 \ubb34\uc5c7\ubcf4\ub2e4\ub3c4 \ub2e4\uc74c\uc744 \uc81c\uacf5\ud569\ub2c8\ub2e4:<\/p><p>\u00a0<\/p><ul><li>\uc81c\uc870\uc5c5\uccb4\uc758 \ud14c\uc2a4\ud2b8 \ubc0f \uc778\uc99d \ube44\uc6a9 \uc808\uac10<\/li><li>\ucd9c\uc2dc \uc2dc\uac04 \ub2e8\ucd95<\/li><li>\uacf5\uac1c\uc801\uc73c\ub85c \uc774\uc6a9 \uac00\ub2a5\ud55c \ub2e8\uc77c \uad6d\uc81c Ex \uc81c\ud488 \ub370\uc774\ud130\ubca0\uc774\uc2a4\uc785\ub2c8\ub2e4;<\/li><li>\uc81c\uc870 \ubc0f \uc0ac\uc6a9\ucc98\uc5d0 \uad00\uacc4\uc5c6\uc774 \uc81c\ud488\uc758 \ud3c9\uac00 \ubc0f \uac80\uc99d\uc744 \uc704\ud55c \ud1b5\uc77c\ub41c \uae30\uc900\uc744 \uc81c\uacf5\ud569\ub2c8\ub2e4.<\/li><\/ul><p class=\"translation-block\">IECEx \uc870\uc9c1\uc758 \uc804\uccb4 \ud65c\ub3d9\uc5d0 \ub300\ud55c \uc790\uc138\ud55c \ub0b4\uc6a9\uc740 <a href=\"https:\/\/www.iecex.com\/\" target=\"_self\" rel=\"noopener noreferrer\">https:\/\/www.iecex.com\/<\/a>\uc5d0\uc11c \ud655\uc778\ud560 \uc218 \uc788\uc2b5\ub2c8\ub2e4.<\/p><p>Ex \uc7a5\ube44\ub294 \ud3ed\ubc1c\uc131 \ub300\uae30, \uc989 \uc778\ud654\uc131 \uc561\uccb4, \uc99d\uae30, \uac00\uc2a4 \ub610\ub294 \uba3c\uc9c0\uac00 \ud654\uc7ac\ub098 \ud3ed\ubc1c\uc744 \uc77c\uc73c\ud0a4\uae30\uc5d0 \ucda9\ubd84\ud55c \uc591\uc73c\ub85c \uc874\uc7ac\ud560 \uc218 \uc788\ub294 \uc9c0\uc5ed\/\uad6c\uc5ed\uc5d0\uc11c \uc791\ub3d9\ud558\ub3c4\ub85d \uc124\uacc4\ub418\uc5c8\uc2b5\ub2c8\ub2e4.<\/p><p>\uc624\ub298\ub0a0 \uc774\ub7ec\ud55c \uad6c\uc5ed\uc740 \ub9ce\uc740 \uc0b0\uc5c5\uc758 \uc0dd\uc0b0 \uc2dc\uc124\ubfd0\ub9cc \uc544\ub2c8\ub77c \uc11c\ube44\uc2a4 \ub610\ub294 \ubcf4\uad00 \uc2dc\uc124 \ub4f1\uc5d0\uc11c\ub3c4 \ucc3e\uc544\ubcfc \uc218 \uc788\uc2b5\ub2c8\ub2e4:<\/p><ul><li>\uad11\uc0b0 \ubc0f \uc11d\ud0c4 \uc6b4\uc1a1 \ubc0f \uc800\uc7a5 \uc2dc\uc124<\/li><li>\uc790\ub3d9\ucc28 \ub610\ub294 \ud56d\uacf5\uae30 \uae09\uc720\uc18c, \uc8fc\uc720\uc18c<\/li><li>\uc815\uc720 \uacf5\uc7a5, \uc11d\uc720 \ud50c\ub7ab\ud3fc \ubc0f \uac00\uacf5 \uacf5\uc7a5<\/li><li>\ud654\ud559 \ucc98\ub9ac \ud50c\ub79c\ud2b8<\/li><li>\uc81c\uc57d \ud50c\ub79c\ud2b8<\/li><li>\uc778\uc1c4 \uc0b0\uc5c5, \uc81c\uc9c0 \ubc0f \uc12c\uc720 \uc0dd\uc0b0<\/li><li>\ubcd1\uc6d0 \uc218\uc220\uc2e4<\/li><li>\ub2c8\uc2a4 \uce60 \ubc0f \ub3c4\uc7a5 \uc6cc\ud06c\uc0f5<\/li><li>\ubc14\uc774\uc624\ub9e4\uc2a4 \ucc98\ub9ac \ud50c\ub79c\ud2b8<\/li><li>\ud558\uc218 \ucc98\ub9ac\uc7a5<\/li><li>\uac00\uc2a4 \ud30c\uc774\ud504\ub77c\uc778 \ubc0f \uc720\ud1b5 \uc13c\ud130<\/li><li>\uace1\ubb3c \uac00\uacf5 \ubc0f \uc800\uc7a5 \uc2dc\uc124<\/li><li>\ubaa9\uacf5 \uc2dc\uc124<\/li><li>\uc124\ud0d5 \uc815\uc81c\uc18c<\/li><li>\uae08\uc18d \uc7ac\ub8cc, \ud2b9\ud788 \uc54c\ub8e8\ubbf8\ub284 \ucc98\ub9ac\ub97c \uc704\ud55c \uc6cc\ud06c\uc0f5<\/li><\/ul><p>ICR \ud3f4\ub780\ub4dc\ub294 IECEx \uc2dc\uc2a4\ud15c\uc5d0 \ub530\ub77c \uc804 \uc138\uacc4\uc801\uc73c\ub85c \ud3ed\ubc1c \uac00\ub2a5\uc131\uc774 \uc788\ub294 \ub300\uae30\uc5d0 \ub300\ud55c \uc81c\ud488\uc758 \ud14c\uc2a4\ud2b8, \uc0dd\uc0b0 \uc2dc\uc2a4\ud15c \ud3c9\uac00 \ubc0f \uc778\uc99d\uc744 \uc81c\uacf5\ud569\ub2c8\ub2e4.<\/p><p>\ub2f9\uc0ac\ub294 \uc720\ub7fd ATEX \uc9c0\uce68\uc5d0 \ub530\ub978 \ud65c\ub3d9\uacfc \ubcd1\ud589\ud558\uc5ec \uc0dd\uc0b0 \uc2dc\uc2a4\ud15c\uc5d0 \ub300\ud55c \ud14c\uc2a4\ud2b8 \ubc0f \ud3c9\uac00\ub97c \uc218\ud589\ud560 \uc218 \uc788\uc2b5\ub2c8\ub2e4.<\/p><p>CSA\ub294 \uc804\uae30 \ubc0f \ube44\uc804\uae30 \uc7a5\ube44\uc5d0 \uc0ac\uc6a9\ub418\ub294 \ub300\ubd80\ubd84\uc758 \ubc29\ud3ed \ubc29\ubc95\uc744 \ud3ec\uad04\ud558\ub294 \uad11\ubc94\uc704\ud55c \ud14c\uc2a4\ud2b8\ub97c \uc81c\uacf5\ud569\ub2c8\ub2e4.<\/p>\t\t\t\t\t\t\t\t<\/div>\n\t\t\t\t<\/div>\n\t\t\t\t\t<\/div>\n\t\t<\/div>\n\t\t\t\t\t<\/div>\n\t\t<\/section>\n\t\t\t\t<\/div>","protected":false},"excerpt":{"rendered":"<p>\u00a0 \uc804 \uc138\uacc4\uc801\uc778 IECEx \uc2dc\uc2a4\ud15c\uc740 \ud3ed\ubc1c\uc131 \ud658\uacbd\uc5d0\uc11c \uc0ac\uc6a9\ub418\ub294 \uc7a5\ube44 \ubc0f \uc11c\ube44\uc2a4(Ex \uc7a5\ube44\/\uc81c\ud488)\uc758 \uad6d\uc81c \uac70\ub798\ub97c \ucd09\uc9c4\ud558\ub294 \ub3d9\uc2dc\uc5d0 \ud544\uc694\ud55c \uc548\uc804 \uc218\uc900\uc744 \uc720\uc9c0\ud558\uae30 \uc704\ud574 \ub9cc\ub4e4\uc5b4\uc84c\uc2b5\ub2c8\ub2e4. \uc774 \uc2dc\uc2a4\ud15c\uc740 \ubb34\uc5c7\ubcf4\ub2e4\ub3c4 \uc81c\uc870\uc5c5\uccb4\uc758 \ud14c\uc2a4\ud2b8 \ubc0f \uc778\uc99d \ube44\uc6a9 \uc808\uac10, \uc2dc\uc7a5 \ucd9c\uc2dc \uc2dc\uac04 \ub2e8\ucd95, \ubb34\ub8cc\ub85c \uc81c\uacf5\ub418\ub294 \ub2e8\uc77c Ex \uc81c\ud488 \uad6d\uc81c \ub370\uc774\ud130\ubca0\uc774\uc2a4, \ud1b5\uc77c\ub41c \ud3c9\uac00 \uae30\uc900 \ubc0f... \ub4f1\uc758 \uc774\uc810\uc744 \uc81c\uacf5\ud569\ub2c8\ub2e4.&nbsp;<a href=\"https:\/\/icr.you2.pl\/kr\/iecex\/\" rel=\"bookmark\">\uc790\uc138\ud788 \ubcf4\uae30\"<span class=\"screen-reader-text\">IECEx<\/span><\/a><\/p>","protected":false},"author":1,"featured_media":0,"parent":0,"menu_order":0,"comment_status":"closed","ping_status":"closed","template":"","meta":{"neve_meta_sidebar":"","neve_meta_container":"","neve_meta_enable_content_width":"off","neve_meta_content_width":70,"neve_meta_title_alignment":"","neve_meta_author_avatar":"","neve_post_elements_order":"","neve_meta_disable_header":"","neve_meta_disable_footer":"","neve_meta_disable_title":"","footnotes":""},"class_list":["post-2430","page","type-page","status-publish","hentry"],"yoast_head":"<!-- This site is optimized with the Yoast SEO plugin v26.8 - https:\/\/yoast.com\/product\/yoast-seo-wordpress\/ -->\n<title>IECEx - ICR POLSKA - badania i certyfikacja<\/title>\n<meta name=\"robots\" content=\"index, follow, max-snippet:-1, max-image-preview:large, max-video-preview:-1\" \/>\n<link rel=\"canonical\" href=\"https:\/\/icr.you2.pl\/kr\/iecex\/\" \/>\n<meta property=\"og:locale\" content=\"ko_KR\" \/>\n<meta property=\"og:type\" content=\"article\" \/>\n<meta property=\"og:title\" content=\"IECEx - ICR POLSKA - badania i certyfikacja\" \/>\n<meta property=\"og:description\" content=\"\u00a0 Og\u00f3lno\u015bwiatowy system IECEx powsta\u0142 w celu u\u0142atwienie mi\u0119dzynarodowego handlu sprz\u0119tem i us\u0142ugami do u\u017cytku w atmosferach wybuchowych (urz\u0105dzenia\/wyroby Ex), przy zachowaniu wymaganego poziomu bezpiecze\u0144stwa. System ten zapewnia m.in.: \u00a0 ograniczenie koszt\u00f3w bada\u0144 i certyfikacji dla producenta; skr\u00f3cenie czasu procesu wprowadzania wyrobu na rynek; jedn\u0105, og\u00f3lnodost\u0119pn\u0105 mi\u0119dzynarodow\u0105 baz\u0119 danych wyrob\u00f3w Ex; jednolite kryteria oceny i&hellip;&nbsp;\ub354 \ubcf4\uae30 &raquo;IECEx\" \/>\n<meta property=\"og:url\" content=\"https:\/\/icr.you2.pl\/kr\/iecex\/\" \/>\n<meta property=\"og:site_name\" content=\"ICR POLSKA - badania i certyfikacja\" \/>\n<meta property=\"article:modified_time\" content=\"2024-12-10T13:51:36+00:00\" \/>\n<meta property=\"og:image\" content=\"http:\/\/icr.you2.pl\/wp-content\/uploads\/2024\/12\/IECEx.png\" \/>\n<meta name=\"twitter:card\" content=\"summary_large_image\" \/>\n<meta name=\"twitter:label1\" content=\"\uc608\uc0c1 \ub418\ub294 \ud310\ub3c5 \uc2dc\uac04\" \/>\n\t<meta name=\"twitter:data1\" content=\"2\ubd84\" \/>\n<script type=\"application\/ld+json\" class=\"yoast-schema-graph\">{\"@context\":\"https:\/\/schema.org\",\"@graph\":[{\"@type\":\"WebPage\",\"@id\":\"https:\/\/icr.you2.pl\/iecex\/\",\"url\":\"https:\/\/icr.you2.pl\/iecex\/\",\"name\":\"IECEx - ICR POLSKA - badania i certyfikacja\",\"isPartOf\":{\"@id\":\"https:\/\/icr.you2.pl\/#website\"},\"primaryImageOfPage\":{\"@id\":\"https:\/\/icr.you2.pl\/iecex\/#primaryimage\"},\"image\":{\"@id\":\"https:\/\/icr.you2.pl\/iecex\/#primaryimage\"},\"thumbnailUrl\":\"http:\/\/icr.you2.pl\/wp-content\/uploads\/2024\/12\/IECEx.png\",\"datePublished\":\"2019-06-03T10:35:35+00:00\",\"dateModified\":\"2024-12-10T13:51:36+00:00\",\"breadcrumb\":{\"@id\":\"https:\/\/icr.you2.pl\/iecex\/#breadcrumb\"},\"inLanguage\":\"ko-KR\",\"potentialAction\":[{\"@type\":\"ReadAction\",\"target\":[\"https:\/\/icr.you2.pl\/iecex\/\"]}]},{\"@type\":\"ImageObject\",\"inLanguage\":\"ko-KR\",\"@id\":\"https:\/\/icr.you2.pl\/iecex\/#primaryimage\",\"url\":\"http:\/\/icr.you2.pl\/wp-content\/uploads\/2024\/12\/IECEx.png\",\"contentUrl\":\"http:\/\/icr.you2.pl\/wp-content\/uploads\/2024\/12\/IECEx.png\"},{\"@type\":\"BreadcrumbList\",\"@id\":\"https:\/\/icr.you2.pl\/iecex\/#breadcrumb\",\"itemListElement\":[{\"@type\":\"ListItem\",\"position\":1,\"name\":\"Strona g\u0142\u00f3wna\",\"item\":\"https:\/\/icr.you2.pl\/\"},{\"@type\":\"ListItem\",\"position\":2,\"name\":\"IECEx\"}]},{\"@type\":\"WebSite\",\"@id\":\"https:\/\/icr.you2.pl\/#website\",\"url\":\"https:\/\/icr.you2.pl\/\",\"name\":\"ICR POLSKA - badania i certyfikacja\",\"description\":\"CE certification, CE certificate, ISO certificate, RED testing, product testing and certification, electrical product testing, medical device testing, ATEX, IECEx, FCC, product certification, EMC testing, machinery certification, CE machines, training, electronic product testing, testing 2014\/53\/EU, drone certification, ISO 13485 certificate, ISO 9001 certificate, NC RfG\",\"publisher\":{\"@id\":\"https:\/\/icr.you2.pl\/#\/schema\/person\/944799c9e2f4a94662e3fcb3b1544baf\"},\"potentialAction\":[{\"@type\":\"SearchAction\",\"target\":{\"@type\":\"EntryPoint\",\"urlTemplate\":\"https:\/\/icr.you2.pl\/?s={search_term_string}\"},\"query-input\":{\"@type\":\"PropertyValueSpecification\",\"valueRequired\":true,\"valueName\":\"search_term_string\"}}],\"inLanguage\":\"ko-KR\"},{\"@type\":[\"Person\",\"Organization\"],\"@id\":\"https:\/\/icr.you2.pl\/#\/schema\/person\/944799c9e2f4a94662e3fcb3b1544baf\",\"name\":\"admin\",\"image\":{\"@type\":\"ImageObject\",\"inLanguage\":\"ko-KR\",\"@id\":\"https:\/\/icr.you2.pl\/#\/schema\/person\/image\/\",\"url\":\"https:\/\/icr.you2.pl\/wp-content\/uploads\/2019\/05\/cropped-logo-icr.32f04ad5-1-1.png\",\"contentUrl\":\"https:\/\/icr.you2.pl\/wp-content\/uploads\/2019\/05\/cropped-logo-icr.32f04ad5-1-1.png\",\"width\":400,\"height\":148,\"caption\":\"admin\"},\"logo\":{\"@id\":\"https:\/\/icr.you2.pl\/#\/schema\/person\/image\/\"}}]}<\/script>\n<!-- \/ Yoast SEO plugin. -->","yoast_head_json":{"title":"IECEx - ICR \ud3f4\ub780\ub4dc - \ud14c\uc2a4\ud2b8 \ubc0f \uc778\uc99d","robots":{"index":"index","follow":"follow","max-snippet":"max-snippet:-1","max-image-preview":"max-image-preview:large","max-video-preview":"max-video-preview:-1"},"canonical":"https:\/\/icr.you2.pl\/kr\/iecex\/","og_locale":"ko_KR","og_type":"article","og_title":"IECEx - ICR POLSKA - badania i certyfikacja","og_description":"\u00a0 Og\u00f3lno\u015bwiatowy system IECEx powsta\u0142 w celu u\u0142atwienie mi\u0119dzynarodowego handlu sprz\u0119tem i us\u0142ugami do u\u017cytku w atmosferach wybuchowych (urz\u0105dzenia\/wyroby Ex), przy zachowaniu wymaganego poziomu bezpiecze\u0144stwa. System ten zapewnia m.in.: \u00a0 ograniczenie koszt\u00f3w bada\u0144 i certyfikacji dla producenta; skr\u00f3cenie czasu procesu wprowadzania wyrobu na rynek; jedn\u0105, og\u00f3lnodost\u0119pn\u0105 mi\u0119dzynarodow\u0105 baz\u0119 danych wyrob\u00f3w Ex; jednolite kryteria oceny i&hellip;&nbsp;\ub354 \ubcf4\uae30 &raquo;IECEx","og_url":"https:\/\/icr.you2.pl\/kr\/iecex\/","og_site_name":"ICR POLSKA - badania i certyfikacja","article_modified_time":"2024-12-10T13:51:36+00:00","og_image":[{"url":"http:\/\/icr.you2.pl\/wp-content\/uploads\/2024\/12\/IECEx.png","type":"","width":"","height":""}],"twitter_card":"summary_large_image","twitter_misc":{"\uc608\uc0c1 \ub418\ub294 \ud310\ub3c5 \uc2dc\uac04":"2\ubd84"},"schema":{"@context":"https:\/\/schema.org","@graph":[{"@type":"WebPage","@id":"https:\/\/icr.you2.pl\/iecex\/","url":"https:\/\/icr.you2.pl\/iecex\/","name":"IECEx - ICR \ud3f4\ub780\ub4dc - \ud14c\uc2a4\ud2b8 \ubc0f \uc778\uc99d","isPartOf":{"@id":"https:\/\/icr.you2.pl\/#website"},"primaryImageOfPage":{"@id":"https:\/\/icr.you2.pl\/iecex\/#primaryimage"},"image":{"@id":"https:\/\/icr.you2.pl\/iecex\/#primaryimage"},"thumbnailUrl":"http:\/\/icr.you2.pl\/wp-content\/uploads\/2024\/12\/IECEx.png","datePublished":"2019-06-03T10:35:35+00:00","dateModified":"2024-12-10T13:51:36+00:00","breadcrumb":{"@id":"https:\/\/icr.you2.pl\/iecex\/#breadcrumb"},"inLanguage":"ko-KR","potentialAction":[{"@type":"ReadAction","target":["https:\/\/icr.you2.pl\/iecex\/"]}]},{"@type":"ImageObject","inLanguage":"ko-KR","@id":"https:\/\/icr.you2.pl\/iecex\/#primaryimage","url":"http:\/\/icr.you2.pl\/wp-content\/uploads\/2024\/12\/IECEx.png","contentUrl":"http:\/\/icr.you2.pl\/wp-content\/uploads\/2024\/12\/IECEx.png"},{"@type":"BreadcrumbList","@id":"https:\/\/icr.you2.pl\/iecex\/#breadcrumb","itemListElement":[{"@type":"ListItem","position":1,"name":"Strona g\u0142\u00f3wna","item":"https:\/\/icr.you2.pl\/"},{"@type":"ListItem","position":2,"name":"IECEx"}]},{"@type":"WebSite","@id":"https:\/\/icr.you2.pl\/#website","url":"https:\/\/icr.you2.pl\/","name":"ICR \ud3f4\ub780\ub4dc - \ud14c\uc2a4\ud2b8 \ubc0f \uc778\uc99d","description":"CE \uc778\uc99d, CE \uc778\uc99d\uc11c, ISO \uc778\uc99d\uc11c, RED \ud14c\uc2a4\ud2b8, \uc81c\ud488 \ud14c\uc2a4\ud2b8 \ubc0f \uc778\uc99d, \uc804\uae30 \uc81c\ud488 \ud14c\uc2a4\ud2b8, \uc758\ub8cc\uae30\uae30 \ud14c\uc2a4\ud2b8, ATEX, IECEx, FCC, \uc81c\ud488 \uc778\uc99d, EMC \ud14c\uc2a4\ud2b8, \uae30\uacc4 \uc778\uc99d, CE \uae30\uacc4, \uad50\uc721, \uc804\uc790 \uc81c\ud488 \ud14c\uc2a4\ud2b8, \ud14c\uc2a4\ud2b8 2014\/53\/EU, \ub4dc\ub860 \uc778\uc99d, ISO 13485 \uc778\uc99d\uc11c, ISO 9001 \uc778\uc99d\uc11c, NC RfG","publisher":{"@id":"https:\/\/icr.you2.pl\/#\/schema\/person\/944799c9e2f4a94662e3fcb3b1544baf"},"potentialAction":[{"@type":"SearchAction","target":{"@type":"EntryPoint","urlTemplate":"https:\/\/icr.you2.pl\/?s={search_term_string}"},"query-input":{"@type":"PropertyValueSpecification","valueRequired":true,"valueName":"search_term_string"}}],"inLanguage":"ko-KR"},{"@type":["Person","Organization"],"@id":"https:\/\/icr.you2.pl\/#\/schema\/person\/944799c9e2f4a94662e3fcb3b1544baf","name":"\uad00\ub9ac\uc790","image":{"@type":"ImageObject","inLanguage":"ko-KR","@id":"https:\/\/icr.you2.pl\/#\/schema\/person\/image\/","url":"https:\/\/icr.you2.pl\/wp-content\/uploads\/2019\/05\/cropped-logo-icr.32f04ad5-1-1.png","contentUrl":"https:\/\/icr.you2.pl\/wp-content\/uploads\/2019\/05\/cropped-logo-icr.32f04ad5-1-1.png","width":400,"height":148,"caption":"admin"},"logo":{"@id":"https:\/\/icr.you2.pl\/#\/schema\/person\/image\/"}}]}},"_links":{"self":[{"href":"https:\/\/icr.you2.pl\/kr\/wp-json\/wp\/v2\/pages\/2430","targetHints":{"allow":["GET"]}}],"collection":[{"href":"https:\/\/icr.you2.pl\/kr\/wp-json\/wp\/v2\/pages"}],"about":[{"href":"https:\/\/icr.you2.pl\/kr\/wp-json\/wp\/v2\/types\/page"}],"author":[{"embeddable":true,"href":"https:\/\/icr.you2.pl\/kr\/wp-json\/wp\/v2\/users\/1"}],"replies":[{"embeddable":true,"href":"https:\/\/icr.you2.pl\/kr\/wp-json\/wp\/v2\/comments?post=2430"}],"version-history":[{"count":0,"href":"https:\/\/icr.you2.pl\/kr\/wp-json\/wp\/v2\/pages\/2430\/revisions"}],"wp:attachment":[{"href":"https:\/\/icr.you2.pl\/kr\/wp-json\/wp\/v2\/media?parent=2430"}],"curies":[{"name":"wp","href":"https:\/\/api.w.org\/{rel}","templated":true}]}}