{"id":3437,"date":"2019-09-03T13:20:11","date_gmt":"2019-09-03T11:20:11","guid":{"rendered":"http:\/\/icrpolska.com\/?page_id=3437"},"modified":"2022-07-20T15:02:09","modified_gmt":"2022-07-20T13:02:09","slug":"energystar","status":"publish","type":"page","link":"https:\/\/icr.you2.pl\/kr\/energystar\/","title":{"rendered":"\uc5d0\ub108\uc9c0 \uc2a4\ud0c0"},"content":{"rendered":"<p><img decoding=\"async\" class=\"alignleft\" src=\"http:\/\/icr.you2.pl\/wp-content\/uploads\/2019\/09\/EnergyStar.jpg\" alt=\"\uc5d0\ub108\uc9c0 \uc2a4\ud0c0\" width=\"156\" height=\"158\" \/>\uc5d0\ub108\uc9c0 \uc2a4\ud0c0\ub294 \uc5d0\ub108\uc9c0 \ud6a8\uc728\uc774 \ub192\uc740 \uc81c\ud488\uc744 \uc7a5\ub824\ud558\uace0 \uc628\uc2e4\uac00\uc2a4 \ubc30\ucd9c\uc744 \uc904\uc774\uae30 \uc704\ud574 \uace0\uc548\ub41c \uad6d\uc81c \ud504\ub85c\uadf8\ub7a8\uc785\ub2c8\ub2e4. \uc774 \ud504\ub85c\uadf8\ub7a8\uc758 \uc694\uad6c \uc0ac\ud56d\uc744 \ucda9\uc871\ud558\ub294 \uc81c\ud488\uc5d0\ub294 \ud2b9\uc218 \ub77c\ubca8\uc774 \ubd80\ucc29\ub418\uc5b4 \uc788\uc2b5\ub2c8\ub2e4.<\/p>\n<p>\uc5d0\ub108\uc9c0 \uc2a4\ud0c0\ub294 1992\ub144\uc5d0 \ub450 \uae30\uad00\uc5d0 \uc758\ud574 \uc2dc\uc791\ub418\uc5c8\uc2b5\ub2c8\ub2e4: \ubbf8\uad6d \ud658\uacbd \ubcf4\ud638\uad6d(EPA \ub610\ub294 USEPA)\uacfc \ubbf8\uad6d \uc5d0\ub108\uc9c0\ubd80(DOE)\uc785\ub2c8\ub2e4.<\/p>\n<p>\ud604\uc7ac - 2009\ub144 7\uc6d4 1\uc77c\ubd80\ud130 - \uc5d0\ub108\uc9c0 \uc2a4\ud0c0 5.0 \ud45c\uc900\uc774 \uc801\uc6a9\ub429\ub2c8\ub2e4.<\/p>\n<p>\uc5d0\ub108\uc9c0 \ud6a8\uc728\uc774 \ub192\uc740 \uc81c\ud488\uc744 \uc2dd\ubcc4\ud558\uace0 \ud64d\ubcf4\ud558\uae30 \uc704\ud55c \uc790\ubc1c\uc801 \ub77c\ubca8\ub9c1 \ud504\ub85c\uadf8\ub7a8\uc73c\ub85c \uc2dc\uc791\ub41c \uc5d0\ub108\uc9c0 \uc2a4\ud0c0\ub294 \ucef4\ud4e8\ud130\uc640 \ud504\ub9b0\ud130\uc6a9 \ub77c\ubca8\ub85c \uc2dc\uc791\ub418\uc5c8\uc2b5\ub2c8\ub2e4. 1995\ub144. \uac00\uc815\uc6a9 \ub09c\ubc29 \ubc0f \ub0c9\ubc29 \uc2dc\uc2a4\ud15c\uc5d0 \ub300\ud55c \ub77c\ubca8\uc744 \ub3c4\uc785\ud558\uba74\uc11c \ud504\ub85c\uadf8\ub7a8\uc774 \ud06c\uac8c \ud655\uc7a5\ub418\uc5c8\uc2b5\ub2c8\ub2e4.<\/p>\n<p>\uc5d0\ub108\uc9c0 \uc2a4\ud0c0 \ud504\ub85c\uadf8\ub7a8\uc758 \uc694\uc18c\ub294 \uc720\ub7fd \ub2e8\uc77c \uc2dc\uc7a5\ubfd0\ub9cc \uc544\ub2c8\ub77c \uce90\ub098\ub2e4, \ubbf8\uad6d, \ud638\uc8fc, \uc77c\ubcf8 \ubc0f \ub300\ub9cc\uc5d0\uc11c\ub3c4 \ucc44\ud0dd\ub418\uc5c8\uc2b5\ub2c8\ub2e4.<\/p>\n<p>\uac1c\ubcc4 \uc81c\ud488\uc5d0 \ub300\ud55c \uc5d0\ub108\uc9c0 \uc2a4\ud0c0 \uc0ac\uc591\uc740 EPA\uc5d0\uc11c \uc124\uc815\ud558\uba70 \ub2e4\uc74c\uc744 \ud3ec\ud568\ud569\ub2c8\ub2e4:<\/p>\n<ul>\n<li style=\"list-style-type: none;\">\n<ul>\n<li>\ucef4\ud4e8\ud130<\/li>\n<li>\uc11c\ubc84<\/li>\n<li>\uc8fc\ubcc0 \uc7a5\ube44<\/li>\n<li>\uc81c\ud488 \ubc0f \ub09c\ubc29, \ub0c9\ubc29 \ubc0f \uacf5\uc870 \uc2dc\uc2a4\ud15c<\/li>\n<li>\uac00\uc804 \uc81c\ud488<\/li>\n<li>\uc601\uc0c1 \uc7a5\ube44(TV, \ud504\ub85c\uc81d\ud130)<\/li>\n<li>\uc870\uba85<\/li>\n<li>\uc0c8 \uc9d1<\/li>\n<\/ul>\n<\/li>\n<\/ul>\n<p>EPA\ub294 \ub9e4\ub144 \uc804 \uc138\uacc4\uc5d0\uc11c \uc5d0\ub108\uc9c0 \ud6a8\uc728\uc131 \ud3c9\uac00\ub97c \uc2e4\uc2dc\ud569\ub2c8\ub2e4:<br \/>\n- \uac74\ubb3c<br \/>\n- \uc0b0\uc5c5 \uc2dc\uc124<\/p>\n<p>\ubcf4\uace0\uc11c\ub294 \uc5d0\ub108\uc9c0 \uc2a4\ud0c0 \uc6f9\uc0ac\uc774\ud2b8\uc5d0\uc11c \ud655\uc778\ud560 \uc218 \uc788\uc2b5\ub2c8\ub2e4.<\/p>\n<p>ICR Polska\ub294 \uc8fc\ub85c \ud14c\uc2a4\ud2b8 \ubc0f \uc778\uc99d\uacfc \uac19\uc740 \uc5d0\ub108\uc9c0 \uc2a4\ud0c0 \uc0ac\uc591\uc744 \ucda9\uc871\ud558\ub294 \uc81c\ud488\uc744 \uc900\ube44\ud558\uae30 \uc704\ud55c \ud3ec\uad04\uc801\uc778 \uc9c0\uc6d0\uc744 \uc81c\uacf5\ud569\ub2c8\ub2e4.<\/p>\n<p><strong>\uc5d0\ub108\uc9c0 \uc2a4\ud0c0\ub294 \uc5d0\ub108\uc9c0 \ud6a8\uc728\uc744 \uc704\ud55c \uac04\ub2e8\ud55c \uc120\ud0dd\uc785\ub2c8\ub2e4.<\/strong><\/p>","protected":false},"excerpt":{"rendered":"<p>\uc5d0\ub108\uc9c0 \uc2a4\ud0c0\ub294 \uc5d0\ub108\uc9c0 \ud6a8\uc728\uc774 \ub192\uc740 \uc81c\ud488\uc744 \uc7a5\ub824\ud558\uace0 \uc628\uc2e4\uac00\uc2a4 \ubc30\ucd9c\uc744 \uc904\uc774\uae30 \uc704\ud574 \uace0\uc548\ub41c \uad6d\uc81c \ud504\ub85c\uadf8\ub7a8\uc785\ub2c8\ub2e4. \ud504\ub85c\uadf8\ub7a8 \uc694\uac74\uc744 \ucda9\uc871\ud558\ub294 \uc81c\ud488\uc5d0\ub294 \ud2b9\ubcc4 \ub77c\ubca8\uc774 \ubd80\ucc29\ub418\uc5b4 \uc788\uc2b5\ub2c8\ub2e4. \uc5d0\ub108\uc9c0 \uc2a4\ud0c0\ub294 1992\ub144 \ub450 \uae30\uad00\uc5d0 \uc758\ud574 \uc2dc\uc791\ub418\uc5c8\uc2b5\ub2c8\ub2e4: \ubbf8\uad6d \ud658\uacbd \ubcf4\ud638\uad6d(EPA \ub610\ub294 USEPA)\uacfc \ubbf8\uad6d \uc5d0\ub108\uc9c0\ubd80(\ubbf8\uad6d \uc5d0\ub108\uc9c0\ubd80)\uc785\ub2c8\ub2e4.&nbsp;<a href=\"https:\/\/icr.you2.pl\/kr\/energystar\/\" rel=\"bookmark\">\uc790\uc138\ud788 \ubcf4\uae30\"<span class=\"screen-reader-text\">\uc5d0\ub108\uc9c0 \uc2a4\ud0c0<\/span><\/a><\/p>","protected":false},"author":2,"featured_media":0,"parent":0,"menu_order":0,"comment_status":"closed","ping_status":"closed","template":"","meta":{"neve_meta_sidebar":"","neve_meta_container":"","neve_meta_enable_content_width":"off","neve_meta_content_width":70,"neve_meta_title_alignment":"","neve_meta_author_avatar":"","neve_post_elements_order":"","neve_meta_disable_header":"","neve_meta_disable_footer":"","neve_meta_disable_title":"","footnotes":""},"class_list":["post-3437","page","type-page","status-publish","hentry"],"yoast_head":"<!-- This site is optimized with the Yoast SEO plugin v26.8 - https:\/\/yoast.com\/product\/yoast-seo-wordpress\/ -->\n<title>EnergyStar - ICR POLSKA - badania i certyfikacja<\/title>\n<meta name=\"robots\" content=\"index, follow, max-snippet:-1, max-image-preview:large, max-video-preview:-1\" \/>\n<link rel=\"canonical\" href=\"https:\/\/icr.you2.pl\/kr\/energystar\/\" \/>\n<meta property=\"og:locale\" content=\"ko_KR\" \/>\n<meta property=\"og:type\" content=\"article\" \/>\n<meta property=\"og:title\" content=\"EnergyStar - ICR POLSKA - badania i certyfikacja\" \/>\n<meta property=\"og:description\" content=\"Energy Star to mi\u0119dzynarodowy program maj\u0105cy na celu promowanie produkt\u00f3w energooszcz\u0119dnych i zmniejszenie wydzielania gaz\u00f3w b\u0119d\u0105cych przyczyn\u0105 efektu cieplarnianego. Wyroby spe\u0142niaj\u0105ce wymagania programu s\u0105 oznakowane specjaln\u0105 etykiet\u0105. Energy Star zainicjowa\u0142y w 1992 roku dwie instytucje: Ameryka\u0144ska Agencja Ochrony \u015arodowiska (Environmental Protection Agency &#8211; EPA lub USEPA) oraz Departament Energii Stan\u00f3w Zjednoczonych (United States Department of&hellip;&nbsp;\ub354 \ubcf4\uae30 &raquo;EnergyStar\" \/>\n<meta property=\"og:url\" content=\"https:\/\/icr.you2.pl\/kr\/energystar\/\" \/>\n<meta property=\"og:site_name\" content=\"ICR POLSKA - badania i certyfikacja\" \/>\n<meta property=\"article:modified_time\" content=\"2022-07-20T13:02:09+00:00\" \/>\n<meta property=\"og:image\" content=\"http:\/\/icr.you2.pl\/wp-content\/uploads\/2019\/09\/EnergyStar.jpg\" \/>\n<meta name=\"twitter:card\" content=\"summary_large_image\" \/>\n<meta name=\"twitter:label1\" content=\"\uc608\uc0c1 \ub418\ub294 \ud310\ub3c5 \uc2dc\uac04\" \/>\n\t<meta name=\"twitter:data1\" content=\"2\ubd84\" \/>\n<script type=\"application\/ld+json\" class=\"yoast-schema-graph\">{\"@context\":\"https:\/\/schema.org\",\"@graph\":[{\"@type\":\"WebPage\",\"@id\":\"https:\/\/icr.you2.pl\/energystar\/\",\"url\":\"https:\/\/icr.you2.pl\/energystar\/\",\"name\":\"EnergyStar - ICR POLSKA - badania i certyfikacja\",\"isPartOf\":{\"@id\":\"https:\/\/icr.you2.pl\/#website\"},\"primaryImageOfPage\":{\"@id\":\"https:\/\/icr.you2.pl\/energystar\/#primaryimage\"},\"image\":{\"@id\":\"https:\/\/icr.you2.pl\/energystar\/#primaryimage\"},\"thumbnailUrl\":\"http:\/\/icr.you2.pl\/wp-content\/uploads\/2019\/09\/EnergyStar.jpg\",\"datePublished\":\"2019-09-03T11:20:11+00:00\",\"dateModified\":\"2022-07-20T13:02:09+00:00\",\"breadcrumb\":{\"@id\":\"https:\/\/icr.you2.pl\/energystar\/#breadcrumb\"},\"inLanguage\":\"ko-KR\",\"potentialAction\":[{\"@type\":\"ReadAction\",\"target\":[\"https:\/\/icr.you2.pl\/energystar\/\"]}]},{\"@type\":\"ImageObject\",\"inLanguage\":\"ko-KR\",\"@id\":\"https:\/\/icr.you2.pl\/energystar\/#primaryimage\",\"url\":\"http:\/\/icr.you2.pl\/wp-content\/uploads\/2019\/09\/EnergyStar.jpg\",\"contentUrl\":\"http:\/\/icr.you2.pl\/wp-content\/uploads\/2019\/09\/EnergyStar.jpg\"},{\"@type\":\"BreadcrumbList\",\"@id\":\"https:\/\/icr.you2.pl\/energystar\/#breadcrumb\",\"itemListElement\":[{\"@type\":\"ListItem\",\"position\":1,\"name\":\"Strona g\u0142\u00f3wna\",\"item\":\"https:\/\/icr.you2.pl\/\"},{\"@type\":\"ListItem\",\"position\":2,\"name\":\"EnergyStar\"}]},{\"@type\":\"WebSite\",\"@id\":\"https:\/\/icr.you2.pl\/#website\",\"url\":\"https:\/\/icr.you2.pl\/\",\"name\":\"ICR POLSKA - badania i certyfikacja\",\"description\":\"CE certification, CE certificate, ISO certificate, RED testing, product testing and certification, electrical product testing, medical device testing, ATEX, IECEx, FCC, product certification, EMC testing, machinery certification, CE machines, training, electronic product testing, testing 2014\/53\/EU, drone certification, ISO 13485 certificate, ISO 9001 certificate, NC RfG\",\"publisher\":{\"@id\":\"https:\/\/icr.you2.pl\/#\/schema\/person\/944799c9e2f4a94662e3fcb3b1544baf\"},\"potentialAction\":[{\"@type\":\"SearchAction\",\"target\":{\"@type\":\"EntryPoint\",\"urlTemplate\":\"https:\/\/icr.you2.pl\/?s={search_term_string}\"},\"query-input\":{\"@type\":\"PropertyValueSpecification\",\"valueRequired\":true,\"valueName\":\"search_term_string\"}}],\"inLanguage\":\"ko-KR\"},{\"@type\":[\"Person\",\"Organization\"],\"@id\":\"https:\/\/icr.you2.pl\/#\/schema\/person\/944799c9e2f4a94662e3fcb3b1544baf\",\"name\":\"admin\",\"image\":{\"@type\":\"ImageObject\",\"inLanguage\":\"ko-KR\",\"@id\":\"https:\/\/icr.you2.pl\/#\/schema\/person\/image\/\",\"url\":\"https:\/\/icr.you2.pl\/wp-content\/uploads\/2019\/05\/cropped-logo-icr.32f04ad5-1-1.png\",\"contentUrl\":\"https:\/\/icr.you2.pl\/wp-content\/uploads\/2019\/05\/cropped-logo-icr.32f04ad5-1-1.png\",\"width\":400,\"height\":148,\"caption\":\"admin\"},\"logo\":{\"@id\":\"https:\/\/icr.you2.pl\/#\/schema\/person\/image\/\"}}]}<\/script>\n<!-- \/ Yoast SEO plugin. -->","yoast_head_json":{"title":"\uc5d0\ub108\uc9c0 \uc2a4\ud0c0 - ICR \ud3f4\ub780\ub4dc - \ud14c\uc2a4\ud2b8 \ubc0f \uc778\uc99d","robots":{"index":"index","follow":"follow","max-snippet":"max-snippet:-1","max-image-preview":"max-image-preview:large","max-video-preview":"max-video-preview:-1"},"canonical":"https:\/\/icr.you2.pl\/kr\/energystar\/","og_locale":"ko_KR","og_type":"article","og_title":"EnergyStar - ICR POLSKA - badania i certyfikacja","og_description":"Energy Star to mi\u0119dzynarodowy program maj\u0105cy na celu promowanie produkt\u00f3w energooszcz\u0119dnych i zmniejszenie wydzielania gaz\u00f3w b\u0119d\u0105cych przyczyn\u0105 efektu cieplarnianego. Wyroby spe\u0142niaj\u0105ce wymagania programu s\u0105 oznakowane specjaln\u0105 etykiet\u0105. Energy Star zainicjowa\u0142y w 1992 roku dwie instytucje: Ameryka\u0144ska Agencja Ochrony \u015arodowiska (Environmental Protection Agency &#8211; EPA lub USEPA) oraz Departament Energii Stan\u00f3w Zjednoczonych (United States Department of&hellip;&nbsp;\ub354 \ubcf4\uae30 &raquo;EnergyStar","og_url":"https:\/\/icr.you2.pl\/kr\/energystar\/","og_site_name":"ICR POLSKA - badania i certyfikacja","article_modified_time":"2022-07-20T13:02:09+00:00","og_image":[{"url":"http:\/\/icr.you2.pl\/wp-content\/uploads\/2019\/09\/EnergyStar.jpg","type":"","width":"","height":""}],"twitter_card":"summary_large_image","twitter_misc":{"\uc608\uc0c1 \ub418\ub294 \ud310\ub3c5 \uc2dc\uac04":"2\ubd84"},"schema":{"@context":"https:\/\/schema.org","@graph":[{"@type":"WebPage","@id":"https:\/\/icr.you2.pl\/energystar\/","url":"https:\/\/icr.you2.pl\/energystar\/","name":"\uc5d0\ub108\uc9c0 \uc2a4\ud0c0 - ICR \ud3f4\ub780\ub4dc - \ud14c\uc2a4\ud2b8 \ubc0f \uc778\uc99d","isPartOf":{"@id":"https:\/\/icr.you2.pl\/#website"},"primaryImageOfPage":{"@id":"https:\/\/icr.you2.pl\/energystar\/#primaryimage"},"image":{"@id":"https:\/\/icr.you2.pl\/energystar\/#primaryimage"},"thumbnailUrl":"http:\/\/icr.you2.pl\/wp-content\/uploads\/2019\/09\/EnergyStar.jpg","datePublished":"2019-09-03T11:20:11+00:00","dateModified":"2022-07-20T13:02:09+00:00","breadcrumb":{"@id":"https:\/\/icr.you2.pl\/energystar\/#breadcrumb"},"inLanguage":"ko-KR","potentialAction":[{"@type":"ReadAction","target":["https:\/\/icr.you2.pl\/energystar\/"]}]},{"@type":"ImageObject","inLanguage":"ko-KR","@id":"https:\/\/icr.you2.pl\/energystar\/#primaryimage","url":"http:\/\/icr.you2.pl\/wp-content\/uploads\/2019\/09\/EnergyStar.jpg","contentUrl":"http:\/\/icr.you2.pl\/wp-content\/uploads\/2019\/09\/EnergyStar.jpg"},{"@type":"BreadcrumbList","@id":"https:\/\/icr.you2.pl\/energystar\/#breadcrumb","itemListElement":[{"@type":"ListItem","position":1,"name":"Strona g\u0142\u00f3wna","item":"https:\/\/icr.you2.pl\/"},{"@type":"ListItem","position":2,"name":"EnergyStar"}]},{"@type":"WebSite","@id":"https:\/\/icr.you2.pl\/#website","url":"https:\/\/icr.you2.pl\/","name":"ICR \ud3f4\ub780\ub4dc - \ud14c\uc2a4\ud2b8 \ubc0f \uc778\uc99d","description":"CE \uc778\uc99d, CE \uc778\uc99d\uc11c, ISO \uc778\uc99d\uc11c, RED \ud14c\uc2a4\ud2b8, \uc81c\ud488 \ud14c\uc2a4\ud2b8 \ubc0f \uc778\uc99d, \uc804\uae30 \uc81c\ud488 \ud14c\uc2a4\ud2b8, \uc758\ub8cc\uae30\uae30 \ud14c\uc2a4\ud2b8, ATEX, IECEx, FCC, \uc81c\ud488 \uc778\uc99d, EMC \ud14c\uc2a4\ud2b8, \uae30\uacc4 \uc778\uc99d, CE \uae30\uacc4, \uad50\uc721, \uc804\uc790 \uc81c\ud488 \ud14c\uc2a4\ud2b8, \ud14c\uc2a4\ud2b8 2014\/53\/EU, \ub4dc\ub860 \uc778\uc99d, ISO 13485 \uc778\uc99d\uc11c, ISO 9001 \uc778\uc99d\uc11c, NC RfG","publisher":{"@id":"https:\/\/icr.you2.pl\/#\/schema\/person\/944799c9e2f4a94662e3fcb3b1544baf"},"potentialAction":[{"@type":"SearchAction","target":{"@type":"EntryPoint","urlTemplate":"https:\/\/icr.you2.pl\/?s={search_term_string}"},"query-input":{"@type":"PropertyValueSpecification","valueRequired":true,"valueName":"search_term_string"}}],"inLanguage":"ko-KR"},{"@type":["Person","Organization"],"@id":"https:\/\/icr.you2.pl\/#\/schema\/person\/944799c9e2f4a94662e3fcb3b1544baf","name":"\uad00\ub9ac\uc790","image":{"@type":"ImageObject","inLanguage":"ko-KR","@id":"https:\/\/icr.you2.pl\/#\/schema\/person\/image\/","url":"https:\/\/icr.you2.pl\/wp-content\/uploads\/2019\/05\/cropped-logo-icr.32f04ad5-1-1.png","contentUrl":"https:\/\/icr.you2.pl\/wp-content\/uploads\/2019\/05\/cropped-logo-icr.32f04ad5-1-1.png","width":400,"height":148,"caption":"admin"},"logo":{"@id":"https:\/\/icr.you2.pl\/#\/schema\/person\/image\/"}}]}},"_links":{"self":[{"href":"https:\/\/icr.you2.pl\/kr\/wp-json\/wp\/v2\/pages\/3437","targetHints":{"allow":["GET"]}}],"collection":[{"href":"https:\/\/icr.you2.pl\/kr\/wp-json\/wp\/v2\/pages"}],"about":[{"href":"https:\/\/icr.you2.pl\/kr\/wp-json\/wp\/v2\/types\/page"}],"author":[{"embeddable":true,"href":"https:\/\/icr.you2.pl\/kr\/wp-json\/wp\/v2\/users\/2"}],"replies":[{"embeddable":true,"href":"https:\/\/icr.you2.pl\/kr\/wp-json\/wp\/v2\/comments?post=3437"}],"version-history":[{"count":0,"href":"https:\/\/icr.you2.pl\/kr\/wp-json\/wp\/v2\/pages\/3437\/revisions"}],"wp:attachment":[{"href":"https:\/\/icr.you2.pl\/kr\/wp-json\/wp\/v2\/media?parent=3437"}],"curies":[{"name":"wp","href":"https:\/\/api.w.org\/{rel}","templated":true}]}}