{"id":3528,"date":"2019-09-30T19:10:29","date_gmt":"2019-09-30T17:10:29","guid":{"rendered":"http:\/\/icrpolska.com\/?page_id=3528"},"modified":"2022-09-07T23:18:36","modified_gmt":"2022-09-07T21:18:36","slug":"certyfikacja-dronow","status":"publish","type":"page","link":"https:\/\/icr.you2.pl\/kr\/certyfikacja-wyrobow\/certyfikacja-dronow\/","title":{"rendered":"DRON \uc778\uc99d"},"content":{"rendered":"<p><a href=\"http:\/\/icr.you2.pl\/wp-content\/uploads\/2019\/06\/Program-oceny-zgodno\u015bci-w-zakresie-ATEX.pdf\" target=\"_blank\" rel=\"noopener noreferrer\"><img decoding=\"async\" class=\"alignnone wp-image-2679\" src=\"http:\/\/icr.you2.pl\/wp-content\/uploads\/2019\/06\/adobe.jpg\" alt=\"\" width=\"20\" height=\"21\" srcset=\"https:\/\/icr.you2.pl\/wp-content\/uploads\/2019\/06\/adobe.jpg 218w, https:\/\/icr.you2.pl\/wp-content\/uploads\/2019\/06\/adobe-150x150.jpg 150w\" sizes=\"(max-width: 20px) 100vw, 20px\" \/><\/a><a href=\"http:\/\/icr.you2.pl\/wp-content\/uploads\/2022\/02\/PC-P-07-09-2.pdf\" target=\"_blank\" rel=\"noopener noreferrer\" data-wp-editing=\"1\"> BSP\/DRON\uc5d0 \ub300\ud55c \uc801\ud569\uc131 \ud3c9\uac00 \ud504\ub85c\uadf8\ub7a8((EU) 2019\/945)<\/a> + <a href=\"http:\/\/icr.you2.pl\/wp-content\/uploads\/2022\/01\/F-P-07-38-1.pdf\" target=\"_blank\" rel=\"noopener noreferrer\">\uae30\uc220 \uc0ac\uc591 \ubaa9\ub85d<\/a><\/p>\n<p>\uc81c\uc870\uc5c5\uccb4, \uc218\uc785\uc5c5\uccb4 \ubc0f \uc0ac\uc6a9\uc790\uc758 \uc694\uad6c\ub97c \ucda9\uc871\ud558\uae30 \uc704\ud574 ICR Polska Sp. z o.o.\ub294 \ubb34\uc778 \ud56d\uacf5\uae30(DRON)\uc5d0 \ub300\ud55c \uc790\ubc1c\uc801 \uc801\ud569\uc131 \ud3c9\uac00 \ubc0f \uc778\uc99d\uc744 \uc218\ud589\ud569\ub2c8\ub2e4. \ud604\uc7ac \ub4dc\ub860 \uc778\uc99d\uc740 \uc5ec\uc804\ud788 \uc790\ubc1c\uc801\uc774\uc9c0\ub9cc, \ud5a5\ud6c4\uc5d0\ub294 EU \uc778\uc99d \uae30\uad00\uc5d0\uc11c \ubc1c\uae09\ud558\ub294 \uc758\ubb34 \uc778\uc99d\uc11c\ub97c \ud68d\ub4dd\ud558\ub294 \uac83\uc774 \ud6e8\uc52c \uc26c\uc6cc\uc9c8 \uac83\uc73c\ub85c \uc804\ub9dd\ub429\ub2c8\ub2e4.<\/p>\n<p class=\"translation-block\">2019\ub144 7\uc6d4 1\uc77c\ubd80\ub85c \ubb34\uc778 \ud56d\uacf5 \uc2dc\uc2a4\ud15c \ubc0f \uc81c3\uad6d \ubb34\uc778 \ud56d\uacf5 \uc2dc\uc2a4\ud15c \uc6b4\uc601\uc790\uc5d0 \ub300\ud55c \uc0c8\ub85c\uc6b4 \uc720\ub7fd\uc704\uc6d0\ud68c \uc704\uc784 \uaddc\uc815 <a href=\"https:\/\/eur-lex.europa.eu\/legal-content\/PL\/TXT\/PDF\/?uri=CELEX:32019R0945&amp;from=PL\" target=\"_self\" rel=\"noopener noreferrer\">2019\/945<\/a>\uac00 \ubc1c\ud6a8\ub418\uc5c8\uc2b5\ub2c8\ub2e4. \uc774 \uaddc\uc815\uc740 \ubb34\uc778 \ud56d\uacf5\uae30 \uc6b4\uc601 \uaddc\uce59 \ubc0f \uc808\ucc28\uc5d0 \uad00\ud55c \uc720\ub7fd\uc5f0\ud569 \uc9d1\ud589\uc704\uc6d0\ud68c\uc758 2019\ub144 5\uc6d4 24\uc77c \uc2dc\ud589 \uaddc\uc815 <a href=\"https:\/\/eur-lex.europa.eu\/legal-content\/PL\/TXT\/PDF\/?uri=CELEX:32019R0947&amp;from=PL\" target=\"_self\" rel=\"noopener noreferrer\">2019\/947<\/a>\uc5d0 \uba85\uc2dc\ub41c \uc6d0\uce59\uc5d0 \ub530\ub77c \uc6b4\uc601\ub418\ub294 \ubb34\uc778 \ud56d\uacf5 \uc2dc\uc2a4\ud15c\uc5d0 \uc801\uc6a9\ub418\ub294 \ud544\uc218 \uae30\uc220 \uc694\uac74\uc744 \uc18c\uac1c\ud569\ub2c8\ub2e4. \ub2e4\ub978 \uc2e0\uc811\uadfc \uc9c0\uce68\uc758 \uacbd\uc6b0\uc640 \ub9c8\ucc2c\uac00\uc9c0\ub85c, \uc704\uc784 \uaddc\uc815\uc740 \uc18c\uc704 \uac1c\ubc29\ud615 \ubc94\uc8fc, \uc989 \uc704\ud5d8\ub3c4\uac00 \uac00\uc7a5 \ub0ae\uc740 \uc791\uc5c5\uc744 \uc218\ud589\ud558\ub294 \ubb34\uc778 \ud56d\uacf5\uae30(\ub4dc\ub860)\uc758 \uc124\uacc4, \uc0dd\uc0b0 \ubc0f EU \ub0b4\ubd80 \uc2dc\uc7a5 \ucd9c\uc2dc\uc5d0 \ub300\ud574 \uaddc\uc81c\ud569\ub2c8\ub2e4. \uc55e\uc11c \uc5b8\uae09\ud55c \uae30\uc220 \uc694\uac74\uc774 \ub3c4\uc785\ub428\uc5d0 \ub530\ub77c \uac1c\ubc29\ud615 \ubc94\uc8fc\uc5d0 \uc18d\ud558\ub294 \ub4dc\ub860\ub3c4 \uac10\uc2dc \ub300\uc0c1\uc774 \ub418\uba70, \ud3f4\ub780\ub4dc\uc5d0\uc11c\ub294 2016\ub144 4\uc6d4 13\uc77c \ubc95\ub960 <a href=\"http:\/\/isap.sejm.gov.pl\/isap.nsf\/download.xsp\/WDU20190000544\/O\/D20190544.pdf\" target=\"_self\" rel=\"noopener noreferrer\">\uc801\ud569\uc131 \ud3c9\uac00 \ubc0f \uc2dc\uc7a5 \uac10\uc2dc \uc2dc\uc2a4\ud15c\uc5d0 \uad00\ud55c \ubc95\ub960<\/a>\uc5d0 \uc758\ud574 \uac10\uc2dc \uba54\ucee4\ub2c8\uc998\uc774 \uaddc\uc81c\ub429\ub2c8\ub2e4.<\/p>\n<p class=\"translation-block\">\ud589\uc815\uba85\ub839\uc5d0 \ub530\ub974\uba74, 2022\ub144 7\uc6d4 1\uc77c\uae4c\uc9c0 \uc2dc\uc7a5\uc5d0 \ucd9c\uc2dc\ub418\ub294 \ud2b9\uc815 \ubb34\uc778\ud56d\uacf5\uae30\ub294 \uc704\uc784 \uaddc\uc815\uc744 \uc900\uc218\ud558\uc9c0 \uc54a\ub354\ub77c\ub3c4 <a href=\"https:\/\/eur-lex.europa.eu\/legal-content\/PL\/TXT\/PDF\/?uri=CELEX:32019R0947&amp;from=PL\" target=\"_self\">\ud589\uc815\uba85\ub839 20\uc870\uc5d0 \uba85\uc2dc\ub41c \ud2b9\uc815 \uaddc\uce59\uc5d0 \ub530\ub77c \uc6b4\ud56d\uc774 \ud5c8\uc6a9\ub429\ub2c8\ub2e4.<\/p>\n<p class=\"translation-block\">\uc704\uc784 \uaddc\uc815\uc740 \uac1c\ubc29\ud615 \ubc94\uc8fc\uc5d0\uc11c \uc791\ub3d9\ud558\uae30 \uc704\ud55c \ubb34\uc778 \ud56d\uacf5 \uc2dc\uc2a4\ud15c\uc758 \uc720\ub7fd\uc5f0\ud569 \ub0b4\ubd80 \uc2dc\uc7a5 \ucd9c\uc2dc \ubc0f \uc720\ub7fd\uc5f0\ud569 \ub0b4 \uc790\uc720\ub85c\uc6b4 \uc774\ub3d9\uc5d0 \ub300\ud55c \uaddc\uce59\uc744 \uba85\uc2dc\ud569\ub2c8\ub2e4. \uc774 \uaddc\uce59\uc740 \ud2b9\ud788 \uc704\uc784 \uaddc\uc815\uc758 \ubd80\ub85d \ubc0f \uad00\ub828 \uc870\ud654 \ud45c\uc900\uc5d0 \uc790\uc138\ud788 \uba85\uc2dc\ub41c \uc694\uad6c \uc0ac\ud56d\uc5d0 \ub530\ub77c \uc81c\ud488 \uc801\ud569\uc131 \ud3c9\uac00(\uc989, BSP \ud3c9\uac00)\ub97c \uc218\ud589\ud574\uc57c \ud558\ub294 \uc81c\uc870\uc5c5\uccb4\uc758 \uc758\ubb34\uc5d0 \uad00\ud55c \uac83\uc785\ub2c8\ub2e4. \ub530\ub77c\uc11c \uac1c\ubc29\ud615 \uce74\ud14c\uace0\ub9ac\uc5d0\uc11c \uc6b4\uc601\ub418\ub294 BSP\ub294 \ub2e4\uc74c\uc744 \uac16\ucd94\uc5b4\uc57c \ud569\ub2c8\ub2e4.\n- \uae30\uc220 \ubb38\uc11c <br>\n- \uc81c\uc870\uc5c5\uccb4\uc758 \uc801\ud569\uc131 \uc120\uc5b8(\uc801\ud569\uc131 \ud3c9\uac00\uc5d0 \uadfc\uac70\ud558\uc5ec \ubc1c\ud589),<br>.\n- \uc81c\ud488 \ub9c8\ud0b9(CE).<\/p>\n<p>\ub2e4\ub978 EU \uc9c0\uce68\uacfc \ub9c8\ucc2c\uac00\uc9c0\ub85c, \uc81c\uc870\uc5c5\uccb4\uac00 \uc81c\ud488\uc744 \uc0c1\uc5c5 \uc2dc\uc7a5\uc5d0 \ucd9c\uc2dc\ud558\uae30 \uc804\uc5d0 \uc81c\ud488\uc758 \uc801\ud569\uc131\uc744 \ud3c9\uac00\ud560 \uc218 \uc788\ub294 \uc808\ucc28 \uc911 \uc77c\ubd80\uc5d0\ub294 \uaddc\uc815 2019\/945\uc5d0 \ub530\ub77c \uc778\uc99d, \uc989 \uc81c3\uc790(\uacf5\uc778 \uae30\uad00)\uc758 \uc801\ud569\uc131 \ud3c9\uac00 \uc218\ud589\uc774 \ud3ec\ud568\ub429\ub2c8\ub2e4.<\/p>\n<p><strong>\uc9c0\uae08 \ubc14\ub85c ICR Polska Ltd\uc5d0\uc11c DRON\uc744 \uc778\uc99d\ud560 \uc218 \uc788\uc2b5\ub2c8\ub2e4.<\/strong><\/p>\n<p><img decoding=\"async\" class=\"alignnone wp-image-3362\" src=\"http:\/\/icr.you2.pl\/wp-content\/uploads\/2019\/06\/Email-icon-e1560506652454.png\" alt=\"\" width=\"28\" height=\"20\" \/> <a href=\"mailto:icrpolska@icrqa.com?subject=DRON%20Certificate&amp;body=I%20plan%20to%20certificate%20DRON.%0APlease,%20contact%20me%20to%20more%20information.%0A\">ICR \ud3f4\ub780\ub4dc\uc5d0 \ubb38\uc758<\/a><\/p>\n<p>\uacbd\uc7c1\uc0ac\ubcf4\ub2e4 \ud55c \ubc1c\uc774\ub77c\ub3c4 \ub354 \uc55e\uc11c \ub098\uac00\uae30 \uc704\ud574 \ub178\ub825\ud558\uc138\uc694.<\/p>","protected":false},"excerpt":{"rendered":"<p>BSP\/DRON\uc5d0 \ub300\ud55c \uc801\ud569\uc131 \ud3c9\uac00 \ud504\ub85c\uadf8\ub7a8 ((EU) 2019\/945) + \uae30\uc220 \uc0ac\uc591 \ubaa9\ub85d \uc81c\uc870\uc5c5\uccb4, \uc218\uc785\uc5c5\uccb4 \ubc0f \uc0ac\uc6a9\uc790\uc758 \uc694\uad6c\ub97c \ucda9\uc871\ud558\uae30 \uc704\ud574 ICR Polska Sp. z o.o.\ub294 \ubb34\uc778 \ud56d\uacf5\uae30(DRON)\uc5d0 \ub300\ud55c \uc790\ubc1c\uc801 \uc801\ud569\uc131 \ud3c9\uac00 \ubc0f \uc778\uc99d\uc744 \uc218\ud589\ud558\uace0 \uc788\uc2b5\ub2c8\ub2e4. \ud604\uc7ac \ub4dc\ub860 \uc778\uc99d\uc740 \uc5ec\uc804\ud788 \uc790\ubc1c\uc801\uc774\uc9c0\ub9cc, \ud5a5\ud6c4\uc5d0\ub294 \uc778\uc99d \uae30\uad00\uc5d0\uc11c \ubc1c\uae09\ud558\ub294 \uc758\ubb34 \uc778\uc99d\uc11c\ub97c \ucde8\ub4dd\ud558\ub294 \uac83\uc774 \ud6e8\uc52c \uc26c\uc6cc\uc9c8 \uac83\uc73c\ub85c \uc608\uc0c1\ub429\ub2c8\ub2e4.....&nbsp;<a href=\"https:\/\/icr.you2.pl\/kr\/certyfikacja-wyrobow\/certyfikacja-dronow\/\" rel=\"bookmark\">\uc790\uc138\ud788 \ubcf4\uae30\"<span class=\"screen-reader-text\">DRON \uc778\uc99d<\/span><\/a><\/p>","protected":false},"author":2,"featured_media":0,"parent":211,"menu_order":0,"comment_status":"closed","ping_status":"closed","template":"","meta":{"neve_meta_sidebar":"","neve_meta_container":"","neve_meta_enable_content_width":"off","neve_meta_content_width":70,"neve_meta_title_alignment":"","neve_meta_author_avatar":"","neve_post_elements_order":"","neve_meta_disable_header":"","neve_meta_disable_footer":"","neve_meta_disable_title":"","footnotes":""},"class_list":["post-3528","page","type-page","status-publish","hentry"],"yoast_head":"<!-- This site is optimized with the Yoast SEO plugin v26.8 - https:\/\/yoast.com\/product\/yoast-seo-wordpress\/ -->\n<title>Certyfikacja DRON\u00f3w - ICR POLSKA - badania i certyfikacja<\/title>\n<meta name=\"robots\" content=\"index, follow, max-snippet:-1, max-image-preview:large, max-video-preview:-1\" \/>\n<link rel=\"canonical\" href=\"https:\/\/icr.you2.pl\/kr\/certyfikacja-wyrobow\/certyfikacja-dronow\/\" \/>\n<meta property=\"og:locale\" content=\"ko_KR\" \/>\n<meta property=\"og:type\" content=\"article\" \/>\n<meta property=\"og:title\" content=\"Certyfikacja DRON\u00f3w - ICR POLSKA - badania i certyfikacja\" \/>\n<meta property=\"og:description\" content=\"Program oceny zgodno\u015bci w zakresie BSP\/DRON ((UE) 2019\/945) + lista specyfikacji technicznych ICR Polska Sp. z o.o. wychodz\u0105c naprzeciw potrzebom producent\u00f3w, importer\u00f3w i u\u017cytkownik\u00f3w prowadzi dobrowoln\u0105 ocen\u0119 zgodno\u015bci i certyfikacj\u0119 Bezza\u0142ogowych Statk\u00f3w Powietrznych (DRON). W tej chwili certyfikacja DRON\u00f3w jest jeszcze dobrowolna, ale perspektywicznie znacznie u\u0142atwi w przysz\u0142o\u015bci uzyskanie obowi\u0105zkowego certyfikatu wydanego przez Jednostk\u0119 Notyfikowan\u0105&hellip;&nbsp;\ub354 \ubcf4\uae30 &raquo;Certyfikacja DRON\u00f3w\" \/>\n<meta property=\"og:url\" content=\"https:\/\/icr.you2.pl\/kr\/certyfikacja-wyrobow\/certyfikacja-dronow\/\" \/>\n<meta property=\"og:site_name\" content=\"ICR POLSKA - badania i certyfikacja\" \/>\n<meta property=\"article:modified_time\" content=\"2022-09-07T21:18:36+00:00\" \/>\n<meta property=\"og:image\" content=\"http:\/\/icr.you2.pl\/wp-content\/uploads\/2019\/06\/adobe.jpg\" \/>\n<meta name=\"twitter:card\" content=\"summary_large_image\" \/>\n<meta name=\"twitter:label1\" content=\"\uc608\uc0c1 \ub418\ub294 \ud310\ub3c5 \uc2dc\uac04\" \/>\n\t<meta name=\"twitter:data1\" content=\"3\ubd84\" \/>\n<script type=\"application\/ld+json\" class=\"yoast-schema-graph\">{\"@context\":\"https:\/\/schema.org\",\"@graph\":[{\"@type\":\"WebPage\",\"@id\":\"https:\/\/icr.you2.pl\/certyfikacja-wyrobow\/certyfikacja-dronow\/\",\"url\":\"https:\/\/icr.you2.pl\/certyfikacja-wyrobow\/certyfikacja-dronow\/\",\"name\":\"Certyfikacja DRON\u00f3w - ICR POLSKA - badania i certyfikacja\",\"isPartOf\":{\"@id\":\"https:\/\/icr.you2.pl\/#website\"},\"primaryImageOfPage\":{\"@id\":\"https:\/\/icr.you2.pl\/certyfikacja-wyrobow\/certyfikacja-dronow\/#primaryimage\"},\"image\":{\"@id\":\"https:\/\/icr.you2.pl\/certyfikacja-wyrobow\/certyfikacja-dronow\/#primaryimage\"},\"thumbnailUrl\":\"http:\/\/icr.you2.pl\/wp-content\/uploads\/2019\/06\/adobe.jpg\",\"datePublished\":\"2019-09-30T17:10:29+00:00\",\"dateModified\":\"2022-09-07T21:18:36+00:00\",\"breadcrumb\":{\"@id\":\"https:\/\/icr.you2.pl\/certyfikacja-wyrobow\/certyfikacja-dronow\/#breadcrumb\"},\"inLanguage\":\"ko-KR\",\"potentialAction\":[{\"@type\":\"ReadAction\",\"target\":[\"https:\/\/icr.you2.pl\/certyfikacja-wyrobow\/certyfikacja-dronow\/\"]}]},{\"@type\":\"ImageObject\",\"inLanguage\":\"ko-KR\",\"@id\":\"https:\/\/icr.you2.pl\/certyfikacja-wyrobow\/certyfikacja-dronow\/#primaryimage\",\"url\":\"http:\/\/icr.you2.pl\/wp-content\/uploads\/2019\/06\/adobe.jpg\",\"contentUrl\":\"http:\/\/icr.you2.pl\/wp-content\/uploads\/2019\/06\/adobe.jpg\"},{\"@type\":\"BreadcrumbList\",\"@id\":\"https:\/\/icr.you2.pl\/certyfikacja-wyrobow\/certyfikacja-dronow\/#breadcrumb\",\"itemListElement\":[{\"@type\":\"ListItem\",\"position\":1,\"name\":\"Strona g\u0142\u00f3wna\",\"item\":\"https:\/\/icr.you2.pl\/\"},{\"@type\":\"ListItem\",\"position\":2,\"name\":\"Certyfikacja wyrob\u00f3w\",\"item\":\"https:\/\/icr.you2.pl\/en\/certyfikacja-wyrobow\/\"},{\"@type\":\"ListItem\",\"position\":3,\"name\":\"Certyfikacja DRON\u00f3w\"}]},{\"@type\":\"WebSite\",\"@id\":\"https:\/\/icr.you2.pl\/#website\",\"url\":\"https:\/\/icr.you2.pl\/\",\"name\":\"ICR POLSKA - badania i certyfikacja\",\"description\":\"CE certification, CE certificate, ISO certificate, RED testing, product testing and certification, electrical product testing, medical device testing, ATEX, IECEx, FCC, product certification, EMC testing, machinery certification, CE machines, training, electronic product testing, testing 2014\/53\/EU, drone certification, ISO 13485 certificate, ISO 9001 certificate, NC RfG\",\"publisher\":{\"@id\":\"https:\/\/icr.you2.pl\/#\/schema\/person\/944799c9e2f4a94662e3fcb3b1544baf\"},\"potentialAction\":[{\"@type\":\"SearchAction\",\"target\":{\"@type\":\"EntryPoint\",\"urlTemplate\":\"https:\/\/icr.you2.pl\/?s={search_term_string}\"},\"query-input\":{\"@type\":\"PropertyValueSpecification\",\"valueRequired\":true,\"valueName\":\"search_term_string\"}}],\"inLanguage\":\"ko-KR\"},{\"@type\":[\"Person\",\"Organization\"],\"@id\":\"https:\/\/icr.you2.pl\/#\/schema\/person\/944799c9e2f4a94662e3fcb3b1544baf\",\"name\":\"admin\",\"image\":{\"@type\":\"ImageObject\",\"inLanguage\":\"ko-KR\",\"@id\":\"https:\/\/icr.you2.pl\/#\/schema\/person\/image\/\",\"url\":\"https:\/\/icr.you2.pl\/wp-content\/uploads\/2019\/05\/cropped-logo-icr.32f04ad5-1-1.png\",\"contentUrl\":\"https:\/\/icr.you2.pl\/wp-content\/uploads\/2019\/05\/cropped-logo-icr.32f04ad5-1-1.png\",\"width\":400,\"height\":148,\"caption\":\"admin\"},\"logo\":{\"@id\":\"https:\/\/icr.you2.pl\/#\/schema\/person\/image\/\"}}]}<\/script>\n<!-- \/ Yoast SEO plugin. -->","yoast_head_json":{"title":"\ub4dc\ub860 \uc778\uc99d - ICR \ud3f4\ub780\ub4dc - \ud14c\uc2a4\ud2b8 \ubc0f \uc778\uc99d","robots":{"index":"index","follow":"follow","max-snippet":"max-snippet:-1","max-image-preview":"max-image-preview:large","max-video-preview":"max-video-preview:-1"},"canonical":"https:\/\/icr.you2.pl\/kr\/certyfikacja-wyrobow\/certyfikacja-dronow\/","og_locale":"ko_KR","og_type":"article","og_title":"Certyfikacja DRON\u00f3w - ICR POLSKA - badania i certyfikacja","og_description":"Program oceny zgodno\u015bci w zakresie BSP\/DRON ((UE) 2019\/945) + lista specyfikacji technicznych ICR Polska Sp. z o.o. wychodz\u0105c naprzeciw potrzebom producent\u00f3w, importer\u00f3w i u\u017cytkownik\u00f3w prowadzi dobrowoln\u0105 ocen\u0119 zgodno\u015bci i certyfikacj\u0119 Bezza\u0142ogowych Statk\u00f3w Powietrznych (DRON). W tej chwili certyfikacja DRON\u00f3w jest jeszcze dobrowolna, ale perspektywicznie znacznie u\u0142atwi w przysz\u0142o\u015bci uzyskanie obowi\u0105zkowego certyfikatu wydanego przez Jednostk\u0119 Notyfikowan\u0105&hellip;&nbsp;\ub354 \ubcf4\uae30 &raquo;Certyfikacja DRON\u00f3w","og_url":"https:\/\/icr.you2.pl\/kr\/certyfikacja-wyrobow\/certyfikacja-dronow\/","og_site_name":"ICR POLSKA - badania i certyfikacja","article_modified_time":"2022-09-07T21:18:36+00:00","og_image":[{"url":"http:\/\/icr.you2.pl\/wp-content\/uploads\/2019\/06\/adobe.jpg","type":"","width":"","height":""}],"twitter_card":"summary_large_image","twitter_misc":{"\uc608\uc0c1 \ub418\ub294 \ud310\ub3c5 \uc2dc\uac04":"3\ubd84"},"schema":{"@context":"https:\/\/schema.org","@graph":[{"@type":"WebPage","@id":"https:\/\/icr.you2.pl\/certyfikacja-wyrobow\/certyfikacja-dronow\/","url":"https:\/\/icr.you2.pl\/certyfikacja-wyrobow\/certyfikacja-dronow\/","name":"\ub4dc\ub860 \uc778\uc99d - ICR \ud3f4\ub780\ub4dc - \ud14c\uc2a4\ud2b8 \ubc0f \uc778\uc99d","isPartOf":{"@id":"https:\/\/icr.you2.pl\/#website"},"primaryImageOfPage":{"@id":"https:\/\/icr.you2.pl\/certyfikacja-wyrobow\/certyfikacja-dronow\/#primaryimage"},"image":{"@id":"https:\/\/icr.you2.pl\/certyfikacja-wyrobow\/certyfikacja-dronow\/#primaryimage"},"thumbnailUrl":"http:\/\/icr.you2.pl\/wp-content\/uploads\/2019\/06\/adobe.jpg","datePublished":"2019-09-30T17:10:29+00:00","dateModified":"2022-09-07T21:18:36+00:00","breadcrumb":{"@id":"https:\/\/icr.you2.pl\/certyfikacja-wyrobow\/certyfikacja-dronow\/#breadcrumb"},"inLanguage":"ko-KR","potentialAction":[{"@type":"ReadAction","target":["https:\/\/icr.you2.pl\/certyfikacja-wyrobow\/certyfikacja-dronow\/"]}]},{"@type":"ImageObject","inLanguage":"ko-KR","@id":"https:\/\/icr.you2.pl\/certyfikacja-wyrobow\/certyfikacja-dronow\/#primaryimage","url":"http:\/\/icr.you2.pl\/wp-content\/uploads\/2019\/06\/adobe.jpg","contentUrl":"http:\/\/icr.you2.pl\/wp-content\/uploads\/2019\/06\/adobe.jpg"},{"@type":"BreadcrumbList","@id":"https:\/\/icr.you2.pl\/certyfikacja-wyrobow\/certyfikacja-dronow\/#breadcrumb","itemListElement":[{"@type":"ListItem","position":1,"name":"Strona g\u0142\u00f3wna","item":"https:\/\/icr.you2.pl\/"},{"@type":"ListItem","position":2,"name":"Certyfikacja wyrob\u00f3w","item":"https:\/\/icr.you2.pl\/en\/certyfikacja-wyrobow\/"},{"@type":"ListItem","position":3,"name":"Certyfikacja DRON\u00f3w"}]},{"@type":"WebSite","@id":"https:\/\/icr.you2.pl\/#website","url":"https:\/\/icr.you2.pl\/","name":"ICR \ud3f4\ub780\ub4dc - \ud14c\uc2a4\ud2b8 \ubc0f \uc778\uc99d","description":"CE \uc778\uc99d, CE \uc778\uc99d\uc11c, ISO \uc778\uc99d\uc11c, RED \ud14c\uc2a4\ud2b8, \uc81c\ud488 \ud14c\uc2a4\ud2b8 \ubc0f \uc778\uc99d, \uc804\uae30 \uc81c\ud488 \ud14c\uc2a4\ud2b8, \uc758\ub8cc\uae30\uae30 \ud14c\uc2a4\ud2b8, ATEX, IECEx, FCC, \uc81c\ud488 \uc778\uc99d, EMC \ud14c\uc2a4\ud2b8, \uae30\uacc4 \uc778\uc99d, CE \uae30\uacc4, \uad50\uc721, \uc804\uc790 \uc81c\ud488 \ud14c\uc2a4\ud2b8, \ud14c\uc2a4\ud2b8 2014\/53\/EU, \ub4dc\ub860 \uc778\uc99d, ISO 13485 \uc778\uc99d\uc11c, ISO 9001 \uc778\uc99d\uc11c, NC RfG","publisher":{"@id":"https:\/\/icr.you2.pl\/#\/schema\/person\/944799c9e2f4a94662e3fcb3b1544baf"},"potentialAction":[{"@type":"SearchAction","target":{"@type":"EntryPoint","urlTemplate":"https:\/\/icr.you2.pl\/?s={search_term_string}"},"query-input":{"@type":"PropertyValueSpecification","valueRequired":true,"valueName":"search_term_string"}}],"inLanguage":"ko-KR"},{"@type":["Person","Organization"],"@id":"https:\/\/icr.you2.pl\/#\/schema\/person\/944799c9e2f4a94662e3fcb3b1544baf","name":"\uad00\ub9ac\uc790","image":{"@type":"ImageObject","inLanguage":"ko-KR","@id":"https:\/\/icr.you2.pl\/#\/schema\/person\/image\/","url":"https:\/\/icr.you2.pl\/wp-content\/uploads\/2019\/05\/cropped-logo-icr.32f04ad5-1-1.png","contentUrl":"https:\/\/icr.you2.pl\/wp-content\/uploads\/2019\/05\/cropped-logo-icr.32f04ad5-1-1.png","width":400,"height":148,"caption":"admin"},"logo":{"@id":"https:\/\/icr.you2.pl\/#\/schema\/person\/image\/"}}]}},"_links":{"self":[{"href":"https:\/\/icr.you2.pl\/kr\/wp-json\/wp\/v2\/pages\/3528","targetHints":{"allow":["GET"]}}],"collection":[{"href":"https:\/\/icr.you2.pl\/kr\/wp-json\/wp\/v2\/pages"}],"about":[{"href":"https:\/\/icr.you2.pl\/kr\/wp-json\/wp\/v2\/types\/page"}],"author":[{"embeddable":true,"href":"https:\/\/icr.you2.pl\/kr\/wp-json\/wp\/v2\/users\/2"}],"replies":[{"embeddable":true,"href":"https:\/\/icr.you2.pl\/kr\/wp-json\/wp\/v2\/comments?post=3528"}],"version-history":[{"count":0,"href":"https:\/\/icr.you2.pl\/kr\/wp-json\/wp\/v2\/pages\/3528\/revisions"}],"up":[{"embeddable":true,"href":"https:\/\/icr.you2.pl\/kr\/wp-json\/wp\/v2\/pages\/211"}],"wp:attachment":[{"href":"https:\/\/icr.you2.pl\/kr\/wp-json\/wp\/v2\/media?parent=3528"}],"curies":[{"name":"wp","href":"https:\/\/api.w.org\/{rel}","templated":true}]}}