{"id":3827,"date":"2020-04-22T14:41:41","date_gmt":"2020-04-22T12:41:41","guid":{"rendered":"https:\/\/icrpolska.com\/?page_id=3827"},"modified":"2022-09-07T23:31:21","modified_gmt":"2022-09-07T21:31:21","slug":"biokompatybilnosc","status":"publish","type":"page","link":"https:\/\/icr.you2.pl\/kr\/badania-wyrobow\/biokompatybilnosc\/","title":{"rendered":"\uc0dd\uccb4 \uc801\ud569\uc131"},"content":{"rendered":"<p>\ub2f9\uc0ac \uc2e4\ud5d8\uc2e4\uc5d0\uc11c\ub294 ISO 10993 \uc2dc\ub9ac\uc988 \ud45c\uc900\uc5d0 \ub530\ub77c \uc758\ub8cc \uae30\uae30\uc5d0 \ub300\ud55c \ub2e4\uc74c\uacfc \uac19\uc740 \ud14c\uc2a4\ud2b8 \ubc0f \uac80\uc0ac\ub97c \uc218\ud589\ud569\ub2c8\ub2e4:<\/p>\n<ul>\n<li style=\"list-style-type: none;\">\n<ul>\n<li><a href=\"http:\/\/icr.you2.pl\/wp-content\/uploads\/2020\/04\/Bio_genotoxicity.png\" target=\"_blank\" rel=\"noopener noreferrer\" data-slb-active=\"1\" data-slb-asset=\"1996492179\" data-slb-internal=\"0\" data-slb-group=\"979\">\ub3cc\uc5f0\ubcc0\uc774 \uc720\ubc1c\uc131:<\/a><a href=\"http:\/\/icr.you2.pl\/wp-content\/uploads\/2020\/04\/Bio_genotoxicity.png\" target=\"_blank\" rel=\"noopener noreferrer\"><img fetchpriority=\"high\" decoding=\"async\" class=\"alignright wp-image-3852 size-medium\" src=\"http:\/\/icr.you2.pl\/wp-content\/uploads\/2020\/04\/implant-e1587567193650-251x300.jpg\" alt=\"\uc0dd\uccb4 \uc801\ud569\uc131\" width=\"251\" height=\"300\" srcset=\"https:\/\/icr.you2.pl\/wp-content\/uploads\/2020\/04\/implant-e1587567193650-251x300.jpg 251w, https:\/\/icr.you2.pl\/wp-content\/uploads\/2020\/04\/implant-e1587567193650.jpg 300w\" sizes=\"(max-width: 251px) 100vw, 251px\" \/><\/a>\n<ul>\n<li>\ubc15\ud14c\ub9ac\uc544 \uc5ed\ubcc0\uc774 \ud14c\uc2a4\ud2b8<\/li>\n<li>\uc5fc\uc0c9\uccb4 \uc774\uc0c1\uc5d0 \ub300\ud55c \uccb4\uc678 \uac80\uc0ac<\/li>\n<li>\uc138\ud3ec \uc18c\ud575\uc758 \uc0dd\uccb4 \ub0b4 \uc5f0\uad6c<\/li>\n<\/ul>\n<\/li>\n<li><a href=\"http:\/\/icr.you2.pl\/wp-content\/uploads\/2020\/04\/Bio_cytotoxicity.png\" target=\"_blank\" rel=\"noopener noreferrer\" data-slb-active=\"1\" data-slb-asset=\"1264259199\" data-slb-internal=\"0\" data-slb-group=\"979\">\uc2dc\ud5d8\uad00 \ub0b4 \uc138\ud3ec \ub3c5\uc131,<\/a><\/li>\n<li><a href=\"http:\/\/icr.you2.pl\/wp-content\/uploads\/2020\/04\/Bio_acute.png\" target=\"_blank\" rel=\"noopener noreferrer\" data-slb-active=\"1\" data-slb-asset=\"951077260\" data-slb-internal=\"0\" data-slb-group=\"979\">\uae09\uc131 \uc804\uc2e0 \ub3c5\uc131,<\/a><\/li>\n<li><a href=\"http:\/\/icr.you2.pl\/wp-content\/uploads\/2020\/04\/Bio_skin_irritation.png\" target=\"_blank\" rel=\"noopener noreferrer\" data-slb-active=\"1\" data-slb-asset=\"210430502\" data-slb-internal=\"0\" data-slb-group=\"979\">\ud53c\ubd80 \uc790\uadf9,<\/a><\/li>\n<li><a href=\"http:\/\/icr.you2.pl\/wp-content\/uploads\/2020\/04\/Bio_intradermal.png\" target=\"_blank\" rel=\"noopener noreferrer\" data-slb-active=\"1\" data-slb-asset=\"1617476931\" data-slb-internal=\"0\" data-slb-group=\"979\">\ud53c\ub0b4 \ubc18\uc751\uc131,<\/a><\/li>\n<li><a href=\"http:\/\/icr.you2.pl\/wp-content\/uploads\/2020\/04\/Bio_oral_mucosa.png\" target=\"_blank\" rel=\"noopener noreferrer\" data-slb-active=\"1\" data-slb-asset=\"290299341\" data-slb-internal=\"0\" data-slb-group=\"979\">\uad6c\uac15 \uc810\ub9c9\uc758 \uc790\uadf9,<\/a><\/li>\n<li><a href=\"http:\/\/icr.you2.pl\/wp-content\/uploads\/2020\/04\/Bio_pyrogen.png\" target=\"_blank\" rel=\"noopener noreferrer\" data-slb-active=\"1\" data-slb-asset=\"1374573229\" data-slb-internal=\"0\" data-slb-group=\"979\">\ubc1c\uc5f4\uc131,<\/a><\/li>\n<li><a href=\"http:\/\/icr.you2.pl\/wp-content\/uploads\/2020\/04\/Bio_implantation.png\" target=\"_blank\" rel=\"noopener noreferrer\" data-slb-active=\"1\" data-slb-asset=\"1001191268\" data-slb-internal=\"0\" data-slb-group=\"979\">\uc544\ub9cc\uc131 \ub3c5\uc131 \ubc0f \uc774\uc2dd,<\/a><\/li>\n<li><a href=\"http:\/\/icr.you2.pl\/wp-content\/uploads\/2020\/04\/Bio_skin_sensitization.png\" target=\"_blank\" rel=\"noopener noreferrer\" data-slb-active=\"1\" data-slb-asset=\"1517655755\" data-slb-internal=\"0\" data-slb-group=\"979\">\ud53c\ubd80 \ubbfc\uac10\uc131<\/a><\/li>\n<\/ul>\n<\/li>\n<\/ul>\n<p><img decoding=\"async\" class=\"alignleft wp-image-3851 size-full\" src=\"http:\/\/icr.you2.pl\/wp-content\/uploads\/2020\/04\/toxicology.jpg\" alt=\"\uc0dd\uccb4 \uc801\ud569\uc131\" width=\"280\" height=\"150\" \/><\/p>\n<p>&nbsp;<\/p>\n<p>&nbsp;<\/p>\n<p class=\"translation-block\"><a href=\"mailto:icrpolska@icrqa.com\" target=\"_self\">\ubb38\uc758<\/a>\ub85c \ucd08\ub300\ud558\uc5ec \ud611\uc5c5\ud558\uc138\uc694.<\/p>","protected":false},"excerpt":{"rendered":"<p>\ub2f9\uc0ac \uc2e4\ud5d8\uc2e4\uc5d0\uc11c\ub294 ISO 10993 \uc2dc\ub9ac\uc988 \ud45c\uc900\uc5d0 \ub530\ub77c \ub2e4\uc74c\uacfc \uac19\uc740 \uc758\ub8cc\uae30\uae30 \uc2dc\ud5d8 \ubc0f \uac80\uc0ac\ub97c \uc218\ud589\ud569\ub2c8\ub2e4: \ub3cc\uc5f0\ubcc0\uc774\uc6d0\uc131: \uc2dc\ud5d8\uad00 \ub0b4 \ubc15\ud14c\ub9ac\uc544 \uc5ed\ub3cc\uc5f0\ubcc0\uc774 \uc2dc\ud5d8 \uc2dc\ud5d8\uad00 \ub0b4 \uc5fc\uc0c9\uccb4 \uc774\uc0c1 \uc2dc\ud5d8 \uc0dd\uccb4 \ub0b4 \uc18c\ud575\uc138\ud3ec \uc138\ud3ec \ub3c5\uc131 \uc2dc\ud5d8\uad00 \ub0b4 \uae09\uc131 \uc804\uc2e0 \ub3c5\uc131, \ud53c\ubd80 \uc790\uadf9, \ud53c\ub0b4 \ubc18\uc751\uc131, \uad6c\uac15 \uc810\ub9c9 \uc790\uadf9, \ubc1c\uc5f4\uc131, \uc544\ub9cc\uc131 \ub3c5\uc131 \ubc0f \uc774\uc2dd, \ud53c\ubd80 \uac10\uc791\uc131 ...&nbsp;<a href=\"https:\/\/icr.you2.pl\/kr\/badania-wyrobow\/biokompatybilnosc\/\" rel=\"bookmark\">\uc790\uc138\ud788 \ubcf4\uae30\"<span class=\"screen-reader-text\">\uc0dd\uccb4 \uc801\ud569\uc131<\/span><\/a><\/p>","protected":false},"author":2,"featured_media":0,"parent":979,"menu_order":0,"comment_status":"closed","ping_status":"closed","template":"","meta":{"neve_meta_sidebar":"","neve_meta_container":"","neve_meta_enable_content_width":"off","neve_meta_content_width":70,"neve_meta_title_alignment":"","neve_meta_author_avatar":"","neve_post_elements_order":"","neve_meta_disable_header":"","neve_meta_disable_footer":"","neve_meta_disable_title":"","footnotes":""},"class_list":["post-3827","page","type-page","status-publish","hentry"],"yoast_head":"<!-- This site is optimized with the Yoast SEO plugin v26.8 - https:\/\/yoast.com\/product\/yoast-seo-wordpress\/ -->\n<title>Biokompatybilno\u015b\u0107 - ICR POLSKA - badania i certyfikacja<\/title>\n<meta name=\"robots\" content=\"index, follow, max-snippet:-1, max-image-preview:large, max-video-preview:-1\" \/>\n<link rel=\"canonical\" href=\"https:\/\/icr.you2.pl\/kr\/badania-wyrobow\/biokompatybilnosc\/\" \/>\n<meta property=\"og:locale\" content=\"ko_KR\" \/>\n<meta property=\"og:type\" content=\"article\" \/>\n<meta property=\"og:title\" content=\"Biokompatybilno\u015b\u0107 - ICR POLSKA - badania i certyfikacja\" \/>\n<meta property=\"og:description\" content=\"W naszych laboratoriach wykonujemy nast\u0119puj\u0105ce badania i testy wyrob\u00f3w medycznych zgodnie z normami serii ISO 10993: mutagenno\u015bci: bakteryjny test mutacji powrotnych badania in vitro aberracji chromosomowych badania in vivo mikroj\u0105derek kom\u00f3rek cytotoksyczno\u015bci in vitro, ostrej toksyczno\u015bci og\u00f3lnoustrojowej, podra\u017cnienia sk\u00f3ry, reaktywno\u015bci \u015br\u00f3dsk\u00f3rnej, podra\u017cnienia b\u0142ony \u015bluzowej jamy ustnej, pirogenowy, toksyczno\u015bci podchronicznej oraz implantacji, uczulenia sk\u00f3ry &nbsp; &nbsp;&hellip;&nbsp;\ub354 \ubcf4\uae30 &raquo;Biokompatybilno\u015b\u0107\" \/>\n<meta property=\"og:url\" content=\"https:\/\/icr.you2.pl\/kr\/badania-wyrobow\/biokompatybilnosc\/\" \/>\n<meta property=\"og:site_name\" content=\"ICR POLSKA - badania i certyfikacja\" \/>\n<meta property=\"article:modified_time\" content=\"2022-09-07T21:31:21+00:00\" \/>\n<meta property=\"og:image\" content=\"http:\/\/icr.you2.pl\/wp-content\/uploads\/2020\/04\/implant-e1587567193650-251x300.jpg\" \/>\n<meta name=\"twitter:card\" content=\"summary_large_image\" \/>\n<meta name=\"twitter:label1\" content=\"\uc608\uc0c1 \ub418\ub294 \ud310\ub3c5 \uc2dc\uac04\" \/>\n\t<meta name=\"twitter:data1\" content=\"1\ubd84\" \/>\n<script type=\"application\/ld+json\" class=\"yoast-schema-graph\">{\"@context\":\"https:\/\/schema.org\",\"@graph\":[{\"@type\":\"WebPage\",\"@id\":\"https:\/\/icr.you2.pl\/badania-wyrobow\/biokompatybilnosc\/\",\"url\":\"https:\/\/icr.you2.pl\/badania-wyrobow\/biokompatybilnosc\/\",\"name\":\"Biokompatybilno\u015b\u0107 - ICR POLSKA - badania i certyfikacja\",\"isPartOf\":{\"@id\":\"https:\/\/icr.you2.pl\/#website\"},\"primaryImageOfPage\":{\"@id\":\"https:\/\/icr.you2.pl\/badania-wyrobow\/biokompatybilnosc\/#primaryimage\"},\"image\":{\"@id\":\"https:\/\/icr.you2.pl\/badania-wyrobow\/biokompatybilnosc\/#primaryimage\"},\"thumbnailUrl\":\"http:\/\/icr.you2.pl\/wp-content\/uploads\/2020\/04\/implant-e1587567193650-251x300.jpg\",\"datePublished\":\"2020-04-22T12:41:41+00:00\",\"dateModified\":\"2022-09-07T21:31:21+00:00\",\"breadcrumb\":{\"@id\":\"https:\/\/icr.you2.pl\/badania-wyrobow\/biokompatybilnosc\/#breadcrumb\"},\"inLanguage\":\"ko-KR\",\"potentialAction\":[{\"@type\":\"ReadAction\",\"target\":[\"https:\/\/icr.you2.pl\/badania-wyrobow\/biokompatybilnosc\/\"]}]},{\"@type\":\"ImageObject\",\"inLanguage\":\"ko-KR\",\"@id\":\"https:\/\/icr.you2.pl\/badania-wyrobow\/biokompatybilnosc\/#primaryimage\",\"url\":\"http:\/\/icr.you2.pl\/wp-content\/uploads\/2020\/04\/implant-e1587567193650-251x300.jpg\",\"contentUrl\":\"http:\/\/icr.you2.pl\/wp-content\/uploads\/2020\/04\/implant-e1587567193650-251x300.jpg\"},{\"@type\":\"BreadcrumbList\",\"@id\":\"https:\/\/icr.you2.pl\/badania-wyrobow\/biokompatybilnosc\/#breadcrumb\",\"itemListElement\":[{\"@type\":\"ListItem\",\"position\":1,\"name\":\"Strona g\u0142\u00f3wna\",\"item\":\"https:\/\/icr.you2.pl\/\"},{\"@type\":\"ListItem\",\"position\":2,\"name\":\"Badania wyrob\u00f3w\",\"item\":\"https:\/\/icr.you2.pl\/badania-wyrobow\/\"},{\"@type\":\"ListItem\",\"position\":3,\"name\":\"Biokompatybilno\u015b\u0107\"}]},{\"@type\":\"WebSite\",\"@id\":\"https:\/\/icr.you2.pl\/#website\",\"url\":\"https:\/\/icr.you2.pl\/\",\"name\":\"ICR POLSKA - badania i certyfikacja\",\"description\":\"CE certification, CE certificate, ISO certificate, RED testing, product testing and certification, electrical product testing, medical device testing, ATEX, IECEx, FCC, product certification, EMC testing, machinery certification, CE machines, training, electronic product testing, testing 2014\/53\/EU, drone certification, ISO 13485 certificate, ISO 9001 certificate, NC RfG\",\"publisher\":{\"@id\":\"https:\/\/icr.you2.pl\/#\/schema\/person\/944799c9e2f4a94662e3fcb3b1544baf\"},\"potentialAction\":[{\"@type\":\"SearchAction\",\"target\":{\"@type\":\"EntryPoint\",\"urlTemplate\":\"https:\/\/icr.you2.pl\/?s={search_term_string}\"},\"query-input\":{\"@type\":\"PropertyValueSpecification\",\"valueRequired\":true,\"valueName\":\"search_term_string\"}}],\"inLanguage\":\"ko-KR\"},{\"@type\":[\"Person\",\"Organization\"],\"@id\":\"https:\/\/icr.you2.pl\/#\/schema\/person\/944799c9e2f4a94662e3fcb3b1544baf\",\"name\":\"admin\",\"image\":{\"@type\":\"ImageObject\",\"inLanguage\":\"ko-KR\",\"@id\":\"https:\/\/icr.you2.pl\/#\/schema\/person\/image\/\",\"url\":\"https:\/\/icr.you2.pl\/wp-content\/uploads\/2019\/05\/cropped-logo-icr.32f04ad5-1-1.png\",\"contentUrl\":\"https:\/\/icr.you2.pl\/wp-content\/uploads\/2019\/05\/cropped-logo-icr.32f04ad5-1-1.png\",\"width\":400,\"height\":148,\"caption\":\"admin\"},\"logo\":{\"@id\":\"https:\/\/icr.you2.pl\/#\/schema\/person\/image\/\"}}]}<\/script>\n<!-- \/ Yoast SEO plugin. -->","yoast_head_json":{"title":"\uc0dd\uccb4 \uc801\ud569\uc131 - ICR POLAND - \ud14c\uc2a4\ud2b8 \ubc0f \uc778\uc99d","robots":{"index":"index","follow":"follow","max-snippet":"max-snippet:-1","max-image-preview":"max-image-preview:large","max-video-preview":"max-video-preview:-1"},"canonical":"https:\/\/icr.you2.pl\/kr\/badania-wyrobow\/biokompatybilnosc\/","og_locale":"ko_KR","og_type":"article","og_title":"Biokompatybilno\u015b\u0107 - ICR POLSKA - badania i certyfikacja","og_description":"W naszych laboratoriach wykonujemy nast\u0119puj\u0105ce badania i testy wyrob\u00f3w medycznych zgodnie z normami serii ISO 10993: mutagenno\u015bci: bakteryjny test mutacji powrotnych badania in vitro aberracji chromosomowych badania in vivo mikroj\u0105derek kom\u00f3rek cytotoksyczno\u015bci in vitro, ostrej toksyczno\u015bci og\u00f3lnoustrojowej, podra\u017cnienia sk\u00f3ry, reaktywno\u015bci \u015br\u00f3dsk\u00f3rnej, podra\u017cnienia b\u0142ony \u015bluzowej jamy ustnej, pirogenowy, toksyczno\u015bci podchronicznej oraz implantacji, uczulenia sk\u00f3ry &nbsp; &nbsp;&hellip;&nbsp;\ub354 \ubcf4\uae30 &raquo;Biokompatybilno\u015b\u0107","og_url":"https:\/\/icr.you2.pl\/kr\/badania-wyrobow\/biokompatybilnosc\/","og_site_name":"ICR POLSKA - badania i certyfikacja","article_modified_time":"2022-09-07T21:31:21+00:00","og_image":[{"url":"http:\/\/icr.you2.pl\/wp-content\/uploads\/2020\/04\/implant-e1587567193650-251x300.jpg","type":"","width":"","height":""}],"twitter_card":"summary_large_image","twitter_misc":{"\uc608\uc0c1 \ub418\ub294 \ud310\ub3c5 \uc2dc\uac04":"1\ubd84"},"schema":{"@context":"https:\/\/schema.org","@graph":[{"@type":"WebPage","@id":"https:\/\/icr.you2.pl\/badania-wyrobow\/biokompatybilnosc\/","url":"https:\/\/icr.you2.pl\/badania-wyrobow\/biokompatybilnosc\/","name":"\uc0dd\uccb4 \uc801\ud569\uc131 - ICR POLAND - \ud14c\uc2a4\ud2b8 \ubc0f \uc778\uc99d","isPartOf":{"@id":"https:\/\/icr.you2.pl\/#website"},"primaryImageOfPage":{"@id":"https:\/\/icr.you2.pl\/badania-wyrobow\/biokompatybilnosc\/#primaryimage"},"image":{"@id":"https:\/\/icr.you2.pl\/badania-wyrobow\/biokompatybilnosc\/#primaryimage"},"thumbnailUrl":"http:\/\/icr.you2.pl\/wp-content\/uploads\/2020\/04\/implant-e1587567193650-251x300.jpg","datePublished":"2020-04-22T12:41:41+00:00","dateModified":"2022-09-07T21:31:21+00:00","breadcrumb":{"@id":"https:\/\/icr.you2.pl\/badania-wyrobow\/biokompatybilnosc\/#breadcrumb"},"inLanguage":"ko-KR","potentialAction":[{"@type":"ReadAction","target":["https:\/\/icr.you2.pl\/badania-wyrobow\/biokompatybilnosc\/"]}]},{"@type":"ImageObject","inLanguage":"ko-KR","@id":"https:\/\/icr.you2.pl\/badania-wyrobow\/biokompatybilnosc\/#primaryimage","url":"http:\/\/icr.you2.pl\/wp-content\/uploads\/2020\/04\/implant-e1587567193650-251x300.jpg","contentUrl":"http:\/\/icr.you2.pl\/wp-content\/uploads\/2020\/04\/implant-e1587567193650-251x300.jpg"},{"@type":"BreadcrumbList","@id":"https:\/\/icr.you2.pl\/badania-wyrobow\/biokompatybilnosc\/#breadcrumb","itemListElement":[{"@type":"ListItem","position":1,"name":"Strona g\u0142\u00f3wna","item":"https:\/\/icr.you2.pl\/"},{"@type":"ListItem","position":2,"name":"Badania wyrob\u00f3w","item":"https:\/\/icr.you2.pl\/badania-wyrobow\/"},{"@type":"ListItem","position":3,"name":"Biokompatybilno\u015b\u0107"}]},{"@type":"WebSite","@id":"https:\/\/icr.you2.pl\/#website","url":"https:\/\/icr.you2.pl\/","name":"ICR \ud3f4\ub780\ub4dc - \ud14c\uc2a4\ud2b8 \ubc0f \uc778\uc99d","description":"CE \uc778\uc99d, CE \uc778\uc99d\uc11c, ISO \uc778\uc99d\uc11c, RED \ud14c\uc2a4\ud2b8, \uc81c\ud488 \ud14c\uc2a4\ud2b8 \ubc0f \uc778\uc99d, \uc804\uae30 \uc81c\ud488 \ud14c\uc2a4\ud2b8, \uc758\ub8cc\uae30\uae30 \ud14c\uc2a4\ud2b8, ATEX, IECEx, FCC, \uc81c\ud488 \uc778\uc99d, EMC \ud14c\uc2a4\ud2b8, \uae30\uacc4 \uc778\uc99d, CE \uae30\uacc4, \uad50\uc721, \uc804\uc790 \uc81c\ud488 \ud14c\uc2a4\ud2b8, \ud14c\uc2a4\ud2b8 2014\/53\/EU, \ub4dc\ub860 \uc778\uc99d, ISO 13485 \uc778\uc99d\uc11c, ISO 9001 \uc778\uc99d\uc11c, NC RfG","publisher":{"@id":"https:\/\/icr.you2.pl\/#\/schema\/person\/944799c9e2f4a94662e3fcb3b1544baf"},"potentialAction":[{"@type":"SearchAction","target":{"@type":"EntryPoint","urlTemplate":"https:\/\/icr.you2.pl\/?s={search_term_string}"},"query-input":{"@type":"PropertyValueSpecification","valueRequired":true,"valueName":"search_term_string"}}],"inLanguage":"ko-KR"},{"@type":["Person","Organization"],"@id":"https:\/\/icr.you2.pl\/#\/schema\/person\/944799c9e2f4a94662e3fcb3b1544baf","name":"\uad00\ub9ac\uc790","image":{"@type":"ImageObject","inLanguage":"ko-KR","@id":"https:\/\/icr.you2.pl\/#\/schema\/person\/image\/","url":"https:\/\/icr.you2.pl\/wp-content\/uploads\/2019\/05\/cropped-logo-icr.32f04ad5-1-1.png","contentUrl":"https:\/\/icr.you2.pl\/wp-content\/uploads\/2019\/05\/cropped-logo-icr.32f04ad5-1-1.png","width":400,"height":148,"caption":"admin"},"logo":{"@id":"https:\/\/icr.you2.pl\/#\/schema\/person\/image\/"}}]}},"_links":{"self":[{"href":"https:\/\/icr.you2.pl\/kr\/wp-json\/wp\/v2\/pages\/3827","targetHints":{"allow":["GET"]}}],"collection":[{"href":"https:\/\/icr.you2.pl\/kr\/wp-json\/wp\/v2\/pages"}],"about":[{"href":"https:\/\/icr.you2.pl\/kr\/wp-json\/wp\/v2\/types\/page"}],"author":[{"embeddable":true,"href":"https:\/\/icr.you2.pl\/kr\/wp-json\/wp\/v2\/users\/2"}],"replies":[{"embeddable":true,"href":"https:\/\/icr.you2.pl\/kr\/wp-json\/wp\/v2\/comments?post=3827"}],"version-history":[{"count":0,"href":"https:\/\/icr.you2.pl\/kr\/wp-json\/wp\/v2\/pages\/3827\/revisions"}],"up":[{"embeddable":true,"href":"https:\/\/icr.you2.pl\/kr\/wp-json\/wp\/v2\/pages\/979"}],"wp:attachment":[{"href":"https:\/\/icr.you2.pl\/kr\/wp-json\/wp\/v2\/media?parent=3827"}],"curies":[{"name":"wp","href":"https:\/\/api.w.org\/{rel}","templated":true}]}}