{"id":433,"date":"2019-03-19T10:00:09","date_gmt":"2019-03-19T10:00:09","guid":{"rendered":"http:\/\/icrpolska.e-ksperci.pl\/?page_id=433"},"modified":"2024-12-30T11:01:47","modified_gmt":"2024-12-30T10:01:47","slug":"czlonkostwa","status":"publish","type":"page","link":"https:\/\/icr.you2.pl\/kr\/czlonkostwa\/","title":{"rendered":"\uba64\ubc84\uc2ed"},"content":{"rendered":"<p><strong><img decoding=\"async\" class=\"alignleft wp-image-2697\" src=\"http:\/\/icr.you2.pl\/wp-content\/uploads\/2019\/06\/REDCA_logo-e1559731944705.jpg\" alt=\"REDCA \" width=\"150\" height=\"101\" \/><\/strong><\/p>\n<p><strong>REDCA<\/strong>\u00a0(\ubb34\uc120 \uc7a5\ube44 \uc9c0\uce68 \uc900\uc218 \ud611\ud68c) - -<br \/>\n<strong>RED \uc9c0\uce68\uc5d0 \ub530\ub978 \uc778\uc99d\uae30\uad00 \ud611\ud68c<\/strong><\/p>\n<p>REDCA\ub294 \ubb34\uc120 \uc7a5\ube44 \uc9c0\uce68 2014\/53\/EU(RED)\uc758 \uc694\uad6c \uc0ac\ud56d, \ud2b9\ud788 \uc81c26.11\uc870 \ubc0f \uc81c38\uc870\uc758 \uc2e0\uace0 \uae30\uad00\uc5d0 \ub300\ud55c \uc900\uc218 \uc694\uac74\uc5d0 \ub530\ub77c \uc81c\uc815\ub418\uc5c8\uc2b5\ub2c8\ub2e4.<br \/>\nREDCA\ub294 \ubbf8\uad6d, \uce90\ub098\ub2e4, \uc77c\ubcf8, \ub274\uc9c8\ub79c\ub4dc, \ud638\uc8fc \ub4f1 EU\uc640 \uc0c1\ud638 \uc778\uc815 \ud611\uc815\uc744 \uccb4\uacb0\ud55c \uad6d\uac00\ubfd0\ub9cc \uc544\ub2c8\ub77c \uc720\ub7fd \uacbd\uc81c \uc9c0\uc5ed\uc758 \uaddc\uc815 \ubc0f \uae30\uc220 \ud45c\uc900\uc744 \uc900\uc218\ud558\ub294 \ubb34\uc120 \uc7a5\ube44\uc5d0 \uad00\uc2ec\uc774 \uc788\ub294 \ubaa8\ub4e0 \uc0ac\ub78c\ub4e4\uc744 \uc704\ud55c \ud3ec\ub7fc\uc744 \uc81c\uacf5\ud569\ub2c8\ub2e4. \ud68c\uc6d0\uc740 \uc8fc\ub85c \uc2e0\uace0 \uae30\uad00\uc785\ub2c8\ub2e4.<br \/>\n\ud611\ud68c \ud68c\uc6d0\uc0ac\ub4e4\uc740 1\ub144\uc5d0 \ub450 \ubc88 EEA\uc5d0\uc11c \ubaa8\uc784\uc744 \uac16\uc2b5\ub2c8\ub2e4. \uc774 \ud68c\uc758\uc5d0\uc11c \uc720\ub7fd\uc704\uc6d0\ud68c, ECC, ETSI, ADCO RED \ubc0f MRA\uc5d0 \ub300\ud55c \uacf5\ud1b5\uc758 \uc785\uc7a5\uc744 \uac1c\ubc1c\ud569\ub2c8\ub2e4.<\/p>\n<p>&nbsp;<\/p>\n<p><b>ExNBG<\/b>\u00a0(\uc720\ub7fd ATEX \uc778\uc99d \uae30\uad00 \uc870\uc815 \uadf8\ub8f9) - -<br \/>\n<b>ATEX \uc778\uc99d \uae30\uad00\uc758 \uc720\ub7fd \uc870\uc815 \uadf8\ub8f9<\/b><\/p>\n<p>ExNB\ub294 \ud3ed\ubc1c \uac00\ub2a5\uc131\uc774 \uc788\ub294 \ud658\uacbd\uc5d0\uc11c \uc0ac\uc6a9\ud558\uae30 \uc704\ud55c \uc7a5\ube44 \ubc0f \ubcf4\ud638 \uc2dc\uc2a4\ud15c\uc5d0 \uad00\ud55c \uc9c0\uce68 2014\/34\/EU(ATEX)\uc758 \uc694\uad6c \uc0ac\ud56d, \ud2b9\ud788 \uc778\uc99d \uae30\uad00\uc5d0 \ub300\ud55c \uc81c21.11\uc870 \ubc0f \uc81c33\uc870\uc758 \uc900\uc218 \uc694\uac74\uc5d0 \ub530\ub77c \uc81c\uc815\ub418\uc5c8\uc2b5\ub2c8\ub2e4.<br \/>\nExNB \uadf8\ub8f9\uc740 \ubaa8\ub4e0 \uc778\uc99d\uae30\uad00\uc774 \ud1b5\uc77c\ub41c \uac00\uc774\ub4dc\ub77c\uc778\uc5d0 \ub530\ub77c \uc791\uc5c5\ud558\ub3c4\ub85d \ubcf4\uc7a5\ud569\ub2c8\ub2e4. \ud68c\uc6d0\uc0ac \ud68c\uc758\uc5d0\uc11c \ud569\uc758\ub41c \uc774\ub7ec\ud55c \uc9c0\uce68\uc740 \uadf8\ub8f9 \uc0ac\ubb34\uad6d\uc5d0\uc11c \uc124\uba85\uc11c\ub97c \ud1b5\ud574 \uac8c\uc2dc\ud569\ub2c8\ub2e4.<\/p>\n<p><strong><img decoding=\"async\" class=\"wp-image-11034 alignleft\" src=\"http:\/\/icr.you2.pl\/wp-content\/uploads\/2023\/07\/Team_NB-300x284.jpg\" alt=\"\" width=\"123\" height=\"116\" srcset=\"https:\/\/icr.you2.pl\/wp-content\/uploads\/2023\/07\/Team_NB-300x284.jpg 300w, https:\/\/icr.you2.pl\/wp-content\/uploads\/2023\/07\/Team_NB-13x12.jpg 13w, https:\/\/icr.you2.pl\/wp-content\/uploads\/2023\/07\/Team_NB.jpg 519w\" sizes=\"(max-width: 123px) 100vw, 123px\" \/>TEAM -NB, \uc720\ub7fd \uc758\ub8cc\uae30\uae30 \uc778\uc99d\uae30\uad00 \ud611\ud68c<\/strong> \ub294 2001\ub144\uc5d0 \uc124\ub9bd\ub418\uc5c8\uc2b5\ub2c8\ub2e4.<br \/>\n\ud604\uc7ac \uc774 \ud611\ud68c\ub294 20\uac1c\uad6d\uc5d0\uc11c 40\uba85 \uc774\uc0c1\uc758 \ud68c\uc6d0\uc744 \ubcf4\uc720\ud558\uace0 \uc788\uc2b5\ub2c8\ub2e4.<\/p>\n<p>\uc774 \ud611\ud68c\ub294 \ub192\uc740 \uae30\uc900\uc744 \uc7a5\ub824\ud558\uace0 \uc778\uc99d \uae30\uad00\uc758 \uc774\uc775\uc744 \ubcf4\ud638\ud569\ub2c8\ub2e4.<\/p>\n<p>&nbsp;<\/p>\n<p><img decoding=\"async\" class=\"wp-image-2883 alignleft\" src=\"http:\/\/icr.you2.pl\/wp-content\/uploads\/2019\/06\/IECEx_logo-300x127.png\" sizes=\"(max-width: 236px) 100vw, 236px\" srcset=\"http:\/\/icr.you2.pl\/wp-content\/uploads\/2019\/06\/IECEx_logo-300x127.png 300w, http:\/\/icr.you2.pl\/wp-content\/uploads\/2019\/06\/IECEx_logo.png 318w\" alt=\"\" width=\"236\" height=\"100\" \/><\/p>\n<p><strong>\ud3ed\ubc1c\uc131 \ud658\uacbd\uc5d0\uc11c \uc0ac\uc6a9\ud558\uae30 \uc704\ud55c \uc7a5\ube44 \uad00\ub828 \ud45c\uc900 \uc778\uc99d\uc744 \uc704\ud55c \uad6d\uc81c\uc804\uae30\uae30\uc220\uc704\uc6d0\ud68c \uc2dc\uc2a4\ud15c(IECEx \uc2dc\uc2a4\ud15c)<\/strong><\/p>\n<p>\uc804 \uc138\uacc4 IECEx \uc2dc\uc2a4\ud15c\uc740 \ud3ed\ubc1c\uc131 \ud658\uacbd\uc5d0\uc11c \uc0ac\uc6a9\ub418\ub294 \uc7a5\ube44 \ubc0f \uc11c\ube44\uc2a4(Ex \uc7a5\ube44\/\uc81c\ud488)\uc758 \uad6d\uc81c \uac70\ub798\ub97c \ucd09\uc9c4\ud558\ub294 \ub3d9\uc2dc\uc5d0 \ud544\uc694\ud55c \uc218\uc900\uc758 \uc548\uc804\uc131\uc744 \uc720\uc9c0\ud558\uae30 \uc704\ud574 \ub9cc\ub4e4\uc5b4\uc84c\uc2b5\ub2c8\ub2e4.<\/p>\n<p><img loading=\"lazy\" decoding=\"async\" class=\"alignleft wp-image-2696\" src=\"http:\/\/icr.you2.pl\/wp-content\/uploads\/2019\/06\/pkn_logo-300x207.jpg\" alt=\"\" width=\"150\" height=\"96\" \/><\/p>\n<p>&nbsp;<\/p>\n<p>ICR \ud3f4\ub780\ub4dc\uc758 \ub300\ud45c\ub294 PKN\uc758 \ub2e4\uc74c \uae30\uc220 \uc704\uc6d0\ud68c \uc791\uc5c5\uc5d0 \uc801\uadf9\uc801\uc73c\ub85c \ucc38\uc5ec\ud569\ub2c8\ub2e4:<\/p>\n<p>&nbsp;<\/p>\n<ul>\n<li>KT 11 \ud1b5\uc2e0<\/li>\n<li>KT 19 \ud56d\uacf5\uc6b0\uc8fc<\/li>\n<li>\ud68c\uc804\uc2dd \uc804\uae30 \uae30\uacc4 \ubc0f \uc218\uc791\uc5c5 \ubc0f \ud734\ub300\uc6a9 \uc804\ub3d9 \uacf5\uad6c\uc5d0 \ub300\ud55c KT 56<\/li>\n<li>\uc18c\ube44\uc790 \uc804\uae30 \uc7a5\ube44\uc5d0 \ub300\ud55c KT 63<\/li>\n<li>\ud3ed\ubc1c \uac00\ub2a5\uc131\uc774 \uc788\ub294 \ub300\uae30\uc758 \uc804\uae30 \uc7a5\ube44\uc5d0 \ub300\ud55c KT 64<\/li>\n<li>\uc758\ub8cc\uc6a9 \uc804\uae30 \uc7a5\ube44\uc5d0 \ub300\ud55c KT 67<\/li>\n<li>\uc804\uc790\ud30c \uc801\ud569\uc131\uc5d0 \ub300\ud55c KT 104<\/li>\n<li>\uae30\uacc4 \ubc0f \uae30\uc220 \uc7a5\ube44\uc758 \uc548\uc804 \ubc0f \uc778\uccb4\uacf5\ud559\uc5d0 \uad00\ud55c KT 158 - \uc77c\ubc18 \ubb38\uc81c<\/li>\n<li>\ubb34\uae30 \ubc0f \uad70\uc0ac \uc7a5\ube44 \uc124\uacc4 \ubc0f \uc81c\uc870\uc6a9 KT 177<\/li>\n<li>\uc758\ub8cc\uc6a9 \uc18c\uc7ac \ubc0f \uc0dd\uccb4 \uc7ac\ub8cc\uc5d0 \ub300\ud55c KT 247<\/li>\n<li>\ud654\ud559\ubb3c\uc9c8 \uc548\uc804\uc5d0 \uad00\ud55c TC 269<\/li>\n<li>\uc804\uae30 \uacf5\uae09\uc758 \uc2dc\uc2a4\ud15c \uce21\uba74\uc5d0 \ub300\ud55c KT 304<\/li>\n<\/ul>\n<p>&nbsp;<\/p>","protected":false},"excerpt":{"rendered":"<p>REDCA(\ubb34\uc120 \uc7a5\ube44 \uc9c0\uce68 \uc900\uc218 \ud611\ud68c) - RED \uc9c0\uce68\uc5d0 \ub300\ud55c \uc778\uc99d \uae30\uad00 \ud611\ud68c REDCA\ub294 \ubb34\uc120 \uc7a5\ube44 \uc9c0\uce68 2014\/53\/EU(RED)\uc758 \uc694\uad6c \uc0ac\ud56d, \ud2b9\ud788 \uc778\uc99d \uae30\uad00\uc5d0 \ub300\ud55c \uc81c26.11\uc870 \ubc0f \uc81c38\uc870\uc758 \uc900\uc218 \uc694\uad6c \uc0ac\ud56d\uc5d0 \ub530\ub77c \uc124\ub9bd\ub418\uc5c8\uc2b5\ub2c8\ub2e4. REDCA\ub294 \ubb34\uc120 \uc7a5\ube44\uc758 \uc720\ub7fd \uaddc\uc815 \ubc0f \uae30\uc220 \ud45c\uc900 \uc900\uc218\uc5d0 \uad00\uc2ec\uc774 \uc788\ub294 \ubaa8\ub4e0 \uc0ac\ub78c\ub4e4\uc744 \uc704\ud55c \ud3ec\ub7fc\uc744 \uc81c\uacf5\ud569\ub2c8\ub2e4.&nbsp;<a href=\"https:\/\/icr.you2.pl\/kr\/czlonkostwa\/\" rel=\"bookmark\">\uc790\uc138\ud788 \ubcf4\uae30\"<span class=\"screen-reader-text\">\uba64\ubc84\uc2ed<\/span><\/a><\/p>","protected":false},"author":1,"featured_media":0,"parent":0,"menu_order":0,"comment_status":"closed","ping_status":"closed","template":"","meta":{"neve_meta_sidebar":"","neve_meta_container":"","neve_meta_enable_content_width":"off","neve_meta_content_width":70,"neve_meta_title_alignment":"","neve_meta_author_avatar":"","neve_post_elements_order":"","neve_meta_disable_header":"","neve_meta_disable_footer":"","neve_meta_disable_title":"","footnotes":""},"class_list":["post-433","page","type-page","status-publish","hentry"],"yoast_head":"<!-- This site is optimized with the Yoast SEO plugin v26.8 - https:\/\/yoast.com\/product\/yoast-seo-wordpress\/ -->\n<title>Cz\u0142onkostwa - ICR POLSKA - badania i certyfikacja<\/title>\n<meta name=\"robots\" content=\"index, follow, max-snippet:-1, max-image-preview:large, max-video-preview:-1\" \/>\n<link rel=\"canonical\" href=\"https:\/\/icr.you2.pl\/kr\/czlonkostwa\/\" \/>\n<meta property=\"og:locale\" content=\"ko_KR\" \/>\n<meta property=\"og:type\" content=\"article\" \/>\n<meta property=\"og:title\" content=\"Cz\u0142onkostwa - ICR POLSKA - badania i certyfikacja\" \/>\n<meta property=\"og:description\" content=\"REDCA\u00a0(Radio Equipment Directive Compliance Association) \u2013 Stowarzyszenie Jednostek Notyfikowanych w zakresie dyrektywy RED REDCA zosta\u0142a utworzona zgodnie z wymaganiami dyrektywy o urz\u0105dzeniach radiowych 2014\/53\/UE (RED), w szczeg\u00f3lno\u015bci wymaganiami zgodno\u015bci z art. 26.11 i art. 38 dla jednostek notyfikowanych. REDCA stanowi forum dla wszystkich os\u00f3b zainteresowanych zgodno\u015bci\u0105 urz\u0105dze\u0144 radiowych z przepisami i standardami technicznymi w Europejskim&hellip;&nbsp;\ub354 \ubcf4\uae30 &raquo;Cz\u0142onkostwa\" \/>\n<meta property=\"og:url\" content=\"https:\/\/icr.you2.pl\/kr\/czlonkostwa\/\" \/>\n<meta property=\"og:site_name\" content=\"ICR POLSKA - badania i certyfikacja\" \/>\n<meta property=\"article:modified_time\" content=\"2024-12-30T10:01:47+00:00\" \/>\n<meta property=\"og:image\" content=\"http:\/\/icr.you2.pl\/wp-content\/uploads\/2019\/06\/REDCA_logo-e1559731944705.jpg\" \/>\n<meta name=\"twitter:card\" content=\"summary_large_image\" \/>\n<meta name=\"twitter:label1\" content=\"\uc608\uc0c1 \ub418\ub294 \ud310\ub3c5 \uc2dc\uac04\" \/>\n\t<meta name=\"twitter:data1\" content=\"3\ubd84\" \/>\n<script type=\"application\/ld+json\" class=\"yoast-schema-graph\">{\"@context\":\"https:\/\/schema.org\",\"@graph\":[{\"@type\":\"WebPage\",\"@id\":\"https:\/\/icr.you2.pl\/czlonkostwa\/\",\"url\":\"https:\/\/icr.you2.pl\/czlonkostwa\/\",\"name\":\"Cz\u0142onkostwa - ICR POLSKA - badania i certyfikacja\",\"isPartOf\":{\"@id\":\"https:\/\/icr.you2.pl\/#website\"},\"primaryImageOfPage\":{\"@id\":\"https:\/\/icr.you2.pl\/czlonkostwa\/#primaryimage\"},\"image\":{\"@id\":\"https:\/\/icr.you2.pl\/czlonkostwa\/#primaryimage\"},\"thumbnailUrl\":\"http:\/\/icr.you2.pl\/wp-content\/uploads\/2019\/06\/REDCA_logo-e1559731944705.jpg\",\"datePublished\":\"2019-03-19T10:00:09+00:00\",\"dateModified\":\"2024-12-30T10:01:47+00:00\",\"breadcrumb\":{\"@id\":\"https:\/\/icr.you2.pl\/czlonkostwa\/#breadcrumb\"},\"inLanguage\":\"ko-KR\",\"potentialAction\":[{\"@type\":\"ReadAction\",\"target\":[\"https:\/\/icr.you2.pl\/czlonkostwa\/\"]}]},{\"@type\":\"ImageObject\",\"inLanguage\":\"ko-KR\",\"@id\":\"https:\/\/icr.you2.pl\/czlonkostwa\/#primaryimage\",\"url\":\"http:\/\/icr.you2.pl\/wp-content\/uploads\/2019\/06\/REDCA_logo-e1559731944705.jpg\",\"contentUrl\":\"http:\/\/icr.you2.pl\/wp-content\/uploads\/2019\/06\/REDCA_logo-e1559731944705.jpg\"},{\"@type\":\"BreadcrumbList\",\"@id\":\"https:\/\/icr.you2.pl\/czlonkostwa\/#breadcrumb\",\"itemListElement\":[{\"@type\":\"ListItem\",\"position\":1,\"name\":\"Strona g\u0142\u00f3wna\",\"item\":\"https:\/\/icr.you2.pl\/\"},{\"@type\":\"ListItem\",\"position\":2,\"name\":\"Cz\u0142onkostwa\"}]},{\"@type\":\"WebSite\",\"@id\":\"https:\/\/icr.you2.pl\/#website\",\"url\":\"https:\/\/icr.you2.pl\/\",\"name\":\"ICR POLSKA - badania i certyfikacja\",\"description\":\"CE certification, CE certificate, ISO certificate, RED testing, product testing and certification, electrical product testing, medical device testing, ATEX, IECEx, FCC, product certification, EMC testing, machinery certification, CE machines, training, electronic product testing, testing 2014\/53\/EU, drone certification, ISO 13485 certificate, ISO 9001 certificate, NC RfG\",\"publisher\":{\"@id\":\"https:\/\/icr.you2.pl\/#\/schema\/person\/944799c9e2f4a94662e3fcb3b1544baf\"},\"potentialAction\":[{\"@type\":\"SearchAction\",\"target\":{\"@type\":\"EntryPoint\",\"urlTemplate\":\"https:\/\/icr.you2.pl\/?s={search_term_string}\"},\"query-input\":{\"@type\":\"PropertyValueSpecification\",\"valueRequired\":true,\"valueName\":\"search_term_string\"}}],\"inLanguage\":\"ko-KR\"},{\"@type\":[\"Person\",\"Organization\"],\"@id\":\"https:\/\/icr.you2.pl\/#\/schema\/person\/944799c9e2f4a94662e3fcb3b1544baf\",\"name\":\"admin\",\"image\":{\"@type\":\"ImageObject\",\"inLanguage\":\"ko-KR\",\"@id\":\"https:\/\/icr.you2.pl\/#\/schema\/person\/image\/\",\"url\":\"https:\/\/icr.you2.pl\/wp-content\/uploads\/2019\/05\/cropped-logo-icr.32f04ad5-1-1.png\",\"contentUrl\":\"https:\/\/icr.you2.pl\/wp-content\/uploads\/2019\/05\/cropped-logo-icr.32f04ad5-1-1.png\",\"width\":400,\"height\":148,\"caption\":\"admin\"},\"logo\":{\"@id\":\"https:\/\/icr.you2.pl\/#\/schema\/person\/image\/\"}}]}<\/script>\n<!-- \/ Yoast SEO plugin. -->","yoast_head_json":{"title":"\uba64\ubc84\uc2ed - ICR \ud3f4\ub780\ub4dc - \uc2dc\ud5d8 \ubc0f \uc778\uc99d","robots":{"index":"index","follow":"follow","max-snippet":"max-snippet:-1","max-image-preview":"max-image-preview:large","max-video-preview":"max-video-preview:-1"},"canonical":"https:\/\/icr.you2.pl\/kr\/czlonkostwa\/","og_locale":"ko_KR","og_type":"article","og_title":"Cz\u0142onkostwa - ICR POLSKA - badania i certyfikacja","og_description":"REDCA\u00a0(Radio Equipment Directive Compliance Association) \u2013 Stowarzyszenie Jednostek Notyfikowanych w zakresie dyrektywy RED REDCA zosta\u0142a utworzona zgodnie z wymaganiami dyrektywy o urz\u0105dzeniach radiowych 2014\/53\/UE (RED), w szczeg\u00f3lno\u015bci wymaganiami zgodno\u015bci z art. 26.11 i art. 38 dla jednostek notyfikowanych. REDCA stanowi forum dla wszystkich os\u00f3b zainteresowanych zgodno\u015bci\u0105 urz\u0105dze\u0144 radiowych z przepisami i standardami technicznymi w Europejskim&hellip;&nbsp;\ub354 \ubcf4\uae30 &raquo;Cz\u0142onkostwa","og_url":"https:\/\/icr.you2.pl\/kr\/czlonkostwa\/","og_site_name":"ICR POLSKA - badania i certyfikacja","article_modified_time":"2024-12-30T10:01:47+00:00","og_image":[{"url":"http:\/\/icr.you2.pl\/wp-content\/uploads\/2019\/06\/REDCA_logo-e1559731944705.jpg","type":"","width":"","height":""}],"twitter_card":"summary_large_image","twitter_misc":{"\uc608\uc0c1 \ub418\ub294 \ud310\ub3c5 \uc2dc\uac04":"3\ubd84"},"schema":{"@context":"https:\/\/schema.org","@graph":[{"@type":"WebPage","@id":"https:\/\/icr.you2.pl\/czlonkostwa\/","url":"https:\/\/icr.you2.pl\/czlonkostwa\/","name":"\uba64\ubc84\uc2ed - ICR \ud3f4\ub780\ub4dc - \uc2dc\ud5d8 \ubc0f \uc778\uc99d","isPartOf":{"@id":"https:\/\/icr.you2.pl\/#website"},"primaryImageOfPage":{"@id":"https:\/\/icr.you2.pl\/czlonkostwa\/#primaryimage"},"image":{"@id":"https:\/\/icr.you2.pl\/czlonkostwa\/#primaryimage"},"thumbnailUrl":"http:\/\/icr.you2.pl\/wp-content\/uploads\/2019\/06\/REDCA_logo-e1559731944705.jpg","datePublished":"2019-03-19T10:00:09+00:00","dateModified":"2024-12-30T10:01:47+00:00","breadcrumb":{"@id":"https:\/\/icr.you2.pl\/czlonkostwa\/#breadcrumb"},"inLanguage":"ko-KR","potentialAction":[{"@type":"ReadAction","target":["https:\/\/icr.you2.pl\/czlonkostwa\/"]}]},{"@type":"ImageObject","inLanguage":"ko-KR","@id":"https:\/\/icr.you2.pl\/czlonkostwa\/#primaryimage","url":"http:\/\/icr.you2.pl\/wp-content\/uploads\/2019\/06\/REDCA_logo-e1559731944705.jpg","contentUrl":"http:\/\/icr.you2.pl\/wp-content\/uploads\/2019\/06\/REDCA_logo-e1559731944705.jpg"},{"@type":"BreadcrumbList","@id":"https:\/\/icr.you2.pl\/czlonkostwa\/#breadcrumb","itemListElement":[{"@type":"ListItem","position":1,"name":"Strona g\u0142\u00f3wna","item":"https:\/\/icr.you2.pl\/"},{"@type":"ListItem","position":2,"name":"Cz\u0142onkostwa"}]},{"@type":"WebSite","@id":"https:\/\/icr.you2.pl\/#website","url":"https:\/\/icr.you2.pl\/","name":"ICR \ud3f4\ub780\ub4dc - \ud14c\uc2a4\ud2b8 \ubc0f \uc778\uc99d","description":"CE \uc778\uc99d, CE \uc778\uc99d\uc11c, ISO \uc778\uc99d\uc11c, RED \ud14c\uc2a4\ud2b8, \uc81c\ud488 \ud14c\uc2a4\ud2b8 \ubc0f \uc778\uc99d, \uc804\uae30 \uc81c\ud488 \ud14c\uc2a4\ud2b8, \uc758\ub8cc\uae30\uae30 \ud14c\uc2a4\ud2b8, ATEX, IECEx, FCC, \uc81c\ud488 \uc778\uc99d, EMC \ud14c\uc2a4\ud2b8, \uae30\uacc4 \uc778\uc99d, CE \uae30\uacc4, \uad50\uc721, \uc804\uc790 \uc81c\ud488 \ud14c\uc2a4\ud2b8, \ud14c\uc2a4\ud2b8 2014\/53\/EU, \ub4dc\ub860 \uc778\uc99d, ISO 13485 \uc778\uc99d\uc11c, ISO 9001 \uc778\uc99d\uc11c, NC RfG","publisher":{"@id":"https:\/\/icr.you2.pl\/#\/schema\/person\/944799c9e2f4a94662e3fcb3b1544baf"},"potentialAction":[{"@type":"SearchAction","target":{"@type":"EntryPoint","urlTemplate":"https:\/\/icr.you2.pl\/?s={search_term_string}"},"query-input":{"@type":"PropertyValueSpecification","valueRequired":true,"valueName":"search_term_string"}}],"inLanguage":"ko-KR"},{"@type":["Person","Organization"],"@id":"https:\/\/icr.you2.pl\/#\/schema\/person\/944799c9e2f4a94662e3fcb3b1544baf","name":"\uad00\ub9ac\uc790","image":{"@type":"ImageObject","inLanguage":"ko-KR","@id":"https:\/\/icr.you2.pl\/#\/schema\/person\/image\/","url":"https:\/\/icr.you2.pl\/wp-content\/uploads\/2019\/05\/cropped-logo-icr.32f04ad5-1-1.png","contentUrl":"https:\/\/icr.you2.pl\/wp-content\/uploads\/2019\/05\/cropped-logo-icr.32f04ad5-1-1.png","width":400,"height":148,"caption":"admin"},"logo":{"@id":"https:\/\/icr.you2.pl\/#\/schema\/person\/image\/"}}]}},"_links":{"self":[{"href":"https:\/\/icr.you2.pl\/kr\/wp-json\/wp\/v2\/pages\/433","targetHints":{"allow":["GET"]}}],"collection":[{"href":"https:\/\/icr.you2.pl\/kr\/wp-json\/wp\/v2\/pages"}],"about":[{"href":"https:\/\/icr.you2.pl\/kr\/wp-json\/wp\/v2\/types\/page"}],"author":[{"embeddable":true,"href":"https:\/\/icr.you2.pl\/kr\/wp-json\/wp\/v2\/users\/1"}],"replies":[{"embeddable":true,"href":"https:\/\/icr.you2.pl\/kr\/wp-json\/wp\/v2\/comments?post=433"}],"version-history":[{"count":0,"href":"https:\/\/icr.you2.pl\/kr\/wp-json\/wp\/v2\/pages\/433\/revisions"}],"wp:attachment":[{"href":"https:\/\/icr.you2.pl\/kr\/wp-json\/wp\/v2\/media?parent=433"}],"curies":[{"name":"wp","href":"https:\/\/api.w.org\/{rel}","templated":true}]}}