{"id":435,"date":"2019-03-19T10:00:59","date_gmt":"2019-03-19T10:00:59","guid":{"rendered":"http:\/\/icrpolska.e-ksperci.pl\/?page_id=435"},"modified":"2023-03-16T14:21:01","modified_gmt":"2023-03-16T13:21:01","slug":"oferty-pracy","status":"publish","type":"page","link":"https:\/\/icr.you2.pl\/kr\/oferty-pracy\/","title":{"rendered":"\ucc44\uc6a9 \uae30\ud68c"},"content":{"rendered":"<p><strong>ICR Polska <\/strong>\ub294 2014\ub144\uc5d0 \uc11c\uc6b8\uc5d0 \ubcf8\uc0ac\ub97c \ub454 \uad6d\uc81c \uc5f0\uad6c \uc778\uc99d \uae30\uad00\uc778 ICR Co. \ub300\ud55c\ubbfc\uad6d \uc11c\uc6b8\uc5d0 \ubcf8\uc0ac\ub97c \ub454 \uad6d\uc81c \uc5f0\uad6c \ubc0f \uc778\uc99d \uae30\uad00\uc778 ICR(\uc8fc)\uc758 \uc720\ub7fd \uc9c0\uc0ac\ub85c 2014\ub144 \uc124\ub9bd\ub418\uc5c8\uc2b5\ub2c8\ub2e4.<\/p>\n<p>\ub2f9\uc0ac\ub294 \uad6d\ub0b4\uc678\uc5d0\uc11c TIC(\ud14c\uc2a4\ud2b8-\uac80\uc0ac-\uc778\uc99d) \ubd84\uc57c\uc5d0\uc11c \uad11\ubc94\uc704\ud55c \ud65c\ub3d9\uc744 \ud558\uace0 \uc788\uc2b5\ub2c8\ub2e4.<\/p>\n<p>ICR \ud3f4\ub780\ub4dc\ub294 \ucd5c\uadfc \uaddc\uc815 2017\/745 - MDR\uc5d0 \ub530\ub77c \uc758\ub8cc\uae30\uae30 \uc778\uc99d\uc5d0 \ub300\ud55c \ud3c9\uac00\ub97c \ubc1b\uc558\uc73c\uba70, \uc774\uc5d0 \ub530\ub77c \uc704 \ubd84\uc57c\uc5d0\uc11c \uac1c\ubc1c\ud558\uace0\uc790 \ud558\ub294 \uc758\uc9c0\uc640 \uacbd\ud5d8\uc744 \uac16\ucd98 \uc778\uc7ac\ub97c \ucc3e\uace0 \uc788\uc2b5\ub2c8\ub2e4.<\/p>\n<h3 align=\"center\"><b>\uc758\ub8cc\uae30\uae30 \uc778\uc99d \uc804\ubb38\uac00\u00a0<\/b><\/h3>\n<p>\uadfc\ubb34\uc9c0: \ubc14\ub974\uc0e4\ubc14, \ud480\ud0c0\uc784<\/p>\n<p><strong>\uc9c1\ubb34 \uc124\uba85:<\/strong><\/p>\n<ul>\n<li>\uc758\ub8cc \uae30\uae30 \ubb38\uc11c\uc5d0 \ub300\ud55c \ud615\uc2dd\uc801 \ubc0f \uc2e4\uc9c8\uc801 \ud3c9\uac00\ub97c \uc218\ud589\ud569\ub2c8\ub2e4,<\/li>\n<li>\ud2b9\uc815 \uc778\uc99d \ub2e8\uacc4\ub97c \uc218\ud589\ud558\ub294 \uc804\ubb38\uac00 \uc120\uc815 \ubc0f \uac10\ub3c5,<\/li>\n<li>\uace0\uac1d\uc758 \uc0ac\uc5c5\uc7a5\uc5d0\uc11c \ud604\uc7a5 \uac10\uc0ac\ub97c \uc218\ud589\ud569\ub2c8\ub2e4(\ud574\uc678\ub97c \ud3ec\ud568\ud55c \uc5ec\ud589 \uc758\ud5a5\uc774 \uc788\ub294 \uacbd\uc6b0),<\/li>\n<li>\ud604\uc7ac \uace0\uac1d \ubc0f \uc7a0\uc7ac \uace0\uac1d\uacfc \uae34\ubc00\ud558\uac8c \ud611\ub825\ud569\ub2c8\ub2e4,<\/li>\n<\/ul>\n<p><strong><b>\uc694\uad6c \uc0ac\ud56d<\/b>:<\/strong><\/p>\n<ul>\n<li>\uc758\ub8cc \uae30\uae30 \ubd84\uc57c\uc5d0\uc11c \ucd5c\uc18c 3\ub144 \uc774\uc0c1\uc758 \uc2e4\ubb34 \uacbd\ud5d8 \ubcf4\uc720,<\/li>\n<li>\uc758\ud559, \uc0dd\uba85\uacf5\ud559, \uc758\uc57d\ud654\ud559, \uc758\ub8cc \ubd84\uc11d, \uc0dd\uc758\ud559 \uacf5\ud559, \uc7ac\ub8cc\uacf5\ud559 \ubc0f \uad00\ub828 \ubd84\uc57c\uc758 \ub300\ud559 \ud559\uc704,<\/li>\n<li>CE \ubaa9\uc801\uc758 \uc758\ub8cc \uae30\uae30\uc5d0 \ub300\ud55c \uaddc\uc81c \ubc0f \uaddc\ubc94 \uc694\uad6c \uc0ac\ud56d\uc5d0 \ub300\ud55c \uc9c0\uc2dd,<\/li>\n<li>\ud488\uc9c8 \uad00\ub9ac \uc2dc\uc2a4\ud15c\uc5d0 \ub300\ud55c \uc9c0\uc2dd,<\/li>\n<li>\uace0\uae09 \uc218\uc900\uc758 \uc601\uc5b4 \uc9c0\uc2dd,<\/li>\n<\/ul>\n<p><strong><b>\uc81c\uacf5 \uc0ac\ud56d<\/b>:<\/strong><\/p>\n<ul>\n<li>\uace0\uc6a9 \uacc4\uc57d\uc5d0 \ub530\ub978 \uace0\uc6a9,<\/li>\n<li>\uace0\uc815 \uae09\uc5ec \ubc0f \uc131\uacfc \uad00\ub828 \ubcf4\ub108\uc2a4,<\/li>\n<li>\uc5ed\ub3d9\uc801\uc778 \uad6d\uc81c \uc870\uc9c1\uc5d0\uc11c \uad50\uc721\uacfc \uadfc\ubb34\ub97c \ud1b5\ud574 \uc804\ubb38\uc131\uc744 \uac1c\ubc1c\ud560 \uc218 \uc788\ub294 \uae30\ud68c,<\/li>\n<\/ul>\n<p>\ud68c\uc0ac \uc815\ubcf4:<\/p>\n<p><a href=\"http:\/\/icr.you2.pl\/kr\/\">http:\/\/icr.you2.pl\/<\/a><\/p>\n<p><a href=\"http:\/\/icrqa.com\/\">http:\/\/icrqa.com\/<\/a><\/p>\n<hr \/>\n<h3 align=\"center\"><b>\uacbd\uc601 \uc2dc\uc2a4\ud15c \uc778\uc99d \uc804\ubb38\uac00\u00a0<\/b><\/h3>\n<p><strong>\uc9c1\ubb34 \uc124\uba85:<\/strong><\/p>\n<ul>\n<li>\uc778\uc99d \ubc0f \uac10\ub3c5 \ud504\ub85c\uc138\uc2a4\uc5d0 \ub300\ud55c \uae30\ub85d \uc815\ub9ac \ubc0f \ubcf4\uad00<\/li>\n<li>\uace0\uac1d \ud655\ubcf4 \ubc0f \ud611\ub825<\/li>\n<li>\uac10\uc0ac\uc790\/\uc804\ubb38\uac00\uc758 \ud611\ub825 \ubc0f \uac10\ub3c5<\/li>\n<li>\uad6d\ub0b4 \ubc0f \ud574\uc678 \uace0\uac1d\uacfc\uc758 \ud611\ub825<\/li>\n<\/ul>\n<p><b>\uc694\uad6c \uc0ac\ud56d:<\/b><\/p>\n<ul>\n<li>\uae30\uc220 \ub300\ud559 \ud559\uc704<\/li>\n<li>\ucd5c\uc18c \uc720\uc0ac\ud55c \uc9c1\ucc45 \ub610\ub294 \uc0dd\uc0b0, \ub514\uc790\uc778 \ub610\ub294 \uc5f0\uad6c \ubd84\uc57c\uc758 \uae30\uc220\uc9c1\uc5d0\uc11c 2\ub144 \uc774\uc0c1 \uadfc\ubb34\ud55c \uacbd\ub825\uc774 \uc788\uc5b4\uc57c \ud569\ub2c8\ub2e4.<\/li>\n<li>ISO 9001, 14001, 13485 \uc2dc\ub9ac\uc988 \ud45c\uc900\uc5d0 \ub300\ud55c \uc9c0\uc2dd<\/li>\n<li>\uae30\uc220 \uc81c\ud488 \ubb38\uc11c\ub97c \ud3c9\uac00\ud558\uace0 \uace0\uac1d\uacfc \uc18c\ud1b5\ud560 \uc218 \uc788\ub294 \ucda9\ubd84\ud55c \uc601\uc5b4 \uc9c0\uc2dd \ubcf4\uc720<\/li>\n<li>ISO\/IEC 17021 \ubc0f ISO\/IEC 17065\uc5d0 \ub300\ud55c \uc9c0\uc2dd\uc774 \uc788\uc73c\uba74 \uc720\ub9ac\ud569\ub2c8\ub2e4.<\/li>\n<\/ul>\n<p><b>\uc6b0\ub9ac\uac00 \uc81c\uacf5\ud569\ub2c8\ub2e4:<\/b><\/p>\n<ul>\n<li>\uacc4\uc57d\uc9c1 \ub610\ub294 B2B \uace0\uc6a9<\/li>\n<li>\uc5ed\ub3d9\uc801\uc778 \ud68c\uc0ac\uc5d0\uc11c \uc77c\ud558\uba70 \ud765\ubbf8\ub85c\uc6b4 \ud504\ub85c\uc81d\ud2b8\uc5d0 \ucc38\uc5ec\ud558\uae30<\/li>\n<li>\uc720\uc5f0\ud55c \uc2dc\uc791 \uc2dc\uac04(\uc624\uc804 7:00~8:30 \uc0ac\uc774),<\/li>\n<li>\ud3b8\uc548\ud55c \ubd84\uc704\uae30\uc5d0\uc11c \uad6d\uc81c\uc801\uc778 \uc804\ubb38\uac00 \ud658\uacbd\uc5d0\uc11c \uc804\ubb38\uc131\uc744 \uac1c\ubc1c\ud560 \uc218 \uc788\ub294 \uae30\ud68c\ub97c \uc81c\uacf5\ud569\ub2c8\ub2e4,<\/li>\n<li>\uc790\uaca9 \uc720\uc9c0 \ubc0f \uac1c\ubc1c\uc744 \uc704\ud55c \uc804\ubb38 \uad50\uc721<\/li>\n<li>\uc5ed\ub7c9\uc5d0 \uc0c1\uc751\ud558\ub294 \ubcf4\uc218 \uc9c0\uae09<\/li>\n<\/ul>\n<p>&nbsp;<\/p>\n<hr \/>\n<p><strong>\uc2e0\uccad\uc11c\ub97c \ubcf4\ub0bc \ub54c \uc11c\uba74 \ub3d9\uc758\uc11c\ub97c \ucca8\ubd80\ud574 \uc8fc\uc138\uc694:<\/strong><br \/>\n\ubcf8\uc778\uc740 \ucc44\uc6a9 \uc808\ucc28\uc5d0 \ud544\uc694\ud55c \ubaa9\uc801\uc73c\ub85c \uc9c0\uc6d0 \uc11c\ub958\uc5d0 \ud3ec\ud568\ub41c \ubcf8\uc778\uc758 \uac1c\uc778 \ub370\uc774\ud130\ub97c ICR Polska Sp. z o. o.\uac00 \ucc98\ub9ac\ud558\ub294 \ub370 \ub3d9\uc758\ud569\ub2c8\ub2e4. \uc704 \ub0b4\uc6a9\uc5d0\ub3c4 \ubd88\uad6c\ud558\uace0, \ub2f9\uc0ac\ub294 \ub370\uc774\ud130 \uad00\ub9ac\uc790\uac00 \uad11\uace0\uc5d0 \uba85\uc2dc\ub41c \uae30\uc900\uc744 \ucda9\uc871\ud558\ub294 \uc120\ubcc4\ub41c \uc0ac\ub78c\uc5d0\uac8c \uc5f0\ub77d\ud560 \uad8c\ub9ac\ub97c \ubcf4\uc720\ud568\uc744 \uc54c\ub824\ub4dc\ub9bd\ub2c8\ub2e4. \ub3d9\uc2dc\uc5d0 \ub2f9\uc0ac\ub294 \uac1c\uc778\uc815\ubcf4 \ucc98\ub9ac\uc640 \uad00\ub828\ud55c \uc790\uc5f0\uc778 \ubcf4\ud638 \ubc0f \ud574\ub2f9 \ub370\uc774\ud130\uc758 \uc790\uc720\ub85c\uc6b4 \uc774\ub3d9\uc5d0 \uad00\ud55c \uc720\ub7fd\uc758\ud68c \ubc0f \uc774\uc0ac\ud68c(EU) \uaddc\uc815 2016\/679\ud638(2016\ub144 4\uc6d4 27\uc77c)\uc640 \uc9c0\uce68 95\/46\/EC(\uc77c\ubc18 \ub370\uc774\ud130 \ubcf4\ud638 \uaddc\uc815, \uc774\ud558 RODO) \ud3d0\uc9c0\uc5d0 \ub530\ub77c \uc9c4\ud589\ub418\ub294 \ub2f9\uc0ac\uc758 \ucc44\uc6a9\uc5d0\uc11c \uadc0\ud558\uc758 \uac1c\uc778\uc815\ubcf4 \ucc98\ub9ac\uc640 \uad00\ub828\ud55c \uc815\ubcf4\ub97c \uc81c\uacf5\ud569\ub2c8\ub2e4:<\/p>\n<ol>\n<li>\uc2e0\uccad \uc11c\ub958\uc5d0 \uba85\uc2dc\ub41c \uadc0\ud558\uc758 \uac1c\uc778 \ub370\uc774\ud130 \uad00\ub9ac\uc790\ub294 \ubc14\ub974\uc0e4\ubc14 03-944, Plac Przymierza 6\uc5d0 \ub4f1\ub85d \uc0ac\ubb34\uc18c\ub97c \ub454 ICR Polska Sp. z oo(\uc774\ud558 '\ub370\uc774\ud130 \uad00\ub9ac\uc790'\ub77c \ud568)\uc785\ub2c8\ub2e4.<\/li>\n<li>\ub370\uc774\ud130 \ucee8\ud2b8\ub864\ub7ec\ub294 \ud2b9\ud788 \uadc0\ud558\uc758 \uad8c\ub9ac \ud589\uc0ac\uc640 \uad00\ub828\ud558\uc5ec \ub370\uc774\ud130 \ubcf4\ud638\ubc95\uc5d0\uc11c \ubc1c\uc0dd\ud558\ub294 \uc758\ubb34\ub97c \uc774\ud589\ud560 \ucc45\uc784\uc774 \uc788\uc74c\uc744 \uc120\uc5b8\ud569\ub2c8\ub2e4.<\/li>\n<li>\ub2f9\uc0ac\uac00 \uadc0\ud558\uc758 \ub370\uc774\ud130\ub97c \ucc98\ub9ac\ud558\ub294 \uac83\uc5d0 \ub300\ud574 \uad81\uae08\ud55c \uc810\uc774 \uc788\uc73c\uba74 icrpolska@icrqa.com \uc73c\ub85c \ubb38\uc758\ud558\uc2dc\uae30 \ubc14\ub78d\ub2c8\ub2e4.<\/li>\n<li>\uadc0\ud558\uc758 \uac1c\uc778\uc815\ubcf4\ub294 \ud30c\ud2b8\ub108\uc2ed\uc744 \uad6c\ucd95\ud558\uae30 \uc704\ud55c \ubaa9\uc801\uc73c\ub85c \ucc98\ub9ac\ub429\ub2c8\ub2e4.<\/li>\n<li>\uc81c\uacf5\ub41c \uc790\uae30\uc18c\uac1c\uc11c, \uc774\ub825\uc11c \ubc0f\/\ub610\ub294 \uae30\ud0c0 \ubb38\uc11c\uc5d0 \uc774\ub984\uacfc \uc131, \uc0dd\ub144\uc6d4\uc77c, \uac70\uc8fc\uc9c0 \uc8fc\uc18c(\uc6b0\ud3b8 \uc8fc\uc18c), \uad50\uc721 \ubc0f \uc774\uc804 \uace0\uc6a9 \uc774\ub825\uc5d0 \ub300\ud55c \uc815\ubcf4\uc640 \uac19\uc740 \uac1c\uc778 \ub370\uc774\ud130\ub97c \uc81c\uacf5\ud558\ub294 \uac83\uc740 \uc790\ubc1c\uc801\uc774\uc9c0\ub9cc \ucc44\uc6a9 \ubaa9\uc801\uc744 \uc704\ud574 \ud544\uc694\ud558\uace0 \ud544\uc218\uc801\uc785\ub2c8\ub2e4.  \ub370\uc774\ud130\ub294 \ub178\ub3d9\ubc95 \uc81c6\uc870(1)(b)\ud56d \ubc0f \ub178\ub3d9\ubc95 \uc81c22\uc870(1) \u00a71\ud56d\uc5d0 \uadfc\uac70\ud558\uc5ec \ucc98\ub9ac\ub429\ub2c8\ub2e4.<\/li>\n<li>\uc774\uba54\uc77c \uc8fc\uc18c, \uc5f0\ub77d\ucc98 \uc804\ud654\ubc88\ud638 \ub610\ub294 \uc774\ub825\uc11c(\uc774\ubbf8\uc9c0)\uc5d0 \uae30\uc7ac\ub41c \uc0ac\uc9c4\uacfc \uac19\uc740 \uae30\ud0c0 \ub370\uc774\ud130\uc758 \uc81c\uacf5\uc740 \uc790\ubc1c\uc801\uc73c\ub85c \uc774\ub8e8\uc5b4\uc9c0\uba70, \uc774\ub7ec\ud55c \ub370\uc774\ud130\uc758 \ucc98\ub9ac\ub294 \uc81c6\uc870(1)(a)\ud56d RODO\uc5d0 \uadfc\uac70\ud558\uc5ec \uadc0\ud558\uc758 \ub3d9\uc758\uc5d0 \ub530\ub77c \uc774\ub8e8\uc5b4\uc9d1\ub2c8\ub2e4.<\/li>\n<li>\uadc0\ud558\uc758 \uac1c\uc778 \ub370\uc774\ud130 \uc218\uc2e0\uc790\ub294 ICR Polska Sp. z o.o. \ubc0f \ucc44\uc6a9 \uc808\ucc28\ub97c \uc218\ud589\ud558\ub294 \ub370\uc774\ud130 \ucee8\ud2b8\ub864\ub7ec\uc758 \uc2b9\uc778\ub41c \uc9c1\uc6d0\/\ub3d9\ub8cc\uc785\ub2c8\ub2e4.<\/li>\n<li>\uadc0\ud558\uc758 \uac1c\uc778 \ub370\uc774\ud130\ub294 \ucc44\uc6a9 \uae30\uac04 \ub3d9\uc548, \uc811\uc218\uc77c\ub85c\ubd80\ud130 \ucd5c\ub300 12\uac1c\uc6d4 \ub3d9\uc548 \ubcf4\uad00\ub429\ub2c8\ub2e4.<\/li>\n<li>\ud68c\uc6d0\ub2d8\uc758 \ub3d9\uc758\uac00 \uc788\ub294 \uacbd\uc6b0, \uc81c\uacf5\ub41c \ub370\uc774\ud130\ub294 \ucd94\uac00 \ucc44\uc6a9\uc744 \uc704\ud574 \ub3d9\uc758\uc77c\ub85c\ubd80\ud130 \ucd5c\ub300 24\uac1c\uc6d4 \ub3d9\uc548 \ubcf4\uad00\ub429\ub2c8\ub2e4.<\/li>\n<li>DPA\uc5d0 \uba85\uc2dc\ub41c \uc6d0\uce59\uc5d0 \ub530\ub77c \uadc0\ud558\ub294 \uc5b8\uc81c\ub4e0\uc9c0 \uadc0\ud558\uc758 \ub370\uc774\ud130 \ucf58\ud150\uce20\uc5d0 \uc561\uc138\uc2a4\ud560 \uc218 \uc788\ub294 \uad8c\ub9ac\uc640 \uc218\uc815, \uc0ad\uc81c, \ucc98\ub9ac \uc81c\ud55c, \ub370\uc774\ud130 \uc774\ub3d9\uad8c, \ubc18\ub300\ud560 \uad8c\ub9ac \ubc0f \ucc98\ub9ac \ub3d9\uc758\ub97c \ucca0\ud68c\ud560 \uad8c\ub9ac\uac00 \uc788\uc2b5\ub2c8\ub2e4.<\/li>\n<li>\ub3d9\uc758 \ucca0\ud68c\ub294 \ub3d9\uc758 \ucca0\ud68c \uc774\uc804\uc5d0 \uc218\ud589\ub41c \ucc98\ub9ac\uc758 \uc801\ubc95\uc131\uc5d0\ub294 \uc601\ud5a5\uc744 \ubbf8\uce58\uc9c0 \uc54a\uc2b5\ub2c8\ub2e4.<\/li>\n<li>\uadc0\ud558\uc758 \ub370\uc774\ud130 \ucc98\ub9ac\uc5d0 \ub300\ud55c \ub3d9\uc758\ub97c \ucca0\ud68c\ud558\uac70\ub098 \ucc44\uc6a9 \uacfc\uc815\uc5d0\uc11c \uc5bb\uc740 \ub370\uc774\ud130\uc758 \uc0ad\uc81c\ub97c \uc694\uccad\ud558\ub824\uba74 \ub370\uc774\ud130 \ucee8\ud2b8\ub864\ub7ec\uc758 \ub4f1\ub85d \uc0ac\ubb34\uc18c \uc8fc\uc18c\ub85c \uc6b0\ud3b8 \ub610\ub294 \uc774\uba54\uc77c\ub85c \ubcf4\ub0b4\uc8fc\uc2dc\uae30 \ubc14\ub78d\ub2c8\ub2e4: icrpolska@icrqa.com<\/li>\n<li>\uadc0\ud558\uc758 \uac1c\uc778 \ub370\uc774\ud130\ub294 \uc81c3\uad6d \ub610\ub294 \uad6d\uc81c\uae30\uad6c\ub85c \uc804\uc1a1\ub418\uc9c0 \uc54a\uc2b5\ub2c8\ub2e4.<\/li>\n<li>\uadc0\ud558\uc758 \ub370\uc774\ud130\ub294 \uc790\ub3d9 \ucc98\ub9ac\uc758 \uacb0\uacfc\ub85c \uacb0\uc815\uc774 \ub0b4\ub824\uc9c0\uac70\ub098 \uae30\ud0c0 \ubc95\uc801 \ud6a8\ub825\uc774 \ubc1c\uc0dd\ud558\uac70\ub098 \uadc0\ud558\uc758 \uc0c1\ud669\uc5d0 \uc911\ub300\ud55c \uc601\ud5a5\uc744 \ubbf8\uce60 \uc218 \uc788\ub294 \ubc29\uc2dd\uc73c\ub85c \uc790\ub3d9\ud654\ub41c \ubc29\uc2dd\uc73c\ub85c \ucc98\ub9ac\ub418\uc9c0 \uc54a\uc2b5\ub2c8\ub2e4.<\/li>\n<li>\ud68c\uc6d0\ub2d8\uc758 \ub370\uc774\ud130\ub294 \ud504\ub85c\ud30c\uc77c\ub9c1\ub418\uc9c0 \uc54a\uc2b5\ub2c8\ub2e4.<\/li>\n<li>\uadc0\ud558\ub294 \uc790\uc2e0\uacfc \uad00\ub828\ub41c \uac1c\uc778 \ub370\uc774\ud130\uc758 \ucc98\ub9ac\uac00 \ubc95\ub960\uc744 \uc704\ubc18\ud55c\ub2e4\uace0 \uc0dd\uac01\ud558\ub294 \uacbd\uc6b0 \uac1c\uc778 \uc815\ubcf4 \ubcf4\ud638 \uae30\uad00\uc758 \uc7a5\uc5d0\uac8c \ubd88\ub9cc\uc744 \uc81c\uae30\ud560 \uad8c\ub9ac\uac00 \uc788\uc2b5\ub2c8\ub2e4.<\/li>\n<\/ol>","protected":false},"excerpt":{"rendered":"<p>ICR Polska Sp. z o.o.\ub294 2014\ub144\uc5d0 \uc11c\uc6b8\uc5d0 \ubcf8\uc0ac\ub97c \ub454 \uad6d\uc81c \uc2dc\ud5d8 \uc778\uc99d \uae30\uad00\uc778 ICR Co. \ub300\ud55c\ubbfc\uad6d \uc11c\uc6b8\uc5d0 \ubcf8\uc0ac\ub97c \ub454 \uad6d\uc81c \uc2dc\ud5d8 \ubc0f \uc778\uc99d \uae30\uad00\uc778 ICR(\uc8fc)\uc758 \uc720\ub7fd \uc9c0\uc0ac\ub85c 2014\ub144 \uc124\ub9bd\ub418\uc5c8\uc2b5\ub2c8\ub2e4. \uad6d\ub0b4\uc678\uc5d0\uc11c TIC(\uc2dc\ud5d8-\uac80\uc0ac-\uc778\uc99d) \ubd84\uc57c\uc5d0\uc11c \uad11\ubc94\uc704\ud55c \ud65c\ub3d9\uc744 \ud558\uace0 \uc788\uc2b5\ub2c8\ub2e4. ICR \ud3f4\ub780\ub4dc\ub294 \ucd5c\uadfc \uaddc\uc815 2017\/745\uc5d0 \ub530\ub77c \uc758\ub8cc\uae30\uae30 \uc778\uc99d\uc744 \uc704\ud55c \ud3c9\uac00\ub97c \ubc1b\uc558\uc2b5\ub2c8\ub2e4....&nbsp;<a href=\"https:\/\/icr.you2.pl\/kr\/oferty-pracy\/\" rel=\"bookmark\">\uc790\uc138\ud788 \ubcf4\uae30\"<span class=\"screen-reader-text\">\ucc44\uc6a9 \uae30\ud68c<\/span><\/a><\/p>","protected":false},"author":1,"featured_media":259,"parent":0,"menu_order":0,"comment_status":"closed","ping_status":"closed","template":"","meta":{"neve_meta_sidebar":"","neve_meta_container":"","neve_meta_enable_content_width":"off","neve_meta_content_width":70,"neve_meta_title_alignment":"","neve_meta_author_avatar":"","neve_post_elements_order":"","neve_meta_disable_header":"","neve_meta_disable_footer":"","neve_meta_disable_title":"","footnotes":""},"class_list":["post-435","page","type-page","status-publish","has-post-thumbnail","hentry"],"yoast_head":"<!-- This site is optimized with the Yoast SEO plugin v26.8 - https:\/\/yoast.com\/product\/yoast-seo-wordpress\/ -->\n<title>Oferty pracy - ICR POLSKA - badania i certyfikacja<\/title>\n<meta name=\"robots\" content=\"index, follow, max-snippet:-1, max-image-preview:large, max-video-preview:-1\" \/>\n<link rel=\"canonical\" href=\"https:\/\/icr.you2.pl\/kr\/oferty-pracy\/\" \/>\n<meta property=\"og:locale\" content=\"ko_KR\" \/>\n<meta property=\"og:type\" content=\"article\" \/>\n<meta property=\"og:title\" content=\"Oferty pracy - ICR POLSKA - badania i certyfikacja\" \/>\n<meta property=\"og:description\" content=\"ICR Polska Sp. z o.o. rozpocz\u0119\u0142a dzia\u0142alno\u015b\u0107 w 2014 jako Europejski oddzia\u0142 ICR Co. Ltd., mi\u0119dzynarodowej jednostki badawczo-certyfikuj\u0105cej z siedzib\u0105 w Seulu w Korei Po\u0142udniowej. Prowadzimy rozleg\u0142\u0105 dzia\u0142alno\u015b\u0107 w zakresie obszaru TIC \u2013 Testing-Inspection-Certification w kraju i zagranic\u0105. ICR Polska niedawno przesz\u0142a ocen\u0119 pod k\u0105tem uzyskania uprawnie\u0144 w zakresie certyfikacji wyrob\u00f3w medycznych wg Rozporz\u0105dzenia 2017\/745&hellip;&nbsp;\ub354 \ubcf4\uae30 &raquo;Oferty pracy\" \/>\n<meta property=\"og:url\" content=\"https:\/\/icr.you2.pl\/kr\/oferty-pracy\/\" \/>\n<meta property=\"og:site_name\" content=\"ICR POLSKA - badania i certyfikacja\" \/>\n<meta property=\"article:modified_time\" content=\"2023-03-16T13:21:01+00:00\" \/>\n<meta name=\"twitter:card\" content=\"summary_large_image\" \/>\n<meta name=\"twitter:label1\" content=\"\uc608\uc0c1 \ub418\ub294 \ud310\ub3c5 \uc2dc\uac04\" \/>\n\t<meta name=\"twitter:data1\" content=\"6\ubd84\" \/>\n<script type=\"application\/ld+json\" class=\"yoast-schema-graph\">{\"@context\":\"https:\/\/schema.org\",\"@graph\":[{\"@type\":\"WebPage\",\"@id\":\"https:\/\/icr.you2.pl\/oferty-pracy\/\",\"url\":\"https:\/\/icr.you2.pl\/oferty-pracy\/\",\"name\":\"Oferty pracy - ICR POLSKA - badania i certyfikacja\",\"isPartOf\":{\"@id\":\"https:\/\/icr.you2.pl\/#website\"},\"primaryImageOfPage\":{\"@id\":\"https:\/\/icr.you2.pl\/oferty-pracy\/#primaryimage\"},\"image\":{\"@id\":\"https:\/\/icr.you2.pl\/oferty-pracy\/#primaryimage\"},\"thumbnailUrl\":\"\",\"datePublished\":\"2019-03-19T10:00:59+00:00\",\"dateModified\":\"2023-03-16T13:21:01+00:00\",\"breadcrumb\":{\"@id\":\"https:\/\/icr.you2.pl\/oferty-pracy\/#breadcrumb\"},\"inLanguage\":\"ko-KR\",\"potentialAction\":[{\"@type\":\"ReadAction\",\"target\":[\"https:\/\/icr.you2.pl\/oferty-pracy\/\"]}]},{\"@type\":\"ImageObject\",\"inLanguage\":\"ko-KR\",\"@id\":\"https:\/\/icr.you2.pl\/oferty-pracy\/#primaryimage\",\"url\":\"\",\"contentUrl\":\"\"},{\"@type\":\"BreadcrumbList\",\"@id\":\"https:\/\/icr.you2.pl\/oferty-pracy\/#breadcrumb\",\"itemListElement\":[{\"@type\":\"ListItem\",\"position\":1,\"name\":\"Strona g\u0142\u00f3wna\",\"item\":\"https:\/\/icr.you2.pl\/\"},{\"@type\":\"ListItem\",\"position\":2,\"name\":\"Oferty pracy\"}]},{\"@type\":\"WebSite\",\"@id\":\"https:\/\/icr.you2.pl\/#website\",\"url\":\"https:\/\/icr.you2.pl\/\",\"name\":\"ICR POLSKA - badania i certyfikacja\",\"description\":\"CE certification, CE certificate, ISO certificate, RED testing, product testing and certification, electrical product testing, medical device testing, ATEX, IECEx, FCC, product certification, EMC testing, machinery certification, CE machines, training, electronic product testing, testing 2014\/53\/EU, drone certification, ISO 13485 certificate, ISO 9001 certificate, NC RfG\",\"publisher\":{\"@id\":\"https:\/\/icr.you2.pl\/#\/schema\/person\/944799c9e2f4a94662e3fcb3b1544baf\"},\"potentialAction\":[{\"@type\":\"SearchAction\",\"target\":{\"@type\":\"EntryPoint\",\"urlTemplate\":\"https:\/\/icr.you2.pl\/?s={search_term_string}\"},\"query-input\":{\"@type\":\"PropertyValueSpecification\",\"valueRequired\":true,\"valueName\":\"search_term_string\"}}],\"inLanguage\":\"ko-KR\"},{\"@type\":[\"Person\",\"Organization\"],\"@id\":\"https:\/\/icr.you2.pl\/#\/schema\/person\/944799c9e2f4a94662e3fcb3b1544baf\",\"name\":\"admin\",\"image\":{\"@type\":\"ImageObject\",\"inLanguage\":\"ko-KR\",\"@id\":\"https:\/\/icr.you2.pl\/#\/schema\/person\/image\/\",\"url\":\"https:\/\/icr.you2.pl\/wp-content\/uploads\/2019\/05\/cropped-logo-icr.32f04ad5-1-1.png\",\"contentUrl\":\"https:\/\/icr.you2.pl\/wp-content\/uploads\/2019\/05\/cropped-logo-icr.32f04ad5-1-1.png\",\"width\":400,\"height\":148,\"caption\":\"admin\"},\"logo\":{\"@id\":\"https:\/\/icr.you2.pl\/#\/schema\/person\/image\/\"}}]}<\/script>\n<!-- \/ Yoast SEO plugin. -->","yoast_head_json":{"title":"\ucc44\uc6a9 \uae30\ud68c - ICR \ud3f4\ub780\ub4dc - \uc2dc\ud5d8 \ubc0f \uc778\uc99d","robots":{"index":"index","follow":"follow","max-snippet":"max-snippet:-1","max-image-preview":"max-image-preview:large","max-video-preview":"max-video-preview:-1"},"canonical":"https:\/\/icr.you2.pl\/kr\/oferty-pracy\/","og_locale":"ko_KR","og_type":"article","og_title":"Oferty pracy - ICR POLSKA - badania i certyfikacja","og_description":"ICR Polska Sp. z o.o. rozpocz\u0119\u0142a dzia\u0142alno\u015b\u0107 w 2014 jako Europejski oddzia\u0142 ICR Co. Ltd., mi\u0119dzynarodowej jednostki badawczo-certyfikuj\u0105cej z siedzib\u0105 w Seulu w Korei Po\u0142udniowej. Prowadzimy rozleg\u0142\u0105 dzia\u0142alno\u015b\u0107 w zakresie obszaru TIC \u2013 Testing-Inspection-Certification w kraju i zagranic\u0105. ICR Polska niedawno przesz\u0142a ocen\u0119 pod k\u0105tem uzyskania uprawnie\u0144 w zakresie certyfikacji wyrob\u00f3w medycznych wg Rozporz\u0105dzenia 2017\/745&hellip;&nbsp;\ub354 \ubcf4\uae30 &raquo;Oferty pracy","og_url":"https:\/\/icr.you2.pl\/kr\/oferty-pracy\/","og_site_name":"ICR POLSKA - badania i certyfikacja","article_modified_time":"2023-03-16T13:21:01+00:00","twitter_card":"summary_large_image","twitter_misc":{"\uc608\uc0c1 \ub418\ub294 \ud310\ub3c5 \uc2dc\uac04":"6\ubd84"},"schema":{"@context":"https:\/\/schema.org","@graph":[{"@type":"WebPage","@id":"https:\/\/icr.you2.pl\/oferty-pracy\/","url":"https:\/\/icr.you2.pl\/oferty-pracy\/","name":"\ucc44\uc6a9 \uae30\ud68c - ICR \ud3f4\ub780\ub4dc - \uc2dc\ud5d8 \ubc0f \uc778\uc99d","isPartOf":{"@id":"https:\/\/icr.you2.pl\/#website"},"primaryImageOfPage":{"@id":"https:\/\/icr.you2.pl\/oferty-pracy\/#primaryimage"},"image":{"@id":"https:\/\/icr.you2.pl\/oferty-pracy\/#primaryimage"},"thumbnailUrl":"","datePublished":"2019-03-19T10:00:59+00:00","dateModified":"2023-03-16T13:21:01+00:00","breadcrumb":{"@id":"https:\/\/icr.you2.pl\/oferty-pracy\/#breadcrumb"},"inLanguage":"ko-KR","potentialAction":[{"@type":"ReadAction","target":["https:\/\/icr.you2.pl\/oferty-pracy\/"]}]},{"@type":"ImageObject","inLanguage":"ko-KR","@id":"https:\/\/icr.you2.pl\/oferty-pracy\/#primaryimage","url":"","contentUrl":""},{"@type":"BreadcrumbList","@id":"https:\/\/icr.you2.pl\/oferty-pracy\/#breadcrumb","itemListElement":[{"@type":"ListItem","position":1,"name":"Strona g\u0142\u00f3wna","item":"https:\/\/icr.you2.pl\/"},{"@type":"ListItem","position":2,"name":"Oferty pracy"}]},{"@type":"WebSite","@id":"https:\/\/icr.you2.pl\/#website","url":"https:\/\/icr.you2.pl\/","name":"ICR \ud3f4\ub780\ub4dc - \ud14c\uc2a4\ud2b8 \ubc0f \uc778\uc99d","description":"CE \uc778\uc99d, CE \uc778\uc99d\uc11c, ISO \uc778\uc99d\uc11c, RED \ud14c\uc2a4\ud2b8, \uc81c\ud488 \ud14c\uc2a4\ud2b8 \ubc0f \uc778\uc99d, \uc804\uae30 \uc81c\ud488 \ud14c\uc2a4\ud2b8, \uc758\ub8cc\uae30\uae30 \ud14c\uc2a4\ud2b8, ATEX, IECEx, FCC, \uc81c\ud488 \uc778\uc99d, EMC \ud14c\uc2a4\ud2b8, \uae30\uacc4 \uc778\uc99d, CE \uae30\uacc4, \uad50\uc721, \uc804\uc790 \uc81c\ud488 \ud14c\uc2a4\ud2b8, \ud14c\uc2a4\ud2b8 2014\/53\/EU, \ub4dc\ub860 \uc778\uc99d, ISO 13485 \uc778\uc99d\uc11c, ISO 9001 \uc778\uc99d\uc11c, NC RfG","publisher":{"@id":"https:\/\/icr.you2.pl\/#\/schema\/person\/944799c9e2f4a94662e3fcb3b1544baf"},"potentialAction":[{"@type":"SearchAction","target":{"@type":"EntryPoint","urlTemplate":"https:\/\/icr.you2.pl\/?s={search_term_string}"},"query-input":{"@type":"PropertyValueSpecification","valueRequired":true,"valueName":"search_term_string"}}],"inLanguage":"ko-KR"},{"@type":["Person","Organization"],"@id":"https:\/\/icr.you2.pl\/#\/schema\/person\/944799c9e2f4a94662e3fcb3b1544baf","name":"\uad00\ub9ac\uc790","image":{"@type":"ImageObject","inLanguage":"ko-KR","@id":"https:\/\/icr.you2.pl\/#\/schema\/person\/image\/","url":"https:\/\/icr.you2.pl\/wp-content\/uploads\/2019\/05\/cropped-logo-icr.32f04ad5-1-1.png","contentUrl":"https:\/\/icr.you2.pl\/wp-content\/uploads\/2019\/05\/cropped-logo-icr.32f04ad5-1-1.png","width":400,"height":148,"caption":"admin"},"logo":{"@id":"https:\/\/icr.you2.pl\/#\/schema\/person\/image\/"}}]}},"_links":{"self":[{"href":"https:\/\/icr.you2.pl\/kr\/wp-json\/wp\/v2\/pages\/435","targetHints":{"allow":["GET"]}}],"collection":[{"href":"https:\/\/icr.you2.pl\/kr\/wp-json\/wp\/v2\/pages"}],"about":[{"href":"https:\/\/icr.you2.pl\/kr\/wp-json\/wp\/v2\/types\/page"}],"author":[{"embeddable":true,"href":"https:\/\/icr.you2.pl\/kr\/wp-json\/wp\/v2\/users\/1"}],"replies":[{"embeddable":true,"href":"https:\/\/icr.you2.pl\/kr\/wp-json\/wp\/v2\/comments?post=435"}],"version-history":[{"count":0,"href":"https:\/\/icr.you2.pl\/kr\/wp-json\/wp\/v2\/pages\/435\/revisions"}],"wp:featuredmedia":[{"embeddable":true,"href":"https:\/\/icr.you2.pl\/kr\/wp-json\/"}],"wp:attachment":[{"href":"https:\/\/icr.you2.pl\/kr\/wp-json\/wp\/v2\/media?parent=435"}],"curies":[{"name":"wp","href":"https:\/\/api.w.org\/{rel}","templated":true}]}}