{"id":1899,"date":"2019-05-22T06:51:40","date_gmt":"2019-05-22T06:51:40","guid":{"rendered":"http:\/\/icrpolska.e-ksperci.pl\/?page_id=1899"},"modified":"2022-09-07T23:02:26","modified_gmt":"2022-09-07T21:02:26","slug":"iso-9001","status":"publish","type":"page","link":"https:\/\/icr.you2.pl\/lt\/certyfikacja-systemow\/iso-9001\/","title":{"rendered":"ISO 9001 - Tarptautin\u0117 standartizacijos organizacija"},"content":{"rendered":"<h2>Kas yra ISO 9001?<\/h2>\n<p class=\"translation-block\">ISO 9001 - tai ISO (Tarptautin\u0117s standartizacijos organizacijos) sukurta standart\u0173 grup\u0117, susijusi su kokyb\u0117s vadybos sistemomis ir skirta pad\u0117ti organizacijoms tenkinti klient\u0173 ir kit\u0173 <strong>suinteresuot\u0173j\u0173 \u0161ali\u0173 poreikius<\/strong>.<\/p>\n<p>ISO 9001 - tai sertifikavimo sistema, kuria u\u017etikrinamas sertifikavimas tikrinant, ar organizacijos kokyb\u0117s vadybos sistema atitinka ISO 9001 standart\u0105. Standartas gali b\u016bti taikomas visuose pramon\u0117s sektoriuose, susij\u0119s ne tik su gamyba, statyba ir paslaugomis, bet ir su vie\u0161\u0173j\u0173 paslaug\u0173 sektoriais, pavyzd\u017eiui, mokyklomis.<\/p>\n<h4>Pagrindin\u0117s ISO 9001 s\u0105vokos<\/h4>\n<ul>\n<li>Patvirtinimas, kad naudojama kokyb\u0117s valdymo sistema yra sertifikuota<\/li>\n<li>Procesinis po\u017ei\u016bris, pagr\u012fstas prielaida, kad visos kokyb\u0117s vadybos veiklos yra tarpusavyje susijusios ir apima s\u0105naudas ir rezultatus.<\/li>\n<li>Sistema u\u017etikrina nuolatin\u012f tobul\u0117jim\u0105<\/li>\n<li>Visa veikla u\u017etikrina klient\u0173 pasitenkinim\u0105<\/li>\n<\/ul>\n<h4>ISO 9001 privalumai<\/h4>\n<p>Neribotos pasaulin\u0117s konkurencijos ir spaudimo u\u017etikrinti produkt\u0173 ir paslaug\u0173 kokyb\u0119, pasitik\u0117jim\u0105 ir atsakomyb\u0119 u\u017e produktus laikais visos organizacijos, teikian\u010dios produktus ir paslaugas esant didelei kain\u0173 ir ne kain\u0173 konkurencijai, kuria kokyb\u0117s vadybos sistemas, kuriose svarbiausia - klient\u0173 pasitenkinimas.<\/p>\n<p>Kokyb\u0117s vadybos sistema apibr\u0117\u017eia vis\u0105 veikl\u0105, b\u016btin\u0105 siekiant nuosekli\u0173 rezultat\u0173 klientui, susijusi\u0173 su si\u016blomu produktu ar paslauga. Kokyb\u0117s u\u017etikrinimo principai nustatomi, dokumentuojami, \u012fgyvendinami ir palaikomi siekiant nuolatinio gerinimo.<\/p>\n<p>ISO 9001 sertifikavimas naudojamas kaip kokyb\u0117s vadybos sistemos \u012fdiegimo ir pl\u0117tojimo metodas.<\/p>","protected":false},"excerpt":{"rendered":"<p>Kas yra ISO 9001? ISO 9001 - tai ISO (Tarptautin\u0117s standartizacijos organizacijos) nustatyt\u0173 standart\u0173, susijusi\u0173 su kokyb\u0117s vadybos sistemomis ir skirt\u0173 pad\u0117ti organizacijoms patenkinti klient\u0173 ir kit\u0173 suinteresuot\u0173j\u0173 \u0161ali\u0173 poreikius, grup\u0117. ISO 9001 - tai sertifikavimo sistema, pagal kuri\u0105 tikrinama, ar organizacijos kokyb\u0117s vadybos sistema atitinka ISO...&nbsp;<a href=\"https:\/\/icr.you2.pl\/lt\/certyfikacja-systemow\/iso-9001\/\" rel=\"bookmark\">Skaityti daugiau \"<span class=\"screen-reader-text\">ISO 9001 - Tarptautin\u0117 standartizacijos organizacija<\/span><\/a><\/p>","protected":false},"author":1,"featured_media":48,"parent":162,"menu_order":0,"comment_status":"closed","ping_status":"closed","template":"","meta":{"neve_meta_sidebar":"","neve_meta_container":"","neve_meta_enable_content_width":"off","neve_meta_content_width":70,"neve_meta_title_alignment":"","neve_meta_author_avatar":"","neve_post_elements_order":"","neve_meta_disable_header":"","neve_meta_disable_footer":"","neve_meta_disable_title":"","footnotes":""},"class_list":["post-1899","page","type-page","status-publish","has-post-thumbnail","hentry"],"yoast_head":"<!-- This site is optimized with the Yoast SEO plugin v26.8 - https:\/\/yoast.com\/product\/yoast-seo-wordpress\/ -->\n<title>ISO 9001 - International Organization for Standardization - ICR POLSKA - badania i certyfikacja<\/title>\n<meta name=\"robots\" content=\"index, follow, max-snippet:-1, max-image-preview:large, max-video-preview:-1\" \/>\n<link rel=\"canonical\" href=\"https:\/\/icr.you2.pl\/lt\/certyfikacja-systemow\/iso-9001\/\" \/>\n<meta property=\"og:locale\" content=\"lt_LT\" \/>\n<meta property=\"og:type\" content=\"article\" \/>\n<meta property=\"og:title\" content=\"ISO 9001 - International Organization for Standardization - ICR POLSKA - badania i certyfikacja\" \/>\n<meta property=\"og:description\" content=\"Czym jest ISO 9001? ISO 9001 to rodzina norm ustanowionych przez ISO (International Organization for Standardization), kt\u00f3re odnosz\u0105 si\u0119 do system\u00f3w zarz\u0105dzania jako\u015bci\u0105 i maj\u0105 na celu pomoc organizacjom w zaspokajaniu potrzeb klient\u00f3w i innych zainteresowanych stron. ISO 9001 jest systemem zapewnienia certyfikacji przez sprawdzanie, czy system zarz\u0105dzania jako\u015bci\u0105 organizacji jest zgodny z norm\u0105 ISO&hellip;&nbsp;Read More &raquo;ISO 9001 &#8211; International Organization for Standardization\" \/>\n<meta property=\"og:url\" content=\"https:\/\/icr.you2.pl\/lt\/certyfikacja-systemow\/iso-9001\/\" \/>\n<meta property=\"og:site_name\" content=\"ICR POLSKA - badania i certyfikacja\" \/>\n<meta property=\"article:modified_time\" content=\"2022-09-07T21:02:26+00:00\" \/>\n<meta property=\"og:image\" content=\"https:\/\/icr.you2.pl\/wp-content\/uploads\/2019\/05\/screencapture-icrpolska-e-ksperci-pl-systemy-2019-04-17-17_07_18-e1555513756585.png\" \/>\n\t<meta property=\"og:image:width\" content=\"664\" \/>\n\t<meta property=\"og:image:height\" content=\"621\" \/>\n\t<meta property=\"og:image:type\" content=\"image\/png\" \/>\n<meta name=\"twitter:card\" content=\"summary_large_image\" \/>\n<meta name=\"twitter:label1\" content=\"Est. reading time\" \/>\n\t<meta name=\"twitter:data1\" content=\"2 minut\u0117s\" \/>\n<script type=\"application\/ld+json\" class=\"yoast-schema-graph\">{\"@context\":\"https:\/\/schema.org\",\"@graph\":[{\"@type\":\"WebPage\",\"@id\":\"https:\/\/icr.you2.pl\/certyfikacja-systemow\/iso-9001\/\",\"url\":\"https:\/\/icr.you2.pl\/certyfikacja-systemow\/iso-9001\/\",\"name\":\"ISO 9001 - International Organization for Standardization - ICR POLSKA - badania i certyfikacja\",\"isPartOf\":{\"@id\":\"https:\/\/icr.you2.pl\/#website\"},\"primaryImageOfPage\":{\"@id\":\"https:\/\/icr.you2.pl\/certyfikacja-systemow\/iso-9001\/#primaryimage\"},\"image\":{\"@id\":\"https:\/\/icr.you2.pl\/certyfikacja-systemow\/iso-9001\/#primaryimage\"},\"thumbnailUrl\":\"https:\/\/icr.you2.pl\/wp-content\/uploads\/2019\/05\/screencapture-icrpolska-e-ksperci-pl-systemy-2019-04-17-17_07_18-e1555513756585.png\",\"datePublished\":\"2019-05-22T06:51:40+00:00\",\"dateModified\":\"2022-09-07T21:02:26+00:00\",\"breadcrumb\":{\"@id\":\"https:\/\/icr.you2.pl\/certyfikacja-systemow\/iso-9001\/#breadcrumb\"},\"inLanguage\":\"lt-LT\",\"potentialAction\":[{\"@type\":\"ReadAction\",\"target\":[\"https:\/\/icr.you2.pl\/certyfikacja-systemow\/iso-9001\/\"]}]},{\"@type\":\"ImageObject\",\"inLanguage\":\"lt-LT\",\"@id\":\"https:\/\/icr.you2.pl\/certyfikacja-systemow\/iso-9001\/#primaryimage\",\"url\":\"https:\/\/icr.you2.pl\/wp-content\/uploads\/2019\/05\/screencapture-icrpolska-e-ksperci-pl-systemy-2019-04-17-17_07_18-e1555513756585.png\",\"contentUrl\":\"https:\/\/icr.you2.pl\/wp-content\/uploads\/2019\/05\/screencapture-icrpolska-e-ksperci-pl-systemy-2019-04-17-17_07_18-e1555513756585.png\",\"width\":664,\"height\":621},{\"@type\":\"BreadcrumbList\",\"@id\":\"https:\/\/icr.you2.pl\/certyfikacja-systemow\/iso-9001\/#breadcrumb\",\"itemListElement\":[{\"@type\":\"ListItem\",\"position\":1,\"name\":\"Strona g\u0142\u00f3wna\",\"item\":\"https:\/\/icr.you2.pl\/\"},{\"@type\":\"ListItem\",\"position\":2,\"name\":\"Certyfikacja system\u00f3w ISO\",\"item\":\"https:\/\/icr.you2.pl\/en\/certyfikacja-systemow\/\"},{\"@type\":\"ListItem\",\"position\":3,\"name\":\"ISO 9001 &#8211; International Organization for Standardization\"}]},{\"@type\":\"WebSite\",\"@id\":\"https:\/\/icr.you2.pl\/#website\",\"url\":\"https:\/\/icr.you2.pl\/\",\"name\":\"ICR POLSKA - badania i certyfikacja\",\"description\":\"CE certification, CE certificate, ISO certificate, RED testing, product testing and certification, electrical product testing, medical device testing, ATEX, IECEx, FCC, product certification, EMC testing, machinery certification, CE machines, training, electronic product testing, testing 2014\/53\/EU, drone certification, ISO 13485 certificate, ISO 9001 certificate, NC RfG\",\"publisher\":{\"@id\":\"https:\/\/icr.you2.pl\/#\/schema\/person\/944799c9e2f4a94662e3fcb3b1544baf\"},\"potentialAction\":[{\"@type\":\"SearchAction\",\"target\":{\"@type\":\"EntryPoint\",\"urlTemplate\":\"https:\/\/icr.you2.pl\/?s={search_term_string}\"},\"query-input\":{\"@type\":\"PropertyValueSpecification\",\"valueRequired\":true,\"valueName\":\"search_term_string\"}}],\"inLanguage\":\"lt-LT\"},{\"@type\":[\"Person\",\"Organization\"],\"@id\":\"https:\/\/icr.you2.pl\/#\/schema\/person\/944799c9e2f4a94662e3fcb3b1544baf\",\"name\":\"admin\",\"image\":{\"@type\":\"ImageObject\",\"inLanguage\":\"lt-LT\",\"@id\":\"https:\/\/icr.you2.pl\/#\/schema\/person\/image\/\",\"url\":\"https:\/\/icr.you2.pl\/wp-content\/uploads\/2019\/05\/cropped-logo-icr.32f04ad5-1-1.png\",\"contentUrl\":\"https:\/\/icr.you2.pl\/wp-content\/uploads\/2019\/05\/cropped-logo-icr.32f04ad5-1-1.png\",\"width\":400,\"height\":148,\"caption\":\"admin\"},\"logo\":{\"@id\":\"https:\/\/icr.you2.pl\/#\/schema\/person\/image\/\"}}]}<\/script>\n<!-- \/ Yoast SEO plugin. -->","yoast_head_json":{"title":"ISO 9001 - Tarptautin\u0117 standartizacijos organizacija - ICR POLAND - bandymai ir sertifikavimas","robots":{"index":"index","follow":"follow","max-snippet":"max-snippet:-1","max-image-preview":"max-image-preview:large","max-video-preview":"max-video-preview:-1"},"canonical":"https:\/\/icr.you2.pl\/lt\/certyfikacja-systemow\/iso-9001\/","og_locale":"lt_LT","og_type":"article","og_title":"ISO 9001 - International Organization for Standardization - ICR POLSKA - badania i certyfikacja","og_description":"Czym jest ISO 9001? ISO 9001 to rodzina norm ustanowionych przez ISO (International Organization for Standardization), kt\u00f3re odnosz\u0105 si\u0119 do system\u00f3w zarz\u0105dzania jako\u015bci\u0105 i maj\u0105 na celu pomoc organizacjom w zaspokajaniu potrzeb klient\u00f3w i innych zainteresowanych stron. ISO 9001 jest systemem zapewnienia certyfikacji przez sprawdzanie, czy system zarz\u0105dzania jako\u015bci\u0105 organizacji jest zgodny z norm\u0105 ISO&hellip;&nbsp;Read More &raquo;ISO 9001 &#8211; International Organization for Standardization","og_url":"https:\/\/icr.you2.pl\/lt\/certyfikacja-systemow\/iso-9001\/","og_site_name":"ICR POLSKA - badania i certyfikacja","article_modified_time":"2022-09-07T21:02:26+00:00","og_image":[{"width":664,"height":621,"url":"https:\/\/icr.you2.pl\/wp-content\/uploads\/2019\/05\/screencapture-icrpolska-e-ksperci-pl-systemy-2019-04-17-17_07_18-e1555513756585.png","type":"image\/png"}],"twitter_card":"summary_large_image","twitter_misc":{"Est. reading time":"2 minut\u0117s"},"schema":{"@context":"https:\/\/schema.org","@graph":[{"@type":"WebPage","@id":"https:\/\/icr.you2.pl\/certyfikacja-systemow\/iso-9001\/","url":"https:\/\/icr.you2.pl\/certyfikacja-systemow\/iso-9001\/","name":"ISO 9001 - Tarptautin\u0117 standartizacijos organizacija - ICR POLAND - bandymai ir sertifikavimas","isPartOf":{"@id":"https:\/\/icr.you2.pl\/#website"},"primaryImageOfPage":{"@id":"https:\/\/icr.you2.pl\/certyfikacja-systemow\/iso-9001\/#primaryimage"},"image":{"@id":"https:\/\/icr.you2.pl\/certyfikacja-systemow\/iso-9001\/#primaryimage"},"thumbnailUrl":"https:\/\/icr.you2.pl\/wp-content\/uploads\/2019\/05\/screencapture-icrpolska-e-ksperci-pl-systemy-2019-04-17-17_07_18-e1555513756585.png","datePublished":"2019-05-22T06:51:40+00:00","dateModified":"2022-09-07T21:02:26+00:00","breadcrumb":{"@id":"https:\/\/icr.you2.pl\/certyfikacja-systemow\/iso-9001\/#breadcrumb"},"inLanguage":"lt-LT","potentialAction":[{"@type":"ReadAction","target":["https:\/\/icr.you2.pl\/certyfikacja-systemow\/iso-9001\/"]}]},{"@type":"ImageObject","inLanguage":"lt-LT","@id":"https:\/\/icr.you2.pl\/certyfikacja-systemow\/iso-9001\/#primaryimage","url":"https:\/\/icr.you2.pl\/wp-content\/uploads\/2019\/05\/screencapture-icrpolska-e-ksperci-pl-systemy-2019-04-17-17_07_18-e1555513756585.png","contentUrl":"https:\/\/icr.you2.pl\/wp-content\/uploads\/2019\/05\/screencapture-icrpolska-e-ksperci-pl-systemy-2019-04-17-17_07_18-e1555513756585.png","width":664,"height":621},{"@type":"BreadcrumbList","@id":"https:\/\/icr.you2.pl\/certyfikacja-systemow\/iso-9001\/#breadcrumb","itemListElement":[{"@type":"ListItem","position":1,"name":"Strona g\u0142\u00f3wna","item":"https:\/\/icr.you2.pl\/"},{"@type":"ListItem","position":2,"name":"Certyfikacja system\u00f3w ISO","item":"https:\/\/icr.you2.pl\/en\/certyfikacja-systemow\/"},{"@type":"ListItem","position":3,"name":"ISO 9001 &#8211; International Organization for Standardization"}]},{"@type":"WebSite","@id":"https:\/\/icr.you2.pl\/#website","url":"https:\/\/icr.you2.pl\/","name":"ICR POLAND - bandymai ir sertifikavimas","description":"CE sertifikavimas, CE sertifikatas, ISO sertifikatas, RED testavimas, gamini\u0173 testavimas ir sertifikavimas, elektros gamini\u0173 testavimas, medicinos prietais\u0173 testavimas, ATEX, IECEx, FCC, gamini\u0173 sertifikavimas, EMC testavimas, ma\u0161in\u0173 sertifikavimas, CE ma\u0161inos, mokymai, elektronini\u0173 gamini\u0173 testavimas, testavimas 2014\/53\/ES, dron\u0173 sertifikavimas, ISO 13485 sertifikatas, ISO 9001 sertifikatas, NC RfG","publisher":{"@id":"https:\/\/icr.you2.pl\/#\/schema\/person\/944799c9e2f4a94662e3fcb3b1544baf"},"potentialAction":[{"@type":"SearchAction","target":{"@type":"EntryPoint","urlTemplate":"https:\/\/icr.you2.pl\/?s={search_term_string}"},"query-input":{"@type":"PropertyValueSpecification","valueRequired":true,"valueName":"search_term_string"}}],"inLanguage":"lt-LT"},{"@type":["Person","Organization"],"@id":"https:\/\/icr.you2.pl\/#\/schema\/person\/944799c9e2f4a94662e3fcb3b1544baf","name":"administratorius","image":{"@type":"ImageObject","inLanguage":"lt-LT","@id":"https:\/\/icr.you2.pl\/#\/schema\/person\/image\/","url":"https:\/\/icr.you2.pl\/wp-content\/uploads\/2019\/05\/cropped-logo-icr.32f04ad5-1-1.png","contentUrl":"https:\/\/icr.you2.pl\/wp-content\/uploads\/2019\/05\/cropped-logo-icr.32f04ad5-1-1.png","width":400,"height":148,"caption":"admin"},"logo":{"@id":"https:\/\/icr.you2.pl\/#\/schema\/person\/image\/"}}]}},"_links":{"self":[{"href":"https:\/\/icr.you2.pl\/lt\/wp-json\/wp\/v2\/pages\/1899","targetHints":{"allow":["GET"]}}],"collection":[{"href":"https:\/\/icr.you2.pl\/lt\/wp-json\/wp\/v2\/pages"}],"about":[{"href":"https:\/\/icr.you2.pl\/lt\/wp-json\/wp\/v2\/types\/page"}],"author":[{"embeddable":true,"href":"https:\/\/icr.you2.pl\/lt\/wp-json\/wp\/v2\/users\/1"}],"replies":[{"embeddable":true,"href":"https:\/\/icr.you2.pl\/lt\/wp-json\/wp\/v2\/comments?post=1899"}],"version-history":[{"count":0,"href":"https:\/\/icr.you2.pl\/lt\/wp-json\/wp\/v2\/pages\/1899\/revisions"}],"up":[{"embeddable":true,"href":"https:\/\/icr.you2.pl\/lt\/wp-json\/wp\/v2\/pages\/162"}],"wp:featuredmedia":[{"embeddable":true,"href":"https:\/\/icr.you2.pl\/lt\/wp-json\/wp\/v2\/media\/48"}],"wp:attachment":[{"href":"https:\/\/icr.you2.pl\/lt\/wp-json\/wp\/v2\/media?parent=1899"}],"curies":[{"name":"wp","href":"https:\/\/api.w.org\/{rel}","templated":true}]}}