{"id":1971,"date":"2019-05-22T20:16:17","date_gmt":"2019-05-22T20:16:17","guid":{"rendered":"http:\/\/icrpolska.e-ksperci.pl\/?page_id=1971"},"modified":"2023-01-13T18:11:48","modified_gmt":"2023-01-13T17:11:48","slug":"inspekcje-i-audity","status":"publish","type":"page","link":"https:\/\/icr.you2.pl\/lt\/inspekcje-i-audity\/","title":{"rendered":"Patikrinimai ir auditai"},"content":{"rendered":"<p><b>Patikrinimai<\/b><\/p>\n<p><span style=\"font-weight: 400;\">ICR Polska Sp. z o.o. darbuotojai atlieka patikrinimus pagal savo kompetencij\u0105, vis\u0173 pirma siekdami patvirtinti atitikt\u012f konkre\u010di\u0173 standart\u0173 reikalavimams ir \u0161i\u0173 direktyv\u0173 reikalavimams: ma\u0161in\u0173 <a href=\"https:\/\/eur-lex.europa.eu\/legal-content\/PL\/TXT\/PDF\/?uri=CELEX:32006L0042&amp;from=PL\" target=\"_blank\" rel=\"noopener noreferrer\">2006\/42\/EB<\/a>, \u017eemos \u012ftampos <a href=\"https:\/\/eur-lex.europa.eu\/legal-content\/PL\/TXT\/PDF\/?uri=CELEX:32014L0035&amp;from=PL\" target=\"_blank\" rel=\"noopener noreferrer\">2014\/35\/ES<\/a>, elektromagnetinis suderinamumas EMC <a href=\"https:\/\/eur-lex.europa.eu\/legal-content\/PL\/TXT\/PDF\/?uri=CELEX:32014L0030&amp;from=PL\" target=\"_blank\" rel=\"noopener noreferrer\">2014\/30\/ES<\/a> ir RED radijas <a href=\"https:\/\/eur-lex.europa.eu\/legal-content\/PL\/TXT\/PDF\/?uri=CELEX:32014L0053&amp;from=PL\" target=\"_blank\" rel=\"noopener noreferrer\">2014\/53\/ES<\/a>sprogioje aplinkoje ir \u012frangai, skirtai naudoti potencialiai sprogioje aplinkoje ATEX <a href=\"https:\/\/eur-lex.europa.eu\/legal-content\/PL\/TXT\/PDF\/?uri=CELEX:32014L0034&amp;from=PL\" target=\"_blank\" rel=\"noopener noreferrer\">2014\/34\/ES<\/a> ir tinklo kodeksas - NC RfG <a href=\"https:\/\/eur-lex.europa.eu\/legal-content\/PL\/TXT\/PDF\/?uri=CELEX:32016R0631&amp;from=PL\" target=\"_blank\" rel=\"noopener\">(ES) 2016\/631<\/a><\/span><\/p>\n<p><span style=\"font-weight: 400;\">Patikrinimai gali apimti tiek gamybos procesus, j\u0173 fragmentus ar tarpusavio s\u0105sajas, tiek galutinius produktus ar mazgus, gautus vykdant \u0161iuos procesus. Patikrinimai atliekami kliento vietoje, gamybos vietoje, tokiu laiku, kad b\u016bt\u0173 galima \u012fvertinti proceso eig\u0105 ir patikrinti jo poveik\u012f. Patikrinimai gali b\u016bti papildyti gamini\u0173 bandymais ir atitikties vertinimu, \u012fskaitant EB\/ES tipo bandymus.<\/span><\/p>\n<p><span style=\"font-weight: 400;\">Patikrinim\u0173 metu, be kita ko, galima:<\/span><\/p>\n<ul>\n<li style=\"font-weight: 400;\"><span style=\"font-weight: 400;\">patvirtinti, kad laikomasi gamybai ar gamybos linijos \u012fdiegimui b\u016btin\u0173 reikalavim\u0173;<\/span><\/li>\n<\/ul>\n<ul>\n<li style=\"font-weight: 400;\"><span style=\"font-weight: 400;\">CE, B, KC, ATEX.<\/span><\/li>\n<\/ul>\n<p><span style=\"font-weight: 400;\">Po patikrinimo klientas gauna ataskait\u0105, kurioje pateikiamas reikalavim\u0173 \u012fvykdymo \u012fvertinimas ir konkre\u010dios rekomendacijos, pavyzd\u017eiui, d\u0117l galimyb\u0117s suma\u017einti susijusi\u0105 rizik\u0105.<\/span><\/p>\n<p><span style=\"font-weight: 400;\">Per ICR Polska Sp. z o.o. atlikt\u0105 patikrinim\u0105. Klientas informuojamas apie jos eig\u0105 ir dalinius pasteb\u0117jimus, o galutin\u0117 ataskaita aptariama su klientu.<\/span><\/p>\n<p><b>Auditai <\/b><\/p>\n<p><span style=\"font-weight: 400;\">Auditas - tai ICR Polska Sp. z o.o. atliekama paslauga, leid\u017eianti greitai ir patikimai visapusi\u0161kai \u012fvertinti paslaug\u0173 ar preki\u0173 tiek\u0117j\u0105 verslininkui. ICR Polska Sp. z o.o. auditori\u0173 nepriklausomumas ir patvirtinta kompetencija leid\u017eia objektyviai \u012fvertinti tiek\u0117jo geb\u0117jim\u0105 atlikti jam patik\u0117tas u\u017eduotis pagal u\u017esakovo verslininko l\u016bkes\u010dius ir reikalavimus.<\/span><\/p>\n<p><span style=\"font-weight: 400;\">Pagal kliento poreikius ir reikalavimus individualiai pritaikytas auditas da\u017eniausiai yra nepriklausomai atliktas vertinimas, kurio metu, be kit\u0173 dalyk\u0173, patikrinama:<\/span><\/p>\n<ul>\n<li style=\"font-weight: 400;\"><span style=\"font-weight: 400;\">geb\u0117jimas atitikti konkre\u010dius klient\u0173 reikalavimus, produkt\u0173 technines charakteristikas, organizacinius ir (arba) teisinius reikalavimus arba kitus \u012fmon\u0117s ar savininko nustatytus kriterijus;<\/span><\/li>\n<li style=\"font-weight: 400;\"><span style=\"font-weight: 400;\">geb\u0117jimas laikytis sveikatos ir saugos, aplinkos apsaugos, asmens duomen\u0173 apsaugos (RODO) ir informacijos apsaugos reikalavim\u0173;<\/span><\/li>\n<li style=\"font-weight: 400;\"><span style=\"font-weight: 400;\">geb\u0117jimas atitikti kokyb\u0117s program\u0173, pavyzd\u017eiui, LEAN, 6 Sigma, 5S, SMED, KAIZEN, kriterijus.<\/span><\/li>\n<\/ul>\n<p><span style=\"font-weight: 400;\">Auditas yra lankstus ir i\u0161samus sprendimas \u012fmon\u0117ms, norin\u010dioms:<\/span><\/p>\n<ul>\n<li style=\"font-weight: 400;\"><span style=\"font-weight: 400;\">nustatyti ir pasinaudoti galimyb\u0117mis bei gr\u0117sm\u0117mis verslui ir paslaug\u0173 teikimui, kurias suteikia vidaus ir i\u0161or\u0117s proces\u0173 optimizavimas;<\/span><\/li>\n<li style=\"font-weight: 400;\"><span style=\"font-weight: 400;\">tobulinti vidaus ir i\u0161or\u0117s procesus, \u012fskaitant gamybos procesus ir (arba) teikiamas paslaugas;<\/span><\/li>\n<li style=\"font-weight: 400;\"><span style=\"font-weight: 400;\">nustatyti ir veiksmingai ma\u017einti verslo rizik\u0105;<\/span><\/li>\n<li style=\"font-weight: 400;\"><span style=\"font-weight: 400;\">laikytis techninio ir teisinio pob\u016bd\u017eio reikalavim\u0173, rangovo gairi\u0173 ir vidaus politikos, b\u016btinos operacijai atlikti.<\/span><\/li>\n<\/ul>\n<p><span style=\"font-weight: 400;\">Atlikus audit\u0105 klientas gauna ataskait\u0105, kurioje \u012fvertinama, kaip tiek\u0117jas laikosi reikalavim\u0173, ir konkre\u010dias rekomendacijas, pavyzd\u017eiui, kaip geriau paskirstyti i\u0161teklius, suma\u017einti rizik\u0105 ir pasinaudoti su tiek\u0117ju susijusiomis galimyb\u0117mis, atsi\u017evelgiant \u012f \u012ftakingas i\u0161or\u0117s suinteresuot\u0105sias \u0161alis arba vidaus procesus.<\/span><\/p>\n<p class=\"translation-block\"><span style=\"font-weight: 400\">Audito, kur\u012f atliko ICR Polska Sp. z o.o. Klientas nuolat informuojamas apie jo eig\u0105 ir dalinius rezultatus, o galutin\u0117 ataskaita aptariama su klientu, dalyvaujant <\/span>tiek\u0117jui - jo pra\u0161ymu.<\/p>\n<p>&nbsp;<\/p>","protected":false},"excerpt":{"rendered":"<p>Patikrinimus atlieka ICR Polska Sp. z o.o. darbuotojai pagal savo kompetencij\u0105, vis\u0173 pirma siekdami patvirtinti, kad laikomasi konkre\u010di\u0173 standart\u0173 reikalavim\u0173 ir \u0161i\u0173 direktyv\u0173 reikalavim\u0173: Ma\u0161in\u0173 2006\/42\/EB, \u017eemos \u012ftampos 2014\/35\/ES, elektromagnetinio suderinamumo EMC 2014\/30\/ES ir radijo RED 2014\/53\/ES, sprogi\u0173j\u0173 zon\u0173 ir \u012frangos, skirtos naudoti potencialiai sprogioje aplinkoje, ATEX 2014\/34\/ES ir Tinklo kodekso.....&nbsp;<a href=\"https:\/\/icr.you2.pl\/lt\/inspekcje-i-audity\/\" rel=\"bookmark\">Skaityti daugiau \"<span class=\"screen-reader-text\">Patikrinimai ir auditai<\/span><\/a><\/p>","protected":false},"author":1,"featured_media":1137,"parent":0,"menu_order":0,"comment_status":"closed","ping_status":"closed","template":"","meta":{"neve_meta_sidebar":"","neve_meta_container":"","neve_meta_enable_content_width":"off","neve_meta_content_width":70,"neve_meta_title_alignment":"","neve_meta_author_avatar":"","neve_post_elements_order":"","neve_meta_disable_header":"","neve_meta_disable_footer":"","neve_meta_disable_title":"","footnotes":""},"class_list":["post-1971","page","type-page","status-publish","has-post-thumbnail","hentry"],"yoast_head":"<!-- This site is optimized with the Yoast SEO plugin v26.8 - https:\/\/yoast.com\/product\/yoast-seo-wordpress\/ -->\n<title>Inspekcje i Audity - ICR POLSKA - badania i certyfikacja<\/title>\n<meta name=\"robots\" content=\"index, follow, max-snippet:-1, max-image-preview:large, max-video-preview:-1\" \/>\n<link rel=\"canonical\" href=\"https:\/\/icr.you2.pl\/lt\/inspekcje-i-audity\/\" \/>\n<meta property=\"og:locale\" content=\"lt_LT\" \/>\n<meta property=\"og:type\" content=\"article\" \/>\n<meta property=\"og:title\" content=\"Inspekcje i Audity - ICR POLSKA - badania i certyfikacja\" \/>\n<meta property=\"og:description\" content=\"Inspekcje Inspekcje s\u0105 prowadzone przez pracownik\u00f3w ICR Polska Sp. z o.o. w zakresie kompetencji jednostki, w szczeg\u00f3lno\u015bci celem potwierdzenia spe\u0142nienia wymaga\u0144 norm szczeg\u00f3\u0142owych i wymaga\u0144 dyrektyw: maszynowej 2006\/42\/EC, niskonapi\u0119ciowej 2014\/35\/EU, kompatybilno\u015bci elektromagnetycznej EMC 2014\/30\/EU i radiowej RED 2014\/53\/EU, stref zagro\u017conych wybuchem i urz\u0105dze\u0144 przeznaczonych do pracy w atmosferach potencjalnie wybuchowych ATEX 2014\/34\/EU oraz Kodeksu sieciowego&hellip;&nbsp;Read More &raquo;Inspekcje i Audity\" \/>\n<meta property=\"og:url\" content=\"https:\/\/icr.you2.pl\/lt\/inspekcje-i-audity\/\" \/>\n<meta property=\"og:site_name\" content=\"ICR POLSKA - badania i certyfikacja\" \/>\n<meta property=\"article:modified_time\" content=\"2023-01-13T17:11:48+00:00\" \/>\n<meta name=\"twitter:card\" content=\"summary_large_image\" \/>\n<meta name=\"twitter:label1\" content=\"Est. reading time\" \/>\n\t<meta name=\"twitter:data1\" content=\"3 minut\u0117s\" \/>\n<script type=\"application\/ld+json\" class=\"yoast-schema-graph\">{\"@context\":\"https:\/\/schema.org\",\"@graph\":[{\"@type\":\"WebPage\",\"@id\":\"https:\/\/icr.you2.pl\/inspekcje-i-audity\/\",\"url\":\"https:\/\/icr.you2.pl\/inspekcje-i-audity\/\",\"name\":\"Inspekcje i Audity - ICR POLSKA - badania i certyfikacja\",\"isPartOf\":{\"@id\":\"https:\/\/icr.you2.pl\/#website\"},\"primaryImageOfPage\":{\"@id\":\"https:\/\/icr.you2.pl\/inspekcje-i-audity\/#primaryimage\"},\"image\":{\"@id\":\"https:\/\/icr.you2.pl\/inspekcje-i-audity\/#primaryimage\"},\"thumbnailUrl\":\"\",\"datePublished\":\"2019-05-22T20:16:17+00:00\",\"dateModified\":\"2023-01-13T17:11:48+00:00\",\"breadcrumb\":{\"@id\":\"https:\/\/icr.you2.pl\/inspekcje-i-audity\/#breadcrumb\"},\"inLanguage\":\"lt-LT\",\"potentialAction\":[{\"@type\":\"ReadAction\",\"target\":[\"https:\/\/icr.you2.pl\/inspekcje-i-audity\/\"]}]},{\"@type\":\"ImageObject\",\"inLanguage\":\"lt-LT\",\"@id\":\"https:\/\/icr.you2.pl\/inspekcje-i-audity\/#primaryimage\",\"url\":\"\",\"contentUrl\":\"\"},{\"@type\":\"BreadcrumbList\",\"@id\":\"https:\/\/icr.you2.pl\/inspekcje-i-audity\/#breadcrumb\",\"itemListElement\":[{\"@type\":\"ListItem\",\"position\":1,\"name\":\"Strona g\u0142\u00f3wna\",\"item\":\"https:\/\/icr.you2.pl\/\"},{\"@type\":\"ListItem\",\"position\":2,\"name\":\"Inspekcje i Audity\"}]},{\"@type\":\"WebSite\",\"@id\":\"https:\/\/icr.you2.pl\/#website\",\"url\":\"https:\/\/icr.you2.pl\/\",\"name\":\"ICR POLSKA - badania i certyfikacja\",\"description\":\"CE certification, CE certificate, ISO certificate, RED testing, product testing and certification, electrical product testing, medical device testing, ATEX, IECEx, FCC, product certification, EMC testing, machinery certification, CE machines, training, electronic product testing, testing 2014\/53\/EU, drone certification, ISO 13485 certificate, ISO 9001 certificate, NC RfG\",\"publisher\":{\"@id\":\"https:\/\/icr.you2.pl\/#\/schema\/person\/944799c9e2f4a94662e3fcb3b1544baf\"},\"potentialAction\":[{\"@type\":\"SearchAction\",\"target\":{\"@type\":\"EntryPoint\",\"urlTemplate\":\"https:\/\/icr.you2.pl\/?s={search_term_string}\"},\"query-input\":{\"@type\":\"PropertyValueSpecification\",\"valueRequired\":true,\"valueName\":\"search_term_string\"}}],\"inLanguage\":\"lt-LT\"},{\"@type\":[\"Person\",\"Organization\"],\"@id\":\"https:\/\/icr.you2.pl\/#\/schema\/person\/944799c9e2f4a94662e3fcb3b1544baf\",\"name\":\"admin\",\"image\":{\"@type\":\"ImageObject\",\"inLanguage\":\"lt-LT\",\"@id\":\"https:\/\/icr.you2.pl\/#\/schema\/person\/image\/\",\"url\":\"https:\/\/icr.you2.pl\/wp-content\/uploads\/2019\/05\/cropped-logo-icr.32f04ad5-1-1.png\",\"contentUrl\":\"https:\/\/icr.you2.pl\/wp-content\/uploads\/2019\/05\/cropped-logo-icr.32f04ad5-1-1.png\",\"width\":400,\"height\":148,\"caption\":\"admin\"},\"logo\":{\"@id\":\"https:\/\/icr.you2.pl\/#\/schema\/person\/image\/\"}}]}<\/script>\n<!-- \/ Yoast SEO plugin. -->","yoast_head_json":{"title":"Patikrinimai ir auditai - ICR POLSKA - bandymai ir sertifikavimas","robots":{"index":"index","follow":"follow","max-snippet":"max-snippet:-1","max-image-preview":"max-image-preview:large","max-video-preview":"max-video-preview:-1"},"canonical":"https:\/\/icr.you2.pl\/lt\/inspekcje-i-audity\/","og_locale":"lt_LT","og_type":"article","og_title":"Inspekcje i Audity - ICR POLSKA - badania i certyfikacja","og_description":"Inspekcje Inspekcje s\u0105 prowadzone przez pracownik\u00f3w ICR Polska Sp. z o.o. w zakresie kompetencji jednostki, w szczeg\u00f3lno\u015bci celem potwierdzenia spe\u0142nienia wymaga\u0144 norm szczeg\u00f3\u0142owych i wymaga\u0144 dyrektyw: maszynowej 2006\/42\/EC, niskonapi\u0119ciowej 2014\/35\/EU, kompatybilno\u015bci elektromagnetycznej EMC 2014\/30\/EU i radiowej RED 2014\/53\/EU, stref zagro\u017conych wybuchem i urz\u0105dze\u0144 przeznaczonych do pracy w atmosferach potencjalnie wybuchowych ATEX 2014\/34\/EU oraz Kodeksu sieciowego&hellip;&nbsp;Read More &raquo;Inspekcje i Audity","og_url":"https:\/\/icr.you2.pl\/lt\/inspekcje-i-audity\/","og_site_name":"ICR POLSKA - badania i certyfikacja","article_modified_time":"2023-01-13T17:11:48+00:00","twitter_card":"summary_large_image","twitter_misc":{"Est. reading time":"3 minut\u0117s"},"schema":{"@context":"https:\/\/schema.org","@graph":[{"@type":"WebPage","@id":"https:\/\/icr.you2.pl\/inspekcje-i-audity\/","url":"https:\/\/icr.you2.pl\/inspekcje-i-audity\/","name":"Patikrinimai ir auditai - ICR POLSKA - bandymai ir sertifikavimas","isPartOf":{"@id":"https:\/\/icr.you2.pl\/#website"},"primaryImageOfPage":{"@id":"https:\/\/icr.you2.pl\/inspekcje-i-audity\/#primaryimage"},"image":{"@id":"https:\/\/icr.you2.pl\/inspekcje-i-audity\/#primaryimage"},"thumbnailUrl":"","datePublished":"2019-05-22T20:16:17+00:00","dateModified":"2023-01-13T17:11:48+00:00","breadcrumb":{"@id":"https:\/\/icr.you2.pl\/inspekcje-i-audity\/#breadcrumb"},"inLanguage":"lt-LT","potentialAction":[{"@type":"ReadAction","target":["https:\/\/icr.you2.pl\/inspekcje-i-audity\/"]}]},{"@type":"ImageObject","inLanguage":"lt-LT","@id":"https:\/\/icr.you2.pl\/inspekcje-i-audity\/#primaryimage","url":"","contentUrl":""},{"@type":"BreadcrumbList","@id":"https:\/\/icr.you2.pl\/inspekcje-i-audity\/#breadcrumb","itemListElement":[{"@type":"ListItem","position":1,"name":"Strona g\u0142\u00f3wna","item":"https:\/\/icr.you2.pl\/"},{"@type":"ListItem","position":2,"name":"Inspekcje i Audity"}]},{"@type":"WebSite","@id":"https:\/\/icr.you2.pl\/#website","url":"https:\/\/icr.you2.pl\/","name":"ICR POLAND - bandymai ir sertifikavimas","description":"CE sertifikavimas, CE sertifikatas, ISO sertifikatas, RED testavimas, gamini\u0173 testavimas ir sertifikavimas, elektros gamini\u0173 testavimas, medicinos prietais\u0173 testavimas, ATEX, IECEx, FCC, gamini\u0173 sertifikavimas, EMC testavimas, ma\u0161in\u0173 sertifikavimas, CE ma\u0161inos, mokymai, elektronini\u0173 gamini\u0173 testavimas, testavimas 2014\/53\/ES, dron\u0173 sertifikavimas, ISO 13485 sertifikatas, ISO 9001 sertifikatas, NC RfG","publisher":{"@id":"https:\/\/icr.you2.pl\/#\/schema\/person\/944799c9e2f4a94662e3fcb3b1544baf"},"potentialAction":[{"@type":"SearchAction","target":{"@type":"EntryPoint","urlTemplate":"https:\/\/icr.you2.pl\/?s={search_term_string}"},"query-input":{"@type":"PropertyValueSpecification","valueRequired":true,"valueName":"search_term_string"}}],"inLanguage":"lt-LT"},{"@type":["Person","Organization"],"@id":"https:\/\/icr.you2.pl\/#\/schema\/person\/944799c9e2f4a94662e3fcb3b1544baf","name":"administratorius","image":{"@type":"ImageObject","inLanguage":"lt-LT","@id":"https:\/\/icr.you2.pl\/#\/schema\/person\/image\/","url":"https:\/\/icr.you2.pl\/wp-content\/uploads\/2019\/05\/cropped-logo-icr.32f04ad5-1-1.png","contentUrl":"https:\/\/icr.you2.pl\/wp-content\/uploads\/2019\/05\/cropped-logo-icr.32f04ad5-1-1.png","width":400,"height":148,"caption":"admin"},"logo":{"@id":"https:\/\/icr.you2.pl\/#\/schema\/person\/image\/"}}]}},"_links":{"self":[{"href":"https:\/\/icr.you2.pl\/lt\/wp-json\/wp\/v2\/pages\/1971","targetHints":{"allow":["GET"]}}],"collection":[{"href":"https:\/\/icr.you2.pl\/lt\/wp-json\/wp\/v2\/pages"}],"about":[{"href":"https:\/\/icr.you2.pl\/lt\/wp-json\/wp\/v2\/types\/page"}],"author":[{"embeddable":true,"href":"https:\/\/icr.you2.pl\/lt\/wp-json\/wp\/v2\/users\/1"}],"replies":[{"embeddable":true,"href":"https:\/\/icr.you2.pl\/lt\/wp-json\/wp\/v2\/comments?post=1971"}],"version-history":[{"count":0,"href":"https:\/\/icr.you2.pl\/lt\/wp-json\/wp\/v2\/pages\/1971\/revisions"}],"wp:featuredmedia":[{"embeddable":true,"href":"https:\/\/icr.you2.pl\/lt\/wp-json\/"}],"wp:attachment":[{"href":"https:\/\/icr.you2.pl\/lt\/wp-json\/wp\/v2\/media?parent=1971"}],"curies":[{"name":"wp","href":"https:\/\/api.w.org\/{rel}","templated":true}]}}