{"id":2017,"date":"2019-05-28T10:56:22","date_gmt":"2019-05-28T10:56:22","guid":{"rendered":"http:\/\/icrpolska.e-ksperci.pl\/?page_id=2017"},"modified":"2024-03-26T11:59:34","modified_gmt":"2024-03-26T10:59:34","slug":"md-2006-42-we-bezpieczenstwo-maszyn","status":"publish","type":"page","link":"https:\/\/icr.you2.pl\/lt\/certyfikacja-wyrobow\/md-2006-42-we-bezpieczenstwo-maszyn\/","title":{"rendered":"MD 2006\/42\/EB - Ma\u0161in\u0173 sauga"},"content":{"rendered":"<p><span style=\"font-weight: 400;\">Ma\u0161in\u0173 direktyvos privalomoji atitikties \u012fvertinimo programa apima \u0161ios direktyvos IV priede i\u0161vardytus gaminius. Tai yra:<\/span><\/p>\n<ul>\n<li style=\"font-weight: 400;\"><span style=\"font-weight: 400;\">Mechaniniai, hidrauliniai ir pneumatiniai presai, \u012fskaitant presinius stabd\u017eius, skirti metalams \u0161altai apdirbti;<\/span><\/li>\n<li style=\"font-weight: 400;\"><span style=\"font-weight: 400;\">Plastiko liejimo ma\u0161inos arba presai su rankiniu pakrovimu arba i\u0161krovimu;<\/span><\/li>\n<li style=\"font-weight: 400;\"><span style=\"font-weight: 400;\">Gumini\u0173 gamini\u0173 liejimo ma\u0161inos arba presai su rankiniu padavimu arba i\u0161krovimu;<\/span><\/li>\n<li style=\"font-weight: 400;\"><span style=\"font-weight: 400;\">Diskiniai pj\u016bklai, juostiniai pj\u016bklai;<\/span><\/li>\n<li style=\"font-weight: 400;\"><span style=\"font-weight: 400;\">Obliavimo stakl\u0117s;<\/span><\/li>\n<li style=\"font-weight: 400;\"><span style=\"font-weight: 400;\">Frezavimo stakl\u0117s;<\/span><\/li>\n<li style=\"font-weight: 400;\"><span style=\"font-weight: 400;\">Transporto priemoni\u0173 aptarnavimo liftai;<\/span><\/li>\n<li style=\"font-weight: 400;\"><span style=\"font-weight: 400;\">Asmen\u0173 arba asmen\u0173 ir krovini\u0173 k\u0117limo \u012franga, susijusi su kritimo i\u0161 didesnio kaip 3 metr\u0173 auk\u0161\u010dio rizika<\/span><\/li>\n<\/ul>\n<p><span style=\"font-weight: 400;\">taip pat:<\/span><\/p>\n<ul>\n<li style=\"font-weight: 400;\"><span style=\"font-weight: 400;\">Apsauginiai \u012ftaisai, skirti aptikti \u017emoni\u0173 buvim\u0105;<\/span><\/li>\n<li style=\"font-weight: 400;\"><span style=\"font-weight: 400;\">Login\u0117s grandin\u0117s saugos funkcijoms u\u017etikrinti.<\/span><\/li>\n<\/ul>\n<p><span style=\"font-weight: 400;\">Teigiamas privalomas gaminio, kuriam taikoma Ma\u0161in\u0173 direktyva, \u012fvertinimas apibendrinamas i\u0161duodant EB tipo tyrimo sertifikat\u0105 (EB tipo sertifikatas).<\/span><\/p>\n<p><strong>Skaityti daugiau:<\/strong><\/p>\n<p><a href=\"http:\/\/icr.you2.pl\/wp-content\/uploads\/2019\/06\/Program-oceny-zgodno\u015bci-w-zakresie-MD.pdf\" target=\"_blank\" rel=\"noopener noreferrer\"><img decoding=\"async\" class=\"wp-image-2679 alignnone\" src=\"http:\/\/icr.you2.pl\/wp-content\/uploads\/2019\/06\/adobe.jpg\" alt=\"\" width=\"20\" height=\"21\" srcset=\"https:\/\/icr.you2.pl\/wp-content\/uploads\/2019\/06\/adobe.jpg 218w, https:\/\/icr.you2.pl\/wp-content\/uploads\/2019\/06\/adobe-150x150.jpg 150w\" sizes=\"(max-width: 20px) 100vw, 20px\" \/><\/a><a href=\"http:\/\/icr.you2.pl\/wp-content\/uploads\/2021\/01\/PC-P-07-03_16.pdf\" target=\"_blank\" rel=\"noopener noreferrer\">\u00a0MD atitikties vertinimo programa (2006\/42\/EB)<\/a><a href=\"http:\/\/icr.you2.pl\/wp-content\/uploads\/2020\/10\/PC-P-07-03_Program_MD15.pdf\" target=\"_blank\" rel=\"noopener noreferrer\"> + <\/a><a href=\"http:\/\/icr.you2.pl\/wp-content\/uploads\/2023\/11\/F-P-07-36_05a_MD.pdf\" target=\"_blank\" rel=\"noopener noreferrer\">technini\u0173 specifikacij\u0173 s\u0105ra\u0161as<\/a><\/p>\n<p><a href=\"http:\/\/icr.you2.pl\/wp-content\/uploads\/2019\/06\/Wniosek-o-certyfikacj\u0119-systemu.docx\"><img decoding=\"async\" class=\"alignnone wp-image-2678\" src=\"http:\/\/icr.you2.pl\/wp-content\/uploads\/2019\/06\/word.jpg\" alt=\"\" width=\"20\" height=\"20\" srcset=\"https:\/\/icr.you2.pl\/wp-content\/uploads\/2019\/06\/word.jpg 208w, https:\/\/icr.you2.pl\/wp-content\/uploads\/2019\/06\/word-150x150.jpg 150w\" sizes=\"(max-width: 20px) 100vw, 20px\" \/><\/a><a href=\"http:\/\/icr.you2.pl\/wp-content\/uploads\/2024\/03\/F-P-07-02_9.docx\" target=\"_blank\" rel=\"noopener noreferrer\">\u00a0Parai\u0161ka_Parai\u0161ka_Privalomasis vertinimas<\/a><\/p>","protected":false},"excerpt":{"rendered":"<p>Ma\u0161in\u0173 direktyvos privalomoji atitikties \u012fvertinimo programa apima \u0161ios direktyvos IV priede i\u0161vardytus gaminius. Tai yra: Mechaniniai, hidrauliniai ir pneumatiniai presai, \u012fskaitant pres\u0173 stabd\u017eius, skirti \u0161altajam metal\u0173 apdirbimui; plastik\u0173 liejimo ma\u0161inos arba presai su rankiniu pakrovimu arba i\u0161krovimu; gumos gamini\u0173 liejimo ma\u0161inos arba presai su rankiniu pakrovimu arba i\u0161krovimu;....&nbsp;<a href=\"https:\/\/icr.you2.pl\/lt\/certyfikacja-wyrobow\/md-2006-42-we-bezpieczenstwo-maszyn\/\" rel=\"bookmark\">Skaityti daugiau \"<span class=\"screen-reader-text\">MD 2006\/42\/EB - Ma\u0161in\u0173 sauga<\/span><\/a><\/p>","protected":false},"author":1,"featured_media":1147,"parent":211,"menu_order":0,"comment_status":"closed","ping_status":"closed","template":"","meta":{"neve_meta_sidebar":"","neve_meta_container":"","neve_meta_enable_content_width":"off","neve_meta_content_width":70,"neve_meta_title_alignment":"","neve_meta_author_avatar":"","neve_post_elements_order":"","neve_meta_disable_header":"","neve_meta_disable_footer":"","neve_meta_disable_title":"","footnotes":""},"class_list":["post-2017","page","type-page","status-publish","has-post-thumbnail","hentry"],"yoast_head":"<!-- This site is optimized with the Yoast SEO plugin v26.8 - https:\/\/yoast.com\/product\/yoast-seo-wordpress\/ -->\n<title>MD 2006\/42\/WE \u2013 bezpiecze\u0144stwo maszyn - ICR POLSKA - badania i certyfikacja<\/title>\n<meta name=\"robots\" content=\"index, follow, max-snippet:-1, max-image-preview:large, max-video-preview:-1\" \/>\n<link rel=\"canonical\" href=\"https:\/\/icr.you2.pl\/lt\/certyfikacja-wyrobow\/md-2006-42-we-bezpieczenstwo-maszyn\/\" \/>\n<meta property=\"og:locale\" content=\"lt_LT\" \/>\n<meta property=\"og:type\" content=\"article\" \/>\n<meta property=\"og:title\" content=\"MD 2006\/42\/WE \u2013 bezpiecze\u0144stwo maszyn - ICR POLSKA - badania i certyfikacja\" \/>\n<meta property=\"og:description\" content=\"Programem obowi\u0105zkowej oceny zgodno\u015bci w zakresie dyrektywy maszynowej obj\u0119te s\u0105 wyroby wymienione w Za\u0142\u0105czniku IV Dyrektywy. S\u0105 to m.in.: Prasy mechaniczne, hydrauliczne i pneumatyczne, w tym prasy kraw\u0119dziowe, do obr\u00f3bki metali na zimno; Wtryskarki lub prasy do tworzyw sztucznych, z r\u0119cznym podawaniem lub odbieraniem; Wtryskarki lub prasy do wyrob\u00f3w gumowych, z r\u0119cznym podawaniem lub odbieraniem;&hellip;&nbsp;Read More &raquo;MD 2006\/42\/WE \u2013 bezpiecze\u0144stwo maszyn\" \/>\n<meta property=\"og:url\" content=\"https:\/\/icr.you2.pl\/lt\/certyfikacja-wyrobow\/md-2006-42-we-bezpieczenstwo-maszyn\/\" \/>\n<meta property=\"og:site_name\" content=\"ICR POLSKA - badania i certyfikacja\" \/>\n<meta property=\"article:modified_time\" content=\"2024-03-26T10:59:34+00:00\" \/>\n<meta name=\"twitter:card\" content=\"summary_large_image\" \/>\n<meta name=\"twitter:label1\" content=\"Est. reading time\" \/>\n\t<meta name=\"twitter:data1\" content=\"2 minut\u0117s\" \/>\n<script type=\"application\/ld+json\" class=\"yoast-schema-graph\">{\"@context\":\"https:\/\/schema.org\",\"@graph\":[{\"@type\":\"WebPage\",\"@id\":\"https:\/\/icr.you2.pl\/certyfikacja-wyrobow\/md-2006-42-we-bezpieczenstwo-maszyn\/\",\"url\":\"https:\/\/icr.you2.pl\/certyfikacja-wyrobow\/md-2006-42-we-bezpieczenstwo-maszyn\/\",\"name\":\"MD 2006\/42\/WE \u2013 bezpiecze\u0144stwo maszyn - ICR POLSKA - badania i certyfikacja\",\"isPartOf\":{\"@id\":\"https:\/\/icr.you2.pl\/#website\"},\"primaryImageOfPage\":{\"@id\":\"https:\/\/icr.you2.pl\/certyfikacja-wyrobow\/md-2006-42-we-bezpieczenstwo-maszyn\/#primaryimage\"},\"image\":{\"@id\":\"https:\/\/icr.you2.pl\/certyfikacja-wyrobow\/md-2006-42-we-bezpieczenstwo-maszyn\/#primaryimage\"},\"thumbnailUrl\":\"\",\"datePublished\":\"2019-05-28T10:56:22+00:00\",\"dateModified\":\"2024-03-26T10:59:34+00:00\",\"breadcrumb\":{\"@id\":\"https:\/\/icr.you2.pl\/certyfikacja-wyrobow\/md-2006-42-we-bezpieczenstwo-maszyn\/#breadcrumb\"},\"inLanguage\":\"lt-LT\",\"potentialAction\":[{\"@type\":\"ReadAction\",\"target\":[\"https:\/\/icr.you2.pl\/certyfikacja-wyrobow\/md-2006-42-we-bezpieczenstwo-maszyn\/\"]}]},{\"@type\":\"ImageObject\",\"inLanguage\":\"lt-LT\",\"@id\":\"https:\/\/icr.you2.pl\/certyfikacja-wyrobow\/md-2006-42-we-bezpieczenstwo-maszyn\/#primaryimage\",\"url\":\"\",\"contentUrl\":\"\"},{\"@type\":\"BreadcrumbList\",\"@id\":\"https:\/\/icr.you2.pl\/certyfikacja-wyrobow\/md-2006-42-we-bezpieczenstwo-maszyn\/#breadcrumb\",\"itemListElement\":[{\"@type\":\"ListItem\",\"position\":1,\"name\":\"Strona g\u0142\u00f3wna\",\"item\":\"https:\/\/icr.you2.pl\/\"},{\"@type\":\"ListItem\",\"position\":2,\"name\":\"Certyfikacja wyrob\u00f3w\",\"item\":\"https:\/\/icr.you2.pl\/en\/certyfikacja-wyrobow\/\"},{\"@type\":\"ListItem\",\"position\":3,\"name\":\"MD 2006\/42\/WE \u2013 bezpiecze\u0144stwo maszyn\"}]},{\"@type\":\"WebSite\",\"@id\":\"https:\/\/icr.you2.pl\/#website\",\"url\":\"https:\/\/icr.you2.pl\/\",\"name\":\"ICR POLSKA - badania i certyfikacja\",\"description\":\"CE certification, CE certificate, ISO certificate, RED testing, product testing and certification, electrical product testing, medical device testing, ATEX, IECEx, FCC, product certification, EMC testing, machinery certification, CE machines, training, electronic product testing, testing 2014\/53\/EU, drone certification, ISO 13485 certificate, ISO 9001 certificate, NC RfG\",\"publisher\":{\"@id\":\"https:\/\/icr.you2.pl\/#\/schema\/person\/944799c9e2f4a94662e3fcb3b1544baf\"},\"potentialAction\":[{\"@type\":\"SearchAction\",\"target\":{\"@type\":\"EntryPoint\",\"urlTemplate\":\"https:\/\/icr.you2.pl\/?s={search_term_string}\"},\"query-input\":{\"@type\":\"PropertyValueSpecification\",\"valueRequired\":true,\"valueName\":\"search_term_string\"}}],\"inLanguage\":\"lt-LT\"},{\"@type\":[\"Person\",\"Organization\"],\"@id\":\"https:\/\/icr.you2.pl\/#\/schema\/person\/944799c9e2f4a94662e3fcb3b1544baf\",\"name\":\"admin\",\"image\":{\"@type\":\"ImageObject\",\"inLanguage\":\"lt-LT\",\"@id\":\"https:\/\/icr.you2.pl\/#\/schema\/person\/image\/\",\"url\":\"https:\/\/icr.you2.pl\/wp-content\/uploads\/2019\/05\/cropped-logo-icr.32f04ad5-1-1.png\",\"contentUrl\":\"https:\/\/icr.you2.pl\/wp-content\/uploads\/2019\/05\/cropped-logo-icr.32f04ad5-1-1.png\",\"width\":400,\"height\":148,\"caption\":\"admin\"},\"logo\":{\"@id\":\"https:\/\/icr.you2.pl\/#\/schema\/person\/image\/\"}}]}<\/script>\n<!-- \/ Yoast SEO plugin. -->","yoast_head_json":{"title":"MD 2006\/42\/EB - Ma\u0161in\u0173 sauga - ICR LENKIJA - Bandymas ir sertifikavimas","robots":{"index":"index","follow":"follow","max-snippet":"max-snippet:-1","max-image-preview":"max-image-preview:large","max-video-preview":"max-video-preview:-1"},"canonical":"https:\/\/icr.you2.pl\/lt\/certyfikacja-wyrobow\/md-2006-42-we-bezpieczenstwo-maszyn\/","og_locale":"lt_LT","og_type":"article","og_title":"MD 2006\/42\/WE \u2013 bezpiecze\u0144stwo maszyn - ICR POLSKA - badania i certyfikacja","og_description":"Programem obowi\u0105zkowej oceny zgodno\u015bci w zakresie dyrektywy maszynowej obj\u0119te s\u0105 wyroby wymienione w Za\u0142\u0105czniku IV Dyrektywy. S\u0105 to m.in.: Prasy mechaniczne, hydrauliczne i pneumatyczne, w tym prasy kraw\u0119dziowe, do obr\u00f3bki metali na zimno; Wtryskarki lub prasy do tworzyw sztucznych, z r\u0119cznym podawaniem lub odbieraniem; Wtryskarki lub prasy do wyrob\u00f3w gumowych, z r\u0119cznym podawaniem lub odbieraniem;&hellip;&nbsp;Read More &raquo;MD 2006\/42\/WE \u2013 bezpiecze\u0144stwo maszyn","og_url":"https:\/\/icr.you2.pl\/lt\/certyfikacja-wyrobow\/md-2006-42-we-bezpieczenstwo-maszyn\/","og_site_name":"ICR POLSKA - badania i certyfikacja","article_modified_time":"2024-03-26T10:59:34+00:00","twitter_card":"summary_large_image","twitter_misc":{"Est. reading time":"2 minut\u0117s"},"schema":{"@context":"https:\/\/schema.org","@graph":[{"@type":"WebPage","@id":"https:\/\/icr.you2.pl\/certyfikacja-wyrobow\/md-2006-42-we-bezpieczenstwo-maszyn\/","url":"https:\/\/icr.you2.pl\/certyfikacja-wyrobow\/md-2006-42-we-bezpieczenstwo-maszyn\/","name":"MD 2006\/42\/EB - Ma\u0161in\u0173 sauga - ICR LENKIJA - Bandymas ir sertifikavimas","isPartOf":{"@id":"https:\/\/icr.you2.pl\/#website"},"primaryImageOfPage":{"@id":"https:\/\/icr.you2.pl\/certyfikacja-wyrobow\/md-2006-42-we-bezpieczenstwo-maszyn\/#primaryimage"},"image":{"@id":"https:\/\/icr.you2.pl\/certyfikacja-wyrobow\/md-2006-42-we-bezpieczenstwo-maszyn\/#primaryimage"},"thumbnailUrl":"","datePublished":"2019-05-28T10:56:22+00:00","dateModified":"2024-03-26T10:59:34+00:00","breadcrumb":{"@id":"https:\/\/icr.you2.pl\/certyfikacja-wyrobow\/md-2006-42-we-bezpieczenstwo-maszyn\/#breadcrumb"},"inLanguage":"lt-LT","potentialAction":[{"@type":"ReadAction","target":["https:\/\/icr.you2.pl\/certyfikacja-wyrobow\/md-2006-42-we-bezpieczenstwo-maszyn\/"]}]},{"@type":"ImageObject","inLanguage":"lt-LT","@id":"https:\/\/icr.you2.pl\/certyfikacja-wyrobow\/md-2006-42-we-bezpieczenstwo-maszyn\/#primaryimage","url":"","contentUrl":""},{"@type":"BreadcrumbList","@id":"https:\/\/icr.you2.pl\/certyfikacja-wyrobow\/md-2006-42-we-bezpieczenstwo-maszyn\/#breadcrumb","itemListElement":[{"@type":"ListItem","position":1,"name":"Strona g\u0142\u00f3wna","item":"https:\/\/icr.you2.pl\/"},{"@type":"ListItem","position":2,"name":"Certyfikacja wyrob\u00f3w","item":"https:\/\/icr.you2.pl\/en\/certyfikacja-wyrobow\/"},{"@type":"ListItem","position":3,"name":"MD 2006\/42\/WE \u2013 bezpiecze\u0144stwo maszyn"}]},{"@type":"WebSite","@id":"https:\/\/icr.you2.pl\/#website","url":"https:\/\/icr.you2.pl\/","name":"ICR POLAND - bandymai ir sertifikavimas","description":"CE sertifikavimas, CE sertifikatas, ISO sertifikatas, RED testavimas, gamini\u0173 testavimas ir sertifikavimas, elektros gamini\u0173 testavimas, medicinos prietais\u0173 testavimas, ATEX, IECEx, FCC, gamini\u0173 sertifikavimas, EMC testavimas, ma\u0161in\u0173 sertifikavimas, CE ma\u0161inos, mokymai, elektronini\u0173 gamini\u0173 testavimas, testavimas 2014\/53\/ES, dron\u0173 sertifikavimas, ISO 13485 sertifikatas, ISO 9001 sertifikatas, NC RfG","publisher":{"@id":"https:\/\/icr.you2.pl\/#\/schema\/person\/944799c9e2f4a94662e3fcb3b1544baf"},"potentialAction":[{"@type":"SearchAction","target":{"@type":"EntryPoint","urlTemplate":"https:\/\/icr.you2.pl\/?s={search_term_string}"},"query-input":{"@type":"PropertyValueSpecification","valueRequired":true,"valueName":"search_term_string"}}],"inLanguage":"lt-LT"},{"@type":["Person","Organization"],"@id":"https:\/\/icr.you2.pl\/#\/schema\/person\/944799c9e2f4a94662e3fcb3b1544baf","name":"administratorius","image":{"@type":"ImageObject","inLanguage":"lt-LT","@id":"https:\/\/icr.you2.pl\/#\/schema\/person\/image\/","url":"https:\/\/icr.you2.pl\/wp-content\/uploads\/2019\/05\/cropped-logo-icr.32f04ad5-1-1.png","contentUrl":"https:\/\/icr.you2.pl\/wp-content\/uploads\/2019\/05\/cropped-logo-icr.32f04ad5-1-1.png","width":400,"height":148,"caption":"admin"},"logo":{"@id":"https:\/\/icr.you2.pl\/#\/schema\/person\/image\/"}}]}},"_links":{"self":[{"href":"https:\/\/icr.you2.pl\/lt\/wp-json\/wp\/v2\/pages\/2017","targetHints":{"allow":["GET"]}}],"collection":[{"href":"https:\/\/icr.you2.pl\/lt\/wp-json\/wp\/v2\/pages"}],"about":[{"href":"https:\/\/icr.you2.pl\/lt\/wp-json\/wp\/v2\/types\/page"}],"author":[{"embeddable":true,"href":"https:\/\/icr.you2.pl\/lt\/wp-json\/wp\/v2\/users\/1"}],"replies":[{"embeddable":true,"href":"https:\/\/icr.you2.pl\/lt\/wp-json\/wp\/v2\/comments?post=2017"}],"version-history":[{"count":0,"href":"https:\/\/icr.you2.pl\/lt\/wp-json\/wp\/v2\/pages\/2017\/revisions"}],"up":[{"embeddable":true,"href":"https:\/\/icr.you2.pl\/lt\/wp-json\/wp\/v2\/pages\/211"}],"wp:featuredmedia":[{"embeddable":true,"href":"https:\/\/icr.you2.pl\/lt\/wp-json\/"}],"wp:attachment":[{"href":"https:\/\/icr.you2.pl\/lt\/wp-json\/wp\/v2\/media?parent=2017"}],"curies":[{"name":"wp","href":"https:\/\/api.w.org\/{rel}","templated":true}]}}