{"id":2019,"date":"2019-05-28T10:59:50","date_gmt":"2019-05-28T10:59:50","guid":{"rendered":"http:\/\/icrpolska.e-ksperci.pl\/?page_id=2019"},"modified":"2025-01-30T10:58:54","modified_gmt":"2025-01-30T09:58:54","slug":"emc-2014-30-ue-kompatybilnosc-elektromagnetyczna","status":"publish","type":"page","link":"https:\/\/icr.you2.pl\/lt\/certyfikacja-wyrobow\/emc-2014-30-ue-kompatybilnosc-elektromagnetyczna\/","title":{"rendered":"EMC 2014\/30\/ES - elektromagnetinis suderinamumas"},"content":{"rendered":"<p><span style=\"font-weight: 400;\">Visa elektros ir elektronin\u0117 \u012franga ar \u012frenginiai s\u0105veikauja tiek laidiniu (elektros tinklas, jungtys su periferine \u012franga, ekvipotencialin\u0117s jungtys ir t. t.), tiek spinduliavimo b\u016bdu, jei atstumas tarp j\u0173 yra ma\u017eas. Elektromagnetinio suderinamumo (EMS) tikslas - i\u0161laikyti tok\u012f trikd\u017ei\u0173 skleidimo lyg\u012f ir atsparumo trikd\u017eiams lyg\u012f, kuris leist\u0173 veikti be trikd\u017ei\u0173. EMC - tai visi esami ir b\u016bsimi metodai ir technologijos, skirti trikd\u017eiams ma\u017einti ir atsparumui trikd\u017eiams didinti.\u00a0<\/span><\/p>\n<p class=\"translation-block\"><span style=\"font-weight: 400\">Pagal <a href=\"https:\/\/eur-lex.europa.eu\/legal-content\/PL\/TXT\/PDF\/?uri=CELEX:32014L0030&amp;from=PL\" target=\"_self\" rel=\"noopener noreferrer\">EMC direktyvos<\/a> nuostatas r\u016bpinamasi apriboti \u012frengini\u0173 elektromagnetin\u012f spinduliavim\u0105, siekiant u\u017etikrinti, kad naudojant pagal paskirt\u012f tokie \u012frenginiai netrukdyt\u0173 radijo ir telekomunikacij\u0173 ry\u0161iams ar kit\u0173 \u012frengini\u0173 veikimui.<\/span>.<\/p>\n<p><span style=\"font-weight: 400;\">Direktyva taip pat reglamentuoja tokios \u012frangos atsparum\u0105 trukd\u017eiams ir yra skirta u\u017etikrinti, kad \u0161i \u012franga, naudojama pagal paskirt\u012f, neb\u016bt\u0173 veikiama radijo bang\u0173, taip pat laidinio radijo ir kit\u0173 impulsini\u0173 trikd\u017ei\u0173 (BURST \/ SURGE ), elektrostatini\u0173 i\u0161lyd\u017ei\u0173 ir pan.<\/span><\/p>\n<p><span style=\"font-weight: 400;\">S\u0117kmingai atliktas privalomasis gaminio EMC vertinimas apibendrinamas i\u0161duodant ES tipo tyrimo sertifikat\u0105 (ES tipo sertifikatas).<\/span><\/p>\n<p><strong>Skaityti daugiau:<\/strong><\/p>\n<p><a href=\"http:\/\/icr.you2.pl\/wp-content\/uploads\/2019\/06\/Program-oceny-zgodno\u015bci-w-zakresie-EMC.pdf\" target=\"_blank\" rel=\"noopener noreferrer\"><img decoding=\"async\" class=\"alignnone wp-image-2679\" src=\"http:\/\/icr.you2.pl\/wp-content\/uploads\/2019\/06\/adobe.jpg\" alt=\"\" width=\"20\" height=\"21\" srcset=\"https:\/\/icr.you2.pl\/wp-content\/uploads\/2019\/06\/adobe.jpg 218w, https:\/\/icr.you2.pl\/wp-content\/uploads\/2019\/06\/adobe-150x150.jpg 150w\" sizes=\"(max-width: 20px) 100vw, 20px\" \/><\/a><a href=\"http:\/\/icr.you2.pl\/wp-content\/uploads\/2024\/03\/PC-P-07-02_14_EMC.pdf\" target=\"_blank\" rel=\"noopener noreferrer\"> EMC atitikties vertinimo programa (2014\/30\/ES)<\/a> + <a href=\"http:\/\/icr.you2.pl\/wp-content\/uploads\/2025\/01\/F-P-07-34_5.pdf\" target=\"_blank\" rel=\"noopener noreferrer\">technini\u0173 specifikacij\u0173 s\u0105ra\u0161as<\/a><\/p>\n<p><a href=\"http:\/\/icr.you2.pl\/wp-content\/uploads\/2019\/06\/Wniosek-o-certyfikacj\u0119-systemu.docx\"><img decoding=\"async\" class=\"alignnone wp-image-2678\" src=\"http:\/\/icr.you2.pl\/wp-content\/uploads\/2019\/06\/word.jpg\" alt=\"\" width=\"20\" height=\"20\" srcset=\"https:\/\/icr.you2.pl\/wp-content\/uploads\/2019\/06\/word.jpg 208w, https:\/\/icr.you2.pl\/wp-content\/uploads\/2019\/06\/word-150x150.jpg 150w\" sizes=\"(max-width: 20px) 100vw, 20px\" \/><\/a><a href=\"http:\/\/icr.you2.pl\/wp-content\/uploads\/2024\/03\/F-P-07-02_9.docx\" target=\"_blank\" rel=\"noopener noreferrer\">\u00a0Parai\u0161ka_Parai\u0161ka_Privalomasis vertinimas<\/a><\/p>","protected":false},"excerpt":{"rendered":"<p>Visa elektros ir elektronin\u0117 \u012franga ar \u012frenginiai s\u0105veikauja tiek laidiniu (elektros tinklas, jungtys su periferine \u012franga, ekvipotencialin\u0117s jungtys ir t. t.), tiek spinduliniu b\u016bdu, jei atstumas tarp j\u0173 nedidelis. Elektromagnetinio suderinamumo (EMS) tikslas - i\u0161laikyti tok\u012f trikd\u017ei\u0173 skleidimo lyg\u012f ir atsparumo trikd\u017eiams lyg\u012f, kad b\u016bt\u0173 galima veikti be trikd\u017ei\u0173....&nbsp;<a href=\"https:\/\/icr.you2.pl\/lt\/certyfikacja-wyrobow\/emc-2014-30-ue-kompatybilnosc-elektromagnetyczna\/\" rel=\"bookmark\">Skaityti daugiau \"<span class=\"screen-reader-text\">EMC 2014\/30\/ES - elektromagnetinis suderinamumas<\/span><\/a><\/p>","protected":false},"author":1,"featured_media":1170,"parent":211,"menu_order":0,"comment_status":"closed","ping_status":"closed","template":"","meta":{"neve_meta_sidebar":"","neve_meta_container":"","neve_meta_enable_content_width":"off","neve_meta_content_width":70,"neve_meta_title_alignment":"","neve_meta_author_avatar":"","neve_post_elements_order":"","neve_meta_disable_header":"","neve_meta_disable_footer":"","neve_meta_disable_title":"","footnotes":""},"class_list":["post-2019","page","type-page","status-publish","has-post-thumbnail","hentry"],"yoast_head":"<!-- This site is optimized with the Yoast SEO plugin v26.8 - https:\/\/yoast.com\/product\/yoast-seo-wordpress\/ -->\n<title>EMC 2014\/30\/UE \u2013 kompatybilno\u015b\u0107 elektromagnetyczna - ICR POLSKA - badania i certyfikacja<\/title>\n<meta name=\"robots\" content=\"index, follow, max-snippet:-1, max-image-preview:large, max-video-preview:-1\" \/>\n<link rel=\"canonical\" href=\"https:\/\/icr.you2.pl\/lt\/certyfikacja-wyrobow\/emc-2014-30-ue-kompatybilnosc-elektromagnetyczna\/\" \/>\n<meta property=\"og:locale\" content=\"lt_LT\" \/>\n<meta property=\"og:type\" content=\"article\" \/>\n<meta property=\"og:title\" content=\"EMC 2014\/30\/UE \u2013 kompatybilno\u015b\u0107 elektromagnetyczna - ICR POLSKA - badania i certyfikacja\" \/>\n<meta property=\"og:description\" content=\"Wszystkie urz\u0105dzenia lub instalacje elektryczne i elektroniczne oddzia\u0142uj\u0105 na siebie zar\u00f3wno w spos\u00f3b przewodzony (sie\u0107 zasilaj\u0105ca, po\u0142\u0105czenia z urz\u0105dzeniami peryferyjnymi, po\u0142\u0105czenia wyr\u00f3wnawcze itp.) jak r\u00f3wnie\u017c w spos\u00f3b promieniowany, je\u017celi odleg\u0142o\u015b\u0107 mi\u0119dzy nimi jest niewielka. Celem kompatybilno\u015bci elektromagnetycznej (EMC) jest utrzymanie poziom\u00f3w emisji zaburze\u0144, jak i poziom\u00f3w odporno\u015bci na zaburzenia w stopniu pozwalaj\u0105cym na bezawaryjn\u0105 wsp\u00f3\u0142prac\u0119.&hellip;&nbsp;Read More &raquo;EMC 2014\/30\/UE \u2013 kompatybilno\u015b\u0107 elektromagnetyczna\" \/>\n<meta property=\"og:url\" content=\"https:\/\/icr.you2.pl\/lt\/certyfikacja-wyrobow\/emc-2014-30-ue-kompatybilnosc-elektromagnetyczna\/\" \/>\n<meta property=\"og:site_name\" content=\"ICR POLSKA - badania i certyfikacja\" \/>\n<meta property=\"article:modified_time\" content=\"2025-01-30T09:58:54+00:00\" \/>\n<meta name=\"twitter:card\" content=\"summary_large_image\" \/>\n<meta name=\"twitter:label1\" content=\"Est. reading time\" \/>\n\t<meta name=\"twitter:data1\" content=\"2 minut\u0117s\" \/>\n<script type=\"application\/ld+json\" class=\"yoast-schema-graph\">{\"@context\":\"https:\/\/schema.org\",\"@graph\":[{\"@type\":\"WebPage\",\"@id\":\"https:\/\/icr.you2.pl\/certyfikacja-wyrobow\/emc-2014-30-ue-kompatybilnosc-elektromagnetyczna\/\",\"url\":\"https:\/\/icr.you2.pl\/certyfikacja-wyrobow\/emc-2014-30-ue-kompatybilnosc-elektromagnetyczna\/\",\"name\":\"EMC 2014\/30\/UE \u2013 kompatybilno\u015b\u0107 elektromagnetyczna - ICR POLSKA - badania i certyfikacja\",\"isPartOf\":{\"@id\":\"https:\/\/icr.you2.pl\/#website\"},\"primaryImageOfPage\":{\"@id\":\"https:\/\/icr.you2.pl\/certyfikacja-wyrobow\/emc-2014-30-ue-kompatybilnosc-elektromagnetyczna\/#primaryimage\"},\"image\":{\"@id\":\"https:\/\/icr.you2.pl\/certyfikacja-wyrobow\/emc-2014-30-ue-kompatybilnosc-elektromagnetyczna\/#primaryimage\"},\"thumbnailUrl\":\"\",\"datePublished\":\"2019-05-28T10:59:50+00:00\",\"dateModified\":\"2025-01-30T09:58:54+00:00\",\"breadcrumb\":{\"@id\":\"https:\/\/icr.you2.pl\/certyfikacja-wyrobow\/emc-2014-30-ue-kompatybilnosc-elektromagnetyczna\/#breadcrumb\"},\"inLanguage\":\"lt-LT\",\"potentialAction\":[{\"@type\":\"ReadAction\",\"target\":[\"https:\/\/icr.you2.pl\/certyfikacja-wyrobow\/emc-2014-30-ue-kompatybilnosc-elektromagnetyczna\/\"]}]},{\"@type\":\"ImageObject\",\"inLanguage\":\"lt-LT\",\"@id\":\"https:\/\/icr.you2.pl\/certyfikacja-wyrobow\/emc-2014-30-ue-kompatybilnosc-elektromagnetyczna\/#primaryimage\",\"url\":\"\",\"contentUrl\":\"\"},{\"@type\":\"BreadcrumbList\",\"@id\":\"https:\/\/icr.you2.pl\/certyfikacja-wyrobow\/emc-2014-30-ue-kompatybilnosc-elektromagnetyczna\/#breadcrumb\",\"itemListElement\":[{\"@type\":\"ListItem\",\"position\":1,\"name\":\"Strona g\u0142\u00f3wna\",\"item\":\"https:\/\/icr.you2.pl\/\"},{\"@type\":\"ListItem\",\"position\":2,\"name\":\"Certyfikacja wyrob\u00f3w\",\"item\":\"https:\/\/icr.you2.pl\/en\/certyfikacja-wyrobow\/\"},{\"@type\":\"ListItem\",\"position\":3,\"name\":\"EMC 2014\/30\/UE \u2013 kompatybilno\u015b\u0107 elektromagnetyczna\"}]},{\"@type\":\"WebSite\",\"@id\":\"https:\/\/icr.you2.pl\/#website\",\"url\":\"https:\/\/icr.you2.pl\/\",\"name\":\"ICR POLSKA - badania i certyfikacja\",\"description\":\"CE certification, CE certificate, ISO certificate, RED testing, product testing and certification, electrical product testing, medical device testing, ATEX, IECEx, FCC, product certification, EMC testing, machinery certification, CE machines, training, electronic product testing, testing 2014\/53\/EU, drone certification, ISO 13485 certificate, ISO 9001 certificate, NC RfG\",\"publisher\":{\"@id\":\"https:\/\/icr.you2.pl\/#\/schema\/person\/944799c9e2f4a94662e3fcb3b1544baf\"},\"potentialAction\":[{\"@type\":\"SearchAction\",\"target\":{\"@type\":\"EntryPoint\",\"urlTemplate\":\"https:\/\/icr.you2.pl\/?s={search_term_string}\"},\"query-input\":{\"@type\":\"PropertyValueSpecification\",\"valueRequired\":true,\"valueName\":\"search_term_string\"}}],\"inLanguage\":\"lt-LT\"},{\"@type\":[\"Person\",\"Organization\"],\"@id\":\"https:\/\/icr.you2.pl\/#\/schema\/person\/944799c9e2f4a94662e3fcb3b1544baf\",\"name\":\"admin\",\"image\":{\"@type\":\"ImageObject\",\"inLanguage\":\"lt-LT\",\"@id\":\"https:\/\/icr.you2.pl\/#\/schema\/person\/image\/\",\"url\":\"https:\/\/icr.you2.pl\/wp-content\/uploads\/2019\/05\/cropped-logo-icr.32f04ad5-1-1.png\",\"contentUrl\":\"https:\/\/icr.you2.pl\/wp-content\/uploads\/2019\/05\/cropped-logo-icr.32f04ad5-1-1.png\",\"width\":400,\"height\":148,\"caption\":\"admin\"},\"logo\":{\"@id\":\"https:\/\/icr.you2.pl\/#\/schema\/person\/image\/\"}}]}<\/script>\n<!-- \/ Yoast SEO plugin. -->","yoast_head_json":{"title":"EMC 2014\/30\/ES - elektromagnetinis suderinamumas - ICR POLAND - bandymai ir sertifikavimas","robots":{"index":"index","follow":"follow","max-snippet":"max-snippet:-1","max-image-preview":"max-image-preview:large","max-video-preview":"max-video-preview:-1"},"canonical":"https:\/\/icr.you2.pl\/lt\/certyfikacja-wyrobow\/emc-2014-30-ue-kompatybilnosc-elektromagnetyczna\/","og_locale":"lt_LT","og_type":"article","og_title":"EMC 2014\/30\/UE \u2013 kompatybilno\u015b\u0107 elektromagnetyczna - ICR POLSKA - badania i certyfikacja","og_description":"Wszystkie urz\u0105dzenia lub instalacje elektryczne i elektroniczne oddzia\u0142uj\u0105 na siebie zar\u00f3wno w spos\u00f3b przewodzony (sie\u0107 zasilaj\u0105ca, po\u0142\u0105czenia z urz\u0105dzeniami peryferyjnymi, po\u0142\u0105czenia wyr\u00f3wnawcze itp.) jak r\u00f3wnie\u017c w spos\u00f3b promieniowany, je\u017celi odleg\u0142o\u015b\u0107 mi\u0119dzy nimi jest niewielka. Celem kompatybilno\u015bci elektromagnetycznej (EMC) jest utrzymanie poziom\u00f3w emisji zaburze\u0144, jak i poziom\u00f3w odporno\u015bci na zaburzenia w stopniu pozwalaj\u0105cym na bezawaryjn\u0105 wsp\u00f3\u0142prac\u0119.&hellip;&nbsp;Read More &raquo;EMC 2014\/30\/UE \u2013 kompatybilno\u015b\u0107 elektromagnetyczna","og_url":"https:\/\/icr.you2.pl\/lt\/certyfikacja-wyrobow\/emc-2014-30-ue-kompatybilnosc-elektromagnetyczna\/","og_site_name":"ICR POLSKA - badania i certyfikacja","article_modified_time":"2025-01-30T09:58:54+00:00","twitter_card":"summary_large_image","twitter_misc":{"Est. reading time":"2 minut\u0117s"},"schema":{"@context":"https:\/\/schema.org","@graph":[{"@type":"WebPage","@id":"https:\/\/icr.you2.pl\/certyfikacja-wyrobow\/emc-2014-30-ue-kompatybilnosc-elektromagnetyczna\/","url":"https:\/\/icr.you2.pl\/certyfikacja-wyrobow\/emc-2014-30-ue-kompatybilnosc-elektromagnetyczna\/","name":"EMC 2014\/30\/ES - elektromagnetinis suderinamumas - ICR POLAND - bandymai ir sertifikavimas","isPartOf":{"@id":"https:\/\/icr.you2.pl\/#website"},"primaryImageOfPage":{"@id":"https:\/\/icr.you2.pl\/certyfikacja-wyrobow\/emc-2014-30-ue-kompatybilnosc-elektromagnetyczna\/#primaryimage"},"image":{"@id":"https:\/\/icr.you2.pl\/certyfikacja-wyrobow\/emc-2014-30-ue-kompatybilnosc-elektromagnetyczna\/#primaryimage"},"thumbnailUrl":"","datePublished":"2019-05-28T10:59:50+00:00","dateModified":"2025-01-30T09:58:54+00:00","breadcrumb":{"@id":"https:\/\/icr.you2.pl\/certyfikacja-wyrobow\/emc-2014-30-ue-kompatybilnosc-elektromagnetyczna\/#breadcrumb"},"inLanguage":"lt-LT","potentialAction":[{"@type":"ReadAction","target":["https:\/\/icr.you2.pl\/certyfikacja-wyrobow\/emc-2014-30-ue-kompatybilnosc-elektromagnetyczna\/"]}]},{"@type":"ImageObject","inLanguage":"lt-LT","@id":"https:\/\/icr.you2.pl\/certyfikacja-wyrobow\/emc-2014-30-ue-kompatybilnosc-elektromagnetyczna\/#primaryimage","url":"","contentUrl":""},{"@type":"BreadcrumbList","@id":"https:\/\/icr.you2.pl\/certyfikacja-wyrobow\/emc-2014-30-ue-kompatybilnosc-elektromagnetyczna\/#breadcrumb","itemListElement":[{"@type":"ListItem","position":1,"name":"Strona g\u0142\u00f3wna","item":"https:\/\/icr.you2.pl\/"},{"@type":"ListItem","position":2,"name":"Certyfikacja wyrob\u00f3w","item":"https:\/\/icr.you2.pl\/en\/certyfikacja-wyrobow\/"},{"@type":"ListItem","position":3,"name":"EMC 2014\/30\/UE \u2013 kompatybilno\u015b\u0107 elektromagnetyczna"}]},{"@type":"WebSite","@id":"https:\/\/icr.you2.pl\/#website","url":"https:\/\/icr.you2.pl\/","name":"ICR POLAND - bandymai ir sertifikavimas","description":"CE sertifikavimas, CE sertifikatas, ISO sertifikatas, RED testavimas, gamini\u0173 testavimas ir sertifikavimas, elektros gamini\u0173 testavimas, medicinos prietais\u0173 testavimas, ATEX, IECEx, FCC, gamini\u0173 sertifikavimas, EMC testavimas, ma\u0161in\u0173 sertifikavimas, CE ma\u0161inos, mokymai, elektronini\u0173 gamini\u0173 testavimas, testavimas 2014\/53\/ES, dron\u0173 sertifikavimas, ISO 13485 sertifikatas, ISO 9001 sertifikatas, NC RfG","publisher":{"@id":"https:\/\/icr.you2.pl\/#\/schema\/person\/944799c9e2f4a94662e3fcb3b1544baf"},"potentialAction":[{"@type":"SearchAction","target":{"@type":"EntryPoint","urlTemplate":"https:\/\/icr.you2.pl\/?s={search_term_string}"},"query-input":{"@type":"PropertyValueSpecification","valueRequired":true,"valueName":"search_term_string"}}],"inLanguage":"lt-LT"},{"@type":["Person","Organization"],"@id":"https:\/\/icr.you2.pl\/#\/schema\/person\/944799c9e2f4a94662e3fcb3b1544baf","name":"administratorius","image":{"@type":"ImageObject","inLanguage":"lt-LT","@id":"https:\/\/icr.you2.pl\/#\/schema\/person\/image\/","url":"https:\/\/icr.you2.pl\/wp-content\/uploads\/2019\/05\/cropped-logo-icr.32f04ad5-1-1.png","contentUrl":"https:\/\/icr.you2.pl\/wp-content\/uploads\/2019\/05\/cropped-logo-icr.32f04ad5-1-1.png","width":400,"height":148,"caption":"admin"},"logo":{"@id":"https:\/\/icr.you2.pl\/#\/schema\/person\/image\/"}}]}},"_links":{"self":[{"href":"https:\/\/icr.you2.pl\/lt\/wp-json\/wp\/v2\/pages\/2019","targetHints":{"allow":["GET"]}}],"collection":[{"href":"https:\/\/icr.you2.pl\/lt\/wp-json\/wp\/v2\/pages"}],"about":[{"href":"https:\/\/icr.you2.pl\/lt\/wp-json\/wp\/v2\/types\/page"}],"author":[{"embeddable":true,"href":"https:\/\/icr.you2.pl\/lt\/wp-json\/wp\/v2\/users\/1"}],"replies":[{"embeddable":true,"href":"https:\/\/icr.you2.pl\/lt\/wp-json\/wp\/v2\/comments?post=2019"}],"version-history":[{"count":0,"href":"https:\/\/icr.you2.pl\/lt\/wp-json\/wp\/v2\/pages\/2019\/revisions"}],"up":[{"embeddable":true,"href":"https:\/\/icr.you2.pl\/lt\/wp-json\/wp\/v2\/pages\/211"}],"wp:featuredmedia":[{"embeddable":true,"href":"https:\/\/icr.you2.pl\/lt\/wp-json\/"}],"wp:attachment":[{"href":"https:\/\/icr.you2.pl\/lt\/wp-json\/wp\/v2\/media?parent=2019"}],"curies":[{"name":"wp","href":"https:\/\/api.w.org\/{rel}","templated":true}]}}