{"id":2024,"date":"2019-05-28T11:01:41","date_gmt":"2019-05-28T11:01:41","guid":{"rendered":"http:\/\/icrpolska.e-ksperci.pl\/?page_id=2024"},"modified":"2025-03-06T11:46:02","modified_gmt":"2025-03-06T10:46:02","slug":"red-2014-53-ue-urzadzenia-radiowe","status":"publish","type":"page","link":"https:\/\/icr.you2.pl\/lt\/certyfikacja-wyrobow\/red-2014-53-ue-urzadzenia-radiowe\/","title":{"rendered":"RED 2014\/53\/ES - radijo \u012franga"},"content":{"rendered":"<p class=\"translation-block\"><a href=\"https:\/\/eur-lex.europa.eu\/legal-content\/PL\/TXT\/PDF\/?uri=CELEX:32014L0053&amp;from=PL\" target=\"_self\" rel=\"noopener noreferrer\"> RED direktyvos<\/a> taikymo sritis apima \u012frang\u0105 (elektrin\u0119 arba elektronin\u0119), kuri ty\u010dia skleid\u017eia arba priima radijo bangas telekomunikacij\u0173 arba radiolokacijos tikslais, ir \u012frang\u0105, kuri turi b\u016bti papildyta papildomu elementu (pvz.: antena), kad gal\u0117t\u0173 ty\u010dia skleisti arba priimti radijo bangas telekomunikacij\u0173 arba radiolokacijos tikslais.<\/p>\n<p>Radijo \u012frenginys tur\u0117t\u0173 b\u016bti suprojektuotas taip, kad u\u017etikrint\u0173 sveikatos ir saugos apsaug\u0105, \u012fskaitant tikslus, susijusius su:<\/p>\n<ul>\n<li>\u017emoni\u0173 ir namini\u0173 gyv\u016bn\u0173 sveikatos ir saugos bei turto apsaug\u0105, \u012fskaitant tikslus, susijusius su saugos reikalavimais pagal Direktyv\u0105 2014\/35\/ES, ta\u010diau netaikant elektros \u012ftampos ribos,<\/li>\n<li>tinkamas elektromagnetinio suderinamumo lygis pagal Direktyv\u0105 2014\/30\/ES (<strong>EMC<\/strong>),<\/li>\n<\/ul>\n<ul>\n<li>efektyviai naudoti radijo spektr\u0105 ir skatinti veiksming\u0105 jo naudojim\u0105, kad b\u016bt\u0173 i\u0161vengta \u017ealing\u0173 trukd\u017ei\u0173,<\/li>\n<li>nedaryti nepagr\u012fstos \u012ftakos tinklui ir jo veikimui arba netinkamai naudoti tinklo i\u0161teklius, taip nepriimtinai pabloginant paslaug\u0173 kokyb\u0119 (<strong>kibernetinio saugumo aspektai<\/strong>),<\/li>\n<li>naudotojo ir abonento asmens duomen\u0173 ir privatumo apsauga naudojant integruotas saugumo sistemas (<strong>kibernetinio saugumo aspektai<\/strong>),<\/li>\n<li>apsauga nuo suk\u010diavimo pasitelkiant atitinkamas funkcijas (<strong>kibernetinio saugumo aspektai<\/strong>),<\/li>\n<li>prieiga prie skubios pagalbos tarnyb\u0173 per atitinkamas funkcijas,<\/li>\n<li>atitiktis Ia priede nustatytoms atitinkamos kategorijos arba klas\u0117s \u012frangos \u012fkrovimo specifikacijoms (<strong>USB-C<\/strong>),<\/li>\n<li>s\u0105veika su papildomais komponentais, i\u0161skyrus \u012fkrovimo \u012frang\u0105, skirt\u0105 Ia priedo I dalyje apibr\u0117\u017et\u0173 kategorij\u0173 ar klasi\u0173 radijo \u012frenginiams.<\/li>\n<\/ul>\n<p>Ir ateityje:<\/p>\n<ul>\n<li>s\u0105veika per tinkl\u0105 su kitais radijo \u012frenginiais,<\/li>\n<li>ry\u0161ys su atitinkamo tipo s\u0105sajomis visoje S\u0105jungoje,<\/li>\n<li>ne\u012fgaliesiems naudotis atitinkamomis funkcijomis,<\/li>\n<li>\u012f \u0161\u012f prietais\u0105 galima atsisi\u0173sti tik t\u0105 programin\u0119 \u012frang\u0105, kurios suderinamumas su programin\u0117s \u012frangos ir radijo \u012frenginio deriniu yra patvirtintas,<\/li>\n<\/ul>\n<p>Direktyva 2014\/53\/ES netaikoma radijo ry\u0161io \u012frenginiams, naudojamiems tik visuomen\u0117s saugumo, gynybos, valstyb\u0117s saugumo, \u012fskaitant valstyb\u0117s ekonomin\u0119 gerov\u0119, tikslais, kai vykdoma veikla, susijusi su valstyb\u0117s saugumo klausimais, ir valstyb\u0117s veiklai baud\u017eiamosios teis\u0117s srityje.<\/p>\n<p>Teigiamas privalomas gaminio, kuriam taikoma Radijo \u012frengini\u0173 direktyva, \u012fvertinimas apibendrinamas i\u0161duodant ES tipo tyrimo sertifikat\u0105 (ES tipo sertifikat\u0105).<\/p>\n<p><strong>Skaityti daugiau:<\/strong><\/p>\n<p><img decoding=\"async\" class=\"alignnone wp-image-2679\" src=\"http:\/\/icr.you2.pl\/wp-content\/uploads\/2019\/06\/adobe.jpg\" alt=\"\" width=\"20\" height=\"21\" srcset=\"https:\/\/icr.you2.pl\/wp-content\/uploads\/2019\/06\/adobe.jpg 218w, https:\/\/icr.you2.pl\/wp-content\/uploads\/2019\/06\/adobe-150x150.jpg 150w\" sizes=\"(max-width: 20px) 100vw, 20px\" \/>\u00a0<a href=\"http:\/\/icr.you2.pl\/wp-content\/uploads\/2021\/01\/PC-P-07-05_09.pdf\" target=\"_blank\" rel=\"noopener noreferrer\">RED atitikties vertinimo programa (2014\/53\/ES)<\/a>\u00a0+ <a href=\"http:\/\/icr.you2.pl\/wp-content\/uploads\/2025\/01\/F-P-07-31_19a.pdf\" target=\"_blank\" rel=\"noopener noreferrer\">technini\u0173 specifikacij\u0173 s\u0105ra\u0161as<\/a><\/p>\n<p><a href=\"http:\/\/icr.you2.pl\/wp-content\/uploads\/2019\/06\/Wniosek-o-certyfikacj\u0119-systemu.docx\"><img decoding=\"async\" class=\"alignnone wp-image-2678\" src=\"http:\/\/icr.you2.pl\/wp-content\/uploads\/2019\/06\/word.jpg\" alt=\"\" width=\"20\" height=\"20\" srcset=\"https:\/\/icr.you2.pl\/wp-content\/uploads\/2019\/06\/word.jpg 208w, https:\/\/icr.you2.pl\/wp-content\/uploads\/2019\/06\/word-150x150.jpg 150w\" sizes=\"(max-width: 20px) 100vw, 20px\" \/><\/a><a href=\"http:\/\/icr.you2.pl\/wp-content\/uploads\/2024\/03\/F-P-07-02_9.docx\" target=\"_blank\" rel=\"noopener noreferrer\">\u00a0Parai\u0161ka_Parai\u0161ka_Privalomasis vertinimas<\/a><\/p>","protected":false},"excerpt":{"rendered":"<p>RED direktyva taikoma \u012frangai (elektrinei ar elektroninei), kuri s\u0105moningai skleid\u017eia ar priima radijo bangas telekomunikacij\u0173 ar radiolokacijos tikslais, taip pat \u012frangai, kuri turi b\u016bti papildyta papildomu elementu (pvz., antena), kad gal\u0117t\u0173 s\u0105moningai skleisti ar priimti radijo bangas radijo ry\u0161io ar radiolokacijos tikslais. Radijo \u012frenginys tur\u0117t\u0173 b\u016bti suprojektuotas taip, kad u\u017etikrint\u0173 apsaug\u0105 ...&nbsp;<a href=\"https:\/\/icr.you2.pl\/lt\/certyfikacja-wyrobow\/red-2014-53-ue-urzadzenia-radiowe\/\" rel=\"bookmark\">Skaityti daugiau \"<span class=\"screen-reader-text\">RED 2014\/53\/ES - radijo \u012franga<\/span><\/a><\/p>","protected":false},"author":1,"featured_media":914,"parent":211,"menu_order":0,"comment_status":"closed","ping_status":"closed","template":"","meta":{"neve_meta_sidebar":"","neve_meta_container":"","neve_meta_enable_content_width":"off","neve_meta_content_width":70,"neve_meta_title_alignment":"","neve_meta_author_avatar":"","neve_post_elements_order":"","neve_meta_disable_header":"","neve_meta_disable_footer":"","neve_meta_disable_title":"","footnotes":""},"class_list":["post-2024","page","type-page","status-publish","has-post-thumbnail","hentry"],"yoast_head":"<!-- This site is optimized with the Yoast SEO plugin v26.8 - https:\/\/yoast.com\/product\/yoast-seo-wordpress\/ -->\n<title>RED 2014\/53\/UE \u2013 urz\u0105dzenia radiowe - ICR POLSKA - badania i certyfikacja<\/title>\n<meta name=\"robots\" content=\"index, follow, max-snippet:-1, max-image-preview:large, max-video-preview:-1\" \/>\n<link rel=\"canonical\" href=\"https:\/\/icr.you2.pl\/lt\/certyfikacja-wyrobow\/red-2014-53-ue-urzadzenia-radiowe\/\" \/>\n<meta property=\"og:locale\" content=\"lt_LT\" \/>\n<meta property=\"og:type\" content=\"article\" \/>\n<meta property=\"og:title\" content=\"RED 2014\/53\/UE \u2013 urz\u0105dzenia radiowe - ICR POLSKA - badania i certyfikacja\" \/>\n<meta property=\"og:description\" content=\"Zakresem dyrektywy RED obj\u0119te s\u0105 urz\u0105dzenia (elektryczne lub elektroniczne), kt\u00f3ry celowo emituj\u0105 lub odbieraj\u0105 fale radiowe na potrzeby telekomunikacji lub radiolokacji, oraz urz\u0105dzenia, kt\u00f3ry musz\u0105 zosta\u0107 uzupe\u0142nione o dodatkowy element (np.: anten\u0119) tak, aby mog\u0142o celowo emitowa\u0107 lub odbiera\u0107 fale radiowe na potrzeby radiokomunikacji lub radiolokacji. Urz\u0105dzenie radiowe powinno by\u0107 skonstruowane tak, aby zapewni\u0107 ochron\u0119&hellip;&nbsp;Read More &raquo;RED 2014\/53\/UE \u2013 urz\u0105dzenia radiowe\" \/>\n<meta property=\"og:url\" content=\"https:\/\/icr.you2.pl\/lt\/certyfikacja-wyrobow\/red-2014-53-ue-urzadzenia-radiowe\/\" \/>\n<meta property=\"og:site_name\" content=\"ICR POLSKA - badania i certyfikacja\" \/>\n<meta property=\"article:modified_time\" content=\"2025-03-06T10:46:02+00:00\" \/>\n<meta name=\"twitter:card\" content=\"summary_large_image\" \/>\n<meta name=\"twitter:label1\" content=\"Est. reading time\" \/>\n\t<meta name=\"twitter:data1\" content=\"3 minut\u0117s\" \/>\n<script type=\"application\/ld+json\" class=\"yoast-schema-graph\">{\"@context\":\"https:\/\/schema.org\",\"@graph\":[{\"@type\":\"WebPage\",\"@id\":\"https:\/\/icr.you2.pl\/certyfikacja-wyrobow\/red-2014-53-ue-urzadzenia-radiowe\/\",\"url\":\"https:\/\/icr.you2.pl\/certyfikacja-wyrobow\/red-2014-53-ue-urzadzenia-radiowe\/\",\"name\":\"RED 2014\/53\/UE \u2013 urz\u0105dzenia radiowe - ICR POLSKA - badania i certyfikacja\",\"isPartOf\":{\"@id\":\"https:\/\/icr.you2.pl\/#website\"},\"primaryImageOfPage\":{\"@id\":\"https:\/\/icr.you2.pl\/certyfikacja-wyrobow\/red-2014-53-ue-urzadzenia-radiowe\/#primaryimage\"},\"image\":{\"@id\":\"https:\/\/icr.you2.pl\/certyfikacja-wyrobow\/red-2014-53-ue-urzadzenia-radiowe\/#primaryimage\"},\"thumbnailUrl\":\"\",\"datePublished\":\"2019-05-28T11:01:41+00:00\",\"dateModified\":\"2025-03-06T10:46:02+00:00\",\"breadcrumb\":{\"@id\":\"https:\/\/icr.you2.pl\/certyfikacja-wyrobow\/red-2014-53-ue-urzadzenia-radiowe\/#breadcrumb\"},\"inLanguage\":\"lt-LT\",\"potentialAction\":[{\"@type\":\"ReadAction\",\"target\":[\"https:\/\/icr.you2.pl\/certyfikacja-wyrobow\/red-2014-53-ue-urzadzenia-radiowe\/\"]}]},{\"@type\":\"ImageObject\",\"inLanguage\":\"lt-LT\",\"@id\":\"https:\/\/icr.you2.pl\/certyfikacja-wyrobow\/red-2014-53-ue-urzadzenia-radiowe\/#primaryimage\",\"url\":\"\",\"contentUrl\":\"\"},{\"@type\":\"BreadcrumbList\",\"@id\":\"https:\/\/icr.you2.pl\/certyfikacja-wyrobow\/red-2014-53-ue-urzadzenia-radiowe\/#breadcrumb\",\"itemListElement\":[{\"@type\":\"ListItem\",\"position\":1,\"name\":\"Strona g\u0142\u00f3wna\",\"item\":\"https:\/\/icr.you2.pl\/\"},{\"@type\":\"ListItem\",\"position\":2,\"name\":\"Certyfikacja wyrob\u00f3w\",\"item\":\"https:\/\/icr.you2.pl\/en\/certyfikacja-wyrobow\/\"},{\"@type\":\"ListItem\",\"position\":3,\"name\":\"RED 2014\/53\/UE \u2013 urz\u0105dzenia radiowe\"}]},{\"@type\":\"WebSite\",\"@id\":\"https:\/\/icr.you2.pl\/#website\",\"url\":\"https:\/\/icr.you2.pl\/\",\"name\":\"ICR POLSKA - badania i certyfikacja\",\"description\":\"CE certification, CE certificate, ISO certificate, RED testing, product testing and certification, electrical product testing, medical device testing, ATEX, IECEx, FCC, product certification, EMC testing, machinery certification, CE machines, training, electronic product testing, testing 2014\/53\/EU, drone certification, ISO 13485 certificate, ISO 9001 certificate, NC RfG\",\"publisher\":{\"@id\":\"https:\/\/icr.you2.pl\/#\/schema\/person\/944799c9e2f4a94662e3fcb3b1544baf\"},\"potentialAction\":[{\"@type\":\"SearchAction\",\"target\":{\"@type\":\"EntryPoint\",\"urlTemplate\":\"https:\/\/icr.you2.pl\/?s={search_term_string}\"},\"query-input\":{\"@type\":\"PropertyValueSpecification\",\"valueRequired\":true,\"valueName\":\"search_term_string\"}}],\"inLanguage\":\"lt-LT\"},{\"@type\":[\"Person\",\"Organization\"],\"@id\":\"https:\/\/icr.you2.pl\/#\/schema\/person\/944799c9e2f4a94662e3fcb3b1544baf\",\"name\":\"admin\",\"image\":{\"@type\":\"ImageObject\",\"inLanguage\":\"lt-LT\",\"@id\":\"https:\/\/icr.you2.pl\/#\/schema\/person\/image\/\",\"url\":\"https:\/\/icr.you2.pl\/wp-content\/uploads\/2019\/05\/cropped-logo-icr.32f04ad5-1-1.png\",\"contentUrl\":\"https:\/\/icr.you2.pl\/wp-content\/uploads\/2019\/05\/cropped-logo-icr.32f04ad5-1-1.png\",\"width\":400,\"height\":148,\"caption\":\"admin\"},\"logo\":{\"@id\":\"https:\/\/icr.you2.pl\/#\/schema\/person\/image\/\"}}]}<\/script>\n<!-- \/ Yoast SEO plugin. -->","yoast_head_json":{"title":"RED 2014\/53\/ES - radijo \u012frenginiai - ICR LENKIJA - bandymai ir sertifikavimas","robots":{"index":"index","follow":"follow","max-snippet":"max-snippet:-1","max-image-preview":"max-image-preview:large","max-video-preview":"max-video-preview:-1"},"canonical":"https:\/\/icr.you2.pl\/lt\/certyfikacja-wyrobow\/red-2014-53-ue-urzadzenia-radiowe\/","og_locale":"lt_LT","og_type":"article","og_title":"RED 2014\/53\/UE \u2013 urz\u0105dzenia radiowe - ICR POLSKA - badania i certyfikacja","og_description":"Zakresem dyrektywy RED obj\u0119te s\u0105 urz\u0105dzenia (elektryczne lub elektroniczne), kt\u00f3ry celowo emituj\u0105 lub odbieraj\u0105 fale radiowe na potrzeby telekomunikacji lub radiolokacji, oraz urz\u0105dzenia, kt\u00f3ry musz\u0105 zosta\u0107 uzupe\u0142nione o dodatkowy element (np.: anten\u0119) tak, aby mog\u0142o celowo emitowa\u0107 lub odbiera\u0107 fale radiowe na potrzeby radiokomunikacji lub radiolokacji. Urz\u0105dzenie radiowe powinno by\u0107 skonstruowane tak, aby zapewni\u0107 ochron\u0119&hellip;&nbsp;Read More &raquo;RED 2014\/53\/UE \u2013 urz\u0105dzenia radiowe","og_url":"https:\/\/icr.you2.pl\/lt\/certyfikacja-wyrobow\/red-2014-53-ue-urzadzenia-radiowe\/","og_site_name":"ICR POLSKA - badania i certyfikacja","article_modified_time":"2025-03-06T10:46:02+00:00","twitter_card":"summary_large_image","twitter_misc":{"Est. reading time":"3 minut\u0117s"},"schema":{"@context":"https:\/\/schema.org","@graph":[{"@type":"WebPage","@id":"https:\/\/icr.you2.pl\/certyfikacja-wyrobow\/red-2014-53-ue-urzadzenia-radiowe\/","url":"https:\/\/icr.you2.pl\/certyfikacja-wyrobow\/red-2014-53-ue-urzadzenia-radiowe\/","name":"RED 2014\/53\/ES - radijo \u012frenginiai - ICR LENKIJA - bandymai ir sertifikavimas","isPartOf":{"@id":"https:\/\/icr.you2.pl\/#website"},"primaryImageOfPage":{"@id":"https:\/\/icr.you2.pl\/certyfikacja-wyrobow\/red-2014-53-ue-urzadzenia-radiowe\/#primaryimage"},"image":{"@id":"https:\/\/icr.you2.pl\/certyfikacja-wyrobow\/red-2014-53-ue-urzadzenia-radiowe\/#primaryimage"},"thumbnailUrl":"","datePublished":"2019-05-28T11:01:41+00:00","dateModified":"2025-03-06T10:46:02+00:00","breadcrumb":{"@id":"https:\/\/icr.you2.pl\/certyfikacja-wyrobow\/red-2014-53-ue-urzadzenia-radiowe\/#breadcrumb"},"inLanguage":"lt-LT","potentialAction":[{"@type":"ReadAction","target":["https:\/\/icr.you2.pl\/certyfikacja-wyrobow\/red-2014-53-ue-urzadzenia-radiowe\/"]}]},{"@type":"ImageObject","inLanguage":"lt-LT","@id":"https:\/\/icr.you2.pl\/certyfikacja-wyrobow\/red-2014-53-ue-urzadzenia-radiowe\/#primaryimage","url":"","contentUrl":""},{"@type":"BreadcrumbList","@id":"https:\/\/icr.you2.pl\/certyfikacja-wyrobow\/red-2014-53-ue-urzadzenia-radiowe\/#breadcrumb","itemListElement":[{"@type":"ListItem","position":1,"name":"Strona g\u0142\u00f3wna","item":"https:\/\/icr.you2.pl\/"},{"@type":"ListItem","position":2,"name":"Certyfikacja wyrob\u00f3w","item":"https:\/\/icr.you2.pl\/en\/certyfikacja-wyrobow\/"},{"@type":"ListItem","position":3,"name":"RED 2014\/53\/UE \u2013 urz\u0105dzenia radiowe"}]},{"@type":"WebSite","@id":"https:\/\/icr.you2.pl\/#website","url":"https:\/\/icr.you2.pl\/","name":"ICR POLAND - bandymai ir sertifikavimas","description":"CE sertifikavimas, CE sertifikatas, ISO sertifikatas, RED testavimas, gamini\u0173 testavimas ir sertifikavimas, elektros gamini\u0173 testavimas, medicinos prietais\u0173 testavimas, ATEX, IECEx, FCC, gamini\u0173 sertifikavimas, EMC testavimas, ma\u0161in\u0173 sertifikavimas, CE ma\u0161inos, mokymai, elektronini\u0173 gamini\u0173 testavimas, testavimas 2014\/53\/ES, dron\u0173 sertifikavimas, ISO 13485 sertifikatas, ISO 9001 sertifikatas, NC RfG","publisher":{"@id":"https:\/\/icr.you2.pl\/#\/schema\/person\/944799c9e2f4a94662e3fcb3b1544baf"},"potentialAction":[{"@type":"SearchAction","target":{"@type":"EntryPoint","urlTemplate":"https:\/\/icr.you2.pl\/?s={search_term_string}"},"query-input":{"@type":"PropertyValueSpecification","valueRequired":true,"valueName":"search_term_string"}}],"inLanguage":"lt-LT"},{"@type":["Person","Organization"],"@id":"https:\/\/icr.you2.pl\/#\/schema\/person\/944799c9e2f4a94662e3fcb3b1544baf","name":"administratorius","image":{"@type":"ImageObject","inLanguage":"lt-LT","@id":"https:\/\/icr.you2.pl\/#\/schema\/person\/image\/","url":"https:\/\/icr.you2.pl\/wp-content\/uploads\/2019\/05\/cropped-logo-icr.32f04ad5-1-1.png","contentUrl":"https:\/\/icr.you2.pl\/wp-content\/uploads\/2019\/05\/cropped-logo-icr.32f04ad5-1-1.png","width":400,"height":148,"caption":"admin"},"logo":{"@id":"https:\/\/icr.you2.pl\/#\/schema\/person\/image\/"}}]}},"_links":{"self":[{"href":"https:\/\/icr.you2.pl\/lt\/wp-json\/wp\/v2\/pages\/2024","targetHints":{"allow":["GET"]}}],"collection":[{"href":"https:\/\/icr.you2.pl\/lt\/wp-json\/wp\/v2\/pages"}],"about":[{"href":"https:\/\/icr.you2.pl\/lt\/wp-json\/wp\/v2\/types\/page"}],"author":[{"embeddable":true,"href":"https:\/\/icr.you2.pl\/lt\/wp-json\/wp\/v2\/users\/1"}],"replies":[{"embeddable":true,"href":"https:\/\/icr.you2.pl\/lt\/wp-json\/wp\/v2\/comments?post=2024"}],"version-history":[{"count":0,"href":"https:\/\/icr.you2.pl\/lt\/wp-json\/wp\/v2\/pages\/2024\/revisions"}],"up":[{"embeddable":true,"href":"https:\/\/icr.you2.pl\/lt\/wp-json\/wp\/v2\/pages\/211"}],"wp:featuredmedia":[{"embeddable":true,"href":"https:\/\/icr.you2.pl\/lt\/wp-json\/"}],"wp:attachment":[{"href":"https:\/\/icr.you2.pl\/lt\/wp-json\/wp\/v2\/media?parent=2024"}],"curies":[{"name":"wp","href":"https:\/\/api.w.org\/{rel}","templated":true}]}}