{"id":2031,"date":"2019-05-28T11:04:53","date_gmt":"2019-05-28T11:04:53","guid":{"rendered":"http:\/\/icrpolska.e-ksperci.pl\/?page_id=2031"},"modified":"2024-03-26T12:01:27","modified_gmt":"2024-03-26T11:01:27","slug":"atex-2014-34-ue-urzadzenia-pracujace-w-atmosferze-potencjalnie-wybuchowej","status":"publish","type":"page","link":"https:\/\/icr.you2.pl\/lt\/certyfikacja-wyrobow\/atex-2014-34-ue-urzadzenia-pracujace-w-atmosferze-potencjalnie-wybuchowej\/","title":{"rendered":"ATEX 2014\/34\/ES - \u012franga, veikianti potencialiai sprogioje aplinkoje"},"content":{"rendered":"<p class=\"translation-block\"><a href=\"https:\/\/eur-lex.europa.eu\/legal-content\/PL\/TXT\/PDF\/?uri=CELEX:32014L0034&amp;from=PL\" target=\"_self\" rel=\"noopener noreferrer\">ATEX direktyvoje<\/a> pateikiami esminiai reikalavimai <span style=\"font-weight: 400\">produktams, skirtiems naudoti potencialiai sprogioje aplinkoje. <\/span>Produktai suskirstyti \u012f grupes:<\/p>\n<ul>\n<li style=\"font-weight: 400;\"><span style=\"font-weight: 400;\">I grup\u0117 - \u012franga, skirta naudoti po\u017eemin\u0117se kasyklose ir ant\u017eemin\u0117se kasykl\u0173 dalyse, kuriose gresia sprogimo pavojus. <\/span><\/li>\n<li style=\"font-weight: 400;\"><span style=\"font-weight: 400;\">II grup\u0117 - bendrosios paskirties \u012franga.<\/span><\/li>\n<\/ul>\n<p><span style=\"font-weight: 400;\">\u0160ioje grup\u0117je gali b\u016bti 3 kategorij\u0173 \u012franga:<\/span><\/p>\n<ol>\n<li style=\"font-weight: 400;\"><span style=\"font-weight: 400;\">\u00a0apima \u012frang\u0105, suprojektuot\u0105 taip, kad ji gal\u0117t\u0173 veikti pagal gamintojo nustatytus veikimo parametrus ir u\u017etikrint\u0173 labai auk\u0161t\u0105 apsaugos lyg\u012f; \u0161iai kategorijai priskiriama \u012franga yra skirta naudoti tose vietose, kuriose nuolat, da\u017enai arba ilg\u0105 laik\u0105 susidaro sprogiosios atmosferos, kurias sukelia oro ir duj\u0173, gar\u0173, r\u016bko arba oro ir dulki\u0173 mi\u0161iniai; \u0161iai kategorijai priskiriama \u012franga turi u\u017etikrinti reikalaujam\u0105 apsaugos lyg\u012f net ir \u012fvykus retiems su \u012franga susijusiems incidentams, ir jai b\u016bdingos nepriklausomos apsaugos priemon\u0117s, kad reikalaujamas apsaugos lygis b\u016bt\u0173 u\u017etikrintas net ir \u012fvykus dviem vienas nuo kito nepriklausomiems gedimams.<\/span><\/li>\n<li style=\"font-weight: 400;\"><span style=\"font-weight: 400;\">\u012franga suprojektuota taip, kad gal\u0117t\u0173 veikti pagal gamintojo nustatytus veikimo parametrus ir u\u017etikrint\u0173 auk\u0161t\u0105 apsaugos lyg\u012f; \u0161ios kategorijos \u012franga skirta naudoti tose vietose, kuriose kartais gali atsirasti sprogi\u0173 duj\u0173, gar\u0173, r\u016bko ar oro ir dulki\u0173 mi\u0161ini\u0173 sukelta aplinka; su \u0161ios kategorijos \u012franga susijusios apsaugos priemon\u0117s u\u017etikrina reikiam\u0105 apsaugos lyg\u012f net esant da\u017eniems trikd\u017eiams ir \u012frangos gedimams, kurie b\u016bdingi \u012frangos \u012frengimo vietai.<\/span><\/li>\n<li style=\"font-weight: 400;\"><span style=\"font-weight: 400;\">\u012franga, suprojektuota taip, kad gal\u0117t\u0173 veikti pagal gamintojo nustatytus veikimo parametrus ir u\u017etikrinti \u012fprast\u0105 apsaugos lyg\u012f; \u0161ios kategorijos \u012franga skirta naudoti tose vietose, kuriose duj\u0173, gar\u0173, r\u016bko ar oro ir dulki\u0173 mi\u0161ini\u0173 sukelta sprogioji aplinka yra ma\u017eai tik\u0117tina, o jei ir atsiranda, tai labai retai ir tik trump\u0105 laik\u0105; \u0161ios kategorijos \u012franga u\u017etikrina reikiam\u0105 apsaugos lyg\u012f \u012fprasto veikimo metu.<\/span><\/li>\n<\/ol>\n<p><span style=\"font-weight: 400;\">Tik II grup\u0117s 3 kategorijos \u012frangai ir neelektrinei 2 arba M2 kategorijos \u012frangai gamintojas gali taikyti vidin\u0119 gamybos kontrol\u0119 (A modulis).<\/span><\/p>\n<p><span style=\"font-weight: 400;\">Kitais atvejais atitikt\u012f turi patvirtinti notifikuotoji \u012fstaiga. Galimi \u0161ie sprendimai:<\/span><\/p>\n<ul>\n<li style=\"font-weight: 400;\"><span style=\"font-weight: 400;\">1 arba M1 kategorijos prietaisams:\u00a0<\/span><span style=\"font-weight: 400;\"><br \/>\n<\/span><span style=\"font-weight: 400;\">EB tipo tyrimas (B modulis) kartu su gaminio patikra pagr\u012fsta atitiktimi tipui (F modulis) arba kartu su gamybos proceso kokyb\u0117s u\u017etikrinimu pagr\u012fsta atitiktimi tipui (D modulis);<\/span><\/li>\n<li style=\"font-weight: 400;\"><span style=\"font-weight: 400;\">2 arba M2 kategorijos elektros \u012frangai ir vidaus degimo varikliams:\u00a0<\/span><span style=\"font-weight: 400;\"><br \/>\n<\/span><span style=\"font-weight: 400;\">EB tipo tyrimas (B modulis) kartu su atitikties tipui patvirtinimu, pagr\u012fstu gaminio kokyb\u0117s u\u017etikrinimu (E modulis), arba kartu su atitikties tipui patvirtinimu, pagr\u012fstu vidine gamybos kontrole ir pri\u017ei\u016brimu gaminio bandymu (C1 modulis);<\/span><\/li>\n<li style=\"font-weight: 400;\"><span style=\"font-weight: 400;\">vis\u0173 kategorij\u0173 \u012frangai:<\/span><span style=\"font-weight: 400;\"><br \/>\n<\/span><span style=\"font-weight: 400;\">atitikties patvirtinimas remiantis vieneto patikra (G modulis).<\/span><\/li>\n<\/ul>\n<p><span style=\"font-weight: 400;\">\u012erangos \u017eenklinime pateikiama informacija apie pa\u010dios \u012frangos charakteristikas, naudojamas saugos priemones ir sistemas, taip pat apie eksploatavimo s\u0105lygas, t. y. sprogimo pavojaus zon\u0105, aplinkos temperat\u016bros diapazon\u0105 arba jungiam\u0105j\u0105 \u012frang\u0105.<\/span><\/p>\n<p>Teigiamas privalomasis gaminio \u012fvertinimas d\u0117l jo darbo potencialiai sprogioje aplinkoje apibendrinamas tikrinant gaminio \u017eenklinim\u0105 ir i\u0161duodant ES tipo tyrimo sertifikat\u0105 (ES tipo sertifikatas) ir (arba) kokyb\u0117s u\u017etikrinimo prane\u0161im\u0105 (QAN) pagal standart\u0105 EN ISO\/IEC 80079-34.<b><\/b><\/p>\n<p><strong>Skaityti daugiau:<\/strong><\/p>\n<p><a href=\"http:\/\/icr.you2.pl\/wp-content\/uploads\/2019\/06\/Program-oceny-zgodno\u015bci-w-zakresie-ATEX.pdf\" target=\"_blank\" rel=\"noopener noreferrer\"><img decoding=\"async\" class=\"alignnone wp-image-2679\" src=\"http:\/\/icr.you2.pl\/wp-content\/uploads\/2019\/06\/adobe.jpg\" alt=\"\" width=\"20\" height=\"21\" srcset=\"https:\/\/icr.you2.pl\/wp-content\/uploads\/2019\/06\/adobe.jpg 218w, https:\/\/icr.you2.pl\/wp-content\/uploads\/2019\/06\/adobe-150x150.jpg 150w\" sizes=\"(max-width: 20px) 100vw, 20px\" \/><\/a><a href=\"http:\/\/icr.you2.pl\/wp-content\/uploads\/2021\/01\/PC-P-07-06_07.pdf\" target=\"_blank\" rel=\"noopener noreferrer\" data-wp-editing=\"1\">\u00a0ATEX atitikties vertinimo programa (2014\/34\/ES)<\/a> + <a href=\"http:\/\/icr.you2.pl\/wp-content\/uploads\/2022\/06\/F-P-07-35_03_ATEX.pdf\" target=\"_blank\" rel=\"noopener noreferrer\">technini\u0173 specifikacij\u0173 s\u0105ra\u0161as<\/a><\/p>\n<p><img decoding=\"async\" class=\"alignnone wp-image-2678\" src=\"http:\/\/icr.you2.pl\/wp-content\/uploads\/2019\/06\/word.jpg\" alt=\"\" width=\"20\" height=\"20\" srcset=\"https:\/\/icr.you2.pl\/wp-content\/uploads\/2019\/06\/word.jpg 208w, https:\/\/icr.you2.pl\/wp-content\/uploads\/2019\/06\/word-150x150.jpg 150w\" sizes=\"(max-width: 20px) 100vw, 20px\" \/><a href=\"http:\/\/icr.you2.pl\/wp-content\/uploads\/2024\/03\/F-P-07-02_9.docx\" target=\"_blank\" rel=\"noopener noreferrer\">\u00a0Parai\u0161ka_Parai\u0161ka_Privalomasis vertinimas<\/a><\/p>\n<p><img decoding=\"async\" class=\"alignnone wp-image-2678\" src=\"http:\/\/icr.you2.pl\/wp-content\/uploads\/2019\/06\/word.jpg\" alt=\"\" width=\"20\" height=\"20\" srcset=\"https:\/\/icr.you2.pl\/wp-content\/uploads\/2019\/06\/word.jpg 208w, https:\/\/icr.you2.pl\/wp-content\/uploads\/2019\/06\/word-150x150.jpg 150w\" sizes=\"(max-width: 20px) 100vw, 20px\" \/> <a href=\"http:\/\/icr.you2.pl\/wp-content\/uploads\/2020\/12\/F-P-07-28.docx\" target=\"_blank\" rel=\"noopener noreferrer\">Parai\u0161ka gamybos proceso ir (arba) produkto kokybei patvirtinti<\/a><\/p>\n<p><a href=\"http:\/\/icr.you2.pl\/wp-content\/uploads\/2019\/06\/Wniosek-o-certyfikacj%C4%99-systemu.docx\"><img decoding=\"async\" class=\"alignnone wp-image-2678\" src=\"http:\/\/icr.you2.pl\/wp-content\/uploads\/2019\/06\/word.jpg\" sizes=\"(max-width: 20px) 100vw, 20px\" srcset=\"http:\/\/icr.you2.pl\/wp-content\/uploads\/2019\/06\/word.jpg 208w, http:\/\/icr.you2.pl\/wp-content\/uploads\/2019\/06\/word-150x150.jpg 150w\" alt=\"\" width=\"20\" height=\"20\" \/><\/a> <a href=\"http:\/\/icr.you2.pl\/wp-content\/uploads\/2020\/10\/F-P-07-03-2E-Wniosek-Application-on-TCF-storage.docx\">Pra\u0161ymas d\u0117l \u012fra\u0161\u0173 saugojimo (2014\/34\/ES - A1 modulis)<\/a><\/p>","protected":false},"excerpt":{"rendered":"<p>ATEX direktyvoje nustatyti esminiai reikalavimai gaminiams, skirtiems naudoti potencialiai sprogioje aplinkoje. \u0160ie gaminiai suskirstyti \u012f grupes: I grup\u0117 - \u012franga, skirta naudoti po\u017eemin\u0117se kasyklose ir ant\u017eemin\u0117se kasykl\u0173 dalyse, kurioms gresia sprogimo pavojus. II grup\u0117 - bendrojo naudojimo \u012franga. \u0160iai grupei gali b\u016bti priskiriama 3 kategorij\u0173 \u012franga: jai priklauso \u012franga, suprojektuota taip, kad...&nbsp;<a href=\"https:\/\/icr.you2.pl\/lt\/certyfikacja-wyrobow\/atex-2014-34-ue-urzadzenia-pracujace-w-atmosferze-potencjalnie-wybuchowej\/\" rel=\"bookmark\">Skaityti daugiau \"<span class=\"screen-reader-text\">ATEX 2014\/34\/ES - \u012franga, veikianti potencialiai sprogioje aplinkoje<\/span><\/a><\/p>","protected":false},"author":1,"featured_media":1034,"parent":211,"menu_order":0,"comment_status":"closed","ping_status":"closed","template":"","meta":{"neve_meta_sidebar":"","neve_meta_container":"","neve_meta_enable_content_width":"off","neve_meta_content_width":70,"neve_meta_title_alignment":"","neve_meta_author_avatar":"","neve_post_elements_order":"","neve_meta_disable_header":"","neve_meta_disable_footer":"","neve_meta_disable_title":"","footnotes":""},"class_list":["post-2031","page","type-page","status-publish","has-post-thumbnail","hentry"],"yoast_head":"<!-- This site is optimized with the Yoast SEO plugin v26.8 - https:\/\/yoast.com\/product\/yoast-seo-wordpress\/ -->\n<title>ATEX 2014\/34\/UE \u2013 urz\u0105dzenia pracuj\u0105ce w atmosferze potencjalnie wybuchowej - ICR POLSKA - badania i certyfikacja<\/title>\n<meta name=\"robots\" content=\"index, follow, max-snippet:-1, max-image-preview:large, max-video-preview:-1\" \/>\n<link rel=\"canonical\" href=\"https:\/\/icr.you2.pl\/lt\/certyfikacja-wyrobow\/atex-2014-34-ue-urzadzenia-pracujace-w-atmosferze-potencjalnie-wybuchowej\/\" \/>\n<meta property=\"og:locale\" content=\"lt_LT\" \/>\n<meta property=\"og:type\" content=\"article\" \/>\n<meta property=\"og:title\" content=\"ATEX 2014\/34\/UE \u2013 urz\u0105dzenia pracuj\u0105ce w atmosferze potencjalnie wybuchowej - ICR POLSKA - badania i certyfikacja\" \/>\n<meta property=\"og:description\" content=\"Dyrektywa ATEX zawiera wymagania zasadnicze odno\u015bnie do wyrob\u00f3w przeznaczonych do pracy w atmosferze potencjalnie wybuchowej. Wyroby te s\u0105 podzielone na grupy: Grupa I &#8211; urz\u0105dzenia przeznaczone do pracy w podziemiach kopalnianych, oraz naziemnych cz\u0119\u015bciach kopal\u0144 zagro\u017conych wybuchem. Grupa II \u2013 urz\u0105dzenia og\u00f3lnego zastosowania. W grupie tej mog\u0105 wyst\u0119powa\u0107 3 kategorie urz\u0105dze\u0144: \u00a0obejmuje urz\u0105dzenia zaprojektowane tak,&hellip;&nbsp;Read More &raquo;ATEX 2014\/34\/UE \u2013 urz\u0105dzenia pracuj\u0105ce w atmosferze potencjalnie wybuchowej\" \/>\n<meta property=\"og:url\" content=\"https:\/\/icr.you2.pl\/lt\/certyfikacja-wyrobow\/atex-2014-34-ue-urzadzenia-pracujace-w-atmosferze-potencjalnie-wybuchowej\/\" \/>\n<meta property=\"og:site_name\" content=\"ICR POLSKA - badania i certyfikacja\" \/>\n<meta property=\"article:modified_time\" content=\"2024-03-26T11:01:27+00:00\" \/>\n<meta name=\"twitter:card\" content=\"summary_large_image\" \/>\n<meta name=\"twitter:label1\" content=\"Est. reading time\" \/>\n\t<meta name=\"twitter:data1\" content=\"4 minut\u0117s\" \/>\n<script type=\"application\/ld+json\" class=\"yoast-schema-graph\">{\"@context\":\"https:\/\/schema.org\",\"@graph\":[{\"@type\":\"WebPage\",\"@id\":\"https:\/\/icr.you2.pl\/certyfikacja-wyrobow\/atex-2014-34-ue-urzadzenia-pracujace-w-atmosferze-potencjalnie-wybuchowej\/\",\"url\":\"https:\/\/icr.you2.pl\/certyfikacja-wyrobow\/atex-2014-34-ue-urzadzenia-pracujace-w-atmosferze-potencjalnie-wybuchowej\/\",\"name\":\"ATEX 2014\/34\/UE \u2013 urz\u0105dzenia pracuj\u0105ce w atmosferze potencjalnie wybuchowej - ICR POLSKA - badania i certyfikacja\",\"isPartOf\":{\"@id\":\"https:\/\/icr.you2.pl\/#website\"},\"primaryImageOfPage\":{\"@id\":\"https:\/\/icr.you2.pl\/certyfikacja-wyrobow\/atex-2014-34-ue-urzadzenia-pracujace-w-atmosferze-potencjalnie-wybuchowej\/#primaryimage\"},\"image\":{\"@id\":\"https:\/\/icr.you2.pl\/certyfikacja-wyrobow\/atex-2014-34-ue-urzadzenia-pracujace-w-atmosferze-potencjalnie-wybuchowej\/#primaryimage\"},\"thumbnailUrl\":\"\",\"datePublished\":\"2019-05-28T11:04:53+00:00\",\"dateModified\":\"2024-03-26T11:01:27+00:00\",\"breadcrumb\":{\"@id\":\"https:\/\/icr.you2.pl\/certyfikacja-wyrobow\/atex-2014-34-ue-urzadzenia-pracujace-w-atmosferze-potencjalnie-wybuchowej\/#breadcrumb\"},\"inLanguage\":\"lt-LT\",\"potentialAction\":[{\"@type\":\"ReadAction\",\"target\":[\"https:\/\/icr.you2.pl\/certyfikacja-wyrobow\/atex-2014-34-ue-urzadzenia-pracujace-w-atmosferze-potencjalnie-wybuchowej\/\"]}]},{\"@type\":\"ImageObject\",\"inLanguage\":\"lt-LT\",\"@id\":\"https:\/\/icr.you2.pl\/certyfikacja-wyrobow\/atex-2014-34-ue-urzadzenia-pracujace-w-atmosferze-potencjalnie-wybuchowej\/#primaryimage\",\"url\":\"\",\"contentUrl\":\"\"},{\"@type\":\"BreadcrumbList\",\"@id\":\"https:\/\/icr.you2.pl\/certyfikacja-wyrobow\/atex-2014-34-ue-urzadzenia-pracujace-w-atmosferze-potencjalnie-wybuchowej\/#breadcrumb\",\"itemListElement\":[{\"@type\":\"ListItem\",\"position\":1,\"name\":\"Strona g\u0142\u00f3wna\",\"item\":\"https:\/\/icr.you2.pl\/\"},{\"@type\":\"ListItem\",\"position\":2,\"name\":\"Certyfikacja wyrob\u00f3w\",\"item\":\"https:\/\/icr.you2.pl\/en\/certyfikacja-wyrobow\/\"},{\"@type\":\"ListItem\",\"position\":3,\"name\":\"ATEX 2014\/34\/UE \u2013 urz\u0105dzenia pracuj\u0105ce w atmosferze potencjalnie wybuchowej\"}]},{\"@type\":\"WebSite\",\"@id\":\"https:\/\/icr.you2.pl\/#website\",\"url\":\"https:\/\/icr.you2.pl\/\",\"name\":\"ICR POLSKA - badania i certyfikacja\",\"description\":\"CE certification, CE certificate, ISO certificate, RED testing, product testing and certification, electrical product testing, medical device testing, ATEX, IECEx, FCC, product certification, EMC testing, machinery certification, CE machines, training, electronic product testing, testing 2014\/53\/EU, drone certification, ISO 13485 certificate, ISO 9001 certificate, NC RfG\",\"publisher\":{\"@id\":\"https:\/\/icr.you2.pl\/#\/schema\/person\/944799c9e2f4a94662e3fcb3b1544baf\"},\"potentialAction\":[{\"@type\":\"SearchAction\",\"target\":{\"@type\":\"EntryPoint\",\"urlTemplate\":\"https:\/\/icr.you2.pl\/?s={search_term_string}\"},\"query-input\":{\"@type\":\"PropertyValueSpecification\",\"valueRequired\":true,\"valueName\":\"search_term_string\"}}],\"inLanguage\":\"lt-LT\"},{\"@type\":[\"Person\",\"Organization\"],\"@id\":\"https:\/\/icr.you2.pl\/#\/schema\/person\/944799c9e2f4a94662e3fcb3b1544baf\",\"name\":\"admin\",\"image\":{\"@type\":\"ImageObject\",\"inLanguage\":\"lt-LT\",\"@id\":\"https:\/\/icr.you2.pl\/#\/schema\/person\/image\/\",\"url\":\"https:\/\/icr.you2.pl\/wp-content\/uploads\/2019\/05\/cropped-logo-icr.32f04ad5-1-1.png\",\"contentUrl\":\"https:\/\/icr.you2.pl\/wp-content\/uploads\/2019\/05\/cropped-logo-icr.32f04ad5-1-1.png\",\"width\":400,\"height\":148,\"caption\":\"admin\"},\"logo\":{\"@id\":\"https:\/\/icr.you2.pl\/#\/schema\/person\/image\/\"}}]}<\/script>\n<!-- \/ Yoast SEO plugin. -->","yoast_head_json":{"title":"ATEX 2014\/34\/ES - \u012franga, veikianti potencialiai sprogioje aplinkoje - ICR POLAND - bandymai ir sertifikavimas","robots":{"index":"index","follow":"follow","max-snippet":"max-snippet:-1","max-image-preview":"max-image-preview:large","max-video-preview":"max-video-preview:-1"},"canonical":"https:\/\/icr.you2.pl\/lt\/certyfikacja-wyrobow\/atex-2014-34-ue-urzadzenia-pracujace-w-atmosferze-potencjalnie-wybuchowej\/","og_locale":"lt_LT","og_type":"article","og_title":"ATEX 2014\/34\/UE \u2013 urz\u0105dzenia pracuj\u0105ce w atmosferze potencjalnie wybuchowej - ICR POLSKA - badania i certyfikacja","og_description":"Dyrektywa ATEX zawiera wymagania zasadnicze odno\u015bnie do wyrob\u00f3w przeznaczonych do pracy w atmosferze potencjalnie wybuchowej. Wyroby te s\u0105 podzielone na grupy: Grupa I &#8211; urz\u0105dzenia przeznaczone do pracy w podziemiach kopalnianych, oraz naziemnych cz\u0119\u015bciach kopal\u0144 zagro\u017conych wybuchem. Grupa II \u2013 urz\u0105dzenia og\u00f3lnego zastosowania. W grupie tej mog\u0105 wyst\u0119powa\u0107 3 kategorie urz\u0105dze\u0144: \u00a0obejmuje urz\u0105dzenia zaprojektowane tak,&hellip;&nbsp;Read More &raquo;ATEX 2014\/34\/UE \u2013 urz\u0105dzenia pracuj\u0105ce w atmosferze potencjalnie wybuchowej","og_url":"https:\/\/icr.you2.pl\/lt\/certyfikacja-wyrobow\/atex-2014-34-ue-urzadzenia-pracujace-w-atmosferze-potencjalnie-wybuchowej\/","og_site_name":"ICR POLSKA - badania i certyfikacja","article_modified_time":"2024-03-26T11:01:27+00:00","twitter_card":"summary_large_image","twitter_misc":{"Est. reading time":"4 minut\u0117s"},"schema":{"@context":"https:\/\/schema.org","@graph":[{"@type":"WebPage","@id":"https:\/\/icr.you2.pl\/certyfikacja-wyrobow\/atex-2014-34-ue-urzadzenia-pracujace-w-atmosferze-potencjalnie-wybuchowej\/","url":"https:\/\/icr.you2.pl\/certyfikacja-wyrobow\/atex-2014-34-ue-urzadzenia-pracujace-w-atmosferze-potencjalnie-wybuchowej\/","name":"ATEX 2014\/34\/ES - \u012franga, veikianti potencialiai sprogioje aplinkoje - ICR POLAND - bandymai ir sertifikavimas","isPartOf":{"@id":"https:\/\/icr.you2.pl\/#website"},"primaryImageOfPage":{"@id":"https:\/\/icr.you2.pl\/certyfikacja-wyrobow\/atex-2014-34-ue-urzadzenia-pracujace-w-atmosferze-potencjalnie-wybuchowej\/#primaryimage"},"image":{"@id":"https:\/\/icr.you2.pl\/certyfikacja-wyrobow\/atex-2014-34-ue-urzadzenia-pracujace-w-atmosferze-potencjalnie-wybuchowej\/#primaryimage"},"thumbnailUrl":"","datePublished":"2019-05-28T11:04:53+00:00","dateModified":"2024-03-26T11:01:27+00:00","breadcrumb":{"@id":"https:\/\/icr.you2.pl\/certyfikacja-wyrobow\/atex-2014-34-ue-urzadzenia-pracujace-w-atmosferze-potencjalnie-wybuchowej\/#breadcrumb"},"inLanguage":"lt-LT","potentialAction":[{"@type":"ReadAction","target":["https:\/\/icr.you2.pl\/certyfikacja-wyrobow\/atex-2014-34-ue-urzadzenia-pracujace-w-atmosferze-potencjalnie-wybuchowej\/"]}]},{"@type":"ImageObject","inLanguage":"lt-LT","@id":"https:\/\/icr.you2.pl\/certyfikacja-wyrobow\/atex-2014-34-ue-urzadzenia-pracujace-w-atmosferze-potencjalnie-wybuchowej\/#primaryimage","url":"","contentUrl":""},{"@type":"BreadcrumbList","@id":"https:\/\/icr.you2.pl\/certyfikacja-wyrobow\/atex-2014-34-ue-urzadzenia-pracujace-w-atmosferze-potencjalnie-wybuchowej\/#breadcrumb","itemListElement":[{"@type":"ListItem","position":1,"name":"Strona g\u0142\u00f3wna","item":"https:\/\/icr.you2.pl\/"},{"@type":"ListItem","position":2,"name":"Certyfikacja wyrob\u00f3w","item":"https:\/\/icr.you2.pl\/en\/certyfikacja-wyrobow\/"},{"@type":"ListItem","position":3,"name":"ATEX 2014\/34\/UE \u2013 urz\u0105dzenia pracuj\u0105ce w atmosferze potencjalnie wybuchowej"}]},{"@type":"WebSite","@id":"https:\/\/icr.you2.pl\/#website","url":"https:\/\/icr.you2.pl\/","name":"ICR POLAND - bandymai ir sertifikavimas","description":"CE sertifikavimas, CE sertifikatas, ISO sertifikatas, RED testavimas, gamini\u0173 testavimas ir sertifikavimas, elektros gamini\u0173 testavimas, medicinos prietais\u0173 testavimas, ATEX, IECEx, FCC, gamini\u0173 sertifikavimas, EMC testavimas, ma\u0161in\u0173 sertifikavimas, CE ma\u0161inos, mokymai, elektronini\u0173 gamini\u0173 testavimas, testavimas 2014\/53\/ES, dron\u0173 sertifikavimas, ISO 13485 sertifikatas, ISO 9001 sertifikatas, NC RfG","publisher":{"@id":"https:\/\/icr.you2.pl\/#\/schema\/person\/944799c9e2f4a94662e3fcb3b1544baf"},"potentialAction":[{"@type":"SearchAction","target":{"@type":"EntryPoint","urlTemplate":"https:\/\/icr.you2.pl\/?s={search_term_string}"},"query-input":{"@type":"PropertyValueSpecification","valueRequired":true,"valueName":"search_term_string"}}],"inLanguage":"lt-LT"},{"@type":["Person","Organization"],"@id":"https:\/\/icr.you2.pl\/#\/schema\/person\/944799c9e2f4a94662e3fcb3b1544baf","name":"administratorius","image":{"@type":"ImageObject","inLanguage":"lt-LT","@id":"https:\/\/icr.you2.pl\/#\/schema\/person\/image\/","url":"https:\/\/icr.you2.pl\/wp-content\/uploads\/2019\/05\/cropped-logo-icr.32f04ad5-1-1.png","contentUrl":"https:\/\/icr.you2.pl\/wp-content\/uploads\/2019\/05\/cropped-logo-icr.32f04ad5-1-1.png","width":400,"height":148,"caption":"admin"},"logo":{"@id":"https:\/\/icr.you2.pl\/#\/schema\/person\/image\/"}}]}},"_links":{"self":[{"href":"https:\/\/icr.you2.pl\/lt\/wp-json\/wp\/v2\/pages\/2031","targetHints":{"allow":["GET"]}}],"collection":[{"href":"https:\/\/icr.you2.pl\/lt\/wp-json\/wp\/v2\/pages"}],"about":[{"href":"https:\/\/icr.you2.pl\/lt\/wp-json\/wp\/v2\/types\/page"}],"author":[{"embeddable":true,"href":"https:\/\/icr.you2.pl\/lt\/wp-json\/wp\/v2\/users\/1"}],"replies":[{"embeddable":true,"href":"https:\/\/icr.you2.pl\/lt\/wp-json\/wp\/v2\/comments?post=2031"}],"version-history":[{"count":0,"href":"https:\/\/icr.you2.pl\/lt\/wp-json\/wp\/v2\/pages\/2031\/revisions"}],"up":[{"embeddable":true,"href":"https:\/\/icr.you2.pl\/lt\/wp-json\/wp\/v2\/pages\/211"}],"wp:featuredmedia":[{"embeddable":true,"href":"https:\/\/icr.you2.pl\/lt\/wp-json\/"}],"wp:attachment":[{"href":"https:\/\/icr.you2.pl\/lt\/wp-json\/wp\/v2\/media?parent=2031"}],"curies":[{"name":"wp","href":"https:\/\/api.w.org\/{rel}","templated":true}]}}