{"id":2039,"date":"2019-05-28T11:08:53","date_gmt":"2019-05-28T11:08:53","guid":{"rendered":"http:\/\/icrpolska.e-ksperci.pl\/?page_id=2039"},"modified":"2024-06-11T07:57:52","modified_gmt":"2024-06-11T05:57:52","slug":"certyfikacja-dobrowolna","status":"publish","type":"page","link":"https:\/\/icr.you2.pl\/lt\/certyfikacja-wyrobow\/certyfikacja-dobrowolna\/","title":{"rendered":"Savanori\u0161kas sertifikavimas"},"content":{"rendered":"<p><span style=\"font-weight: 400;\">Vadinamojoje srityje <\/span><b>savanori\u0161kas sertifikavimas<\/b><span style=\"font-weight: 400;\"> - kai gamintojas (importuotojas), sertifikuodamas gamin\u012f, gauna papildom\u0173 <\/span><b>atitikties patvirtinimas<\/b><span style=\"font-weight: 400;\"> jo atitikties deklaracijoje - vertiname gaminio atitikt\u012f su juo susijusi\u0173 standart\u0173 reikalavimams. M\u016bs\u0173 akreditacijos sritis apima \u0161iuos gaminius:<\/span><\/p>\n<ul>\n<li style=\"font-weight: 400;\"><span style=\"font-weight: 400;\">elektrinis <\/span><b>medicinos prietaisai<\/b><span style=\"font-weight: 400;\"> 1 klas\u0117;<\/span><\/li>\n<li style=\"font-weight: 400;\"><b>galvaniniai elementai ir baterijos<\/b><span style=\"font-weight: 400;\">;<\/span><\/li>\n<li style=\"font-weight: 400;\"><b>buitiniai elektros prietaisai<\/b><span style=\"font-weight: 400;\">: \u012fskaitant virykles ir kaitlentes, orkaites, \u0161aldymo prietaisus, indaploves, skalbimo ma\u0161inas ir skalbini\u0173 d\u017eiovykles, dulki\u0173 siurblius ir kit\u0105 sauso ir \u0161lapio valymo \u012frang\u0105;<\/span><\/li>\n<li style=\"font-weight: 400;\"><span style=\"font-weight: 400;\">higienos ir asmens higienos priemon\u0117s;<\/span><\/li>\n<li style=\"font-weight: 400;\"><b>\u0161ildytuvai<\/b><span style=\"font-weight: 400;\"> elektra ir dujos;<\/span><\/li>\n<li style=\"font-weight: 400;\"><span style=\"font-weight: 400;\">ventiliatoriai, orap\u016bt\u0117s ir oro kondicionavimo \u012frenginiai; <\/span><\/li>\n<li style=\"font-weight: 400;\"><span style=\"font-weight: 400;\">virykl\u0117s ir <\/span><b>\u0161aldymo \u012franga<\/b><span style=\"font-weight: 400;\"> skirta ma\u017emeninei prekybai ir maitinimui<\/span><\/li>\n<li style=\"font-weight: 400;\"><span style=\"font-weight: 400;\">elektriniai ir elektroniniai matavimo prietaisai;<\/span><\/li>\n<li style=\"font-weight: 400;\"><span style=\"font-weight: 400;\">rankiniai ir ne\u0161iojamieji elektriniai \u012frankiai;<\/span><\/li>\n<li style=\"font-weight: 400;\"><span style=\"font-weight: 400;\">garso, vaizdo ir garso bei vaizdo \u012franga, prietaisai <\/span><b>informacin\u0117s technologijos<\/b><span style=\"font-weight: 400;\">, buitin\u0117 biuro \u012franga ir valdymo aparatai;<\/span><\/li>\n<li style=\"font-weight: 400;\"><span style=\"font-weight: 400;\">platinimo automatai ir prekybos automatai;<\/span><\/li>\n<li style=\"font-weight: 400;\"><span style=\"font-weight: 400;\">elektros pavaros ir sukamosios ma\u0161inos: indukciniai, sinchroniniai ir komutaciniai varikliai; <\/span><b>lygintuvai, keitikliai<\/b><span style=\"font-weight: 400;\"> ir stabilizuotus maitinimo \u0161altinius, transformatorius ir droselius.<\/span><\/li>\n<li style=\"font-weight: 400;\"><span style=\"font-weight: 400;\">hidraulin\u0117s ir pneumatin\u0117s pavaros ir valdikliai; beskyd\u0117 apdirbimo \u012franga, pvz., presai, liejimo ma\u0161inos; gumos ir plastik\u0173 pramon\u0117s ma\u0161inos ir visa apsaugin\u0117 \u012franga <\/span><b>ma\u0161in\u0173 sauga<\/b>;<\/li>\n<li>ir dar daugiau...<\/li>\n<\/ul>\n<p><b>Skaityti daugiau:<\/b><\/p>\n<p><img decoding=\"async\" class=\"wp-image-2679 alignnone\" src=\"http:\/\/icr.you2.pl\/wp-content\/uploads\/2019\/06\/adobe.jpg\" alt=\"\" width=\"20\" height=\"21\" srcset=\"https:\/\/icr.you2.pl\/wp-content\/uploads\/2019\/06\/adobe.jpg 218w, https:\/\/icr.you2.pl\/wp-content\/uploads\/2019\/06\/adobe-150x150.jpg 150w\" sizes=\"(max-width: 20px) 100vw, 20px\" \/><a href=\"http:\/\/icr.you2.pl\/wp-content\/uploads\/2024\/06\/PC-P-07-07_22.pdf\" target=\"_blank\" rel=\"noopener noreferrer\">\u00a0Savanori\u0161ka produkt\u0173 sertifikavimo programa<\/a><\/p>\n<p><a href=\"http:\/\/icr.you2.pl\/wp-content\/uploads\/2019\/06\/Wniosek-o-certyfikacj\u0119-systemu.docx\"><img decoding=\"async\" class=\"alignnone wp-image-2678\" src=\"http:\/\/icr.you2.pl\/wp-content\/uploads\/2019\/06\/word.jpg\" alt=\"\" width=\"20\" height=\"20\" srcset=\"https:\/\/icr.you2.pl\/wp-content\/uploads\/2019\/06\/word.jpg 208w, https:\/\/icr.you2.pl\/wp-content\/uploads\/2019\/06\/word-150x150.jpg 150w\" sizes=\"(max-width: 20px) 100vw, 20px\" \/><\/a><a href=\"http:\/\/icr.you2.pl\/wp-content\/uploads\/2022\/10\/F-P-07-01_3.docx\" target=\"_blank\" rel=\"noopener noreferrer\"> Parai\u0161ka_Parai\u0161ka_Savanori\u0161kas sertifikavimas<\/a><\/p>","protected":false},"excerpt":{"rendered":"<p>Vadinamojo savanori\u0161ko sertifikavimo srityje, kai gamintojas ir (arba) importuotojas, sertifikuojantis gamin\u012f, gauna papildom\u0105 patvirtinim\u0105, kad jis atitinka atitikties deklaracijoje nurodytus reikalavimus, vertiname gaminio atitikt\u012f su juo susijusi\u0173 standart\u0173 reikalavimams. M\u016bs\u0173 akreditavimo sritis apima \u0161iuos gaminius: 1 klas\u0117s elektrinius medicinos prietaisus; galvaninius elementus ir baterijas; buitinius elektros prietaisus: m.in....&nbsp;<a href=\"https:\/\/icr.you2.pl\/lt\/certyfikacja-wyrobow\/certyfikacja-dobrowolna\/\" rel=\"bookmark\">Skaityti daugiau \"<span class=\"screen-reader-text\">Savanori\u0161kas sertifikavimas<\/span><\/a><\/p>","protected":false},"author":1,"featured_media":1040,"parent":211,"menu_order":0,"comment_status":"closed","ping_status":"closed","template":"","meta":{"neve_meta_sidebar":"","neve_meta_container":"","neve_meta_enable_content_width":"off","neve_meta_content_width":70,"neve_meta_title_alignment":"","neve_meta_author_avatar":"","neve_post_elements_order":"","neve_meta_disable_header":"","neve_meta_disable_footer":"","neve_meta_disable_title":"","footnotes":""},"class_list":["post-2039","page","type-page","status-publish","has-post-thumbnail","hentry"],"yoast_head":"<!-- This site is optimized with the Yoast SEO plugin v26.8 - https:\/\/yoast.com\/product\/yoast-seo-wordpress\/ -->\n<title>Certyfikacja dobrowolna - ICR POLSKA - badania i certyfikacja<\/title>\n<meta name=\"robots\" content=\"index, follow, max-snippet:-1, max-image-preview:large, max-video-preview:-1\" \/>\n<link rel=\"canonical\" href=\"https:\/\/icr.you2.pl\/lt\/certyfikacja-wyrobow\/certyfikacja-dobrowolna\/\" \/>\n<meta property=\"og:locale\" content=\"lt_LT\" \/>\n<meta property=\"og:type\" content=\"article\" \/>\n<meta property=\"og:title\" content=\"Certyfikacja dobrowolna - ICR POLSKA - badania i certyfikacja\" \/>\n<meta property=\"og:description\" content=\"W obszarze tak zwanej certyfikacji dobrowolnej \u2013 w kt\u00f3rej producent\/importer certyfikuj\u0105c wyr\u00f3b uzyskuje dodatkowe potwierdzenie spe\u0142nienia wymaga\u0144 zawartych przez niego w deklaracji zgodno\u015bci \u2013 oceniamy zgodno\u015b\u0107 wyrobu z wymaganiami odnosz\u0105cych si\u0119 do niego norm. W\u015br\u00f3d wyrob\u00f3w obj\u0119tych naszym zakresem akredytacji s\u0105 m.in.: elektryczne wyroby medyczne klasy 1; ogniwa galwaniczne i baterie; domowe urz\u0105dzenia elektryczne: m.in.&hellip;&nbsp;Read More &raquo;Certyfikacja dobrowolna\" \/>\n<meta property=\"og:url\" content=\"https:\/\/icr.you2.pl\/lt\/certyfikacja-wyrobow\/certyfikacja-dobrowolna\/\" \/>\n<meta property=\"og:site_name\" content=\"ICR POLSKA - badania i certyfikacja\" \/>\n<meta property=\"article:modified_time\" content=\"2024-06-11T05:57:52+00:00\" \/>\n<meta name=\"twitter:card\" content=\"summary_large_image\" \/>\n<meta name=\"twitter:label1\" content=\"Est. reading time\" \/>\n\t<meta name=\"twitter:data1\" content=\"2 minut\u0117s\" \/>\n<script type=\"application\/ld+json\" class=\"yoast-schema-graph\">{\"@context\":\"https:\/\/schema.org\",\"@graph\":[{\"@type\":\"WebPage\",\"@id\":\"https:\/\/icr.you2.pl\/certyfikacja-wyrobow\/certyfikacja-dobrowolna\/\",\"url\":\"https:\/\/icr.you2.pl\/certyfikacja-wyrobow\/certyfikacja-dobrowolna\/\",\"name\":\"Certyfikacja dobrowolna - ICR POLSKA - badania i certyfikacja\",\"isPartOf\":{\"@id\":\"https:\/\/icr.you2.pl\/#website\"},\"primaryImageOfPage\":{\"@id\":\"https:\/\/icr.you2.pl\/certyfikacja-wyrobow\/certyfikacja-dobrowolna\/#primaryimage\"},\"image\":{\"@id\":\"https:\/\/icr.you2.pl\/certyfikacja-wyrobow\/certyfikacja-dobrowolna\/#primaryimage\"},\"thumbnailUrl\":\"\",\"datePublished\":\"2019-05-28T11:08:53+00:00\",\"dateModified\":\"2024-06-11T05:57:52+00:00\",\"breadcrumb\":{\"@id\":\"https:\/\/icr.you2.pl\/certyfikacja-wyrobow\/certyfikacja-dobrowolna\/#breadcrumb\"},\"inLanguage\":\"lt-LT\",\"potentialAction\":[{\"@type\":\"ReadAction\",\"target\":[\"https:\/\/icr.you2.pl\/certyfikacja-wyrobow\/certyfikacja-dobrowolna\/\"]}]},{\"@type\":\"ImageObject\",\"inLanguage\":\"lt-LT\",\"@id\":\"https:\/\/icr.you2.pl\/certyfikacja-wyrobow\/certyfikacja-dobrowolna\/#primaryimage\",\"url\":\"\",\"contentUrl\":\"\"},{\"@type\":\"BreadcrumbList\",\"@id\":\"https:\/\/icr.you2.pl\/certyfikacja-wyrobow\/certyfikacja-dobrowolna\/#breadcrumb\",\"itemListElement\":[{\"@type\":\"ListItem\",\"position\":1,\"name\":\"Strona g\u0142\u00f3wna\",\"item\":\"https:\/\/icr.you2.pl\/\"},{\"@type\":\"ListItem\",\"position\":2,\"name\":\"Certyfikacja wyrob\u00f3w\",\"item\":\"https:\/\/icr.you2.pl\/en\/certyfikacja-wyrobow\/\"},{\"@type\":\"ListItem\",\"position\":3,\"name\":\"Certyfikacja dobrowolna\"}]},{\"@type\":\"WebSite\",\"@id\":\"https:\/\/icr.you2.pl\/#website\",\"url\":\"https:\/\/icr.you2.pl\/\",\"name\":\"ICR POLSKA - badania i certyfikacja\",\"description\":\"CE certification, CE certificate, ISO certificate, RED testing, product testing and certification, electrical product testing, medical device testing, ATEX, IECEx, FCC, product certification, EMC testing, machinery certification, CE machines, training, electronic product testing, testing 2014\/53\/EU, drone certification, ISO 13485 certificate, ISO 9001 certificate, NC RfG\",\"publisher\":{\"@id\":\"https:\/\/icr.you2.pl\/#\/schema\/person\/944799c9e2f4a94662e3fcb3b1544baf\"},\"potentialAction\":[{\"@type\":\"SearchAction\",\"target\":{\"@type\":\"EntryPoint\",\"urlTemplate\":\"https:\/\/icr.you2.pl\/?s={search_term_string}\"},\"query-input\":{\"@type\":\"PropertyValueSpecification\",\"valueRequired\":true,\"valueName\":\"search_term_string\"}}],\"inLanguage\":\"lt-LT\"},{\"@type\":[\"Person\",\"Organization\"],\"@id\":\"https:\/\/icr.you2.pl\/#\/schema\/person\/944799c9e2f4a94662e3fcb3b1544baf\",\"name\":\"admin\",\"image\":{\"@type\":\"ImageObject\",\"inLanguage\":\"lt-LT\",\"@id\":\"https:\/\/icr.you2.pl\/#\/schema\/person\/image\/\",\"url\":\"https:\/\/icr.you2.pl\/wp-content\/uploads\/2019\/05\/cropped-logo-icr.32f04ad5-1-1.png\",\"contentUrl\":\"https:\/\/icr.you2.pl\/wp-content\/uploads\/2019\/05\/cropped-logo-icr.32f04ad5-1-1.png\",\"width\":400,\"height\":148,\"caption\":\"admin\"},\"logo\":{\"@id\":\"https:\/\/icr.you2.pl\/#\/schema\/person\/image\/\"}}]}<\/script>\n<!-- \/ Yoast SEO plugin. -->","yoast_head_json":{"title":"Savanori\u0161kas sertifikavimas - ICR POLSKA - bandymai ir sertifikavimas","robots":{"index":"index","follow":"follow","max-snippet":"max-snippet:-1","max-image-preview":"max-image-preview:large","max-video-preview":"max-video-preview:-1"},"canonical":"https:\/\/icr.you2.pl\/lt\/certyfikacja-wyrobow\/certyfikacja-dobrowolna\/","og_locale":"lt_LT","og_type":"article","og_title":"Certyfikacja dobrowolna - ICR POLSKA - badania i certyfikacja","og_description":"W obszarze tak zwanej certyfikacji dobrowolnej \u2013 w kt\u00f3rej producent\/importer certyfikuj\u0105c wyr\u00f3b uzyskuje dodatkowe potwierdzenie spe\u0142nienia wymaga\u0144 zawartych przez niego w deklaracji zgodno\u015bci \u2013 oceniamy zgodno\u015b\u0107 wyrobu z wymaganiami odnosz\u0105cych si\u0119 do niego norm. W\u015br\u00f3d wyrob\u00f3w obj\u0119tych naszym zakresem akredytacji s\u0105 m.in.: elektryczne wyroby medyczne klasy 1; ogniwa galwaniczne i baterie; domowe urz\u0105dzenia elektryczne: m.in.&hellip;&nbsp;Read More &raquo;Certyfikacja dobrowolna","og_url":"https:\/\/icr.you2.pl\/lt\/certyfikacja-wyrobow\/certyfikacja-dobrowolna\/","og_site_name":"ICR POLSKA - badania i certyfikacja","article_modified_time":"2024-06-11T05:57:52+00:00","twitter_card":"summary_large_image","twitter_misc":{"Est. reading time":"2 minut\u0117s"},"schema":{"@context":"https:\/\/schema.org","@graph":[{"@type":"WebPage","@id":"https:\/\/icr.you2.pl\/certyfikacja-wyrobow\/certyfikacja-dobrowolna\/","url":"https:\/\/icr.you2.pl\/certyfikacja-wyrobow\/certyfikacja-dobrowolna\/","name":"Savanori\u0161kas sertifikavimas - ICR POLSKA - bandymai ir sertifikavimas","isPartOf":{"@id":"https:\/\/icr.you2.pl\/#website"},"primaryImageOfPage":{"@id":"https:\/\/icr.you2.pl\/certyfikacja-wyrobow\/certyfikacja-dobrowolna\/#primaryimage"},"image":{"@id":"https:\/\/icr.you2.pl\/certyfikacja-wyrobow\/certyfikacja-dobrowolna\/#primaryimage"},"thumbnailUrl":"","datePublished":"2019-05-28T11:08:53+00:00","dateModified":"2024-06-11T05:57:52+00:00","breadcrumb":{"@id":"https:\/\/icr.you2.pl\/certyfikacja-wyrobow\/certyfikacja-dobrowolna\/#breadcrumb"},"inLanguage":"lt-LT","potentialAction":[{"@type":"ReadAction","target":["https:\/\/icr.you2.pl\/certyfikacja-wyrobow\/certyfikacja-dobrowolna\/"]}]},{"@type":"ImageObject","inLanguage":"lt-LT","@id":"https:\/\/icr.you2.pl\/certyfikacja-wyrobow\/certyfikacja-dobrowolna\/#primaryimage","url":"","contentUrl":""},{"@type":"BreadcrumbList","@id":"https:\/\/icr.you2.pl\/certyfikacja-wyrobow\/certyfikacja-dobrowolna\/#breadcrumb","itemListElement":[{"@type":"ListItem","position":1,"name":"Strona g\u0142\u00f3wna","item":"https:\/\/icr.you2.pl\/"},{"@type":"ListItem","position":2,"name":"Certyfikacja wyrob\u00f3w","item":"https:\/\/icr.you2.pl\/en\/certyfikacja-wyrobow\/"},{"@type":"ListItem","position":3,"name":"Certyfikacja dobrowolna"}]},{"@type":"WebSite","@id":"https:\/\/icr.you2.pl\/#website","url":"https:\/\/icr.you2.pl\/","name":"ICR POLAND - bandymai ir sertifikavimas","description":"CE sertifikavimas, CE sertifikatas, ISO sertifikatas, RED testavimas, gamini\u0173 testavimas ir sertifikavimas, elektros gamini\u0173 testavimas, medicinos prietais\u0173 testavimas, ATEX, IECEx, FCC, gamini\u0173 sertifikavimas, EMC testavimas, ma\u0161in\u0173 sertifikavimas, CE ma\u0161inos, mokymai, elektronini\u0173 gamini\u0173 testavimas, testavimas 2014\/53\/ES, dron\u0173 sertifikavimas, ISO 13485 sertifikatas, ISO 9001 sertifikatas, NC RfG","publisher":{"@id":"https:\/\/icr.you2.pl\/#\/schema\/person\/944799c9e2f4a94662e3fcb3b1544baf"},"potentialAction":[{"@type":"SearchAction","target":{"@type":"EntryPoint","urlTemplate":"https:\/\/icr.you2.pl\/?s={search_term_string}"},"query-input":{"@type":"PropertyValueSpecification","valueRequired":true,"valueName":"search_term_string"}}],"inLanguage":"lt-LT"},{"@type":["Person","Organization"],"@id":"https:\/\/icr.you2.pl\/#\/schema\/person\/944799c9e2f4a94662e3fcb3b1544baf","name":"administratorius","image":{"@type":"ImageObject","inLanguage":"lt-LT","@id":"https:\/\/icr.you2.pl\/#\/schema\/person\/image\/","url":"https:\/\/icr.you2.pl\/wp-content\/uploads\/2019\/05\/cropped-logo-icr.32f04ad5-1-1.png","contentUrl":"https:\/\/icr.you2.pl\/wp-content\/uploads\/2019\/05\/cropped-logo-icr.32f04ad5-1-1.png","width":400,"height":148,"caption":"admin"},"logo":{"@id":"https:\/\/icr.you2.pl\/#\/schema\/person\/image\/"}}]}},"_links":{"self":[{"href":"https:\/\/icr.you2.pl\/lt\/wp-json\/wp\/v2\/pages\/2039","targetHints":{"allow":["GET"]}}],"collection":[{"href":"https:\/\/icr.you2.pl\/lt\/wp-json\/wp\/v2\/pages"}],"about":[{"href":"https:\/\/icr.you2.pl\/lt\/wp-json\/wp\/v2\/types\/page"}],"author":[{"embeddable":true,"href":"https:\/\/icr.you2.pl\/lt\/wp-json\/wp\/v2\/users\/1"}],"replies":[{"embeddable":true,"href":"https:\/\/icr.you2.pl\/lt\/wp-json\/wp\/v2\/comments?post=2039"}],"version-history":[{"count":0,"href":"https:\/\/icr.you2.pl\/lt\/wp-json\/wp\/v2\/pages\/2039\/revisions"}],"up":[{"embeddable":true,"href":"https:\/\/icr.you2.pl\/lt\/wp-json\/wp\/v2\/pages\/211"}],"wp:featuredmedia":[{"embeddable":true,"href":"https:\/\/icr.you2.pl\/lt\/wp-json\/"}],"wp:attachment":[{"href":"https:\/\/icr.you2.pl\/lt\/wp-json\/wp\/v2\/media?parent=2039"}],"curies":[{"name":"wp","href":"https:\/\/api.w.org\/{rel}","templated":true}]}}