{"id":2364,"date":"2019-05-31T15:27:13","date_gmt":"2019-05-31T13:27:13","guid":{"rendered":"http:\/\/nowa.icrpolska.com\/?page_id=2364"},"modified":"2025-01-31T11:09:53","modified_gmt":"2025-01-31T10:09:53","slug":"certyfikacja-wyrobow-dla-wnioskodawcy","status":"publish","type":"page","link":"https:\/\/icr.you2.pl\/lt\/certyfikacja-wyrobow\/certyfikacja-wyrobow-dla-wnioskodawcy\/","title":{"rendered":"Produkto sertifikavimas - Parei\u0161k\u0117jui"},"content":{"rendered":"<p><a href=\"http:\/\/icr.you2.pl\/wp-content\/uploads\/2019\/06\/Wniosek-o-certyfikacj%C4%99-systemu.docx\"><img decoding=\"async\" class=\"alignnone wp-image-2678\" src=\"http:\/\/icr.you2.pl\/wp-content\/uploads\/2019\/06\/word.jpg\" sizes=\"(max-width: 20px) 100vw, 20px\" srcset=\"http:\/\/icr.you2.pl\/wp-content\/uploads\/2019\/06\/word.jpg 208w, http:\/\/icr.you2.pl\/wp-content\/uploads\/2019\/06\/word-150x150.jpg 150w\" alt=\"\" width=\"20\" height=\"20\" \/><\/a><a href=\"http:\/\/icr.you2.pl\/wp-content\/uploads\/2022\/10\/F-P-07-01_3.docx\" target=\"_blank\" rel=\"noopener noreferrer\">\u00a0Parai\u0161ka_Parai\u0161ka_Savanori\u0161kas sertifikavimas<\/a><\/p>\n<p><a href=\"http:\/\/icr.you2.pl\/wp-content\/uploads\/2019\/06\/Wniosek-o-certyfikacj%C4%99-systemu.docx\"><img decoding=\"async\" class=\"alignnone wp-image-2678\" src=\"http:\/\/icr.you2.pl\/wp-content\/uploads\/2019\/06\/word.jpg\" sizes=\"(max-width: 20px) 100vw, 20px\" srcset=\"http:\/\/icr.you2.pl\/wp-content\/uploads\/2019\/06\/word.jpg 208w, http:\/\/icr.you2.pl\/wp-content\/uploads\/2019\/06\/word-150x150.jpg 150w\" alt=\"\" width=\"20\" height=\"20\" \/><\/a><a href=\"http:\/\/icr.you2.pl\/wp-content\/uploads\/2024\/03\/F-P-07-02_9.docx\" target=\"_blank\" rel=\"noopener noreferrer\">\u00a0Parai\u0161ka_Parai\u0161ka_Privalomasis vertinimas<\/a><\/p>\n<p><img decoding=\"async\" class=\"alignnone wp-image-2678\" src=\"http:\/\/icr.you2.pl\/wp-content\/uploads\/2019\/06\/word.jpg\" alt=\"\" width=\"20\" height=\"20\" srcset=\"https:\/\/icr.you2.pl\/wp-content\/uploads\/2019\/06\/word.jpg 208w, https:\/\/icr.you2.pl\/wp-content\/uploads\/2019\/06\/word-150x150.jpg 150w\" sizes=\"(max-width: 20px) 100vw, 20px\" \/> <a href=\"http:\/\/icr.you2.pl\/wp-content\/uploads\/2020\/12\/F-P-07-28.docx\" target=\"_blank\" rel=\"noopener noreferrer\">Parai\u0161ka gamybos proceso ir (arba) produkto kokybei patvirtinti<\/a> (EN ISO 80079-34)<\/p>\n<p><a href=\"http:\/\/icr.you2.pl\/wp-content\/uploads\/2019\/06\/Wniosek-o-certyfikacj%C4%99-systemu.docx\"><img decoding=\"async\" class=\"alignnone wp-image-2678\" src=\"http:\/\/icr.you2.pl\/wp-content\/uploads\/2019\/06\/word.jpg\" sizes=\"(max-width: 20px) 100vw, 20px\" srcset=\"http:\/\/icr.you2.pl\/wp-content\/uploads\/2019\/06\/word.jpg 208w, http:\/\/icr.you2.pl\/wp-content\/uploads\/2019\/06\/word-150x150.jpg 150w\" alt=\"\" width=\"20\" height=\"20\" \/><\/a> <a href=\"http:\/\/icr.you2.pl\/wp-content\/uploads\/2020\/10\/F-P-07-03-2E-Wniosek-Application-on-TCF-storage.docx\">Pra\u0161ymas d\u0117l \u012fra\u0161\u0173 saugojimo (2014\/34\/ES - A1 modulis)<\/a><\/p>\n<p><a href=\"http:\/\/icr.you2.pl\/wp-content\/uploads\/2022\/11\/F-P-07-01-1-1-wniosek-o-przeprowadzenie-oceny-sprzetu-2016-631.docx\" target=\"_blank\" rel=\"noopener\"><img decoding=\"async\" class=\"alignnone wp-image-2678\" src=\"http:\/\/icr.you2.pl\/wp-content\/uploads\/2019\/06\/word.jpg\" sizes=\"(max-width: 20px) 100vw, 20px\" srcset=\"http:\/\/icr.you2.pl\/wp-content\/uploads\/2019\/06\/word.jpg 208w, http:\/\/icr.you2.pl\/wp-content\/uploads\/2019\/06\/word-150x150.jpg 150w\" alt=\"\" width=\"20\" height=\"20\" \/><\/a> <a href=\"http:\/\/icr.you2.pl\/wp-content\/uploads\/2022\/11\/F-P-07-01-1-1-wniosek-o-przeprowadzenie-oceny-sprzetu-2016-631.docx\" target=\"_blank\" rel=\"noopener\">\u012erangos vertinimo parai\u0161ka (Reglamentas (ES) 2016\/631)<\/a><\/p>\n<p><strong>Jei naudojami dokumentai skirtingomis kalbomis, ICR Lenkija patvirtina j\u0173 turinio ir prasm\u0117s atitikt\u012f.<\/strong><\/p>\n<p><a href=\"http:\/\/icr.you2.pl\/wp-content\/uploads\/2019\/06\/Program-oceny-zgodno\u015bci-w-zakresie-MD.pdf\" target=\"_blank\" rel=\"noopener noreferrer\"><img decoding=\"async\" class=\"wp-image-2679 alignnone\" src=\"http:\/\/icr.you2.pl\/wp-content\/uploads\/2019\/06\/adobe.jpg\" alt=\"\" width=\"20\" height=\"21\" srcset=\"https:\/\/icr.you2.pl\/wp-content\/uploads\/2019\/06\/adobe.jpg 218w, https:\/\/icr.you2.pl\/wp-content\/uploads\/2019\/06\/adobe-150x150.jpg 150w\" sizes=\"(max-width: 20px) 100vw, 20px\" \/><\/a><a href=\"http:\/\/icr.you2.pl\/wp-content\/uploads\/2021\/01\/PC-P-07-03_16.pdf\" target=\"_blank\" rel=\"noopener noreferrer\">\u00a0MD atitikties vertinimo programa (2006\/42\/EB)<\/a> + <a href=\"http:\/\/icr.you2.pl\/wp-content\/uploads\/2023\/11\/F-P-07-36_05a_MD.pdf\" target=\"_blank\" rel=\"noopener noreferrer\">technini\u0173 specifikacij\u0173 s\u0105ra\u0161as<\/a><\/p>\n<p><a href=\"http:\/\/icr.you2.pl\/wp-content\/uploads\/2019\/06\/Program-oceny-zgodno\u015bci-w-zakresie-EMC.pdf\" target=\"_blank\" rel=\"noopener noreferrer\"><img loading=\"lazy\" decoding=\"async\" class=\"alignnone wp-image-2679\" src=\"http:\/\/icr.you2.pl\/wp-content\/uploads\/2019\/06\/adobe.jpg\" alt=\"\" width=\"20\" height=\"21\" srcset=\"https:\/\/icr.you2.pl\/wp-content\/uploads\/2019\/06\/adobe.jpg 218w, https:\/\/icr.you2.pl\/wp-content\/uploads\/2019\/06\/adobe-150x150.jpg 150w\" sizes=\"(max-width: 20px) 100vw, 20px\" \/><\/a><a href=\"http:\/\/icr.you2.pl\/wp-content\/uploads\/2024\/03\/PC-P-07-02_14_EMC.pdf\" target=\"_blank\" rel=\"noopener noreferrer\"> EMC atitikties vertinimo programa (2014\/30\/ES)<\/a> + <a href=\"http:\/\/icr.you2.pl\/wp-content\/uploads\/2025\/01\/F-P-07-34_5.pdf\" target=\"_blank\" rel=\"noopener noreferrer\">technini\u0173 specifikacij\u0173 s\u0105ra\u0161as<\/a><\/p>\n<p><img loading=\"lazy\" decoding=\"async\" class=\"alignnone wp-image-2679\" src=\"http:\/\/icr.you2.pl\/wp-content\/uploads\/2019\/06\/adobe.jpg\" alt=\"\" width=\"20\" height=\"21\" srcset=\"https:\/\/icr.you2.pl\/wp-content\/uploads\/2019\/06\/adobe.jpg 218w, https:\/\/icr.you2.pl\/wp-content\/uploads\/2019\/06\/adobe-150x150.jpg 150w\" sizes=\"(max-width: 20px) 100vw, 20px\" \/>\u00a0<a href=\"http:\/\/icr.you2.pl\/wp-content\/uploads\/2021\/01\/PC-P-07-05_09.pdf\" target=\"_blank\" rel=\"noopener noreferrer\">RED atitikties vertinimo programa (2014\/53\/ES)<\/a>\u00a0+ <a href=\"http:\/\/icr.you2.pl\/wp-content\/uploads\/2025\/01\/F-P-07-31_19a.pdf\" target=\"_blank\" rel=\"noopener noreferrer\">technini\u0173 specifikacij\u0173 s\u0105ra\u0161as<\/a><\/p>\n<p><a href=\"http:\/\/icr.you2.pl\/wp-content\/uploads\/2019\/06\/Program-oceny-zgodno\u015bci-w-zakresie-ATEX.pdf\" target=\"_blank\" rel=\"noopener noreferrer\"><img loading=\"lazy\" decoding=\"async\" class=\"alignnone wp-image-2679\" src=\"http:\/\/icr.you2.pl\/wp-content\/uploads\/2019\/06\/adobe.jpg\" alt=\"\" width=\"20\" height=\"21\" srcset=\"https:\/\/icr.you2.pl\/wp-content\/uploads\/2019\/06\/adobe.jpg 218w, https:\/\/icr.you2.pl\/wp-content\/uploads\/2019\/06\/adobe-150x150.jpg 150w\" sizes=\"(max-width: 20px) 100vw, 20px\" \/><\/a><a href=\"http:\/\/icr.you2.pl\/wp-content\/uploads\/2021\/01\/PC-P-07-06_07.pdf\" target=\"_blank\" rel=\"noopener noreferrer\" data-wp-editing=\"1\">\u00a0ATEX atitikties vertinimo programa (2014\/34\/ES)<\/a> + <a href=\"http:\/\/icr.you2.pl\/wp-content\/uploads\/2022\/06\/F-P-07-35_03_ATEX.pdf\" target=\"_blank\" rel=\"noopener noreferrer\">technini\u0173 specifikacij\u0173 s\u0105ra\u0161as<\/a><\/p>\n<p><a href=\"http:\/\/icr.you2.pl\/wp-content\/uploads\/2019\/06\/Program-oceny-zgodno\u015bci-w-zakresie-ATEX.pdf\" target=\"_blank\" rel=\"noopener noreferrer\"><img loading=\"lazy\" decoding=\"async\" class=\"alignnone wp-image-2679\" src=\"http:\/\/icr.you2.pl\/wp-content\/uploads\/2019\/06\/adobe.jpg\" alt=\"\" width=\"20\" height=\"21\" srcset=\"https:\/\/icr.you2.pl\/wp-content\/uploads\/2019\/06\/adobe.jpg 218w, https:\/\/icr.you2.pl\/wp-content\/uploads\/2019\/06\/adobe-150x150.jpg 150w\" sizes=\"(max-width: 20px) 100vw, 20px\" \/><\/a><a href=\"http:\/\/icr.you2.pl\/wp-content\/uploads\/2022\/02\/PC-P-07-09-2.pdf\" target=\"_blank\" rel=\"noopener noreferrer\" data-wp-editing=\"1\"> BSP\/DRON atitikties vertinimo programa ((ES) 2019\/945)<\/a> + <a href=\"http:\/\/icr.you2.pl\/wp-content\/uploads\/2022\/01\/F-P-07-38-1.pdf\" target=\"_blank\" rel=\"noopener noreferrer\">technini\u0173 specifikacij\u0173 s\u0105ra\u0161as<\/a><\/p>\n<p><a href=\"http:\/\/icr.you2.pl\/wp-content\/uploads\/2022\/11\/PC-P-07-10-2.pdf\" target=\"_blank\" rel=\"noopener noreferrer\"><img loading=\"lazy\" decoding=\"async\" class=\"alignnone wp-image-2679\" src=\"http:\/\/icr.you2.pl\/wp-content\/uploads\/2019\/06\/adobe.jpg\" alt=\"\" width=\"20\" height=\"21\" srcset=\"https:\/\/icr.you2.pl\/wp-content\/uploads\/2019\/06\/adobe.jpg 218w, https:\/\/icr.you2.pl\/wp-content\/uploads\/2019\/06\/adobe-150x150.jpg 150w\" sizes=\"(max-width: 20px) 100vw, 20px\" \/><\/a> <a href=\"http:\/\/icr.you2.pl\/wp-content\/uploads\/2024\/03\/PC-P-07-10_4_NC_RfG.pdf\" target=\"_blank\" rel=\"noopener\">NC \u012frangos atitikties vertinimo programa RfG (ES) 2016\/631<\/a><\/p>\n<p><a href=\"http:\/\/icr.you2.pl\/wp-content\/uploads\/2019\/06\/POLITYKA-JAKO%C5%9ACI.pdf\"><img loading=\"lazy\" decoding=\"async\" class=\"alignnone wp-image-2679\" src=\"http:\/\/icr.you2.pl\/wp-content\/uploads\/2019\/06\/adobe.jpg\" sizes=\"(max-width: 20px) 100vw, 20px\" srcset=\"http:\/\/icr.you2.pl\/wp-content\/uploads\/2019\/06\/adobe.jpg 218w, http:\/\/icr.you2.pl\/wp-content\/uploads\/2019\/06\/adobe-150x150.jpg 150w\" alt=\"\" width=\"20\" height=\"21\" \/><\/a><a href=\"http:\/\/icr.you2.pl\/wp-content\/uploads\/2024\/06\/PC-P-07-07_22.pdf\" target=\"_blank\" rel=\"noopener noreferrer\">\u00a0Savanori\u0161ka produkt\u0173 sertifikavimo programa<\/a><\/p>\n<p><a href=\"http:\/\/icr.you2.pl\/wp-content\/uploads\/2019\/06\/POLITYKA-JAKO%C5%9ACI.pdf\"><img loading=\"lazy\" decoding=\"async\" class=\"alignnone wp-image-2679\" src=\"http:\/\/icr.you2.pl\/wp-content\/uploads\/2019\/06\/adobe.jpg\" sizes=\"(max-width: 20px) 100vw, 20px\" srcset=\"http:\/\/icr.you2.pl\/wp-content\/uploads\/2019\/06\/adobe.jpg 218w, http:\/\/icr.you2.pl\/wp-content\/uploads\/2019\/06\/adobe-150x150.jpg 150w\" alt=\"\" width=\"20\" height=\"21\" \/><\/a><a href=\"http:\/\/icr.you2.pl\/wp-content\/uploads\/2025\/01\/P-10_8.pdf\" target=\"_blank\" rel=\"noopener noreferrer\"> P-10 Skund\u0173 ir apeliacij\u0173 pri\u0117mimas, vertinimas ir sprendim\u0173 d\u0117l j\u0173 pri\u0117mimas<\/a><\/p>\n<p><a href=\"http:\/\/icr.you2.pl\/wp-content\/uploads\/2022\/01\/P-08.pdf\" target=\"_blank\" rel=\"noopener noreferrer\"><img loading=\"lazy\" decoding=\"async\" class=\"alignnone wp-image-2679\" src=\"http:\/\/icr.you2.pl\/wp-content\/uploads\/2019\/06\/adobe.jpg\" alt=\"\" width=\"20\" height=\"21\" srcset=\"https:\/\/icr.you2.pl\/wp-content\/uploads\/2019\/06\/adobe.jpg 218w, https:\/\/icr.you2.pl\/wp-content\/uploads\/2019\/06\/adobe-150x150.jpg 150w\" sizes=\"(max-width: 20px) 100vw, 20px\" \/><\/a><a href=\"http:\/\/icr.you2.pl\/wp-content\/uploads\/2024\/10\/P-08-Zasady-wykorzystywania-znaku-PL_ENG.pdf\"> Sertifikat\u0173 ir atitikties \u017eenkl\u0173 naudojimo taisykl\u0117s<\/a><\/p>\n<p><a href=\"http:\/\/icr.you2.pl\/wp-content\/uploads\/2019\/06\/POLITYKA-JAKO%C5%9ACI.pdf\"><img loading=\"lazy\" decoding=\"async\" class=\"alignnone wp-image-2679\" src=\"http:\/\/icr.you2.pl\/wp-content\/uploads\/2019\/06\/adobe.jpg\" sizes=\"(max-width: 20px) 100vw, 20px\" srcset=\"http:\/\/icr.you2.pl\/wp-content\/uploads\/2019\/06\/adobe.jpg 218w, http:\/\/icr.you2.pl\/wp-content\/uploads\/2019\/06\/adobe-150x150.jpg 150w\" alt=\"\" width=\"20\" height=\"21\" \/><\/a><a href=\"http:\/\/icr.you2.pl\/wp-content\/uploads\/2024\/10\/Informacja-dla-wnioskodawcow.pdf\" target=\"_blank\" rel=\"noopener noreferrer\">\u00a0Informacija parei\u0161k\u0117jams<\/a><\/p>\n<p>&nbsp;<\/p>\n<p><img loading=\"lazy\" decoding=\"async\" class=\"alignnone wp-image-3362\" src=\"http:\/\/icr.you2.pl\/wp-content\/uploads\/2019\/06\/Email-icon-e1560506652454.png\" alt=\"\" width=\"28\" height=\"20\" \/> <a href=\"https:\/\/cert.icrpolska.com\">Sertifikato b\u016bsenos tikrinimas<\/a><\/p>","protected":false},"excerpt":{"rendered":"<p>\u00a0Parai\u0161ka_Parai\u0161ka_Savanori\u0161kas sertifikavimas Parai\u0161ka_Parai\u0161ka_Privalomasis vertinimas Parai\u0161ka gamybos proceso \/ produkto kokybei patvirtinti (EN ISO 80079-34) Parai\u0161ka \u012fra\u0161\u0173 tvarkymui (2014\/34\/ES - A1 modulis) Parai\u0161ka \u012frangos vertinimui (Reglamentas (ES) 2016\/631) Jei naudojami dokumentai skirtingomis kalbomis, \"ICR Poland\" patvirtina j\u0173 turinio ir prasm\u0117s atitikt\u012f.  MD atitikties vertinimo programa...&nbsp;<a href=\"https:\/\/icr.you2.pl\/lt\/certyfikacja-wyrobow\/certyfikacja-wyrobow-dla-wnioskodawcy\/\" rel=\"bookmark\">Skaityti daugiau \"<span class=\"screen-reader-text\">Produkto sertifikavimas - Parei\u0161k\u0117jui<\/span><\/a><\/p>","protected":false},"author":1,"featured_media":2355,"parent":211,"menu_order":0,"comment_status":"closed","ping_status":"closed","template":"","meta":{"neve_meta_sidebar":"","neve_meta_container":"","neve_meta_enable_content_width":"off","neve_meta_content_width":70,"neve_meta_title_alignment":"","neve_meta_author_avatar":"","neve_post_elements_order":"","neve_meta_disable_header":"","neve_meta_disable_footer":"","neve_meta_disable_title":"","footnotes":""},"class_list":["post-2364","page","type-page","status-publish","has-post-thumbnail","hentry"],"yoast_head":"<!-- This site is optimized with the Yoast SEO plugin v26.8 - https:\/\/yoast.com\/product\/yoast-seo-wordpress\/ -->\n<title>Certyfikacja Wyrob\u00f3w - Dla Wnioskodawcy - ICR POLSKA - badania i certyfikacja<\/title>\n<meta name=\"robots\" content=\"index, follow, max-snippet:-1, max-image-preview:large, max-video-preview:-1\" \/>\n<link rel=\"canonical\" href=\"https:\/\/icr.you2.pl\/lt\/certyfikacja-wyrobow\/certyfikacja-wyrobow-dla-wnioskodawcy\/\" \/>\n<meta property=\"og:locale\" content=\"lt_LT\" \/>\n<meta property=\"og:type\" content=\"article\" \/>\n<meta property=\"og:title\" content=\"Certyfikacja Wyrob\u00f3w - Dla Wnioskodawcy - ICR POLSKA - badania i certyfikacja\" \/>\n<meta property=\"og:description\" content=\"\u00a0Wniosek_Application_Voluntary Certification \u00a0Wniosek_Application_Mandatory Assessment Wniosek o potwierdzenie jako\u015bci procesu produkcji \/ jako\u015bci produktu (EN ISO 80079-34) Wniosek o przechowywanie dokumentacji (2014\/34\/UE &#8211; Modu\u0142 A1) Wniosek o przeprowadzenie oceny sprz\u0119tu (Rozporz\u0105dzenie (UE) 2016\/631) W przypadku wykorzystywania dokument\u00f3w w r\u00f3\u017cnych j\u0119zykach, ICR Polska potwierdza ich zgodno\u015b\u0107 pod wzgl\u0119dem tre\u015bci i znaczenia. \u00a0Program oceny zgodno\u015bci w zakresie MD&hellip;&nbsp;Read More &raquo;Certyfikacja Wyrob\u00f3w &#8211; Dla Wnioskodawcy\" \/>\n<meta property=\"og:url\" content=\"https:\/\/icr.you2.pl\/lt\/certyfikacja-wyrobow\/certyfikacja-wyrobow-dla-wnioskodawcy\/\" \/>\n<meta property=\"og:site_name\" content=\"ICR POLSKA - badania i certyfikacja\" \/>\n<meta property=\"article:modified_time\" content=\"2025-01-31T10:09:53+00:00\" \/>\n<meta property=\"og:image\" content=\"https:\/\/icr.you2.pl\/wp-content\/uploads\/2019\/05\/dla-wnioskodawcy-2.jpg\" \/>\n\t<meta property=\"og:image:width\" content=\"600\" \/>\n\t<meta property=\"og:image:height\" content=\"475\" \/>\n\t<meta property=\"og:image:type\" content=\"image\/jpeg\" \/>\n<meta name=\"twitter:card\" content=\"summary_large_image\" \/>\n<meta name=\"twitter:label1\" content=\"Est. reading time\" \/>\n\t<meta name=\"twitter:data1\" content=\"5 minut\u0117s\" \/>\n<script type=\"application\/ld+json\" class=\"yoast-schema-graph\">{\"@context\":\"https:\/\/schema.org\",\"@graph\":[{\"@type\":\"WebPage\",\"@id\":\"https:\/\/icr.you2.pl\/certyfikacja-wyrobow\/certyfikacja-wyrobow-dla-wnioskodawcy\/\",\"url\":\"https:\/\/icr.you2.pl\/certyfikacja-wyrobow\/certyfikacja-wyrobow-dla-wnioskodawcy\/\",\"name\":\"Certyfikacja Wyrob\u00f3w - Dla Wnioskodawcy - ICR POLSKA - badania i certyfikacja\",\"isPartOf\":{\"@id\":\"https:\/\/icr.you2.pl\/#website\"},\"primaryImageOfPage\":{\"@id\":\"https:\/\/icr.you2.pl\/certyfikacja-wyrobow\/certyfikacja-wyrobow-dla-wnioskodawcy\/#primaryimage\"},\"image\":{\"@id\":\"https:\/\/icr.you2.pl\/certyfikacja-wyrobow\/certyfikacja-wyrobow-dla-wnioskodawcy\/#primaryimage\"},\"thumbnailUrl\":\"https:\/\/icr.you2.pl\/wp-content\/uploads\/2019\/05\/dla-wnioskodawcy-2.jpg\",\"datePublished\":\"2019-05-31T13:27:13+00:00\",\"dateModified\":\"2025-01-31T10:09:53+00:00\",\"breadcrumb\":{\"@id\":\"https:\/\/icr.you2.pl\/certyfikacja-wyrobow\/certyfikacja-wyrobow-dla-wnioskodawcy\/#breadcrumb\"},\"inLanguage\":\"lt-LT\",\"potentialAction\":[{\"@type\":\"ReadAction\",\"target\":[\"https:\/\/icr.you2.pl\/certyfikacja-wyrobow\/certyfikacja-wyrobow-dla-wnioskodawcy\/\"]}]},{\"@type\":\"ImageObject\",\"inLanguage\":\"lt-LT\",\"@id\":\"https:\/\/icr.you2.pl\/certyfikacja-wyrobow\/certyfikacja-wyrobow-dla-wnioskodawcy\/#primaryimage\",\"url\":\"https:\/\/icr.you2.pl\/wp-content\/uploads\/2019\/05\/dla-wnioskodawcy-2.jpg\",\"contentUrl\":\"https:\/\/icr.you2.pl\/wp-content\/uploads\/2019\/05\/dla-wnioskodawcy-2.jpg\",\"width\":600,\"height\":475},{\"@type\":\"BreadcrumbList\",\"@id\":\"https:\/\/icr.you2.pl\/certyfikacja-wyrobow\/certyfikacja-wyrobow-dla-wnioskodawcy\/#breadcrumb\",\"itemListElement\":[{\"@type\":\"ListItem\",\"position\":1,\"name\":\"Strona g\u0142\u00f3wna\",\"item\":\"https:\/\/icr.you2.pl\/\"},{\"@type\":\"ListItem\",\"position\":2,\"name\":\"Certyfikacja wyrob\u00f3w\",\"item\":\"https:\/\/icr.you2.pl\/en\/certyfikacja-wyrobow\/\"},{\"@type\":\"ListItem\",\"position\":3,\"name\":\"Certyfikacja Wyrob\u00f3w &#8211; Dla Wnioskodawcy\"}]},{\"@type\":\"WebSite\",\"@id\":\"https:\/\/icr.you2.pl\/#website\",\"url\":\"https:\/\/icr.you2.pl\/\",\"name\":\"ICR POLSKA - badania i certyfikacja\",\"description\":\"CE certification, CE certificate, ISO certificate, RED testing, product testing and certification, electrical product testing, medical device testing, ATEX, IECEx, FCC, product certification, EMC testing, machinery certification, CE machines, training, electronic product testing, testing 2014\/53\/EU, drone certification, ISO 13485 certificate, ISO 9001 certificate, NC RfG\",\"publisher\":{\"@id\":\"https:\/\/icr.you2.pl\/#\/schema\/person\/944799c9e2f4a94662e3fcb3b1544baf\"},\"potentialAction\":[{\"@type\":\"SearchAction\",\"target\":{\"@type\":\"EntryPoint\",\"urlTemplate\":\"https:\/\/icr.you2.pl\/?s={search_term_string}\"},\"query-input\":{\"@type\":\"PropertyValueSpecification\",\"valueRequired\":true,\"valueName\":\"search_term_string\"}}],\"inLanguage\":\"lt-LT\"},{\"@type\":[\"Person\",\"Organization\"],\"@id\":\"https:\/\/icr.you2.pl\/#\/schema\/person\/944799c9e2f4a94662e3fcb3b1544baf\",\"name\":\"admin\",\"image\":{\"@type\":\"ImageObject\",\"inLanguage\":\"lt-LT\",\"@id\":\"https:\/\/icr.you2.pl\/#\/schema\/person\/image\/\",\"url\":\"https:\/\/icr.you2.pl\/wp-content\/uploads\/2019\/05\/cropped-logo-icr.32f04ad5-1-1.png\",\"contentUrl\":\"https:\/\/icr.you2.pl\/wp-content\/uploads\/2019\/05\/cropped-logo-icr.32f04ad5-1-1.png\",\"width\":400,\"height\":148,\"caption\":\"admin\"},\"logo\":{\"@id\":\"https:\/\/icr.you2.pl\/#\/schema\/person\/image\/\"}}]}<\/script>\n<!-- \/ Yoast SEO plugin. -->","yoast_head_json":{"title":"Produkt\u0173 sertifikavimas - Parei\u0161k\u0117jui - ICR POLAND - bandymai ir sertifikavimas","robots":{"index":"index","follow":"follow","max-snippet":"max-snippet:-1","max-image-preview":"max-image-preview:large","max-video-preview":"max-video-preview:-1"},"canonical":"https:\/\/icr.you2.pl\/lt\/certyfikacja-wyrobow\/certyfikacja-wyrobow-dla-wnioskodawcy\/","og_locale":"lt_LT","og_type":"article","og_title":"Certyfikacja Wyrob\u00f3w - Dla Wnioskodawcy - ICR POLSKA - badania i certyfikacja","og_description":"\u00a0Wniosek_Application_Voluntary Certification \u00a0Wniosek_Application_Mandatory Assessment Wniosek o potwierdzenie jako\u015bci procesu produkcji \/ jako\u015bci produktu (EN ISO 80079-34) Wniosek o przechowywanie dokumentacji (2014\/34\/UE &#8211; Modu\u0142 A1) Wniosek o przeprowadzenie oceny sprz\u0119tu (Rozporz\u0105dzenie (UE) 2016\/631) W przypadku wykorzystywania dokument\u00f3w w r\u00f3\u017cnych j\u0119zykach, ICR Polska potwierdza ich zgodno\u015b\u0107 pod wzgl\u0119dem tre\u015bci i znaczenia. \u00a0Program oceny zgodno\u015bci w zakresie MD&hellip;&nbsp;Read More &raquo;Certyfikacja Wyrob\u00f3w &#8211; Dla Wnioskodawcy","og_url":"https:\/\/icr.you2.pl\/lt\/certyfikacja-wyrobow\/certyfikacja-wyrobow-dla-wnioskodawcy\/","og_site_name":"ICR POLSKA - badania i certyfikacja","article_modified_time":"2025-01-31T10:09:53+00:00","og_image":[{"width":600,"height":475,"url":"https:\/\/icr.you2.pl\/wp-content\/uploads\/2019\/05\/dla-wnioskodawcy-2.jpg","type":"image\/jpeg"}],"twitter_card":"summary_large_image","twitter_misc":{"Est. reading time":"5 minut\u0117s"},"schema":{"@context":"https:\/\/schema.org","@graph":[{"@type":"WebPage","@id":"https:\/\/icr.you2.pl\/certyfikacja-wyrobow\/certyfikacja-wyrobow-dla-wnioskodawcy\/","url":"https:\/\/icr.you2.pl\/certyfikacja-wyrobow\/certyfikacja-wyrobow-dla-wnioskodawcy\/","name":"Produkt\u0173 sertifikavimas - Parei\u0161k\u0117jui - ICR POLAND - bandymai ir sertifikavimas","isPartOf":{"@id":"https:\/\/icr.you2.pl\/#website"},"primaryImageOfPage":{"@id":"https:\/\/icr.you2.pl\/certyfikacja-wyrobow\/certyfikacja-wyrobow-dla-wnioskodawcy\/#primaryimage"},"image":{"@id":"https:\/\/icr.you2.pl\/certyfikacja-wyrobow\/certyfikacja-wyrobow-dla-wnioskodawcy\/#primaryimage"},"thumbnailUrl":"https:\/\/icr.you2.pl\/wp-content\/uploads\/2019\/05\/dla-wnioskodawcy-2.jpg","datePublished":"2019-05-31T13:27:13+00:00","dateModified":"2025-01-31T10:09:53+00:00","breadcrumb":{"@id":"https:\/\/icr.you2.pl\/certyfikacja-wyrobow\/certyfikacja-wyrobow-dla-wnioskodawcy\/#breadcrumb"},"inLanguage":"lt-LT","potentialAction":[{"@type":"ReadAction","target":["https:\/\/icr.you2.pl\/certyfikacja-wyrobow\/certyfikacja-wyrobow-dla-wnioskodawcy\/"]}]},{"@type":"ImageObject","inLanguage":"lt-LT","@id":"https:\/\/icr.you2.pl\/certyfikacja-wyrobow\/certyfikacja-wyrobow-dla-wnioskodawcy\/#primaryimage","url":"https:\/\/icr.you2.pl\/wp-content\/uploads\/2019\/05\/dla-wnioskodawcy-2.jpg","contentUrl":"https:\/\/icr.you2.pl\/wp-content\/uploads\/2019\/05\/dla-wnioskodawcy-2.jpg","width":600,"height":475},{"@type":"BreadcrumbList","@id":"https:\/\/icr.you2.pl\/certyfikacja-wyrobow\/certyfikacja-wyrobow-dla-wnioskodawcy\/#breadcrumb","itemListElement":[{"@type":"ListItem","position":1,"name":"Strona g\u0142\u00f3wna","item":"https:\/\/icr.you2.pl\/"},{"@type":"ListItem","position":2,"name":"Certyfikacja wyrob\u00f3w","item":"https:\/\/icr.you2.pl\/en\/certyfikacja-wyrobow\/"},{"@type":"ListItem","position":3,"name":"Certyfikacja Wyrob\u00f3w &#8211; Dla Wnioskodawcy"}]},{"@type":"WebSite","@id":"https:\/\/icr.you2.pl\/#website","url":"https:\/\/icr.you2.pl\/","name":"ICR POLAND - bandymai ir sertifikavimas","description":"CE sertifikavimas, CE sertifikatas, ISO sertifikatas, RED testavimas, gamini\u0173 testavimas ir sertifikavimas, elektros gamini\u0173 testavimas, medicinos prietais\u0173 testavimas, ATEX, IECEx, FCC, gamini\u0173 sertifikavimas, EMC testavimas, ma\u0161in\u0173 sertifikavimas, CE ma\u0161inos, mokymai, elektronini\u0173 gamini\u0173 testavimas, testavimas 2014\/53\/ES, dron\u0173 sertifikavimas, ISO 13485 sertifikatas, ISO 9001 sertifikatas, NC RfG","publisher":{"@id":"https:\/\/icr.you2.pl\/#\/schema\/person\/944799c9e2f4a94662e3fcb3b1544baf"},"potentialAction":[{"@type":"SearchAction","target":{"@type":"EntryPoint","urlTemplate":"https:\/\/icr.you2.pl\/?s={search_term_string}"},"query-input":{"@type":"PropertyValueSpecification","valueRequired":true,"valueName":"search_term_string"}}],"inLanguage":"lt-LT"},{"@type":["Person","Organization"],"@id":"https:\/\/icr.you2.pl\/#\/schema\/person\/944799c9e2f4a94662e3fcb3b1544baf","name":"administratorius","image":{"@type":"ImageObject","inLanguage":"lt-LT","@id":"https:\/\/icr.you2.pl\/#\/schema\/person\/image\/","url":"https:\/\/icr.you2.pl\/wp-content\/uploads\/2019\/05\/cropped-logo-icr.32f04ad5-1-1.png","contentUrl":"https:\/\/icr.you2.pl\/wp-content\/uploads\/2019\/05\/cropped-logo-icr.32f04ad5-1-1.png","width":400,"height":148,"caption":"admin"},"logo":{"@id":"https:\/\/icr.you2.pl\/#\/schema\/person\/image\/"}}]}},"_links":{"self":[{"href":"https:\/\/icr.you2.pl\/lt\/wp-json\/wp\/v2\/pages\/2364","targetHints":{"allow":["GET"]}}],"collection":[{"href":"https:\/\/icr.you2.pl\/lt\/wp-json\/wp\/v2\/pages"}],"about":[{"href":"https:\/\/icr.you2.pl\/lt\/wp-json\/wp\/v2\/types\/page"}],"author":[{"embeddable":true,"href":"https:\/\/icr.you2.pl\/lt\/wp-json\/wp\/v2\/users\/1"}],"replies":[{"embeddable":true,"href":"https:\/\/icr.you2.pl\/lt\/wp-json\/wp\/v2\/comments?post=2364"}],"version-history":[{"count":0,"href":"https:\/\/icr.you2.pl\/lt\/wp-json\/wp\/v2\/pages\/2364\/revisions"}],"up":[{"embeddable":true,"href":"https:\/\/icr.you2.pl\/lt\/wp-json\/wp\/v2\/pages\/211"}],"wp:featuredmedia":[{"embeddable":true,"href":"https:\/\/icr.you2.pl\/lt\/wp-json\/wp\/v2\/media\/2355"}],"wp:attachment":[{"href":"https:\/\/icr.you2.pl\/lt\/wp-json\/wp\/v2\/media?parent=2364"}],"curies":[{"name":"wp","href":"https:\/\/api.w.org\/{rel}","templated":true}]}}