{"id":2426,"date":"2019-06-03T12:34:48","date_gmt":"2019-06-03T10:34:48","guid":{"rendered":"http:\/\/nowa.icrpolska.com\/?page_id=2426"},"modified":"2021-10-15T09:28:29","modified_gmt":"2021-10-15T07:28:29","slug":"szkolenia","status":"publish","type":"page","link":"https:\/\/icr.you2.pl\/lt\/szkolenia\/","title":{"rendered":"Mokymas"},"content":{"rendered":"<p>Si\u016blome i\u0161samius atviruosius mokymo kursus, kuri\u0173 tematika ir lygis atitinka dalyvi\u0173 reikalavimus. M\u016bs\u0173 instruktoriai turi ilgamet\u0119 praktin\u0119 perduodam\u0173 \u017eini\u0173 patirt\u012f. Susisiekite su mumis, kad su\u017einotum\u0117te apie dabartin\u012f pasi\u016blym\u0105 ir datas: <a href=\"mailto:icrpolska@icrqa.com\">icrpolska@icrqa.com<\/a><\/p>","protected":false},"excerpt":{"rendered":"<p>Si\u016blome i\u0161samius atviruosius mokymo kursus, kuri\u0173 tematika ir lygis atitinka dalyvi\u0173 reikalavimus. M\u016bs\u0173 instruktoriai turi ilgamet\u0119 praktin\u0119 perduodam\u0173 \u017eini\u0173 patirt\u012f. D\u0117l aktuali\u0173 pasi\u016blym\u0173 ir dat\u0173 pra\u0161ome kreiptis adresu: icrpolska@icrqa.com.<\/p>","protected":false},"author":1,"featured_media":0,"parent":0,"menu_order":0,"comment_status":"closed","ping_status":"closed","template":"","meta":{"neve_meta_sidebar":"","neve_meta_container":"","neve_meta_enable_content_width":"off","neve_meta_content_width":0,"neve_meta_title_alignment":"","neve_meta_author_avatar":"","neve_post_elements_order":"","neve_meta_disable_header":"","neve_meta_disable_footer":"","neve_meta_disable_title":"","footnotes":""},"class_list":["post-2426","page","type-page","status-publish","hentry"],"yoast_head":"<!-- This site is optimized with the Yoast SEO plugin v26.8 - https:\/\/yoast.com\/product\/yoast-seo-wordpress\/ -->\n<title>Szkolenia - ICR POLSKA - badania i certyfikacja<\/title>\n<meta name=\"robots\" content=\"index, follow, max-snippet:-1, max-image-preview:large, max-video-preview:-1\" \/>\n<link rel=\"canonical\" href=\"https:\/\/icr.you2.pl\/lt\/szkolenia\/\" \/>\n<meta property=\"og:locale\" content=\"lt_LT\" \/>\n<meta property=\"og:type\" content=\"article\" \/>\n<meta property=\"og:title\" content=\"Szkolenia - ICR POLSKA - badania i certyfikacja\" \/>\n<meta property=\"og:description\" content=\"Prowadzimy wszechstronne szkolenia otwarte dostosowane zar\u00f3wno pod wzgl\u0119dem tematyki, jak i poziomu do wymaga\u0144 uczestnik\u00f3w. Nasi trenerzy maj\u0105 wieloletnie do\u015bwiadczenie praktyczne w zakresie przekazywanej wiedzy. W sprawie aktualnej oferty i termin\u00f3w prosimy o kontakt: icrpolska@icrqa.com\" \/>\n<meta property=\"og:url\" content=\"https:\/\/icr.you2.pl\/lt\/szkolenia\/\" \/>\n<meta property=\"og:site_name\" content=\"ICR POLSKA - badania i certyfikacja\" \/>\n<meta property=\"article:modified_time\" content=\"2021-10-15T07:28:29+00:00\" \/>\n<meta name=\"twitter:card\" content=\"summary_large_image\" \/>\n<script type=\"application\/ld+json\" class=\"yoast-schema-graph\">{\"@context\":\"https:\/\/schema.org\",\"@graph\":[{\"@type\":\"WebPage\",\"@id\":\"https:\/\/icr.you2.pl\/szkolenia\/\",\"url\":\"https:\/\/icr.you2.pl\/szkolenia\/\",\"name\":\"Szkolenia - ICR POLSKA - badania i certyfikacja\",\"isPartOf\":{\"@id\":\"https:\/\/icr.you2.pl\/#website\"},\"datePublished\":\"2019-06-03T10:34:48+00:00\",\"dateModified\":\"2021-10-15T07:28:29+00:00\",\"breadcrumb\":{\"@id\":\"https:\/\/icr.you2.pl\/szkolenia\/#breadcrumb\"},\"inLanguage\":\"lt-LT\",\"potentialAction\":[{\"@type\":\"ReadAction\",\"target\":[\"https:\/\/icr.you2.pl\/szkolenia\/\"]}]},{\"@type\":\"BreadcrumbList\",\"@id\":\"https:\/\/icr.you2.pl\/szkolenia\/#breadcrumb\",\"itemListElement\":[{\"@type\":\"ListItem\",\"position\":1,\"name\":\"Strona g\u0142\u00f3wna\",\"item\":\"https:\/\/icr.you2.pl\/\"},{\"@type\":\"ListItem\",\"position\":2,\"name\":\"Szkolenia\"}]},{\"@type\":\"WebSite\",\"@id\":\"https:\/\/icr.you2.pl\/#website\",\"url\":\"https:\/\/icr.you2.pl\/\",\"name\":\"ICR POLSKA - badania i certyfikacja\",\"description\":\"CE certification, CE certificate, ISO certificate, RED testing, product testing and certification, electrical product testing, medical device testing, ATEX, IECEx, FCC, product certification, EMC testing, machinery certification, CE machines, training, electronic product testing, testing 2014\/53\/EU, drone certification, ISO 13485 certificate, ISO 9001 certificate, NC RfG\",\"publisher\":{\"@id\":\"https:\/\/icr.you2.pl\/#\/schema\/person\/944799c9e2f4a94662e3fcb3b1544baf\"},\"potentialAction\":[{\"@type\":\"SearchAction\",\"target\":{\"@type\":\"EntryPoint\",\"urlTemplate\":\"https:\/\/icr.you2.pl\/?s={search_term_string}\"},\"query-input\":{\"@type\":\"PropertyValueSpecification\",\"valueRequired\":true,\"valueName\":\"search_term_string\"}}],\"inLanguage\":\"lt-LT\"},{\"@type\":[\"Person\",\"Organization\"],\"@id\":\"https:\/\/icr.you2.pl\/#\/schema\/person\/944799c9e2f4a94662e3fcb3b1544baf\",\"name\":\"admin\",\"image\":{\"@type\":\"ImageObject\",\"inLanguage\":\"lt-LT\",\"@id\":\"https:\/\/icr.you2.pl\/#\/schema\/person\/image\/\",\"url\":\"https:\/\/icr.you2.pl\/wp-content\/uploads\/2019\/05\/cropped-logo-icr.32f04ad5-1-1.png\",\"contentUrl\":\"https:\/\/icr.you2.pl\/wp-content\/uploads\/2019\/05\/cropped-logo-icr.32f04ad5-1-1.png\",\"width\":400,\"height\":148,\"caption\":\"admin\"},\"logo\":{\"@id\":\"https:\/\/icr.you2.pl\/#\/schema\/person\/image\/\"}}]}<\/script>\n<!-- \/ Yoast SEO plugin. -->","yoast_head_json":{"title":"Mokymai - ICR POLSKA - Testavimas ir sertifikavimas","robots":{"index":"index","follow":"follow","max-snippet":"max-snippet:-1","max-image-preview":"max-image-preview:large","max-video-preview":"max-video-preview:-1"},"canonical":"https:\/\/icr.you2.pl\/lt\/szkolenia\/","og_locale":"lt_LT","og_type":"article","og_title":"Szkolenia - ICR POLSKA - badania i certyfikacja","og_description":"Prowadzimy wszechstronne szkolenia otwarte dostosowane zar\u00f3wno pod wzgl\u0119dem tematyki, jak i poziomu do wymaga\u0144 uczestnik\u00f3w. Nasi trenerzy maj\u0105 wieloletnie do\u015bwiadczenie praktyczne w zakresie przekazywanej wiedzy. W sprawie aktualnej oferty i termin\u00f3w prosimy o kontakt: icrpolska@icrqa.com","og_url":"https:\/\/icr.you2.pl\/lt\/szkolenia\/","og_site_name":"ICR POLSKA - badania i certyfikacja","article_modified_time":"2021-10-15T07:28:29+00:00","twitter_card":"summary_large_image","schema":{"@context":"https:\/\/schema.org","@graph":[{"@type":"WebPage","@id":"https:\/\/icr.you2.pl\/szkolenia\/","url":"https:\/\/icr.you2.pl\/szkolenia\/","name":"Mokymai - ICR POLSKA - Testavimas ir sertifikavimas","isPartOf":{"@id":"https:\/\/icr.you2.pl\/#website"},"datePublished":"2019-06-03T10:34:48+00:00","dateModified":"2021-10-15T07:28:29+00:00","breadcrumb":{"@id":"https:\/\/icr.you2.pl\/szkolenia\/#breadcrumb"},"inLanguage":"lt-LT","potentialAction":[{"@type":"ReadAction","target":["https:\/\/icr.you2.pl\/szkolenia\/"]}]},{"@type":"BreadcrumbList","@id":"https:\/\/icr.you2.pl\/szkolenia\/#breadcrumb","itemListElement":[{"@type":"ListItem","position":1,"name":"Strona g\u0142\u00f3wna","item":"https:\/\/icr.you2.pl\/"},{"@type":"ListItem","position":2,"name":"Szkolenia"}]},{"@type":"WebSite","@id":"https:\/\/icr.you2.pl\/#website","url":"https:\/\/icr.you2.pl\/","name":"ICR POLAND - bandymai ir sertifikavimas","description":"CE sertifikavimas, CE sertifikatas, ISO sertifikatas, RED testavimas, gamini\u0173 testavimas ir sertifikavimas, elektros gamini\u0173 testavimas, medicinos prietais\u0173 testavimas, ATEX, IECEx, FCC, gamini\u0173 sertifikavimas, EMC testavimas, ma\u0161in\u0173 sertifikavimas, CE ma\u0161inos, mokymai, elektronini\u0173 gamini\u0173 testavimas, testavimas 2014\/53\/ES, dron\u0173 sertifikavimas, ISO 13485 sertifikatas, ISO 9001 sertifikatas, NC RfG","publisher":{"@id":"https:\/\/icr.you2.pl\/#\/schema\/person\/944799c9e2f4a94662e3fcb3b1544baf"},"potentialAction":[{"@type":"SearchAction","target":{"@type":"EntryPoint","urlTemplate":"https:\/\/icr.you2.pl\/?s={search_term_string}"},"query-input":{"@type":"PropertyValueSpecification","valueRequired":true,"valueName":"search_term_string"}}],"inLanguage":"lt-LT"},{"@type":["Person","Organization"],"@id":"https:\/\/icr.you2.pl\/#\/schema\/person\/944799c9e2f4a94662e3fcb3b1544baf","name":"administratorius","image":{"@type":"ImageObject","inLanguage":"lt-LT","@id":"https:\/\/icr.you2.pl\/#\/schema\/person\/image\/","url":"https:\/\/icr.you2.pl\/wp-content\/uploads\/2019\/05\/cropped-logo-icr.32f04ad5-1-1.png","contentUrl":"https:\/\/icr.you2.pl\/wp-content\/uploads\/2019\/05\/cropped-logo-icr.32f04ad5-1-1.png","width":400,"height":148,"caption":"admin"},"logo":{"@id":"https:\/\/icr.you2.pl\/#\/schema\/person\/image\/"}}]}},"_links":{"self":[{"href":"https:\/\/icr.you2.pl\/lt\/wp-json\/wp\/v2\/pages\/2426","targetHints":{"allow":["GET"]}}],"collection":[{"href":"https:\/\/icr.you2.pl\/lt\/wp-json\/wp\/v2\/pages"}],"about":[{"href":"https:\/\/icr.you2.pl\/lt\/wp-json\/wp\/v2\/types\/page"}],"author":[{"embeddable":true,"href":"https:\/\/icr.you2.pl\/lt\/wp-json\/wp\/v2\/users\/1"}],"replies":[{"embeddable":true,"href":"https:\/\/icr.you2.pl\/lt\/wp-json\/wp\/v2\/comments?post=2426"}],"version-history":[{"count":0,"href":"https:\/\/icr.you2.pl\/lt\/wp-json\/wp\/v2\/pages\/2426\/revisions"}],"wp:attachment":[{"href":"https:\/\/icr.you2.pl\/lt\/wp-json\/wp\/v2\/media?parent=2426"}],"curies":[{"name":"wp","href":"https:\/\/api.w.org\/{rel}","templated":true}]}}