{"id":2428,"date":"2019-06-03T12:35:18","date_gmt":"2019-06-03T10:35:18","guid":{"rendered":"http:\/\/nowa.icrpolska.com\/?page_id=2428"},"modified":"2023-04-04T14:55:37","modified_gmt":"2023-04-04T12:55:37","slug":"fcc","status":"publish","type":"page","link":"https:\/\/icr.you2.pl\/lt\/fcc\/","title":{"rendered":"FCC \/ ISED"},"content":{"rendered":"<p><img decoding=\"async\" class=\"alignleft wp-image-2682\" src=\"http:\/\/icr.you2.pl\/wp-content\/uploads\/2019\/06\/FCC_New_Logo-300x252.png\" alt=\"FCC - Federalin\u0117 ry\u0161i\u0173 komisija\" width=\"150\" height=\"126\" srcset=\"https:\/\/icr.you2.pl\/wp-content\/uploads\/2019\/06\/FCC_New_Logo-300x252.png 300w, https:\/\/icr.you2.pl\/wp-content\/uploads\/2019\/06\/FCC_New_Logo-768x645.png 768w, https:\/\/icr.you2.pl\/wp-content\/uploads\/2019\/06\/FCC_New_Logo-1024x860.png 1024w, https:\/\/icr.you2.pl\/wp-content\/uploads\/2019\/06\/FCC_New_Logo.png 1200w\" sizes=\"(max-width: 150px) 100vw, 150px\" \/><\/p>\n<p><strong>FCC<\/strong> - Federalin\u0117 ry\u0161i\u0173 komisija - u\u017esiima JAV naudojam\u0173 ry\u0161i\u0173 \u012frengini\u0173, pavyzd\u017eiui, radijo, televizijos, belaid\u017eio tinklo \u012frengini\u0173, palydovinio ry\u0161io \u012frengini\u0173, patvirtinimu.<\/p>\n<p>FCC suk\u016br\u0117 kriterijus, pagal kuriuos nustatoma, ar gaminys gali b\u016bti FCC \u017eenklinamas ir registruojamas kaip autorizuotas gaminys.<\/p>\n<p>Visa radijo \u012franga skirstoma \u012f \u0161ias grupes:<\/p>\n<p>A: Nelicencijuota radijo \u012franga, \u012fskaitant<\/p>\n<p>A1: ma\u017eos galios si\u0173stuvai, veikiantys ma\u017eesniais nei 1 GHz da\u017eniais (i\u0161skyrus i\u0161sklaidytojo spektro \u012frenginius), signalizacijos sistemos, nety\u010dia spinduliuojantys radijo da\u017enius (pvz., asmeniniai kompiuteriai ir susij\u0119 periferiniai \u012frenginiai bei TV s\u0105sajos \u012franga) ir vartotoj\u0173 ISM \u012franga, kuriai taikomas sertifikavimas (pvz., mikrobang\u0173 krosnel\u0117s, radijo da\u017eni\u0173 ap\u0161vietimas ir kita vartotoj\u0173 ISM \u012franga).<\/p>\n<p>A2: Ma\u017eos galios si\u0173stuvai, veikiantys didesniais nei 1 GHz da\u017eniais, i\u0161skyrus i\u0161sklaidytojo spektro \u012frenginius.<\/p>\n<p>A4: Nelicencijuotos nacionalin\u0117s informacin\u0117s infrastrukt\u016bros (UNII) \u012franga ir ma\u017eos galios si\u0173stuvai, naudojantys i\u0161sklaidytojo spektro metodus.<\/p>\n<p>B: Licencijuota radijo \u012franga.<\/p>\n<p>B1: komercin\u0117s judriojo ry\u0161io paslaugos, nurodytos 47 CFR 20, 22 (judriojo ry\u0161io), 24, 25 ir 27 dalyse.<\/p>\n<p>B2: Bendrosios judriojo radijo ry\u0161io paslaugos, nurodytos 47 CFR 22 (ne korinio ry\u0161io), 73, 74, 90, 95 ir 97 dalyse.<\/p>\n<p>\"ICR Poland\", pasitelkdama ICR laboratorij\u0105, leid\u017eia atlikti bandymus ir v\u0117liau sertifikuoti gaminius, kad b\u016bt\u0173 galima gauti FCC dotacij\u0105, reikaling\u0105 prekiauti JAV.<\/p>\n<p>Taip pat teikiame pagalb\u0105 gamintojams registruojant FCC.<\/p>\n<hr \/>\n<p><img decoding=\"async\" class=\"wp-image-9514 alignleft\" src=\"http:\/\/icr.you2.pl\/wp-content\/uploads\/2023\/04\/ca-flag-300x162.jpg\" alt=\"\" width=\"285\" height=\"154\" srcset=\"https:\/\/icr.you2.pl\/wp-content\/uploads\/2023\/04\/ca-flag-300x162.jpg 300w, https:\/\/icr.you2.pl\/wp-content\/uploads\/2023\/04\/ca-flag-1024x554.jpg 1024w, https:\/\/icr.you2.pl\/wp-content\/uploads\/2023\/04\/ca-flag-768x415.jpg 768w, https:\/\/icr.you2.pl\/wp-content\/uploads\/2023\/04\/ca-flag-1536x830.jpg 1536w, https:\/\/icr.you2.pl\/wp-content\/uploads\/2023\/04\/ca-flag-2048x1107.jpg 2048w, https:\/\/icr.you2.pl\/wp-content\/uploads\/2023\/04\/ca-flag-18x10.jpg 18w\" sizes=\"(max-width: 285px) 100vw, 285px\" \/><\/p>\n<p><strong>ISED<\/strong> - Inovacij\u0173, mokslo ir ekonomin\u0117s pl\u0117tros direktoratas (DRS) rengia techninius standartus, taisykles ir proced\u016bras, taikomas Kanadoje naudojamai radijo \u012frangai, galiniams \u012frenginiams ir kitai trukd\u017eius sukelian\u010diai \u012frangai.<\/p>\n<p>ICR Lenkija, pasitelkdama ICR laboratorij\u0105, suteikia galimyb\u0119 atlikti bandymus ir v\u0117liau sertifikuoti:<\/p>\n<p>- radijo \u012franga pagal RSS-xxx specifikacijas<\/p>\n<p>- trukd\u017eius sukeliantys prietaisai pagal ICES-xxx specifikacijas.<\/p>\n<p>Nor\u0117dami gauti daugiau informacijos, kreipkit\u0117s \u012f <a href=\"call: +48 22 115 70 62\">telefonas<\/a> arba <a href=\"mailto: icrpolska@icrpolska.com\">el. pa\u0161tas<\/a>.<\/p>","protected":false},"excerpt":{"rendered":"<p>FCC - Federalin\u0117 ry\u0161i\u0173 komisija - yra atsakinga u\u017e JAV naudojam\u0173 ry\u0161i\u0173 \u012frengini\u0173, pavyzd\u017eiui, radijo, televizijos, belaid\u017eio tinklo \u012frangos, palydovinio ry\u0161io \u012frengini\u0173, patvirtinim\u0105. FCC suk\u016br\u0117 kriterijus, pagal kuriuos nustatoma, ar gaminys gali b\u016bti \u017eenklinamas FCC ir registruojamas kaip patvirtintas gaminys. Visa radijo \u012franga skirstoma \u012f \u0161ias grupes: A: nelicencijuotus radijo \u012frenginius, \u012fskaitant.&nbsp;<a href=\"https:\/\/icr.you2.pl\/lt\/fcc\/\" rel=\"bookmark\">Skaityti daugiau \"<span class=\"screen-reader-text\">FCC \/ ISED<\/span><\/a><\/p>","protected":false},"author":1,"featured_media":0,"parent":0,"menu_order":0,"comment_status":"closed","ping_status":"closed","template":"","meta":{"neve_meta_sidebar":"","neve_meta_container":"","neve_meta_enable_content_width":"off","neve_meta_content_width":70,"neve_meta_title_alignment":"","neve_meta_author_avatar":"","neve_post_elements_order":"","neve_meta_disable_header":"","neve_meta_disable_footer":"","neve_meta_disable_title":"","footnotes":""},"class_list":["post-2428","page","type-page","status-publish","hentry"],"yoast_head":"<!-- This site is optimized with the Yoast SEO plugin v26.8 - https:\/\/yoast.com\/product\/yoast-seo-wordpress\/ -->\n<title>FCC \/ ISED - ICR POLSKA - badania i certyfikacja<\/title>\n<meta name=\"robots\" content=\"index, follow, max-snippet:-1, max-image-preview:large, max-video-preview:-1\" \/>\n<link rel=\"canonical\" href=\"https:\/\/icr.you2.pl\/lt\/fcc\/\" \/>\n<meta property=\"og:locale\" content=\"lt_LT\" \/>\n<meta property=\"og:type\" content=\"article\" \/>\n<meta property=\"og:title\" content=\"FCC \/ ISED - ICR POLSKA - badania i certyfikacja\" \/>\n<meta property=\"og:description\" content=\"FCC \u2013 Federal Communications Commission \u2013 zajmuje si\u0119 dopuszczaniem urz\u0105dze\u0144 komunikacyjnych takich jak radio, telewizja, urz\u0105dzenie sieci bezprzewodowej, urz\u0105dzenia komunikacji satelitarnej do u\u017cytkowania na terenie USA. FCC stworzy\u0142a kryteria, kt\u00f3re warunkuj\u0105 mo\u017cliwo\u015b\u0107 oznakowania wyrobu FCC i rejestracji jako wyrobu dopuszczonego do obrotu. Wszystkie urz\u0105dzenie radiowe podzielono na nast\u0119puj\u0105ce grupy: A: Nielicencjonowane urz\u0105dzenia radiowe, w tym&hellip;&nbsp;Read More &raquo;FCC \/ ISED\" \/>\n<meta property=\"og:url\" content=\"https:\/\/icr.you2.pl\/lt\/fcc\/\" \/>\n<meta property=\"og:site_name\" content=\"ICR POLSKA - badania i certyfikacja\" \/>\n<meta property=\"article:modified_time\" content=\"2023-04-04T12:55:37+00:00\" \/>\n<meta property=\"og:image\" content=\"http:\/\/icr.you2.pl\/wp-content\/uploads\/2019\/06\/FCC_New_Logo-300x252.png\" \/>\n<meta name=\"twitter:card\" content=\"summary_large_image\" \/>\n<meta name=\"twitter:label1\" content=\"Est. reading time\" \/>\n\t<meta name=\"twitter:data1\" content=\"3 minut\u0117s\" \/>\n<script type=\"application\/ld+json\" class=\"yoast-schema-graph\">{\"@context\":\"https:\/\/schema.org\",\"@graph\":[{\"@type\":\"WebPage\",\"@id\":\"https:\/\/icr.you2.pl\/fcc\/\",\"url\":\"https:\/\/icr.you2.pl\/fcc\/\",\"name\":\"FCC \/ ISED - ICR POLSKA - badania i certyfikacja\",\"isPartOf\":{\"@id\":\"https:\/\/icr.you2.pl\/#website\"},\"primaryImageOfPage\":{\"@id\":\"https:\/\/icr.you2.pl\/fcc\/#primaryimage\"},\"image\":{\"@id\":\"https:\/\/icr.you2.pl\/fcc\/#primaryimage\"},\"thumbnailUrl\":\"http:\/\/icr.you2.pl\/wp-content\/uploads\/2019\/06\/FCC_New_Logo-300x252.png\",\"datePublished\":\"2019-06-03T10:35:18+00:00\",\"dateModified\":\"2023-04-04T12:55:37+00:00\",\"breadcrumb\":{\"@id\":\"https:\/\/icr.you2.pl\/fcc\/#breadcrumb\"},\"inLanguage\":\"lt-LT\",\"potentialAction\":[{\"@type\":\"ReadAction\",\"target\":[\"https:\/\/icr.you2.pl\/fcc\/\"]}]},{\"@type\":\"ImageObject\",\"inLanguage\":\"lt-LT\",\"@id\":\"https:\/\/icr.you2.pl\/fcc\/#primaryimage\",\"url\":\"http:\/\/icr.you2.pl\/wp-content\/uploads\/2019\/06\/FCC_New_Logo-300x252.png\",\"contentUrl\":\"http:\/\/icr.you2.pl\/wp-content\/uploads\/2019\/06\/FCC_New_Logo-300x252.png\"},{\"@type\":\"BreadcrumbList\",\"@id\":\"https:\/\/icr.you2.pl\/fcc\/#breadcrumb\",\"itemListElement\":[{\"@type\":\"ListItem\",\"position\":1,\"name\":\"Strona g\u0142\u00f3wna\",\"item\":\"https:\/\/icr.you2.pl\/\"},{\"@type\":\"ListItem\",\"position\":2,\"name\":\"FCC \/ ISED\"}]},{\"@type\":\"WebSite\",\"@id\":\"https:\/\/icr.you2.pl\/#website\",\"url\":\"https:\/\/icr.you2.pl\/\",\"name\":\"ICR POLSKA - badania i certyfikacja\",\"description\":\"CE certification, CE certificate, ISO certificate, RED testing, product testing and certification, electrical product testing, medical device testing, ATEX, IECEx, FCC, product certification, EMC testing, machinery certification, CE machines, training, electronic product testing, testing 2014\/53\/EU, drone certification, ISO 13485 certificate, ISO 9001 certificate, NC RfG\",\"publisher\":{\"@id\":\"https:\/\/icr.you2.pl\/#\/schema\/person\/944799c9e2f4a94662e3fcb3b1544baf\"},\"potentialAction\":[{\"@type\":\"SearchAction\",\"target\":{\"@type\":\"EntryPoint\",\"urlTemplate\":\"https:\/\/icr.you2.pl\/?s={search_term_string}\"},\"query-input\":{\"@type\":\"PropertyValueSpecification\",\"valueRequired\":true,\"valueName\":\"search_term_string\"}}],\"inLanguage\":\"lt-LT\"},{\"@type\":[\"Person\",\"Organization\"],\"@id\":\"https:\/\/icr.you2.pl\/#\/schema\/person\/944799c9e2f4a94662e3fcb3b1544baf\",\"name\":\"admin\",\"image\":{\"@type\":\"ImageObject\",\"inLanguage\":\"lt-LT\",\"@id\":\"https:\/\/icr.you2.pl\/#\/schema\/person\/image\/\",\"url\":\"https:\/\/icr.you2.pl\/wp-content\/uploads\/2019\/05\/cropped-logo-icr.32f04ad5-1-1.png\",\"contentUrl\":\"https:\/\/icr.you2.pl\/wp-content\/uploads\/2019\/05\/cropped-logo-icr.32f04ad5-1-1.png\",\"width\":400,\"height\":148,\"caption\":\"admin\"},\"logo\":{\"@id\":\"https:\/\/icr.you2.pl\/#\/schema\/person\/image\/\"}}]}<\/script>\n<!-- \/ Yoast SEO plugin. -->","yoast_head_json":{"title":"FCC \/ ISED - ICR LENKIJA - bandymai ir sertifikavimas","robots":{"index":"index","follow":"follow","max-snippet":"max-snippet:-1","max-image-preview":"max-image-preview:large","max-video-preview":"max-video-preview:-1"},"canonical":"https:\/\/icr.you2.pl\/lt\/fcc\/","og_locale":"lt_LT","og_type":"article","og_title":"FCC \/ ISED - ICR POLSKA - badania i certyfikacja","og_description":"FCC \u2013 Federal Communications Commission \u2013 zajmuje si\u0119 dopuszczaniem urz\u0105dze\u0144 komunikacyjnych takich jak radio, telewizja, urz\u0105dzenie sieci bezprzewodowej, urz\u0105dzenia komunikacji satelitarnej do u\u017cytkowania na terenie USA. FCC stworzy\u0142a kryteria, kt\u00f3re warunkuj\u0105 mo\u017cliwo\u015b\u0107 oznakowania wyrobu FCC i rejestracji jako wyrobu dopuszczonego do obrotu. Wszystkie urz\u0105dzenie radiowe podzielono na nast\u0119puj\u0105ce grupy: A: Nielicencjonowane urz\u0105dzenia radiowe, w tym&hellip;&nbsp;Read More &raquo;FCC \/ ISED","og_url":"https:\/\/icr.you2.pl\/lt\/fcc\/","og_site_name":"ICR POLSKA - badania i certyfikacja","article_modified_time":"2023-04-04T12:55:37+00:00","og_image":[{"url":"http:\/\/icr.you2.pl\/wp-content\/uploads\/2019\/06\/FCC_New_Logo-300x252.png","type":"","width":"","height":""}],"twitter_card":"summary_large_image","twitter_misc":{"Est. reading time":"3 minut\u0117s"},"schema":{"@context":"https:\/\/schema.org","@graph":[{"@type":"WebPage","@id":"https:\/\/icr.you2.pl\/fcc\/","url":"https:\/\/icr.you2.pl\/fcc\/","name":"FCC \/ ISED - ICR LENKIJA - bandymai ir sertifikavimas","isPartOf":{"@id":"https:\/\/icr.you2.pl\/#website"},"primaryImageOfPage":{"@id":"https:\/\/icr.you2.pl\/fcc\/#primaryimage"},"image":{"@id":"https:\/\/icr.you2.pl\/fcc\/#primaryimage"},"thumbnailUrl":"http:\/\/icr.you2.pl\/wp-content\/uploads\/2019\/06\/FCC_New_Logo-300x252.png","datePublished":"2019-06-03T10:35:18+00:00","dateModified":"2023-04-04T12:55:37+00:00","breadcrumb":{"@id":"https:\/\/icr.you2.pl\/fcc\/#breadcrumb"},"inLanguage":"lt-LT","potentialAction":[{"@type":"ReadAction","target":["https:\/\/icr.you2.pl\/fcc\/"]}]},{"@type":"ImageObject","inLanguage":"lt-LT","@id":"https:\/\/icr.you2.pl\/fcc\/#primaryimage","url":"http:\/\/icr.you2.pl\/wp-content\/uploads\/2019\/06\/FCC_New_Logo-300x252.png","contentUrl":"http:\/\/icr.you2.pl\/wp-content\/uploads\/2019\/06\/FCC_New_Logo-300x252.png"},{"@type":"BreadcrumbList","@id":"https:\/\/icr.you2.pl\/fcc\/#breadcrumb","itemListElement":[{"@type":"ListItem","position":1,"name":"Strona g\u0142\u00f3wna","item":"https:\/\/icr.you2.pl\/"},{"@type":"ListItem","position":2,"name":"FCC \/ ISED"}]},{"@type":"WebSite","@id":"https:\/\/icr.you2.pl\/#website","url":"https:\/\/icr.you2.pl\/","name":"ICR POLAND - bandymai ir sertifikavimas","description":"CE sertifikavimas, CE sertifikatas, ISO sertifikatas, RED testavimas, gamini\u0173 testavimas ir sertifikavimas, elektros gamini\u0173 testavimas, medicinos prietais\u0173 testavimas, ATEX, IECEx, FCC, gamini\u0173 sertifikavimas, EMC testavimas, ma\u0161in\u0173 sertifikavimas, CE ma\u0161inos, mokymai, elektronini\u0173 gamini\u0173 testavimas, testavimas 2014\/53\/ES, dron\u0173 sertifikavimas, ISO 13485 sertifikatas, ISO 9001 sertifikatas, NC RfG","publisher":{"@id":"https:\/\/icr.you2.pl\/#\/schema\/person\/944799c9e2f4a94662e3fcb3b1544baf"},"potentialAction":[{"@type":"SearchAction","target":{"@type":"EntryPoint","urlTemplate":"https:\/\/icr.you2.pl\/?s={search_term_string}"},"query-input":{"@type":"PropertyValueSpecification","valueRequired":true,"valueName":"search_term_string"}}],"inLanguage":"lt-LT"},{"@type":["Person","Organization"],"@id":"https:\/\/icr.you2.pl\/#\/schema\/person\/944799c9e2f4a94662e3fcb3b1544baf","name":"administratorius","image":{"@type":"ImageObject","inLanguage":"lt-LT","@id":"https:\/\/icr.you2.pl\/#\/schema\/person\/image\/","url":"https:\/\/icr.you2.pl\/wp-content\/uploads\/2019\/05\/cropped-logo-icr.32f04ad5-1-1.png","contentUrl":"https:\/\/icr.you2.pl\/wp-content\/uploads\/2019\/05\/cropped-logo-icr.32f04ad5-1-1.png","width":400,"height":148,"caption":"admin"},"logo":{"@id":"https:\/\/icr.you2.pl\/#\/schema\/person\/image\/"}}]}},"_links":{"self":[{"href":"https:\/\/icr.you2.pl\/lt\/wp-json\/wp\/v2\/pages\/2428","targetHints":{"allow":["GET"]}}],"collection":[{"href":"https:\/\/icr.you2.pl\/lt\/wp-json\/wp\/v2\/pages"}],"about":[{"href":"https:\/\/icr.you2.pl\/lt\/wp-json\/wp\/v2\/types\/page"}],"author":[{"embeddable":true,"href":"https:\/\/icr.you2.pl\/lt\/wp-json\/wp\/v2\/users\/1"}],"replies":[{"embeddable":true,"href":"https:\/\/icr.you2.pl\/lt\/wp-json\/wp\/v2\/comments?post=2428"}],"version-history":[{"count":0,"href":"https:\/\/icr.you2.pl\/lt\/wp-json\/wp\/v2\/pages\/2428\/revisions"}],"wp:attachment":[{"href":"https:\/\/icr.you2.pl\/lt\/wp-json\/wp\/v2\/media?parent=2428"}],"curies":[{"name":"wp","href":"https:\/\/api.w.org\/{rel}","templated":true}]}}