{"id":3437,"date":"2019-09-03T13:20:11","date_gmt":"2019-09-03T11:20:11","guid":{"rendered":"http:\/\/icrpolska.com\/?page_id=3437"},"modified":"2022-07-20T15:02:09","modified_gmt":"2022-07-20T13:02:09","slug":"energystar","status":"publish","type":"page","link":"https:\/\/icr.you2.pl\/lt\/energystar\/","title":{"rendered":"EnergyStar"},"content":{"rendered":"<p><img decoding=\"async\" class=\"alignleft\" src=\"http:\/\/icr.you2.pl\/wp-content\/uploads\/2019\/09\/EnergyStar.jpg\" alt=\"&quot;Energy Star\" width=\"156\" height=\"158\" \/>\"Energy Star\" - tai tarptautin\u0117 programa, skirta skatinti efektyviai energij\u0105 vartojan\u010dius gaminius ir ma\u017einti \u0161iltnamio efekt\u0105 sukelian\u010di\u0173 duj\u0173 i\u0161metim\u0105. Programos reikalavimus atitinkantys gaminiai \u017eymimi specialia etikete.<\/p>\n<p>\"Energy Star\" program\u0105 1992 m. inicijavo dvi institucijos: JAV Aplinkos apsaugos agent\u016bra (EPA arba USEPA) ir Jungtini\u0173 Valstij\u0173 Energetikos departamentas (DOE).<\/p>\n<p>Dabar - nuo 2009 m. liepos 1 d. - taikomas \"Energy Star 5.0\" standartas.<\/p>\n<p>\"Energy Star\" buvo prad\u0117ta kaip savanori\u0161ka \u017eenklinimo programa, kuria siekiama nustatyti ir skatinti efektyviai energij\u0105 vartojan\u010dius gaminius, ir prad\u0117ta \u017eenklinti kompiuterius ir spausdintuvus. 1995 m. Programa buvo gerokai i\u0161pl\u0117sta ir prad\u0117ta \u017eenklinti nam\u0173 \u0161ildymo ir oro kondicionavimo sistemas.<\/p>\n<p>Programos \"Energy Star\" elementai buvo pritaikyti bendroje Europos rinkoje, taip pat Kanadoje, JAV, Australijoje, Japonijoje ir Taivane.<\/p>\n<p>\"Energy Star\" specifikacijas atskiriems gaminiams nustato EPA ir jos apima:<\/p>\n<ul>\n<li style=\"list-style-type: none;\">\n<ul>\n<li>kompiuteriai<\/li>\n<li>serveriai<\/li>\n<li>periferin\u0117 \u012franga<\/li>\n<li>produktai ir \u0161ildymo, v\u0117sinimo ir oro kondicionavimo sistemos.<\/li>\n<li>nam\u0173 elektronika<\/li>\n<li>vaizdo \u012franga (televizoriai, projektoriai).<\/li>\n<li>ap\u0161vietimas<\/li>\n<li>nauji namai<\/li>\n<\/ul>\n<\/li>\n<\/ul>\n<p>EPA kasmet visame pasaulyje atlieka energijos vartojimo efektyvumo vertinimus:<br \/>\n- pastatai<br \/>\n- pramoniniai objektai<\/p>\n<p>Ataskaitas galima rasti \"Energy Star\" svetain\u0117je.<\/p>\n<p>\"ICR Polska\" teikia visapusi\u0161k\u0105 pagalb\u0105 rengiant gaminius, kad jie atitikt\u0173 \"Energy Star\" specifikacijas, vis\u0173 pirma atliekant bandymus ir sertifikavim\u0105.<\/p>\n<p><strong>\"Energy Star\" yra paprastas pasirinkimas energijos vartojimo efektyvumo srityje.<\/strong><\/p>","protected":false},"excerpt":{"rendered":"<p>\"Energy Star\" - tai tarptautin\u0117 programa, skirta skatinti efektyviai energij\u0105 vartojan\u010dius gaminius ir ma\u017einti \u0161iltnamio efekt\u0105 sukelian\u010di\u0173 duj\u0173 i\u0161metim\u0105. Programos reikalavimus atitinkantys gaminiai \u017eymimi specialia etikete. Program\u0105 \"Energy Star\" 1992 m. inicijavo dvi institucijos: JAV Aplinkos apsaugos agent\u016bra (EPA arba USEPA) ir Jungtini\u0173 Valstij\u0173 energetikos departamentas (United States Department of...&nbsp;<a href=\"https:\/\/icr.you2.pl\/lt\/energystar\/\" rel=\"bookmark\">Skaityti daugiau \"<span class=\"screen-reader-text\">EnergyStar<\/span><\/a><\/p>","protected":false},"author":2,"featured_media":0,"parent":0,"menu_order":0,"comment_status":"closed","ping_status":"closed","template":"","meta":{"neve_meta_sidebar":"","neve_meta_container":"","neve_meta_enable_content_width":"off","neve_meta_content_width":70,"neve_meta_title_alignment":"","neve_meta_author_avatar":"","neve_post_elements_order":"","neve_meta_disable_header":"","neve_meta_disable_footer":"","neve_meta_disable_title":"","footnotes":""},"class_list":["post-3437","page","type-page","status-publish","hentry"],"yoast_head":"<!-- This site is optimized with the Yoast SEO plugin v26.8 - https:\/\/yoast.com\/product\/yoast-seo-wordpress\/ -->\n<title>EnergyStar - ICR POLSKA - badania i certyfikacja<\/title>\n<meta name=\"robots\" content=\"index, follow, max-snippet:-1, max-image-preview:large, max-video-preview:-1\" \/>\n<link rel=\"canonical\" href=\"https:\/\/icr.you2.pl\/lt\/energystar\/\" \/>\n<meta property=\"og:locale\" content=\"lt_LT\" \/>\n<meta property=\"og:type\" content=\"article\" \/>\n<meta property=\"og:title\" content=\"EnergyStar - ICR POLSKA - badania i certyfikacja\" \/>\n<meta property=\"og:description\" content=\"Energy Star to mi\u0119dzynarodowy program maj\u0105cy na celu promowanie produkt\u00f3w energooszcz\u0119dnych i zmniejszenie wydzielania gaz\u00f3w b\u0119d\u0105cych przyczyn\u0105 efektu cieplarnianego. Wyroby spe\u0142niaj\u0105ce wymagania programu s\u0105 oznakowane specjaln\u0105 etykiet\u0105. Energy Star zainicjowa\u0142y w 1992 roku dwie instytucje: Ameryka\u0144ska Agencja Ochrony \u015arodowiska (Environmental Protection Agency &#8211; EPA lub USEPA) oraz Departament Energii Stan\u00f3w Zjednoczonych (United States Department of&hellip;&nbsp;Read More &raquo;EnergyStar\" \/>\n<meta property=\"og:url\" content=\"https:\/\/icr.you2.pl\/lt\/energystar\/\" \/>\n<meta property=\"og:site_name\" content=\"ICR POLSKA - badania i certyfikacja\" \/>\n<meta property=\"article:modified_time\" content=\"2022-07-20T13:02:09+00:00\" \/>\n<meta property=\"og:image\" content=\"http:\/\/icr.you2.pl\/wp-content\/uploads\/2019\/09\/EnergyStar.jpg\" \/>\n<meta name=\"twitter:card\" content=\"summary_large_image\" \/>\n<meta name=\"twitter:label1\" content=\"Est. reading time\" \/>\n\t<meta name=\"twitter:data1\" content=\"2 minut\u0117s\" \/>\n<script type=\"application\/ld+json\" class=\"yoast-schema-graph\">{\"@context\":\"https:\/\/schema.org\",\"@graph\":[{\"@type\":\"WebPage\",\"@id\":\"https:\/\/icr.you2.pl\/energystar\/\",\"url\":\"https:\/\/icr.you2.pl\/energystar\/\",\"name\":\"EnergyStar - ICR POLSKA - badania i certyfikacja\",\"isPartOf\":{\"@id\":\"https:\/\/icr.you2.pl\/#website\"},\"primaryImageOfPage\":{\"@id\":\"https:\/\/icr.you2.pl\/energystar\/#primaryimage\"},\"image\":{\"@id\":\"https:\/\/icr.you2.pl\/energystar\/#primaryimage\"},\"thumbnailUrl\":\"http:\/\/icr.you2.pl\/wp-content\/uploads\/2019\/09\/EnergyStar.jpg\",\"datePublished\":\"2019-09-03T11:20:11+00:00\",\"dateModified\":\"2022-07-20T13:02:09+00:00\",\"breadcrumb\":{\"@id\":\"https:\/\/icr.you2.pl\/energystar\/#breadcrumb\"},\"inLanguage\":\"lt-LT\",\"potentialAction\":[{\"@type\":\"ReadAction\",\"target\":[\"https:\/\/icr.you2.pl\/energystar\/\"]}]},{\"@type\":\"ImageObject\",\"inLanguage\":\"lt-LT\",\"@id\":\"https:\/\/icr.you2.pl\/energystar\/#primaryimage\",\"url\":\"http:\/\/icr.you2.pl\/wp-content\/uploads\/2019\/09\/EnergyStar.jpg\",\"contentUrl\":\"http:\/\/icr.you2.pl\/wp-content\/uploads\/2019\/09\/EnergyStar.jpg\"},{\"@type\":\"BreadcrumbList\",\"@id\":\"https:\/\/icr.you2.pl\/energystar\/#breadcrumb\",\"itemListElement\":[{\"@type\":\"ListItem\",\"position\":1,\"name\":\"Strona g\u0142\u00f3wna\",\"item\":\"https:\/\/icr.you2.pl\/\"},{\"@type\":\"ListItem\",\"position\":2,\"name\":\"EnergyStar\"}]},{\"@type\":\"WebSite\",\"@id\":\"https:\/\/icr.you2.pl\/#website\",\"url\":\"https:\/\/icr.you2.pl\/\",\"name\":\"ICR POLSKA - badania i certyfikacja\",\"description\":\"CE certification, CE certificate, ISO certificate, RED testing, product testing and certification, electrical product testing, medical device testing, ATEX, IECEx, FCC, product certification, EMC testing, machinery certification, CE machines, training, electronic product testing, testing 2014\/53\/EU, drone certification, ISO 13485 certificate, ISO 9001 certificate, NC RfG\",\"publisher\":{\"@id\":\"https:\/\/icr.you2.pl\/#\/schema\/person\/944799c9e2f4a94662e3fcb3b1544baf\"},\"potentialAction\":[{\"@type\":\"SearchAction\",\"target\":{\"@type\":\"EntryPoint\",\"urlTemplate\":\"https:\/\/icr.you2.pl\/?s={search_term_string}\"},\"query-input\":{\"@type\":\"PropertyValueSpecification\",\"valueRequired\":true,\"valueName\":\"search_term_string\"}}],\"inLanguage\":\"lt-LT\"},{\"@type\":[\"Person\",\"Organization\"],\"@id\":\"https:\/\/icr.you2.pl\/#\/schema\/person\/944799c9e2f4a94662e3fcb3b1544baf\",\"name\":\"admin\",\"image\":{\"@type\":\"ImageObject\",\"inLanguage\":\"lt-LT\",\"@id\":\"https:\/\/icr.you2.pl\/#\/schema\/person\/image\/\",\"url\":\"https:\/\/icr.you2.pl\/wp-content\/uploads\/2019\/05\/cropped-logo-icr.32f04ad5-1-1.png\",\"contentUrl\":\"https:\/\/icr.you2.pl\/wp-content\/uploads\/2019\/05\/cropped-logo-icr.32f04ad5-1-1.png\",\"width\":400,\"height\":148,\"caption\":\"admin\"},\"logo\":{\"@id\":\"https:\/\/icr.you2.pl\/#\/schema\/person\/image\/\"}}]}<\/script>\n<!-- \/ Yoast SEO plugin. -->","yoast_head_json":{"title":"\"EnergyStar\" - ICR POLSKA - bandymai ir sertifikavimas","robots":{"index":"index","follow":"follow","max-snippet":"max-snippet:-1","max-image-preview":"max-image-preview:large","max-video-preview":"max-video-preview:-1"},"canonical":"https:\/\/icr.you2.pl\/lt\/energystar\/","og_locale":"lt_LT","og_type":"article","og_title":"EnergyStar - ICR POLSKA - badania i certyfikacja","og_description":"Energy Star to mi\u0119dzynarodowy program maj\u0105cy na celu promowanie produkt\u00f3w energooszcz\u0119dnych i zmniejszenie wydzielania gaz\u00f3w b\u0119d\u0105cych przyczyn\u0105 efektu cieplarnianego. Wyroby spe\u0142niaj\u0105ce wymagania programu s\u0105 oznakowane specjaln\u0105 etykiet\u0105. Energy Star zainicjowa\u0142y w 1992 roku dwie instytucje: Ameryka\u0144ska Agencja Ochrony \u015arodowiska (Environmental Protection Agency &#8211; EPA lub USEPA) oraz Departament Energii Stan\u00f3w Zjednoczonych (United States Department of&hellip;&nbsp;Read More &raquo;EnergyStar","og_url":"https:\/\/icr.you2.pl\/lt\/energystar\/","og_site_name":"ICR POLSKA - badania i certyfikacja","article_modified_time":"2022-07-20T13:02:09+00:00","og_image":[{"url":"http:\/\/icr.you2.pl\/wp-content\/uploads\/2019\/09\/EnergyStar.jpg","type":"","width":"","height":""}],"twitter_card":"summary_large_image","twitter_misc":{"Est. reading time":"2 minut\u0117s"},"schema":{"@context":"https:\/\/schema.org","@graph":[{"@type":"WebPage","@id":"https:\/\/icr.you2.pl\/energystar\/","url":"https:\/\/icr.you2.pl\/energystar\/","name":"\"EnergyStar\" - ICR POLSKA - bandymai ir sertifikavimas","isPartOf":{"@id":"https:\/\/icr.you2.pl\/#website"},"primaryImageOfPage":{"@id":"https:\/\/icr.you2.pl\/energystar\/#primaryimage"},"image":{"@id":"https:\/\/icr.you2.pl\/energystar\/#primaryimage"},"thumbnailUrl":"http:\/\/icr.you2.pl\/wp-content\/uploads\/2019\/09\/EnergyStar.jpg","datePublished":"2019-09-03T11:20:11+00:00","dateModified":"2022-07-20T13:02:09+00:00","breadcrumb":{"@id":"https:\/\/icr.you2.pl\/energystar\/#breadcrumb"},"inLanguage":"lt-LT","potentialAction":[{"@type":"ReadAction","target":["https:\/\/icr.you2.pl\/energystar\/"]}]},{"@type":"ImageObject","inLanguage":"lt-LT","@id":"https:\/\/icr.you2.pl\/energystar\/#primaryimage","url":"http:\/\/icr.you2.pl\/wp-content\/uploads\/2019\/09\/EnergyStar.jpg","contentUrl":"http:\/\/icr.you2.pl\/wp-content\/uploads\/2019\/09\/EnergyStar.jpg"},{"@type":"BreadcrumbList","@id":"https:\/\/icr.you2.pl\/energystar\/#breadcrumb","itemListElement":[{"@type":"ListItem","position":1,"name":"Strona g\u0142\u00f3wna","item":"https:\/\/icr.you2.pl\/"},{"@type":"ListItem","position":2,"name":"EnergyStar"}]},{"@type":"WebSite","@id":"https:\/\/icr.you2.pl\/#website","url":"https:\/\/icr.you2.pl\/","name":"ICR POLAND - bandymai ir sertifikavimas","description":"CE sertifikavimas, CE sertifikatas, ISO sertifikatas, RED testavimas, gamini\u0173 testavimas ir sertifikavimas, elektros gamini\u0173 testavimas, medicinos prietais\u0173 testavimas, ATEX, IECEx, FCC, gamini\u0173 sertifikavimas, EMC testavimas, ma\u0161in\u0173 sertifikavimas, CE ma\u0161inos, mokymai, elektronini\u0173 gamini\u0173 testavimas, testavimas 2014\/53\/ES, dron\u0173 sertifikavimas, ISO 13485 sertifikatas, ISO 9001 sertifikatas, NC RfG","publisher":{"@id":"https:\/\/icr.you2.pl\/#\/schema\/person\/944799c9e2f4a94662e3fcb3b1544baf"},"potentialAction":[{"@type":"SearchAction","target":{"@type":"EntryPoint","urlTemplate":"https:\/\/icr.you2.pl\/?s={search_term_string}"},"query-input":{"@type":"PropertyValueSpecification","valueRequired":true,"valueName":"search_term_string"}}],"inLanguage":"lt-LT"},{"@type":["Person","Organization"],"@id":"https:\/\/icr.you2.pl\/#\/schema\/person\/944799c9e2f4a94662e3fcb3b1544baf","name":"administratorius","image":{"@type":"ImageObject","inLanguage":"lt-LT","@id":"https:\/\/icr.you2.pl\/#\/schema\/person\/image\/","url":"https:\/\/icr.you2.pl\/wp-content\/uploads\/2019\/05\/cropped-logo-icr.32f04ad5-1-1.png","contentUrl":"https:\/\/icr.you2.pl\/wp-content\/uploads\/2019\/05\/cropped-logo-icr.32f04ad5-1-1.png","width":400,"height":148,"caption":"admin"},"logo":{"@id":"https:\/\/icr.you2.pl\/#\/schema\/person\/image\/"}}]}},"_links":{"self":[{"href":"https:\/\/icr.you2.pl\/lt\/wp-json\/wp\/v2\/pages\/3437","targetHints":{"allow":["GET"]}}],"collection":[{"href":"https:\/\/icr.you2.pl\/lt\/wp-json\/wp\/v2\/pages"}],"about":[{"href":"https:\/\/icr.you2.pl\/lt\/wp-json\/wp\/v2\/types\/page"}],"author":[{"embeddable":true,"href":"https:\/\/icr.you2.pl\/lt\/wp-json\/wp\/v2\/users\/2"}],"replies":[{"embeddable":true,"href":"https:\/\/icr.you2.pl\/lt\/wp-json\/wp\/v2\/comments?post=3437"}],"version-history":[{"count":0,"href":"https:\/\/icr.you2.pl\/lt\/wp-json\/wp\/v2\/pages\/3437\/revisions"}],"wp:attachment":[{"href":"https:\/\/icr.you2.pl\/lt\/wp-json\/wp\/v2\/media?parent=3437"}],"curies":[{"name":"wp","href":"https:\/\/api.w.org\/{rel}","templated":true}]}}