{"id":3528,"date":"2019-09-30T19:10:29","date_gmt":"2019-09-30T17:10:29","guid":{"rendered":"http:\/\/icrpolska.com\/?page_id=3528"},"modified":"2022-09-07T23:18:36","modified_gmt":"2022-09-07T21:18:36","slug":"certyfikacja-dronow","status":"publish","type":"page","link":"https:\/\/icr.you2.pl\/lt\/certyfikacja-wyrobow\/certyfikacja-dronow\/","title":{"rendered":"DRON sertifikavimas"},"content":{"rendered":"<p><a href=\"http:\/\/icr.you2.pl\/wp-content\/uploads\/2019\/06\/Program-oceny-zgodno\u015bci-w-zakresie-ATEX.pdf\" target=\"_blank\" rel=\"noopener noreferrer\"><img decoding=\"async\" class=\"alignnone wp-image-2679\" src=\"http:\/\/icr.you2.pl\/wp-content\/uploads\/2019\/06\/adobe.jpg\" alt=\"\" width=\"20\" height=\"21\" srcset=\"https:\/\/icr.you2.pl\/wp-content\/uploads\/2019\/06\/adobe.jpg 218w, https:\/\/icr.you2.pl\/wp-content\/uploads\/2019\/06\/adobe-150x150.jpg 150w\" sizes=\"(max-width: 20px) 100vw, 20px\" \/><\/a><a href=\"http:\/\/icr.you2.pl\/wp-content\/uploads\/2022\/02\/PC-P-07-09-2.pdf\" target=\"_blank\" rel=\"noopener noreferrer\" data-wp-editing=\"1\"> BSP\/DRON atitikties vertinimo programa ((ES) 2019\/945)<\/a> + <a href=\"http:\/\/icr.you2.pl\/wp-content\/uploads\/2022\/01\/F-P-07-38-1.pdf\" target=\"_blank\" rel=\"noopener noreferrer\">technini\u0173 specifikacij\u0173 s\u0105ra\u0161as<\/a><\/p>\n<p>Siekdama patenkinti gamintoj\u0173, importuotoj\u0173 ir naudotoj\u0173 poreikius, ICR Polska Sp. z o.o. atlieka savanori\u0161k\u0105 bepilo\u010di\u0173 orlaivi\u0173 (DRON) atitikties vertinim\u0105 ir sertifikavim\u0105. \u0160iuo metu DRON sertifikavimas vis dar yra savanori\u0161kas, ta\u010diau ateityje bus daug lengviau gauti privalom\u0105 sertifikat\u0105, kur\u012f i\u0161duos ES notifikuotoji \u012fstaiga.<\/p>\n<p class=\"translation-block\">Nuo 2019 m. liepos 1 d. \u012fsigaliojo naujas Europos Komisijos deleguotasis reglamentas Nr. <a href=\"https:\/\/eur-lex.europa.eu\/legal-content\/PL\/TXT\/PDF\/?uri=CELEX:32019R0945&amp;from=PL\" target=\"_self\" rel=\"noopener noreferrer\">2019\/945<\/a> d\u0117l bepilo\u010di\u0173 orlaivi\u0173 sistem\u0173 ir tre\u010di\u0173j\u0173 \u0161ali\u0173 bepilo\u010di\u0173 orlaivi\u0173 sistem\u0173 operatori\u0173. \u0160iuo reglamentu nustatomi esminiai techniniai reikalavimai, taikomi bepilot\u0117ms orlaivi\u0173 sistemoms, naudojamoms pagal 2019 m. gegu\u017e\u0117s 24 d. Europos Komisijos \u012fgyvendinimo reglamente <a href=\"https:\/\/eur-lex.europa.eu\/legal-content\/PL\/TXT\/PDF\/?uri=CELEX:32019R0947&amp;from=PL\" target=\"_self\" rel=\"noopener noreferrer\">2019\/947<\/a> d\u0117l bepilo\u010di\u0173 orlaivi\u0173 naudojimo taisykli\u0173 ir proced\u016br\u0173 nustatytus principus. Kaip ir kitose naujojo po\u017ei\u016brio direktyvose, Deleguotuoju reglamentu reglamentuojamas bepilo\u010di\u0173 orlaivi\u0173 (DRON), vykdan\u010di\u0173 vadinamosios atvirosios kategorijos operacijas, t. y. vykdan\u010di\u0173 ma\u017eiausio rizikos laipsnio operacijas, projektavimas, gamyba ir pateikimas ES vidaus rinkai. \u012evedus min\u0117tus techninius reikalavimus, DRON, taip pat priklausantiems atvirai kategorijai, bus taikoma prie\u017ei\u016bra, kurios mechanizmai Lenkijoje, be kita ko, reglamentuojami 2016 m. baland\u017eio 13 d. <a href=\"http:\/\/isap.sejm.gov.pl\/isap.nsf\/download.xsp\/WDU20190000544\/O\/D20190544.pdf\" target=\"_self\" rel=\"noopener noreferrer\">\u012fstatymu d\u0117l atitikties vertinimo ir rinkos prie\u017ei\u016bros sistem\u0173<\/a>.<\/p>\n<p class=\"translation-block\">Pagal vykdom\u0105j\u012f potvark\u012f tam tikrus iki 2022 m. liepos 1 d. rinkai pateiktus bepilo\u010dius orlaivius, kurie neatitinka Deleguotojo reglamento, vis tiek bus leid\u017eiama eksploatuoti pagal specialias taisykles, nustatytas <a href=\"https:\/\/eur-lex.europa.eu\/legal-content\/PL\/TXT\/PDF\/?uri=CELEX:32019R0947&amp;from=PL\" target=\"_self\">Vykdomojo potvarkio<\/a> 20 straipsnyje.<\/p>\n<p class=\"translation-block\">Deleguotajame reglamente nustatytos bepilo\u010di\u0173 orlaivi\u0173 sistem\u0173, skirt\u0173 naudoti atviroje kategorijoje, pateikimo \u012f Europos S\u0105jungos vidaus rink\u0105 ir laisvo jud\u0117jimo ES taisykl\u0117s. \u0160ios taisykl\u0117s, inter alia, susijusios su gamintojo pareiga atlikti gaminio atitikties vertinim\u0105 (t. y. BSP vertinim\u0105) pagal Deleguotojo reglamento priede i\u0161samiai i\u0161d\u0117stytus reikalavimus ir atitinkamus darniuosius standartus. Atitinkamai atviros kategorijos BSP turi tur\u0117ti:<br>.\n- techninius dokumentus,<br>\n- gamintojo atitikties deklaracij\u0105 (i\u0161duot\u0105 remiantis atitikties \u012fvertinimu),<br>\n- gaminio \u017eenklinimas (CE).<\/p>\n<p>Kaip ir kitose ES direktyvose, kai kurios proced\u016bros, kuriomis gamintojas gal\u0117s \u012fvertinti gaminio atitikt\u012f prie\u0161 pateikdamas gamin\u012f \u012f komercin\u0119 rink\u0105, pagal Reglament\u0105 2019\/945 apims sertifikavim\u0105, t. y. tre\u010diosios \u0161alies (paskelbtosios \u012fstaigos) atliekam\u0105 atitikties vertinim\u0105.<\/p>\n<p><strong>\u0160iandien galite sertifikuoti savo DRON'\u0105 \u012fmon\u0117je ICR Polska Ltd.<\/strong><\/p>\n<p><img decoding=\"async\" class=\"alignnone wp-image-3362\" src=\"http:\/\/icr.you2.pl\/wp-content\/uploads\/2019\/06\/Email-icon-e1560506652454.png\" alt=\"\" width=\"28\" height=\"20\" \/> <a href=\"mailto:icrpolska@icrqa.com?subject=DRON%20Certificate&amp;body=I%20plan%20to%20certificate%20DRON.%0APlease,%20contact%20me%20to%20more%20information.%0A\">Susisiekite su ICR Lenkija<\/a><\/p>\n<p>Stenkit\u0117s b\u016bti bent vienu \u017eingsniu priekyje konkurent\u0173.<\/p>","protected":false},"excerpt":{"rendered":"<p>BSP\/DRON atitikties vertinimo programa ((ES) 2019\/945) + technini\u0173 specifikacij\u0173 s\u0105ra\u0161as ICR Polska Sp. z o.o., siekdama patenkinti gamintoj\u0173, importuotoj\u0173 ir naudotoj\u0173 poreikius, atlieka savanori\u0161k\u0105 bepilo\u010di\u0173 orlaivi\u0173 (DRON) atitikties vertinim\u0105 ir sertifikavim\u0105. \u0160iuo metu DRON sertifikavimas vis dar yra savanori\u0161kas, ta\u010diau ateityje bus daug lengviau gauti privalom\u0105 notifikuotosios \u012fstaigos i\u0161duot\u0105 sertifikat\u0105.....&nbsp;<a href=\"https:\/\/icr.you2.pl\/lt\/certyfikacja-wyrobow\/certyfikacja-dronow\/\" rel=\"bookmark\">Skaityti daugiau \"<span class=\"screen-reader-text\">DRON sertifikavimas<\/span><\/a><\/p>","protected":false},"author":2,"featured_media":0,"parent":211,"menu_order":0,"comment_status":"closed","ping_status":"closed","template":"","meta":{"neve_meta_sidebar":"","neve_meta_container":"","neve_meta_enable_content_width":"off","neve_meta_content_width":70,"neve_meta_title_alignment":"","neve_meta_author_avatar":"","neve_post_elements_order":"","neve_meta_disable_header":"","neve_meta_disable_footer":"","neve_meta_disable_title":"","footnotes":""},"class_list":["post-3528","page","type-page","status-publish","hentry"],"yoast_head":"<!-- This site is optimized with the Yoast SEO plugin v26.8 - https:\/\/yoast.com\/product\/yoast-seo-wordpress\/ -->\n<title>Certyfikacja DRON\u00f3w - ICR POLSKA - badania i certyfikacja<\/title>\n<meta name=\"robots\" content=\"index, follow, max-snippet:-1, max-image-preview:large, max-video-preview:-1\" \/>\n<link rel=\"canonical\" href=\"https:\/\/icr.you2.pl\/lt\/certyfikacja-wyrobow\/certyfikacja-dronow\/\" \/>\n<meta property=\"og:locale\" content=\"lt_LT\" \/>\n<meta property=\"og:type\" content=\"article\" \/>\n<meta property=\"og:title\" content=\"Certyfikacja DRON\u00f3w - ICR POLSKA - badania i certyfikacja\" \/>\n<meta property=\"og:description\" content=\"Program oceny zgodno\u015bci w zakresie BSP\/DRON ((UE) 2019\/945) + lista specyfikacji technicznych ICR Polska Sp. z o.o. wychodz\u0105c naprzeciw potrzebom producent\u00f3w, importer\u00f3w i u\u017cytkownik\u00f3w prowadzi dobrowoln\u0105 ocen\u0119 zgodno\u015bci i certyfikacj\u0119 Bezza\u0142ogowych Statk\u00f3w Powietrznych (DRON). W tej chwili certyfikacja DRON\u00f3w jest jeszcze dobrowolna, ale perspektywicznie znacznie u\u0142atwi w przysz\u0142o\u015bci uzyskanie obowi\u0105zkowego certyfikatu wydanego przez Jednostk\u0119 Notyfikowan\u0105&hellip;&nbsp;Read More &raquo;Certyfikacja DRON\u00f3w\" \/>\n<meta property=\"og:url\" content=\"https:\/\/icr.you2.pl\/lt\/certyfikacja-wyrobow\/certyfikacja-dronow\/\" \/>\n<meta property=\"og:site_name\" content=\"ICR POLSKA - badania i certyfikacja\" \/>\n<meta property=\"article:modified_time\" content=\"2022-09-07T21:18:36+00:00\" \/>\n<meta property=\"og:image\" content=\"http:\/\/icr.you2.pl\/wp-content\/uploads\/2019\/06\/adobe.jpg\" \/>\n<meta name=\"twitter:card\" content=\"summary_large_image\" \/>\n<meta name=\"twitter:label1\" content=\"Est. reading time\" \/>\n\t<meta name=\"twitter:data1\" content=\"3 minut\u0117s\" \/>\n<script type=\"application\/ld+json\" class=\"yoast-schema-graph\">{\"@context\":\"https:\/\/schema.org\",\"@graph\":[{\"@type\":\"WebPage\",\"@id\":\"https:\/\/icr.you2.pl\/certyfikacja-wyrobow\/certyfikacja-dronow\/\",\"url\":\"https:\/\/icr.you2.pl\/certyfikacja-wyrobow\/certyfikacja-dronow\/\",\"name\":\"Certyfikacja DRON\u00f3w - ICR POLSKA - badania i certyfikacja\",\"isPartOf\":{\"@id\":\"https:\/\/icr.you2.pl\/#website\"},\"primaryImageOfPage\":{\"@id\":\"https:\/\/icr.you2.pl\/certyfikacja-wyrobow\/certyfikacja-dronow\/#primaryimage\"},\"image\":{\"@id\":\"https:\/\/icr.you2.pl\/certyfikacja-wyrobow\/certyfikacja-dronow\/#primaryimage\"},\"thumbnailUrl\":\"http:\/\/icr.you2.pl\/wp-content\/uploads\/2019\/06\/adobe.jpg\",\"datePublished\":\"2019-09-30T17:10:29+00:00\",\"dateModified\":\"2022-09-07T21:18:36+00:00\",\"breadcrumb\":{\"@id\":\"https:\/\/icr.you2.pl\/certyfikacja-wyrobow\/certyfikacja-dronow\/#breadcrumb\"},\"inLanguage\":\"lt-LT\",\"potentialAction\":[{\"@type\":\"ReadAction\",\"target\":[\"https:\/\/icr.you2.pl\/certyfikacja-wyrobow\/certyfikacja-dronow\/\"]}]},{\"@type\":\"ImageObject\",\"inLanguage\":\"lt-LT\",\"@id\":\"https:\/\/icr.you2.pl\/certyfikacja-wyrobow\/certyfikacja-dronow\/#primaryimage\",\"url\":\"http:\/\/icr.you2.pl\/wp-content\/uploads\/2019\/06\/adobe.jpg\",\"contentUrl\":\"http:\/\/icr.you2.pl\/wp-content\/uploads\/2019\/06\/adobe.jpg\"},{\"@type\":\"BreadcrumbList\",\"@id\":\"https:\/\/icr.you2.pl\/certyfikacja-wyrobow\/certyfikacja-dronow\/#breadcrumb\",\"itemListElement\":[{\"@type\":\"ListItem\",\"position\":1,\"name\":\"Strona g\u0142\u00f3wna\",\"item\":\"https:\/\/icr.you2.pl\/\"},{\"@type\":\"ListItem\",\"position\":2,\"name\":\"Certyfikacja wyrob\u00f3w\",\"item\":\"https:\/\/icr.you2.pl\/en\/certyfikacja-wyrobow\/\"},{\"@type\":\"ListItem\",\"position\":3,\"name\":\"Certyfikacja DRON\u00f3w\"}]},{\"@type\":\"WebSite\",\"@id\":\"https:\/\/icr.you2.pl\/#website\",\"url\":\"https:\/\/icr.you2.pl\/\",\"name\":\"ICR POLSKA - badania i certyfikacja\",\"description\":\"CE certification, CE certificate, ISO certificate, RED testing, product testing and certification, electrical product testing, medical device testing, ATEX, IECEx, FCC, product certification, EMC testing, machinery certification, CE machines, training, electronic product testing, testing 2014\/53\/EU, drone certification, ISO 13485 certificate, ISO 9001 certificate, NC RfG\",\"publisher\":{\"@id\":\"https:\/\/icr.you2.pl\/#\/schema\/person\/944799c9e2f4a94662e3fcb3b1544baf\"},\"potentialAction\":[{\"@type\":\"SearchAction\",\"target\":{\"@type\":\"EntryPoint\",\"urlTemplate\":\"https:\/\/icr.you2.pl\/?s={search_term_string}\"},\"query-input\":{\"@type\":\"PropertyValueSpecification\",\"valueRequired\":true,\"valueName\":\"search_term_string\"}}],\"inLanguage\":\"lt-LT\"},{\"@type\":[\"Person\",\"Organization\"],\"@id\":\"https:\/\/icr.you2.pl\/#\/schema\/person\/944799c9e2f4a94662e3fcb3b1544baf\",\"name\":\"admin\",\"image\":{\"@type\":\"ImageObject\",\"inLanguage\":\"lt-LT\",\"@id\":\"https:\/\/icr.you2.pl\/#\/schema\/person\/image\/\",\"url\":\"https:\/\/icr.you2.pl\/wp-content\/uploads\/2019\/05\/cropped-logo-icr.32f04ad5-1-1.png\",\"contentUrl\":\"https:\/\/icr.you2.pl\/wp-content\/uploads\/2019\/05\/cropped-logo-icr.32f04ad5-1-1.png\",\"width\":400,\"height\":148,\"caption\":\"admin\"},\"logo\":{\"@id\":\"https:\/\/icr.you2.pl\/#\/schema\/person\/image\/\"}}]}<\/script>\n<!-- \/ Yoast SEO plugin. -->","yoast_head_json":{"title":"DRON sertifikavimas - ICR POLAND - testavimas ir sertifikavimas","robots":{"index":"index","follow":"follow","max-snippet":"max-snippet:-1","max-image-preview":"max-image-preview:large","max-video-preview":"max-video-preview:-1"},"canonical":"https:\/\/icr.you2.pl\/lt\/certyfikacja-wyrobow\/certyfikacja-dronow\/","og_locale":"lt_LT","og_type":"article","og_title":"Certyfikacja DRON\u00f3w - ICR POLSKA - badania i certyfikacja","og_description":"Program oceny zgodno\u015bci w zakresie BSP\/DRON ((UE) 2019\/945) + lista specyfikacji technicznych ICR Polska Sp. z o.o. wychodz\u0105c naprzeciw potrzebom producent\u00f3w, importer\u00f3w i u\u017cytkownik\u00f3w prowadzi dobrowoln\u0105 ocen\u0119 zgodno\u015bci i certyfikacj\u0119 Bezza\u0142ogowych Statk\u00f3w Powietrznych (DRON). W tej chwili certyfikacja DRON\u00f3w jest jeszcze dobrowolna, ale perspektywicznie znacznie u\u0142atwi w przysz\u0142o\u015bci uzyskanie obowi\u0105zkowego certyfikatu wydanego przez Jednostk\u0119 Notyfikowan\u0105&hellip;&nbsp;Read More &raquo;Certyfikacja DRON\u00f3w","og_url":"https:\/\/icr.you2.pl\/lt\/certyfikacja-wyrobow\/certyfikacja-dronow\/","og_site_name":"ICR POLSKA - badania i certyfikacja","article_modified_time":"2022-09-07T21:18:36+00:00","og_image":[{"url":"http:\/\/icr.you2.pl\/wp-content\/uploads\/2019\/06\/adobe.jpg","type":"","width":"","height":""}],"twitter_card":"summary_large_image","twitter_misc":{"Est. reading time":"3 minut\u0117s"},"schema":{"@context":"https:\/\/schema.org","@graph":[{"@type":"WebPage","@id":"https:\/\/icr.you2.pl\/certyfikacja-wyrobow\/certyfikacja-dronow\/","url":"https:\/\/icr.you2.pl\/certyfikacja-wyrobow\/certyfikacja-dronow\/","name":"DRON sertifikavimas - ICR POLAND - testavimas ir sertifikavimas","isPartOf":{"@id":"https:\/\/icr.you2.pl\/#website"},"primaryImageOfPage":{"@id":"https:\/\/icr.you2.pl\/certyfikacja-wyrobow\/certyfikacja-dronow\/#primaryimage"},"image":{"@id":"https:\/\/icr.you2.pl\/certyfikacja-wyrobow\/certyfikacja-dronow\/#primaryimage"},"thumbnailUrl":"http:\/\/icr.you2.pl\/wp-content\/uploads\/2019\/06\/adobe.jpg","datePublished":"2019-09-30T17:10:29+00:00","dateModified":"2022-09-07T21:18:36+00:00","breadcrumb":{"@id":"https:\/\/icr.you2.pl\/certyfikacja-wyrobow\/certyfikacja-dronow\/#breadcrumb"},"inLanguage":"lt-LT","potentialAction":[{"@type":"ReadAction","target":["https:\/\/icr.you2.pl\/certyfikacja-wyrobow\/certyfikacja-dronow\/"]}]},{"@type":"ImageObject","inLanguage":"lt-LT","@id":"https:\/\/icr.you2.pl\/certyfikacja-wyrobow\/certyfikacja-dronow\/#primaryimage","url":"http:\/\/icr.you2.pl\/wp-content\/uploads\/2019\/06\/adobe.jpg","contentUrl":"http:\/\/icr.you2.pl\/wp-content\/uploads\/2019\/06\/adobe.jpg"},{"@type":"BreadcrumbList","@id":"https:\/\/icr.you2.pl\/certyfikacja-wyrobow\/certyfikacja-dronow\/#breadcrumb","itemListElement":[{"@type":"ListItem","position":1,"name":"Strona g\u0142\u00f3wna","item":"https:\/\/icr.you2.pl\/"},{"@type":"ListItem","position":2,"name":"Certyfikacja wyrob\u00f3w","item":"https:\/\/icr.you2.pl\/en\/certyfikacja-wyrobow\/"},{"@type":"ListItem","position":3,"name":"Certyfikacja DRON\u00f3w"}]},{"@type":"WebSite","@id":"https:\/\/icr.you2.pl\/#website","url":"https:\/\/icr.you2.pl\/","name":"ICR POLAND - bandymai ir sertifikavimas","description":"CE sertifikavimas, CE sertifikatas, ISO sertifikatas, RED testavimas, gamini\u0173 testavimas ir sertifikavimas, elektros gamini\u0173 testavimas, medicinos prietais\u0173 testavimas, ATEX, IECEx, FCC, gamini\u0173 sertifikavimas, EMC testavimas, ma\u0161in\u0173 sertifikavimas, CE ma\u0161inos, mokymai, elektronini\u0173 gamini\u0173 testavimas, testavimas 2014\/53\/ES, dron\u0173 sertifikavimas, ISO 13485 sertifikatas, ISO 9001 sertifikatas, NC RfG","publisher":{"@id":"https:\/\/icr.you2.pl\/#\/schema\/person\/944799c9e2f4a94662e3fcb3b1544baf"},"potentialAction":[{"@type":"SearchAction","target":{"@type":"EntryPoint","urlTemplate":"https:\/\/icr.you2.pl\/?s={search_term_string}"},"query-input":{"@type":"PropertyValueSpecification","valueRequired":true,"valueName":"search_term_string"}}],"inLanguage":"lt-LT"},{"@type":["Person","Organization"],"@id":"https:\/\/icr.you2.pl\/#\/schema\/person\/944799c9e2f4a94662e3fcb3b1544baf","name":"administratorius","image":{"@type":"ImageObject","inLanguage":"lt-LT","@id":"https:\/\/icr.you2.pl\/#\/schema\/person\/image\/","url":"https:\/\/icr.you2.pl\/wp-content\/uploads\/2019\/05\/cropped-logo-icr.32f04ad5-1-1.png","contentUrl":"https:\/\/icr.you2.pl\/wp-content\/uploads\/2019\/05\/cropped-logo-icr.32f04ad5-1-1.png","width":400,"height":148,"caption":"admin"},"logo":{"@id":"https:\/\/icr.you2.pl\/#\/schema\/person\/image\/"}}]}},"_links":{"self":[{"href":"https:\/\/icr.you2.pl\/lt\/wp-json\/wp\/v2\/pages\/3528","targetHints":{"allow":["GET"]}}],"collection":[{"href":"https:\/\/icr.you2.pl\/lt\/wp-json\/wp\/v2\/pages"}],"about":[{"href":"https:\/\/icr.you2.pl\/lt\/wp-json\/wp\/v2\/types\/page"}],"author":[{"embeddable":true,"href":"https:\/\/icr.you2.pl\/lt\/wp-json\/wp\/v2\/users\/2"}],"replies":[{"embeddable":true,"href":"https:\/\/icr.you2.pl\/lt\/wp-json\/wp\/v2\/comments?post=3528"}],"version-history":[{"count":0,"href":"https:\/\/icr.you2.pl\/lt\/wp-json\/wp\/v2\/pages\/3528\/revisions"}],"up":[{"embeddable":true,"href":"https:\/\/icr.you2.pl\/lt\/wp-json\/wp\/v2\/pages\/211"}],"wp:attachment":[{"href":"https:\/\/icr.you2.pl\/lt\/wp-json\/wp\/v2\/media?parent=3528"}],"curies":[{"name":"wp","href":"https:\/\/api.w.org\/{rel}","templated":true}]}}