{"id":4015,"date":"2020-10-28T20:22:01","date_gmt":"2020-10-28T19:22:01","guid":{"rendered":"https:\/\/icrpolska.com\/?page_id=4015"},"modified":"2023-02-20T11:27:09","modified_gmt":"2023-02-20T10:27:09","slug":"voc","status":"publish","type":"page","link":"https:\/\/icr.you2.pl\/lt\/voc\/","title":{"rendered":"VoC"},"content":{"rendered":"<p>Atitikties patikrinimas (VoC) yra paslauga, kuri n\u0117ra akreditacijos ir notifikavimo dalis ir n\u0117ra susijusi su ICR Polska Sp. z o.o. vykdoma veikla \u0161ioje srityje (ji n\u0117ra \u012ftraukta \u012f integruot\u0105 valdymo sistem\u0105).<\/p>\n<p>Atitikties tikrinimas gali apimti:<\/p>\n<ul>\n<li>Technin\u0117s dokumentacijos patikrinimas siekiant pateikti gamin\u012f ES rinkai arba kitai ekonominei ir (arba) komercinei erdvei.<\/li>\n<li>atitikties esminiams reikalavimams, susijusiems su techniniais standartais (specifikacijomis) ir reglamentais, patikrinimas<\/li>\n<li>Technini\u0173 dokument\u0173 patikrinimas ir atitikties deklaracijai i\u0161duoti reikalingos bandym\u0173 ataskaitos patikrinimas<\/li>\n<\/ul>\n<p>&nbsp;<\/p>\n<p><a href=\"http:\/\/icr.you2.pl\/lt\/2022\/11\/05\/xi-2022-2\/\">I\u0161sami informacija<\/a> d\u0117l paslaug\u0173 su parei\u0161k\u0117ju susitariama individualiai, u\u017epild\u017eius toliau pateikt\u0105 parai\u0161kos form\u0105.<\/p>\n<p><img decoding=\"async\" class=\"alignnone wp-image-2678\" src=\"http:\/\/icr.you2.pl\/wp-content\/uploads\/2019\/06\/word.jpg\" alt=\"\" width=\"20\" height=\"20\" srcset=\"https:\/\/icr.you2.pl\/wp-content\/uploads\/2019\/06\/word.jpg 208w, https:\/\/icr.you2.pl\/wp-content\/uploads\/2019\/06\/word-150x150.jpg 150w\" sizes=\"(max-width: 20px) 100vw, 20px\" \/> <a href=\"http:\/\/icr.you2.pl\/wp-content\/uploads\/2023\/02\/VoC_Application_2.01_02.01.2023.docx\">Pra\u0161ymas patikrinti atitikt\u012f.<\/a><\/p>","protected":false},"excerpt":{"rendered":"<p>Atitikties patikrinimas (VoC) yra paslauga, kuri n\u0117ra akreditavimo ir notifikavimo dalis ir n\u0117ra susijusi su ICR Polska Sp. z o.o. vykdoma veikla (n\u0117ra \u012ftraukta \u012f integruot\u0105 valdymo sistem\u0105). Atitikties tikrinimas gali apimti: technini\u0173 dokument\u0173 patikrinim\u0105, siekiant pateikti gamin\u012f \u012f ES rink\u0105 ar kit\u0105 rink\u0105.&nbsp;<a href=\"https:\/\/icr.you2.pl\/lt\/voc\/\" rel=\"bookmark\">Skaityti daugiau \"<span class=\"screen-reader-text\">VoC<\/span><\/a><\/p>","protected":false},"author":2,"featured_media":0,"parent":0,"menu_order":0,"comment_status":"closed","ping_status":"closed","template":"","meta":{"neve_meta_sidebar":"","neve_meta_container":"","neve_meta_enable_content_width":"off","neve_meta_content_width":70,"neve_meta_title_alignment":"","neve_meta_author_avatar":"","neve_post_elements_order":"","neve_meta_disable_header":"","neve_meta_disable_footer":"","neve_meta_disable_title":"","footnotes":""},"class_list":["post-4015","page","type-page","status-publish","hentry"],"yoast_head":"<!-- This site is optimized with the Yoast SEO plugin v26.8 - https:\/\/yoast.com\/product\/yoast-seo-wordpress\/ -->\n<title>VoC - ICR POLSKA - badania i certyfikacja<\/title>\n<meta name=\"robots\" content=\"index, follow, max-snippet:-1, max-image-preview:large, max-video-preview:-1\" \/>\n<link rel=\"canonical\" href=\"https:\/\/icr.you2.pl\/lt\/voc\/\" \/>\n<meta property=\"og:locale\" content=\"lt_LT\" \/>\n<meta property=\"og:type\" content=\"article\" \/>\n<meta property=\"og:title\" content=\"VoC - ICR POLSKA - badania i certyfikacja\" \/>\n<meta property=\"og:description\" content=\"Weryfikacja zgodno\u015bci (Verification of Conformity &#8211; VoC) to us\u0142uga nie wchodz\u0105ca w sk\u0142ad udzielonej akredytacji i notyfikacji i nie ma zwi\u0105zku z prowadzon\u0105 przez ICR Polska Sp. z o.o. dzia\u0142alno\u015bci\u0105 w tym zakresie (nie jest obj\u0119ta zintegrowanym systemem zarz\u0105dzania). Weryfikacja zgodno\u015bci mo\u017ce obejmowa\u0107: Weryfikacj\u0119 dokumentacji technicznej pod k\u0105tem wprowadzenia wyrobu na rynek EU lub innej&hellip;&nbsp;Read More &raquo;VoC\" \/>\n<meta property=\"og:url\" content=\"https:\/\/icr.you2.pl\/lt\/voc\/\" \/>\n<meta property=\"og:site_name\" content=\"ICR POLSKA - badania i certyfikacja\" \/>\n<meta property=\"article:modified_time\" content=\"2023-02-20T10:27:09+00:00\" \/>\n<meta property=\"og:image\" content=\"http:\/\/icr.you2.pl\/wp-content\/uploads\/2019\/06\/word.jpg\" \/>\n<meta name=\"twitter:card\" content=\"summary_large_image\" \/>\n<meta name=\"twitter:label1\" content=\"Est. reading time\" \/>\n\t<meta name=\"twitter:data1\" content=\"1 minut\u0117\" \/>\n<script type=\"application\/ld+json\" class=\"yoast-schema-graph\">{\"@context\":\"https:\/\/schema.org\",\"@graph\":[{\"@type\":\"WebPage\",\"@id\":\"https:\/\/icr.you2.pl\/voc\/\",\"url\":\"https:\/\/icr.you2.pl\/voc\/\",\"name\":\"VoC - ICR POLSKA - badania i certyfikacja\",\"isPartOf\":{\"@id\":\"https:\/\/icr.you2.pl\/#website\"},\"primaryImageOfPage\":{\"@id\":\"https:\/\/icr.you2.pl\/voc\/#primaryimage\"},\"image\":{\"@id\":\"https:\/\/icr.you2.pl\/voc\/#primaryimage\"},\"thumbnailUrl\":\"http:\/\/icr.you2.pl\/wp-content\/uploads\/2019\/06\/word.jpg\",\"datePublished\":\"2020-10-28T19:22:01+00:00\",\"dateModified\":\"2023-02-20T10:27:09+00:00\",\"breadcrumb\":{\"@id\":\"https:\/\/icr.you2.pl\/voc\/#breadcrumb\"},\"inLanguage\":\"lt-LT\",\"potentialAction\":[{\"@type\":\"ReadAction\",\"target\":[\"https:\/\/icr.you2.pl\/voc\/\"]}]},{\"@type\":\"ImageObject\",\"inLanguage\":\"lt-LT\",\"@id\":\"https:\/\/icr.you2.pl\/voc\/#primaryimage\",\"url\":\"http:\/\/icr.you2.pl\/wp-content\/uploads\/2019\/06\/word.jpg\",\"contentUrl\":\"http:\/\/icr.you2.pl\/wp-content\/uploads\/2019\/06\/word.jpg\"},{\"@type\":\"BreadcrumbList\",\"@id\":\"https:\/\/icr.you2.pl\/voc\/#breadcrumb\",\"itemListElement\":[{\"@type\":\"ListItem\",\"position\":1,\"name\":\"Strona g\u0142\u00f3wna\",\"item\":\"https:\/\/icr.you2.pl\/\"},{\"@type\":\"ListItem\",\"position\":2,\"name\":\"VoC\"}]},{\"@type\":\"WebSite\",\"@id\":\"https:\/\/icr.you2.pl\/#website\",\"url\":\"https:\/\/icr.you2.pl\/\",\"name\":\"ICR POLSKA - badania i certyfikacja\",\"description\":\"CE certification, CE certificate, ISO certificate, RED testing, product testing and certification, electrical product testing, medical device testing, ATEX, IECEx, FCC, product certification, EMC testing, machinery certification, CE machines, training, electronic product testing, testing 2014\/53\/EU, drone certification, ISO 13485 certificate, ISO 9001 certificate, NC RfG\",\"publisher\":{\"@id\":\"https:\/\/icr.you2.pl\/#\/schema\/person\/944799c9e2f4a94662e3fcb3b1544baf\"},\"potentialAction\":[{\"@type\":\"SearchAction\",\"target\":{\"@type\":\"EntryPoint\",\"urlTemplate\":\"https:\/\/icr.you2.pl\/?s={search_term_string}\"},\"query-input\":{\"@type\":\"PropertyValueSpecification\",\"valueRequired\":true,\"valueName\":\"search_term_string\"}}],\"inLanguage\":\"lt-LT\"},{\"@type\":[\"Person\",\"Organization\"],\"@id\":\"https:\/\/icr.you2.pl\/#\/schema\/person\/944799c9e2f4a94662e3fcb3b1544baf\",\"name\":\"admin\",\"image\":{\"@type\":\"ImageObject\",\"inLanguage\":\"lt-LT\",\"@id\":\"https:\/\/icr.you2.pl\/#\/schema\/person\/image\/\",\"url\":\"https:\/\/icr.you2.pl\/wp-content\/uploads\/2019\/05\/cropped-logo-icr.32f04ad5-1-1.png\",\"contentUrl\":\"https:\/\/icr.you2.pl\/wp-content\/uploads\/2019\/05\/cropped-logo-icr.32f04ad5-1-1.png\",\"width\":400,\"height\":148,\"caption\":\"admin\"},\"logo\":{\"@id\":\"https:\/\/icr.you2.pl\/#\/schema\/person\/image\/\"}}]}<\/script>\n<!-- \/ Yoast SEO plugin. -->","yoast_head_json":{"title":"VoC - ICR POLSKA - bandymai ir sertifikavimas","robots":{"index":"index","follow":"follow","max-snippet":"max-snippet:-1","max-image-preview":"max-image-preview:large","max-video-preview":"max-video-preview:-1"},"canonical":"https:\/\/icr.you2.pl\/lt\/voc\/","og_locale":"lt_LT","og_type":"article","og_title":"VoC - ICR POLSKA - badania i certyfikacja","og_description":"Weryfikacja zgodno\u015bci (Verification of Conformity &#8211; VoC) to us\u0142uga nie wchodz\u0105ca w sk\u0142ad udzielonej akredytacji i notyfikacji i nie ma zwi\u0105zku z prowadzon\u0105 przez ICR Polska Sp. z o.o. dzia\u0142alno\u015bci\u0105 w tym zakresie (nie jest obj\u0119ta zintegrowanym systemem zarz\u0105dzania). Weryfikacja zgodno\u015bci mo\u017ce obejmowa\u0107: Weryfikacj\u0119 dokumentacji technicznej pod k\u0105tem wprowadzenia wyrobu na rynek EU lub innej&hellip;&nbsp;Read More &raquo;VoC","og_url":"https:\/\/icr.you2.pl\/lt\/voc\/","og_site_name":"ICR POLSKA - badania i certyfikacja","article_modified_time":"2023-02-20T10:27:09+00:00","og_image":[{"url":"http:\/\/icr.you2.pl\/wp-content\/uploads\/2019\/06\/word.jpg","type":"","width":"","height":""}],"twitter_card":"summary_large_image","twitter_misc":{"Est. reading time":"1 minut\u0117"},"schema":{"@context":"https:\/\/schema.org","@graph":[{"@type":"WebPage","@id":"https:\/\/icr.you2.pl\/voc\/","url":"https:\/\/icr.you2.pl\/voc\/","name":"VoC - ICR POLSKA - bandymai ir sertifikavimas","isPartOf":{"@id":"https:\/\/icr.you2.pl\/#website"},"primaryImageOfPage":{"@id":"https:\/\/icr.you2.pl\/voc\/#primaryimage"},"image":{"@id":"https:\/\/icr.you2.pl\/voc\/#primaryimage"},"thumbnailUrl":"http:\/\/icr.you2.pl\/wp-content\/uploads\/2019\/06\/word.jpg","datePublished":"2020-10-28T19:22:01+00:00","dateModified":"2023-02-20T10:27:09+00:00","breadcrumb":{"@id":"https:\/\/icr.you2.pl\/voc\/#breadcrumb"},"inLanguage":"lt-LT","potentialAction":[{"@type":"ReadAction","target":["https:\/\/icr.you2.pl\/voc\/"]}]},{"@type":"ImageObject","inLanguage":"lt-LT","@id":"https:\/\/icr.you2.pl\/voc\/#primaryimage","url":"http:\/\/icr.you2.pl\/wp-content\/uploads\/2019\/06\/word.jpg","contentUrl":"http:\/\/icr.you2.pl\/wp-content\/uploads\/2019\/06\/word.jpg"},{"@type":"BreadcrumbList","@id":"https:\/\/icr.you2.pl\/voc\/#breadcrumb","itemListElement":[{"@type":"ListItem","position":1,"name":"Strona g\u0142\u00f3wna","item":"https:\/\/icr.you2.pl\/"},{"@type":"ListItem","position":2,"name":"VoC"}]},{"@type":"WebSite","@id":"https:\/\/icr.you2.pl\/#website","url":"https:\/\/icr.you2.pl\/","name":"ICR POLAND - bandymai ir sertifikavimas","description":"CE sertifikavimas, CE sertifikatas, ISO sertifikatas, RED testavimas, gamini\u0173 testavimas ir sertifikavimas, elektros gamini\u0173 testavimas, medicinos prietais\u0173 testavimas, ATEX, IECEx, FCC, gamini\u0173 sertifikavimas, EMC testavimas, ma\u0161in\u0173 sertifikavimas, CE ma\u0161inos, mokymai, elektronini\u0173 gamini\u0173 testavimas, testavimas 2014\/53\/ES, dron\u0173 sertifikavimas, ISO 13485 sertifikatas, ISO 9001 sertifikatas, NC RfG","publisher":{"@id":"https:\/\/icr.you2.pl\/#\/schema\/person\/944799c9e2f4a94662e3fcb3b1544baf"},"potentialAction":[{"@type":"SearchAction","target":{"@type":"EntryPoint","urlTemplate":"https:\/\/icr.you2.pl\/?s={search_term_string}"},"query-input":{"@type":"PropertyValueSpecification","valueRequired":true,"valueName":"search_term_string"}}],"inLanguage":"lt-LT"},{"@type":["Person","Organization"],"@id":"https:\/\/icr.you2.pl\/#\/schema\/person\/944799c9e2f4a94662e3fcb3b1544baf","name":"administratorius","image":{"@type":"ImageObject","inLanguage":"lt-LT","@id":"https:\/\/icr.you2.pl\/#\/schema\/person\/image\/","url":"https:\/\/icr.you2.pl\/wp-content\/uploads\/2019\/05\/cropped-logo-icr.32f04ad5-1-1.png","contentUrl":"https:\/\/icr.you2.pl\/wp-content\/uploads\/2019\/05\/cropped-logo-icr.32f04ad5-1-1.png","width":400,"height":148,"caption":"admin"},"logo":{"@id":"https:\/\/icr.you2.pl\/#\/schema\/person\/image\/"}}]}},"_links":{"self":[{"href":"https:\/\/icr.you2.pl\/lt\/wp-json\/wp\/v2\/pages\/4015","targetHints":{"allow":["GET"]}}],"collection":[{"href":"https:\/\/icr.you2.pl\/lt\/wp-json\/wp\/v2\/pages"}],"about":[{"href":"https:\/\/icr.you2.pl\/lt\/wp-json\/wp\/v2\/types\/page"}],"author":[{"embeddable":true,"href":"https:\/\/icr.you2.pl\/lt\/wp-json\/wp\/v2\/users\/2"}],"replies":[{"embeddable":true,"href":"https:\/\/icr.you2.pl\/lt\/wp-json\/wp\/v2\/comments?post=4015"}],"version-history":[{"count":0,"href":"https:\/\/icr.you2.pl\/lt\/wp-json\/wp\/v2\/pages\/4015\/revisions"}],"wp:attachment":[{"href":"https:\/\/icr.you2.pl\/lt\/wp-json\/wp\/v2\/media?parent=4015"}],"curies":[{"name":"wp","href":"https:\/\/api.w.org\/{rel}","templated":true}]}}