{"id":431,"date":"2019-03-19T09:59:31","date_gmt":"2019-03-19T09:59:31","guid":{"rendered":"http:\/\/icrpolska.e-ksperci.pl\/?page_id=431"},"modified":"2024-12-10T14:47:04","modified_gmt":"2024-12-10T13:47:04","slug":"akredytacje","status":"publish","type":"page","link":"https:\/\/icr.you2.pl\/lt\/akredytacje\/","title":{"rendered":"Akreditacijos"},"content":{"rendered":"<p>Kompetencij\u0105 teikti paslaugas patvirtina Lenkijos akreditacijos centro (PCA) ir Europos Komisijos akreditacijos pagal teikiam\u0173 paslaug\u0173 r\u016b\u0161\u012f ir apimt\u012f.<\/p>\n<p><strong><u>Akreditacija gamini\u0173 sertifikavimui:<\/u><\/strong><\/p>\n<p data-wp-editing=\"1\"><a href=\"http:\/\/icr.you2.pl\/wp-content\/uploads\/2021\/10\/17065_CE_Accreditation.pdf\" target=\"_blank\" rel=\"noopener\"><img decoding=\"async\" class=\"alignnone\" src=\"http:\/\/icr.you2.pl\/wp-content\/uploads\/2019\/06\/AC197_logo.png\" alt=\"\" width=\"55\" height=\"100\" \/><\/a>\u00a0Dabartin\u0119 PCA AC 197 akreditacijos taikymo srit\u012f galima rasti <a href=\"http:\/\/icr.you2.pl\/wp-content\/uploads\/2024\/10\/AC_197_04.09.2024.pdf\" target=\"_blank\" rel=\"noopener noreferrer\">\u010dia<\/a>.<\/p>\n<p data-wp-editing=\"1\"><img decoding=\"async\" class=\"alignnone wp-image-14898\" src=\"http:\/\/icr.you2.pl\/wp-content\/uploads\/2024\/12\/IECEx.png\" alt=\"\" width=\"92\" height=\"77\" srcset=\"https:\/\/icr.you2.pl\/wp-content\/uploads\/2024\/12\/IECEx.png 161w, https:\/\/icr.you2.pl\/wp-content\/uploads\/2024\/12\/IECEx-14x12.png 14w\" sizes=\"(max-width: 92px) 100vw, 92px\" \/> Dabartin\u0119 gamini\u0173 (CoC) ir gamybos sistem\u0173 (QAR) sertifikavimo srit\u012f tarptautin\u0117je IECEx organizacijoje galima rasti <a href=\"https:\/\/www.iecex.com\/information\/excbs\/httpwww-iecex-comdirectorybodiesbodies1-aspid5\/\" target=\"_blank\" rel=\"noopener\">\u010dia<\/a><\/p>\n<p><strong><u style=\"font-style: inherit; font-weight: inherit;\">Valdymo sistem\u0173 akreditavimas:<\/u><\/strong><\/p>\n<p><a href=\"http:\/\/icr.you2.pl\/wp-content\/uploads\/2021\/10\/17021-1_Accreditation.pdf\" target=\"_blank\" rel=\"noopener\"><img decoding=\"async\" class=\"alignnone\" src=\"http:\/\/icr.you2.pl\/wp-content\/uploads\/2019\/06\/AC200_logo.png\" alt=\"\" width=\"55\" height=\"100\" \/><\/a> Dabartin\u0119 PCA AC 200 akreditacijos taikymo srit\u012f galima rasti <a href=\"http:\/\/icr.you2.pl\/wp-content\/uploads\/2024\/10\/AC-200-6.pdf\" target=\"_blank\" rel=\"noopener noreferrer\">\u010dia<\/a>.<\/p>\n<p><strong><u>Europos Komisijos prane\u0161imas:<\/u><\/strong><\/p>\n<p><img loading=\"lazy\" decoding=\"async\" class=\"alignnone wp-image-12661\" src=\"http:\/\/icr.you2.pl\/wp-content\/uploads\/2024\/02\/NB_2703.png\" alt=\"\" width=\"76\" height=\"56\" srcset=\"https:\/\/icr.you2.pl\/wp-content\/uploads\/2024\/02\/NB_2703.png 65w, https:\/\/icr.you2.pl\/wp-content\/uploads\/2024\/02\/NB_2703-16x12.png 16w\" sizes=\"(max-width: 76px) 100vw, 76px\" \/>\u00a0MD, EMC, RED ir ATEX direktyvoms - daugiau duomen\u0173 baz\u0117je <a style=\"font-size: 14px; background-color: #ffffff;\" href=\"https:\/\/ec.europa.eu\/growth\/tools-databases\/nando\/index.cfm?fuseaction=notifiedbody.notifiedbody&amp;refe_cd=NANDO_INPUT_233263\" target=\"_blank\" rel=\"noopener noreferrer\">NANDO<\/a>.<\/p>\n<p>&nbsp;<\/p>\n<p>Be to, turime <u>u\u017esienio \u012fstaig\u0173 akreditacijos<\/u> akreditavimo sistemos:<\/p>\n<p><a href=\"http:\/\/icr.you2.pl\/wp-content\/uploads\/2024\/10\/KAB-QM.pdf\" target=\"_blank\" rel=\"noopener noreferrer\"><img loading=\"lazy\" decoding=\"async\" class=\"alignnone\" src=\"http:\/\/icr.you2.pl\/wp-content\/uploads\/2019\/06\/KAB-300x212.png\" alt=\"\" width=\"106\" height=\"75\" \/><\/a> \u00a0 \u00a0 \u00a0<a href=\"http:\/\/icr.you2.pl\/wp-content\/uploads\/2024\/10\/IAS-QM.pdf\" target=\"_blank\" rel=\"noopener noreferrer\"><img loading=\"lazy\" decoding=\"async\" class=\"alignnone wp-image-12666\" src=\"http:\/\/icr.you2.pl\/wp-content\/uploads\/2024\/02\/ICR_IAS-Logo-300x204.png\" alt=\"\" width=\"120\" height=\"82\" srcset=\"https:\/\/icr.you2.pl\/wp-content\/uploads\/2024\/02\/ICR_IAS-Logo-300x204.png 300w, https:\/\/icr.you2.pl\/wp-content\/uploads\/2024\/02\/ICR_IAS-Logo-1024x696.png 1024w, https:\/\/icr.you2.pl\/wp-content\/uploads\/2024\/02\/ICR_IAS-Logo-768x522.png 768w, https:\/\/icr.you2.pl\/wp-content\/uploads\/2024\/02\/ICR_IAS-Logo-1536x1044.png 1536w, https:\/\/icr.you2.pl\/wp-content\/uploads\/2024\/02\/ICR_IAS-Logo-2048x1391.png 2048w, https:\/\/icr.you2.pl\/wp-content\/uploads\/2024\/02\/ICR_IAS-Logo-18x12.png 18w\" sizes=\"(max-width: 120px) 100vw, 120px\" \/><\/a><\/p>\n<p>mokslini\u0173 tyrim\u0173 laboratorijos:<\/p>\n<p><a href=\"http:\/\/icr.you2.pl\/wp-content\/uploads\/2024\/10\/KOLAS.pdf\" target=\"_blank\" rel=\"noopener noreferrer\"><img loading=\"lazy\" decoding=\"async\" class=\"alignnone\" src=\"http:\/\/icr.you2.pl\/wp-content\/uploads\/2019\/06\/KOLAS-300x164.png\" alt=\"\" width=\"137\" height=\"75\" \/><\/a><img loading=\"lazy\" decoding=\"async\" src=\"http:\/\/icr.you2.pl\/wp-content\/uploads\/2019\/06\/ilac-mra.png\" alt=\"\" width=\"74\" height=\"75\" \/>\u00a0 \u00a0 \u00a0<a href=\"https:\/\/www.iecee.org\/dyn\/www\/f?p=106:25:0::::FSP_ORG_ID:21176\"><img loading=\"lazy\" decoding=\"async\" class=\"alignnone wp-image-2684\" src=\"http:\/\/icr.you2.pl\/wp-content\/uploads\/2019\/06\/IECEE_logo-300x137.jpg\" alt=\"\" width=\"164\" height=\"75\" srcset=\"https:\/\/icr.you2.pl\/wp-content\/uploads\/2019\/06\/IECEE_logo-300x137.jpg 300w, https:\/\/icr.you2.pl\/wp-content\/uploads\/2019\/06\/IECEE_logo.jpg 332w\" sizes=\"(max-width: 164px) 100vw, 164px\" \/><\/a>\u00a0 \u00a0<img loading=\"lazy\" decoding=\"async\" class=\"alignnone wp-image-14898\" src=\"http:\/\/icr.you2.pl\/wp-content\/uploads\/2024\/12\/IECEx.png\" alt=\"\" width=\"91\" height=\"76\" srcset=\"https:\/\/icr.you2.pl\/wp-content\/uploads\/2024\/12\/IECEx.png 161w, https:\/\/icr.you2.pl\/wp-content\/uploads\/2024\/12\/IECEx-14x12.png 14w\" sizes=\"(max-width: 91px) 100vw, 91px\" \/><\/p>\n<p>ir asmen\u0173 mokym\u0105 bei kompetencij\u0105:<\/p>\n<p><img loading=\"lazy\" decoding=\"async\" src=\"http:\/\/icr.you2.pl\/wp-content\/uploads\/2019\/06\/ExemplarGlobal-300x98.png\" alt=\"\" width=\"230\" height=\"75\" \/><\/p>","protected":false},"excerpt":{"rendered":"<p>Kompetencij\u0105 teikti paslaugas patvirtina Lenkijos akreditacijos centro (PCA) ir Europos Komisijos akreditacijos pagal teikiam\u0173 paslaug\u0173 r\u016b\u0161\u012f ir apimt\u012f. Akreditacija gamini\u0173 sertifikavimui:  Dabartin\u0119 PCA AC 197 akreditacijos apimt\u012f galite rasti \u010dia. Dabartin\u0119 gamini\u0173 (CoC) ir gamybos sistem\u0173 (QAR) sertifikavimo pagal tarptautin\u0119 IECEx organizacij\u0105 apimt\u012f rasite \u010dia Akreditacija...&nbsp;<a href=\"https:\/\/icr.you2.pl\/lt\/akredytacje\/\" rel=\"bookmark\">Skaityti daugiau \"<span class=\"screen-reader-text\">Akreditacijos<\/span><\/a><\/p>","protected":false},"author":1,"featured_media":881,"parent":0,"menu_order":0,"comment_status":"closed","ping_status":"closed","template":"","meta":{"neve_meta_sidebar":"","neve_meta_container":"","neve_meta_enable_content_width":"off","neve_meta_content_width":70,"neve_meta_title_alignment":"","neve_meta_author_avatar":"","neve_post_elements_order":"","neve_meta_disable_header":"","neve_meta_disable_footer":"","neve_meta_disable_title":"","footnotes":""},"class_list":["post-431","page","type-page","status-publish","has-post-thumbnail","hentry"],"yoast_head":"<!-- This site is optimized with the Yoast SEO plugin v26.8 - https:\/\/yoast.com\/product\/yoast-seo-wordpress\/ -->\n<title>Akredytacje - ICR POLSKA - badania i certyfikacja<\/title>\n<meta name=\"robots\" content=\"index, follow, max-snippet:-1, max-image-preview:large, max-video-preview:-1\" \/>\n<link rel=\"canonical\" href=\"https:\/\/icr.you2.pl\/lt\/akredytacje\/\" \/>\n<meta property=\"og:locale\" content=\"lt_LT\" \/>\n<meta property=\"og:type\" content=\"article\" \/>\n<meta property=\"og:title\" content=\"Akredytacje - ICR POLSKA - badania i certyfikacja\" \/>\n<meta property=\"og:description\" content=\"Kompetencje do realizacji naszych us\u0142ug s\u0105 potwierdzone akredytacjami Polskiego Centrum Akredytacji (PCA) oraz przez Komisj\u0119 Europejsk\u0105, stosownie do rodzaju i zakresu prowadzonej us\u0142ugi. Akredytacja do certyfikacji wyrob\u00f3w: \u00a0Aktualny zakres akredytacji PCA AC 197 znajduje si\u0119 tutaj. Aktualny zakres dla certyfikacji wyrob\u00f3w (CoC) i system\u00f3w produkcji (QAR) w ramach mi\u0119dzynarodowej organizacji IECEx znajduje si\u0119 tutaj Akredytacja&hellip;&nbsp;Read More &raquo;Akredytacje\" \/>\n<meta property=\"og:url\" content=\"https:\/\/icr.you2.pl\/lt\/akredytacje\/\" \/>\n<meta property=\"og:site_name\" content=\"ICR POLSKA - badania i certyfikacja\" \/>\n<meta property=\"article:modified_time\" content=\"2024-12-10T13:47:04+00:00\" \/>\n<meta name=\"twitter:card\" content=\"summary_large_image\" \/>\n<meta name=\"twitter:label1\" content=\"Est. reading time\" \/>\n\t<meta name=\"twitter:data1\" content=\"3 minut\u0117s\" \/>\n<script type=\"application\/ld+json\" class=\"yoast-schema-graph\">{\"@context\":\"https:\/\/schema.org\",\"@graph\":[{\"@type\":\"WebPage\",\"@id\":\"https:\/\/icr.you2.pl\/akredytacje\/\",\"url\":\"https:\/\/icr.you2.pl\/akredytacje\/\",\"name\":\"Akredytacje - ICR POLSKA - badania i certyfikacja\",\"isPartOf\":{\"@id\":\"https:\/\/icr.you2.pl\/#website\"},\"primaryImageOfPage\":{\"@id\":\"https:\/\/icr.you2.pl\/akredytacje\/#primaryimage\"},\"image\":{\"@id\":\"https:\/\/icr.you2.pl\/akredytacje\/#primaryimage\"},\"thumbnailUrl\":\"\",\"datePublished\":\"2019-03-19T09:59:31+00:00\",\"dateModified\":\"2024-12-10T13:47:04+00:00\",\"breadcrumb\":{\"@id\":\"https:\/\/icr.you2.pl\/akredytacje\/#breadcrumb\"},\"inLanguage\":\"lt-LT\",\"potentialAction\":[{\"@type\":\"ReadAction\",\"target\":[\"https:\/\/icr.you2.pl\/akredytacje\/\"]}]},{\"@type\":\"ImageObject\",\"inLanguage\":\"lt-LT\",\"@id\":\"https:\/\/icr.you2.pl\/akredytacje\/#primaryimage\",\"url\":\"\",\"contentUrl\":\"\"},{\"@type\":\"BreadcrumbList\",\"@id\":\"https:\/\/icr.you2.pl\/akredytacje\/#breadcrumb\",\"itemListElement\":[{\"@type\":\"ListItem\",\"position\":1,\"name\":\"Strona g\u0142\u00f3wna\",\"item\":\"https:\/\/icr.you2.pl\/\"},{\"@type\":\"ListItem\",\"position\":2,\"name\":\"Akredytacje\"}]},{\"@type\":\"WebSite\",\"@id\":\"https:\/\/icr.you2.pl\/#website\",\"url\":\"https:\/\/icr.you2.pl\/\",\"name\":\"ICR POLSKA - badania i certyfikacja\",\"description\":\"CE certification, CE certificate, ISO certificate, RED testing, product testing and certification, electrical product testing, medical device testing, ATEX, IECEx, FCC, product certification, EMC testing, machinery certification, CE machines, training, electronic product testing, testing 2014\/53\/EU, drone certification, ISO 13485 certificate, ISO 9001 certificate, NC RfG\",\"publisher\":{\"@id\":\"https:\/\/icr.you2.pl\/#\/schema\/person\/944799c9e2f4a94662e3fcb3b1544baf\"},\"potentialAction\":[{\"@type\":\"SearchAction\",\"target\":{\"@type\":\"EntryPoint\",\"urlTemplate\":\"https:\/\/icr.you2.pl\/?s={search_term_string}\"},\"query-input\":{\"@type\":\"PropertyValueSpecification\",\"valueRequired\":true,\"valueName\":\"search_term_string\"}}],\"inLanguage\":\"lt-LT\"},{\"@type\":[\"Person\",\"Organization\"],\"@id\":\"https:\/\/icr.you2.pl\/#\/schema\/person\/944799c9e2f4a94662e3fcb3b1544baf\",\"name\":\"admin\",\"image\":{\"@type\":\"ImageObject\",\"inLanguage\":\"lt-LT\",\"@id\":\"https:\/\/icr.you2.pl\/#\/schema\/person\/image\/\",\"url\":\"https:\/\/icr.you2.pl\/wp-content\/uploads\/2019\/05\/cropped-logo-icr.32f04ad5-1-1.png\",\"contentUrl\":\"https:\/\/icr.you2.pl\/wp-content\/uploads\/2019\/05\/cropped-logo-icr.32f04ad5-1-1.png\",\"width\":400,\"height\":148,\"caption\":\"admin\"},\"logo\":{\"@id\":\"https:\/\/icr.you2.pl\/#\/schema\/person\/image\/\"}}]}<\/script>\n<!-- \/ Yoast SEO plugin. -->","yoast_head_json":{"title":"Akreditacijos - ICR POLAND - bandymai ir sertifikavimas","robots":{"index":"index","follow":"follow","max-snippet":"max-snippet:-1","max-image-preview":"max-image-preview:large","max-video-preview":"max-video-preview:-1"},"canonical":"https:\/\/icr.you2.pl\/lt\/akredytacje\/","og_locale":"lt_LT","og_type":"article","og_title":"Akredytacje - ICR POLSKA - badania i certyfikacja","og_description":"Kompetencje do realizacji naszych us\u0142ug s\u0105 potwierdzone akredytacjami Polskiego Centrum Akredytacji (PCA) oraz przez Komisj\u0119 Europejsk\u0105, stosownie do rodzaju i zakresu prowadzonej us\u0142ugi. Akredytacja do certyfikacji wyrob\u00f3w: \u00a0Aktualny zakres akredytacji PCA AC 197 znajduje si\u0119 tutaj. Aktualny zakres dla certyfikacji wyrob\u00f3w (CoC) i system\u00f3w produkcji (QAR) w ramach mi\u0119dzynarodowej organizacji IECEx znajduje si\u0119 tutaj Akredytacja&hellip;&nbsp;Read More &raquo;Akredytacje","og_url":"https:\/\/icr.you2.pl\/lt\/akredytacje\/","og_site_name":"ICR POLSKA - badania i certyfikacja","article_modified_time":"2024-12-10T13:47:04+00:00","twitter_card":"summary_large_image","twitter_misc":{"Est. reading time":"3 minut\u0117s"},"schema":{"@context":"https:\/\/schema.org","@graph":[{"@type":"WebPage","@id":"https:\/\/icr.you2.pl\/akredytacje\/","url":"https:\/\/icr.you2.pl\/akredytacje\/","name":"Akreditacijos - ICR POLAND - bandymai ir sertifikavimas","isPartOf":{"@id":"https:\/\/icr.you2.pl\/#website"},"primaryImageOfPage":{"@id":"https:\/\/icr.you2.pl\/akredytacje\/#primaryimage"},"image":{"@id":"https:\/\/icr.you2.pl\/akredytacje\/#primaryimage"},"thumbnailUrl":"","datePublished":"2019-03-19T09:59:31+00:00","dateModified":"2024-12-10T13:47:04+00:00","breadcrumb":{"@id":"https:\/\/icr.you2.pl\/akredytacje\/#breadcrumb"},"inLanguage":"lt-LT","potentialAction":[{"@type":"ReadAction","target":["https:\/\/icr.you2.pl\/akredytacje\/"]}]},{"@type":"ImageObject","inLanguage":"lt-LT","@id":"https:\/\/icr.you2.pl\/akredytacje\/#primaryimage","url":"","contentUrl":""},{"@type":"BreadcrumbList","@id":"https:\/\/icr.you2.pl\/akredytacje\/#breadcrumb","itemListElement":[{"@type":"ListItem","position":1,"name":"Strona g\u0142\u00f3wna","item":"https:\/\/icr.you2.pl\/"},{"@type":"ListItem","position":2,"name":"Akredytacje"}]},{"@type":"WebSite","@id":"https:\/\/icr.you2.pl\/#website","url":"https:\/\/icr.you2.pl\/","name":"ICR POLAND - bandymai ir sertifikavimas","description":"CE sertifikavimas, CE sertifikatas, ISO sertifikatas, RED testavimas, gamini\u0173 testavimas ir sertifikavimas, elektros gamini\u0173 testavimas, medicinos prietais\u0173 testavimas, ATEX, IECEx, FCC, gamini\u0173 sertifikavimas, EMC testavimas, ma\u0161in\u0173 sertifikavimas, CE ma\u0161inos, mokymai, elektronini\u0173 gamini\u0173 testavimas, testavimas 2014\/53\/ES, dron\u0173 sertifikavimas, ISO 13485 sertifikatas, ISO 9001 sertifikatas, NC RfG","publisher":{"@id":"https:\/\/icr.you2.pl\/#\/schema\/person\/944799c9e2f4a94662e3fcb3b1544baf"},"potentialAction":[{"@type":"SearchAction","target":{"@type":"EntryPoint","urlTemplate":"https:\/\/icr.you2.pl\/?s={search_term_string}"},"query-input":{"@type":"PropertyValueSpecification","valueRequired":true,"valueName":"search_term_string"}}],"inLanguage":"lt-LT"},{"@type":["Person","Organization"],"@id":"https:\/\/icr.you2.pl\/#\/schema\/person\/944799c9e2f4a94662e3fcb3b1544baf","name":"administratorius","image":{"@type":"ImageObject","inLanguage":"lt-LT","@id":"https:\/\/icr.you2.pl\/#\/schema\/person\/image\/","url":"https:\/\/icr.you2.pl\/wp-content\/uploads\/2019\/05\/cropped-logo-icr.32f04ad5-1-1.png","contentUrl":"https:\/\/icr.you2.pl\/wp-content\/uploads\/2019\/05\/cropped-logo-icr.32f04ad5-1-1.png","width":400,"height":148,"caption":"admin"},"logo":{"@id":"https:\/\/icr.you2.pl\/#\/schema\/person\/image\/"}}]}},"_links":{"self":[{"href":"https:\/\/icr.you2.pl\/lt\/wp-json\/wp\/v2\/pages\/431","targetHints":{"allow":["GET"]}}],"collection":[{"href":"https:\/\/icr.you2.pl\/lt\/wp-json\/wp\/v2\/pages"}],"about":[{"href":"https:\/\/icr.you2.pl\/lt\/wp-json\/wp\/v2\/types\/page"}],"author":[{"embeddable":true,"href":"https:\/\/icr.you2.pl\/lt\/wp-json\/wp\/v2\/users\/1"}],"replies":[{"embeddable":true,"href":"https:\/\/icr.you2.pl\/lt\/wp-json\/wp\/v2\/comments?post=431"}],"version-history":[{"count":0,"href":"https:\/\/icr.you2.pl\/lt\/wp-json\/wp\/v2\/pages\/431\/revisions"}],"wp:featuredmedia":[{"embeddable":true,"href":"https:\/\/icr.you2.pl\/lt\/wp-json\/"}],"wp:attachment":[{"href":"https:\/\/icr.you2.pl\/lt\/wp-json\/wp\/v2\/media?parent=431"}],"curies":[{"name":"wp","href":"https:\/\/api.w.org\/{rel}","templated":true}]}}