{"id":435,"date":"2019-03-19T10:00:59","date_gmt":"2019-03-19T10:00:59","guid":{"rendered":"http:\/\/icrpolska.e-ksperci.pl\/?page_id=435"},"modified":"2023-03-16T14:21:01","modified_gmt":"2023-03-16T13:21:01","slug":"oferty-pracy","status":"publish","type":"page","link":"https:\/\/icr.you2.pl\/lt\/oferty-pracy\/","title":{"rendered":"Darbo galimyb\u0117s"},"content":{"rendered":"<p><strong>ICR Polska <\/strong>Ltd. prad\u0117jo veikti 2014 m. kaip \"ICR Co.\" Europos padalinys. Ltd\", tarptautin\u0117 mokslini\u0173 tyrim\u0173 ir sertifikavimo \u012fmon\u0117, \u012fsik\u016brusi Seule, Piet\u0173 Kor\u0117joje.<\/p>\n<p>Vykdome plataus masto veikl\u0105 TIC - bandym\u0173, patikrinim\u0173 ir sertifikavimo - srityje \u0161alyje ir u\u017esienyje.<\/p>\n<p>ICR Lenkijoje neseniai buvo atliktas medicinos prietais\u0173 sertifikavimo vertinimas pagal Reglament\u0105 2017\/745 - MDR, tod\u0117l ie\u0161koma \u017emoni\u0173, turin\u010di\u0173 patirties ir noro tobul\u0117ti min\u0117toje srityje.<\/p>\n<h3 align=\"center\"><b>Medicinos prietais\u0173 sertifikavimo specialistas\u00a0<\/b><\/h3>\n<p>Darbo vieta: Darbo vieta: Var\u0161uva, vis\u0105 darbo dien\u0105<\/p>\n<p><strong>DARBO APRA\u0160YMAS:<\/strong><\/p>\n<ul>\n<li>Atlikti oficial\u0173 ir esmin\u012f medicinos prietais\u0173 dokumentacijos vertinim\u0105,<\/li>\n<li>konkret\u0173 sertifikavimo etap\u0105 atliekan\u010di\u0173 ekspert\u0173 atranka ir prie\u017ei\u016bra,<\/li>\n<li>Atlikti audit\u0105 vietoje kliento patalpose (pasirengimas keliauti, \u012fskaitant u\u017esien\u012f),<\/li>\n<li>Glaudus bendradarbiavimas su esamais ir potencialiais klientais,<\/li>\n<\/ul>\n<p><strong><b>REIKALAVIMAI<\/b>:<\/strong><\/p>\n<ul>\n<li>Ne ma\u017eesn\u0117 kaip 3 met\u0173 darbo patirtis medicinos prietais\u0173 srityje,<\/li>\n<li>Universitetinis i\u0161silavinimas medicinos, biotechnologijos, medicinos chemijos, medicinos analitikos, biomedicinos in\u017einerijos, med\u017eiag\u0173 in\u017einerijos ir susijusi\u0173 disciplin\u0173 srityje,<\/li>\n<li>Teisini\u0173 ir normatyvini\u0173 reikalavim\u0173, taikom\u0173 medicinos prietaisams CE tikslais, i\u0161manymas,<\/li>\n<li>Kokyb\u0117s valdymo sistem\u0173 i\u0161manymas,<\/li>\n<li>Angl\u0173 kalbos \u017einios pa\u017eengusio vartotojo lygiu,<\/li>\n<\/ul>\n<p><strong><b>SI\u016aLOME<\/b>:<\/strong><\/p>\n<ul>\n<li>darbas pagal darbo sutart\u012f,<\/li>\n<li>fiksuotas atlyginimas ir nuo darbo rezultat\u0173 priklausanti premija,<\/li>\n<li>Profesinio tobul\u0117jimo galimyb\u0117s mokantis ir dirbant dinami\u0161koje tarptautin\u0117je organizacijoje,<\/li>\n<\/ul>\n<p>\u012emon\u0117s informacija:<\/p>\n<p><a href=\"http:\/\/icr.you2.pl\/lt\/\">http:\/\/icr.you2.pl\/<\/a><\/p>\n<p><a href=\"http:\/\/icrqa.com\/\">http:\/\/icrqa.com\/<\/a><\/p>\n<hr \/>\n<h3 align=\"center\"><b>Vadybos sistem\u0173 sertifikavimo specialistas\u00a0<\/b><\/h3>\n<p><strong>DARBO APRA\u0160YMAS:<\/strong><\/p>\n<ul>\n<li>organizuoti ir saugoti sertifikavimo ir prie\u017ei\u016bros proces\u0173 \u012fra\u0161us.<\/li>\n<li>\u012fsigijimas ir bendradarbiavimas su klientais.<\/li>\n<li>auditori\u0173 ir (arba) ekspert\u0173 bendradarbiavimas ir prie\u017ei\u016bra.<\/li>\n<li>bendradarbiavimas su nacionaliniais ir u\u017esienio klientais.<\/li>\n<\/ul>\n<p><b>REIKALAVIMAI:<\/b><\/p>\n<ul>\n<li>techninis universitetinis i\u0161silavinimas<\/li>\n<li>min. 2 met\u0173 pana\u0161aus darbo patirtis arba techninio darbo patirtis gamybos, projektavimo ar mokslini\u0173 tyrim\u0173 srityje.<\/li>\n<li>ISO 9001, 14001, 13485 standart\u0173 serijos i\u0161manymas<\/li>\n<li>pakankamai gerai mok\u0117ti angl\u0173 kalb\u0105, kad b\u016bt\u0173 galima \u012fvertinti technin\u0119 produkto dokumentacij\u0105, bendrauti su klientais<\/li>\n<li>ISO\/IEC 17021 ir ISO\/IEC 17065 \u017einios b\u016bt\u0173 privalumas<\/li>\n<\/ul>\n<p><b>SI\u016aLOME:<\/b><\/p>\n<ul>\n<li>sutartinis arba B2B \u012fdarbinimas.<\/li>\n<li>dirbti dinami\u0161koje \u012fmon\u0117je ir dalyvauti \u012fdomiuose projektuose.<\/li>\n<li>lankstus prad\u017eios laikas (nuo 7.00 iki 8.30 val.),<\/li>\n<li>Galimyb\u0117 profesi\u0161kai tobul\u0117ti tarptautin\u0117je ekspert\u0173 aplinkoje, kurioje vyrauja laisva atmosfera,<\/li>\n<li>specializuoti mokymai, skirti j\u016bs\u0173 teis\u0117ms i\u0161laikyti ir tobulinti.<\/li>\n<li>kompetencij\u0105 atitinkantis atlyginimas.<\/li>\n<\/ul>\n<p>&nbsp;<\/p>\n<hr \/>\n<p><strong>Si\u0173sdami parai\u0161k\u0105 prid\u0117kite ra\u0161ti\u0161k\u0105 sutikim\u0105:<\/strong><br \/>\nSutinku, kad ICR Polska Sp. z o. o. tvarkyt\u0173 mano asmens duomenis, pateiktus mano parai\u0161kos dokumentuose, tikslais, reikalingais \u012fdarbinimo procesui. Nepaisant to, kas i\u0161d\u0117styta pirmiau, nor\u0117tume jus informuoti, kad duomen\u0173 valdytojas pasilieka teis\u0119 susisiekti su atrinktais asmenimis, kurie atitinka skelbime nurodytus kriterijus. Kartu pateikiame jums informacij\u0105 apie j\u016bs\u0173 asmens duomen\u0173 tvarkym\u0105 m\u016bs\u0173 vykdomose \u012fdarbinimo proced\u016brose pagal 2016 m. baland\u017eio 27 d. Europos Parlamento ir Tarybos reglament\u0105 (ES) 2016\/679 d\u0117l fizini\u0173 asmen\u0173 apsaugos tvarkant asmens duomenis ir d\u0117l laisvo toki\u0173 duomen\u0173 jud\u0117jimo ir kuriuo panaikinama Direktyva 95\/46\/EB (Bendrasis duomen\u0173 apsaugos reglamentas), toliau - RODO:<\/p>\n<ol>\n<li>J\u016bs\u0173 asmens duomen\u0173, nurodyt\u0173 j\u016bs\u0173 parai\u0161kos dokumentuose, valdytojas yra ICR Polska Sp. z o.o., kurios registruota buvein\u0117 yra Var\u0161uvoje, 03-944, Plac Przymierza 6 (toliau - duomen\u0173 valdytojas).<\/li>\n<li>Duomen\u0173 valdytojas parei\u0161kia, kad jis yra atsakingas u\u017e pareig\u0173, kylan\u010di\u0173 i\u0161 duomen\u0173 apsaugos teis\u0117s akt\u0173, ypa\u010d susijusi\u0173 su j\u016bs\u0173 teisi\u0173 \u012fgyvendinimu, vykdym\u0105.<\/li>\n<li>Jei turite klausim\u0173 d\u0117l m\u016bs\u0173 atliekamo j\u016bs\u0173 duomen\u0173 tvarkymo, galite kreiptis adresu: icrpolska@icrqa.com.<\/li>\n<li>J\u016bs\u0173 asmens duomenys bus tvarkomi partneryst\u0117s u\u017emezgimo tikslu.<\/li>\n<li>Pateiktame motyvaciniame lai\u0161ke, gyvenimo apra\u0161yme ir (arba) kituose dokumentuose pateikti asmens duomenis, pavyzd\u017eiui, vard\u0105, pavard\u0119, gimimo dat\u0105, gyvenamosios vietos adres\u0105 (pa\u0161to adres\u0105), informacij\u0105 apie i\u0161silavinim\u0105 ir ankstesnio darbo istorij\u0105, yra savanori\u0161ka, ta\u010diau b\u016btina ir b\u016btina \u012fdarbinimo tikslais.  Duomenys bus tvarkomi remiantis RODO 6 straipsnio 1 dalies b punktu ir Darbo kodekso 22 straipsnio 1 dalies 1 dalimi.<\/li>\n<li>Kitus duomenis, pavyzd\u017eiui, el. pa\u0161to adres\u0105, kontaktin\u012f telefono numer\u012f arba nuotrauk\u0105, pateikt\u0105 j\u016bs\u0173 gyvenimo apra\u0161yme (atvaizde), pateikiate savanori\u0161kai, ir jie bus tvarkomi remiantis j\u016bs\u0173 sutikimu, suteiktu pagal RODO 6 straipsnio 1 dalies a punkt\u0105.<\/li>\n<li>J\u016bs\u0173 asmens duomen\u0173 gav\u0117jas yra ICR Polska Sp. z o.o. ir \u012fgalioti Duomen\u0173 valdytojo darbuotojai\/kolegos, vykdantys \u012fdarbinimo proces\u0105.<\/li>\n<li>J\u016bs\u0173 asmens duomenys bus saugomi \u012fdarbinimo laikotarpiu, bet ne ilgiau kaip 12 m\u0117nesi\u0173 nuo j\u0173 gavimo.<\/li>\n<li>Gavus j\u016bs\u0173 sutikim\u0105, pateikti duomenys bus saugomi tolesnio \u012fdarbinimo tikslais ne ilgiau kaip 24 m\u0117nesius nuo tokio sutikimo dienos.<\/li>\n<li>Tiek, kiek ir pagal DA\u012e nustatytus principus, turite teis\u0119 bet kuriuo metu susipa\u017einti su savo duomen\u0173 turiniu ir teis\u0119 \u012f i\u0161taisym\u0105, i\u0161trynim\u0105, duomen\u0173 tvarkymo apribojim\u0105, teis\u0119 \u012f duomen\u0173 perkeliamum\u0105, teis\u0119 nesutikti ir teis\u0119 at\u0161aukti sutikim\u0105 tvarkyti duomenis.<\/li>\n<li>Sutikimo at\u0161aukimas neturi \u012ftakos duomen\u0173 tvarkymo, atlikto iki sutikimo at\u0161aukimo, teis\u0117tumui.<\/li>\n<li>Jei norite at\u0161aukti savo sutikim\u0105 tvarkyti duomenis arba pra\u0161yti i\u0161trinti duomenis, gautus \u012fdarbinimo proceso metu, ra\u0161ykite Duomen\u0173 valdytojo registruotos buvein\u0117s adresu arba el. pa\u0161tu: icrpolska@icrqa.com<\/li>\n<li>J\u016bs\u0173 asmens duomenys nebus perduoti tre\u010diajai \u0161aliai ar tarptautinei organizacijai.<\/li>\n<li>J\u016bs\u0173 duomenys nebus tvarkomi automatizuotomis priemon\u0117mis taip, kad d\u0117l automatizuoto duomen\u0173 tvarkymo b\u016bt\u0173 galima priimti bet kokius sprendimus, atsirast\u0173 kitos teisin\u0117s pasekm\u0117s arba kitaip b\u016bt\u0173 padarytas esminis poveikis j\u016bs\u0173 pad\u0117\u010diai.<\/li>\n<li>J\u016bs\u0173 duomenys nebus profiliuojami.<\/li>\n<li>Turite teis\u0119 pateikti skund\u0105 Duomen\u0173 apsaugos tarnybos pirmininkui, jei manote, kad tvarkant su jumis susijusius asmens duomenis pa\u017eeid\u017eiami teis\u0117s aktai.<\/li>\n<\/ol>","protected":false},"excerpt":{"rendered":"<p>\"ICR Polska Sp. z o.o.\" prad\u0117jo veikl\u0105 2014 m. kaip \"ICR Co. Ltd\", tarptautin\u0117 bandym\u0173 ir sertifikavimo \u012fmon\u0117, \u012fsik\u016brusi Seule, Piet\u0173 Kor\u0117joje. Vykdome plataus masto veikl\u0105 TIC - bandym\u0173, tikrinim\u0173 ir sertifikavimo - srityje \u0161alyje ir u\u017esienyje. ICR Lenkijoje neseniai buvo atliktas medicinos prietais\u0173 sertifikavimo vertinimas pagal Reglament\u0105 2017\/745.....&nbsp;<a href=\"https:\/\/icr.you2.pl\/lt\/oferty-pracy\/\" rel=\"bookmark\">Skaityti daugiau \"<span class=\"screen-reader-text\">Darbo galimyb\u0117s<\/span><\/a><\/p>","protected":false},"author":1,"featured_media":259,"parent":0,"menu_order":0,"comment_status":"closed","ping_status":"closed","template":"","meta":{"neve_meta_sidebar":"","neve_meta_container":"","neve_meta_enable_content_width":"off","neve_meta_content_width":70,"neve_meta_title_alignment":"","neve_meta_author_avatar":"","neve_post_elements_order":"","neve_meta_disable_header":"","neve_meta_disable_footer":"","neve_meta_disable_title":"","footnotes":""},"class_list":["post-435","page","type-page","status-publish","has-post-thumbnail","hentry"],"yoast_head":"<!-- This site is optimized with the Yoast SEO plugin v26.8 - https:\/\/yoast.com\/product\/yoast-seo-wordpress\/ -->\n<title>Oferty pracy - ICR POLSKA - badania i certyfikacja<\/title>\n<meta name=\"robots\" content=\"index, follow, max-snippet:-1, max-image-preview:large, max-video-preview:-1\" \/>\n<link rel=\"canonical\" href=\"https:\/\/icr.you2.pl\/lt\/oferty-pracy\/\" \/>\n<meta property=\"og:locale\" content=\"lt_LT\" \/>\n<meta property=\"og:type\" content=\"article\" \/>\n<meta property=\"og:title\" content=\"Oferty pracy - ICR POLSKA - badania i certyfikacja\" \/>\n<meta property=\"og:description\" content=\"ICR Polska Sp. z o.o. rozpocz\u0119\u0142a dzia\u0142alno\u015b\u0107 w 2014 jako Europejski oddzia\u0142 ICR Co. Ltd., mi\u0119dzynarodowej jednostki badawczo-certyfikuj\u0105cej z siedzib\u0105 w Seulu w Korei Po\u0142udniowej. Prowadzimy rozleg\u0142\u0105 dzia\u0142alno\u015b\u0107 w zakresie obszaru TIC \u2013 Testing-Inspection-Certification w kraju i zagranic\u0105. ICR Polska niedawno przesz\u0142a ocen\u0119 pod k\u0105tem uzyskania uprawnie\u0144 w zakresie certyfikacji wyrob\u00f3w medycznych wg Rozporz\u0105dzenia 2017\/745&hellip;&nbsp;Read More &raquo;Oferty pracy\" \/>\n<meta property=\"og:url\" content=\"https:\/\/icr.you2.pl\/lt\/oferty-pracy\/\" \/>\n<meta property=\"og:site_name\" content=\"ICR POLSKA - badania i certyfikacja\" \/>\n<meta property=\"article:modified_time\" content=\"2023-03-16T13:21:01+00:00\" \/>\n<meta name=\"twitter:card\" content=\"summary_large_image\" \/>\n<meta name=\"twitter:label1\" content=\"Est. reading time\" \/>\n\t<meta name=\"twitter:data1\" content=\"6 minut\u0117s\" \/>\n<script type=\"application\/ld+json\" class=\"yoast-schema-graph\">{\"@context\":\"https:\/\/schema.org\",\"@graph\":[{\"@type\":\"WebPage\",\"@id\":\"https:\/\/icr.you2.pl\/oferty-pracy\/\",\"url\":\"https:\/\/icr.you2.pl\/oferty-pracy\/\",\"name\":\"Oferty pracy - ICR POLSKA - badania i certyfikacja\",\"isPartOf\":{\"@id\":\"https:\/\/icr.you2.pl\/#website\"},\"primaryImageOfPage\":{\"@id\":\"https:\/\/icr.you2.pl\/oferty-pracy\/#primaryimage\"},\"image\":{\"@id\":\"https:\/\/icr.you2.pl\/oferty-pracy\/#primaryimage\"},\"thumbnailUrl\":\"\",\"datePublished\":\"2019-03-19T10:00:59+00:00\",\"dateModified\":\"2023-03-16T13:21:01+00:00\",\"breadcrumb\":{\"@id\":\"https:\/\/icr.you2.pl\/oferty-pracy\/#breadcrumb\"},\"inLanguage\":\"lt-LT\",\"potentialAction\":[{\"@type\":\"ReadAction\",\"target\":[\"https:\/\/icr.you2.pl\/oferty-pracy\/\"]}]},{\"@type\":\"ImageObject\",\"inLanguage\":\"lt-LT\",\"@id\":\"https:\/\/icr.you2.pl\/oferty-pracy\/#primaryimage\",\"url\":\"\",\"contentUrl\":\"\"},{\"@type\":\"BreadcrumbList\",\"@id\":\"https:\/\/icr.you2.pl\/oferty-pracy\/#breadcrumb\",\"itemListElement\":[{\"@type\":\"ListItem\",\"position\":1,\"name\":\"Strona g\u0142\u00f3wna\",\"item\":\"https:\/\/icr.you2.pl\/\"},{\"@type\":\"ListItem\",\"position\":2,\"name\":\"Oferty pracy\"}]},{\"@type\":\"WebSite\",\"@id\":\"https:\/\/icr.you2.pl\/#website\",\"url\":\"https:\/\/icr.you2.pl\/\",\"name\":\"ICR POLSKA - badania i certyfikacja\",\"description\":\"CE certification, CE certificate, ISO certificate, RED testing, product testing and certification, electrical product testing, medical device testing, ATEX, IECEx, FCC, product certification, EMC testing, machinery certification, CE machines, training, electronic product testing, testing 2014\/53\/EU, drone certification, ISO 13485 certificate, ISO 9001 certificate, NC RfG\",\"publisher\":{\"@id\":\"https:\/\/icr.you2.pl\/#\/schema\/person\/944799c9e2f4a94662e3fcb3b1544baf\"},\"potentialAction\":[{\"@type\":\"SearchAction\",\"target\":{\"@type\":\"EntryPoint\",\"urlTemplate\":\"https:\/\/icr.you2.pl\/?s={search_term_string}\"},\"query-input\":{\"@type\":\"PropertyValueSpecification\",\"valueRequired\":true,\"valueName\":\"search_term_string\"}}],\"inLanguage\":\"lt-LT\"},{\"@type\":[\"Person\",\"Organization\"],\"@id\":\"https:\/\/icr.you2.pl\/#\/schema\/person\/944799c9e2f4a94662e3fcb3b1544baf\",\"name\":\"admin\",\"image\":{\"@type\":\"ImageObject\",\"inLanguage\":\"lt-LT\",\"@id\":\"https:\/\/icr.you2.pl\/#\/schema\/person\/image\/\",\"url\":\"https:\/\/icr.you2.pl\/wp-content\/uploads\/2019\/05\/cropped-logo-icr.32f04ad5-1-1.png\",\"contentUrl\":\"https:\/\/icr.you2.pl\/wp-content\/uploads\/2019\/05\/cropped-logo-icr.32f04ad5-1-1.png\",\"width\":400,\"height\":148,\"caption\":\"admin\"},\"logo\":{\"@id\":\"https:\/\/icr.you2.pl\/#\/schema\/person\/image\/\"}}]}<\/script>\n<!-- \/ Yoast SEO plugin. -->","yoast_head_json":{"title":"Darbo galimyb\u0117s - ICR POLSKA - Bandymai ir sertifikavimas","robots":{"index":"index","follow":"follow","max-snippet":"max-snippet:-1","max-image-preview":"max-image-preview:large","max-video-preview":"max-video-preview:-1"},"canonical":"https:\/\/icr.you2.pl\/lt\/oferty-pracy\/","og_locale":"lt_LT","og_type":"article","og_title":"Oferty pracy - ICR POLSKA - badania i certyfikacja","og_description":"ICR Polska Sp. z o.o. rozpocz\u0119\u0142a dzia\u0142alno\u015b\u0107 w 2014 jako Europejski oddzia\u0142 ICR Co. Ltd., mi\u0119dzynarodowej jednostki badawczo-certyfikuj\u0105cej z siedzib\u0105 w Seulu w Korei Po\u0142udniowej. Prowadzimy rozleg\u0142\u0105 dzia\u0142alno\u015b\u0107 w zakresie obszaru TIC \u2013 Testing-Inspection-Certification w kraju i zagranic\u0105. ICR Polska niedawno przesz\u0142a ocen\u0119 pod k\u0105tem uzyskania uprawnie\u0144 w zakresie certyfikacji wyrob\u00f3w medycznych wg Rozporz\u0105dzenia 2017\/745&hellip;&nbsp;Read More &raquo;Oferty pracy","og_url":"https:\/\/icr.you2.pl\/lt\/oferty-pracy\/","og_site_name":"ICR POLSKA - badania i certyfikacja","article_modified_time":"2023-03-16T13:21:01+00:00","twitter_card":"summary_large_image","twitter_misc":{"Est. reading time":"6 minut\u0117s"},"schema":{"@context":"https:\/\/schema.org","@graph":[{"@type":"WebPage","@id":"https:\/\/icr.you2.pl\/oferty-pracy\/","url":"https:\/\/icr.you2.pl\/oferty-pracy\/","name":"Darbo galimyb\u0117s - ICR POLSKA - Bandymai ir sertifikavimas","isPartOf":{"@id":"https:\/\/icr.you2.pl\/#website"},"primaryImageOfPage":{"@id":"https:\/\/icr.you2.pl\/oferty-pracy\/#primaryimage"},"image":{"@id":"https:\/\/icr.you2.pl\/oferty-pracy\/#primaryimage"},"thumbnailUrl":"","datePublished":"2019-03-19T10:00:59+00:00","dateModified":"2023-03-16T13:21:01+00:00","breadcrumb":{"@id":"https:\/\/icr.you2.pl\/oferty-pracy\/#breadcrumb"},"inLanguage":"lt-LT","potentialAction":[{"@type":"ReadAction","target":["https:\/\/icr.you2.pl\/oferty-pracy\/"]}]},{"@type":"ImageObject","inLanguage":"lt-LT","@id":"https:\/\/icr.you2.pl\/oferty-pracy\/#primaryimage","url":"","contentUrl":""},{"@type":"BreadcrumbList","@id":"https:\/\/icr.you2.pl\/oferty-pracy\/#breadcrumb","itemListElement":[{"@type":"ListItem","position":1,"name":"Strona g\u0142\u00f3wna","item":"https:\/\/icr.you2.pl\/"},{"@type":"ListItem","position":2,"name":"Oferty pracy"}]},{"@type":"WebSite","@id":"https:\/\/icr.you2.pl\/#website","url":"https:\/\/icr.you2.pl\/","name":"ICR POLAND - bandymai ir sertifikavimas","description":"CE sertifikavimas, CE sertifikatas, ISO sertifikatas, RED testavimas, gamini\u0173 testavimas ir sertifikavimas, elektros gamini\u0173 testavimas, medicinos prietais\u0173 testavimas, ATEX, IECEx, FCC, gamini\u0173 sertifikavimas, EMC testavimas, ma\u0161in\u0173 sertifikavimas, CE ma\u0161inos, mokymai, elektronini\u0173 gamini\u0173 testavimas, testavimas 2014\/53\/ES, dron\u0173 sertifikavimas, ISO 13485 sertifikatas, ISO 9001 sertifikatas, NC RfG","publisher":{"@id":"https:\/\/icr.you2.pl\/#\/schema\/person\/944799c9e2f4a94662e3fcb3b1544baf"},"potentialAction":[{"@type":"SearchAction","target":{"@type":"EntryPoint","urlTemplate":"https:\/\/icr.you2.pl\/?s={search_term_string}"},"query-input":{"@type":"PropertyValueSpecification","valueRequired":true,"valueName":"search_term_string"}}],"inLanguage":"lt-LT"},{"@type":["Person","Organization"],"@id":"https:\/\/icr.you2.pl\/#\/schema\/person\/944799c9e2f4a94662e3fcb3b1544baf","name":"administratorius","image":{"@type":"ImageObject","inLanguage":"lt-LT","@id":"https:\/\/icr.you2.pl\/#\/schema\/person\/image\/","url":"https:\/\/icr.you2.pl\/wp-content\/uploads\/2019\/05\/cropped-logo-icr.32f04ad5-1-1.png","contentUrl":"https:\/\/icr.you2.pl\/wp-content\/uploads\/2019\/05\/cropped-logo-icr.32f04ad5-1-1.png","width":400,"height":148,"caption":"admin"},"logo":{"@id":"https:\/\/icr.you2.pl\/#\/schema\/person\/image\/"}}]}},"_links":{"self":[{"href":"https:\/\/icr.you2.pl\/lt\/wp-json\/wp\/v2\/pages\/435","targetHints":{"allow":["GET"]}}],"collection":[{"href":"https:\/\/icr.you2.pl\/lt\/wp-json\/wp\/v2\/pages"}],"about":[{"href":"https:\/\/icr.you2.pl\/lt\/wp-json\/wp\/v2\/types\/page"}],"author":[{"embeddable":true,"href":"https:\/\/icr.you2.pl\/lt\/wp-json\/wp\/v2\/users\/1"}],"replies":[{"embeddable":true,"href":"https:\/\/icr.you2.pl\/lt\/wp-json\/wp\/v2\/comments?post=435"}],"version-history":[{"count":0,"href":"https:\/\/icr.you2.pl\/lt\/wp-json\/wp\/v2\/pages\/435\/revisions"}],"wp:featuredmedia":[{"embeddable":true,"href":"https:\/\/icr.you2.pl\/lt\/wp-json\/"}],"wp:attachment":[{"href":"https:\/\/icr.you2.pl\/lt\/wp-json\/wp\/v2\/media?parent=435"}],"curies":[{"name":"wp","href":"https:\/\/api.w.org\/{rel}","templated":true}]}}