{"id":5813,"date":"2022-09-09T10:02:22","date_gmt":"2022-09-09T08:02:22","guid":{"rendered":"https:\/\/icrpolska.com\/?page_id=5813"},"modified":"2022-09-13T14:13:43","modified_gmt":"2022-09-13T12:13:43","slug":"ukca","status":"publish","type":"page","link":"https:\/\/icr.you2.pl\/lt\/ukca\/","title":{"rendered":"UKCA"},"content":{"rendered":"<div data-elementor-type=\"wp-page\" data-elementor-id=\"5813\" class=\"elementor elementor-5813\">\n\t\t\t\t\t\t<section class=\"elementor-section elementor-top-section elementor-element elementor-element-6c3c88be elementor-section-boxed elementor-section-height-default elementor-section-height-default\" data-id=\"6c3c88be\" data-element_type=\"section\" data-e-type=\"section\">\n\t\t\t\t\t\t<div class=\"elementor-container elementor-column-gap-default\">\n\t\t\t\t\t<div class=\"elementor-column elementor-col-100 elementor-top-column elementor-element elementor-element-79a24622\" data-id=\"79a24622\" data-element_type=\"column\" data-e-type=\"column\">\n\t\t\t<div class=\"elementor-widget-wrap elementor-element-populated\">\n\t\t\t\t\t\t<div class=\"elementor-element elementor-element-4f7d662f elementor-widget elementor-widget-text-editor\" data-id=\"4f7d662f\" data-element_type=\"widget\" data-e-type=\"widget\" data-widget_type=\"text-editor.default\">\n\t\t\t\t<div class=\"elementor-widget-container\">\n\t\t\t\t\t\t\t\t\t<img fetchpriority=\"high\" decoding=\"async\" class=\"size-full wp-image-5870 alignleft\" src=\"http:\/\/icr.you2.pl\/wp-content\/uploads\/2022\/09\/ukca-mark.webp\" alt=\"\" width=\"240\" height=\"240\" srcset=\"https:\/\/icr.you2.pl\/wp-content\/uploads\/2022\/09\/ukca-mark.webp 240w, https:\/\/icr.you2.pl\/wp-content\/uploads\/2022\/09\/ukca-mark-150x150.webp 150w, https:\/\/icr.you2.pl\/wp-content\/uploads\/2022\/09\/ukca-mark-12x12.webp 12w\" sizes=\"(max-width: 240px) 100vw, 240px\" \/><p>UKCA yra Jungtin\u0117je Karalyst\u0117je (Anglijoje, \u0160kotijoje ir Velse) parduodam\u0173 produkt\u0173 pavadinimas.<\/p>\n<p>UKCA \u017eenklas taikomas daugumai gamini\u0173, kuriems anks\u010diau buvo taikomas CE \u017eenklas. Techniniai reikalavimai (kartais vadinami \"esminiais reikalavimais\"), kuriuos reikia atitikti, kad b\u016bt\u0173 galima \u017eenklinti UKCA \u017eenklu, priklauso nuo konkretaus gaminio teis\u0117s akt\u0173.<\/p>\n<p>\u0160i\u0173 reikalavim\u0173 taip pat galima laikytis taikant paskirtus standartus (kuriuos Jungtin\u0117 Karalyst\u0117 \u012fved\u0117 vietoj darni\u0173j\u0173 ES standart\u0173).<\/p>\n<p>Laikydamiesi nustatyt\u0173 standart\u0173, gamintojai gali pretenduoti \u012f \"atitikties prezumpcij\u0105\", kad j\u0173 gaminiui taikomi atitinkami esminiai reikalavimai.<\/p>\n<p>Dabar galima naudoti UKCA \u017eenklinim\u0105. Ta\u010diau, kad \u012fmon\u0117s tur\u0117t\u0173 laiko prisitaikyti, daugeliu atvej\u0173 CE \u017eenkl\u0105 bus galima naudoti iki 2022 m. gruod\u017eio 31 d. 23.00 val.<\/p>\n<p>Bendradarbiaudami su pripa\u017einta ir patvirtinta Jungtin\u0117s Karalyst\u0117s \u012fstaiga (UKCA) si\u016blome jums atlikti gamini\u0173 atitikties vertinim\u0105, be kita ko, pagal \u0161iuos reglamentus:<\/p>\n<p>- JK radijo ry\u0161io taisykl\u0117s - SI 2017\/1206<\/p>\n<p>- Jungtin\u0117s Karalyst\u0117s elektromagnetinio suderinamumo taisykl\u0117s - SI 2016\/1091<\/p>\t\t\t\t\t\t\t\t<\/div>\n\t\t\t\t<\/div>\n\t\t\t\t\t<\/div>\n\t\t<\/div>\n\t\t\t\t\t<\/div>\n\t\t<\/section>\n\t\t\t\t<\/div>","protected":false},"excerpt":{"rendered":"<p>UKCA yra Jungtin\u0117je Karalyst\u0117je (Anglijoje, \u0160kotijoje ir Velse) parduodam\u0173 produkt\u0173 \u017eenklas. UKCA \u017eenklas taikomas daugumai gamini\u0173, kuriems anks\u010diau buvo taikomas CE \u017eenklas. Techniniai reikalavimai (kartais vadinami \"esminiais reikalavimais\"), kuriuos reikia atitikti norint \u017eenklinti UKCA \u017eenklu, priklauso nuo konkretaus gaminio teis\u0117s akt\u0173. Atitiktis \u0161iems reikalavimams taip pat gali b\u016bti u\u017etikrinama naudojant paskirtus standartus....&nbsp;<a href=\"https:\/\/icr.you2.pl\/lt\/ukca\/\" rel=\"bookmark\">Skaityti daugiau \"<span class=\"screen-reader-text\">UKCA<\/span><\/a><\/p>","protected":false},"author":2,"featured_media":0,"parent":0,"menu_order":0,"comment_status":"closed","ping_status":"closed","template":"","meta":{"neve_meta_sidebar":"","neve_meta_container":"","neve_meta_enable_content_width":"off","neve_meta_content_width":70,"neve_meta_title_alignment":"","neve_meta_author_avatar":"","neve_post_elements_order":"","neve_meta_disable_header":"","neve_meta_disable_footer":"","neve_meta_disable_title":"","footnotes":""},"class_list":["post-5813","page","type-page","status-publish","hentry"],"yoast_head":"<!-- This site is optimized with the Yoast SEO plugin v26.8 - https:\/\/yoast.com\/product\/yoast-seo-wordpress\/ -->\n<title>UKCA - ICR POLSKA - badania i certyfikacja<\/title>\n<meta name=\"robots\" content=\"index, follow, max-snippet:-1, max-image-preview:large, max-video-preview:-1\" \/>\n<link rel=\"canonical\" href=\"https:\/\/icr.you2.pl\/lt\/ukca\/\" \/>\n<meta property=\"og:locale\" content=\"lt_LT\" \/>\n<meta property=\"og:type\" content=\"article\" \/>\n<meta property=\"og:title\" content=\"UKCA - ICR POLSKA - badania i certyfikacja\" \/>\n<meta property=\"og:description\" content=\"UKCA\u00a0jest oznaczeniem produkt\u00f3w wprowadzanych na rynek w Wielkiej Brytanii (Anglii, Szkocji i Walii). Oznakowanie UKCA ma zastosowanie do wi\u0119kszo\u015bci produkt\u00f3w wcze\u015bniej podlegaj\u0105cych oznakowaniu CE. Wymagania techniczne (czasami okre\u015blane jako &#8222;zasadnicze wymagania&#8221;), kt\u00f3re musz\u0105 by\u0107 spe\u0142nione dla oznakowania UKCA zale\u017c\u0105 od przepis\u00f3w dotycz\u0105cych konkretnego produktu. Zgodno\u015b\u0107 z tymi wymaganiami mo\u017cna r\u00f3wnie\u017c osi\u0105gn\u0105\u0107 poprzez zastosowanie wyznaczonych norm&hellip;&nbsp;Read More &raquo;UKCA\" \/>\n<meta property=\"og:url\" content=\"https:\/\/icr.you2.pl\/lt\/ukca\/\" \/>\n<meta property=\"og:site_name\" content=\"ICR POLSKA - badania i certyfikacja\" \/>\n<meta property=\"article:modified_time\" content=\"2022-09-13T12:13:43+00:00\" \/>\n<meta property=\"og:image\" content=\"http:\/\/icr.you2.pl\/wp-content\/uploads\/2022\/09\/ukca-mark.webp\" \/>\n<meta name=\"twitter:card\" content=\"summary_large_image\" \/>\n<meta name=\"twitter:label1\" content=\"Est. reading time\" \/>\n\t<meta name=\"twitter:data1\" content=\"2 minut\u0117s\" \/>\n<script type=\"application\/ld+json\" class=\"yoast-schema-graph\">{\"@context\":\"https:\/\/schema.org\",\"@graph\":[{\"@type\":\"WebPage\",\"@id\":\"https:\/\/icr.you2.pl\/ukca\/\",\"url\":\"https:\/\/icr.you2.pl\/ukca\/\",\"name\":\"UKCA - ICR POLSKA - badania i certyfikacja\",\"isPartOf\":{\"@id\":\"https:\/\/icr.you2.pl\/#website\"},\"primaryImageOfPage\":{\"@id\":\"https:\/\/icr.you2.pl\/ukca\/#primaryimage\"},\"image\":{\"@id\":\"https:\/\/icr.you2.pl\/ukca\/#primaryimage\"},\"thumbnailUrl\":\"http:\/\/icr.you2.pl\/wp-content\/uploads\/2022\/09\/ukca-mark.webp\",\"datePublished\":\"2022-09-09T08:02:22+00:00\",\"dateModified\":\"2022-09-13T12:13:43+00:00\",\"breadcrumb\":{\"@id\":\"https:\/\/icr.you2.pl\/ukca\/#breadcrumb\"},\"inLanguage\":\"lt-LT\",\"potentialAction\":[{\"@type\":\"ReadAction\",\"target\":[\"https:\/\/icr.you2.pl\/ukca\/\"]}]},{\"@type\":\"ImageObject\",\"inLanguage\":\"lt-LT\",\"@id\":\"https:\/\/icr.you2.pl\/ukca\/#primaryimage\",\"url\":\"http:\/\/icr.you2.pl\/wp-content\/uploads\/2022\/09\/ukca-mark.webp\",\"contentUrl\":\"http:\/\/icr.you2.pl\/wp-content\/uploads\/2022\/09\/ukca-mark.webp\"},{\"@type\":\"BreadcrumbList\",\"@id\":\"https:\/\/icr.you2.pl\/ukca\/#breadcrumb\",\"itemListElement\":[{\"@type\":\"ListItem\",\"position\":1,\"name\":\"Strona g\u0142\u00f3wna\",\"item\":\"https:\/\/icr.you2.pl\/\"},{\"@type\":\"ListItem\",\"position\":2,\"name\":\"UKCA\"}]},{\"@type\":\"WebSite\",\"@id\":\"https:\/\/icr.you2.pl\/#website\",\"url\":\"https:\/\/icr.you2.pl\/\",\"name\":\"ICR POLSKA - badania i certyfikacja\",\"description\":\"CE certification, CE certificate, ISO certificate, RED testing, product testing and certification, electrical product testing, medical device testing, ATEX, IECEx, FCC, product certification, EMC testing, machinery certification, CE machines, training, electronic product testing, testing 2014\/53\/EU, drone certification, ISO 13485 certificate, ISO 9001 certificate, NC RfG\",\"publisher\":{\"@id\":\"https:\/\/icr.you2.pl\/#\/schema\/person\/944799c9e2f4a94662e3fcb3b1544baf\"},\"potentialAction\":[{\"@type\":\"SearchAction\",\"target\":{\"@type\":\"EntryPoint\",\"urlTemplate\":\"https:\/\/icr.you2.pl\/?s={search_term_string}\"},\"query-input\":{\"@type\":\"PropertyValueSpecification\",\"valueRequired\":true,\"valueName\":\"search_term_string\"}}],\"inLanguage\":\"lt-LT\"},{\"@type\":[\"Person\",\"Organization\"],\"@id\":\"https:\/\/icr.you2.pl\/#\/schema\/person\/944799c9e2f4a94662e3fcb3b1544baf\",\"name\":\"admin\",\"image\":{\"@type\":\"ImageObject\",\"inLanguage\":\"lt-LT\",\"@id\":\"https:\/\/icr.you2.pl\/#\/schema\/person\/image\/\",\"url\":\"https:\/\/icr.you2.pl\/wp-content\/uploads\/2019\/05\/cropped-logo-icr.32f04ad5-1-1.png\",\"contentUrl\":\"https:\/\/icr.you2.pl\/wp-content\/uploads\/2019\/05\/cropped-logo-icr.32f04ad5-1-1.png\",\"width\":400,\"height\":148,\"caption\":\"admin\"},\"logo\":{\"@id\":\"https:\/\/icr.you2.pl\/#\/schema\/person\/image\/\"}}]}<\/script>\n<!-- \/ Yoast SEO plugin. -->","yoast_head_json":{"title":"UKCA - ICR LENKIJA - bandymai ir sertifikavimas","robots":{"index":"index","follow":"follow","max-snippet":"max-snippet:-1","max-image-preview":"max-image-preview:large","max-video-preview":"max-video-preview:-1"},"canonical":"https:\/\/icr.you2.pl\/lt\/ukca\/","og_locale":"lt_LT","og_type":"article","og_title":"UKCA - ICR POLSKA - badania i certyfikacja","og_description":"UKCA\u00a0jest oznaczeniem produkt\u00f3w wprowadzanych na rynek w Wielkiej Brytanii (Anglii, Szkocji i Walii). Oznakowanie UKCA ma zastosowanie do wi\u0119kszo\u015bci produkt\u00f3w wcze\u015bniej podlegaj\u0105cych oznakowaniu CE. Wymagania techniczne (czasami okre\u015blane jako &#8222;zasadnicze wymagania&#8221;), kt\u00f3re musz\u0105 by\u0107 spe\u0142nione dla oznakowania UKCA zale\u017c\u0105 od przepis\u00f3w dotycz\u0105cych konkretnego produktu. Zgodno\u015b\u0107 z tymi wymaganiami mo\u017cna r\u00f3wnie\u017c osi\u0105gn\u0105\u0107 poprzez zastosowanie wyznaczonych norm&hellip;&nbsp;Read More &raquo;UKCA","og_url":"https:\/\/icr.you2.pl\/lt\/ukca\/","og_site_name":"ICR POLSKA - badania i certyfikacja","article_modified_time":"2022-09-13T12:13:43+00:00","og_image":[{"url":"http:\/\/icr.you2.pl\/wp-content\/uploads\/2022\/09\/ukca-mark.webp","type":"","width":"","height":""}],"twitter_card":"summary_large_image","twitter_misc":{"Est. reading time":"2 minut\u0117s"},"schema":{"@context":"https:\/\/schema.org","@graph":[{"@type":"WebPage","@id":"https:\/\/icr.you2.pl\/ukca\/","url":"https:\/\/icr.you2.pl\/ukca\/","name":"UKCA - ICR LENKIJA - bandymai ir sertifikavimas","isPartOf":{"@id":"https:\/\/icr.you2.pl\/#website"},"primaryImageOfPage":{"@id":"https:\/\/icr.you2.pl\/ukca\/#primaryimage"},"image":{"@id":"https:\/\/icr.you2.pl\/ukca\/#primaryimage"},"thumbnailUrl":"http:\/\/icr.you2.pl\/wp-content\/uploads\/2022\/09\/ukca-mark.webp","datePublished":"2022-09-09T08:02:22+00:00","dateModified":"2022-09-13T12:13:43+00:00","breadcrumb":{"@id":"https:\/\/icr.you2.pl\/ukca\/#breadcrumb"},"inLanguage":"lt-LT","potentialAction":[{"@type":"ReadAction","target":["https:\/\/icr.you2.pl\/ukca\/"]}]},{"@type":"ImageObject","inLanguage":"lt-LT","@id":"https:\/\/icr.you2.pl\/ukca\/#primaryimage","url":"http:\/\/icr.you2.pl\/wp-content\/uploads\/2022\/09\/ukca-mark.webp","contentUrl":"http:\/\/icr.you2.pl\/wp-content\/uploads\/2022\/09\/ukca-mark.webp"},{"@type":"BreadcrumbList","@id":"https:\/\/icr.you2.pl\/ukca\/#breadcrumb","itemListElement":[{"@type":"ListItem","position":1,"name":"Strona g\u0142\u00f3wna","item":"https:\/\/icr.you2.pl\/"},{"@type":"ListItem","position":2,"name":"UKCA"}]},{"@type":"WebSite","@id":"https:\/\/icr.you2.pl\/#website","url":"https:\/\/icr.you2.pl\/","name":"ICR POLAND - bandymai ir sertifikavimas","description":"CE sertifikavimas, CE sertifikatas, ISO sertifikatas, RED testavimas, gamini\u0173 testavimas ir sertifikavimas, elektros gamini\u0173 testavimas, medicinos prietais\u0173 testavimas, ATEX, IECEx, FCC, gamini\u0173 sertifikavimas, EMC testavimas, ma\u0161in\u0173 sertifikavimas, CE ma\u0161inos, mokymai, elektronini\u0173 gamini\u0173 testavimas, testavimas 2014\/53\/ES, dron\u0173 sertifikavimas, ISO 13485 sertifikatas, ISO 9001 sertifikatas, NC RfG","publisher":{"@id":"https:\/\/icr.you2.pl\/#\/schema\/person\/944799c9e2f4a94662e3fcb3b1544baf"},"potentialAction":[{"@type":"SearchAction","target":{"@type":"EntryPoint","urlTemplate":"https:\/\/icr.you2.pl\/?s={search_term_string}"},"query-input":{"@type":"PropertyValueSpecification","valueRequired":true,"valueName":"search_term_string"}}],"inLanguage":"lt-LT"},{"@type":["Person","Organization"],"@id":"https:\/\/icr.you2.pl\/#\/schema\/person\/944799c9e2f4a94662e3fcb3b1544baf","name":"administratorius","image":{"@type":"ImageObject","inLanguage":"lt-LT","@id":"https:\/\/icr.you2.pl\/#\/schema\/person\/image\/","url":"https:\/\/icr.you2.pl\/wp-content\/uploads\/2019\/05\/cropped-logo-icr.32f04ad5-1-1.png","contentUrl":"https:\/\/icr.you2.pl\/wp-content\/uploads\/2019\/05\/cropped-logo-icr.32f04ad5-1-1.png","width":400,"height":148,"caption":"admin"},"logo":{"@id":"https:\/\/icr.you2.pl\/#\/schema\/person\/image\/"}}]}},"_links":{"self":[{"href":"https:\/\/icr.you2.pl\/lt\/wp-json\/wp\/v2\/pages\/5813","targetHints":{"allow":["GET"]}}],"collection":[{"href":"https:\/\/icr.you2.pl\/lt\/wp-json\/wp\/v2\/pages"}],"about":[{"href":"https:\/\/icr.you2.pl\/lt\/wp-json\/wp\/v2\/types\/page"}],"author":[{"embeddable":true,"href":"https:\/\/icr.you2.pl\/lt\/wp-json\/wp\/v2\/users\/2"}],"replies":[{"embeddable":true,"href":"https:\/\/icr.you2.pl\/lt\/wp-json\/wp\/v2\/comments?post=5813"}],"version-history":[{"count":0,"href":"https:\/\/icr.you2.pl\/lt\/wp-json\/wp\/v2\/pages\/5813\/revisions"}],"wp:attachment":[{"href":"https:\/\/icr.you2.pl\/lt\/wp-json\/wp\/v2\/media?parent=5813"}],"curies":[{"name":"wp","href":"https:\/\/api.w.org\/{rel}","templated":true}]}}