{"id":8288,"date":"2023-01-31T14:45:04","date_gmt":"2023-01-31T13:45:04","guid":{"rendered":"https:\/\/icrpolska.com\/?page_id=8288"},"modified":"2023-01-31T14:51:51","modified_gmt":"2023-01-31T13:51:51","slug":"ekspertyzy","status":"publish","type":"page","link":"https:\/\/icr.you2.pl\/lt\/ekspertyzy\/","title":{"rendered":"Ekspert\u0173 ataskaitos, nuomon\u0117s"},"content":{"rendered":"<p>\"ICR Polska\", naudodamasi savo patirtimi vertinant elektroninius gaminius, ma\u0161inas ir tur\u0117dama kvalifikuotus darbuotojus, kvie\u010dia jus pasinaudoti ekspert\u0173 nuomon\u0117mis, i\u0161vadomis ir technin\u0117mis analiz\u0117mis, be kita ko, administracini\u0173 institucij\u0173, draudimo bendrovi\u0173, gamintoj\u0173 ir importuotoj\u0173 bei fizini\u0173 asmen\u0173 vardu \u0161iose srityse:<\/p>\n<ul>\n<li>technin\u0117 nuomon\u0117 apie elektronin\u0119 \u012frang\u0105 ir ma\u0161inas,<\/li>\n<li>technin\u0117 kompetencija vertinant elektronin\u0117s \u012frangos ir ma\u0161in\u0173 gedim\u0173 prie\u017eastis ir \u017ealos mast\u0105,<\/li>\n<li>B\u016bkl\u0117s vertinimas, atliekamas b\u016bsim\u0173 savinink\u0173, norin\u010di\u0173 \u012fsigyti nauj\u0105 ar naudot\u0105 elektronin\u0119 \u012frang\u0105, ma\u0161inas, vardu,<\/li>\n<li>elektronin\u0117s \u012frangos ir ma\u0161in\u0173 elektrinio veikimo ir mechaninio projektavimo ekspertiz\u0117s,<\/li>\n<li>patirtis pritaikant elektroninius prietaisus prie \u012fvairi\u0173 rink\u0173 reikalavim\u0173 ir taisykli\u0173.<\/li>\n<\/ul>","protected":false},"excerpt":{"rendered":"<p>\"ICR Polska\", naudodamasi savo patirtimi vertinant elektroninius gaminius, ma\u0161inas ir tur\u0117dama kvalifikuot\u0105 personal\u0105, kvie\u010dia pasinaudoti ekspertiz\u0117mis, i\u0161vadomis ir technin\u0117mis analiz\u0117mis, be kita ko, administracini\u0173 institucij\u0173, draudimo bendrovi\u0173, gamintoj\u0173 ir importuotoj\u0173 bei fizini\u0173 asmen\u0173 vardu \u0161iose srityse: technin\u0117 nuomon\u0117 d\u0117l elektronini\u0173 prietais\u0173 ir ma\u0161in\u0173, technin\u0117 ekspertiz\u0117 vertinant elektronini\u0173 prietais\u0173 ir ma\u0161in\u0173 prie\u017eastis ir...&nbsp;<a href=\"https:\/\/icr.you2.pl\/lt\/ekspertyzy\/\" rel=\"bookmark\">Skaityti daugiau \"<span class=\"screen-reader-text\">Ekspert\u0173 ataskaitos, nuomon\u0117s<\/span><\/a><\/p>","protected":false},"author":2,"featured_media":0,"parent":0,"menu_order":0,"comment_status":"closed","ping_status":"closed","template":"","meta":{"neve_meta_sidebar":"","neve_meta_container":"","neve_meta_enable_content_width":"off","neve_meta_content_width":100,"neve_meta_title_alignment":"","neve_meta_author_avatar":"","neve_post_elements_order":"","neve_meta_disable_header":"","neve_meta_disable_footer":"","neve_meta_disable_title":"","footnotes":""},"class_list":["post-8288","page","type-page","status-publish","hentry"],"yoast_head":"<!-- This site is optimized with the Yoast SEO plugin v26.8 - https:\/\/yoast.com\/product\/yoast-seo-wordpress\/ -->\n<title>Ekspertyzy, Opinie - ICR POLSKA - badania i certyfikacja<\/title>\n<meta name=\"robots\" content=\"index, follow, max-snippet:-1, max-image-preview:large, max-video-preview:-1\" \/>\n<link rel=\"canonical\" href=\"https:\/\/icr.you2.pl\/lt\/ekspertyzy\/\" \/>\n<meta property=\"og:locale\" content=\"lt_LT\" \/>\n<meta property=\"og:type\" content=\"article\" \/>\n<meta property=\"og:title\" content=\"Ekspertyzy, Opinie - ICR POLSKA - badania i certyfikacja\" \/>\n<meta property=\"og:description\" content=\"ICR Polska wykorzystuj\u0105c swoje do\u015bwiadczenie w ocenie wyrob\u00f3w elektronicznych, maszyn, dysponuj\u0105c wykwalifikowan\u0105 kadr\u0105 zaprasza do skorzystania z ekspertyz, opinii oraz analiz technicznych na rzecz m.in. urz\u0119d\u00f3w administracji, firm ubezpieczaj\u0105cych, producent\u00f3w i importer\u00f3w oraz os\u00f3b fizycznych\u00a0w poni\u017cszym zakresie: opinia techniczna w odniesieniu do urz\u0105dze\u0144 elektronicznych i maszyn, ekspertyza techniczna w zakresie oceny przyczyn i wielko\u015bci szk\u00f3d&hellip;&nbsp;Read More &raquo;Ekspertyzy, Opinie\" \/>\n<meta property=\"og:url\" content=\"https:\/\/icr.you2.pl\/lt\/ekspertyzy\/\" \/>\n<meta property=\"og:site_name\" content=\"ICR POLSKA - badania i certyfikacja\" \/>\n<meta property=\"article:modified_time\" content=\"2023-01-31T13:51:51+00:00\" \/>\n<meta name=\"twitter:card\" content=\"summary_large_image\" \/>\n<meta name=\"twitter:label1\" content=\"Est. reading time\" \/>\n\t<meta name=\"twitter:data1\" content=\"1 minut\u0117\" \/>\n<script type=\"application\/ld+json\" class=\"yoast-schema-graph\">{\"@context\":\"https:\/\/schema.org\",\"@graph\":[{\"@type\":\"WebPage\",\"@id\":\"https:\/\/icr.you2.pl\/ekspertyzy\/\",\"url\":\"https:\/\/icr.you2.pl\/ekspertyzy\/\",\"name\":\"Ekspertyzy, Opinie - ICR POLSKA - badania i certyfikacja\",\"isPartOf\":{\"@id\":\"https:\/\/icr.you2.pl\/#website\"},\"datePublished\":\"2023-01-31T13:45:04+00:00\",\"dateModified\":\"2023-01-31T13:51:51+00:00\",\"breadcrumb\":{\"@id\":\"https:\/\/icr.you2.pl\/ekspertyzy\/#breadcrumb\"},\"inLanguage\":\"lt-LT\",\"potentialAction\":[{\"@type\":\"ReadAction\",\"target\":[\"https:\/\/icr.you2.pl\/ekspertyzy\/\"]}]},{\"@type\":\"BreadcrumbList\",\"@id\":\"https:\/\/icr.you2.pl\/ekspertyzy\/#breadcrumb\",\"itemListElement\":[{\"@type\":\"ListItem\",\"position\":1,\"name\":\"Strona g\u0142\u00f3wna\",\"item\":\"https:\/\/icr.you2.pl\/\"},{\"@type\":\"ListItem\",\"position\":2,\"name\":\"Ekspertyzy, Opinie\"}]},{\"@type\":\"WebSite\",\"@id\":\"https:\/\/icr.you2.pl\/#website\",\"url\":\"https:\/\/icr.you2.pl\/\",\"name\":\"ICR POLSKA - badania i certyfikacja\",\"description\":\"CE certification, CE certificate, ISO certificate, RED testing, product testing and certification, electrical product testing, medical device testing, ATEX, IECEx, FCC, product certification, EMC testing, machinery certification, CE machines, training, electronic product testing, testing 2014\/53\/EU, drone certification, ISO 13485 certificate, ISO 9001 certificate, NC RfG\",\"publisher\":{\"@id\":\"https:\/\/icr.you2.pl\/#\/schema\/person\/944799c9e2f4a94662e3fcb3b1544baf\"},\"potentialAction\":[{\"@type\":\"SearchAction\",\"target\":{\"@type\":\"EntryPoint\",\"urlTemplate\":\"https:\/\/icr.you2.pl\/?s={search_term_string}\"},\"query-input\":{\"@type\":\"PropertyValueSpecification\",\"valueRequired\":true,\"valueName\":\"search_term_string\"}}],\"inLanguage\":\"lt-LT\"},{\"@type\":[\"Person\",\"Organization\"],\"@id\":\"https:\/\/icr.you2.pl\/#\/schema\/person\/944799c9e2f4a94662e3fcb3b1544baf\",\"name\":\"admin\",\"image\":{\"@type\":\"ImageObject\",\"inLanguage\":\"lt-LT\",\"@id\":\"https:\/\/icr.you2.pl\/#\/schema\/person\/image\/\",\"url\":\"https:\/\/icr.you2.pl\/wp-content\/uploads\/2019\/05\/cropped-logo-icr.32f04ad5-1-1.png\",\"contentUrl\":\"https:\/\/icr.you2.pl\/wp-content\/uploads\/2019\/05\/cropped-logo-icr.32f04ad5-1-1.png\",\"width\":400,\"height\":148,\"caption\":\"admin\"},\"logo\":{\"@id\":\"https:\/\/icr.you2.pl\/#\/schema\/person\/image\/\"}}]}<\/script>\n<!-- \/ Yoast SEO plugin. -->","yoast_head_json":{"title":"Ekspert\u0173 ataskaitos, nuomon\u0117s - ICR POLSKA - tyrimai ir sertifikavimas","robots":{"index":"index","follow":"follow","max-snippet":"max-snippet:-1","max-image-preview":"max-image-preview:large","max-video-preview":"max-video-preview:-1"},"canonical":"https:\/\/icr.you2.pl\/lt\/ekspertyzy\/","og_locale":"lt_LT","og_type":"article","og_title":"Ekspertyzy, Opinie - ICR POLSKA - badania i certyfikacja","og_description":"ICR Polska wykorzystuj\u0105c swoje do\u015bwiadczenie w ocenie wyrob\u00f3w elektronicznych, maszyn, dysponuj\u0105c wykwalifikowan\u0105 kadr\u0105 zaprasza do skorzystania z ekspertyz, opinii oraz analiz technicznych na rzecz m.in. urz\u0119d\u00f3w administracji, firm ubezpieczaj\u0105cych, producent\u00f3w i importer\u00f3w oraz os\u00f3b fizycznych\u00a0w poni\u017cszym zakresie: opinia techniczna w odniesieniu do urz\u0105dze\u0144 elektronicznych i maszyn, ekspertyza techniczna w zakresie oceny przyczyn i wielko\u015bci szk\u00f3d&hellip;&nbsp;Read More &raquo;Ekspertyzy, Opinie","og_url":"https:\/\/icr.you2.pl\/lt\/ekspertyzy\/","og_site_name":"ICR POLSKA - badania i certyfikacja","article_modified_time":"2023-01-31T13:51:51+00:00","twitter_card":"summary_large_image","twitter_misc":{"Est. reading time":"1 minut\u0117"},"schema":{"@context":"https:\/\/schema.org","@graph":[{"@type":"WebPage","@id":"https:\/\/icr.you2.pl\/ekspertyzy\/","url":"https:\/\/icr.you2.pl\/ekspertyzy\/","name":"Ekspert\u0173 ataskaitos, nuomon\u0117s - ICR POLSKA - tyrimai ir sertifikavimas","isPartOf":{"@id":"https:\/\/icr.you2.pl\/#website"},"datePublished":"2023-01-31T13:45:04+00:00","dateModified":"2023-01-31T13:51:51+00:00","breadcrumb":{"@id":"https:\/\/icr.you2.pl\/ekspertyzy\/#breadcrumb"},"inLanguage":"lt-LT","potentialAction":[{"@type":"ReadAction","target":["https:\/\/icr.you2.pl\/ekspertyzy\/"]}]},{"@type":"BreadcrumbList","@id":"https:\/\/icr.you2.pl\/ekspertyzy\/#breadcrumb","itemListElement":[{"@type":"ListItem","position":1,"name":"Strona g\u0142\u00f3wna","item":"https:\/\/icr.you2.pl\/"},{"@type":"ListItem","position":2,"name":"Ekspertyzy, Opinie"}]},{"@type":"WebSite","@id":"https:\/\/icr.you2.pl\/#website","url":"https:\/\/icr.you2.pl\/","name":"ICR POLAND - bandymai ir sertifikavimas","description":"CE sertifikavimas, CE sertifikatas, ISO sertifikatas, RED testavimas, gamini\u0173 testavimas ir sertifikavimas, elektros gamini\u0173 testavimas, medicinos prietais\u0173 testavimas, ATEX, IECEx, FCC, gamini\u0173 sertifikavimas, EMC testavimas, ma\u0161in\u0173 sertifikavimas, CE ma\u0161inos, mokymai, elektronini\u0173 gamini\u0173 testavimas, testavimas 2014\/53\/ES, dron\u0173 sertifikavimas, ISO 13485 sertifikatas, ISO 9001 sertifikatas, NC RfG","publisher":{"@id":"https:\/\/icr.you2.pl\/#\/schema\/person\/944799c9e2f4a94662e3fcb3b1544baf"},"potentialAction":[{"@type":"SearchAction","target":{"@type":"EntryPoint","urlTemplate":"https:\/\/icr.you2.pl\/?s={search_term_string}"},"query-input":{"@type":"PropertyValueSpecification","valueRequired":true,"valueName":"search_term_string"}}],"inLanguage":"lt-LT"},{"@type":["Person","Organization"],"@id":"https:\/\/icr.you2.pl\/#\/schema\/person\/944799c9e2f4a94662e3fcb3b1544baf","name":"administratorius","image":{"@type":"ImageObject","inLanguage":"lt-LT","@id":"https:\/\/icr.you2.pl\/#\/schema\/person\/image\/","url":"https:\/\/icr.you2.pl\/wp-content\/uploads\/2019\/05\/cropped-logo-icr.32f04ad5-1-1.png","contentUrl":"https:\/\/icr.you2.pl\/wp-content\/uploads\/2019\/05\/cropped-logo-icr.32f04ad5-1-1.png","width":400,"height":148,"caption":"admin"},"logo":{"@id":"https:\/\/icr.you2.pl\/#\/schema\/person\/image\/"}}]}},"_links":{"self":[{"href":"https:\/\/icr.you2.pl\/lt\/wp-json\/wp\/v2\/pages\/8288","targetHints":{"allow":["GET"]}}],"collection":[{"href":"https:\/\/icr.you2.pl\/lt\/wp-json\/wp\/v2\/pages"}],"about":[{"href":"https:\/\/icr.you2.pl\/lt\/wp-json\/wp\/v2\/types\/page"}],"author":[{"embeddable":true,"href":"https:\/\/icr.you2.pl\/lt\/wp-json\/wp\/v2\/users\/2"}],"replies":[{"embeddable":true,"href":"https:\/\/icr.you2.pl\/lt\/wp-json\/wp\/v2\/comments?post=8288"}],"version-history":[{"count":0,"href":"https:\/\/icr.you2.pl\/lt\/wp-json\/wp\/v2\/pages\/8288\/revisions"}],"wp:attachment":[{"href":"https:\/\/icr.you2.pl\/lt\/wp-json\/wp\/v2\/media?parent=8288"}],"curies":[{"name":"wp","href":"https:\/\/api.w.org\/{rel}","templated":true}]}}