{"id":12256,"date":"2023-12-18T09:06:09","date_gmt":"2023-12-18T08:06:09","guid":{"rendered":"https:\/\/icrpolska.com\/?page_id=12256"},"modified":"2023-12-18T10:56:10","modified_gmt":"2023-12-18T09:56:10","slug":"doc","status":"publish","type":"page","link":"https:\/\/icr.you2.pl\/lv\/doc\/","title":{"rendered":"Muitas un importa dokumenti"},"content":{"rendered":"<div data-elementor-type=\"wp-page\" data-elementor-id=\"12256\" class=\"elementor elementor-12256\">\n\t\t\t\t\t\t<section class=\"elementor-section elementor-top-section elementor-element elementor-element-45f0b3b5 elementor-section-boxed elementor-section-height-default elementor-section-height-default\" data-id=\"45f0b3b5\" data-element_type=\"section\" data-e-type=\"section\">\n\t\t\t\t\t\t<div class=\"elementor-container elementor-column-gap-default\">\n\t\t\t\t\t<div class=\"elementor-column elementor-col-100 elementor-top-column elementor-element elementor-element-1a060b6\" data-id=\"1a060b6\" data-element_type=\"column\" data-e-type=\"column\">\n\t\t\t<div class=\"elementor-widget-wrap elementor-element-populated\">\n\t\t\t\t\t\t<div class=\"elementor-element elementor-element-f624789 elementor-widget elementor-widget-text-editor\" data-id=\"f624789\" data-element_type=\"widget\" data-e-type=\"widget\" data-widget_type=\"text-editor.default\">\n\t\t\t\t<div class=\"elementor-widget-container\">\n\t\t\t\t\t\t\t\t\t<p>M\u0113s pied\u0101v\u0101jam muitas un importa dokument\u0101cijas p\u0101rskat\u012b\u0161anu produktiem, kurus ieved \u0161aj\u0101 teritorij\u0101:<\/p>\n<ul>\n<li>Eiropas Savien\u012bba<\/li>\n<li>Amerikas Savienot\u0101s Valstis<\/li>\n<li>Kan\u0101da<\/li>\n<li>Dienvidkoreja<\/li>\n<\/ul>\n<p>Import\u0113t\u0101jiem un eksport\u0113t\u0101jiem m\u0113s pied\u0101v\u0101jam:<\/p>\n<ul>\n<li>nepiecie\u0161am\u0101s tehnisk\u0101s un b\u016bvniec\u012bbas dokument\u0101cijas identific\u0113\u0161ana, lai nodro\u0161in\u0101tu atbilst\u012bbu tirdzniec\u012bbas noteikumiem,<\/li>\n<li>Ra\u017eojumam piem\u0113rojamo noteikumu, piem\u0113ram, direkt\u012bvu, regulu, valsts un starptautisko standartu, identifik\u0101cija,<\/li>\n<li>Atsevi\u0161\u0137u dokumentu, piem\u0113ram, atbilst\u012bbas deklar\u0101cijas, datu pl\u0101ksn\u012btes, lieto\u0161anas instrukcijas, \u0101r\u0113j\u0101s laboratorijas testu zi\u0146ojumu, atbilst\u012bbas nov\u0113rt\u0113\u0161ana,<\/li>\n<\/ul>\n<p>M\u0113s sniedzam pakalpojumus, lai nodro\u0161in\u0101tu atbilst\u012bbu mar\u0137\u0113\u0161anas noteikumiem, tostarp CE, FCC, ISED, KC.<\/p>\n<p>J\u016btieties br\u012bvi sazin\u0101ties ar mums<span style=\"color: var( --e-global-color-text ); font-family: var( --e-global-typography-text-font-family ), Sans-serif; font-weight: var( --e-global-typography-text-font-weight ); background-color: var(--nv-site-bg);\">: <\/span><a style=\"font-family: var( --e-global-typography-text-font-family ), Sans-serif; font-weight: var( --e-global-typography-text-font-weight );\" href=\"mailto:icrpolska@icrqa.com\">icrpolska@icrqa.com<\/a><\/p>\n<p><span style=\"color: var( --e-global-color-text ); font-family: var( --e-global-typography-text-font-family ), Sans-serif; font-weight: var( --e-global-typography-text-font-weight ); background-color: var(--nv-site-bg);\">Muitas un importa dokument\u0101cijas p\u0101rbaudes pakalpojums nav da\u013ca no darb\u012bbas, kas izriet no pie\u0161\u0137irt\u0101 atbalsta.&nbsp;<\/span><span style=\"color: var( --e-global-color-text ); font-family: var( --e-global-typography-text-font-family ), Sans-serif; font-weight: var( --e-global-typography-text-font-weight ); background-color: var(--nv-site-bg);\">ICR Polska&nbsp;<\/span><span style=\"color: var( --e-global-color-text ); font-family: var( --e-global-typography-text-font-family ), Sans-serif; font-weight: var( --e-global-typography-text-font-weight ); background-color: var(--nv-site-bg);\">akredit\u0101cija un pazi\u0146o\u0161ana (neattiecas uz integr\u0113to p\u0101rvald\u012bbas sist\u0113mu).<\/span><br><\/p>\n<p><\/p>\t\t\t\t\t\t\t\t<\/div>\n\t\t\t\t<\/div>\n\t\t\t\t\t<\/div>\n\t\t<\/div>\n\t\t\t\t\t<\/div>\n\t\t<\/section>\n\t\t\t\t<\/div>","protected":false},"excerpt":{"rendered":"<p>M\u0113s pied\u0101v\u0101jam p\u0101rskatu par muitas un importa dokument\u0101ciju produktiem, ko ieved Eiropas Savien\u012bbas teritorij\u0101 Amerikas Savienot\u0101s Valstis Kan\u0101da Dienvidkoreja Import\u0113t\u0101jiem un eksport\u0113t\u0101jiem m\u0113s pied\u0101v\u0101jam: Izstr\u0101d\u0101jumam piem\u0113rojamo noteikumu, piem\u0113ram, direkt\u012bvu, regulu, nacion\u0101lo un starptautisko standartu, identifik\u0101ciju, izv\u0113l\u0113to dokumentu atbilst\u012bbas nov\u0113rt\u0113\u0161anu, piem\u0113ram, atbilst\u012bbas deklar\u0101ciju,...&nbsp;<a href=\"https:\/\/icr.you2.pl\/lv\/doc\/\" rel=\"bookmark\">Las\u012bt vair\u0101k \"<span class=\"screen-reader-text\">Muitas un importa dokumenti<\/span><\/a><\/p>","protected":false},"author":2,"featured_media":0,"parent":0,"menu_order":0,"comment_status":"closed","ping_status":"closed","template":"","meta":{"neve_meta_sidebar":"","neve_meta_container":"","neve_meta_enable_content_width":"off","neve_meta_content_width":80,"neve_meta_title_alignment":"","neve_meta_author_avatar":"","neve_post_elements_order":"","neve_meta_disable_header":"","neve_meta_disable_footer":"","neve_meta_disable_title":"","footnotes":""},"class_list":["post-12256","page","type-page","status-publish","hentry"],"yoast_head":"<!-- This site is optimized with the Yoast SEO plugin v26.8 - https:\/\/yoast.com\/product\/yoast-seo-wordpress\/ -->\n<title>Dokumenty celno-importowe - ICR POLSKA - badania i certyfikacja<\/title>\n<meta name=\"robots\" content=\"index, follow, max-snippet:-1, max-image-preview:large, max-video-preview:-1\" \/>\n<link rel=\"canonical\" href=\"https:\/\/icr.you2.pl\/lv\/doc\/\" \/>\n<meta property=\"og:locale\" content=\"lv_LV\" \/>\n<meta property=\"og:type\" content=\"article\" \/>\n<meta property=\"og:title\" content=\"Dokumenty celno-importowe - ICR POLSKA - badania i certyfikacja\" \/>\n<meta property=\"og:description\" content=\"Oferujemy przegl\u0105d dokumentacji celno-importowej dla wyrob\u00f3w wprowadzanych do obrotu na obszar: Unii Europejskiej Stan\u00f3w Zjednoczonych Kanady Korei Po\u0142udniowej Dla importer\u00f3w i eksporter\u00f3w proponujemy: Identyfikacj\u0119 wymaganych dokument\u00f3w techniczno-konstrukcyjnych na zgodno\u015b\u0107 z przepisami dot. wprowadzania do obrotu, Identyfikacj\u0119 przepis\u00f3w np. Dyrektyw, Rozporz\u0105dze\u0144, norm krajowych i mi\u0119dzynarodowych maj\u0105cych zastosowanie do wyrobu, Ocen\u0119 zgodno\u015bci wybranych dokument\u00f3w np. Deklaracji Zgodno\u015bci,&hellip;&nbsp;Read More &raquo;Dokumenty celno-importowe\" \/>\n<meta property=\"og:url\" content=\"https:\/\/icr.you2.pl\/lv\/doc\/\" \/>\n<meta property=\"og:site_name\" content=\"ICR POLSKA - badania i certyfikacja\" \/>\n<meta property=\"article:modified_time\" content=\"2023-12-18T09:56:10+00:00\" \/>\n<meta name=\"twitter:card\" content=\"summary_large_image\" \/>\n<meta name=\"twitter:label1\" content=\"Est. reading time\" \/>\n\t<meta name=\"twitter:data1\" content=\"1 min\u016bte\" \/>\n<script type=\"application\/ld+json\" class=\"yoast-schema-graph\">{\"@context\":\"https:\/\/schema.org\",\"@graph\":[{\"@type\":\"WebPage\",\"@id\":\"https:\/\/icr.you2.pl\/doc\/\",\"url\":\"https:\/\/icr.you2.pl\/doc\/\",\"name\":\"Dokumenty celno-importowe - ICR POLSKA - badania i certyfikacja\",\"isPartOf\":{\"@id\":\"https:\/\/icr.you2.pl\/#website\"},\"datePublished\":\"2023-12-18T08:06:09+00:00\",\"dateModified\":\"2023-12-18T09:56:10+00:00\",\"breadcrumb\":{\"@id\":\"https:\/\/icr.you2.pl\/doc\/#breadcrumb\"},\"inLanguage\":\"lv-LV\",\"potentialAction\":[{\"@type\":\"ReadAction\",\"target\":[\"https:\/\/icr.you2.pl\/doc\/\"]}]},{\"@type\":\"BreadcrumbList\",\"@id\":\"https:\/\/icr.you2.pl\/doc\/#breadcrumb\",\"itemListElement\":[{\"@type\":\"ListItem\",\"position\":1,\"name\":\"Strona g\u0142\u00f3wna\",\"item\":\"https:\/\/icr.you2.pl\/\"},{\"@type\":\"ListItem\",\"position\":2,\"name\":\"Dokumenty celno-importowe\"}]},{\"@type\":\"WebSite\",\"@id\":\"https:\/\/icr.you2.pl\/#website\",\"url\":\"https:\/\/icr.you2.pl\/\",\"name\":\"ICR POLSKA - badania i certyfikacja\",\"description\":\"CE certification, CE certificate, ISO certificate, RED testing, product testing and certification, electrical product testing, medical device testing, ATEX, IECEx, FCC, product certification, EMC testing, machinery certification, CE machines, training, electronic product testing, testing 2014\/53\/EU, drone certification, ISO 13485 certificate, ISO 9001 certificate, NC RfG\",\"publisher\":{\"@id\":\"https:\/\/icr.you2.pl\/#\/schema\/person\/944799c9e2f4a94662e3fcb3b1544baf\"},\"potentialAction\":[{\"@type\":\"SearchAction\",\"target\":{\"@type\":\"EntryPoint\",\"urlTemplate\":\"https:\/\/icr.you2.pl\/?s={search_term_string}\"},\"query-input\":{\"@type\":\"PropertyValueSpecification\",\"valueRequired\":true,\"valueName\":\"search_term_string\"}}],\"inLanguage\":\"lv-LV\"},{\"@type\":[\"Person\",\"Organization\"],\"@id\":\"https:\/\/icr.you2.pl\/#\/schema\/person\/944799c9e2f4a94662e3fcb3b1544baf\",\"name\":\"admin\",\"image\":{\"@type\":\"ImageObject\",\"inLanguage\":\"lv-LV\",\"@id\":\"https:\/\/icr.you2.pl\/#\/schema\/person\/image\/\",\"url\":\"https:\/\/icr.you2.pl\/wp-content\/uploads\/2019\/05\/cropped-logo-icr.32f04ad5-1-1.png\",\"contentUrl\":\"https:\/\/icr.you2.pl\/wp-content\/uploads\/2019\/05\/cropped-logo-icr.32f04ad5-1-1.png\",\"width\":400,\"height\":148,\"caption\":\"admin\"},\"logo\":{\"@id\":\"https:\/\/icr.you2.pl\/#\/schema\/person\/image\/\"}}]}<\/script>\n<!-- \/ Yoast SEO plugin. -->","yoast_head_json":{"title":"Muitas un importa dokumenti - ICR POLIJA - test\u0113\u0161ana un sertifik\u0101cija","robots":{"index":"index","follow":"follow","max-snippet":"max-snippet:-1","max-image-preview":"max-image-preview:large","max-video-preview":"max-video-preview:-1"},"canonical":"https:\/\/icr.you2.pl\/lv\/doc\/","og_locale":"lv_LV","og_type":"article","og_title":"Dokumenty celno-importowe - ICR POLSKA - badania i certyfikacja","og_description":"Oferujemy przegl\u0105d dokumentacji celno-importowej dla wyrob\u00f3w wprowadzanych do obrotu na obszar: Unii Europejskiej Stan\u00f3w Zjednoczonych Kanady Korei Po\u0142udniowej Dla importer\u00f3w i eksporter\u00f3w proponujemy: Identyfikacj\u0119 wymaganych dokument\u00f3w techniczno-konstrukcyjnych na zgodno\u015b\u0107 z przepisami dot. wprowadzania do obrotu, Identyfikacj\u0119 przepis\u00f3w np. Dyrektyw, Rozporz\u0105dze\u0144, norm krajowych i mi\u0119dzynarodowych maj\u0105cych zastosowanie do wyrobu, Ocen\u0119 zgodno\u015bci wybranych dokument\u00f3w np. Deklaracji Zgodno\u015bci,&hellip;&nbsp;Read More &raquo;Dokumenty celno-importowe","og_url":"https:\/\/icr.you2.pl\/lv\/doc\/","og_site_name":"ICR POLSKA - badania i certyfikacja","article_modified_time":"2023-12-18T09:56:10+00:00","twitter_card":"summary_large_image","twitter_misc":{"Est. reading time":"1 min\u016bte"},"schema":{"@context":"https:\/\/schema.org","@graph":[{"@type":"WebPage","@id":"https:\/\/icr.you2.pl\/doc\/","url":"https:\/\/icr.you2.pl\/doc\/","name":"Muitas un importa dokumenti - ICR POLIJA - test\u0113\u0161ana un sertifik\u0101cija","isPartOf":{"@id":"https:\/\/icr.you2.pl\/#website"},"datePublished":"2023-12-18T08:06:09+00:00","dateModified":"2023-12-18T09:56:10+00:00","breadcrumb":{"@id":"https:\/\/icr.you2.pl\/doc\/#breadcrumb"},"inLanguage":"lv-LV","potentialAction":[{"@type":"ReadAction","target":["https:\/\/icr.you2.pl\/doc\/"]}]},{"@type":"BreadcrumbList","@id":"https:\/\/icr.you2.pl\/doc\/#breadcrumb","itemListElement":[{"@type":"ListItem","position":1,"name":"Strona g\u0142\u00f3wna","item":"https:\/\/icr.you2.pl\/"},{"@type":"ListItem","position":2,"name":"Dokumenty celno-importowe"}]},{"@type":"WebSite","@id":"https:\/\/icr.you2.pl\/#website","url":"https:\/\/icr.you2.pl\/","name":"ICR POLIJA - test\u0113\u0161ana un sertifik\u0101cija","description":"CE sertifik\u0101cija, CE sertifik\u0101ts, ISO sertifik\u0101ts, RED test\u0113\u0161ana, produktu test\u0113\u0161ana un sertifik\u0101cija, elektrisko produktu test\u0113\u0161ana, medic\u012bnas ier\u012b\u010du test\u0113\u0161ana, ATEX, IECEx, FCC, produktu sertifik\u0101cija, EMC test\u0113\u0161ana, ma\u0161\u012bnu sertifik\u0101cija, CE iek\u0101rtas, apm\u0101c\u012bba, elektronisko produktu test\u0113\u0161ana, test\u0113\u0161ana 2014\/53\/ES, dronu sertifik\u0101cija, ISO 13485 sertifik\u0101ts, ISO 9001 sertifik\u0101ts, NC RfG","publisher":{"@id":"https:\/\/icr.you2.pl\/#\/schema\/person\/944799c9e2f4a94662e3fcb3b1544baf"},"potentialAction":[{"@type":"SearchAction","target":{"@type":"EntryPoint","urlTemplate":"https:\/\/icr.you2.pl\/?s={search_term_string}"},"query-input":{"@type":"PropertyValueSpecification","valueRequired":true,"valueName":"search_term_string"}}],"inLanguage":"lv-LV"},{"@type":["Person","Organization"],"@id":"https:\/\/icr.you2.pl\/#\/schema\/person\/944799c9e2f4a94662e3fcb3b1544baf","name":"administrators","image":{"@type":"ImageObject","inLanguage":"lv-LV","@id":"https:\/\/icr.you2.pl\/#\/schema\/person\/image\/","url":"https:\/\/icr.you2.pl\/wp-content\/uploads\/2019\/05\/cropped-logo-icr.32f04ad5-1-1.png","contentUrl":"https:\/\/icr.you2.pl\/wp-content\/uploads\/2019\/05\/cropped-logo-icr.32f04ad5-1-1.png","width":400,"height":148,"caption":"admin"},"logo":{"@id":"https:\/\/icr.you2.pl\/#\/schema\/person\/image\/"}}]}},"_links":{"self":[{"href":"https:\/\/icr.you2.pl\/lv\/wp-json\/wp\/v2\/pages\/12256","targetHints":{"allow":["GET"]}}],"collection":[{"href":"https:\/\/icr.you2.pl\/lv\/wp-json\/wp\/v2\/pages"}],"about":[{"href":"https:\/\/icr.you2.pl\/lv\/wp-json\/wp\/v2\/types\/page"}],"author":[{"embeddable":true,"href":"https:\/\/icr.you2.pl\/lv\/wp-json\/wp\/v2\/users\/2"}],"replies":[{"embeddable":true,"href":"https:\/\/icr.you2.pl\/lv\/wp-json\/wp\/v2\/comments?post=12256"}],"version-history":[{"count":0,"href":"https:\/\/icr.you2.pl\/lv\/wp-json\/wp\/v2\/pages\/12256\/revisions"}],"wp:attachment":[{"href":"https:\/\/icr.you2.pl\/lv\/wp-json\/wp\/v2\/media?parent=12256"}],"curies":[{"name":"wp","href":"https:\/\/api.w.org\/{rel}","templated":true}]}}