{"id":16326,"date":"2025-03-06T15:21:23","date_gmt":"2025-03-06T14:21:23","guid":{"rendered":"https:\/\/icrpolska.com\/?page_id=16326"},"modified":"2025-03-06T15:29:55","modified_gmt":"2025-03-06T14:29:55","slug":"cyberbezpieczenstwo","status":"publish","type":"page","link":"https:\/\/icr.you2.pl\/lv\/badania-wyrobow\/cyberbezpieczenstwo\/","title":{"rendered":"Kiberdro\u0161\u012bba"},"content":{"rendered":"<p>M\u0113s pied\u0101v\u0101jam pat\u0113r\u0113t\u0101ju lietisk\u0101 interneta ier\u012b\u010du, kas ir savienotas ar t\u012bkla infrastrukt\u016bru (piem\u0113ram, internetu vai m\u0101jas t\u012bklu), dro\u0161\u012bbas test\u0113\u0161anu saska\u0146\u0101 ar ETSI EN 303 645 V3.1.3 standartu.<br \/>\nPat\u0113r\u0113t\u0101ju lietisk\u0101 interneta ier\u012b\u010du piem\u0113ri:<br \/>\n- b\u0113rnu rota\u013clietas un b\u0113rnu monitori,<br \/>\n- ar dro\u0161\u012bbu saist\u012bti produkti, piem\u0113ram, d\u016bmu detektori un durvju sl\u0113dzenes,<br \/>\n- IoT b\u0101zes stacijas un centrmezgli, kuriem ir piesl\u0113gtas vair\u0101kas ier\u012bces,<br \/>\n- vied\u0101s kameras, televizorus un ska\u013cru\u0146us,<br \/>\n- p\u0101rn\u0113s\u0101jamie vesel\u012bbas sekot\u0101ji,<br \/>\n- m\u0101jas automatiz\u0101cijas un signaliz\u0101cijas sist\u0113mas, jo \u012bpa\u0161i to v\u0101rtejas un centrmezgli,<br \/>\n- t\u0101das ier\u012bces k\u0101 ve\u013cas mazg\u0101jam\u0101s ma\u0161\u012bnas un ledusskapji,<br \/>\n- vied\u0101s m\u0101jas elementi.<\/p>\n<p>M\u0113s pied\u0101v\u0101jam radioiek\u0101rtu kiberdro\u0161\u012bbas test\u0113\u0161anu:<br \/>\n- nev\u0113lama ietekme uz t\u012bklu un t\u0101 darb\u012bbu vai t\u012bkla resursu izmanto\u0161ana neatbilsto\u0161\u0101 veid\u0101, t\u0101d\u0113j\u0101di izraisot nepie\u0146emamu pakalpojuma kvalit\u0101tes pasliktin\u0101\u0161anos,<br \/>\n- lietot\u0101ja un abonenta personas datu un priv\u0101tuma aizsardz\u012bba,<br \/>\n- aizsardz\u012bba pret kr\u0101p\u0161anu.<br \/>\nTestus veic saska\u0146\u0101 ar EN 18031-1:2024, EN 18031-2:2024, EN 18031-3:2024.<\/p>","protected":false},"excerpt":{"rendered":"<p>M\u0113s pied\u0101v\u0101jam pat\u0113r\u0113t\u0101ju lietisk\u0101 interneta ier\u012b\u010du, kas ir savienotas ar t\u012bkla infrastrukt\u016bru (piem\u0113ram, internetu vai m\u0101jas t\u012bklu), dro\u0161\u012bbas test\u0113\u0161anu saska\u0146\u0101 ar ETSI EN 303 645 V3.1.3 Lietisko interneta ier\u012b\u010du piem\u0113ri: - b\u0113rnu rota\u013clietas un b\u0113rnu monitori, - ar dro\u0161\u012bbu saist\u012bti produkti, piem\u0113ram, d\u016bmu detektori un durvju sl\u0113dzenes, - b\u0101zes stacijas...&nbsp;<a href=\"https:\/\/icr.you2.pl\/lv\/badania-wyrobow\/cyberbezpieczenstwo\/\" rel=\"bookmark\">Las\u012bt vair\u0101k \"<span class=\"screen-reader-text\">Kiberdro\u0161\u012bba<\/span><\/a><\/p>","protected":false},"author":2,"featured_media":0,"parent":979,"menu_order":0,"comment_status":"closed","ping_status":"closed","template":"","meta":{"neve_meta_sidebar":"","neve_meta_container":"","neve_meta_enable_content_width":"off","neve_meta_content_width":100,"neve_meta_title_alignment":"","neve_meta_author_avatar":"","neve_post_elements_order":"","neve_meta_disable_header":"","neve_meta_disable_footer":"","neve_meta_disable_title":"","footnotes":""},"class_list":["post-16326","page","type-page","status-publish","hentry"],"yoast_head":"<!-- This site is optimized with the Yoast SEO plugin v26.8 - https:\/\/yoast.com\/product\/yoast-seo-wordpress\/ -->\n<title>Cyberbezpiecze\u0144stwo - ICR POLSKA - badania i certyfikacja<\/title>\n<meta name=\"robots\" content=\"index, follow, max-snippet:-1, max-image-preview:large, max-video-preview:-1\" \/>\n<link rel=\"canonical\" href=\"https:\/\/icr.you2.pl\/lv\/badania-wyrobow\/cyberbezpieczenstwo\/\" \/>\n<meta property=\"og:locale\" content=\"lv_LV\" \/>\n<meta property=\"og:type\" content=\"article\" \/>\n<meta property=\"og:title\" content=\"Cyberbezpiecze\u0144stwo - ICR POLSKA - badania i certyfikacja\" \/>\n<meta property=\"og:description\" content=\"Oferujemy badania z zakresu bezpiecze\u0144stwa konsumenckich urz\u0105dze\u0144 Internetu rzeczy, kt\u00f3re s\u0105 pod\u0142\u0105czone do infrastruktury sieciowej (np. internetu lub sieci domowej) wed\u0142ug normy ETSI EN 303 645 V3.1.3 Przyk\u0142ady konsumenckich urz\u0105dze\u0144 internetu rzeczy: &#8211; zabawki dla dzieci i monitory dzieci\u0119ce, &#8211; produkty zwi\u0105zane z bezpiecze\u0144stwem, takie jak czujniki dymu i zamki do drzwi, &#8211; stacje bazowe&hellip;&nbsp;Read More &raquo;Cyberbezpiecze\u0144stwo\" \/>\n<meta property=\"og:url\" content=\"https:\/\/icr.you2.pl\/lv\/badania-wyrobow\/cyberbezpieczenstwo\/\" \/>\n<meta property=\"og:site_name\" content=\"ICR POLSKA - badania i certyfikacja\" \/>\n<meta property=\"article:modified_time\" content=\"2025-03-06T14:29:55+00:00\" \/>\n<meta name=\"twitter:card\" content=\"summary_large_image\" \/>\n<meta name=\"twitter:label1\" content=\"Est. reading time\" \/>\n\t<meta name=\"twitter:data1\" content=\"1 min\u016bte\" \/>\n<script type=\"application\/ld+json\" class=\"yoast-schema-graph\">{\"@context\":\"https:\/\/schema.org\",\"@graph\":[{\"@type\":\"WebPage\",\"@id\":\"https:\/\/icr.you2.pl\/badania-wyrobow\/cyberbezpieczenstwo\/\",\"url\":\"https:\/\/icr.you2.pl\/badania-wyrobow\/cyberbezpieczenstwo\/\",\"name\":\"Cyberbezpiecze\u0144stwo - ICR POLSKA - badania i certyfikacja\",\"isPartOf\":{\"@id\":\"https:\/\/icr.you2.pl\/#website\"},\"datePublished\":\"2025-03-06T14:21:23+00:00\",\"dateModified\":\"2025-03-06T14:29:55+00:00\",\"breadcrumb\":{\"@id\":\"https:\/\/icr.you2.pl\/badania-wyrobow\/cyberbezpieczenstwo\/#breadcrumb\"},\"inLanguage\":\"lv-LV\",\"potentialAction\":[{\"@type\":\"ReadAction\",\"target\":[\"https:\/\/icr.you2.pl\/badania-wyrobow\/cyberbezpieczenstwo\/\"]}]},{\"@type\":\"BreadcrumbList\",\"@id\":\"https:\/\/icr.you2.pl\/badania-wyrobow\/cyberbezpieczenstwo\/#breadcrumb\",\"itemListElement\":[{\"@type\":\"ListItem\",\"position\":1,\"name\":\"Strona g\u0142\u00f3wna\",\"item\":\"https:\/\/icr.you2.pl\/\"},{\"@type\":\"ListItem\",\"position\":2,\"name\":\"Badania wyrob\u00f3w\",\"item\":\"https:\/\/icr.you2.pl\/badania-wyrobow\/\"},{\"@type\":\"ListItem\",\"position\":3,\"name\":\"Cyberbezpiecze\u0144stwo\"}]},{\"@type\":\"WebSite\",\"@id\":\"https:\/\/icr.you2.pl\/#website\",\"url\":\"https:\/\/icr.you2.pl\/\",\"name\":\"ICR POLSKA - badania i certyfikacja\",\"description\":\"CE certification, CE certificate, ISO certificate, RED testing, product testing and certification, electrical product testing, medical device testing, ATEX, IECEx, FCC, product certification, EMC testing, machinery certification, CE machines, training, electronic product testing, testing 2014\/53\/EU, drone certification, ISO 13485 certificate, ISO 9001 certificate, NC RfG\",\"publisher\":{\"@id\":\"https:\/\/icr.you2.pl\/#\/schema\/person\/944799c9e2f4a94662e3fcb3b1544baf\"},\"potentialAction\":[{\"@type\":\"SearchAction\",\"target\":{\"@type\":\"EntryPoint\",\"urlTemplate\":\"https:\/\/icr.you2.pl\/?s={search_term_string}\"},\"query-input\":{\"@type\":\"PropertyValueSpecification\",\"valueRequired\":true,\"valueName\":\"search_term_string\"}}],\"inLanguage\":\"lv-LV\"},{\"@type\":[\"Person\",\"Organization\"],\"@id\":\"https:\/\/icr.you2.pl\/#\/schema\/person\/944799c9e2f4a94662e3fcb3b1544baf\",\"name\":\"admin\",\"image\":{\"@type\":\"ImageObject\",\"inLanguage\":\"lv-LV\",\"@id\":\"https:\/\/icr.you2.pl\/#\/schema\/person\/image\/\",\"url\":\"https:\/\/icr.you2.pl\/wp-content\/uploads\/2019\/05\/cropped-logo-icr.32f04ad5-1-1.png\",\"contentUrl\":\"https:\/\/icr.you2.pl\/wp-content\/uploads\/2019\/05\/cropped-logo-icr.32f04ad5-1-1.png\",\"width\":400,\"height\":148,\"caption\":\"admin\"},\"logo\":{\"@id\":\"https:\/\/icr.you2.pl\/#\/schema\/person\/image\/\"}}]}<\/script>\n<!-- \/ Yoast SEO plugin. -->","yoast_head_json":{"title":"Kiberdro\u0161\u012bba - ICR POLIJA - Test\u0113\u0161ana un sertifik\u0101cija","robots":{"index":"index","follow":"follow","max-snippet":"max-snippet:-1","max-image-preview":"max-image-preview:large","max-video-preview":"max-video-preview:-1"},"canonical":"https:\/\/icr.you2.pl\/lv\/badania-wyrobow\/cyberbezpieczenstwo\/","og_locale":"lv_LV","og_type":"article","og_title":"Cyberbezpiecze\u0144stwo - ICR POLSKA - badania i certyfikacja","og_description":"Oferujemy badania z zakresu bezpiecze\u0144stwa konsumenckich urz\u0105dze\u0144 Internetu rzeczy, kt\u00f3re s\u0105 pod\u0142\u0105czone do infrastruktury sieciowej (np. internetu lub sieci domowej) wed\u0142ug normy ETSI EN 303 645 V3.1.3 Przyk\u0142ady konsumenckich urz\u0105dze\u0144 internetu rzeczy: &#8211; zabawki dla dzieci i monitory dzieci\u0119ce, &#8211; produkty zwi\u0105zane z bezpiecze\u0144stwem, takie jak czujniki dymu i zamki do drzwi, &#8211; stacje bazowe&hellip;&nbsp;Read More &raquo;Cyberbezpiecze\u0144stwo","og_url":"https:\/\/icr.you2.pl\/lv\/badania-wyrobow\/cyberbezpieczenstwo\/","og_site_name":"ICR POLSKA - badania i certyfikacja","article_modified_time":"2025-03-06T14:29:55+00:00","twitter_card":"summary_large_image","twitter_misc":{"Est. reading time":"1 min\u016bte"},"schema":{"@context":"https:\/\/schema.org","@graph":[{"@type":"WebPage","@id":"https:\/\/icr.you2.pl\/badania-wyrobow\/cyberbezpieczenstwo\/","url":"https:\/\/icr.you2.pl\/badania-wyrobow\/cyberbezpieczenstwo\/","name":"Kiberdro\u0161\u012bba - ICR POLIJA - Test\u0113\u0161ana un sertifik\u0101cija","isPartOf":{"@id":"https:\/\/icr.you2.pl\/#website"},"datePublished":"2025-03-06T14:21:23+00:00","dateModified":"2025-03-06T14:29:55+00:00","breadcrumb":{"@id":"https:\/\/icr.you2.pl\/badania-wyrobow\/cyberbezpieczenstwo\/#breadcrumb"},"inLanguage":"lv-LV","potentialAction":[{"@type":"ReadAction","target":["https:\/\/icr.you2.pl\/badania-wyrobow\/cyberbezpieczenstwo\/"]}]},{"@type":"BreadcrumbList","@id":"https:\/\/icr.you2.pl\/badania-wyrobow\/cyberbezpieczenstwo\/#breadcrumb","itemListElement":[{"@type":"ListItem","position":1,"name":"Strona g\u0142\u00f3wna","item":"https:\/\/icr.you2.pl\/"},{"@type":"ListItem","position":2,"name":"Badania wyrob\u00f3w","item":"https:\/\/icr.you2.pl\/badania-wyrobow\/"},{"@type":"ListItem","position":3,"name":"Cyberbezpiecze\u0144stwo"}]},{"@type":"WebSite","@id":"https:\/\/icr.you2.pl\/#website","url":"https:\/\/icr.you2.pl\/","name":"ICR POLIJA - test\u0113\u0161ana un sertifik\u0101cija","description":"CE sertifik\u0101cija, CE sertifik\u0101ts, ISO sertifik\u0101ts, RED test\u0113\u0161ana, produktu test\u0113\u0161ana un sertifik\u0101cija, elektrisko produktu test\u0113\u0161ana, medic\u012bnas ier\u012b\u010du test\u0113\u0161ana, ATEX, IECEx, FCC, produktu sertifik\u0101cija, EMC test\u0113\u0161ana, ma\u0161\u012bnu sertifik\u0101cija, CE iek\u0101rtas, apm\u0101c\u012bba, elektronisko produktu test\u0113\u0161ana, test\u0113\u0161ana 2014\/53\/ES, dronu sertifik\u0101cija, ISO 13485 sertifik\u0101ts, ISO 9001 sertifik\u0101ts, NC RfG","publisher":{"@id":"https:\/\/icr.you2.pl\/#\/schema\/person\/944799c9e2f4a94662e3fcb3b1544baf"},"potentialAction":[{"@type":"SearchAction","target":{"@type":"EntryPoint","urlTemplate":"https:\/\/icr.you2.pl\/?s={search_term_string}"},"query-input":{"@type":"PropertyValueSpecification","valueRequired":true,"valueName":"search_term_string"}}],"inLanguage":"lv-LV"},{"@type":["Person","Organization"],"@id":"https:\/\/icr.you2.pl\/#\/schema\/person\/944799c9e2f4a94662e3fcb3b1544baf","name":"administrators","image":{"@type":"ImageObject","inLanguage":"lv-LV","@id":"https:\/\/icr.you2.pl\/#\/schema\/person\/image\/","url":"https:\/\/icr.you2.pl\/wp-content\/uploads\/2019\/05\/cropped-logo-icr.32f04ad5-1-1.png","contentUrl":"https:\/\/icr.you2.pl\/wp-content\/uploads\/2019\/05\/cropped-logo-icr.32f04ad5-1-1.png","width":400,"height":148,"caption":"admin"},"logo":{"@id":"https:\/\/icr.you2.pl\/#\/schema\/person\/image\/"}}]}},"_links":{"self":[{"href":"https:\/\/icr.you2.pl\/lv\/wp-json\/wp\/v2\/pages\/16326","targetHints":{"allow":["GET"]}}],"collection":[{"href":"https:\/\/icr.you2.pl\/lv\/wp-json\/wp\/v2\/pages"}],"about":[{"href":"https:\/\/icr.you2.pl\/lv\/wp-json\/wp\/v2\/types\/page"}],"author":[{"embeddable":true,"href":"https:\/\/icr.you2.pl\/lv\/wp-json\/wp\/v2\/users\/2"}],"replies":[{"embeddable":true,"href":"https:\/\/icr.you2.pl\/lv\/wp-json\/wp\/v2\/comments?post=16326"}],"version-history":[{"count":0,"href":"https:\/\/icr.you2.pl\/lv\/wp-json\/wp\/v2\/pages\/16326\/revisions"}],"up":[{"embeddable":true,"href":"https:\/\/icr.you2.pl\/lv\/wp-json\/wp\/v2\/pages\/979"}],"wp:attachment":[{"href":"https:\/\/icr.you2.pl\/lv\/wp-json\/wp\/v2\/media?parent=16326"}],"curies":[{"name":"wp","href":"https:\/\/api.w.org\/{rel}","templated":true}]}}