{"id":1945,"date":"2019-05-22T19:08:36","date_gmt":"2019-05-22T19:08:36","guid":{"rendered":"http:\/\/icrpolska.e-ksperci.pl\/?page_id=1945"},"modified":"2022-09-07T23:06:54","modified_gmt":"2022-09-07T21:06:54","slug":"iso-45001-system-zarzadzania-bezpieczenstwem-i-higiena-pracy","status":"publish","type":"page","link":"https:\/\/icr.you2.pl\/lv\/certyfikacja-systemow\/iso-45001-system-zarzadzania-bezpieczenstwem-i-higiena-pracy\/","title":{"rendered":"ISO 45001 arodvesel\u012bbas un darba dro\u0161\u012bbas vad\u012bbas sist\u0113ma"},"content":{"rendered":"<br \/>\n<h2>Kas ir ISO 45001?<\/h2>\n<p class=\"translation-block\"><strong>ISO 45001<\/strong> (arodvesel\u012bbas un darba dro\u0161\u012bbas vad\u012bbas sist\u0113ma) ir vad\u012bbas sist\u0113ma, kas paredz\u0113ta, lai paredz\u0113tu un nov\u0113rstu darba viet\u0101 iesp\u0113jamos vesel\u012bbas un dro\u0161\u012bbas riskus darbiniekiem. Sist\u0113ma uzlabo un p\u0101rvalda elementus, kas saist\u012bti ar darbinieku vesel\u012bbu un dro\u0161\u012bbu.<\/p>\n<h4>ISO 45001 priek\u0161roc\u012bbas:<\/h4>\n<ul>\n<li>Sp\u0113ja proakt\u012bvi rea\u0123\u0113t uz starptautisk\u0101m tendenc\u0113m.<\/li>\n<li>Nov\u0113rst vesel\u012bbas un dro\u0161\u012bbas \u0161\u0137\u0113r\u0161\u013cus starptautiskaj\u0101 tirdzniec\u012bb\u0101, lai atvieglotu iek\u013c\u016b\u0161anu \u0101rvalstu tirgos.<\/li>\n<li>br\u012bv\u012bbas garantija no starptautisk\u0101m spiediena grup\u0101m, piem\u0113ram, SDO un cit\u0101m.<\/li>\n<li>Viegli izveidot integr\u0113tu sist\u0113mu ar ISO 9001 un ISO 14001, ar l\u012bdz\u012bgu strukt\u016bru un iesp\u0113ju ieviest efekt\u012bvas kvalit\u0101tes\/vides\/dro\u0161\u012bbas p\u0101rvald\u012bbas sist\u0113mas.<\/li>\n<li>Vesel\u012bbas un dro\u0161\u012bbas aspekti<\/li>\n<li>Iev\u0113rojams nelaimes gad\u012bjumu skaita samazin\u0101jums, nep\u0101rtraukti p\u0101rvaldot\/nov\u0113r\u0161ot iesp\u0113jamos darba vides riskus, lai aizsarg\u0101tu dz\u012bv\u012bbu un \u012bpa\u0161umu.<\/li>\n<li>Finan\u0161u aspekts<\/li>\n<li>Ieguvumi no negad\u012bjumu izmaksu samazin\u0101\u0161anas, samazinot negad\u012bjumu skaitu<\/li>\n<li>Ieguld\u012bjumu stabilit\u0101te ieinteres\u0113taj\u0101m person\u0101m<\/li>\n<li>Sp\u0113ja tikt gal\u0101 ar soci\u0101lo spiedienu<\/li>\n<li>Sabiedr\u012bbas v\u0113lmju apmierin\u0101\u0161ana attiec\u012bb\u0101 uz liel\u0101ku dro\u0161\u012bbu<\/li>\n<li>Liel\u0101ka stabilit\u0101te darba vad\u012bb\u0101<\/li>\n<li>Pastiprin\u0101ti ties\u012bbu akti un noteikumi<\/li>\n<li>Sp\u0113ja proakt\u012bvi r\u012bkoties saska\u0146\u0101 ar viet\u0113jiem un starptautiskajiem ties\u012bbu aktiem un noteikumiem.<\/li>\n<li>Pastiprin\u0101ta starptautisko darba kopienu uzraudz\u012bba<\/li>\n<\/ul>","protected":false},"excerpt":{"rendered":"<p>Kas ir ISO 45001? ISO 45001 (arodvesel\u012bbas un darba dro\u0161\u012bbas vad\u012bbas sist\u0113ma) ir vad\u012bbas sist\u0113ma, kas paredz\u0113ta, lai paredz\u0113tu un nov\u0113rstu darba viet\u0101 iesp\u0113jamos riskus darbinieku vesel\u012bbai un dro\u0161\u012bbai. Sist\u0113ma uzlabo un p\u0101rvalda elementus, kas saist\u012bti ar darbinieku vesel\u012bbu un dro\u0161\u012bbu ISO 45001 priek\u0161roc\u012bbas: Sp\u0113ja proakt\u012bvi risin\u0101t...&nbsp;<a href=\"https:\/\/icr.you2.pl\/lv\/certyfikacja-systemow\/iso-45001-system-zarzadzania-bezpieczenstwem-i-higiena-pracy\/\" rel=\"bookmark\">Las\u012bt vair\u0101k \"<span class=\"screen-reader-text\">ISO 45001 arodvesel\u012bbas un darba dro\u0161\u012bbas vad\u012bbas sist\u0113ma<\/span><\/a><\/p>","protected":false},"author":1,"featured_media":1065,"parent":162,"menu_order":0,"comment_status":"closed","ping_status":"closed","template":"","meta":{"neve_meta_sidebar":"","neve_meta_container":"","neve_meta_enable_content_width":"off","neve_meta_content_width":70,"neve_meta_title_alignment":"","neve_meta_author_avatar":"","neve_post_elements_order":"","neve_meta_disable_header":"","neve_meta_disable_footer":"","neve_meta_disable_title":"","footnotes":""},"class_list":["post-1945","page","type-page","status-publish","has-post-thumbnail","hentry"],"yoast_head":"<!-- This site is optimized with the Yoast SEO plugin v26.8 - https:\/\/yoast.com\/product\/yoast-seo-wordpress\/ -->\n<title>ISO 45001 System Zarz\u0105dzania Bezpiecze\u0144stwem i Higien\u0105 Pracy - ICR POLSKA - badania i certyfikacja<\/title>\n<meta name=\"robots\" content=\"index, follow, max-snippet:-1, max-image-preview:large, max-video-preview:-1\" \/>\n<link rel=\"canonical\" href=\"https:\/\/icr.you2.pl\/lv\/certyfikacja-systemow\/iso-45001-system-zarzadzania-bezpieczenstwem-i-higiena-pracy\/\" \/>\n<meta property=\"og:locale\" content=\"lv_LV\" \/>\n<meta property=\"og:type\" content=\"article\" \/>\n<meta property=\"og:title\" content=\"ISO 45001 System Zarz\u0105dzania Bezpiecze\u0144stwem i Higien\u0105 Pracy - ICR POLSKA - badania i certyfikacja\" \/>\n<meta property=\"og:description\" content=\"Czym jest ISO 45001? ISO 45001 (System Zarz\u0105dzania Bezpiecze\u0144stwem i Higien\u0105 Pracy) to system zarz\u0105dzania, kt\u00f3ry ma za zadanie przewidzie\u0107 zagro\u017cenia dla zdrowia i bezpiecze\u0144stwa pracownik\u00f3w, mog\u0105ce wyst\u0105pi\u0107 w miejscu pracy oraz zapobiec im. System poprawia oraz zarz\u0105dza elementami zwi\u0105zanymi z bezpiecze\u0144stwem i higien\u0105 pracy pracownik\u00f3w Korzy\u015bci wynikaj\u0105ce z ISO 45001: Zdolno\u015b\u0107 do aktywnego radzenia&hellip;&nbsp;Read More &raquo;ISO 45001 System Zarz\u0105dzania Bezpiecze\u0144stwem i Higien\u0105 Pracy\" \/>\n<meta property=\"og:url\" content=\"https:\/\/icr.you2.pl\/lv\/certyfikacja-systemow\/iso-45001-system-zarzadzania-bezpieczenstwem-i-higiena-pracy\/\" \/>\n<meta property=\"og:site_name\" content=\"ICR POLSKA - badania i certyfikacja\" \/>\n<meta property=\"article:modified_time\" content=\"2022-09-07T21:06:54+00:00\" \/>\n<meta name=\"twitter:card\" content=\"summary_large_image\" \/>\n<meta name=\"twitter:label1\" content=\"Est. reading time\" \/>\n\t<meta name=\"twitter:data1\" content=\"2 min\u016btes\" \/>\n<script type=\"application\/ld+json\" class=\"yoast-schema-graph\">{\"@context\":\"https:\/\/schema.org\",\"@graph\":[{\"@type\":\"WebPage\",\"@id\":\"https:\/\/icr.you2.pl\/certyfikacja-systemow\/iso-45001-system-zarzadzania-bezpieczenstwem-i-higiena-pracy\/\",\"url\":\"https:\/\/icr.you2.pl\/certyfikacja-systemow\/iso-45001-system-zarzadzania-bezpieczenstwem-i-higiena-pracy\/\",\"name\":\"ISO 45001 System Zarz\u0105dzania Bezpiecze\u0144stwem i Higien\u0105 Pracy - ICR POLSKA - badania i certyfikacja\",\"isPartOf\":{\"@id\":\"https:\/\/icr.you2.pl\/#website\"},\"primaryImageOfPage\":{\"@id\":\"https:\/\/icr.you2.pl\/certyfikacja-systemow\/iso-45001-system-zarzadzania-bezpieczenstwem-i-higiena-pracy\/#primaryimage\"},\"image\":{\"@id\":\"https:\/\/icr.you2.pl\/certyfikacja-systemow\/iso-45001-system-zarzadzania-bezpieczenstwem-i-higiena-pracy\/#primaryimage\"},\"thumbnailUrl\":\"\",\"datePublished\":\"2019-05-22T19:08:36+00:00\",\"dateModified\":\"2022-09-07T21:06:54+00:00\",\"breadcrumb\":{\"@id\":\"https:\/\/icr.you2.pl\/certyfikacja-systemow\/iso-45001-system-zarzadzania-bezpieczenstwem-i-higiena-pracy\/#breadcrumb\"},\"inLanguage\":\"lv-LV\",\"potentialAction\":[{\"@type\":\"ReadAction\",\"target\":[\"https:\/\/icr.you2.pl\/certyfikacja-systemow\/iso-45001-system-zarzadzania-bezpieczenstwem-i-higiena-pracy\/\"]}]},{\"@type\":\"ImageObject\",\"inLanguage\":\"lv-LV\",\"@id\":\"https:\/\/icr.you2.pl\/certyfikacja-systemow\/iso-45001-system-zarzadzania-bezpieczenstwem-i-higiena-pracy\/#primaryimage\",\"url\":\"\",\"contentUrl\":\"\"},{\"@type\":\"BreadcrumbList\",\"@id\":\"https:\/\/icr.you2.pl\/certyfikacja-systemow\/iso-45001-system-zarzadzania-bezpieczenstwem-i-higiena-pracy\/#breadcrumb\",\"itemListElement\":[{\"@type\":\"ListItem\",\"position\":1,\"name\":\"Strona g\u0142\u00f3wna\",\"item\":\"https:\/\/icr.you2.pl\/\"},{\"@type\":\"ListItem\",\"position\":2,\"name\":\"Certyfikacja system\u00f3w ISO\",\"item\":\"https:\/\/icr.you2.pl\/en\/certyfikacja-systemow\/\"},{\"@type\":\"ListItem\",\"position\":3,\"name\":\"ISO 45001 System Zarz\u0105dzania Bezpiecze\u0144stwem i Higien\u0105 Pracy\"}]},{\"@type\":\"WebSite\",\"@id\":\"https:\/\/icr.you2.pl\/#website\",\"url\":\"https:\/\/icr.you2.pl\/\",\"name\":\"ICR POLSKA - badania i certyfikacja\",\"description\":\"CE certification, CE certificate, ISO certificate, RED testing, product testing and certification, electrical product testing, medical device testing, ATEX, IECEx, FCC, product certification, EMC testing, machinery certification, CE machines, training, electronic product testing, testing 2014\/53\/EU, drone certification, ISO 13485 certificate, ISO 9001 certificate, NC RfG\",\"publisher\":{\"@id\":\"https:\/\/icr.you2.pl\/#\/schema\/person\/944799c9e2f4a94662e3fcb3b1544baf\"},\"potentialAction\":[{\"@type\":\"SearchAction\",\"target\":{\"@type\":\"EntryPoint\",\"urlTemplate\":\"https:\/\/icr.you2.pl\/?s={search_term_string}\"},\"query-input\":{\"@type\":\"PropertyValueSpecification\",\"valueRequired\":true,\"valueName\":\"search_term_string\"}}],\"inLanguage\":\"lv-LV\"},{\"@type\":[\"Person\",\"Organization\"],\"@id\":\"https:\/\/icr.you2.pl\/#\/schema\/person\/944799c9e2f4a94662e3fcb3b1544baf\",\"name\":\"admin\",\"image\":{\"@type\":\"ImageObject\",\"inLanguage\":\"lv-LV\",\"@id\":\"https:\/\/icr.you2.pl\/#\/schema\/person\/image\/\",\"url\":\"https:\/\/icr.you2.pl\/wp-content\/uploads\/2019\/05\/cropped-logo-icr.32f04ad5-1-1.png\",\"contentUrl\":\"https:\/\/icr.you2.pl\/wp-content\/uploads\/2019\/05\/cropped-logo-icr.32f04ad5-1-1.png\",\"width\":400,\"height\":148,\"caption\":\"admin\"},\"logo\":{\"@id\":\"https:\/\/icr.you2.pl\/#\/schema\/person\/image\/\"}}]}<\/script>\n<!-- \/ Yoast SEO plugin. -->","yoast_head_json":{"title":"ISO 45001 Darba dro\u0161\u012bbas un vesel\u012bbas aizsardz\u012bbas vad\u012bbas sist\u0113ma - ICR POLIJA - test\u0113\u0161ana un sertifik\u0101cija","robots":{"index":"index","follow":"follow","max-snippet":"max-snippet:-1","max-image-preview":"max-image-preview:large","max-video-preview":"max-video-preview:-1"},"canonical":"https:\/\/icr.you2.pl\/lv\/certyfikacja-systemow\/iso-45001-system-zarzadzania-bezpieczenstwem-i-higiena-pracy\/","og_locale":"lv_LV","og_type":"article","og_title":"ISO 45001 System Zarz\u0105dzania Bezpiecze\u0144stwem i Higien\u0105 Pracy - ICR POLSKA - badania i certyfikacja","og_description":"Czym jest ISO 45001? ISO 45001 (System Zarz\u0105dzania Bezpiecze\u0144stwem i Higien\u0105 Pracy) to system zarz\u0105dzania, kt\u00f3ry ma za zadanie przewidzie\u0107 zagro\u017cenia dla zdrowia i bezpiecze\u0144stwa pracownik\u00f3w, mog\u0105ce wyst\u0105pi\u0107 w miejscu pracy oraz zapobiec im. System poprawia oraz zarz\u0105dza elementami zwi\u0105zanymi z bezpiecze\u0144stwem i higien\u0105 pracy pracownik\u00f3w Korzy\u015bci wynikaj\u0105ce z ISO 45001: Zdolno\u015b\u0107 do aktywnego radzenia&hellip;&nbsp;Read More &raquo;ISO 45001 System Zarz\u0105dzania Bezpiecze\u0144stwem i Higien\u0105 Pracy","og_url":"https:\/\/icr.you2.pl\/lv\/certyfikacja-systemow\/iso-45001-system-zarzadzania-bezpieczenstwem-i-higiena-pracy\/","og_site_name":"ICR POLSKA - badania i certyfikacja","article_modified_time":"2022-09-07T21:06:54+00:00","twitter_card":"summary_large_image","twitter_misc":{"Est. reading time":"2 min\u016btes"},"schema":{"@context":"https:\/\/schema.org","@graph":[{"@type":"WebPage","@id":"https:\/\/icr.you2.pl\/certyfikacja-systemow\/iso-45001-system-zarzadzania-bezpieczenstwem-i-higiena-pracy\/","url":"https:\/\/icr.you2.pl\/certyfikacja-systemow\/iso-45001-system-zarzadzania-bezpieczenstwem-i-higiena-pracy\/","name":"ISO 45001 Darba dro\u0161\u012bbas un vesel\u012bbas aizsardz\u012bbas vad\u012bbas sist\u0113ma - ICR POLIJA - test\u0113\u0161ana un sertifik\u0101cija","isPartOf":{"@id":"https:\/\/icr.you2.pl\/#website"},"primaryImageOfPage":{"@id":"https:\/\/icr.you2.pl\/certyfikacja-systemow\/iso-45001-system-zarzadzania-bezpieczenstwem-i-higiena-pracy\/#primaryimage"},"image":{"@id":"https:\/\/icr.you2.pl\/certyfikacja-systemow\/iso-45001-system-zarzadzania-bezpieczenstwem-i-higiena-pracy\/#primaryimage"},"thumbnailUrl":"","datePublished":"2019-05-22T19:08:36+00:00","dateModified":"2022-09-07T21:06:54+00:00","breadcrumb":{"@id":"https:\/\/icr.you2.pl\/certyfikacja-systemow\/iso-45001-system-zarzadzania-bezpieczenstwem-i-higiena-pracy\/#breadcrumb"},"inLanguage":"lv-LV","potentialAction":[{"@type":"ReadAction","target":["https:\/\/icr.you2.pl\/certyfikacja-systemow\/iso-45001-system-zarzadzania-bezpieczenstwem-i-higiena-pracy\/"]}]},{"@type":"ImageObject","inLanguage":"lv-LV","@id":"https:\/\/icr.you2.pl\/certyfikacja-systemow\/iso-45001-system-zarzadzania-bezpieczenstwem-i-higiena-pracy\/#primaryimage","url":"","contentUrl":""},{"@type":"BreadcrumbList","@id":"https:\/\/icr.you2.pl\/certyfikacja-systemow\/iso-45001-system-zarzadzania-bezpieczenstwem-i-higiena-pracy\/#breadcrumb","itemListElement":[{"@type":"ListItem","position":1,"name":"Strona g\u0142\u00f3wna","item":"https:\/\/icr.you2.pl\/"},{"@type":"ListItem","position":2,"name":"Certyfikacja system\u00f3w ISO","item":"https:\/\/icr.you2.pl\/en\/certyfikacja-systemow\/"},{"@type":"ListItem","position":3,"name":"ISO 45001 System Zarz\u0105dzania Bezpiecze\u0144stwem i Higien\u0105 Pracy"}]},{"@type":"WebSite","@id":"https:\/\/icr.you2.pl\/#website","url":"https:\/\/icr.you2.pl\/","name":"ICR POLIJA - test\u0113\u0161ana un sertifik\u0101cija","description":"CE sertifik\u0101cija, CE sertifik\u0101ts, ISO sertifik\u0101ts, RED test\u0113\u0161ana, produktu test\u0113\u0161ana un sertifik\u0101cija, elektrisko produktu test\u0113\u0161ana, medic\u012bnas ier\u012b\u010du test\u0113\u0161ana, ATEX, IECEx, FCC, produktu sertifik\u0101cija, EMC test\u0113\u0161ana, ma\u0161\u012bnu sertifik\u0101cija, CE iek\u0101rtas, apm\u0101c\u012bba, elektronisko produktu test\u0113\u0161ana, test\u0113\u0161ana 2014\/53\/ES, dronu sertifik\u0101cija, ISO 13485 sertifik\u0101ts, ISO 9001 sertifik\u0101ts, NC RfG","publisher":{"@id":"https:\/\/icr.you2.pl\/#\/schema\/person\/944799c9e2f4a94662e3fcb3b1544baf"},"potentialAction":[{"@type":"SearchAction","target":{"@type":"EntryPoint","urlTemplate":"https:\/\/icr.you2.pl\/?s={search_term_string}"},"query-input":{"@type":"PropertyValueSpecification","valueRequired":true,"valueName":"search_term_string"}}],"inLanguage":"lv-LV"},{"@type":["Person","Organization"],"@id":"https:\/\/icr.you2.pl\/#\/schema\/person\/944799c9e2f4a94662e3fcb3b1544baf","name":"administrators","image":{"@type":"ImageObject","inLanguage":"lv-LV","@id":"https:\/\/icr.you2.pl\/#\/schema\/person\/image\/","url":"https:\/\/icr.you2.pl\/wp-content\/uploads\/2019\/05\/cropped-logo-icr.32f04ad5-1-1.png","contentUrl":"https:\/\/icr.you2.pl\/wp-content\/uploads\/2019\/05\/cropped-logo-icr.32f04ad5-1-1.png","width":400,"height":148,"caption":"admin"},"logo":{"@id":"https:\/\/icr.you2.pl\/#\/schema\/person\/image\/"}}]}},"_links":{"self":[{"href":"https:\/\/icr.you2.pl\/lv\/wp-json\/wp\/v2\/pages\/1945","targetHints":{"allow":["GET"]}}],"collection":[{"href":"https:\/\/icr.you2.pl\/lv\/wp-json\/wp\/v2\/pages"}],"about":[{"href":"https:\/\/icr.you2.pl\/lv\/wp-json\/wp\/v2\/types\/page"}],"author":[{"embeddable":true,"href":"https:\/\/icr.you2.pl\/lv\/wp-json\/wp\/v2\/users\/1"}],"replies":[{"embeddable":true,"href":"https:\/\/icr.you2.pl\/lv\/wp-json\/wp\/v2\/comments?post=1945"}],"version-history":[{"count":0,"href":"https:\/\/icr.you2.pl\/lv\/wp-json\/wp\/v2\/pages\/1945\/revisions"}],"up":[{"embeddable":true,"href":"https:\/\/icr.you2.pl\/lv\/wp-json\/wp\/v2\/pages\/162"}],"wp:featuredmedia":[{"embeddable":true,"href":"https:\/\/icr.you2.pl\/lv\/wp-json\/"}],"wp:attachment":[{"href":"https:\/\/icr.you2.pl\/lv\/wp-json\/wp\/v2\/media?parent=1945"}],"curies":[{"name":"wp","href":"https:\/\/api.w.org\/{rel}","templated":true}]}}