{"id":1951,"date":"2019-05-22T19:17:19","date_gmt":"2019-05-22T19:17:19","guid":{"rendered":"http:\/\/icrpolska.e-ksperci.pl\/?page_id=1951"},"modified":"2022-09-07T22:54:09","modified_gmt":"2022-09-07T20:54:09","slug":"pn-en-iso-14065","status":"publish","type":"page","link":"https:\/\/icr.you2.pl\/lv\/certyfikacja-systemow\/pn-en-iso-14065\/","title":{"rendered":"EN 14065"},"content":{"rendered":"<p class=\"translation-block\">Standart\u0101 <strong>EN 14065<\/strong> ir aprakst\u012bti principi, kas j\u0101iev\u0113ro, izstr\u0101d\u0101jot vad\u012bbas sist\u0113mu, lai nodro\u0161in\u0101tu tekstilizstr\u0101d\u0101jumu mikrobiolo\u0123isko kvalit\u0101ti p\u0113c ve\u013cas apstr\u0101des. Saska\u0146\u0101 ar \u0161o standartu izveidot\u0101 sist\u0113ma atbilst procesa pieejai, kas paz\u012bstama no ISO 9001, iz\u0146emot 7.3. punkta pras\u012bbas. 2002. gada 20. novembr\u012b Eiropas Standartiz\u0101cijas komiteja (CEN) izveidoja standartu EN 14065, kas s\u0101kotn\u0113j\u0101 versij\u0101 tika ieviests Polijas standartu kopum\u0101 2003. gad\u0101, savuk\u0101rt Polijas Standartiz\u0101cijas komiteja standarta po\u013cu versiju ieviesa 2005. gada apr\u012bl\u012b. RABC (riska anal\u012bze un biokontamin\u0101cijas kontrole) ir Eiropas standarts, kas attiecas uz tradicion\u0101laj\u0101m ve\u013cas mazg\u0101tav\u0101m, kur\u0101s izmanto \u016bdeni, k\u0101 ar\u012b t\u0101m, kuras darbojas saska\u0146\u0101 ar t\u0101 saukto \"t\u012br\u0101s telpas\" koncepciju.<\/p>\n<h4>EN 14065 priek\u0161roc\u012bbas:<\/h4>\n<ul>\n<li>nodro\u0161in\u0101t higi\u0113nas apst\u0101k\u013cus person\u0101lam,<\/li>\n<li>nodro\u0161in\u0101t pareizus higi\u0113nas apst\u0101k\u013cus mazg\u0101jamajiem tekstilizstr\u0101d\u0101jumiem,<\/li>\n<li>nodro\u0161in\u0101t atbilst\u012bbu likumiem un noteikumiem,<\/li>\n<li>r\u016bpes par pakalpojumu kvalit\u0101ti un higi\u0113nas apst\u0101k\u013ciem klientiem,<\/li>\n<li>atvieglot piek\u013cuvi jauniem klientiem un biznesa partneriem,<\/li>\n<li>risin\u0101jums uz\u0146\u0113mumiem, kuriem nepiecie\u0161ama RABC sertifik\u0101cija,<\/li>\n<li>uz\u0146\u0113muma konkur\u0113tsp\u0113jas palielin\u0101\u0161ana, ievie\u0161ot un sertific\u0113jot RABC sist\u0113mu.<\/li>\n<\/ul>","protected":false},"excerpt":{"rendered":"<p>Standart\u0101 EN 14065 ir aprakst\u012bti p\u0101rvald\u012bbas sist\u0113mas izstr\u0101des principi, lai nodro\u0161in\u0101tu tekstilizstr\u0101d\u0101jumu mikrobiolo\u0123isko kvalit\u0101ti p\u0113c ve\u013cas apstr\u0101des. Saska\u0146\u0101 ar \u0161o standartu izveidot\u0101 sist\u0113ma atbilst procesa pieejai, kas zin\u0101ma no ISO 9001, iz\u0146emot 7.3. punkta pras\u012bbas. EN 14065 2002. gada 20. novembr\u012b izveidoja CEN (Eiropas Standartiz\u0101cijas komiteja), to 2002. gada 20. novembr\u012b ieviesa Polijas standartu kopum\u0101.....&nbsp;<a href=\"https:\/\/icr.you2.pl\/lv\/certyfikacja-systemow\/pn-en-iso-14065\/\" rel=\"bookmark\">Las\u012bt vair\u0101k \"<span class=\"screen-reader-text\">EN 14065<\/span><\/a><\/p>","protected":false},"author":1,"featured_media":1070,"parent":162,"menu_order":0,"comment_status":"closed","ping_status":"closed","template":"","meta":{"neve_meta_sidebar":"","neve_meta_container":"","neve_meta_enable_content_width":"off","neve_meta_content_width":70,"neve_meta_title_alignment":"","neve_meta_author_avatar":"","neve_post_elements_order":"","neve_meta_disable_header":"","neve_meta_disable_footer":"","neve_meta_disable_title":"","footnotes":""},"class_list":["post-1951","page","type-page","status-publish","has-post-thumbnail","hentry"],"yoast_head":"<!-- This site is optimized with the Yoast SEO plugin v26.8 - https:\/\/yoast.com\/product\/yoast-seo-wordpress\/ -->\n<title>EN 14065 - ICR POLSKA - badania i certyfikacja<\/title>\n<meta name=\"robots\" content=\"index, follow, max-snippet:-1, max-image-preview:large, max-video-preview:-1\" \/>\n<link rel=\"canonical\" href=\"https:\/\/icr.you2.pl\/lv\/certyfikacja-systemow\/pn-en-iso-14065\/\" \/>\n<meta property=\"og:locale\" content=\"lv_LV\" \/>\n<meta property=\"og:type\" content=\"article\" \/>\n<meta property=\"og:title\" content=\"EN 14065 - ICR POLSKA - badania i certyfikacja\" \/>\n<meta property=\"og:description\" content=\"Norma EN 14065 opisuje zasady opracowania systemu zarz\u0105dzania zapewniaj\u0105cego jako\u015b\u0107 mikrobiologiczn\u0105 tekstyli\u00f3w po obr\u00f3bce w pralni. Ustanowiony wed\u0142ug tej normy system zgodny jest z podej\u015bciem procesowym znanym z ISO 9001, z wyj\u0105tkiem wymaga\u0144 pkt 7.3. Norma EN 14065 zosta\u0142a ustanowiona przez CEN (Europejski Komitet Normalizacyjny) 20 listopada 2002 r., wprowadzona do zbioru Polskich Norm w&hellip;&nbsp;Read More &raquo;EN 14065\" \/>\n<meta property=\"og:url\" content=\"https:\/\/icr.you2.pl\/lv\/certyfikacja-systemow\/pn-en-iso-14065\/\" \/>\n<meta property=\"og:site_name\" content=\"ICR POLSKA - badania i certyfikacja\" \/>\n<meta property=\"article:modified_time\" content=\"2022-09-07T20:54:09+00:00\" \/>\n<meta name=\"twitter:card\" content=\"summary_large_image\" \/>\n<meta name=\"twitter:label1\" content=\"Est. reading time\" \/>\n\t<meta name=\"twitter:data1\" content=\"1 min\u016bte\" \/>\n<script type=\"application\/ld+json\" class=\"yoast-schema-graph\">{\"@context\":\"https:\/\/schema.org\",\"@graph\":[{\"@type\":\"WebPage\",\"@id\":\"https:\/\/icr.you2.pl\/certyfikacja-systemow\/pn-en-iso-14065\/\",\"url\":\"https:\/\/icr.you2.pl\/certyfikacja-systemow\/pn-en-iso-14065\/\",\"name\":\"EN 14065 - ICR POLSKA - badania i certyfikacja\",\"isPartOf\":{\"@id\":\"https:\/\/icr.you2.pl\/#website\"},\"primaryImageOfPage\":{\"@id\":\"https:\/\/icr.you2.pl\/certyfikacja-systemow\/pn-en-iso-14065\/#primaryimage\"},\"image\":{\"@id\":\"https:\/\/icr.you2.pl\/certyfikacja-systemow\/pn-en-iso-14065\/#primaryimage\"},\"thumbnailUrl\":\"\",\"datePublished\":\"2019-05-22T19:17:19+00:00\",\"dateModified\":\"2022-09-07T20:54:09+00:00\",\"breadcrumb\":{\"@id\":\"https:\/\/icr.you2.pl\/certyfikacja-systemow\/pn-en-iso-14065\/#breadcrumb\"},\"inLanguage\":\"lv-LV\",\"potentialAction\":[{\"@type\":\"ReadAction\",\"target\":[\"https:\/\/icr.you2.pl\/certyfikacja-systemow\/pn-en-iso-14065\/\"]}]},{\"@type\":\"ImageObject\",\"inLanguage\":\"lv-LV\",\"@id\":\"https:\/\/icr.you2.pl\/certyfikacja-systemow\/pn-en-iso-14065\/#primaryimage\",\"url\":\"\",\"contentUrl\":\"\"},{\"@type\":\"BreadcrumbList\",\"@id\":\"https:\/\/icr.you2.pl\/certyfikacja-systemow\/pn-en-iso-14065\/#breadcrumb\",\"itemListElement\":[{\"@type\":\"ListItem\",\"position\":1,\"name\":\"Strona g\u0142\u00f3wna\",\"item\":\"https:\/\/icr.you2.pl\/\"},{\"@type\":\"ListItem\",\"position\":2,\"name\":\"Certyfikacja system\u00f3w ISO\",\"item\":\"https:\/\/icr.you2.pl\/en\/certyfikacja-systemow\/\"},{\"@type\":\"ListItem\",\"position\":3,\"name\":\"EN 14065\"}]},{\"@type\":\"WebSite\",\"@id\":\"https:\/\/icr.you2.pl\/#website\",\"url\":\"https:\/\/icr.you2.pl\/\",\"name\":\"ICR POLSKA - badania i certyfikacja\",\"description\":\"CE certification, CE certificate, ISO certificate, RED testing, product testing and certification, electrical product testing, medical device testing, ATEX, IECEx, FCC, product certification, EMC testing, machinery certification, CE machines, training, electronic product testing, testing 2014\/53\/EU, drone certification, ISO 13485 certificate, ISO 9001 certificate, NC RfG\",\"publisher\":{\"@id\":\"https:\/\/icr.you2.pl\/#\/schema\/person\/944799c9e2f4a94662e3fcb3b1544baf\"},\"potentialAction\":[{\"@type\":\"SearchAction\",\"target\":{\"@type\":\"EntryPoint\",\"urlTemplate\":\"https:\/\/icr.you2.pl\/?s={search_term_string}\"},\"query-input\":{\"@type\":\"PropertyValueSpecification\",\"valueRequired\":true,\"valueName\":\"search_term_string\"}}],\"inLanguage\":\"lv-LV\"},{\"@type\":[\"Person\",\"Organization\"],\"@id\":\"https:\/\/icr.you2.pl\/#\/schema\/person\/944799c9e2f4a94662e3fcb3b1544baf\",\"name\":\"admin\",\"image\":{\"@type\":\"ImageObject\",\"inLanguage\":\"lv-LV\",\"@id\":\"https:\/\/icr.you2.pl\/#\/schema\/person\/image\/\",\"url\":\"https:\/\/icr.you2.pl\/wp-content\/uploads\/2019\/05\/cropped-logo-icr.32f04ad5-1-1.png\",\"contentUrl\":\"https:\/\/icr.you2.pl\/wp-content\/uploads\/2019\/05\/cropped-logo-icr.32f04ad5-1-1.png\",\"width\":400,\"height\":148,\"caption\":\"admin\"},\"logo\":{\"@id\":\"https:\/\/icr.you2.pl\/#\/schema\/person\/image\/\"}}]}<\/script>\n<!-- \/ Yoast SEO plugin. -->","yoast_head_json":{"title":"EN 14065 - ICR POLIJA - test\u0113\u0161ana un sertifik\u0101cija","robots":{"index":"index","follow":"follow","max-snippet":"max-snippet:-1","max-image-preview":"max-image-preview:large","max-video-preview":"max-video-preview:-1"},"canonical":"https:\/\/icr.you2.pl\/lv\/certyfikacja-systemow\/pn-en-iso-14065\/","og_locale":"lv_LV","og_type":"article","og_title":"EN 14065 - ICR POLSKA - badania i certyfikacja","og_description":"Norma EN 14065 opisuje zasady opracowania systemu zarz\u0105dzania zapewniaj\u0105cego jako\u015b\u0107 mikrobiologiczn\u0105 tekstyli\u00f3w po obr\u00f3bce w pralni. Ustanowiony wed\u0142ug tej normy system zgodny jest z podej\u015bciem procesowym znanym z ISO 9001, z wyj\u0105tkiem wymaga\u0144 pkt 7.3. Norma EN 14065 zosta\u0142a ustanowiona przez CEN (Europejski Komitet Normalizacyjny) 20 listopada 2002 r., wprowadzona do zbioru Polskich Norm w&hellip;&nbsp;Read More &raquo;EN 14065","og_url":"https:\/\/icr.you2.pl\/lv\/certyfikacja-systemow\/pn-en-iso-14065\/","og_site_name":"ICR POLSKA - badania i certyfikacja","article_modified_time":"2022-09-07T20:54:09+00:00","twitter_card":"summary_large_image","twitter_misc":{"Est. reading time":"1 min\u016bte"},"schema":{"@context":"https:\/\/schema.org","@graph":[{"@type":"WebPage","@id":"https:\/\/icr.you2.pl\/certyfikacja-systemow\/pn-en-iso-14065\/","url":"https:\/\/icr.you2.pl\/certyfikacja-systemow\/pn-en-iso-14065\/","name":"EN 14065 - ICR POLIJA - test\u0113\u0161ana un sertifik\u0101cija","isPartOf":{"@id":"https:\/\/icr.you2.pl\/#website"},"primaryImageOfPage":{"@id":"https:\/\/icr.you2.pl\/certyfikacja-systemow\/pn-en-iso-14065\/#primaryimage"},"image":{"@id":"https:\/\/icr.you2.pl\/certyfikacja-systemow\/pn-en-iso-14065\/#primaryimage"},"thumbnailUrl":"","datePublished":"2019-05-22T19:17:19+00:00","dateModified":"2022-09-07T20:54:09+00:00","breadcrumb":{"@id":"https:\/\/icr.you2.pl\/certyfikacja-systemow\/pn-en-iso-14065\/#breadcrumb"},"inLanguage":"lv-LV","potentialAction":[{"@type":"ReadAction","target":["https:\/\/icr.you2.pl\/certyfikacja-systemow\/pn-en-iso-14065\/"]}]},{"@type":"ImageObject","inLanguage":"lv-LV","@id":"https:\/\/icr.you2.pl\/certyfikacja-systemow\/pn-en-iso-14065\/#primaryimage","url":"","contentUrl":""},{"@type":"BreadcrumbList","@id":"https:\/\/icr.you2.pl\/certyfikacja-systemow\/pn-en-iso-14065\/#breadcrumb","itemListElement":[{"@type":"ListItem","position":1,"name":"Strona g\u0142\u00f3wna","item":"https:\/\/icr.you2.pl\/"},{"@type":"ListItem","position":2,"name":"Certyfikacja system\u00f3w ISO","item":"https:\/\/icr.you2.pl\/en\/certyfikacja-systemow\/"},{"@type":"ListItem","position":3,"name":"EN 14065"}]},{"@type":"WebSite","@id":"https:\/\/icr.you2.pl\/#website","url":"https:\/\/icr.you2.pl\/","name":"ICR POLIJA - test\u0113\u0161ana un sertifik\u0101cija","description":"CE sertifik\u0101cija, CE sertifik\u0101ts, ISO sertifik\u0101ts, RED test\u0113\u0161ana, produktu test\u0113\u0161ana un sertifik\u0101cija, elektrisko produktu test\u0113\u0161ana, medic\u012bnas ier\u012b\u010du test\u0113\u0161ana, ATEX, IECEx, FCC, produktu sertifik\u0101cija, EMC test\u0113\u0161ana, ma\u0161\u012bnu sertifik\u0101cija, CE iek\u0101rtas, apm\u0101c\u012bba, elektronisko produktu test\u0113\u0161ana, test\u0113\u0161ana 2014\/53\/ES, dronu sertifik\u0101cija, ISO 13485 sertifik\u0101ts, ISO 9001 sertifik\u0101ts, NC RfG","publisher":{"@id":"https:\/\/icr.you2.pl\/#\/schema\/person\/944799c9e2f4a94662e3fcb3b1544baf"},"potentialAction":[{"@type":"SearchAction","target":{"@type":"EntryPoint","urlTemplate":"https:\/\/icr.you2.pl\/?s={search_term_string}"},"query-input":{"@type":"PropertyValueSpecification","valueRequired":true,"valueName":"search_term_string"}}],"inLanguage":"lv-LV"},{"@type":["Person","Organization"],"@id":"https:\/\/icr.you2.pl\/#\/schema\/person\/944799c9e2f4a94662e3fcb3b1544baf","name":"administrators","image":{"@type":"ImageObject","inLanguage":"lv-LV","@id":"https:\/\/icr.you2.pl\/#\/schema\/person\/image\/","url":"https:\/\/icr.you2.pl\/wp-content\/uploads\/2019\/05\/cropped-logo-icr.32f04ad5-1-1.png","contentUrl":"https:\/\/icr.you2.pl\/wp-content\/uploads\/2019\/05\/cropped-logo-icr.32f04ad5-1-1.png","width":400,"height":148,"caption":"admin"},"logo":{"@id":"https:\/\/icr.you2.pl\/#\/schema\/person\/image\/"}}]}},"_links":{"self":[{"href":"https:\/\/icr.you2.pl\/lv\/wp-json\/wp\/v2\/pages\/1951","targetHints":{"allow":["GET"]}}],"collection":[{"href":"https:\/\/icr.you2.pl\/lv\/wp-json\/wp\/v2\/pages"}],"about":[{"href":"https:\/\/icr.you2.pl\/lv\/wp-json\/wp\/v2\/types\/page"}],"author":[{"embeddable":true,"href":"https:\/\/icr.you2.pl\/lv\/wp-json\/wp\/v2\/users\/1"}],"replies":[{"embeddable":true,"href":"https:\/\/icr.you2.pl\/lv\/wp-json\/wp\/v2\/comments?post=1951"}],"version-history":[{"count":0,"href":"https:\/\/icr.you2.pl\/lv\/wp-json\/wp\/v2\/pages\/1951\/revisions"}],"up":[{"embeddable":true,"href":"https:\/\/icr.you2.pl\/lv\/wp-json\/wp\/v2\/pages\/162"}],"wp:featuredmedia":[{"embeddable":true,"href":"https:\/\/icr.you2.pl\/lv\/wp-json\/"}],"wp:attachment":[{"href":"https:\/\/icr.you2.pl\/lv\/wp-json\/wp\/v2\/media?parent=1951"}],"curies":[{"name":"wp","href":"https:\/\/api.w.org\/{rel}","templated":true}]}}