{"id":1966,"date":"2019-05-22T19:48:15","date_gmt":"2019-05-22T19:48:15","guid":{"rendered":"http:\/\/icrpolska.e-ksperci.pl\/?page_id=1966"},"modified":"2023-02-19T18:09:03","modified_gmt":"2023-02-19T17:09:03","slug":"oznakowanie-ce","status":"publish","type":"page","link":"https:\/\/icr.you2.pl\/lv\/certyfikacja-wyrobow\/oznakowanie-ce\/","title":{"rendered":"CE mar\u0137\u0113jums"},"content":{"rendered":"<p class=\"translation-block\">Nodro\u0161in\u0101t klientiem un lietot\u0101jiem tirg\u016b pieejamo izstr\u0101d\u0101jumu <strong>lieto\u0161anas dro\u0161\u012bbu<\/strong> - no ieg\u0101des l\u012bdz utiliz\u0101cijai - ir galven\u0101 ideja, kas ir pamat\u0101 pien\u0101kumam uzlikt uz izstr\u0101d\u0101jumiem <strong>CE mar\u0137\u0113jumu<\/strong> un ra\u017eot\u0101ja\/import\u0113t\u0101ja izdotu atbilst\u012bbas deklar\u0101ciju. <strong>Atbilst\u012bbas deklar\u0101cija<\/strong> ir apliecin\u0101jums tam, ka ra\u017eot\u0101js ir nov\u0113rt\u0113jis ra\u017eojuma atbilst\u012bbu Eiropas Savien\u012bbas direkt\u012bvu un\/vai regulu pamatpras\u012bb\u0101m. Daudziem ra\u017eojumiem atbilst\u012bbas deklar\u0101cija ir j\u0101apstiprina kompetentai, neatkar\u012bgai, no ra\u017eot\u0101ja\/import\u0113t\u0101ja neatkar\u012bgai iest\u0101dei, t\u0101 sauktajai pazi\u0146otajai iest\u0101dei - tad to sauc par <strong>oblig\u0101to sertifik\u0101ciju<\/strong>. Citiem ra\u017eojumiem sertifik\u0101ts ir br\u012bvpr\u0101t\u012bgs, papildu - <strong>izdev\u012bgs<\/strong> gan ra\u017eot\u0101jam, gan galalietot\u0101jam - <strong>izstr\u0101d\u0101juma \u012bpa\u0161\u012bbu <strong>apliecin\u0101jums<\/strong>, kas nodro\u0161ina t\u0101 <strong>dro\u0161u lieto\u0161anu<\/strong> un minim\u0101lu <strong>ietekmi uz vidi<\/strong>.<\/p>\n<p class=\"translation-block\">ICR Polska Sp. z o. o. ir Polijas akredit\u0101cijas centra (PCA) akredit\u0113ta produktu sertifik\u0101cijas iest\u0101de - akredit\u0101cijas numurs <a href=\"http:\/\/icr.you2.pl\/wp-content\/uploads\/2019\/06\/AC_197.pdf\" target=\"_self\" rel=\"noopener noreferrer\">AC 197<\/a>. T\u0101 ir ar\u012b Eiropas pazi\u0146ot\u0101 iest\u0101de (<a href=\"http:\/\/ec.europa.eu\/growth\/tools-databases\/nando\/index.cfm?fuseaction=notifiedbody.notifiedbody&amp;refe_cd=NANDO_INPUT_233263\" target=\"_self\" rel=\"noopener noreferrer\">NB Nr. 2703<\/a>) direkt\u012bv\u0101m, kur\u0101m m\u0113s veicam piln\u012bgu atbilst\u012bbas nov\u0113rt\u0113\u0161anu: ma\u0161\u012bnu dro\u0161ums MD (<a href=\"https:\/\/eur-lex.europa.eu\/legal-content\/PL\/TXT\/PDF\/?uri=CELEX:32006L0042&amp;from=PL\" target=\"_self\" rel=\"noopener noreferrer\">2006\/42\/EK<\/a>); elektromagn\u0113tisk\u0101 sader\u012bba EMC (<a href=\"https:\/\/eur-lex.europa.eu\/legal-content\/EN\/TXT\/PDF\/?uri=CELEX:32014L0030&amp;from=EN\" target=\"_self\" rel=\"noopener noreferrer\">2014\/30\/ES<\/a>); RED radioiek\u0101rtas (<a href=\"https:\/\/eur-lex.europa.eu\/legal-content\/PL\/TXT\/PDF\/?uri=CELEX:32014L0053&amp;from=EN\" target=\"_self\" rel=\"noopener noreferrer\">2014\/53\/UE<\/a>); elektroiek\u0101rtas, kas darbojas spr\u0101dzienb\u012bstam\u0101 vid\u0113 ATEX (<a href=\"https:\/\/eur-lex.europa.eu\/legal-content\/PL\/TXT\/PDF\/?uri=CELEX:32014L0034&amp;from=PL\" target=\"_self\" rel=\"noopener noreferrer\">2014\/34\/UE<\/a>).<\/p>\n<p><img decoding=\"async\" class=\"size-medium wp-image-8778 alignleft\" src=\"http:\/\/icr.you2.pl\/wp-content\/uploads\/2023\/02\/CE2703-300x104.png\" alt=\"\" width=\"300\" height=\"104\" srcset=\"https:\/\/icr.you2.pl\/wp-content\/uploads\/2023\/02\/CE2703-300x104.png 300w, https:\/\/icr.you2.pl\/wp-content\/uploads\/2023\/02\/CE2703-18x6.png 18w, https:\/\/icr.you2.pl\/wp-content\/uploads\/2023\/02\/CE2703.png 555w\" sizes=\"(max-width: 300px) 100vw, 300px\" \/><\/p>\n<p class=\"translation-block\">Ja ra\u017eo\u0161anas sist\u0113mas nov\u0113rt\u0113jums ir veikts, iesaistot pilnvaroto iest\u0101di, blakus CE z\u012bmei ir nor\u0101d\u012bts \u0161\u012bs iest\u0101des identifik\u0101cijas numurs. \u0160\u0101ds nov\u0113rt\u0113jums ir oblig\u0101ts saska\u0146\u0101 ar ATEX direkt\u012bvu <a href=\"https:\/\/eur-lex.europa.eu\/legal-content\/PL\/TXT\/PDF\/?uri=CELEX:32014L0034&amp;from=PL\" target=\"_blank\" rel=\"noopener noreferrer\">2014\/34\/ES<\/a> un MDR regulu <a href=\"https:\/\/eur-lex.europa.eu\/legal-content\/PL\/TXT\/PDF\/?uri=CELEX:32017R0745&amp;from=PL\" target=\"_blank\" rel=\"noopener\">(ES)2017\/745<\/a>.<\/p>\n<p class=\"translation-block\">Aicin\u0101m J\u016bs <a href=\"mailto:icrpolska@icrqa.com\" target=\"_self\">kontakt\u0113ties ar mums<\/a>, lai uzzin\u0101tu vair\u0101k.<\/p>","protected":false},"excerpt":{"rendered":"<p>Nodro\u0161in\u0101t klientiem un lietot\u0101jiem tirg\u016b pieejamo ra\u017eojumu dro\u0161u lieto\u0161anu - no ieg\u0101des l\u012bdz utiliz\u0101cijai - ir galven\u0101 ideja, kas ir pamat\u0101 pien\u0101kumam mar\u0137\u0113t ra\u017eojumus ar CE mar\u0137\u0113jumu un ra\u017eot\u0101ja\/import\u0113t\u0101ja izdotai atbilst\u012bbas deklar\u0101cijai. Atbilst\u012bbas deklar\u0101cija ir apliecin\u0101jums tam, ka ra\u017eot\u0101js ir nov\u0113rt\u0113jis ra\u017eojuma atbilst\u012bbu Eiropas Savien\u012bbas direkt\u012bvu un\/vai regulu pamatpras\u012bb\u0101m. Daudziem ra\u017eojumiem atbilst\u012bbas deklar\u0101cija ...&nbsp;<a href=\"https:\/\/icr.you2.pl\/lv\/certyfikacja-wyrobow\/oznakowanie-ce\/\" rel=\"bookmark\">Las\u012bt vair\u0101k \"<span class=\"screen-reader-text\">CE mar\u0137\u0113jums<\/span><\/a><\/p>","protected":false},"author":1,"featured_media":1769,"parent":211,"menu_order":0,"comment_status":"closed","ping_status":"closed","template":"","meta":{"neve_meta_sidebar":"","neve_meta_container":"","neve_meta_enable_content_width":"off","neve_meta_content_width":70,"neve_meta_title_alignment":"","neve_meta_author_avatar":"","neve_post_elements_order":"","neve_meta_disable_header":"","neve_meta_disable_footer":"","neve_meta_disable_title":"","footnotes":""},"class_list":["post-1966","page","type-page","status-publish","has-post-thumbnail","hentry"],"yoast_head":"<!-- This site is optimized with the Yoast SEO plugin v26.8 - https:\/\/yoast.com\/product\/yoast-seo-wordpress\/ -->\n<title>Oznakowanie CE - ICR POLSKA - badania i certyfikacja<\/title>\n<meta name=\"robots\" content=\"index, follow, max-snippet:-1, max-image-preview:large, max-video-preview:-1\" \/>\n<link rel=\"canonical\" href=\"https:\/\/icr.you2.pl\/lv\/certyfikacja-wyrobow\/oznakowanie-ce\/\" \/>\n<meta property=\"og:locale\" content=\"lv_LV\" \/>\n<meta property=\"og:type\" content=\"article\" \/>\n<meta property=\"og:title\" content=\"Oznakowanie CE - ICR POLSKA - badania i certyfikacja\" \/>\n<meta property=\"og:description\" content=\"Zapewnienie klientom i u\u017cytkownikom bezpiecze\u0144stwa u\u017cytkowania wyrob\u00f3w dost\u0119pnych na rynku \u2013 od zakupu do ich utylizacji \u2013 to g\u0142\u00f3wna idea obowi\u0105zku umieszczania na wyrobach oznakowania CE i deklaracji zgodno\u015bci wystawianej przez producenta\/importera. Deklaracja zgodno\u015bci jest potwierdzeniem przeprowadzenia przez producenta oceny zgodno\u015bci wyrobu z wymaganiami zasadniczymi dyrektyw i\/lub rozporz\u0105dze\u0144 Unii Europejskiej. Dla wielu wyrob\u00f3w deklaracja zgodno\u015bci&hellip;&nbsp;Read More &raquo;Oznakowanie CE\" \/>\n<meta property=\"og:url\" content=\"https:\/\/icr.you2.pl\/lv\/certyfikacja-wyrobow\/oznakowanie-ce\/\" \/>\n<meta property=\"og:site_name\" content=\"ICR POLSKA - badania i certyfikacja\" \/>\n<meta property=\"article:modified_time\" content=\"2023-02-19T17:09:03+00:00\" \/>\n<meta name=\"twitter:card\" content=\"summary_large_image\" \/>\n<meta name=\"twitter:label1\" content=\"Est. reading time\" \/>\n\t<meta name=\"twitter:data1\" content=\"2 min\u016btes\" \/>\n<script type=\"application\/ld+json\" class=\"yoast-schema-graph\">{\"@context\":\"https:\/\/schema.org\",\"@graph\":[{\"@type\":\"WebPage\",\"@id\":\"https:\/\/icr.you2.pl\/certyfikacja-wyrobow\/oznakowanie-ce\/\",\"url\":\"https:\/\/icr.you2.pl\/certyfikacja-wyrobow\/oznakowanie-ce\/\",\"name\":\"Oznakowanie CE - ICR POLSKA - badania i certyfikacja\",\"isPartOf\":{\"@id\":\"https:\/\/icr.you2.pl\/#website\"},\"primaryImageOfPage\":{\"@id\":\"https:\/\/icr.you2.pl\/certyfikacja-wyrobow\/oznakowanie-ce\/#primaryimage\"},\"image\":{\"@id\":\"https:\/\/icr.you2.pl\/certyfikacja-wyrobow\/oznakowanie-ce\/#primaryimage\"},\"thumbnailUrl\":\"\",\"datePublished\":\"2019-05-22T19:48:15+00:00\",\"dateModified\":\"2023-02-19T17:09:03+00:00\",\"breadcrumb\":{\"@id\":\"https:\/\/icr.you2.pl\/certyfikacja-wyrobow\/oznakowanie-ce\/#breadcrumb\"},\"inLanguage\":\"lv-LV\",\"potentialAction\":[{\"@type\":\"ReadAction\",\"target\":[\"https:\/\/icr.you2.pl\/certyfikacja-wyrobow\/oznakowanie-ce\/\"]}]},{\"@type\":\"ImageObject\",\"inLanguage\":\"lv-LV\",\"@id\":\"https:\/\/icr.you2.pl\/certyfikacja-wyrobow\/oznakowanie-ce\/#primaryimage\",\"url\":\"\",\"contentUrl\":\"\"},{\"@type\":\"BreadcrumbList\",\"@id\":\"https:\/\/icr.you2.pl\/certyfikacja-wyrobow\/oznakowanie-ce\/#breadcrumb\",\"itemListElement\":[{\"@type\":\"ListItem\",\"position\":1,\"name\":\"Strona g\u0142\u00f3wna\",\"item\":\"https:\/\/icr.you2.pl\/\"},{\"@type\":\"ListItem\",\"position\":2,\"name\":\"Certyfikacja wyrob\u00f3w\",\"item\":\"https:\/\/icr.you2.pl\/en\/certyfikacja-wyrobow\/\"},{\"@type\":\"ListItem\",\"position\":3,\"name\":\"Oznakowanie CE\"}]},{\"@type\":\"WebSite\",\"@id\":\"https:\/\/icr.you2.pl\/#website\",\"url\":\"https:\/\/icr.you2.pl\/\",\"name\":\"ICR POLSKA - badania i certyfikacja\",\"description\":\"CE certification, CE certificate, ISO certificate, RED testing, product testing and certification, electrical product testing, medical device testing, ATEX, IECEx, FCC, product certification, EMC testing, machinery certification, CE machines, training, electronic product testing, testing 2014\/53\/EU, drone certification, ISO 13485 certificate, ISO 9001 certificate, NC RfG\",\"publisher\":{\"@id\":\"https:\/\/icr.you2.pl\/#\/schema\/person\/944799c9e2f4a94662e3fcb3b1544baf\"},\"potentialAction\":[{\"@type\":\"SearchAction\",\"target\":{\"@type\":\"EntryPoint\",\"urlTemplate\":\"https:\/\/icr.you2.pl\/?s={search_term_string}\"},\"query-input\":{\"@type\":\"PropertyValueSpecification\",\"valueRequired\":true,\"valueName\":\"search_term_string\"}}],\"inLanguage\":\"lv-LV\"},{\"@type\":[\"Person\",\"Organization\"],\"@id\":\"https:\/\/icr.you2.pl\/#\/schema\/person\/944799c9e2f4a94662e3fcb3b1544baf\",\"name\":\"admin\",\"image\":{\"@type\":\"ImageObject\",\"inLanguage\":\"lv-LV\",\"@id\":\"https:\/\/icr.you2.pl\/#\/schema\/person\/image\/\",\"url\":\"https:\/\/icr.you2.pl\/wp-content\/uploads\/2019\/05\/cropped-logo-icr.32f04ad5-1-1.png\",\"contentUrl\":\"https:\/\/icr.you2.pl\/wp-content\/uploads\/2019\/05\/cropped-logo-icr.32f04ad5-1-1.png\",\"width\":400,\"height\":148,\"caption\":\"admin\"},\"logo\":{\"@id\":\"https:\/\/icr.you2.pl\/#\/schema\/person\/image\/\"}}]}<\/script>\n<!-- \/ Yoast SEO plugin. -->","yoast_head_json":{"title":"CE mar\u0137\u0113jums - ICR POLIJA - test\u0113\u0161ana un sertifik\u0101cija","robots":{"index":"index","follow":"follow","max-snippet":"max-snippet:-1","max-image-preview":"max-image-preview:large","max-video-preview":"max-video-preview:-1"},"canonical":"https:\/\/icr.you2.pl\/lv\/certyfikacja-wyrobow\/oznakowanie-ce\/","og_locale":"lv_LV","og_type":"article","og_title":"Oznakowanie CE - ICR POLSKA - badania i certyfikacja","og_description":"Zapewnienie klientom i u\u017cytkownikom bezpiecze\u0144stwa u\u017cytkowania wyrob\u00f3w dost\u0119pnych na rynku \u2013 od zakupu do ich utylizacji \u2013 to g\u0142\u00f3wna idea obowi\u0105zku umieszczania na wyrobach oznakowania CE i deklaracji zgodno\u015bci wystawianej przez producenta\/importera. Deklaracja zgodno\u015bci jest potwierdzeniem przeprowadzenia przez producenta oceny zgodno\u015bci wyrobu z wymaganiami zasadniczymi dyrektyw i\/lub rozporz\u0105dze\u0144 Unii Europejskiej. Dla wielu wyrob\u00f3w deklaracja zgodno\u015bci&hellip;&nbsp;Read More &raquo;Oznakowanie CE","og_url":"https:\/\/icr.you2.pl\/lv\/certyfikacja-wyrobow\/oznakowanie-ce\/","og_site_name":"ICR POLSKA - badania i certyfikacja","article_modified_time":"2023-02-19T17:09:03+00:00","twitter_card":"summary_large_image","twitter_misc":{"Est. reading time":"2 min\u016btes"},"schema":{"@context":"https:\/\/schema.org","@graph":[{"@type":"WebPage","@id":"https:\/\/icr.you2.pl\/certyfikacja-wyrobow\/oznakowanie-ce\/","url":"https:\/\/icr.you2.pl\/certyfikacja-wyrobow\/oznakowanie-ce\/","name":"CE mar\u0137\u0113jums - ICR POLIJA - test\u0113\u0161ana un sertifik\u0101cija","isPartOf":{"@id":"https:\/\/icr.you2.pl\/#website"},"primaryImageOfPage":{"@id":"https:\/\/icr.you2.pl\/certyfikacja-wyrobow\/oznakowanie-ce\/#primaryimage"},"image":{"@id":"https:\/\/icr.you2.pl\/certyfikacja-wyrobow\/oznakowanie-ce\/#primaryimage"},"thumbnailUrl":"","datePublished":"2019-05-22T19:48:15+00:00","dateModified":"2023-02-19T17:09:03+00:00","breadcrumb":{"@id":"https:\/\/icr.you2.pl\/certyfikacja-wyrobow\/oznakowanie-ce\/#breadcrumb"},"inLanguage":"lv-LV","potentialAction":[{"@type":"ReadAction","target":["https:\/\/icr.you2.pl\/certyfikacja-wyrobow\/oznakowanie-ce\/"]}]},{"@type":"ImageObject","inLanguage":"lv-LV","@id":"https:\/\/icr.you2.pl\/certyfikacja-wyrobow\/oznakowanie-ce\/#primaryimage","url":"","contentUrl":""},{"@type":"BreadcrumbList","@id":"https:\/\/icr.you2.pl\/certyfikacja-wyrobow\/oznakowanie-ce\/#breadcrumb","itemListElement":[{"@type":"ListItem","position":1,"name":"Strona g\u0142\u00f3wna","item":"https:\/\/icr.you2.pl\/"},{"@type":"ListItem","position":2,"name":"Certyfikacja wyrob\u00f3w","item":"https:\/\/icr.you2.pl\/en\/certyfikacja-wyrobow\/"},{"@type":"ListItem","position":3,"name":"Oznakowanie CE"}]},{"@type":"WebSite","@id":"https:\/\/icr.you2.pl\/#website","url":"https:\/\/icr.you2.pl\/","name":"ICR POLIJA - test\u0113\u0161ana un sertifik\u0101cija","description":"CE sertifik\u0101cija, CE sertifik\u0101ts, ISO sertifik\u0101ts, RED test\u0113\u0161ana, produktu test\u0113\u0161ana un sertifik\u0101cija, elektrisko produktu test\u0113\u0161ana, medic\u012bnas ier\u012b\u010du test\u0113\u0161ana, ATEX, IECEx, FCC, produktu sertifik\u0101cija, EMC test\u0113\u0161ana, ma\u0161\u012bnu sertifik\u0101cija, CE iek\u0101rtas, apm\u0101c\u012bba, elektronisko produktu test\u0113\u0161ana, test\u0113\u0161ana 2014\/53\/ES, dronu sertifik\u0101cija, ISO 13485 sertifik\u0101ts, ISO 9001 sertifik\u0101ts, NC RfG","publisher":{"@id":"https:\/\/icr.you2.pl\/#\/schema\/person\/944799c9e2f4a94662e3fcb3b1544baf"},"potentialAction":[{"@type":"SearchAction","target":{"@type":"EntryPoint","urlTemplate":"https:\/\/icr.you2.pl\/?s={search_term_string}"},"query-input":{"@type":"PropertyValueSpecification","valueRequired":true,"valueName":"search_term_string"}}],"inLanguage":"lv-LV"},{"@type":["Person","Organization"],"@id":"https:\/\/icr.you2.pl\/#\/schema\/person\/944799c9e2f4a94662e3fcb3b1544baf","name":"administrators","image":{"@type":"ImageObject","inLanguage":"lv-LV","@id":"https:\/\/icr.you2.pl\/#\/schema\/person\/image\/","url":"https:\/\/icr.you2.pl\/wp-content\/uploads\/2019\/05\/cropped-logo-icr.32f04ad5-1-1.png","contentUrl":"https:\/\/icr.you2.pl\/wp-content\/uploads\/2019\/05\/cropped-logo-icr.32f04ad5-1-1.png","width":400,"height":148,"caption":"admin"},"logo":{"@id":"https:\/\/icr.you2.pl\/#\/schema\/person\/image\/"}}]}},"_links":{"self":[{"href":"https:\/\/icr.you2.pl\/lv\/wp-json\/wp\/v2\/pages\/1966","targetHints":{"allow":["GET"]}}],"collection":[{"href":"https:\/\/icr.you2.pl\/lv\/wp-json\/wp\/v2\/pages"}],"about":[{"href":"https:\/\/icr.you2.pl\/lv\/wp-json\/wp\/v2\/types\/page"}],"author":[{"embeddable":true,"href":"https:\/\/icr.you2.pl\/lv\/wp-json\/wp\/v2\/users\/1"}],"replies":[{"embeddable":true,"href":"https:\/\/icr.you2.pl\/lv\/wp-json\/wp\/v2\/comments?post=1966"}],"version-history":[{"count":0,"href":"https:\/\/icr.you2.pl\/lv\/wp-json\/wp\/v2\/pages\/1966\/revisions"}],"up":[{"embeddable":true,"href":"https:\/\/icr.you2.pl\/lv\/wp-json\/wp\/v2\/pages\/211"}],"wp:featuredmedia":[{"embeddable":true,"href":"https:\/\/icr.you2.pl\/lv\/wp-json\/"}],"wp:attachment":[{"href":"https:\/\/icr.you2.pl\/lv\/wp-json\/wp\/v2\/media?parent=1966"}],"curies":[{"name":"wp","href":"https:\/\/api.w.org\/{rel}","templated":true}]}}