{"id":1971,"date":"2019-05-22T20:16:17","date_gmt":"2019-05-22T20:16:17","guid":{"rendered":"http:\/\/icrpolska.e-ksperci.pl\/?page_id=1971"},"modified":"2023-01-13T18:11:48","modified_gmt":"2023-01-13T17:11:48","slug":"inspekcje-i-audity","status":"publish","type":"page","link":"https:\/\/icr.you2.pl\/lv\/inspekcje-i-audity\/","title":{"rendered":"P\u0101rbaudes un auditi"},"content":{"rendered":"<p><b>P\u0101rbaudes<\/b><\/p>\n<p><span style=\"font-weight: 400;\">P\u0101rbaudes veic ICR Polska Sp. z o.o. darbinieki uz\u0146\u0113muma kompetences ietvaros, jo \u012bpa\u0161i ar m\u0113r\u0137i apstiprin\u0101t atbilst\u012bbu konkr\u0113tu standartu pras\u012bb\u0101m un \u0161\u0101du direkt\u012bvu pras\u012bb\u0101m: ma\u0161\u012bnas <a href=\"https:\/\/eur-lex.europa.eu\/legal-content\/PL\/TXT\/PDF\/?uri=CELEX:32006L0042&amp;from=PL\" target=\"_blank\" rel=\"noopener noreferrer\">2006\/42\/EK<\/a>, zemsprieguma <a href=\"https:\/\/eur-lex.europa.eu\/legal-content\/PL\/TXT\/PDF\/?uri=CELEX:32014L0035&amp;from=PL\" target=\"_blank\" rel=\"noopener noreferrer\">2014\/35\/ES<\/a>, elektromagn\u0113tisk\u0101 savietojam\u012bba EMC <a href=\"https:\/\/eur-lex.europa.eu\/legal-content\/PL\/TXT\/PDF\/?uri=CELEX:32014L0030&amp;from=PL\" target=\"_blank\" rel=\"noopener noreferrer\">2014\/30\/ES<\/a> un RED radio <a href=\"https:\/\/eur-lex.europa.eu\/legal-content\/PL\/TXT\/PDF\/?uri=CELEX:32014L0053&amp;from=PL\" target=\"_blank\" rel=\"noopener noreferrer\">2014\/53\/ES<\/a>spr\u0101dzienb\u012bstam\u0101 vid\u0113 un iek\u0101rtas, kas paredz\u0113tas lieto\u0161anai spr\u0101dzienb\u012bstam\u0101 vid\u0113 ATEX <a href=\"https:\/\/eur-lex.europa.eu\/legal-content\/PL\/TXT\/PDF\/?uri=CELEX:32014L0034&amp;from=PL\" target=\"_blank\" rel=\"noopener noreferrer\">2014\/34\/ES<\/a> un t\u012bkla kodekss - NC RfG <a href=\"https:\/\/eur-lex.europa.eu\/legal-content\/PL\/TXT\/PDF\/?uri=CELEX:32016R0631&amp;from=PL\" target=\"_blank\" rel=\"noopener\">(ES) 2016\/631<\/a><\/span><\/p>\n<p><span style=\"font-weight: 400;\">P\u0101rbaudes var attiekties gan uz ra\u017eo\u0161anas procesiem, to fragmentiem vai savstarp\u0113j\u0101m attiec\u012bb\u0101m, gan uz galaproduktiem vai mezgliem, kas radu\u0161ies \u0161o procesu rezult\u0101t\u0101. P\u0101rbaudes tiek veiktas klienta ra\u017eotn\u0113, ra\u017eo\u0161anas viet\u0101, laik\u0101, kas nodro\u0161ina iesp\u0113ju nov\u0113rt\u0113t procesa norisi un p\u0101rbaud\u012bt t\u0101 ietekmi. P\u0101rbaudes var papildin\u0101t ar produktu test\u0113\u0161anu un atbilst\u012bbas nov\u0113rt\u0113\u0161anu, tostarp EK\/ES tipa test\u0113\u0161anu.<\/span><\/p>\n<p><span style=\"font-weight: 400;\">P\u0101rbaudes cita starp\u0101 \u013cauj:<\/span><\/p>\n<ul>\n<li style=\"font-weight: 400;\"><span style=\"font-weight: 400;\">apstiprin\u0101t, ka ir izpild\u012btas ra\u017eo\u0161anai vai ra\u017eo\u0161anas l\u012bnijas ievie\u0161anai nepiecie\u0161am\u0101s pras\u012bbas;<\/span><\/li>\n<\/ul>\n<ul>\n<li style=\"font-weight: 400;\"><span style=\"font-weight: 400;\">apstiprin\u0101t atbilst\u012bbu izstr\u0101d\u0101jumu mar\u0137\u0113\u0161anas pras\u012bb\u0101m, piem\u0113ram, CE, B, KC, ATEX.<\/span><\/li>\n<\/ul>\n<p><span style=\"font-weight: 400;\">P\u0113c p\u0101rbaudes klients sa\u0146em zi\u0146ojumu, kur\u0101 ietverts pras\u012bbu izpildes nov\u0113rt\u0113jums un konkr\u0113ti ieteikumi, piem\u0113ram, par iesp\u0113j\u0101m samazin\u0101t attiec\u012bgos riskus.<\/span><\/p>\n<p><span style=\"font-weight: 400;\">ICR Polska Sp. z o.o. veikt\u0101s p\u0101rbaudes laik\u0101. Klients tiek inform\u0113ts par t\u0101s gaitu un da\u013c\u0113jiem nov\u0113rojumiem, un gal\u012bgais zi\u0146ojums tiek apspriests ar klientu.<\/span><\/p>\n<p><b>Rev\u012bzijas <\/b><\/p>\n<p><span style=\"font-weight: 400;\">Audits ir ICR Polska Sp. z o.o. sniegts pakalpojums, kas \u013cauj \u0101tri un uzticami un vispus\u012bgi nov\u0113rt\u0113t pakalpojumu vai pre\u010du pieg\u0101d\u0101t\u0101ju uz\u0146\u0113m\u0113jam. ICR Polska Sp. z o.o. revidentu neatkar\u012bba un apliecin\u0101t\u0101 kompetence \u013cauj objekt\u012bvi nov\u0113rt\u0113t pieg\u0101d\u0101t\u0101ja sp\u0113ju veikt vi\u0146am uztic\u0113tos uzdevumus saska\u0146\u0101 ar pas\u016bt\u012bt\u0101ja uz\u0146\u0113m\u0113ja cer\u012bb\u0101m un pras\u012bb\u0101m.<\/span><\/p>\n<p><span style=\"font-weight: 400;\">Audits, kas ir individu\u0101li piel\u0101gots klienta vajadz\u012bb\u0101m un pras\u012bb\u0101m, visbie\u017e\u0101k ir neatkar\u012bgi veikts nov\u0113rt\u0113jums, kur\u0101 cita starp\u0101 tiek p\u0101rbaud\u012btas ar\u012b \u0161\u0101das lietas:<\/span><\/p>\n<ul>\n<li style=\"font-weight: 400;\"><span style=\"font-weight: 400;\">sp\u0113ju izpild\u012bt \u012bpa\u0161as klientu pras\u012bbas, produktu tehniskos parametrus, organizatorisk\u0101s un\/vai juridisk\u0101s pras\u012bbas vai citus uz\u0146\u0113muma vai \u012bpa\u0161nieka noteiktos krit\u0113rijus;<\/span><\/li>\n<li style=\"font-weight: 400;\"><span style=\"font-weight: 400;\">sp\u0113ju iev\u0113rot vesel\u012bbas un dro\u0161\u012bbas, vides aizsardz\u012bbas, personas datu aizsardz\u012bbas (RODO) un inform\u0101cijas aizsardz\u012bbas pras\u012bbas;<\/span><\/li>\n<li style=\"font-weight: 400;\"><span style=\"font-weight: 400;\">sp\u0113ja izpild\u012bt kvalit\u0101tes programmu krit\u0113rijus, piem\u0113ram, LEAN, 6 Sigma, 5S, SMED, KAIZEN.<\/span><\/li>\n<\/ul>\n<p><span style=\"font-weight: 400;\">Audits ir elast\u012bgs un visaptvero\u0161s risin\u0101jums uz\u0146\u0113mumiem, kas v\u0113las:<\/span><\/p>\n<ul>\n<li style=\"font-weight: 400;\"><span style=\"font-weight: 400;\">apzin\u0101t un izmantot iesp\u0113jas un draudus uz\u0146\u0113m\u0113jdarb\u012bbai un pieg\u0101d\u0113m, ko sniedz iek\u0161\u0113jo un \u0101r\u0113jo procesu optimiz\u0101cija;<\/span><\/li>\n<li style=\"font-weight: 400;\"><span style=\"font-weight: 400;\">uzlabot iek\u0161\u0113jos un \u0101r\u0113jos procesus, tostarp ra\u017eo\u0161anas procesus un\/vai sniegtos pakalpojumus;<\/span><\/li>\n<li style=\"font-weight: 400;\"><span style=\"font-weight: 400;\">identific\u0113t un efekt\u012bvi mazin\u0101t uz\u0146\u0113m\u0113jdarb\u012bbas riskus;<\/span><\/li>\n<li style=\"font-weight: 400;\"><span style=\"font-weight: 400;\">iev\u0113rot uz\u0146\u0113m\u0113jdarb\u012bbai nepiecie\u0161am\u0101s tehnisk\u0101s un juridisk\u0101s pras\u012bbas, l\u012bgumsl\u0113dz\u0113ju vadl\u012bnijas un iek\u0161\u0113jo politiku.<\/span><\/li>\n<\/ul>\n<p><span style=\"font-weight: 400;\">P\u0113c audita klients sa\u0146em zi\u0146ojumu, kur\u0101 ietverts nov\u0113rt\u0113jums par pieg\u0101d\u0101t\u0101ja atbilst\u012bbu pras\u012bb\u0101m un konkr\u0113ti ieteikumi, piem\u0113ram, k\u0101 lab\u0101k sadal\u012bt resursus, k\u0101 samazin\u0101t riskus un k\u0101 izmantot ar pieg\u0101d\u0101t\u0101ju saist\u012bt\u0101s iesp\u0113jas, \u0146emot v\u0113r\u0101 ietekm\u012bgas \u0101r\u0113j\u0101s ieinteres\u0113t\u0101s personas vai iek\u0161\u0113jos procesus.<\/span><\/p>\n<p class=\"translation-block\"><span style=\"font-weight: 400\">Audita laik\u0101, ko veica ICR Polska Sp. z o.o. Klients tiek past\u0101v\u012bgi inform\u0113ts par t\u0101s gaitu un da\u013c\u0113jiem rezult\u0101tiem, un gal\u012bgais zi\u0146ojums tiek apspriests ar klientu, piedaloties <\/span>pieg\u0101d\u0101t\u0101jam - p\u0113c piepras\u012bjuma.<\/p>\n<p>&nbsp;<\/p>","protected":false},"excerpt":{"rendered":"<p>P\u0101rbaudes P\u0101rbaudes veic ICR Polska Sp. z o.o. darbinieki uz\u0146\u0113muma kompetences ietvaros, jo \u012bpa\u0161i, lai apstiprin\u0101tu atbilst\u012bbu konkr\u0113tu standartu pras\u012bb\u0101m un \u0161\u0101du direkt\u012bvu pras\u012bb\u0101m: Ma\u0161\u012bnas 2006\/42\/EK, Zemspriegums 2014\/35\/ES, Elektromagn\u0113tisk\u0101 savietojam\u012bba EMC 2014\/30\/ES un Radio RED 2014\/53\/ES, Spr\u0101dzienb\u012bstama vide un iek\u0101rtas, kas paredz\u0113tas lieto\u0161anai spr\u0101dzienb\u012bstam\u0101 vid\u0113 ATEX 2014\/34\/ES un T\u012bkla kodekss.....&nbsp;<a href=\"https:\/\/icr.you2.pl\/lv\/inspekcje-i-audity\/\" rel=\"bookmark\">Las\u012bt vair\u0101k \"<span class=\"screen-reader-text\">P\u0101rbaudes un auditi<\/span><\/a><\/p>","protected":false},"author":1,"featured_media":1137,"parent":0,"menu_order":0,"comment_status":"closed","ping_status":"closed","template":"","meta":{"neve_meta_sidebar":"","neve_meta_container":"","neve_meta_enable_content_width":"off","neve_meta_content_width":70,"neve_meta_title_alignment":"","neve_meta_author_avatar":"","neve_post_elements_order":"","neve_meta_disable_header":"","neve_meta_disable_footer":"","neve_meta_disable_title":"","footnotes":""},"class_list":["post-1971","page","type-page","status-publish","has-post-thumbnail","hentry"],"yoast_head":"<!-- This site is optimized with the Yoast SEO plugin v26.8 - https:\/\/yoast.com\/product\/yoast-seo-wordpress\/ -->\n<title>Inspekcje i Audity - ICR POLSKA - badania i certyfikacja<\/title>\n<meta name=\"robots\" content=\"index, follow, max-snippet:-1, max-image-preview:large, max-video-preview:-1\" \/>\n<link rel=\"canonical\" href=\"https:\/\/icr.you2.pl\/lv\/inspekcje-i-audity\/\" \/>\n<meta property=\"og:locale\" content=\"lv_LV\" \/>\n<meta property=\"og:type\" content=\"article\" \/>\n<meta property=\"og:title\" content=\"Inspekcje i Audity - ICR POLSKA - badania i certyfikacja\" \/>\n<meta property=\"og:description\" content=\"Inspekcje Inspekcje s\u0105 prowadzone przez pracownik\u00f3w ICR Polska Sp. z o.o. w zakresie kompetencji jednostki, w szczeg\u00f3lno\u015bci celem potwierdzenia spe\u0142nienia wymaga\u0144 norm szczeg\u00f3\u0142owych i wymaga\u0144 dyrektyw: maszynowej 2006\/42\/EC, niskonapi\u0119ciowej 2014\/35\/EU, kompatybilno\u015bci elektromagnetycznej EMC 2014\/30\/EU i radiowej RED 2014\/53\/EU, stref zagro\u017conych wybuchem i urz\u0105dze\u0144 przeznaczonych do pracy w atmosferach potencjalnie wybuchowych ATEX 2014\/34\/EU oraz Kodeksu sieciowego&hellip;&nbsp;Read More &raquo;Inspekcje i Audity\" \/>\n<meta property=\"og:url\" content=\"https:\/\/icr.you2.pl\/lv\/inspekcje-i-audity\/\" \/>\n<meta property=\"og:site_name\" content=\"ICR POLSKA - badania i certyfikacja\" \/>\n<meta property=\"article:modified_time\" content=\"2023-01-13T17:11:48+00:00\" \/>\n<meta name=\"twitter:card\" content=\"summary_large_image\" \/>\n<meta name=\"twitter:label1\" content=\"Est. reading time\" \/>\n\t<meta name=\"twitter:data1\" content=\"3 min\u016btes\" \/>\n<script type=\"application\/ld+json\" class=\"yoast-schema-graph\">{\"@context\":\"https:\/\/schema.org\",\"@graph\":[{\"@type\":\"WebPage\",\"@id\":\"https:\/\/icr.you2.pl\/inspekcje-i-audity\/\",\"url\":\"https:\/\/icr.you2.pl\/inspekcje-i-audity\/\",\"name\":\"Inspekcje i Audity - ICR POLSKA - badania i certyfikacja\",\"isPartOf\":{\"@id\":\"https:\/\/icr.you2.pl\/#website\"},\"primaryImageOfPage\":{\"@id\":\"https:\/\/icr.you2.pl\/inspekcje-i-audity\/#primaryimage\"},\"image\":{\"@id\":\"https:\/\/icr.you2.pl\/inspekcje-i-audity\/#primaryimage\"},\"thumbnailUrl\":\"\",\"datePublished\":\"2019-05-22T20:16:17+00:00\",\"dateModified\":\"2023-01-13T17:11:48+00:00\",\"breadcrumb\":{\"@id\":\"https:\/\/icr.you2.pl\/inspekcje-i-audity\/#breadcrumb\"},\"inLanguage\":\"lv-LV\",\"potentialAction\":[{\"@type\":\"ReadAction\",\"target\":[\"https:\/\/icr.you2.pl\/inspekcje-i-audity\/\"]}]},{\"@type\":\"ImageObject\",\"inLanguage\":\"lv-LV\",\"@id\":\"https:\/\/icr.you2.pl\/inspekcje-i-audity\/#primaryimage\",\"url\":\"\",\"contentUrl\":\"\"},{\"@type\":\"BreadcrumbList\",\"@id\":\"https:\/\/icr.you2.pl\/inspekcje-i-audity\/#breadcrumb\",\"itemListElement\":[{\"@type\":\"ListItem\",\"position\":1,\"name\":\"Strona g\u0142\u00f3wna\",\"item\":\"https:\/\/icr.you2.pl\/\"},{\"@type\":\"ListItem\",\"position\":2,\"name\":\"Inspekcje i Audity\"}]},{\"@type\":\"WebSite\",\"@id\":\"https:\/\/icr.you2.pl\/#website\",\"url\":\"https:\/\/icr.you2.pl\/\",\"name\":\"ICR POLSKA - badania i certyfikacja\",\"description\":\"CE certification, CE certificate, ISO certificate, RED testing, product testing and certification, electrical product testing, medical device testing, ATEX, IECEx, FCC, product certification, EMC testing, machinery certification, CE machines, training, electronic product testing, testing 2014\/53\/EU, drone certification, ISO 13485 certificate, ISO 9001 certificate, NC RfG\",\"publisher\":{\"@id\":\"https:\/\/icr.you2.pl\/#\/schema\/person\/944799c9e2f4a94662e3fcb3b1544baf\"},\"potentialAction\":[{\"@type\":\"SearchAction\",\"target\":{\"@type\":\"EntryPoint\",\"urlTemplate\":\"https:\/\/icr.you2.pl\/?s={search_term_string}\"},\"query-input\":{\"@type\":\"PropertyValueSpecification\",\"valueRequired\":true,\"valueName\":\"search_term_string\"}}],\"inLanguage\":\"lv-LV\"},{\"@type\":[\"Person\",\"Organization\"],\"@id\":\"https:\/\/icr.you2.pl\/#\/schema\/person\/944799c9e2f4a94662e3fcb3b1544baf\",\"name\":\"admin\",\"image\":{\"@type\":\"ImageObject\",\"inLanguage\":\"lv-LV\",\"@id\":\"https:\/\/icr.you2.pl\/#\/schema\/person\/image\/\",\"url\":\"https:\/\/icr.you2.pl\/wp-content\/uploads\/2019\/05\/cropped-logo-icr.32f04ad5-1-1.png\",\"contentUrl\":\"https:\/\/icr.you2.pl\/wp-content\/uploads\/2019\/05\/cropped-logo-icr.32f04ad5-1-1.png\",\"width\":400,\"height\":148,\"caption\":\"admin\"},\"logo\":{\"@id\":\"https:\/\/icr.you2.pl\/#\/schema\/person\/image\/\"}}]}<\/script>\n<!-- \/ Yoast SEO plugin. -->","yoast_head_json":{"title":"P\u0101rbaudes un auditi - ICR POLIJA - test\u0113\u0161ana un sertifik\u0101cija","robots":{"index":"index","follow":"follow","max-snippet":"max-snippet:-1","max-image-preview":"max-image-preview:large","max-video-preview":"max-video-preview:-1"},"canonical":"https:\/\/icr.you2.pl\/lv\/inspekcje-i-audity\/","og_locale":"lv_LV","og_type":"article","og_title":"Inspekcje i Audity - ICR POLSKA - badania i certyfikacja","og_description":"Inspekcje Inspekcje s\u0105 prowadzone przez pracownik\u00f3w ICR Polska Sp. z o.o. w zakresie kompetencji jednostki, w szczeg\u00f3lno\u015bci celem potwierdzenia spe\u0142nienia wymaga\u0144 norm szczeg\u00f3\u0142owych i wymaga\u0144 dyrektyw: maszynowej 2006\/42\/EC, niskonapi\u0119ciowej 2014\/35\/EU, kompatybilno\u015bci elektromagnetycznej EMC 2014\/30\/EU i radiowej RED 2014\/53\/EU, stref zagro\u017conych wybuchem i urz\u0105dze\u0144 przeznaczonych do pracy w atmosferach potencjalnie wybuchowych ATEX 2014\/34\/EU oraz Kodeksu sieciowego&hellip;&nbsp;Read More &raquo;Inspekcje i Audity","og_url":"https:\/\/icr.you2.pl\/lv\/inspekcje-i-audity\/","og_site_name":"ICR POLSKA - badania i certyfikacja","article_modified_time":"2023-01-13T17:11:48+00:00","twitter_card":"summary_large_image","twitter_misc":{"Est. reading time":"3 min\u016btes"},"schema":{"@context":"https:\/\/schema.org","@graph":[{"@type":"WebPage","@id":"https:\/\/icr.you2.pl\/inspekcje-i-audity\/","url":"https:\/\/icr.you2.pl\/inspekcje-i-audity\/","name":"P\u0101rbaudes un auditi - ICR POLIJA - test\u0113\u0161ana un sertifik\u0101cija","isPartOf":{"@id":"https:\/\/icr.you2.pl\/#website"},"primaryImageOfPage":{"@id":"https:\/\/icr.you2.pl\/inspekcje-i-audity\/#primaryimage"},"image":{"@id":"https:\/\/icr.you2.pl\/inspekcje-i-audity\/#primaryimage"},"thumbnailUrl":"","datePublished":"2019-05-22T20:16:17+00:00","dateModified":"2023-01-13T17:11:48+00:00","breadcrumb":{"@id":"https:\/\/icr.you2.pl\/inspekcje-i-audity\/#breadcrumb"},"inLanguage":"lv-LV","potentialAction":[{"@type":"ReadAction","target":["https:\/\/icr.you2.pl\/inspekcje-i-audity\/"]}]},{"@type":"ImageObject","inLanguage":"lv-LV","@id":"https:\/\/icr.you2.pl\/inspekcje-i-audity\/#primaryimage","url":"","contentUrl":""},{"@type":"BreadcrumbList","@id":"https:\/\/icr.you2.pl\/inspekcje-i-audity\/#breadcrumb","itemListElement":[{"@type":"ListItem","position":1,"name":"Strona g\u0142\u00f3wna","item":"https:\/\/icr.you2.pl\/"},{"@type":"ListItem","position":2,"name":"Inspekcje i Audity"}]},{"@type":"WebSite","@id":"https:\/\/icr.you2.pl\/#website","url":"https:\/\/icr.you2.pl\/","name":"ICR POLIJA - test\u0113\u0161ana un sertifik\u0101cija","description":"CE sertifik\u0101cija, CE sertifik\u0101ts, ISO sertifik\u0101ts, RED test\u0113\u0161ana, produktu test\u0113\u0161ana un sertifik\u0101cija, elektrisko produktu test\u0113\u0161ana, medic\u012bnas ier\u012b\u010du test\u0113\u0161ana, ATEX, IECEx, FCC, produktu sertifik\u0101cija, EMC test\u0113\u0161ana, ma\u0161\u012bnu sertifik\u0101cija, CE iek\u0101rtas, apm\u0101c\u012bba, elektronisko produktu test\u0113\u0161ana, test\u0113\u0161ana 2014\/53\/ES, dronu sertifik\u0101cija, ISO 13485 sertifik\u0101ts, ISO 9001 sertifik\u0101ts, NC RfG","publisher":{"@id":"https:\/\/icr.you2.pl\/#\/schema\/person\/944799c9e2f4a94662e3fcb3b1544baf"},"potentialAction":[{"@type":"SearchAction","target":{"@type":"EntryPoint","urlTemplate":"https:\/\/icr.you2.pl\/?s={search_term_string}"},"query-input":{"@type":"PropertyValueSpecification","valueRequired":true,"valueName":"search_term_string"}}],"inLanguage":"lv-LV"},{"@type":["Person","Organization"],"@id":"https:\/\/icr.you2.pl\/#\/schema\/person\/944799c9e2f4a94662e3fcb3b1544baf","name":"administrators","image":{"@type":"ImageObject","inLanguage":"lv-LV","@id":"https:\/\/icr.you2.pl\/#\/schema\/person\/image\/","url":"https:\/\/icr.you2.pl\/wp-content\/uploads\/2019\/05\/cropped-logo-icr.32f04ad5-1-1.png","contentUrl":"https:\/\/icr.you2.pl\/wp-content\/uploads\/2019\/05\/cropped-logo-icr.32f04ad5-1-1.png","width":400,"height":148,"caption":"admin"},"logo":{"@id":"https:\/\/icr.you2.pl\/#\/schema\/person\/image\/"}}]}},"_links":{"self":[{"href":"https:\/\/icr.you2.pl\/lv\/wp-json\/wp\/v2\/pages\/1971","targetHints":{"allow":["GET"]}}],"collection":[{"href":"https:\/\/icr.you2.pl\/lv\/wp-json\/wp\/v2\/pages"}],"about":[{"href":"https:\/\/icr.you2.pl\/lv\/wp-json\/wp\/v2\/types\/page"}],"author":[{"embeddable":true,"href":"https:\/\/icr.you2.pl\/lv\/wp-json\/wp\/v2\/users\/1"}],"replies":[{"embeddable":true,"href":"https:\/\/icr.you2.pl\/lv\/wp-json\/wp\/v2\/comments?post=1971"}],"version-history":[{"count":0,"href":"https:\/\/icr.you2.pl\/lv\/wp-json\/wp\/v2\/pages\/1971\/revisions"}],"wp:featuredmedia":[{"embeddable":true,"href":"https:\/\/icr.you2.pl\/lv\/wp-json\/"}],"wp:attachment":[{"href":"https:\/\/icr.you2.pl\/lv\/wp-json\/wp\/v2\/media?parent=1971"}],"curies":[{"name":"wp","href":"https:\/\/api.w.org\/{rel}","templated":true}]}}