{"id":2019,"date":"2019-05-28T10:59:50","date_gmt":"2019-05-28T10:59:50","guid":{"rendered":"http:\/\/icrpolska.e-ksperci.pl\/?page_id=2019"},"modified":"2025-01-30T10:58:54","modified_gmt":"2025-01-30T09:58:54","slug":"emc-2014-30-ue-kompatybilnosc-elektromagnetyczna","status":"publish","type":"page","link":"https:\/\/icr.you2.pl\/lv\/certyfikacja-wyrobow\/emc-2014-30-ue-kompatybilnosc-elektromagnetyczna\/","title":{"rendered":"EMC 2014\/30\/ES - elektromagn\u0113tisk\u0101 savietojam\u012bba"},"content":{"rendered":"<p><span style=\"font-weight: 400;\">Visas elektrisk\u0101s un elektronisk\u0101s iek\u0101rtas vai instal\u0101cijas mijiedarbojas gan vad\u012btsign\u0101l\u0101 (elektrot\u012bkls, savienojumi ar perif\u0113raj\u0101m iek\u0101rt\u0101m, ekvipotenci\u0101lie savienojumi utt.), gan izstarot\u0101 veid\u0101, ja att\u0101lums starp t\u0101m ir neliels. Elektromagn\u0113tisk\u0101s savietojam\u012bbas (EMS) m\u0113r\u0137is ir uztur\u0113t trauc\u0113jumu emisijas l\u012bmeni, k\u0101 ar\u012b trauc\u0113jumu iztur\u012bbas l\u012bmeni t\u0101d\u0101 l\u012bmen\u012b, kas nodro\u0161ina darb\u012bbu bez trauc\u0113jumiem. EMC attiecas uz vis\u0101m eso\u0161aj\u0101m un n\u0101kotnes metod\u0113m un tehnolo\u0123ij\u0101m, lai samazin\u0101tu trauc\u0113jumus un uzlabotu notur\u012bbu pret trauc\u0113jumiem.\u00a0<\/span><\/p>\n<p class=\"translation-block\"><span style=\"font-weight: 400\">EmC direkt\u012bvas <a href=\"https:\/\/eur-lex.europa.eu\/legal-content\/PL\/TXT\/PDF\/?uri=CELEX:32014L0030&amp;from=PL\" target=\"_self\" rel=\"noopener noreferrer\">EMC direkt\u012bvas<\/a> noteikumi paredz ierobe\u017eot iek\u0101rtu elektromagn\u0113tisko emisiju, lai nodro\u0161in\u0101tu, ka, lietojot t\u0101s paredz\u0113taj\u0101 veid\u0101, \u0161\u0101das iek\u0101rtas netrauc\u0113 radio un telekomunik\u0101ciju savienojumiem vai citu iek\u0101rtu darb\u012bbai.<\/span>.<\/p>\n<p><span style=\"font-weight: 400;\">Direkt\u012bva reglament\u0113 ar\u012b \u0161\u0101du iek\u0101rtu notur\u012bbu pret trauc\u0113jumiem, un t\u0101s m\u0113r\u0137is ir nodro\u0161in\u0101t, lai \u0161\u012bs iek\u0101rtas, ja t\u0101s tiek lietotas atbilsto\u0161i paredz\u0113tajam m\u0113r\u0137im, neietekm\u0113tu radiovi\u013c\u0146u emisija, k\u0101 ar\u012b vad\u012bts radiovi\u013c\u0146u un citi impulsu trauc\u0113jumi (BURST \/ SURGE ) un elektrostatisk\u0101s izl\u0101des u. c..<\/span><\/p>\n<p><span style=\"font-weight: 400;\">Veiksm\u012bgu oblig\u0101to EMC ra\u017eojuma nov\u0113rt\u0113\u0161anu apkopo, izsniedzot ES tipa p\u0101rbaudes sertifik\u0101tu (ES tipa sertifik\u0101ts).<\/span><\/p>\n<p><strong>Vair\u0101k:<\/strong><\/p>\n<p><a href=\"http:\/\/icr.you2.pl\/wp-content\/uploads\/2019\/06\/Program-oceny-zgodno\u015bci-w-zakresie-EMC.pdf\" target=\"_blank\" rel=\"noopener noreferrer\"><img decoding=\"async\" class=\"alignnone wp-image-2679\" src=\"http:\/\/icr.you2.pl\/wp-content\/uploads\/2019\/06\/adobe.jpg\" alt=\"\" width=\"20\" height=\"21\" srcset=\"https:\/\/icr.you2.pl\/wp-content\/uploads\/2019\/06\/adobe.jpg 218w, https:\/\/icr.you2.pl\/wp-content\/uploads\/2019\/06\/adobe-150x150.jpg 150w\" sizes=\"(max-width: 20px) 100vw, 20px\" \/><\/a><a href=\"http:\/\/icr.you2.pl\/wp-content\/uploads\/2024\/03\/PC-P-07-02_14_EMC.pdf\" target=\"_blank\" rel=\"noopener noreferrer\"> EMC atbilst\u012bbas nov\u0113rt\u0113\u0161anas programma (2014\/30\/ES)<\/a> + <a href=\"http:\/\/icr.you2.pl\/wp-content\/uploads\/2025\/01\/F-P-07-34_5.pdf\" target=\"_blank\" rel=\"noopener noreferrer\">tehnisko specifik\u0101ciju saraksts<\/a><\/p>\n<p><a href=\"http:\/\/icr.you2.pl\/wp-content\/uploads\/2019\/06\/Wniosek-o-certyfikacj\u0119-systemu.docx\"><img decoding=\"async\" class=\"alignnone wp-image-2678\" src=\"http:\/\/icr.you2.pl\/wp-content\/uploads\/2019\/06\/word.jpg\" alt=\"\" width=\"20\" height=\"20\" srcset=\"https:\/\/icr.you2.pl\/wp-content\/uploads\/2019\/06\/word.jpg 208w, https:\/\/icr.you2.pl\/wp-content\/uploads\/2019\/06\/word-150x150.jpg 150w\" sizes=\"(max-width: 20px) 100vw, 20px\" \/><\/a><a href=\"http:\/\/icr.you2.pl\/wp-content\/uploads\/2024\/03\/F-P-07-02_9.docx\" target=\"_blank\" rel=\"noopener noreferrer\">\u00a0Pieteikums_Pieteikums_Oblig\u0101tais nov\u0113rt\u0113jums<\/a><\/p>","protected":false},"excerpt":{"rendered":"<p>Visas elektrisk\u0101s un elektronisk\u0101s iek\u0101rtas vai instal\u0101cijas mijiedarbojas gan vad\u012btsign\u0101l\u0101 (elektrot\u012bkls, savienojumi ar perif\u0113raj\u0101m iek\u0101rt\u0101m, ekvipotenci\u0101lie savienojumi utt.), gan izstarot\u0101 veid\u0101, ja att\u0101lums starp t\u0101m ir neliels. Elektromagn\u0113tisk\u0101s savietojam\u012bbas (EMS) m\u0113r\u0137is ir uztur\u0113t trauc\u0113jumu emisijas l\u012bmeni, k\u0101 ar\u012b trauc\u0113jumu iztur\u012bbas l\u012bmeni t\u0101d\u0101 l\u012bmen\u012b, kas \u013cauj darboties bez trauc\u0113jumiem.....&nbsp;<a href=\"https:\/\/icr.you2.pl\/lv\/certyfikacja-wyrobow\/emc-2014-30-ue-kompatybilnosc-elektromagnetyczna\/\" rel=\"bookmark\">Las\u012bt vair\u0101k \"<span class=\"screen-reader-text\">EMC 2014\/30\/ES - elektromagn\u0113tisk\u0101 savietojam\u012bba<\/span><\/a><\/p>","protected":false},"author":1,"featured_media":1170,"parent":211,"menu_order":0,"comment_status":"closed","ping_status":"closed","template":"","meta":{"neve_meta_sidebar":"","neve_meta_container":"","neve_meta_enable_content_width":"off","neve_meta_content_width":70,"neve_meta_title_alignment":"","neve_meta_author_avatar":"","neve_post_elements_order":"","neve_meta_disable_header":"","neve_meta_disable_footer":"","neve_meta_disable_title":"","footnotes":""},"class_list":["post-2019","page","type-page","status-publish","has-post-thumbnail","hentry"],"yoast_head":"<!-- This site is optimized with the Yoast SEO plugin v26.8 - https:\/\/yoast.com\/product\/yoast-seo-wordpress\/ -->\n<title>EMC 2014\/30\/UE \u2013 kompatybilno\u015b\u0107 elektromagnetyczna - ICR POLSKA - badania i certyfikacja<\/title>\n<meta name=\"robots\" content=\"index, follow, max-snippet:-1, max-image-preview:large, max-video-preview:-1\" \/>\n<link rel=\"canonical\" href=\"https:\/\/icr.you2.pl\/lv\/certyfikacja-wyrobow\/emc-2014-30-ue-kompatybilnosc-elektromagnetyczna\/\" \/>\n<meta property=\"og:locale\" content=\"lv_LV\" \/>\n<meta property=\"og:type\" content=\"article\" \/>\n<meta property=\"og:title\" content=\"EMC 2014\/30\/UE \u2013 kompatybilno\u015b\u0107 elektromagnetyczna - ICR POLSKA - badania i certyfikacja\" \/>\n<meta property=\"og:description\" content=\"Wszystkie urz\u0105dzenia lub instalacje elektryczne i elektroniczne oddzia\u0142uj\u0105 na siebie zar\u00f3wno w spos\u00f3b przewodzony (sie\u0107 zasilaj\u0105ca, po\u0142\u0105czenia z urz\u0105dzeniami peryferyjnymi, po\u0142\u0105czenia wyr\u00f3wnawcze itp.) jak r\u00f3wnie\u017c w spos\u00f3b promieniowany, je\u017celi odleg\u0142o\u015b\u0107 mi\u0119dzy nimi jest niewielka. Celem kompatybilno\u015bci elektromagnetycznej (EMC) jest utrzymanie poziom\u00f3w emisji zaburze\u0144, jak i poziom\u00f3w odporno\u015bci na zaburzenia w stopniu pozwalaj\u0105cym na bezawaryjn\u0105 wsp\u00f3\u0142prac\u0119.&hellip;&nbsp;Read More &raquo;EMC 2014\/30\/UE \u2013 kompatybilno\u015b\u0107 elektromagnetyczna\" \/>\n<meta property=\"og:url\" content=\"https:\/\/icr.you2.pl\/lv\/certyfikacja-wyrobow\/emc-2014-30-ue-kompatybilnosc-elektromagnetyczna\/\" \/>\n<meta property=\"og:site_name\" content=\"ICR POLSKA - badania i certyfikacja\" \/>\n<meta property=\"article:modified_time\" content=\"2025-01-30T09:58:54+00:00\" \/>\n<meta name=\"twitter:card\" content=\"summary_large_image\" \/>\n<meta name=\"twitter:label1\" content=\"Est. reading time\" \/>\n\t<meta name=\"twitter:data1\" content=\"2 min\u016btes\" \/>\n<script type=\"application\/ld+json\" class=\"yoast-schema-graph\">{\"@context\":\"https:\/\/schema.org\",\"@graph\":[{\"@type\":\"WebPage\",\"@id\":\"https:\/\/icr.you2.pl\/certyfikacja-wyrobow\/emc-2014-30-ue-kompatybilnosc-elektromagnetyczna\/\",\"url\":\"https:\/\/icr.you2.pl\/certyfikacja-wyrobow\/emc-2014-30-ue-kompatybilnosc-elektromagnetyczna\/\",\"name\":\"EMC 2014\/30\/UE \u2013 kompatybilno\u015b\u0107 elektromagnetyczna - ICR POLSKA - badania i certyfikacja\",\"isPartOf\":{\"@id\":\"https:\/\/icr.you2.pl\/#website\"},\"primaryImageOfPage\":{\"@id\":\"https:\/\/icr.you2.pl\/certyfikacja-wyrobow\/emc-2014-30-ue-kompatybilnosc-elektromagnetyczna\/#primaryimage\"},\"image\":{\"@id\":\"https:\/\/icr.you2.pl\/certyfikacja-wyrobow\/emc-2014-30-ue-kompatybilnosc-elektromagnetyczna\/#primaryimage\"},\"thumbnailUrl\":\"\",\"datePublished\":\"2019-05-28T10:59:50+00:00\",\"dateModified\":\"2025-01-30T09:58:54+00:00\",\"breadcrumb\":{\"@id\":\"https:\/\/icr.you2.pl\/certyfikacja-wyrobow\/emc-2014-30-ue-kompatybilnosc-elektromagnetyczna\/#breadcrumb\"},\"inLanguage\":\"lv-LV\",\"potentialAction\":[{\"@type\":\"ReadAction\",\"target\":[\"https:\/\/icr.you2.pl\/certyfikacja-wyrobow\/emc-2014-30-ue-kompatybilnosc-elektromagnetyczna\/\"]}]},{\"@type\":\"ImageObject\",\"inLanguage\":\"lv-LV\",\"@id\":\"https:\/\/icr.you2.pl\/certyfikacja-wyrobow\/emc-2014-30-ue-kompatybilnosc-elektromagnetyczna\/#primaryimage\",\"url\":\"\",\"contentUrl\":\"\"},{\"@type\":\"BreadcrumbList\",\"@id\":\"https:\/\/icr.you2.pl\/certyfikacja-wyrobow\/emc-2014-30-ue-kompatybilnosc-elektromagnetyczna\/#breadcrumb\",\"itemListElement\":[{\"@type\":\"ListItem\",\"position\":1,\"name\":\"Strona g\u0142\u00f3wna\",\"item\":\"https:\/\/icr.you2.pl\/\"},{\"@type\":\"ListItem\",\"position\":2,\"name\":\"Certyfikacja wyrob\u00f3w\",\"item\":\"https:\/\/icr.you2.pl\/en\/certyfikacja-wyrobow\/\"},{\"@type\":\"ListItem\",\"position\":3,\"name\":\"EMC 2014\/30\/UE \u2013 kompatybilno\u015b\u0107 elektromagnetyczna\"}]},{\"@type\":\"WebSite\",\"@id\":\"https:\/\/icr.you2.pl\/#website\",\"url\":\"https:\/\/icr.you2.pl\/\",\"name\":\"ICR POLSKA - badania i certyfikacja\",\"description\":\"CE certification, CE certificate, ISO certificate, RED testing, product testing and certification, electrical product testing, medical device testing, ATEX, IECEx, FCC, product certification, EMC testing, machinery certification, CE machines, training, electronic product testing, testing 2014\/53\/EU, drone certification, ISO 13485 certificate, ISO 9001 certificate, NC RfG\",\"publisher\":{\"@id\":\"https:\/\/icr.you2.pl\/#\/schema\/person\/944799c9e2f4a94662e3fcb3b1544baf\"},\"potentialAction\":[{\"@type\":\"SearchAction\",\"target\":{\"@type\":\"EntryPoint\",\"urlTemplate\":\"https:\/\/icr.you2.pl\/?s={search_term_string}\"},\"query-input\":{\"@type\":\"PropertyValueSpecification\",\"valueRequired\":true,\"valueName\":\"search_term_string\"}}],\"inLanguage\":\"lv-LV\"},{\"@type\":[\"Person\",\"Organization\"],\"@id\":\"https:\/\/icr.you2.pl\/#\/schema\/person\/944799c9e2f4a94662e3fcb3b1544baf\",\"name\":\"admin\",\"image\":{\"@type\":\"ImageObject\",\"inLanguage\":\"lv-LV\",\"@id\":\"https:\/\/icr.you2.pl\/#\/schema\/person\/image\/\",\"url\":\"https:\/\/icr.you2.pl\/wp-content\/uploads\/2019\/05\/cropped-logo-icr.32f04ad5-1-1.png\",\"contentUrl\":\"https:\/\/icr.you2.pl\/wp-content\/uploads\/2019\/05\/cropped-logo-icr.32f04ad5-1-1.png\",\"width\":400,\"height\":148,\"caption\":\"admin\"},\"logo\":{\"@id\":\"https:\/\/icr.you2.pl\/#\/schema\/person\/image\/\"}}]}<\/script>\n<!-- \/ Yoast SEO plugin. -->","yoast_head_json":{"title":"EMC 2014\/30\/ES - elektromagn\u0113tisk\u0101 savietojam\u012bba - ICR POLIJA - test\u0113\u0161ana un sertifik\u0101cija","robots":{"index":"index","follow":"follow","max-snippet":"max-snippet:-1","max-image-preview":"max-image-preview:large","max-video-preview":"max-video-preview:-1"},"canonical":"https:\/\/icr.you2.pl\/lv\/certyfikacja-wyrobow\/emc-2014-30-ue-kompatybilnosc-elektromagnetyczna\/","og_locale":"lv_LV","og_type":"article","og_title":"EMC 2014\/30\/UE \u2013 kompatybilno\u015b\u0107 elektromagnetyczna - ICR POLSKA - badania i certyfikacja","og_description":"Wszystkie urz\u0105dzenia lub instalacje elektryczne i elektroniczne oddzia\u0142uj\u0105 na siebie zar\u00f3wno w spos\u00f3b przewodzony (sie\u0107 zasilaj\u0105ca, po\u0142\u0105czenia z urz\u0105dzeniami peryferyjnymi, po\u0142\u0105czenia wyr\u00f3wnawcze itp.) jak r\u00f3wnie\u017c w spos\u00f3b promieniowany, je\u017celi odleg\u0142o\u015b\u0107 mi\u0119dzy nimi jest niewielka. Celem kompatybilno\u015bci elektromagnetycznej (EMC) jest utrzymanie poziom\u00f3w emisji zaburze\u0144, jak i poziom\u00f3w odporno\u015bci na zaburzenia w stopniu pozwalaj\u0105cym na bezawaryjn\u0105 wsp\u00f3\u0142prac\u0119.&hellip;&nbsp;Read More &raquo;EMC 2014\/30\/UE \u2013 kompatybilno\u015b\u0107 elektromagnetyczna","og_url":"https:\/\/icr.you2.pl\/lv\/certyfikacja-wyrobow\/emc-2014-30-ue-kompatybilnosc-elektromagnetyczna\/","og_site_name":"ICR POLSKA - badania i certyfikacja","article_modified_time":"2025-01-30T09:58:54+00:00","twitter_card":"summary_large_image","twitter_misc":{"Est. reading time":"2 min\u016btes"},"schema":{"@context":"https:\/\/schema.org","@graph":[{"@type":"WebPage","@id":"https:\/\/icr.you2.pl\/certyfikacja-wyrobow\/emc-2014-30-ue-kompatybilnosc-elektromagnetyczna\/","url":"https:\/\/icr.you2.pl\/certyfikacja-wyrobow\/emc-2014-30-ue-kompatybilnosc-elektromagnetyczna\/","name":"EMC 2014\/30\/ES - elektromagn\u0113tisk\u0101 savietojam\u012bba - ICR POLIJA - test\u0113\u0161ana un sertifik\u0101cija","isPartOf":{"@id":"https:\/\/icr.you2.pl\/#website"},"primaryImageOfPage":{"@id":"https:\/\/icr.you2.pl\/certyfikacja-wyrobow\/emc-2014-30-ue-kompatybilnosc-elektromagnetyczna\/#primaryimage"},"image":{"@id":"https:\/\/icr.you2.pl\/certyfikacja-wyrobow\/emc-2014-30-ue-kompatybilnosc-elektromagnetyczna\/#primaryimage"},"thumbnailUrl":"","datePublished":"2019-05-28T10:59:50+00:00","dateModified":"2025-01-30T09:58:54+00:00","breadcrumb":{"@id":"https:\/\/icr.you2.pl\/certyfikacja-wyrobow\/emc-2014-30-ue-kompatybilnosc-elektromagnetyczna\/#breadcrumb"},"inLanguage":"lv-LV","potentialAction":[{"@type":"ReadAction","target":["https:\/\/icr.you2.pl\/certyfikacja-wyrobow\/emc-2014-30-ue-kompatybilnosc-elektromagnetyczna\/"]}]},{"@type":"ImageObject","inLanguage":"lv-LV","@id":"https:\/\/icr.you2.pl\/certyfikacja-wyrobow\/emc-2014-30-ue-kompatybilnosc-elektromagnetyczna\/#primaryimage","url":"","contentUrl":""},{"@type":"BreadcrumbList","@id":"https:\/\/icr.you2.pl\/certyfikacja-wyrobow\/emc-2014-30-ue-kompatybilnosc-elektromagnetyczna\/#breadcrumb","itemListElement":[{"@type":"ListItem","position":1,"name":"Strona g\u0142\u00f3wna","item":"https:\/\/icr.you2.pl\/"},{"@type":"ListItem","position":2,"name":"Certyfikacja wyrob\u00f3w","item":"https:\/\/icr.you2.pl\/en\/certyfikacja-wyrobow\/"},{"@type":"ListItem","position":3,"name":"EMC 2014\/30\/UE \u2013 kompatybilno\u015b\u0107 elektromagnetyczna"}]},{"@type":"WebSite","@id":"https:\/\/icr.you2.pl\/#website","url":"https:\/\/icr.you2.pl\/","name":"ICR POLIJA - test\u0113\u0161ana un sertifik\u0101cija","description":"CE sertifik\u0101cija, CE sertifik\u0101ts, ISO sertifik\u0101ts, RED test\u0113\u0161ana, produktu test\u0113\u0161ana un sertifik\u0101cija, elektrisko produktu test\u0113\u0161ana, medic\u012bnas ier\u012b\u010du test\u0113\u0161ana, ATEX, IECEx, FCC, produktu sertifik\u0101cija, EMC test\u0113\u0161ana, ma\u0161\u012bnu sertifik\u0101cija, CE iek\u0101rtas, apm\u0101c\u012bba, elektronisko produktu test\u0113\u0161ana, test\u0113\u0161ana 2014\/53\/ES, dronu sertifik\u0101cija, ISO 13485 sertifik\u0101ts, ISO 9001 sertifik\u0101ts, NC RfG","publisher":{"@id":"https:\/\/icr.you2.pl\/#\/schema\/person\/944799c9e2f4a94662e3fcb3b1544baf"},"potentialAction":[{"@type":"SearchAction","target":{"@type":"EntryPoint","urlTemplate":"https:\/\/icr.you2.pl\/?s={search_term_string}"},"query-input":{"@type":"PropertyValueSpecification","valueRequired":true,"valueName":"search_term_string"}}],"inLanguage":"lv-LV"},{"@type":["Person","Organization"],"@id":"https:\/\/icr.you2.pl\/#\/schema\/person\/944799c9e2f4a94662e3fcb3b1544baf","name":"administrators","image":{"@type":"ImageObject","inLanguage":"lv-LV","@id":"https:\/\/icr.you2.pl\/#\/schema\/person\/image\/","url":"https:\/\/icr.you2.pl\/wp-content\/uploads\/2019\/05\/cropped-logo-icr.32f04ad5-1-1.png","contentUrl":"https:\/\/icr.you2.pl\/wp-content\/uploads\/2019\/05\/cropped-logo-icr.32f04ad5-1-1.png","width":400,"height":148,"caption":"admin"},"logo":{"@id":"https:\/\/icr.you2.pl\/#\/schema\/person\/image\/"}}]}},"_links":{"self":[{"href":"https:\/\/icr.you2.pl\/lv\/wp-json\/wp\/v2\/pages\/2019","targetHints":{"allow":["GET"]}}],"collection":[{"href":"https:\/\/icr.you2.pl\/lv\/wp-json\/wp\/v2\/pages"}],"about":[{"href":"https:\/\/icr.you2.pl\/lv\/wp-json\/wp\/v2\/types\/page"}],"author":[{"embeddable":true,"href":"https:\/\/icr.you2.pl\/lv\/wp-json\/wp\/v2\/users\/1"}],"replies":[{"embeddable":true,"href":"https:\/\/icr.you2.pl\/lv\/wp-json\/wp\/v2\/comments?post=2019"}],"version-history":[{"count":0,"href":"https:\/\/icr.you2.pl\/lv\/wp-json\/wp\/v2\/pages\/2019\/revisions"}],"up":[{"embeddable":true,"href":"https:\/\/icr.you2.pl\/lv\/wp-json\/wp\/v2\/pages\/211"}],"wp:featuredmedia":[{"embeddable":true,"href":"https:\/\/icr.you2.pl\/lv\/wp-json\/"}],"wp:attachment":[{"href":"https:\/\/icr.you2.pl\/lv\/wp-json\/wp\/v2\/media?parent=2019"}],"curies":[{"name":"wp","href":"https:\/\/api.w.org\/{rel}","templated":true}]}}