{"id":2024,"date":"2019-05-28T11:01:41","date_gmt":"2019-05-28T11:01:41","guid":{"rendered":"http:\/\/icrpolska.e-ksperci.pl\/?page_id=2024"},"modified":"2025-03-06T11:46:02","modified_gmt":"2025-03-06T10:46:02","slug":"red-2014-53-ue-urzadzenia-radiowe","status":"publish","type":"page","link":"https:\/\/icr.you2.pl\/lv\/certyfikacja-wyrobow\/red-2014-53-ue-urzadzenia-radiowe\/","title":{"rendered":"RED 2014\/53\/ES - radioiek\u0101rtas"},"content":{"rendered":"<p class=\"translation-block\"><a href=\"https:\/\/eur-lex.europa.eu\/legal-content\/PL\/TXT\/PDF\/?uri=CELEX:32014L0053&amp;from=PL\" target=\"_self\" rel=\"noopener noreferrer\">RED direkt\u012bva<\/a> attiecas uz iek\u0101rt\u0101m (elektrisk\u0101m vai elektronisk\u0101m), kas t\u012b\u0161i izstaro vai uztver radiovi\u013c\u0146us telekomunik\u0101ciju vai radiolok\u0101cijas vajadz\u012bb\u0101m, un iek\u0101rt\u0101m, kas j\u0101papildina ar papildu elementu (piem\u0113ram, antenu), lai t\u0101s var\u0113tu t\u012b\u0161i izstarot vai uztvert radiovi\u013c\u0146us telekomunik\u0101ciju vai radiolok\u0101cijas vajadz\u012bb\u0101m.<\/p>\n<p>Radioiek\u0101rta j\u0101projekt\u0113 t\u0101, lai nodro\u0161in\u0101tu vesel\u012bbas un dro\u0161\u012bbas aizsardz\u012bbu, tostarp m\u0113r\u0137us, kas saist\u012bti ar pras\u012bb\u0101m attiec\u012bb\u0101 uz:<\/p>\n<ul>\n<li>cilv\u0113ku un m\u0101jdz\u012bvnieku vesel\u012bbas un dro\u0161\u012bbas aizsardz\u012bbu un \u012bpa\u0161uma aizsardz\u012bbu, tostarp m\u0113r\u0137us, kas saist\u012bti ar Direkt\u012bv\u0101 2014\/35\/ES noteiktaj\u0101m dro\u0161\u012bbas pras\u012bb\u0101m, bet nepiem\u0113rojot elektrisk\u0101 sprieguma ierobe\u017eojumu,<\/li>\n<li>atbilsto\u0161s elektromagn\u0113tisk\u0101s savietojam\u012bbas l\u012bmenis saska\u0146\u0101 ar Direkt\u012bvu 2014\/30\/ES (<strong>EMC<\/strong>),<\/li>\n<\/ul>\n<ul>\n<li>efekt\u012bvi izmantot radiofrekven\u010du spektru un veicin\u0101t t\u0101 efekt\u012bvu izmanto\u0161anu, lai izvair\u012btos no kait\u012bgiem trauc\u0113jumiem,<\/li>\n<li>nepamatoti neietekm\u0113 t\u012bklu un t\u0101 darb\u012bbu vai \u013caunpr\u0101t\u012bgi neizmanto t\u012bkla resursus, t\u0101d\u0113j\u0101di izraisot nepie\u0146emamu pakalpojuma kvalit\u0101tes pasliktin\u0101\u0161anos (<strong>kiberdro\u0161\u012bbas aspekti<\/strong>),<\/li>\n<li>lietot\u0101ja un abonenta personas datu un priv\u0101tuma aizsardz\u012bba, izmantojot ieb\u016bv\u0113tas dro\u0161\u012bbas sist\u0113mas (<strong>kiberdro\u0161\u012bbas aspekti<\/strong>),<\/li>\n<li>aizsardz\u012bba pret kr\u0101p\u0161anu, izmantojot atbilsto\u0161as funkcijas (<strong>kiberdro\u0161\u012bbas aspekti<\/strong>),<\/li>\n<li>piek\u013cuve neatliekam\u0101s pal\u012bdz\u012bbas dienestiem, izmantojot attiec\u012bg\u0101s funkcijas,<\/li>\n<li>atbilst Ia pielikum\u0101 noteiktaj\u0101m uzl\u0101des specifik\u0101cij\u0101m attiec\u012bgajai iek\u0101rtu kategorijai vai klasei (<strong>USB-C<\/strong>),<\/li>\n<li>mijiedarb\u012bba ar papildu sast\u0101vda\u013c\u0101m, kas nav uzl\u0101des iek\u0101rtas, radioiek\u0101rtu kategorij\u0101m vai klas\u0113m, k\u0101 noteikts Ia pielikuma I da\u013c\u0101.<\/li>\n<\/ul>\n<p>Un n\u0101kotn\u0113:<\/p>\n<ul>\n<li>sadarbsp\u0113ja, izmantojot t\u012bklu, ar cit\u0101m radioiek\u0101rt\u0101m,<\/li>\n<li>savienojums ar atbilsto\u0161a tipa saskarn\u0113m vis\u0101 Savien\u012bb\u0101,<\/li>\n<li>izmantot cilv\u0113kiem ar invalidit\u0101ti, izmantojot atbilsto\u0161as funkcijas,<\/li>\n<li>uz \u0161o ier\u012bci var lejupiel\u0101d\u0113t tikai t\u0101du programmat\u016bru, kuras sader\u012bba ir apstiprin\u0101ta ar programmat\u016bras un radio ier\u012bces kombin\u0101ciju,<\/li>\n<\/ul>\n<p>Direkt\u012bva 2014\/53\/ES neattiecas uz radioiek\u0101rt\u0101m, ko izmanto tikai un vien\u012bgi sabiedrisk\u0101s dro\u0161\u012bbas, aizsardz\u012bbas, valsts dro\u0161\u012bbas, tostarp valsts ekonomisk\u0101s labkl\u0101j\u012bbas nodro\u0161in\u0101\u0161anai, ja darb\u012bbas attiecas uz valsts dro\u0161\u012bbas jaut\u0101jumiem un valsts darb\u012bb\u0101m krimin\u0101lties\u012bbu jom\u0101.<\/p>\n<p>Radioiek\u0101rtu direkt\u012bvas darb\u012bbas jom\u0101 ietilpsto\u0161a ra\u017eojuma pozit\u012bvs oblig\u0101tais nov\u0113rt\u0113jums tiek apkopots, izsniedzot ES tipa p\u0101rbaudes sertifik\u0101tu (ES tipa sertifik\u0101ts).<\/p>\n<p><strong>Vair\u0101k:<\/strong><\/p>\n<p><img decoding=\"async\" class=\"alignnone wp-image-2679\" src=\"http:\/\/icr.you2.pl\/wp-content\/uploads\/2019\/06\/adobe.jpg\" alt=\"\" width=\"20\" height=\"21\" srcset=\"https:\/\/icr.you2.pl\/wp-content\/uploads\/2019\/06\/adobe.jpg 218w, https:\/\/icr.you2.pl\/wp-content\/uploads\/2019\/06\/adobe-150x150.jpg 150w\" sizes=\"(max-width: 20px) 100vw, 20px\" \/>\u00a0<a href=\"http:\/\/icr.you2.pl\/wp-content\/uploads\/2021\/01\/PC-P-07-05_09.pdf\" target=\"_blank\" rel=\"noopener noreferrer\">RED atbilst\u012bbas nov\u0113rt\u0113\u0161anas programma (2014\/53\/ES)<\/a>\u00a0+ <a href=\"http:\/\/icr.you2.pl\/wp-content\/uploads\/2025\/01\/F-P-07-31_19a.pdf\" target=\"_blank\" rel=\"noopener noreferrer\">tehnisko specifik\u0101ciju saraksts<\/a><\/p>\n<p><a href=\"http:\/\/icr.you2.pl\/wp-content\/uploads\/2019\/06\/Wniosek-o-certyfikacj\u0119-systemu.docx\"><img decoding=\"async\" class=\"alignnone wp-image-2678\" src=\"http:\/\/icr.you2.pl\/wp-content\/uploads\/2019\/06\/word.jpg\" alt=\"\" width=\"20\" height=\"20\" srcset=\"https:\/\/icr.you2.pl\/wp-content\/uploads\/2019\/06\/word.jpg 208w, https:\/\/icr.you2.pl\/wp-content\/uploads\/2019\/06\/word-150x150.jpg 150w\" sizes=\"(max-width: 20px) 100vw, 20px\" \/><\/a><a href=\"http:\/\/icr.you2.pl\/wp-content\/uploads\/2024\/03\/F-P-07-02_9.docx\" target=\"_blank\" rel=\"noopener noreferrer\">\u00a0Pieteikums_Pieteikums_Oblig\u0101tais nov\u0113rt\u0113jums<\/a><\/p>","protected":false},"excerpt":{"rendered":"<p>RED direkt\u012bva attiecas uz iek\u0101rt\u0101m (elektrisk\u0101m vai elektronisk\u0101m), kas apzin\u0101ti raida vai uztver radiovi\u013c\u0146us telekomunik\u0101ciju vai radiolok\u0101cijas nol\u016bk\u0101, k\u0101 ar\u012b uz iek\u0101rt\u0101m, kur\u0101m j\u0101pievieno papildu elements (piem\u0113ram, antena), lai t\u0101s var\u0113tu apzin\u0101ti raida vai uztver radiovi\u013c\u0146us radiosakaru vai radiolok\u0101cijas nol\u016bk\u0101. Radioiek\u0101rtai j\u0101b\u016bt konstru\u0113tai t\u0101, lai nodro\u0161in\u0101tu aizsardz\u012bbu ...&nbsp;<a href=\"https:\/\/icr.you2.pl\/lv\/certyfikacja-wyrobow\/red-2014-53-ue-urzadzenia-radiowe\/\" rel=\"bookmark\">Las\u012bt vair\u0101k \"<span class=\"screen-reader-text\">RED 2014\/53\/ES - radioiek\u0101rtas<\/span><\/a><\/p>","protected":false},"author":1,"featured_media":914,"parent":211,"menu_order":0,"comment_status":"closed","ping_status":"closed","template":"","meta":{"neve_meta_sidebar":"","neve_meta_container":"","neve_meta_enable_content_width":"off","neve_meta_content_width":70,"neve_meta_title_alignment":"","neve_meta_author_avatar":"","neve_post_elements_order":"","neve_meta_disable_header":"","neve_meta_disable_footer":"","neve_meta_disable_title":"","footnotes":""},"class_list":["post-2024","page","type-page","status-publish","has-post-thumbnail","hentry"],"yoast_head":"<!-- This site is optimized with the Yoast SEO plugin v26.8 - https:\/\/yoast.com\/product\/yoast-seo-wordpress\/ -->\n<title>RED 2014\/53\/UE \u2013 urz\u0105dzenia radiowe - ICR POLSKA - badania i certyfikacja<\/title>\n<meta name=\"robots\" content=\"index, follow, max-snippet:-1, max-image-preview:large, max-video-preview:-1\" \/>\n<link rel=\"canonical\" href=\"https:\/\/icr.you2.pl\/lv\/certyfikacja-wyrobow\/red-2014-53-ue-urzadzenia-radiowe\/\" \/>\n<meta property=\"og:locale\" content=\"lv_LV\" \/>\n<meta property=\"og:type\" content=\"article\" \/>\n<meta property=\"og:title\" content=\"RED 2014\/53\/UE \u2013 urz\u0105dzenia radiowe - ICR POLSKA - badania i certyfikacja\" \/>\n<meta property=\"og:description\" content=\"Zakresem dyrektywy RED obj\u0119te s\u0105 urz\u0105dzenia (elektryczne lub elektroniczne), kt\u00f3ry celowo emituj\u0105 lub odbieraj\u0105 fale radiowe na potrzeby telekomunikacji lub radiolokacji, oraz urz\u0105dzenia, kt\u00f3ry musz\u0105 zosta\u0107 uzupe\u0142nione o dodatkowy element (np.: anten\u0119) tak, aby mog\u0142o celowo emitowa\u0107 lub odbiera\u0107 fale radiowe na potrzeby radiokomunikacji lub radiolokacji. Urz\u0105dzenie radiowe powinno by\u0107 skonstruowane tak, aby zapewni\u0107 ochron\u0119&hellip;&nbsp;Read More &raquo;RED 2014\/53\/UE \u2013 urz\u0105dzenia radiowe\" \/>\n<meta property=\"og:url\" content=\"https:\/\/icr.you2.pl\/lv\/certyfikacja-wyrobow\/red-2014-53-ue-urzadzenia-radiowe\/\" \/>\n<meta property=\"og:site_name\" content=\"ICR POLSKA - badania i certyfikacja\" \/>\n<meta property=\"article:modified_time\" content=\"2025-03-06T10:46:02+00:00\" \/>\n<meta name=\"twitter:card\" content=\"summary_large_image\" \/>\n<meta name=\"twitter:label1\" content=\"Est. reading time\" \/>\n\t<meta name=\"twitter:data1\" content=\"3 min\u016btes\" \/>\n<script type=\"application\/ld+json\" class=\"yoast-schema-graph\">{\"@context\":\"https:\/\/schema.org\",\"@graph\":[{\"@type\":\"WebPage\",\"@id\":\"https:\/\/icr.you2.pl\/certyfikacja-wyrobow\/red-2014-53-ue-urzadzenia-radiowe\/\",\"url\":\"https:\/\/icr.you2.pl\/certyfikacja-wyrobow\/red-2014-53-ue-urzadzenia-radiowe\/\",\"name\":\"RED 2014\/53\/UE \u2013 urz\u0105dzenia radiowe - ICR POLSKA - badania i certyfikacja\",\"isPartOf\":{\"@id\":\"https:\/\/icr.you2.pl\/#website\"},\"primaryImageOfPage\":{\"@id\":\"https:\/\/icr.you2.pl\/certyfikacja-wyrobow\/red-2014-53-ue-urzadzenia-radiowe\/#primaryimage\"},\"image\":{\"@id\":\"https:\/\/icr.you2.pl\/certyfikacja-wyrobow\/red-2014-53-ue-urzadzenia-radiowe\/#primaryimage\"},\"thumbnailUrl\":\"\",\"datePublished\":\"2019-05-28T11:01:41+00:00\",\"dateModified\":\"2025-03-06T10:46:02+00:00\",\"breadcrumb\":{\"@id\":\"https:\/\/icr.you2.pl\/certyfikacja-wyrobow\/red-2014-53-ue-urzadzenia-radiowe\/#breadcrumb\"},\"inLanguage\":\"lv-LV\",\"potentialAction\":[{\"@type\":\"ReadAction\",\"target\":[\"https:\/\/icr.you2.pl\/certyfikacja-wyrobow\/red-2014-53-ue-urzadzenia-radiowe\/\"]}]},{\"@type\":\"ImageObject\",\"inLanguage\":\"lv-LV\",\"@id\":\"https:\/\/icr.you2.pl\/certyfikacja-wyrobow\/red-2014-53-ue-urzadzenia-radiowe\/#primaryimage\",\"url\":\"\",\"contentUrl\":\"\"},{\"@type\":\"BreadcrumbList\",\"@id\":\"https:\/\/icr.you2.pl\/certyfikacja-wyrobow\/red-2014-53-ue-urzadzenia-radiowe\/#breadcrumb\",\"itemListElement\":[{\"@type\":\"ListItem\",\"position\":1,\"name\":\"Strona g\u0142\u00f3wna\",\"item\":\"https:\/\/icr.you2.pl\/\"},{\"@type\":\"ListItem\",\"position\":2,\"name\":\"Certyfikacja wyrob\u00f3w\",\"item\":\"https:\/\/icr.you2.pl\/en\/certyfikacja-wyrobow\/\"},{\"@type\":\"ListItem\",\"position\":3,\"name\":\"RED 2014\/53\/UE \u2013 urz\u0105dzenia radiowe\"}]},{\"@type\":\"WebSite\",\"@id\":\"https:\/\/icr.you2.pl\/#website\",\"url\":\"https:\/\/icr.you2.pl\/\",\"name\":\"ICR POLSKA - badania i certyfikacja\",\"description\":\"CE certification, CE certificate, ISO certificate, RED testing, product testing and certification, electrical product testing, medical device testing, ATEX, IECEx, FCC, product certification, EMC testing, machinery certification, CE machines, training, electronic product testing, testing 2014\/53\/EU, drone certification, ISO 13485 certificate, ISO 9001 certificate, NC RfG\",\"publisher\":{\"@id\":\"https:\/\/icr.you2.pl\/#\/schema\/person\/944799c9e2f4a94662e3fcb3b1544baf\"},\"potentialAction\":[{\"@type\":\"SearchAction\",\"target\":{\"@type\":\"EntryPoint\",\"urlTemplate\":\"https:\/\/icr.you2.pl\/?s={search_term_string}\"},\"query-input\":{\"@type\":\"PropertyValueSpecification\",\"valueRequired\":true,\"valueName\":\"search_term_string\"}}],\"inLanguage\":\"lv-LV\"},{\"@type\":[\"Person\",\"Organization\"],\"@id\":\"https:\/\/icr.you2.pl\/#\/schema\/person\/944799c9e2f4a94662e3fcb3b1544baf\",\"name\":\"admin\",\"image\":{\"@type\":\"ImageObject\",\"inLanguage\":\"lv-LV\",\"@id\":\"https:\/\/icr.you2.pl\/#\/schema\/person\/image\/\",\"url\":\"https:\/\/icr.you2.pl\/wp-content\/uploads\/2019\/05\/cropped-logo-icr.32f04ad5-1-1.png\",\"contentUrl\":\"https:\/\/icr.you2.pl\/wp-content\/uploads\/2019\/05\/cropped-logo-icr.32f04ad5-1-1.png\",\"width\":400,\"height\":148,\"caption\":\"admin\"},\"logo\":{\"@id\":\"https:\/\/icr.you2.pl\/#\/schema\/person\/image\/\"}}]}<\/script>\n<!-- \/ Yoast SEO plugin. -->","yoast_head_json":{"title":"RED 2014\/53\/ES - radioiek\u0101rtas - ICR POLIJA - test\u0113\u0161ana un sertifik\u0101cija","robots":{"index":"index","follow":"follow","max-snippet":"max-snippet:-1","max-image-preview":"max-image-preview:large","max-video-preview":"max-video-preview:-1"},"canonical":"https:\/\/icr.you2.pl\/lv\/certyfikacja-wyrobow\/red-2014-53-ue-urzadzenia-radiowe\/","og_locale":"lv_LV","og_type":"article","og_title":"RED 2014\/53\/UE \u2013 urz\u0105dzenia radiowe - ICR POLSKA - badania i certyfikacja","og_description":"Zakresem dyrektywy RED obj\u0119te s\u0105 urz\u0105dzenia (elektryczne lub elektroniczne), kt\u00f3ry celowo emituj\u0105 lub odbieraj\u0105 fale radiowe na potrzeby telekomunikacji lub radiolokacji, oraz urz\u0105dzenia, kt\u00f3ry musz\u0105 zosta\u0107 uzupe\u0142nione o dodatkowy element (np.: anten\u0119) tak, aby mog\u0142o celowo emitowa\u0107 lub odbiera\u0107 fale radiowe na potrzeby radiokomunikacji lub radiolokacji. Urz\u0105dzenie radiowe powinno by\u0107 skonstruowane tak, aby zapewni\u0107 ochron\u0119&hellip;&nbsp;Read More &raquo;RED 2014\/53\/UE \u2013 urz\u0105dzenia radiowe","og_url":"https:\/\/icr.you2.pl\/lv\/certyfikacja-wyrobow\/red-2014-53-ue-urzadzenia-radiowe\/","og_site_name":"ICR POLSKA - badania i certyfikacja","article_modified_time":"2025-03-06T10:46:02+00:00","twitter_card":"summary_large_image","twitter_misc":{"Est. reading time":"3 min\u016btes"},"schema":{"@context":"https:\/\/schema.org","@graph":[{"@type":"WebPage","@id":"https:\/\/icr.you2.pl\/certyfikacja-wyrobow\/red-2014-53-ue-urzadzenia-radiowe\/","url":"https:\/\/icr.you2.pl\/certyfikacja-wyrobow\/red-2014-53-ue-urzadzenia-radiowe\/","name":"RED 2014\/53\/ES - radioiek\u0101rtas - ICR POLIJA - test\u0113\u0161ana un sertifik\u0101cija","isPartOf":{"@id":"https:\/\/icr.you2.pl\/#website"},"primaryImageOfPage":{"@id":"https:\/\/icr.you2.pl\/certyfikacja-wyrobow\/red-2014-53-ue-urzadzenia-radiowe\/#primaryimage"},"image":{"@id":"https:\/\/icr.you2.pl\/certyfikacja-wyrobow\/red-2014-53-ue-urzadzenia-radiowe\/#primaryimage"},"thumbnailUrl":"","datePublished":"2019-05-28T11:01:41+00:00","dateModified":"2025-03-06T10:46:02+00:00","breadcrumb":{"@id":"https:\/\/icr.you2.pl\/certyfikacja-wyrobow\/red-2014-53-ue-urzadzenia-radiowe\/#breadcrumb"},"inLanguage":"lv-LV","potentialAction":[{"@type":"ReadAction","target":["https:\/\/icr.you2.pl\/certyfikacja-wyrobow\/red-2014-53-ue-urzadzenia-radiowe\/"]}]},{"@type":"ImageObject","inLanguage":"lv-LV","@id":"https:\/\/icr.you2.pl\/certyfikacja-wyrobow\/red-2014-53-ue-urzadzenia-radiowe\/#primaryimage","url":"","contentUrl":""},{"@type":"BreadcrumbList","@id":"https:\/\/icr.you2.pl\/certyfikacja-wyrobow\/red-2014-53-ue-urzadzenia-radiowe\/#breadcrumb","itemListElement":[{"@type":"ListItem","position":1,"name":"Strona g\u0142\u00f3wna","item":"https:\/\/icr.you2.pl\/"},{"@type":"ListItem","position":2,"name":"Certyfikacja wyrob\u00f3w","item":"https:\/\/icr.you2.pl\/en\/certyfikacja-wyrobow\/"},{"@type":"ListItem","position":3,"name":"RED 2014\/53\/UE \u2013 urz\u0105dzenia radiowe"}]},{"@type":"WebSite","@id":"https:\/\/icr.you2.pl\/#website","url":"https:\/\/icr.you2.pl\/","name":"ICR POLIJA - test\u0113\u0161ana un sertifik\u0101cija","description":"CE sertifik\u0101cija, CE sertifik\u0101ts, ISO sertifik\u0101ts, RED test\u0113\u0161ana, produktu test\u0113\u0161ana un sertifik\u0101cija, elektrisko produktu test\u0113\u0161ana, medic\u012bnas ier\u012b\u010du test\u0113\u0161ana, ATEX, IECEx, FCC, produktu sertifik\u0101cija, EMC test\u0113\u0161ana, ma\u0161\u012bnu sertifik\u0101cija, CE iek\u0101rtas, apm\u0101c\u012bba, elektronisko produktu test\u0113\u0161ana, test\u0113\u0161ana 2014\/53\/ES, dronu sertifik\u0101cija, ISO 13485 sertifik\u0101ts, ISO 9001 sertifik\u0101ts, NC RfG","publisher":{"@id":"https:\/\/icr.you2.pl\/#\/schema\/person\/944799c9e2f4a94662e3fcb3b1544baf"},"potentialAction":[{"@type":"SearchAction","target":{"@type":"EntryPoint","urlTemplate":"https:\/\/icr.you2.pl\/?s={search_term_string}"},"query-input":{"@type":"PropertyValueSpecification","valueRequired":true,"valueName":"search_term_string"}}],"inLanguage":"lv-LV"},{"@type":["Person","Organization"],"@id":"https:\/\/icr.you2.pl\/#\/schema\/person\/944799c9e2f4a94662e3fcb3b1544baf","name":"administrators","image":{"@type":"ImageObject","inLanguage":"lv-LV","@id":"https:\/\/icr.you2.pl\/#\/schema\/person\/image\/","url":"https:\/\/icr.you2.pl\/wp-content\/uploads\/2019\/05\/cropped-logo-icr.32f04ad5-1-1.png","contentUrl":"https:\/\/icr.you2.pl\/wp-content\/uploads\/2019\/05\/cropped-logo-icr.32f04ad5-1-1.png","width":400,"height":148,"caption":"admin"},"logo":{"@id":"https:\/\/icr.you2.pl\/#\/schema\/person\/image\/"}}]}},"_links":{"self":[{"href":"https:\/\/icr.you2.pl\/lv\/wp-json\/wp\/v2\/pages\/2024","targetHints":{"allow":["GET"]}}],"collection":[{"href":"https:\/\/icr.you2.pl\/lv\/wp-json\/wp\/v2\/pages"}],"about":[{"href":"https:\/\/icr.you2.pl\/lv\/wp-json\/wp\/v2\/types\/page"}],"author":[{"embeddable":true,"href":"https:\/\/icr.you2.pl\/lv\/wp-json\/wp\/v2\/users\/1"}],"replies":[{"embeddable":true,"href":"https:\/\/icr.you2.pl\/lv\/wp-json\/wp\/v2\/comments?post=2024"}],"version-history":[{"count":0,"href":"https:\/\/icr.you2.pl\/lv\/wp-json\/wp\/v2\/pages\/2024\/revisions"}],"up":[{"embeddable":true,"href":"https:\/\/icr.you2.pl\/lv\/wp-json\/wp\/v2\/pages\/211"}],"wp:featuredmedia":[{"embeddable":true,"href":"https:\/\/icr.you2.pl\/lv\/wp-json\/"}],"wp:attachment":[{"href":"https:\/\/icr.you2.pl\/lv\/wp-json\/wp\/v2\/media?parent=2024"}],"curies":[{"name":"wp","href":"https:\/\/api.w.org\/{rel}","templated":true}]}}