{"id":2045,"date":"2019-05-28T11:15:21","date_gmt":"2019-05-28T11:15:21","guid":{"rendered":"http:\/\/icrpolska.e-ksperci.pl\/?page_id=2045"},"modified":"2022-09-07T23:31:08","modified_gmt":"2022-09-07T21:31:08","slug":"wyroby-medyczne","status":"publish","type":"page","link":"https:\/\/icr.you2.pl\/lv\/badania-wyrobow\/wyroby-medyczne\/","title":{"rendered":"Medic\u012bnisk\u0101s ier\u012bces"},"content":{"rendered":"<p><img fetchpriority=\"high\" decoding=\"async\" class=\"alignright wp-image-4112 size-medium\" src=\"http:\/\/icr.you2.pl\/wp-content\/uploads\/2020\/12\/Medical_devices-300x224.png\" alt=\"Medic\u012bnisk\u0101s ier\u012bces\" width=\"300\" height=\"224\" srcset=\"https:\/\/icr.you2.pl\/wp-content\/uploads\/2020\/12\/Medical_devices-300x224.png 300w, https:\/\/icr.you2.pl\/wp-content\/uploads\/2020\/12\/Medical_devices-1024x764.png 1024w, https:\/\/icr.you2.pl\/wp-content\/uploads\/2020\/12\/Medical_devices-768x573.png 768w, https:\/\/icr.you2.pl\/wp-content\/uploads\/2020\/12\/Medical_devices-1536x1145.png 1536w, https:\/\/icr.you2.pl\/wp-content\/uploads\/2020\/12\/Medical_devices-16x12.png 16w, https:\/\/icr.you2.pl\/wp-content\/uploads\/2020\/12\/Medical_devices.png 1683w\" sizes=\"(max-width: 300px) 100vw, 300px\" \/>M\u016bsu laboratorij\u0101 j\u016bs veiksiet dro\u0161\u012bbas un elektromagn\u0113tisk\u0101s savietojam\u012bbas testus \u0161\u0101d\u0101m medic\u012bnas iek\u0101rt\u0101m:<\/p>\n<ul>\n<li>EN 60601-2-10 Nervu un musku\u013cu stimulatori<\/li>\n<li>EN 60601-2-18 Endoskopijas iek\u0101rtas<\/li>\n<li>EN 60601-2-22 \u0136irur\u0123isk\u0101s, kosm\u0113tisk\u0101s un terapeitisk\u0101s l\u0101zera iek\u0101rtas<\/li>\n<li>EN 60601-2-25 Elektrokardiogr\u0101fi<\/li>\n<li>EN 60601-2-27 Elektrokardiogr\u0101fijas monitoringa ier\u012bces<\/li>\n<li>EN 60601-2-3 \u012aso vi\u013c\u0146u terapijas iek\u0101rtas<\/li>\n<li>EN 60601-2-37 Ultraska\u0146as diagnostikas un monitoringa ier\u012bces<\/li>\n<li>EN 60601-2-44 Rentgena iek\u0101rtas datortomogr\u0101fijai<\/li>\n<li>EN 60601-2-45 Mamogr\u0101fijas rentgena iek\u0101rtas un stereotaktisk\u0101s ier\u012bces<\/li>\n<li>EN 60601-2-47 Ambulator\u0101s elektrokardiogr\u0101fijas sist\u0113mas<\/li>\n<li>EN 60601-2-4 Sirds defibrilatori<\/li>\n<li>EN 60601-2-54 Rentgena iek\u0101rtas radiogr\u0101fijai un radioskopijai<\/li>\n<li>EN 60601-2-5 Ultraska\u0146as fizioterapijas ier\u012bces<\/li>\n<li>EN 60601-2-63 Zob\u0101rstniec\u012bbas rentgena iek\u0101rtas<\/li>\n<li>EN 60601-2-65 Intraor\u0101lie zobu rentgena apar\u0101ti<\/li>\n<li>EN 60601-2-6 Mikrovi\u013c\u0146u terapijas iek\u0101rtas<\/li>\n<li>EN IEC 60601-2-2 Augstfrekvences \u0137irur\u0123iskie instrumenti un iek\u0101rtas<\/li>\n<li>EN IEC 60601-2-28 Medic\u012bnisk\u0101s diagnostikas rentgena lampas<\/li>\n<li>EN IEC 80601-2-30 Autom\u0101tiskie neinvaz\u012bvie sfigmomanometri<\/li>\n<li>LV IEC 80601-2-49 Daudzfunkcion\u0101las pacientu monitoringa iek\u0101rtas<\/li>\n<li>EN IEC 80601-2-59 Termogr\u0101fi<\/li>\n<li>EN IEC 80601-2-60 Zob\u0101rstniec\u012bbas ier\u012bces<\/li>\n<li>EN ISO 80601-2-61 Pulsa oksimetra iek\u0101rtas medic\u012bnisk\u0101m vajadz\u012bb\u0101m<\/li>\n<\/ul>\n<p><img decoding=\"async\" class=\"wp-image-2684 alignleft\" src=\"http:\/\/icr.you2.pl\/wp-content\/uploads\/2019\/06\/IECEE_logo-300x137.jpg\" alt=\"\" width=\"101\" height=\"46\" srcset=\"https:\/\/icr.you2.pl\/wp-content\/uploads\/2019\/06\/IECEE_logo-300x137.jpg 300w, https:\/\/icr.you2.pl\/wp-content\/uploads\/2019\/06\/IECEE_logo.jpg 332w\" sizes=\"(max-width: 101px) 100vw, 101px\" \/>Testu zi\u0146ojumi tiek izsniegti saska\u0146\u0101 ar IECEE CB sh\u0113mu un ILAC akredit\u0101ciju. <img decoding=\"async\" class=\"wp-image-2917 alignnone\" src=\"http:\/\/icr.you2.pl\/wp-content\/uploads\/2019\/06\/ilac-mra.png\" alt=\"\" width=\"61\" height=\"62\" srcset=\"https:\/\/icr.you2.pl\/wp-content\/uploads\/2019\/06\/ilac-mra.png 223w, https:\/\/icr.you2.pl\/wp-content\/uploads\/2019\/06\/ilac-mra-150x150.png 150w\" sizes=\"(max-width: 61px) 100vw, 61px\" \/><\/p>","protected":false},"excerpt":{"rendered":"<p>M\u016bsu laboratorij\u0101 j\u016bs veiksiet dro\u0161\u012bbas un elektromagn\u0113tisk\u0101s savietojam\u012bbas test\u0113\u0161anu \u0161\u0101d\u0101m medic\u012bnas iek\u0101rt\u0101m: EN 60601-2-10 Nervu un musku\u013cu stimulatori EN 60601-2-18 Endoskopisk\u0101s ier\u012bces EN 60601-2-22 \u0136irur\u0123isk\u0101s, kosm\u0113tisk\u0101s, terapeitisk\u0101s l\u0101zerier\u012bces EN 60601-2-25 Elektrokardiogr\u0101fi EN 60601-2-27 Elektrokardiogr\u0101fijas monitoringa ier\u012bces EN 60601-2-3 \u012aso vi\u013c\u0146u terapijas ier\u012bces EN 60601-2-37 Ultraska\u0146as diagnostikas un monitoringa ier\u012bces EN 60601-2-44 Rentgena iek\u0101rtas....&nbsp;<a href=\"https:\/\/icr.you2.pl\/lv\/badania-wyrobow\/wyroby-medyczne\/\" rel=\"bookmark\">Las\u012bt vair\u0101k \"<span class=\"screen-reader-text\">Medic\u012bnisk\u0101s ier\u012bces<\/span><\/a><\/p>","protected":false},"author":1,"featured_media":1146,"parent":979,"menu_order":0,"comment_status":"closed","ping_status":"closed","template":"","meta":{"neve_meta_sidebar":"","neve_meta_container":"","neve_meta_enable_content_width":"off","neve_meta_content_width":70,"neve_meta_title_alignment":"","neve_meta_author_avatar":"","neve_post_elements_order":"","neve_meta_disable_header":"","neve_meta_disable_footer":"","neve_meta_disable_title":"","footnotes":""},"class_list":["post-2045","page","type-page","status-publish","has-post-thumbnail","hentry"],"yoast_head":"<!-- This site is optimized with the Yoast SEO plugin v26.8 - https:\/\/yoast.com\/product\/yoast-seo-wordpress\/ -->\n<title>Wyroby medyczne - ICR POLSKA - badania i certyfikacja<\/title>\n<meta name=\"robots\" content=\"index, follow, max-snippet:-1, max-image-preview:large, max-video-preview:-1\" \/>\n<link rel=\"canonical\" href=\"https:\/\/icr.you2.pl\/lv\/badania-wyrobow\/wyroby-medyczne\/\" \/>\n<meta property=\"og:locale\" content=\"lv_LV\" \/>\n<meta property=\"og:type\" content=\"article\" \/>\n<meta property=\"og:title\" content=\"Wyroby medyczne - ICR POLSKA - badania i certyfikacja\" \/>\n<meta property=\"og:description\" content=\"W naszym laboratorium przeprowadzisz badania bezpiecze\u0144stwa oraz kompatybilno\u015bci elektromagnetycznej m.in. nast\u0119puj\u0105cego sprz\u0119tu medycznego: EN 60601-2-10 Stymulatory nerw\u00f3w i mi\u0119\u015bni EN 60601-2-18 Urz\u0105dzenia endoskopowe EN 60601-2-22 Urz\u0105dzenia laserowe chirurgiczne, kosmetyczne, terapeutyczne EN 60601-2-25 Elektrokardiografy EN 60601-2-27 Elektrokardiograficzne urz\u0105dzenia monitoruj\u0105ce EN 60601-2-3 Urz\u0105dzenia do terapii kr\u00f3tkofalowej EN 60601-2-37 Ultrad\u017awi\u0119kowe urz\u0105dzenia diagnostyczne i monitoruj\u0105ce EN 60601-2-44 Urz\u0105dzenia rentgenowskie&hellip;&nbsp;Read More &raquo;Wyroby medyczne\" \/>\n<meta property=\"og:url\" content=\"https:\/\/icr.you2.pl\/lv\/badania-wyrobow\/wyroby-medyczne\/\" \/>\n<meta property=\"og:site_name\" content=\"ICR POLSKA - badania i certyfikacja\" \/>\n<meta property=\"article:modified_time\" content=\"2022-09-07T21:31:08+00:00\" \/>\n<meta name=\"twitter:card\" content=\"summary_large_image\" \/>\n<meta name=\"twitter:label1\" content=\"Est. reading time\" \/>\n\t<meta name=\"twitter:data1\" content=\"2 min\u016btes\" \/>\n<script type=\"application\/ld+json\" class=\"yoast-schema-graph\">{\"@context\":\"https:\/\/schema.org\",\"@graph\":[{\"@type\":\"WebPage\",\"@id\":\"https:\/\/icr.you2.pl\/badania-wyrobow\/wyroby-medyczne\/\",\"url\":\"https:\/\/icr.you2.pl\/badania-wyrobow\/wyroby-medyczne\/\",\"name\":\"Wyroby medyczne - ICR POLSKA - badania i certyfikacja\",\"isPartOf\":{\"@id\":\"https:\/\/icr.you2.pl\/#website\"},\"primaryImageOfPage\":{\"@id\":\"https:\/\/icr.you2.pl\/badania-wyrobow\/wyroby-medyczne\/#primaryimage\"},\"image\":{\"@id\":\"https:\/\/icr.you2.pl\/badania-wyrobow\/wyroby-medyczne\/#primaryimage\"},\"thumbnailUrl\":\"\",\"datePublished\":\"2019-05-28T11:15:21+00:00\",\"dateModified\":\"2022-09-07T21:31:08+00:00\",\"breadcrumb\":{\"@id\":\"https:\/\/icr.you2.pl\/badania-wyrobow\/wyroby-medyczne\/#breadcrumb\"},\"inLanguage\":\"lv-LV\",\"potentialAction\":[{\"@type\":\"ReadAction\",\"target\":[\"https:\/\/icr.you2.pl\/badania-wyrobow\/wyroby-medyczne\/\"]}]},{\"@type\":\"ImageObject\",\"inLanguage\":\"lv-LV\",\"@id\":\"https:\/\/icr.you2.pl\/badania-wyrobow\/wyroby-medyczne\/#primaryimage\",\"url\":\"\",\"contentUrl\":\"\"},{\"@type\":\"BreadcrumbList\",\"@id\":\"https:\/\/icr.you2.pl\/badania-wyrobow\/wyroby-medyczne\/#breadcrumb\",\"itemListElement\":[{\"@type\":\"ListItem\",\"position\":1,\"name\":\"Strona g\u0142\u00f3wna\",\"item\":\"https:\/\/icr.you2.pl\/\"},{\"@type\":\"ListItem\",\"position\":2,\"name\":\"Badania wyrob\u00f3w\",\"item\":\"https:\/\/icr.you2.pl\/badania-wyrobow\/\"},{\"@type\":\"ListItem\",\"position\":3,\"name\":\"Wyroby medyczne\"}]},{\"@type\":\"WebSite\",\"@id\":\"https:\/\/icr.you2.pl\/#website\",\"url\":\"https:\/\/icr.you2.pl\/\",\"name\":\"ICR POLSKA - badania i certyfikacja\",\"description\":\"CE certification, CE certificate, ISO certificate, RED testing, product testing and certification, electrical product testing, medical device testing, ATEX, IECEx, FCC, product certification, EMC testing, machinery certification, CE machines, training, electronic product testing, testing 2014\/53\/EU, drone certification, ISO 13485 certificate, ISO 9001 certificate, NC RfG\",\"publisher\":{\"@id\":\"https:\/\/icr.you2.pl\/#\/schema\/person\/944799c9e2f4a94662e3fcb3b1544baf\"},\"potentialAction\":[{\"@type\":\"SearchAction\",\"target\":{\"@type\":\"EntryPoint\",\"urlTemplate\":\"https:\/\/icr.you2.pl\/?s={search_term_string}\"},\"query-input\":{\"@type\":\"PropertyValueSpecification\",\"valueRequired\":true,\"valueName\":\"search_term_string\"}}],\"inLanguage\":\"lv-LV\"},{\"@type\":[\"Person\",\"Organization\"],\"@id\":\"https:\/\/icr.you2.pl\/#\/schema\/person\/944799c9e2f4a94662e3fcb3b1544baf\",\"name\":\"admin\",\"image\":{\"@type\":\"ImageObject\",\"inLanguage\":\"lv-LV\",\"@id\":\"https:\/\/icr.you2.pl\/#\/schema\/person\/image\/\",\"url\":\"https:\/\/icr.you2.pl\/wp-content\/uploads\/2019\/05\/cropped-logo-icr.32f04ad5-1-1.png\",\"contentUrl\":\"https:\/\/icr.you2.pl\/wp-content\/uploads\/2019\/05\/cropped-logo-icr.32f04ad5-1-1.png\",\"width\":400,\"height\":148,\"caption\":\"admin\"},\"logo\":{\"@id\":\"https:\/\/icr.you2.pl\/#\/schema\/person\/image\/\"}}]}<\/script>\n<!-- \/ Yoast SEO plugin. -->","yoast_head_json":{"title":"Medic\u012bnisk\u0101s ier\u012bces - ICR POLIJA - test\u0113\u0161ana un sertifik\u0101cija","robots":{"index":"index","follow":"follow","max-snippet":"max-snippet:-1","max-image-preview":"max-image-preview:large","max-video-preview":"max-video-preview:-1"},"canonical":"https:\/\/icr.you2.pl\/lv\/badania-wyrobow\/wyroby-medyczne\/","og_locale":"lv_LV","og_type":"article","og_title":"Wyroby medyczne - ICR POLSKA - badania i certyfikacja","og_description":"W naszym laboratorium przeprowadzisz badania bezpiecze\u0144stwa oraz kompatybilno\u015bci elektromagnetycznej m.in. nast\u0119puj\u0105cego sprz\u0119tu medycznego: EN 60601-2-10 Stymulatory nerw\u00f3w i mi\u0119\u015bni EN 60601-2-18 Urz\u0105dzenia endoskopowe EN 60601-2-22 Urz\u0105dzenia laserowe chirurgiczne, kosmetyczne, terapeutyczne EN 60601-2-25 Elektrokardiografy EN 60601-2-27 Elektrokardiograficzne urz\u0105dzenia monitoruj\u0105ce EN 60601-2-3 Urz\u0105dzenia do terapii kr\u00f3tkofalowej EN 60601-2-37 Ultrad\u017awi\u0119kowe urz\u0105dzenia diagnostyczne i monitoruj\u0105ce EN 60601-2-44 Urz\u0105dzenia rentgenowskie&hellip;&nbsp;Read More &raquo;Wyroby medyczne","og_url":"https:\/\/icr.you2.pl\/lv\/badania-wyrobow\/wyroby-medyczne\/","og_site_name":"ICR POLSKA - badania i certyfikacja","article_modified_time":"2022-09-07T21:31:08+00:00","twitter_card":"summary_large_image","twitter_misc":{"Est. reading time":"2 min\u016btes"},"schema":{"@context":"https:\/\/schema.org","@graph":[{"@type":"WebPage","@id":"https:\/\/icr.you2.pl\/badania-wyrobow\/wyroby-medyczne\/","url":"https:\/\/icr.you2.pl\/badania-wyrobow\/wyroby-medyczne\/","name":"Medic\u012bnisk\u0101s ier\u012bces - ICR POLIJA - test\u0113\u0161ana un sertifik\u0101cija","isPartOf":{"@id":"https:\/\/icr.you2.pl\/#website"},"primaryImageOfPage":{"@id":"https:\/\/icr.you2.pl\/badania-wyrobow\/wyroby-medyczne\/#primaryimage"},"image":{"@id":"https:\/\/icr.you2.pl\/badania-wyrobow\/wyroby-medyczne\/#primaryimage"},"thumbnailUrl":"","datePublished":"2019-05-28T11:15:21+00:00","dateModified":"2022-09-07T21:31:08+00:00","breadcrumb":{"@id":"https:\/\/icr.you2.pl\/badania-wyrobow\/wyroby-medyczne\/#breadcrumb"},"inLanguage":"lv-LV","potentialAction":[{"@type":"ReadAction","target":["https:\/\/icr.you2.pl\/badania-wyrobow\/wyroby-medyczne\/"]}]},{"@type":"ImageObject","inLanguage":"lv-LV","@id":"https:\/\/icr.you2.pl\/badania-wyrobow\/wyroby-medyczne\/#primaryimage","url":"","contentUrl":""},{"@type":"BreadcrumbList","@id":"https:\/\/icr.you2.pl\/badania-wyrobow\/wyroby-medyczne\/#breadcrumb","itemListElement":[{"@type":"ListItem","position":1,"name":"Strona g\u0142\u00f3wna","item":"https:\/\/icr.you2.pl\/"},{"@type":"ListItem","position":2,"name":"Badania wyrob\u00f3w","item":"https:\/\/icr.you2.pl\/badania-wyrobow\/"},{"@type":"ListItem","position":3,"name":"Wyroby medyczne"}]},{"@type":"WebSite","@id":"https:\/\/icr.you2.pl\/#website","url":"https:\/\/icr.you2.pl\/","name":"ICR POLIJA - test\u0113\u0161ana un sertifik\u0101cija","description":"CE sertifik\u0101cija, CE sertifik\u0101ts, ISO sertifik\u0101ts, RED test\u0113\u0161ana, produktu test\u0113\u0161ana un sertifik\u0101cija, elektrisko produktu test\u0113\u0161ana, medic\u012bnas ier\u012b\u010du test\u0113\u0161ana, ATEX, IECEx, FCC, produktu sertifik\u0101cija, EMC test\u0113\u0161ana, ma\u0161\u012bnu sertifik\u0101cija, CE iek\u0101rtas, apm\u0101c\u012bba, elektronisko produktu test\u0113\u0161ana, test\u0113\u0161ana 2014\/53\/ES, dronu sertifik\u0101cija, ISO 13485 sertifik\u0101ts, ISO 9001 sertifik\u0101ts, NC RfG","publisher":{"@id":"https:\/\/icr.you2.pl\/#\/schema\/person\/944799c9e2f4a94662e3fcb3b1544baf"},"potentialAction":[{"@type":"SearchAction","target":{"@type":"EntryPoint","urlTemplate":"https:\/\/icr.you2.pl\/?s={search_term_string}"},"query-input":{"@type":"PropertyValueSpecification","valueRequired":true,"valueName":"search_term_string"}}],"inLanguage":"lv-LV"},{"@type":["Person","Organization"],"@id":"https:\/\/icr.you2.pl\/#\/schema\/person\/944799c9e2f4a94662e3fcb3b1544baf","name":"administrators","image":{"@type":"ImageObject","inLanguage":"lv-LV","@id":"https:\/\/icr.you2.pl\/#\/schema\/person\/image\/","url":"https:\/\/icr.you2.pl\/wp-content\/uploads\/2019\/05\/cropped-logo-icr.32f04ad5-1-1.png","contentUrl":"https:\/\/icr.you2.pl\/wp-content\/uploads\/2019\/05\/cropped-logo-icr.32f04ad5-1-1.png","width":400,"height":148,"caption":"admin"},"logo":{"@id":"https:\/\/icr.you2.pl\/#\/schema\/person\/image\/"}}]}},"_links":{"self":[{"href":"https:\/\/icr.you2.pl\/lv\/wp-json\/wp\/v2\/pages\/2045","targetHints":{"allow":["GET"]}}],"collection":[{"href":"https:\/\/icr.you2.pl\/lv\/wp-json\/wp\/v2\/pages"}],"about":[{"href":"https:\/\/icr.you2.pl\/lv\/wp-json\/wp\/v2\/types\/page"}],"author":[{"embeddable":true,"href":"https:\/\/icr.you2.pl\/lv\/wp-json\/wp\/v2\/users\/1"}],"replies":[{"embeddable":true,"href":"https:\/\/icr.you2.pl\/lv\/wp-json\/wp\/v2\/comments?post=2045"}],"version-history":[{"count":0,"href":"https:\/\/icr.you2.pl\/lv\/wp-json\/wp\/v2\/pages\/2045\/revisions"}],"up":[{"embeddable":true,"href":"https:\/\/icr.you2.pl\/lv\/wp-json\/wp\/v2\/pages\/979"}],"wp:featuredmedia":[{"embeddable":true,"href":"https:\/\/icr.you2.pl\/lv\/wp-json\/"}],"wp:attachment":[{"href":"https:\/\/icr.you2.pl\/lv\/wp-json\/wp\/v2\/media?parent=2045"}],"curies":[{"name":"wp","href":"https:\/\/api.w.org\/{rel}","templated":true}]}}