{"id":2051,"date":"2019-05-28T11:18:42","date_gmt":"2019-05-28T11:18:42","guid":{"rendered":"http:\/\/icrpolska.e-ksperci.pl\/?page_id=2051"},"modified":"2024-12-10T14:26:51","modified_gmt":"2024-12-10T13:26:51","slug":"wyroby-ex","status":"publish","type":"page","link":"https:\/\/icr.you2.pl\/lv\/badania-wyrobow\/wyroby-ex\/","title":{"rendered":"Ex produkti"},"content":{"rendered":"<p><span style=\"font-weight: 400;\"><img fetchpriority=\"high\" decoding=\"async\" class=\"alignleft wp-image-4035 size-medium\" src=\"http:\/\/icr.you2.pl\/wp-content\/uploads\/2020\/11\/Building-4-300x225.jpg\" alt=\"Ex produkti\" width=\"300\" height=\"225\" srcset=\"https:\/\/icr.you2.pl\/wp-content\/uploads\/2020\/11\/Building-4-300x225.jpg 300w, https:\/\/icr.you2.pl\/wp-content\/uploads\/2020\/11\/Building-4-1024x768.jpg 1024w, https:\/\/icr.you2.pl\/wp-content\/uploads\/2020\/11\/Building-4-768x576.jpg 768w, https:\/\/icr.you2.pl\/wp-content\/uploads\/2020\/11\/Building-4-1536x1152.jpg 1536w, https:\/\/icr.you2.pl\/wp-content\/uploads\/2020\/11\/Building-4-2048x1536.jpg 2048w, https:\/\/icr.you2.pl\/wp-content\/uploads\/2020\/11\/Building-4-16x12.jpg 16w\" sizes=\"(max-width: 300px) 100vw, 300px\" \/><\/span><span style=\"font-weight: 400;\">M\u0113s veicam testus, kas apliecina atbilst\u012bbu ATEX direkt\u012bvas pras\u012bb\u0101m un Eiropas EN un starptautisko IEC\/ISO standartu pras\u012bb\u0101m attiec\u012bb\u0101 uz elektriskajiem un neelektriskajiem izstr\u0101d\u0101jumiem un aizsardz\u012bbas sist\u0113m\u0101m, kas paredz\u0113tas lieto\u0161anai spr\u0101dzienb\u012bstam\u0101 vid\u0113, un kas tiek veikti m\u016bsu akredit\u0113t\u0101 laboratorij\u0101. M\u016bsu laboratorija ir ar\u012b atz\u012bta laboratorija, kas darbojas pasaules IECEx sist\u0113m\u0101.\u00a0<\/span><\/p>\n<p><span style=\"font-weight: 400;\"><span style=\"color: #ff0000;\">\u21d0<\/span> <span style=\"color: #999999;\"><em>ICR - Ex testa laboratorijas \u0113ka<\/em><\/span><\/span><\/p>\n<p><a href=\"http:\/\/icr.you2.pl\/wp-content\/uploads\/2020\/11\/Explosive-test-chamber-scaled.jpg\" target=\"_blank\" rel=\"noopener noreferrer\"><span style=\"font-weight: 400;\"><img decoding=\"async\" class=\"alignright wp-image-4037 size-medium\" src=\"http:\/\/icr.you2.pl\/wp-content\/uploads\/2020\/11\/Explosive-test-chamber-300x225.jpg\" alt=\"Ex produkti\" width=\"300\" height=\"225\" srcset=\"https:\/\/icr.you2.pl\/wp-content\/uploads\/2020\/11\/Explosive-test-chamber-300x225.jpg 300w, https:\/\/icr.you2.pl\/wp-content\/uploads\/2020\/11\/Explosive-test-chamber-1024x768.jpg 1024w, https:\/\/icr.you2.pl\/wp-content\/uploads\/2020\/11\/Explosive-test-chamber-768x576.jpg 768w, https:\/\/icr.you2.pl\/wp-content\/uploads\/2020\/11\/Explosive-test-chamber-1536x1152.jpg 1536w, https:\/\/icr.you2.pl\/wp-content\/uploads\/2020\/11\/Explosive-test-chamber-2048x1536.jpg 2048w, https:\/\/icr.you2.pl\/wp-content\/uploads\/2020\/11\/Explosive-test-chamber-16x12.jpg 16w\" sizes=\"(max-width: 300px) 100vw, 300px\" \/><\/span><\/a><\/p>\n<p>&nbsp;<\/p>\n<p>&nbsp;<\/p>\n<p>&nbsp;<\/p>\n<p><span style=\"font-weight: 400;\">M\u016bsu darb\u012bbas joma attiecas uz visu grupu un kategoriju izstr\u0101d\u0101jumiem, kas paredz\u0113ti lieto\u0161anai potenci\u0101li spr\u0101dzienb\u012bstam\u0101 g\u0101zes, putek\u013cu vai jaukt\u0101 vid\u0113.<\/span><\/p>\n<p style=\"text-align: right;\"><span style=\"font-weight: 400;\"><span style=\"color: #999999;\"><em>Spr\u0101gstvielu testa kamera<\/em><\/span> <span style=\"color: #ff0000;\">\u21d2<\/span><\/span><\/p>\n<p>&nbsp;<\/p>","protected":false},"excerpt":{"rendered":"<p>M\u0113s veicam testus, kas apliecina atbilst\u012bbu ATEX direkt\u012bvas pras\u012bb\u0101m un Eiropas EN un starptautisko IEC\/ISO standartu pras\u012bb\u0101m attiec\u012bb\u0101 uz elektriskajiem un neelektriskajiem izstr\u0101d\u0101jumiem un aizsardz\u012bbas sist\u0113m\u0101m, kas paredz\u0113tas lieto\u0161anai spr\u0101dzienb\u012bstam\u0101 vid\u0113, un kas tiek veikti m\u016bsu akredit\u0113t\u0101 laboratorij\u0101. M\u016bsu laboratorija ir ar\u012b atz\u012bta laboratorija saska\u0146\u0101 ar pasaules IECEx sist\u0113mu.  \u21d0 ICR - Ex testa laboratorijas \u0113ka ...&nbsp;<a href=\"https:\/\/icr.you2.pl\/lv\/badania-wyrobow\/wyroby-ex\/\" rel=\"bookmark\">Las\u012bt vair\u0101k \"<span class=\"screen-reader-text\">Ex produkti<\/span><\/a><\/p>","protected":false},"author":1,"featured_media":1785,"parent":979,"menu_order":0,"comment_status":"closed","ping_status":"closed","template":"","meta":{"neve_meta_sidebar":"","neve_meta_container":"","neve_meta_enable_content_width":"off","neve_meta_content_width":70,"neve_meta_title_alignment":"","neve_meta_author_avatar":"","neve_post_elements_order":"","neve_meta_disable_header":"","neve_meta_disable_footer":"","neve_meta_disable_title":"","footnotes":""},"class_list":["post-2051","page","type-page","status-publish","has-post-thumbnail","hentry"],"yoast_head":"<!-- This site is optimized with the Yoast SEO plugin v26.8 - https:\/\/yoast.com\/product\/yoast-seo-wordpress\/ -->\n<title>Wyroby Ex - ICR POLSKA - badania i certyfikacja<\/title>\n<meta name=\"robots\" content=\"index, follow, max-snippet:-1, max-image-preview:large, max-video-preview:-1\" \/>\n<link rel=\"canonical\" href=\"https:\/\/icr.you2.pl\/lv\/badania-wyrobow\/wyroby-ex\/\" \/>\n<meta property=\"og:locale\" content=\"lv_LV\" \/>\n<meta property=\"og:type\" content=\"article\" \/>\n<meta property=\"og:title\" content=\"Wyroby Ex - ICR POLSKA - badania i certyfikacja\" \/>\n<meta property=\"og:description\" content=\"Wykonujemy badania potwierdzaj\u0105ce zgodno\u015b\u0107 z wymaganiami dyrektywy ATEX oraz wymaganiami norm europejskich EN i mi\u0119dzynarodowych IEC\/ISO wyrob\u00f3w elektrycznych i nieelektrycznych oraz system\u00f3w ochronnych przeznaczonych do pracy w atmosferach potencjalnie wybuchowych wykonywane w naszym akredytowanym laboratorium. Nasze laboratorium jest te\u017c uznanym laboratorium dzia\u0142aj\u0105cym w \u015bwiatowym systemie IECEx.\u00a0 \u21d0 ICR &#8211; budynek laboratorium bada\u0144 Ex &nbsp; &nbsp;&hellip;&nbsp;Read More &raquo;Wyroby Ex\" \/>\n<meta property=\"og:url\" content=\"https:\/\/icr.you2.pl\/lv\/badania-wyrobow\/wyroby-ex\/\" \/>\n<meta property=\"og:site_name\" content=\"ICR POLSKA - badania i certyfikacja\" \/>\n<meta property=\"article:modified_time\" content=\"2024-12-10T13:26:51+00:00\" \/>\n<meta name=\"twitter:card\" content=\"summary_large_image\" \/>\n<meta name=\"twitter:label1\" content=\"Est. reading time\" \/>\n\t<meta name=\"twitter:data1\" content=\"1 min\u016bte\" \/>\n<script type=\"application\/ld+json\" class=\"yoast-schema-graph\">{\"@context\":\"https:\/\/schema.org\",\"@graph\":[{\"@type\":\"WebPage\",\"@id\":\"https:\/\/icr.you2.pl\/badania-wyrobow\/wyroby-ex\/\",\"url\":\"https:\/\/icr.you2.pl\/badania-wyrobow\/wyroby-ex\/\",\"name\":\"Wyroby Ex - ICR POLSKA - badania i certyfikacja\",\"isPartOf\":{\"@id\":\"https:\/\/icr.you2.pl\/#website\"},\"primaryImageOfPage\":{\"@id\":\"https:\/\/icr.you2.pl\/badania-wyrobow\/wyroby-ex\/#primaryimage\"},\"image\":{\"@id\":\"https:\/\/icr.you2.pl\/badania-wyrobow\/wyroby-ex\/#primaryimage\"},\"thumbnailUrl\":\"\",\"datePublished\":\"2019-05-28T11:18:42+00:00\",\"dateModified\":\"2024-12-10T13:26:51+00:00\",\"breadcrumb\":{\"@id\":\"https:\/\/icr.you2.pl\/badania-wyrobow\/wyroby-ex\/#breadcrumb\"},\"inLanguage\":\"lv-LV\",\"potentialAction\":[{\"@type\":\"ReadAction\",\"target\":[\"https:\/\/icr.you2.pl\/badania-wyrobow\/wyroby-ex\/\"]}]},{\"@type\":\"ImageObject\",\"inLanguage\":\"lv-LV\",\"@id\":\"https:\/\/icr.you2.pl\/badania-wyrobow\/wyroby-ex\/#primaryimage\",\"url\":\"\",\"contentUrl\":\"\"},{\"@type\":\"BreadcrumbList\",\"@id\":\"https:\/\/icr.you2.pl\/badania-wyrobow\/wyroby-ex\/#breadcrumb\",\"itemListElement\":[{\"@type\":\"ListItem\",\"position\":1,\"name\":\"Strona g\u0142\u00f3wna\",\"item\":\"https:\/\/icr.you2.pl\/\"},{\"@type\":\"ListItem\",\"position\":2,\"name\":\"Badania wyrob\u00f3w\",\"item\":\"https:\/\/icr.you2.pl\/badania-wyrobow\/\"},{\"@type\":\"ListItem\",\"position\":3,\"name\":\"Wyroby Ex\"}]},{\"@type\":\"WebSite\",\"@id\":\"https:\/\/icr.you2.pl\/#website\",\"url\":\"https:\/\/icr.you2.pl\/\",\"name\":\"ICR POLSKA - badania i certyfikacja\",\"description\":\"CE certification, CE certificate, ISO certificate, RED testing, product testing and certification, electrical product testing, medical device testing, ATEX, IECEx, FCC, product certification, EMC testing, machinery certification, CE machines, training, electronic product testing, testing 2014\/53\/EU, drone certification, ISO 13485 certificate, ISO 9001 certificate, NC RfG\",\"publisher\":{\"@id\":\"https:\/\/icr.you2.pl\/#\/schema\/person\/944799c9e2f4a94662e3fcb3b1544baf\"},\"potentialAction\":[{\"@type\":\"SearchAction\",\"target\":{\"@type\":\"EntryPoint\",\"urlTemplate\":\"https:\/\/icr.you2.pl\/?s={search_term_string}\"},\"query-input\":{\"@type\":\"PropertyValueSpecification\",\"valueRequired\":true,\"valueName\":\"search_term_string\"}}],\"inLanguage\":\"lv-LV\"},{\"@type\":[\"Person\",\"Organization\"],\"@id\":\"https:\/\/icr.you2.pl\/#\/schema\/person\/944799c9e2f4a94662e3fcb3b1544baf\",\"name\":\"admin\",\"image\":{\"@type\":\"ImageObject\",\"inLanguage\":\"lv-LV\",\"@id\":\"https:\/\/icr.you2.pl\/#\/schema\/person\/image\/\",\"url\":\"https:\/\/icr.you2.pl\/wp-content\/uploads\/2019\/05\/cropped-logo-icr.32f04ad5-1-1.png\",\"contentUrl\":\"https:\/\/icr.you2.pl\/wp-content\/uploads\/2019\/05\/cropped-logo-icr.32f04ad5-1-1.png\",\"width\":400,\"height\":148,\"caption\":\"admin\"},\"logo\":{\"@id\":\"https:\/\/icr.you2.pl\/#\/schema\/person\/image\/\"}}]}<\/script>\n<!-- \/ Yoast SEO plugin. -->","yoast_head_json":{"title":"Ex produkti - ICR POLIJA - test\u0113\u0161ana un sertifik\u0101cija","robots":{"index":"index","follow":"follow","max-snippet":"max-snippet:-1","max-image-preview":"max-image-preview:large","max-video-preview":"max-video-preview:-1"},"canonical":"https:\/\/icr.you2.pl\/lv\/badania-wyrobow\/wyroby-ex\/","og_locale":"lv_LV","og_type":"article","og_title":"Wyroby Ex - ICR POLSKA - badania i certyfikacja","og_description":"Wykonujemy badania potwierdzaj\u0105ce zgodno\u015b\u0107 z wymaganiami dyrektywy ATEX oraz wymaganiami norm europejskich EN i mi\u0119dzynarodowych IEC\/ISO wyrob\u00f3w elektrycznych i nieelektrycznych oraz system\u00f3w ochronnych przeznaczonych do pracy w atmosferach potencjalnie wybuchowych wykonywane w naszym akredytowanym laboratorium. Nasze laboratorium jest te\u017c uznanym laboratorium dzia\u0142aj\u0105cym w \u015bwiatowym systemie IECEx.\u00a0 \u21d0 ICR &#8211; budynek laboratorium bada\u0144 Ex &nbsp; &nbsp;&hellip;&nbsp;Read More &raquo;Wyroby Ex","og_url":"https:\/\/icr.you2.pl\/lv\/badania-wyrobow\/wyroby-ex\/","og_site_name":"ICR POLSKA - badania i certyfikacja","article_modified_time":"2024-12-10T13:26:51+00:00","twitter_card":"summary_large_image","twitter_misc":{"Est. reading time":"1 min\u016bte"},"schema":{"@context":"https:\/\/schema.org","@graph":[{"@type":"WebPage","@id":"https:\/\/icr.you2.pl\/badania-wyrobow\/wyroby-ex\/","url":"https:\/\/icr.you2.pl\/badania-wyrobow\/wyroby-ex\/","name":"Ex produkti - ICR POLIJA - test\u0113\u0161ana un sertifik\u0101cija","isPartOf":{"@id":"https:\/\/icr.you2.pl\/#website"},"primaryImageOfPage":{"@id":"https:\/\/icr.you2.pl\/badania-wyrobow\/wyroby-ex\/#primaryimage"},"image":{"@id":"https:\/\/icr.you2.pl\/badania-wyrobow\/wyroby-ex\/#primaryimage"},"thumbnailUrl":"","datePublished":"2019-05-28T11:18:42+00:00","dateModified":"2024-12-10T13:26:51+00:00","breadcrumb":{"@id":"https:\/\/icr.you2.pl\/badania-wyrobow\/wyroby-ex\/#breadcrumb"},"inLanguage":"lv-LV","potentialAction":[{"@type":"ReadAction","target":["https:\/\/icr.you2.pl\/badania-wyrobow\/wyroby-ex\/"]}]},{"@type":"ImageObject","inLanguage":"lv-LV","@id":"https:\/\/icr.you2.pl\/badania-wyrobow\/wyroby-ex\/#primaryimage","url":"","contentUrl":""},{"@type":"BreadcrumbList","@id":"https:\/\/icr.you2.pl\/badania-wyrobow\/wyroby-ex\/#breadcrumb","itemListElement":[{"@type":"ListItem","position":1,"name":"Strona g\u0142\u00f3wna","item":"https:\/\/icr.you2.pl\/"},{"@type":"ListItem","position":2,"name":"Badania wyrob\u00f3w","item":"https:\/\/icr.you2.pl\/badania-wyrobow\/"},{"@type":"ListItem","position":3,"name":"Wyroby Ex"}]},{"@type":"WebSite","@id":"https:\/\/icr.you2.pl\/#website","url":"https:\/\/icr.you2.pl\/","name":"ICR POLIJA - test\u0113\u0161ana un sertifik\u0101cija","description":"CE sertifik\u0101cija, CE sertifik\u0101ts, ISO sertifik\u0101ts, RED test\u0113\u0161ana, produktu test\u0113\u0161ana un sertifik\u0101cija, elektrisko produktu test\u0113\u0161ana, medic\u012bnas ier\u012b\u010du test\u0113\u0161ana, ATEX, IECEx, FCC, produktu sertifik\u0101cija, EMC test\u0113\u0161ana, ma\u0161\u012bnu sertifik\u0101cija, CE iek\u0101rtas, apm\u0101c\u012bba, elektronisko produktu test\u0113\u0161ana, test\u0113\u0161ana 2014\/53\/ES, dronu sertifik\u0101cija, ISO 13485 sertifik\u0101ts, ISO 9001 sertifik\u0101ts, NC RfG","publisher":{"@id":"https:\/\/icr.you2.pl\/#\/schema\/person\/944799c9e2f4a94662e3fcb3b1544baf"},"potentialAction":[{"@type":"SearchAction","target":{"@type":"EntryPoint","urlTemplate":"https:\/\/icr.you2.pl\/?s={search_term_string}"},"query-input":{"@type":"PropertyValueSpecification","valueRequired":true,"valueName":"search_term_string"}}],"inLanguage":"lv-LV"},{"@type":["Person","Organization"],"@id":"https:\/\/icr.you2.pl\/#\/schema\/person\/944799c9e2f4a94662e3fcb3b1544baf","name":"administrators","image":{"@type":"ImageObject","inLanguage":"lv-LV","@id":"https:\/\/icr.you2.pl\/#\/schema\/person\/image\/","url":"https:\/\/icr.you2.pl\/wp-content\/uploads\/2019\/05\/cropped-logo-icr.32f04ad5-1-1.png","contentUrl":"https:\/\/icr.you2.pl\/wp-content\/uploads\/2019\/05\/cropped-logo-icr.32f04ad5-1-1.png","width":400,"height":148,"caption":"admin"},"logo":{"@id":"https:\/\/icr.you2.pl\/#\/schema\/person\/image\/"}}]}},"_links":{"self":[{"href":"https:\/\/icr.you2.pl\/lv\/wp-json\/wp\/v2\/pages\/2051","targetHints":{"allow":["GET"]}}],"collection":[{"href":"https:\/\/icr.you2.pl\/lv\/wp-json\/wp\/v2\/pages"}],"about":[{"href":"https:\/\/icr.you2.pl\/lv\/wp-json\/wp\/v2\/types\/page"}],"author":[{"embeddable":true,"href":"https:\/\/icr.you2.pl\/lv\/wp-json\/wp\/v2\/users\/1"}],"replies":[{"embeddable":true,"href":"https:\/\/icr.you2.pl\/lv\/wp-json\/wp\/v2\/comments?post=2051"}],"version-history":[{"count":0,"href":"https:\/\/icr.you2.pl\/lv\/wp-json\/wp\/v2\/pages\/2051\/revisions"}],"up":[{"embeddable":true,"href":"https:\/\/icr.you2.pl\/lv\/wp-json\/wp\/v2\/pages\/979"}],"wp:featuredmedia":[{"embeddable":true,"href":"https:\/\/icr.you2.pl\/lv\/wp-json\/"}],"wp:attachment":[{"href":"https:\/\/icr.you2.pl\/lv\/wp-json\/wp\/v2\/media?parent=2051"}],"curies":[{"name":"wp","href":"https:\/\/api.w.org\/{rel}","templated":true}]}}