{"id":2430,"date":"2019-06-03T12:35:35","date_gmt":"2019-06-03T10:35:35","guid":{"rendered":"http:\/\/nowa.icrpolska.com\/?page_id=2430"},"modified":"2024-12-10T14:51:36","modified_gmt":"2024-12-10T13:51:36","slug":"iecex","status":"publish","type":"page","link":"https:\/\/icr.you2.pl\/lv\/iecex\/","title":{"rendered":"IECEx"},"content":{"rendered":"<div data-elementor-type=\"wp-page\" data-elementor-id=\"2430\" class=\"elementor elementor-2430\">\n\t\t\t\t\t\t<section class=\"elementor-section elementor-top-section elementor-element elementor-element-3b021474 elementor-section-boxed elementor-section-height-default elementor-section-height-default\" data-id=\"3b021474\" data-element_type=\"section\" data-e-type=\"section\">\n\t\t\t\t\t\t<div class=\"elementor-container elementor-column-gap-default\">\n\t\t\t\t\t<div class=\"elementor-column elementor-col-100 elementor-top-column elementor-element elementor-element-3647aceb\" data-id=\"3647aceb\" data-element_type=\"column\" data-e-type=\"column\">\n\t\t\t<div class=\"elementor-widget-wrap elementor-element-populated\">\n\t\t\t\t\t\t<div class=\"elementor-element elementor-element-35547234 elementor-widget elementor-widget-text-editor\" data-id=\"35547234\" data-element_type=\"widget\" data-e-type=\"widget\" data-widget_type=\"text-editor.default\">\n\t\t\t\t<div class=\"elementor-widget-container\">\n\t\t\t\t\t\t\t\t\t<p><img decoding=\"async\" class=\"wp-image-2883 alignleft\" src=\"http:\/\/icr.you2.pl\/wp-content\/uploads\/2024\/12\/IECEx.png\" alt=\"\" width=\"142\" height=\"119\" \/><\/p><p>\u00a0<\/p><p>Vispasaules IECEx sist\u0113ma tika izveidota, lai atvieglotu starptautisko tirdzniec\u012bbu ar iek\u0101rt\u0101m un pakalpojumiem, kas paredz\u0113ti lieto\u0161anai spr\u0101dzienb\u012bstam\u0101 vid\u0113 (Ex iek\u0101rtas\/produkti), vienlaikus saglab\u0101jot nepiecie\u0161amo dro\u0161\u012bbas l\u012bmeni. Sist\u0113ma cita starp\u0101 nodro\u0161ina:<\/p><p>\u00a0<\/p><ul><li>samazin\u0101tas ra\u017eot\u0101ja test\u0113\u0161anas un sertific\u0113\u0161anas izmaksas;<\/li><li>sa\u012bsin\u0101t laiku l\u012bdz lai\u0161anai tirg\u016b;<\/li><li>vienotu, publiski pieejamu starptautisku Ex produktu datub\u0101zi;<\/li><li>vienotus krit\u0113rijus ra\u017eojumu nov\u0113rt\u0113\u0161anai un verifik\u0101cijai neatkar\u012bgi no to ra\u017eo\u0161anas un lieto\u0161anas vietas.<\/li><\/ul><p class=\"translation-block\">Lai ieg\u016btu vair\u0101k inform\u0101cijas par IECEx organiz\u0101cijas darb\u012bbu, l\u016bdzu, apmekl\u0113jiet <a href=\"https:\/\/www.iecex.com\/\" target=\"_self\" rel=\"noopener noreferrer\">https:\/\/www.iecex.com\/<\/a>.<\/p><p>Ex iek\u0101rtas ir paredz\u0113tas darbam spr\u0101dzienb\u012bstam\u0101 vid\u0113, t. i., viet\u0101s\/zon\u0101s, kur uzliesmojo\u0161i \u0161\u0137idrumi, tvaiki, g\u0101zes vai putek\u013ci var atrasties pietiekam\u0101 daudzum\u0101, lai izrais\u012btu ugunsgr\u0113ku vai eksploziju.<\/p><p>M\u016bsdien\u0101s \u0161\u0101das zonas ir sastopamas daudzu r\u016bpniec\u012bbas nozaru ra\u017eotn\u0113s, k\u0101 ar\u012b, piem\u0113ram, pakalpojumu vai uzglab\u0101\u0161anas telp\u0101s:<\/p><ul><li>kalnr\u016bpniec\u012bbas un og\u013cu p\u0101rvades un uzglab\u0101\u0161anas iek\u0101rtas<\/li><li>automobi\u013cu vai gaisa ku\u0123u degvielas uzpildes stacijas, degvielas uzpildes stacijas.<\/li><li>naftas p\u0101rstr\u0101des r\u016bpn\u012bcas, naftas platformas un p\u0101rstr\u0101des uz\u0146\u0113mumi.<\/li><li>\u0137\u012bmisk\u0101s p\u0101rstr\u0101des r\u016bpn\u012bcas<\/li><li>farmaceitisk\u0101s r\u016bpn\u012bcas<\/li><li>poligr\u0101fijas r\u016bpniec\u012bba, pap\u012bra un tekstila ra\u017eo\u0161ana<\/li><li>slimn\u012bcu oper\u0101ciju z\u0101les<\/li><li>lako\u0161anas un kr\u0101so\u0161anas darbn\u012bcas<\/li><li>biomasas p\u0101rstr\u0101des iek\u0101rtas<\/li><li>notek\u016bde\u0146u att\u012br\u012b\u0161anas iek\u0101rtas<\/li><li>g\u0101zes cauru\u013cvadi un sadales centri<\/li><li>graudu p\u0101rstr\u0101des un uzglab\u0101\u0161anas iek\u0101rtas<\/li><li>kokapstr\u0101des iek\u0101rtas<\/li><li>cukura rafin\u0113\u0161anas r\u016bpn\u012bcas<\/li><li>met\u0101lapstr\u0101des darbn\u012bcas, jo \u012bpa\u0161i alum\u012bnija<\/li><\/ul><p>ICR Poland nodro\u0161ina test\u0113\u0161anu, ra\u017eo\u0161anas sist\u0113mu nov\u0113rt\u0113\u0161anu un izstr\u0101d\u0101jumu sertifik\u0101ciju spr\u0101dzienb\u012bstam\u0101s vid\u0113s ar pasaules m\u0113roga p\u0101rkl\u0101jumu saska\u0146\u0101 ar IECEx sist\u0113mu.<\/p><p>M\u0113s varam veikt ra\u017eo\u0161anas sist\u0113mas test\u0113\u0161anu un nov\u0113rt\u0113\u0161anu paral\u0113li darb\u012bb\u0101m saska\u0146\u0101 ar Eiropas ATEX direkt\u012bvu.<\/p><p>M\u0113s pied\u0101v\u0101jam pla\u0161u testu kl\u0101stu, kas aptver liel\u0101ko da\u013cu spr\u0101dziendro\u0161\u012bbas meto\u017eu, ko izmanto elektriskaj\u0101m un neelektriskaj\u0101m iek\u0101rt\u0101m.<\/p>\t\t\t\t\t\t\t\t<\/div>\n\t\t\t\t<\/div>\n\t\t\t\t\t<\/div>\n\t\t<\/div>\n\t\t\t\t\t<\/div>\n\t\t<\/section>\n\t\t\t\t<\/div>","protected":false},"excerpt":{"rendered":"<p>\u00a0 Vispasaules IECEx sist\u0113ma tika izveidota, lai atvieglotu starptautisko tirdzniec\u012bbu ar iek\u0101rt\u0101m un pakalpojumiem, kas paredz\u0113ti lieto\u0161anai spr\u0101dzienb\u012bstam\u0101 vid\u0113 (Ex iek\u0101rtas\/produkti), vienlaikus saglab\u0101jot nepiecie\u0161amo dro\u0161\u012bbas l\u012bmeni. Sist\u0113ma cita starp\u0101 nodro\u0161ina: samazin\u0101tas test\u0113\u0161anas un sertifik\u0101cijas izmaksas ra\u017eot\u0101jam; sa\u012bsin\u0101ts laiks, kas nepiecie\u0161ams, lai laistu ra\u017eojumus tirg\u016b; vienota, br\u012bvi pieejama starptautiska Ex ra\u017eojumu datub\u0101ze; vienoti nov\u0113rt\u0113\u0161anas krit\u0113riji un...&nbsp;<a href=\"https:\/\/icr.you2.pl\/lv\/iecex\/\" rel=\"bookmark\">Las\u012bt vair\u0101k \"<span class=\"screen-reader-text\">IECEx<\/span><\/a><\/p>","protected":false},"author":1,"featured_media":0,"parent":0,"menu_order":0,"comment_status":"closed","ping_status":"closed","template":"","meta":{"neve_meta_sidebar":"","neve_meta_container":"","neve_meta_enable_content_width":"off","neve_meta_content_width":70,"neve_meta_title_alignment":"","neve_meta_author_avatar":"","neve_post_elements_order":"","neve_meta_disable_header":"","neve_meta_disable_footer":"","neve_meta_disable_title":"","footnotes":""},"class_list":["post-2430","page","type-page","status-publish","hentry"],"yoast_head":"<!-- This site is optimized with the Yoast SEO plugin v26.8 - https:\/\/yoast.com\/product\/yoast-seo-wordpress\/ -->\n<title>IECEx - ICR POLSKA - badania i certyfikacja<\/title>\n<meta name=\"robots\" content=\"index, follow, max-snippet:-1, max-image-preview:large, max-video-preview:-1\" \/>\n<link rel=\"canonical\" href=\"https:\/\/icr.you2.pl\/lv\/iecex\/\" \/>\n<meta property=\"og:locale\" content=\"lv_LV\" \/>\n<meta property=\"og:type\" content=\"article\" \/>\n<meta property=\"og:title\" content=\"IECEx - ICR POLSKA - badania i certyfikacja\" \/>\n<meta property=\"og:description\" content=\"\u00a0 Og\u00f3lno\u015bwiatowy system IECEx powsta\u0142 w celu u\u0142atwienie mi\u0119dzynarodowego handlu sprz\u0119tem i us\u0142ugami do u\u017cytku w atmosferach wybuchowych (urz\u0105dzenia\/wyroby Ex), przy zachowaniu wymaganego poziomu bezpiecze\u0144stwa. System ten zapewnia m.in.: \u00a0 ograniczenie koszt\u00f3w bada\u0144 i certyfikacji dla producenta; skr\u00f3cenie czasu procesu wprowadzania wyrobu na rynek; jedn\u0105, og\u00f3lnodost\u0119pn\u0105 mi\u0119dzynarodow\u0105 baz\u0119 danych wyrob\u00f3w Ex; jednolite kryteria oceny i&hellip;&nbsp;Read More &raquo;IECEx\" \/>\n<meta property=\"og:url\" content=\"https:\/\/icr.you2.pl\/lv\/iecex\/\" \/>\n<meta property=\"og:site_name\" content=\"ICR POLSKA - badania i certyfikacja\" \/>\n<meta property=\"article:modified_time\" content=\"2024-12-10T13:51:36+00:00\" \/>\n<meta property=\"og:image\" content=\"http:\/\/icr.you2.pl\/wp-content\/uploads\/2024\/12\/IECEx.png\" \/>\n<meta name=\"twitter:card\" content=\"summary_large_image\" \/>\n<meta name=\"twitter:label1\" content=\"Est. reading time\" \/>\n\t<meta name=\"twitter:data1\" content=\"2 min\u016btes\" \/>\n<script type=\"application\/ld+json\" class=\"yoast-schema-graph\">{\"@context\":\"https:\/\/schema.org\",\"@graph\":[{\"@type\":\"WebPage\",\"@id\":\"https:\/\/icr.you2.pl\/iecex\/\",\"url\":\"https:\/\/icr.you2.pl\/iecex\/\",\"name\":\"IECEx - ICR POLSKA - badania i certyfikacja\",\"isPartOf\":{\"@id\":\"https:\/\/icr.you2.pl\/#website\"},\"primaryImageOfPage\":{\"@id\":\"https:\/\/icr.you2.pl\/iecex\/#primaryimage\"},\"image\":{\"@id\":\"https:\/\/icr.you2.pl\/iecex\/#primaryimage\"},\"thumbnailUrl\":\"http:\/\/icr.you2.pl\/wp-content\/uploads\/2024\/12\/IECEx.png\",\"datePublished\":\"2019-06-03T10:35:35+00:00\",\"dateModified\":\"2024-12-10T13:51:36+00:00\",\"breadcrumb\":{\"@id\":\"https:\/\/icr.you2.pl\/iecex\/#breadcrumb\"},\"inLanguage\":\"lv-LV\",\"potentialAction\":[{\"@type\":\"ReadAction\",\"target\":[\"https:\/\/icr.you2.pl\/iecex\/\"]}]},{\"@type\":\"ImageObject\",\"inLanguage\":\"lv-LV\",\"@id\":\"https:\/\/icr.you2.pl\/iecex\/#primaryimage\",\"url\":\"http:\/\/icr.you2.pl\/wp-content\/uploads\/2024\/12\/IECEx.png\",\"contentUrl\":\"http:\/\/icr.you2.pl\/wp-content\/uploads\/2024\/12\/IECEx.png\"},{\"@type\":\"BreadcrumbList\",\"@id\":\"https:\/\/icr.you2.pl\/iecex\/#breadcrumb\",\"itemListElement\":[{\"@type\":\"ListItem\",\"position\":1,\"name\":\"Strona g\u0142\u00f3wna\",\"item\":\"https:\/\/icr.you2.pl\/\"},{\"@type\":\"ListItem\",\"position\":2,\"name\":\"IECEx\"}]},{\"@type\":\"WebSite\",\"@id\":\"https:\/\/icr.you2.pl\/#website\",\"url\":\"https:\/\/icr.you2.pl\/\",\"name\":\"ICR POLSKA - badania i certyfikacja\",\"description\":\"CE certification, CE certificate, ISO certificate, RED testing, product testing and certification, electrical product testing, medical device testing, ATEX, IECEx, FCC, product certification, EMC testing, machinery certification, CE machines, training, electronic product testing, testing 2014\/53\/EU, drone certification, ISO 13485 certificate, ISO 9001 certificate, NC RfG\",\"publisher\":{\"@id\":\"https:\/\/icr.you2.pl\/#\/schema\/person\/944799c9e2f4a94662e3fcb3b1544baf\"},\"potentialAction\":[{\"@type\":\"SearchAction\",\"target\":{\"@type\":\"EntryPoint\",\"urlTemplate\":\"https:\/\/icr.you2.pl\/?s={search_term_string}\"},\"query-input\":{\"@type\":\"PropertyValueSpecification\",\"valueRequired\":true,\"valueName\":\"search_term_string\"}}],\"inLanguage\":\"lv-LV\"},{\"@type\":[\"Person\",\"Organization\"],\"@id\":\"https:\/\/icr.you2.pl\/#\/schema\/person\/944799c9e2f4a94662e3fcb3b1544baf\",\"name\":\"admin\",\"image\":{\"@type\":\"ImageObject\",\"inLanguage\":\"lv-LV\",\"@id\":\"https:\/\/icr.you2.pl\/#\/schema\/person\/image\/\",\"url\":\"https:\/\/icr.you2.pl\/wp-content\/uploads\/2019\/05\/cropped-logo-icr.32f04ad5-1-1.png\",\"contentUrl\":\"https:\/\/icr.you2.pl\/wp-content\/uploads\/2019\/05\/cropped-logo-icr.32f04ad5-1-1.png\",\"width\":400,\"height\":148,\"caption\":\"admin\"},\"logo\":{\"@id\":\"https:\/\/icr.you2.pl\/#\/schema\/person\/image\/\"}}]}<\/script>\n<!-- \/ Yoast SEO plugin. -->","yoast_head_json":{"title":"IECEx - ICR POLIJA - test\u0113\u0161ana un sertifik\u0101cija","robots":{"index":"index","follow":"follow","max-snippet":"max-snippet:-1","max-image-preview":"max-image-preview:large","max-video-preview":"max-video-preview:-1"},"canonical":"https:\/\/icr.you2.pl\/lv\/iecex\/","og_locale":"lv_LV","og_type":"article","og_title":"IECEx - ICR POLSKA - badania i certyfikacja","og_description":"\u00a0 Og\u00f3lno\u015bwiatowy system IECEx powsta\u0142 w celu u\u0142atwienie mi\u0119dzynarodowego handlu sprz\u0119tem i us\u0142ugami do u\u017cytku w atmosferach wybuchowych (urz\u0105dzenia\/wyroby Ex), przy zachowaniu wymaganego poziomu bezpiecze\u0144stwa. System ten zapewnia m.in.: \u00a0 ograniczenie koszt\u00f3w bada\u0144 i certyfikacji dla producenta; skr\u00f3cenie czasu procesu wprowadzania wyrobu na rynek; jedn\u0105, og\u00f3lnodost\u0119pn\u0105 mi\u0119dzynarodow\u0105 baz\u0119 danych wyrob\u00f3w Ex; jednolite kryteria oceny i&hellip;&nbsp;Read More &raquo;IECEx","og_url":"https:\/\/icr.you2.pl\/lv\/iecex\/","og_site_name":"ICR POLSKA - badania i certyfikacja","article_modified_time":"2024-12-10T13:51:36+00:00","og_image":[{"url":"http:\/\/icr.you2.pl\/wp-content\/uploads\/2024\/12\/IECEx.png","type":"","width":"","height":""}],"twitter_card":"summary_large_image","twitter_misc":{"Est. reading time":"2 min\u016btes"},"schema":{"@context":"https:\/\/schema.org","@graph":[{"@type":"WebPage","@id":"https:\/\/icr.you2.pl\/iecex\/","url":"https:\/\/icr.you2.pl\/iecex\/","name":"IECEx - ICR POLIJA - test\u0113\u0161ana un sertifik\u0101cija","isPartOf":{"@id":"https:\/\/icr.you2.pl\/#website"},"primaryImageOfPage":{"@id":"https:\/\/icr.you2.pl\/iecex\/#primaryimage"},"image":{"@id":"https:\/\/icr.you2.pl\/iecex\/#primaryimage"},"thumbnailUrl":"http:\/\/icr.you2.pl\/wp-content\/uploads\/2024\/12\/IECEx.png","datePublished":"2019-06-03T10:35:35+00:00","dateModified":"2024-12-10T13:51:36+00:00","breadcrumb":{"@id":"https:\/\/icr.you2.pl\/iecex\/#breadcrumb"},"inLanguage":"lv-LV","potentialAction":[{"@type":"ReadAction","target":["https:\/\/icr.you2.pl\/iecex\/"]}]},{"@type":"ImageObject","inLanguage":"lv-LV","@id":"https:\/\/icr.you2.pl\/iecex\/#primaryimage","url":"http:\/\/icr.you2.pl\/wp-content\/uploads\/2024\/12\/IECEx.png","contentUrl":"http:\/\/icr.you2.pl\/wp-content\/uploads\/2024\/12\/IECEx.png"},{"@type":"BreadcrumbList","@id":"https:\/\/icr.you2.pl\/iecex\/#breadcrumb","itemListElement":[{"@type":"ListItem","position":1,"name":"Strona g\u0142\u00f3wna","item":"https:\/\/icr.you2.pl\/"},{"@type":"ListItem","position":2,"name":"IECEx"}]},{"@type":"WebSite","@id":"https:\/\/icr.you2.pl\/#website","url":"https:\/\/icr.you2.pl\/","name":"ICR POLIJA - test\u0113\u0161ana un sertifik\u0101cija","description":"CE sertifik\u0101cija, CE sertifik\u0101ts, ISO sertifik\u0101ts, RED test\u0113\u0161ana, produktu test\u0113\u0161ana un sertifik\u0101cija, elektrisko produktu test\u0113\u0161ana, medic\u012bnas ier\u012b\u010du test\u0113\u0161ana, ATEX, IECEx, FCC, produktu sertifik\u0101cija, EMC test\u0113\u0161ana, ma\u0161\u012bnu sertifik\u0101cija, CE iek\u0101rtas, apm\u0101c\u012bba, elektronisko produktu test\u0113\u0161ana, test\u0113\u0161ana 2014\/53\/ES, dronu sertifik\u0101cija, ISO 13485 sertifik\u0101ts, ISO 9001 sertifik\u0101ts, NC RfG","publisher":{"@id":"https:\/\/icr.you2.pl\/#\/schema\/person\/944799c9e2f4a94662e3fcb3b1544baf"},"potentialAction":[{"@type":"SearchAction","target":{"@type":"EntryPoint","urlTemplate":"https:\/\/icr.you2.pl\/?s={search_term_string}"},"query-input":{"@type":"PropertyValueSpecification","valueRequired":true,"valueName":"search_term_string"}}],"inLanguage":"lv-LV"},{"@type":["Person","Organization"],"@id":"https:\/\/icr.you2.pl\/#\/schema\/person\/944799c9e2f4a94662e3fcb3b1544baf","name":"administrators","image":{"@type":"ImageObject","inLanguage":"lv-LV","@id":"https:\/\/icr.you2.pl\/#\/schema\/person\/image\/","url":"https:\/\/icr.you2.pl\/wp-content\/uploads\/2019\/05\/cropped-logo-icr.32f04ad5-1-1.png","contentUrl":"https:\/\/icr.you2.pl\/wp-content\/uploads\/2019\/05\/cropped-logo-icr.32f04ad5-1-1.png","width":400,"height":148,"caption":"admin"},"logo":{"@id":"https:\/\/icr.you2.pl\/#\/schema\/person\/image\/"}}]}},"_links":{"self":[{"href":"https:\/\/icr.you2.pl\/lv\/wp-json\/wp\/v2\/pages\/2430","targetHints":{"allow":["GET"]}}],"collection":[{"href":"https:\/\/icr.you2.pl\/lv\/wp-json\/wp\/v2\/pages"}],"about":[{"href":"https:\/\/icr.you2.pl\/lv\/wp-json\/wp\/v2\/types\/page"}],"author":[{"embeddable":true,"href":"https:\/\/icr.you2.pl\/lv\/wp-json\/wp\/v2\/users\/1"}],"replies":[{"embeddable":true,"href":"https:\/\/icr.you2.pl\/lv\/wp-json\/wp\/v2\/comments?post=2430"}],"version-history":[{"count":0,"href":"https:\/\/icr.you2.pl\/lv\/wp-json\/wp\/v2\/pages\/2430\/revisions"}],"wp:attachment":[{"href":"https:\/\/icr.you2.pl\/lv\/wp-json\/wp\/v2\/media?parent=2430"}],"curies":[{"name":"wp","href":"https:\/\/api.w.org\/{rel}","templated":true}]}}