{"id":2577,"date":"2019-06-04T01:00:54","date_gmt":"2019-06-03T23:00:54","guid":{"rendered":"http:\/\/nowa.icrpolska.com\/?page_id=2577"},"modified":"2022-12-08T11:47:00","modified_gmt":"2022-12-08T10:47:00","slug":"icr-polska","status":"publish","type":"page","link":"https:\/\/icr.you2.pl\/lv\/icr-polska\/","title":{"rendered":"ICR Polska"},"content":{"rendered":"<p>ICR Polska sp. z o.o. rozpocz\u0119\u0142a swoj\u0105 dzia\u0142alno\u015b\u0107 w 2015 roku, jako pierwszy w Europie oddzia\u0142 Korea\u0144skiej jednostki certyfikuj\u0105cej ICR Co. Ltd. \u2013 International Certification Registrar z siedzib\u0105 w Gimpo-si obok Seulu, Korea Po\u0142udniowa<\/p>\n<div style=\"width: 720px;\" class=\"wp-video\"><!--[if lt IE 9]><script>document.createElement('video');<\/script><![endif]-->\n<video class=\"wp-video-shortcode\" id=\"video-2577-1\" width=\"720\" height=\"404\" loop=\"1\" autoplay=\"1\" preload=\"metadata\" controls=\"controls\"><source type=\"video\/mp4\" src=\"http:\/\/icr.you2.pl\/wp-content\/uploads\/2021\/11\/introduction-of-icr-lab.mp4?_=1\" \/><a href=\"http:\/\/icr.you2.pl\/wp-content\/uploads\/2021\/11\/introduction-of-icr-lab.mp4\">http:\/\/icr.you2.pl\/wp-content\/uploads\/2021\/11\/introduction-of-icr-lab.mp4<\/a><\/video><\/div>\n<p><strong>ICR Korea<\/strong><\/p>\n<p>ICR Korea jest uznan\u0105 jednostk\u0105 certyfikuj\u0105c\u0105 w Azji, kt\u00f3rej g\u0142\u00f3wnymi rynkami jest m.in. Korea, Chiny, Taiwan, Wietnam, USA. Oferuje m.in. akredytowane (ISO\/IEC 17025) badania w jednym z najnowocze\u015bniejszych laboratori\u00f3w w regionie do cel\u00f3w uzyskania m.in CE, FCC, IECEx, IECEE-CB, KC.<\/p>\n<p>Wi\u0119cej o ICR Korea w <a href=\"http:\/\/icr.you2.pl\/wp-content\/uploads\/2019\/06\/20190121icr-brochureenglish_8e4.pdf\" target=\"_blank\" rel=\"noopener noreferrer\">broszurze<\/a>,\u00a0 na <a href=\"http:\/\/www.icrqa.com\/renewal_eng\/main\/main.asp\" target=\"_blank\" rel=\"noopener noreferrer\">stronie<\/a> oraz w newsletterach.<\/p>\n<div id='gallery-1' class='gallery galleryid-2577 gallery-columns-2 gallery-size-large'><figure class='gallery-item'>\n\t\t\t<div class='gallery-icon landscape'>\n\t\t\t\t<a href='https:\/\/icr.you2.pl\/wp-content\/uploads\/2019\/06\/DJI_0145-1024x683.jpg'><img fetchpriority=\"high\" decoding=\"async\" width=\"1024\" height=\"683\" src=\"https:\/\/icr.you2.pl\/wp-content\/uploads\/2019\/06\/DJI_0145-1024x683-1024x683.jpg\" class=\"attachment-large size-large\" alt=\"\" srcset=\"https:\/\/icr.you2.pl\/wp-content\/uploads\/2019\/06\/DJI_0145-1024x683.jpg 1024w, https:\/\/icr.you2.pl\/wp-content\/uploads\/2019\/06\/DJI_0145-1024x683-300x200.jpg 300w, https:\/\/icr.you2.pl\/wp-content\/uploads\/2019\/06\/DJI_0145-1024x683-768x512.jpg 768w\" sizes=\"(max-width: 1024px) 100vw, 1024px\" \/><\/a>\n\t\t\t<\/div><\/figure><figure class='gallery-item'>\n\t\t\t<div class='gallery-icon landscape'>\n\t\t\t\t<a href='https:\/\/icr.you2.pl\/wp-content\/uploads\/2019\/06\/DSC5909-1024x683.jpg'><img decoding=\"async\" width=\"1024\" height=\"683\" src=\"https:\/\/icr.you2.pl\/wp-content\/uploads\/2019\/06\/DSC5909-1024x683-1024x683.jpg\" class=\"attachment-large size-large\" alt=\"\" srcset=\"https:\/\/icr.you2.pl\/wp-content\/uploads\/2019\/06\/DSC5909-1024x683.jpg 1024w, https:\/\/icr.you2.pl\/wp-content\/uploads\/2019\/06\/DSC5909-1024x683-300x200.jpg 300w, https:\/\/icr.you2.pl\/wp-content\/uploads\/2019\/06\/DSC5909-1024x683-768x512.jpg 768w\" sizes=\"(max-width: 1024px) 100vw, 1024px\" \/><\/a>\n\t\t\t<\/div><\/figure><figure class='gallery-item'>\n\t\t\t<div class='gallery-icon landscape'>\n\t\t\t\t<a href='https:\/\/icr.you2.pl\/wp-content\/uploads\/2019\/06\/DSC5911-1024x683.jpg'><img decoding=\"async\" width=\"1024\" height=\"683\" src=\"https:\/\/icr.you2.pl\/wp-content\/uploads\/2019\/06\/DSC5911-1024x683-1024x683.jpg\" class=\"attachment-large size-large\" alt=\"\" srcset=\"https:\/\/icr.you2.pl\/wp-content\/uploads\/2019\/06\/DSC5911-1024x683.jpg 1024w, https:\/\/icr.you2.pl\/wp-content\/uploads\/2019\/06\/DSC5911-1024x683-300x200.jpg 300w, https:\/\/icr.you2.pl\/wp-content\/uploads\/2019\/06\/DSC5911-1024x683-768x512.jpg 768w\" sizes=\"(max-width: 1024px) 100vw, 1024px\" \/><\/a>\n\t\t\t<\/div><\/figure><figure class='gallery-item'>\n\t\t\t<div class='gallery-icon landscape'>\n\t\t\t\t<a href='https:\/\/icr.you2.pl\/wp-content\/uploads\/2019\/06\/DJI_0157-1024x683.jpg'><img loading=\"lazy\" decoding=\"async\" width=\"1024\" height=\"683\" src=\"https:\/\/icr.you2.pl\/wp-content\/uploads\/2019\/06\/DJI_0157-1024x683-1024x683.jpg\" class=\"attachment-large size-large\" alt=\"\" srcset=\"https:\/\/icr.you2.pl\/wp-content\/uploads\/2019\/06\/DJI_0157-1024x683.jpg 1024w, https:\/\/icr.you2.pl\/wp-content\/uploads\/2019\/06\/DJI_0157-1024x683-300x200.jpg 300w, https:\/\/icr.you2.pl\/wp-content\/uploads\/2019\/06\/DJI_0157-1024x683-768x512.jpg 768w\" sizes=\"(max-width: 1024px) 100vw, 1024px\" \/><\/a>\n\t\t\t<\/div><\/figure>\n\t\t<\/div>\n\n<p><strong>Nasze us\u0142ugi<\/strong><\/p>\n<p>ICR Polska realizuje g\u0142\u00f3wnie us\u0142ugi bada\u0144, certyfikacji, inspekcji, audit\u00f3w oraz innych us\u0142ug techniczno-managerskich w oparciu o indywidualne ustalenia z klientem.<br \/>\nOferujemy r\u00f3wnie\u017c pomoc w uzyskaniu dost\u0119pu do rynku Rosyjskiego (EAC) \u2013 Euroazjatyckiej Unii Celnej, Chin, Korei, USA i Kanady.<br \/>\nNasi pracownicy posiadaj\u0105 wieloletnie do\u015bwiadczenie w krajowych i zagranicznych laboratoriach i jednostkach certyfikuj\u0105cych.<br \/>\nG\u0142\u00f3wne biuro ICR Polska znajduje si\u0119 w Warszawie na Saskiej K\u0119pie\/Plac Przymierza 6, Warszawa.<\/p>\n","protected":false},"excerpt":{"rendered":"<p>ICR Polska sp. z o.o. s\u0101ka savu darb\u012bbu 2015. gad\u0101 k\u0101 Korejas sertifik\u0101cijas iest\u0101des ICR Co. Ltd. - Starptautisk\u0101 sertifik\u0101cijas iest\u0101de, kas atrodas Gimpo-si, blakus Seulai, Dienvidkorej\u0101 ICR Korea ICR Korea ir atz\u012bta sertifik\u0101cijas iest\u0101de \u0100zij\u0101, kuras galvenie tirgi ir Koreja, \u0136\u012bna, Taiv\u0101na, Vjetnama, ASV un citi. T\u0101 pied\u0101v\u0101...&nbsp;<a href=\"https:\/\/icr.you2.pl\/lv\/icr-polska\/\" rel=\"bookmark\">Las\u012bt vair\u0101k \"<span class=\"screen-reader-text\">ICR Polska<\/span><\/a><\/p>","protected":false},"author":1,"featured_media":0,"parent":0,"menu_order":0,"comment_status":"closed","ping_status":"closed","template":"","meta":{"neve_meta_sidebar":"left","neve_meta_container":"","neve_meta_enable_content_width":"off","neve_meta_content_width":70,"neve_meta_title_alignment":"","neve_meta_author_avatar":"","neve_post_elements_order":"","neve_meta_disable_header":"","neve_meta_disable_footer":"","neve_meta_disable_title":"","footnotes":""},"class_list":["post-2577","page","type-page","status-publish","hentry"],"yoast_head":"<!-- This site is optimized with the Yoast SEO plugin v26.8 - https:\/\/yoast.com\/product\/yoast-seo-wordpress\/ -->\n<title>ICR Polska - ICR POLSKA - badania i certyfikacja<\/title>\n<meta name=\"robots\" content=\"index, follow, max-snippet:-1, max-image-preview:large, max-video-preview:-1\" \/>\n<link rel=\"canonical\" href=\"https:\/\/icr.you2.pl\/lv\/icr-polska\/\" \/>\n<meta property=\"og:locale\" content=\"lv_LV\" \/>\n<meta property=\"og:type\" content=\"article\" \/>\n<meta property=\"og:title\" content=\"ICR Polska - ICR POLSKA - badania i certyfikacja\" \/>\n<meta property=\"og:description\" content=\"ICR Polska sp. z o.o. rozpocz\u0119\u0142a swoj\u0105 dzia\u0142alno\u015b\u0107 w 2015 roku, jako pierwszy w Europie oddzia\u0142 Korea\u0144skiej jednostki certyfikuj\u0105cej ICR Co. Ltd. \u2013 International Certification Registrar z siedzib\u0105 w Gimpo-si obok Seulu, Korea Po\u0142udniowa ICR Korea ICR Korea jest uznan\u0105 jednostk\u0105 certyfikuj\u0105c\u0105 w Azji, kt\u00f3rej g\u0142\u00f3wnymi rynkami jest m.in. Korea, Chiny, Taiwan, Wietnam, USA. Oferuje&hellip;&nbsp;Read More &raquo;ICR Polska\" \/>\n<meta property=\"og:url\" content=\"https:\/\/icr.you2.pl\/lv\/icr-polska\/\" \/>\n<meta property=\"og:site_name\" content=\"ICR POLSKA - badania i certyfikacja\" \/>\n<meta property=\"article:modified_time\" content=\"2022-12-08T10:47:00+00:00\" \/>\n<meta property=\"og:image\" content=\"https:\/\/icr.you2.pl\/wp-content\/uploads\/2019\/06\/DSC5909-1024x683-1024x683.jpg\" \/>\n<meta name=\"twitter:card\" content=\"summary_large_image\" \/>\n<meta name=\"twitter:label1\" content=\"Est. reading time\" \/>\n\t<meta name=\"twitter:data1\" content=\"1 min\u016bte\" \/>\n<script type=\"application\/ld+json\" class=\"yoast-schema-graph\">{\"@context\":\"https:\/\/schema.org\",\"@graph\":[{\"@type\":\"WebPage\",\"@id\":\"https:\/\/icr.you2.pl\/icr-polska\/\",\"url\":\"https:\/\/icr.you2.pl\/icr-polska\/\",\"name\":\"ICR Polska - ICR POLSKA - badania i certyfikacja\",\"isPartOf\":{\"@id\":\"https:\/\/icr.you2.pl\/#website\"},\"datePublished\":\"2019-06-03T23:00:54+00:00\",\"dateModified\":\"2022-12-08T10:47:00+00:00\",\"breadcrumb\":{\"@id\":\"https:\/\/icr.you2.pl\/icr-polska\/#breadcrumb\"},\"inLanguage\":\"lv-LV\",\"potentialAction\":[{\"@type\":\"ReadAction\",\"target\":[\"https:\/\/icr.you2.pl\/icr-polska\/\"]}]},{\"@type\":\"BreadcrumbList\",\"@id\":\"https:\/\/icr.you2.pl\/icr-polska\/#breadcrumb\",\"itemListElement\":[{\"@type\":\"ListItem\",\"position\":1,\"name\":\"Strona g\u0142\u00f3wna\",\"item\":\"https:\/\/icr.you2.pl\/\"},{\"@type\":\"ListItem\",\"position\":2,\"name\":\"ICR Polska\"}]},{\"@type\":\"WebSite\",\"@id\":\"https:\/\/icr.you2.pl\/#website\",\"url\":\"https:\/\/icr.you2.pl\/\",\"name\":\"ICR POLSKA - badania i certyfikacja\",\"description\":\"CE certification, CE certificate, ISO certificate, RED testing, product testing and certification, electrical product testing, medical device testing, ATEX, IECEx, FCC, product certification, EMC testing, machinery certification, CE machines, training, electronic product testing, testing 2014\/53\/EU, drone certification, ISO 13485 certificate, ISO 9001 certificate, NC RfG\",\"publisher\":{\"@id\":\"https:\/\/icr.you2.pl\/#\/schema\/person\/944799c9e2f4a94662e3fcb3b1544baf\"},\"potentialAction\":[{\"@type\":\"SearchAction\",\"target\":{\"@type\":\"EntryPoint\",\"urlTemplate\":\"https:\/\/icr.you2.pl\/?s={search_term_string}\"},\"query-input\":{\"@type\":\"PropertyValueSpecification\",\"valueRequired\":true,\"valueName\":\"search_term_string\"}}],\"inLanguage\":\"lv-LV\"},{\"@type\":[\"Person\",\"Organization\"],\"@id\":\"https:\/\/icr.you2.pl\/#\/schema\/person\/944799c9e2f4a94662e3fcb3b1544baf\",\"name\":\"admin\",\"image\":{\"@type\":\"ImageObject\",\"inLanguage\":\"lv-LV\",\"@id\":\"https:\/\/icr.you2.pl\/#\/schema\/person\/image\/\",\"url\":\"https:\/\/icr.you2.pl\/wp-content\/uploads\/2019\/05\/cropped-logo-icr.32f04ad5-1-1.png\",\"contentUrl\":\"https:\/\/icr.you2.pl\/wp-content\/uploads\/2019\/05\/cropped-logo-icr.32f04ad5-1-1.png\",\"width\":400,\"height\":148,\"caption\":\"admin\"},\"logo\":{\"@id\":\"https:\/\/icr.you2.pl\/#\/schema\/person\/image\/\"}}]}<\/script>\n<!-- \/ Yoast SEO plugin. -->","yoast_head_json":{"title":"ICR Polija - ICR POLIJA - test\u0113\u0161ana un sertifik\u0101cija","robots":{"index":"index","follow":"follow","max-snippet":"max-snippet:-1","max-image-preview":"max-image-preview:large","max-video-preview":"max-video-preview:-1"},"canonical":"https:\/\/icr.you2.pl\/lv\/icr-polska\/","og_locale":"lv_LV","og_type":"article","og_title":"ICR Polska - ICR POLSKA - badania i certyfikacja","og_description":"ICR Polska sp. z o.o. rozpocz\u0119\u0142a swoj\u0105 dzia\u0142alno\u015b\u0107 w 2015 roku, jako pierwszy w Europie oddzia\u0142 Korea\u0144skiej jednostki certyfikuj\u0105cej ICR Co. Ltd. \u2013 International Certification Registrar z siedzib\u0105 w Gimpo-si obok Seulu, Korea Po\u0142udniowa ICR Korea ICR Korea jest uznan\u0105 jednostk\u0105 certyfikuj\u0105c\u0105 w Azji, kt\u00f3rej g\u0142\u00f3wnymi rynkami jest m.in. Korea, Chiny, Taiwan, Wietnam, USA. Oferuje&hellip;&nbsp;Read More &raquo;ICR Polska","og_url":"https:\/\/icr.you2.pl\/lv\/icr-polska\/","og_site_name":"ICR POLSKA - badania i certyfikacja","article_modified_time":"2022-12-08T10:47:00+00:00","og_image":[{"url":"https:\/\/icr.you2.pl\/wp-content\/uploads\/2019\/06\/DSC5909-1024x683-1024x683.jpg","type":"","width":"","height":""}],"twitter_card":"summary_large_image","twitter_misc":{"Est. reading time":"1 min\u016bte"},"schema":{"@context":"https:\/\/schema.org","@graph":[{"@type":"WebPage","@id":"https:\/\/icr.you2.pl\/icr-polska\/","url":"https:\/\/icr.you2.pl\/icr-polska\/","name":"ICR Polija - ICR POLIJA - test\u0113\u0161ana un sertifik\u0101cija","isPartOf":{"@id":"https:\/\/icr.you2.pl\/#website"},"datePublished":"2019-06-03T23:00:54+00:00","dateModified":"2022-12-08T10:47:00+00:00","breadcrumb":{"@id":"https:\/\/icr.you2.pl\/icr-polska\/#breadcrumb"},"inLanguage":"lv-LV","potentialAction":[{"@type":"ReadAction","target":["https:\/\/icr.you2.pl\/icr-polska\/"]}]},{"@type":"BreadcrumbList","@id":"https:\/\/icr.you2.pl\/icr-polska\/#breadcrumb","itemListElement":[{"@type":"ListItem","position":1,"name":"Strona g\u0142\u00f3wna","item":"https:\/\/icr.you2.pl\/"},{"@type":"ListItem","position":2,"name":"ICR Polska"}]},{"@type":"WebSite","@id":"https:\/\/icr.you2.pl\/#website","url":"https:\/\/icr.you2.pl\/","name":"ICR POLIJA - test\u0113\u0161ana un sertifik\u0101cija","description":"CE sertifik\u0101cija, CE sertifik\u0101ts, ISO sertifik\u0101ts, RED test\u0113\u0161ana, produktu test\u0113\u0161ana un sertifik\u0101cija, elektrisko produktu test\u0113\u0161ana, medic\u012bnas ier\u012b\u010du test\u0113\u0161ana, ATEX, IECEx, FCC, produktu sertifik\u0101cija, EMC test\u0113\u0161ana, ma\u0161\u012bnu sertifik\u0101cija, CE iek\u0101rtas, apm\u0101c\u012bba, elektronisko produktu test\u0113\u0161ana, test\u0113\u0161ana 2014\/53\/ES, dronu sertifik\u0101cija, ISO 13485 sertifik\u0101ts, ISO 9001 sertifik\u0101ts, NC RfG","publisher":{"@id":"https:\/\/icr.you2.pl\/#\/schema\/person\/944799c9e2f4a94662e3fcb3b1544baf"},"potentialAction":[{"@type":"SearchAction","target":{"@type":"EntryPoint","urlTemplate":"https:\/\/icr.you2.pl\/?s={search_term_string}"},"query-input":{"@type":"PropertyValueSpecification","valueRequired":true,"valueName":"search_term_string"}}],"inLanguage":"lv-LV"},{"@type":["Person","Organization"],"@id":"https:\/\/icr.you2.pl\/#\/schema\/person\/944799c9e2f4a94662e3fcb3b1544baf","name":"administrators","image":{"@type":"ImageObject","inLanguage":"lv-LV","@id":"https:\/\/icr.you2.pl\/#\/schema\/person\/image\/","url":"https:\/\/icr.you2.pl\/wp-content\/uploads\/2019\/05\/cropped-logo-icr.32f04ad5-1-1.png","contentUrl":"https:\/\/icr.you2.pl\/wp-content\/uploads\/2019\/05\/cropped-logo-icr.32f04ad5-1-1.png","width":400,"height":148,"caption":"admin"},"logo":{"@id":"https:\/\/icr.you2.pl\/#\/schema\/person\/image\/"}}]}},"_links":{"self":[{"href":"https:\/\/icr.you2.pl\/lv\/wp-json\/wp\/v2\/pages\/2577","targetHints":{"allow":["GET"]}}],"collection":[{"href":"https:\/\/icr.you2.pl\/lv\/wp-json\/wp\/v2\/pages"}],"about":[{"href":"https:\/\/icr.you2.pl\/lv\/wp-json\/wp\/v2\/types\/page"}],"author":[{"embeddable":true,"href":"https:\/\/icr.you2.pl\/lv\/wp-json\/wp\/v2\/users\/1"}],"replies":[{"embeddable":true,"href":"https:\/\/icr.you2.pl\/lv\/wp-json\/wp\/v2\/comments?post=2577"}],"version-history":[{"count":0,"href":"https:\/\/icr.you2.pl\/lv\/wp-json\/wp\/v2\/pages\/2577\/revisions"}],"wp:attachment":[{"href":"https:\/\/icr.you2.pl\/lv\/wp-json\/wp\/v2\/media?parent=2577"}],"curies":[{"name":"wp","href":"https:\/\/api.w.org\/{rel}","templated":true}]}}