{"id":3528,"date":"2019-09-30T19:10:29","date_gmt":"2019-09-30T17:10:29","guid":{"rendered":"http:\/\/icrpolska.com\/?page_id=3528"},"modified":"2022-09-07T23:18:36","modified_gmt":"2022-09-07T21:18:36","slug":"certyfikacja-dronow","status":"publish","type":"page","link":"https:\/\/icr.you2.pl\/lv\/certyfikacja-wyrobow\/certyfikacja-dronow\/","title":{"rendered":"DRON sertifik\u0101cija"},"content":{"rendered":"<p><a href=\"http:\/\/icr.you2.pl\/wp-content\/uploads\/2019\/06\/Program-oceny-zgodno\u015bci-w-zakresie-ATEX.pdf\" target=\"_blank\" rel=\"noopener noreferrer\"><img decoding=\"async\" class=\"alignnone wp-image-2679\" src=\"http:\/\/icr.you2.pl\/wp-content\/uploads\/2019\/06\/adobe.jpg\" alt=\"\" width=\"20\" height=\"21\" srcset=\"https:\/\/icr.you2.pl\/wp-content\/uploads\/2019\/06\/adobe.jpg 218w, https:\/\/icr.you2.pl\/wp-content\/uploads\/2019\/06\/adobe-150x150.jpg 150w\" sizes=\"(max-width: 20px) 100vw, 20px\" \/><\/a><a href=\"http:\/\/icr.you2.pl\/wp-content\/uploads\/2022\/02\/PC-P-07-09-2.pdf\" target=\"_blank\" rel=\"noopener noreferrer\" data-wp-editing=\"1\"> Atbilst\u012bbas nov\u0113rt\u0113\u0161anas programma BSP\/DRON ((ES) 2019\/945)<\/a> + <a href=\"http:\/\/icr.you2.pl\/wp-content\/uploads\/2022\/01\/F-P-07-38-1.pdf\" target=\"_blank\" rel=\"noopener noreferrer\">tehnisko specifik\u0101ciju saraksts<\/a><\/p>\n<p>Lai apmierin\u0101tu ra\u017eot\u0101ju, import\u0113t\u0101ju un lietot\u0101ju vajadz\u012bbas, ICR Polska Sp. z o.o. veic br\u012bvpr\u0101t\u012bgu bezpilota lidapar\u0101tu (DRON) atbilst\u012bbas nov\u0113rt\u0113\u0161anu un sertifik\u0101ciju. Pa\u0161laik DRON sertifik\u0101cija joproj\u0101m ir br\u012bvpr\u0101t\u012bga, ta\u010du n\u0101kotn\u0113 b\u016bs daudz viegl\u0101k ieg\u016bt oblig\u0101to sertifik\u0101tu, ko izsniegs ES pazi\u0146ot\u0101 iest\u0101de.<\/p>\n<p class=\"translation-block\">No 2019. gada 1. j\u016blija st\u0101j\u0101s sp\u0113k\u0101 jauna Eiropas Komisijas Dele\u0123\u0113t\u0101 regula Nr. <a href=\"https:\/\/eur-lex.europa.eu\/legal-content\/PL\/TXT\/PDF\/?uri=CELEX:32019R0945&amp;from=PL\" target=\"_self\" rel=\"noopener noreferrer\">2019\/945<\/a> par bezpilota gaisa ku\u0123u sist\u0113m\u0101m un bezpilota gaisa ku\u0123u sist\u0113mu operatoriem no tre\u0161\u0101m valst\u012bm. Ar \u0161o regulu tiek ieviestas b\u016btisk\u0101s tehnisk\u0101s pras\u012bbas, kas piem\u0113rojamas bezpilota lidapar\u0101tu sist\u0113m\u0101m, kuras ekspluat\u0113 saska\u0146\u0101 ar principiem, kas izkl\u0101st\u012bti Eiropas Komisijas 2019. gada 24. maija \u012asteno\u0161anas regul\u0101 <a href=\"https:\/\/eur-lex.europa.eu\/legal-content\/PL\/TXT\/PDF\/?uri=CELEX:32019R0947&amp;from=PL\" target=\"_self\" rel=\"noopener noreferrer\">2019\/947<\/a> par bezpilota lidapar\u0101tu ekspluat\u0101cijas noteikumiem un proced\u016br\u0101m. T\u0101pat k\u0101 cit\u0101s jaun\u0101s pieejas direkt\u012bv\u0101s, ar\u012b \u0161aj\u0101 dele\u0123\u0113taj\u0101 regul\u0101 ir reglament\u0113ta t\u0101du bezpilota lidapar\u0101tu (DRON) projekt\u0113\u0161ana, ra\u017eo\u0161ana un lai\u0161ana ES iek\u0161\u0113j\u0101 tirg\u016b, kuri veic t\u0101 saukt\u0101s atv\u0113rt\u0101s kategorijas darb\u012bbas, t. i., veic darb\u012bbas ar viszem\u0101ko riska pak\u0101pi. L\u012bdz ar iepriek\u0161 min\u0113to tehnisko pras\u012bbu ievie\u0161anu DRON ar\u012b atv\u0113rtaj\u0101 kategorij\u0101 tiks pak\u013cauti uzraudz\u012bbai, kuras meh\u0101nismus Polij\u0101 cita starp\u0101 reglament\u0113 2016. gada 13. apr\u012b\u013ca likums <a href=\"http:\/\/isap.sejm.gov.pl\/isap.nsf\/download.xsp\/WDU20190000544\/O\/D20190544.pdf\" target=\"_self\" rel=\"noopener noreferrer\">par atbilst\u012bbas nov\u0113rt\u0113\u0161anas un tirgus uzraudz\u012bbas sist\u0113m\u0101m<\/a>.<\/p>\n<p class=\"translation-block\">Saska\u0146\u0101 ar izpildr\u012bkojumu da\u017eus bezpilota lidapar\u0101tus, kas laisti tirg\u016b l\u012bdz 2022. gada 1. j\u016blijam un neatbilst Dele\u0123\u0113tajai regulai, tom\u0113r b\u016bs at\u013cauts ekspluat\u0113t saska\u0146\u0101 ar \u012bpa\u0161iem noteikumiem, kas izkl\u0101st\u012bti <a href=\"https:\/\/eur-lex.europa.eu\/legal-content\/PL\/TXT\/PDF\/?uri=CELEX:32019R0947&amp;from=PL\" target=\"_self\">Izpildr\u012bkojuma<\/a> 20. pant\u0101.<\/p>\n<p class=\"translation-block\">Dele\u0123\u0113taj\u0101 regul\u0101 ir izkl\u0101st\u012bti noteikumi par bezpilota gaisa ku\u0123u sist\u0113mu, kas paredz\u0113tas darb\u012bbai atkl\u0101t\u0101 kategorij\u0101, lai\u0161anu Eiropas Savien\u012bbas iek\u0161\u0113j\u0101 tirg\u016b un br\u012bvu apriti ES. \u0160ie noteikumi cita starp\u0101 attiecas uz ra\u017eot\u0101ja pien\u0101kumu veikt ra\u017eojuma atbilst\u012bbas nov\u0113rt\u0113jumu (t. i., BSP nov\u0113rt\u0113jumu) atbilsto\u0161i Dele\u0123\u0113t\u0101s regulas pielikum\u0101 s\u012bki izkl\u0101st\u012btaj\u0101m pras\u012bb\u0101m un attiec\u012bgajiem saska\u0146otajiem standartiem. Attiec\u012bgi BSP, ko izmanto atv\u0113rt\u0101 kategorij\u0101, j\u0101b\u016bt:<br>.\n- tehnisk\u0101 dokument\u0101cija,<br>\n- ra\u017eot\u0101ja atbilst\u012bbas deklar\u0101cija (izdota, pamatojoties uz atbilst\u012bbas nov\u0113rt\u0113\u0161anu),<br>.\n- ra\u017eojuma mar\u0137\u0113jums (CE).<\/p>\n<p>T\u0101pat k\u0101 cit\u0101s ES direkt\u012bv\u0101s, saska\u0146\u0101 ar Regulu 2019\/945 da\u017eas no proced\u016br\u0101m, ar kur\u0101m ra\u017eot\u0101js var\u0113s nov\u0113rt\u0113t ra\u017eojuma atbilst\u012bbu pirms ra\u017eojuma lai\u0161anas komerci\u0101laj\u0101 tirg\u016b, ietvers - saska\u0146\u0101 ar Regulu 2019\/945 - sertifik\u0101ciju, t. i., atbilst\u012bbas nov\u0113rt\u0113\u0161anu, ko veic tre\u0161\u0101 persona (pazi\u0146ot\u0101 strukt\u016bra).<\/p>\n<p><strong>J\u016bs varat sertific\u0113t savu DRON jau \u0161odien ICR Polska Ltd.<\/strong><\/p>\n<p><img decoding=\"async\" class=\"alignnone wp-image-3362\" src=\"http:\/\/icr.you2.pl\/wp-content\/uploads\/2019\/06\/Email-icon-e1560506652454.png\" alt=\"\" width=\"28\" height=\"20\" \/> <a href=\"mailto:icrpolska@icrqa.com?subject=DRON%20Certificate&amp;body=I%20plan%20to%20certificate%20DRON.%0APlease,%20contact%20me%20to%20more%20information.%0A\">Sazinieties ar ICR Poland<\/a><\/p>\n<p>Cen\u0161ieties b\u016bt vismaz vienu soli priek\u0161\u0101 konkurentiem.<\/p>","protected":false},"excerpt":{"rendered":"<p>Atbilst\u012bbas nov\u0113rt\u0113\u0161anas programma BSP\/DRON ((ES) 2019\/945) + tehnisko specifik\u0101ciju saraksts ICR Polska Sp. z o.o., lai apmierin\u0101tu ra\u017eot\u0101ju, import\u0113t\u0101ju un lietot\u0101ju vajadz\u012bbas, veic br\u012bvpr\u0101t\u012bgu bezpilota lidapar\u0101tu (DRON) atbilst\u012bbas nov\u0113rt\u0113\u0161anu un sertifik\u0101ciju. Pa\u0161laik DRON sertifik\u0101cija joproj\u0101m ir br\u012bvpr\u0101t\u012bga, ta\u010du perspekt\u012bv\u0101 n\u0101kotn\u0113 b\u016bs daudz viegl\u0101k ieg\u016bt oblig\u0101to sertifik\u0101tu, ko izsniegs pazi\u0146ot\u0101 iest\u0101de.....&nbsp;<a href=\"https:\/\/icr.you2.pl\/lv\/certyfikacja-wyrobow\/certyfikacja-dronow\/\" rel=\"bookmark\">Las\u012bt vair\u0101k \"<span class=\"screen-reader-text\">DRON sertifik\u0101cija<\/span><\/a><\/p>","protected":false},"author":2,"featured_media":0,"parent":211,"menu_order":0,"comment_status":"closed","ping_status":"closed","template":"","meta":{"neve_meta_sidebar":"","neve_meta_container":"","neve_meta_enable_content_width":"off","neve_meta_content_width":70,"neve_meta_title_alignment":"","neve_meta_author_avatar":"","neve_post_elements_order":"","neve_meta_disable_header":"","neve_meta_disable_footer":"","neve_meta_disable_title":"","footnotes":""},"class_list":["post-3528","page","type-page","status-publish","hentry"],"yoast_head":"<!-- This site is optimized with the Yoast SEO plugin v26.8 - https:\/\/yoast.com\/product\/yoast-seo-wordpress\/ -->\n<title>Certyfikacja DRON\u00f3w - ICR POLSKA - badania i certyfikacja<\/title>\n<meta name=\"robots\" content=\"index, follow, max-snippet:-1, max-image-preview:large, max-video-preview:-1\" \/>\n<link rel=\"canonical\" href=\"https:\/\/icr.you2.pl\/lv\/certyfikacja-wyrobow\/certyfikacja-dronow\/\" \/>\n<meta property=\"og:locale\" content=\"lv_LV\" \/>\n<meta property=\"og:type\" content=\"article\" \/>\n<meta property=\"og:title\" content=\"Certyfikacja DRON\u00f3w - ICR POLSKA - badania i certyfikacja\" \/>\n<meta property=\"og:description\" content=\"Program oceny zgodno\u015bci w zakresie BSP\/DRON ((UE) 2019\/945) + lista specyfikacji technicznych ICR Polska Sp. z o.o. wychodz\u0105c naprzeciw potrzebom producent\u00f3w, importer\u00f3w i u\u017cytkownik\u00f3w prowadzi dobrowoln\u0105 ocen\u0119 zgodno\u015bci i certyfikacj\u0119 Bezza\u0142ogowych Statk\u00f3w Powietrznych (DRON). W tej chwili certyfikacja DRON\u00f3w jest jeszcze dobrowolna, ale perspektywicznie znacznie u\u0142atwi w przysz\u0142o\u015bci uzyskanie obowi\u0105zkowego certyfikatu wydanego przez Jednostk\u0119 Notyfikowan\u0105&hellip;&nbsp;Read More &raquo;Certyfikacja DRON\u00f3w\" \/>\n<meta property=\"og:url\" content=\"https:\/\/icr.you2.pl\/lv\/certyfikacja-wyrobow\/certyfikacja-dronow\/\" \/>\n<meta property=\"og:site_name\" content=\"ICR POLSKA - badania i certyfikacja\" \/>\n<meta property=\"article:modified_time\" content=\"2022-09-07T21:18:36+00:00\" \/>\n<meta property=\"og:image\" content=\"http:\/\/icr.you2.pl\/wp-content\/uploads\/2019\/06\/adobe.jpg\" \/>\n<meta name=\"twitter:card\" content=\"summary_large_image\" \/>\n<meta name=\"twitter:label1\" content=\"Est. reading time\" \/>\n\t<meta name=\"twitter:data1\" content=\"3 min\u016btes\" \/>\n<script type=\"application\/ld+json\" class=\"yoast-schema-graph\">{\"@context\":\"https:\/\/schema.org\",\"@graph\":[{\"@type\":\"WebPage\",\"@id\":\"https:\/\/icr.you2.pl\/certyfikacja-wyrobow\/certyfikacja-dronow\/\",\"url\":\"https:\/\/icr.you2.pl\/certyfikacja-wyrobow\/certyfikacja-dronow\/\",\"name\":\"Certyfikacja DRON\u00f3w - ICR POLSKA - badania i certyfikacja\",\"isPartOf\":{\"@id\":\"https:\/\/icr.you2.pl\/#website\"},\"primaryImageOfPage\":{\"@id\":\"https:\/\/icr.you2.pl\/certyfikacja-wyrobow\/certyfikacja-dronow\/#primaryimage\"},\"image\":{\"@id\":\"https:\/\/icr.you2.pl\/certyfikacja-wyrobow\/certyfikacja-dronow\/#primaryimage\"},\"thumbnailUrl\":\"http:\/\/icr.you2.pl\/wp-content\/uploads\/2019\/06\/adobe.jpg\",\"datePublished\":\"2019-09-30T17:10:29+00:00\",\"dateModified\":\"2022-09-07T21:18:36+00:00\",\"breadcrumb\":{\"@id\":\"https:\/\/icr.you2.pl\/certyfikacja-wyrobow\/certyfikacja-dronow\/#breadcrumb\"},\"inLanguage\":\"lv-LV\",\"potentialAction\":[{\"@type\":\"ReadAction\",\"target\":[\"https:\/\/icr.you2.pl\/certyfikacja-wyrobow\/certyfikacja-dronow\/\"]}]},{\"@type\":\"ImageObject\",\"inLanguage\":\"lv-LV\",\"@id\":\"https:\/\/icr.you2.pl\/certyfikacja-wyrobow\/certyfikacja-dronow\/#primaryimage\",\"url\":\"http:\/\/icr.you2.pl\/wp-content\/uploads\/2019\/06\/adobe.jpg\",\"contentUrl\":\"http:\/\/icr.you2.pl\/wp-content\/uploads\/2019\/06\/adobe.jpg\"},{\"@type\":\"BreadcrumbList\",\"@id\":\"https:\/\/icr.you2.pl\/certyfikacja-wyrobow\/certyfikacja-dronow\/#breadcrumb\",\"itemListElement\":[{\"@type\":\"ListItem\",\"position\":1,\"name\":\"Strona g\u0142\u00f3wna\",\"item\":\"https:\/\/icr.you2.pl\/\"},{\"@type\":\"ListItem\",\"position\":2,\"name\":\"Certyfikacja wyrob\u00f3w\",\"item\":\"https:\/\/icr.you2.pl\/en\/certyfikacja-wyrobow\/\"},{\"@type\":\"ListItem\",\"position\":3,\"name\":\"Certyfikacja DRON\u00f3w\"}]},{\"@type\":\"WebSite\",\"@id\":\"https:\/\/icr.you2.pl\/#website\",\"url\":\"https:\/\/icr.you2.pl\/\",\"name\":\"ICR POLSKA - badania i certyfikacja\",\"description\":\"CE certification, CE certificate, ISO certificate, RED testing, product testing and certification, electrical product testing, medical device testing, ATEX, IECEx, FCC, product certification, EMC testing, machinery certification, CE machines, training, electronic product testing, testing 2014\/53\/EU, drone certification, ISO 13485 certificate, ISO 9001 certificate, NC RfG\",\"publisher\":{\"@id\":\"https:\/\/icr.you2.pl\/#\/schema\/person\/944799c9e2f4a94662e3fcb3b1544baf\"},\"potentialAction\":[{\"@type\":\"SearchAction\",\"target\":{\"@type\":\"EntryPoint\",\"urlTemplate\":\"https:\/\/icr.you2.pl\/?s={search_term_string}\"},\"query-input\":{\"@type\":\"PropertyValueSpecification\",\"valueRequired\":true,\"valueName\":\"search_term_string\"}}],\"inLanguage\":\"lv-LV\"},{\"@type\":[\"Person\",\"Organization\"],\"@id\":\"https:\/\/icr.you2.pl\/#\/schema\/person\/944799c9e2f4a94662e3fcb3b1544baf\",\"name\":\"admin\",\"image\":{\"@type\":\"ImageObject\",\"inLanguage\":\"lv-LV\",\"@id\":\"https:\/\/icr.you2.pl\/#\/schema\/person\/image\/\",\"url\":\"https:\/\/icr.you2.pl\/wp-content\/uploads\/2019\/05\/cropped-logo-icr.32f04ad5-1-1.png\",\"contentUrl\":\"https:\/\/icr.you2.pl\/wp-content\/uploads\/2019\/05\/cropped-logo-icr.32f04ad5-1-1.png\",\"width\":400,\"height\":148,\"caption\":\"admin\"},\"logo\":{\"@id\":\"https:\/\/icr.you2.pl\/#\/schema\/person\/image\/\"}}]}<\/script>\n<!-- \/ Yoast SEO plugin. -->","yoast_head_json":{"title":"DRON sertifik\u0101cija - ICR POLIJA - test\u0113\u0161ana un sertifik\u0101cija","robots":{"index":"index","follow":"follow","max-snippet":"max-snippet:-1","max-image-preview":"max-image-preview:large","max-video-preview":"max-video-preview:-1"},"canonical":"https:\/\/icr.you2.pl\/lv\/certyfikacja-wyrobow\/certyfikacja-dronow\/","og_locale":"lv_LV","og_type":"article","og_title":"Certyfikacja DRON\u00f3w - ICR POLSKA - badania i certyfikacja","og_description":"Program oceny zgodno\u015bci w zakresie BSP\/DRON ((UE) 2019\/945) + lista specyfikacji technicznych ICR Polska Sp. z o.o. wychodz\u0105c naprzeciw potrzebom producent\u00f3w, importer\u00f3w i u\u017cytkownik\u00f3w prowadzi dobrowoln\u0105 ocen\u0119 zgodno\u015bci i certyfikacj\u0119 Bezza\u0142ogowych Statk\u00f3w Powietrznych (DRON). W tej chwili certyfikacja DRON\u00f3w jest jeszcze dobrowolna, ale perspektywicznie znacznie u\u0142atwi w przysz\u0142o\u015bci uzyskanie obowi\u0105zkowego certyfikatu wydanego przez Jednostk\u0119 Notyfikowan\u0105&hellip;&nbsp;Read More &raquo;Certyfikacja DRON\u00f3w","og_url":"https:\/\/icr.you2.pl\/lv\/certyfikacja-wyrobow\/certyfikacja-dronow\/","og_site_name":"ICR POLSKA - badania i certyfikacja","article_modified_time":"2022-09-07T21:18:36+00:00","og_image":[{"url":"http:\/\/icr.you2.pl\/wp-content\/uploads\/2019\/06\/adobe.jpg","type":"","width":"","height":""}],"twitter_card":"summary_large_image","twitter_misc":{"Est. reading time":"3 min\u016btes"},"schema":{"@context":"https:\/\/schema.org","@graph":[{"@type":"WebPage","@id":"https:\/\/icr.you2.pl\/certyfikacja-wyrobow\/certyfikacja-dronow\/","url":"https:\/\/icr.you2.pl\/certyfikacja-wyrobow\/certyfikacja-dronow\/","name":"DRON sertifik\u0101cija - ICR POLIJA - test\u0113\u0161ana un sertifik\u0101cija","isPartOf":{"@id":"https:\/\/icr.you2.pl\/#website"},"primaryImageOfPage":{"@id":"https:\/\/icr.you2.pl\/certyfikacja-wyrobow\/certyfikacja-dronow\/#primaryimage"},"image":{"@id":"https:\/\/icr.you2.pl\/certyfikacja-wyrobow\/certyfikacja-dronow\/#primaryimage"},"thumbnailUrl":"http:\/\/icr.you2.pl\/wp-content\/uploads\/2019\/06\/adobe.jpg","datePublished":"2019-09-30T17:10:29+00:00","dateModified":"2022-09-07T21:18:36+00:00","breadcrumb":{"@id":"https:\/\/icr.you2.pl\/certyfikacja-wyrobow\/certyfikacja-dronow\/#breadcrumb"},"inLanguage":"lv-LV","potentialAction":[{"@type":"ReadAction","target":["https:\/\/icr.you2.pl\/certyfikacja-wyrobow\/certyfikacja-dronow\/"]}]},{"@type":"ImageObject","inLanguage":"lv-LV","@id":"https:\/\/icr.you2.pl\/certyfikacja-wyrobow\/certyfikacja-dronow\/#primaryimage","url":"http:\/\/icr.you2.pl\/wp-content\/uploads\/2019\/06\/adobe.jpg","contentUrl":"http:\/\/icr.you2.pl\/wp-content\/uploads\/2019\/06\/adobe.jpg"},{"@type":"BreadcrumbList","@id":"https:\/\/icr.you2.pl\/certyfikacja-wyrobow\/certyfikacja-dronow\/#breadcrumb","itemListElement":[{"@type":"ListItem","position":1,"name":"Strona g\u0142\u00f3wna","item":"https:\/\/icr.you2.pl\/"},{"@type":"ListItem","position":2,"name":"Certyfikacja wyrob\u00f3w","item":"https:\/\/icr.you2.pl\/en\/certyfikacja-wyrobow\/"},{"@type":"ListItem","position":3,"name":"Certyfikacja DRON\u00f3w"}]},{"@type":"WebSite","@id":"https:\/\/icr.you2.pl\/#website","url":"https:\/\/icr.you2.pl\/","name":"ICR POLIJA - test\u0113\u0161ana un sertifik\u0101cija","description":"CE sertifik\u0101cija, CE sertifik\u0101ts, ISO sertifik\u0101ts, RED test\u0113\u0161ana, produktu test\u0113\u0161ana un sertifik\u0101cija, elektrisko produktu test\u0113\u0161ana, medic\u012bnas ier\u012b\u010du test\u0113\u0161ana, ATEX, IECEx, FCC, produktu sertifik\u0101cija, EMC test\u0113\u0161ana, ma\u0161\u012bnu sertifik\u0101cija, CE iek\u0101rtas, apm\u0101c\u012bba, elektronisko produktu test\u0113\u0161ana, test\u0113\u0161ana 2014\/53\/ES, dronu sertifik\u0101cija, ISO 13485 sertifik\u0101ts, ISO 9001 sertifik\u0101ts, NC RfG","publisher":{"@id":"https:\/\/icr.you2.pl\/#\/schema\/person\/944799c9e2f4a94662e3fcb3b1544baf"},"potentialAction":[{"@type":"SearchAction","target":{"@type":"EntryPoint","urlTemplate":"https:\/\/icr.you2.pl\/?s={search_term_string}"},"query-input":{"@type":"PropertyValueSpecification","valueRequired":true,"valueName":"search_term_string"}}],"inLanguage":"lv-LV"},{"@type":["Person","Organization"],"@id":"https:\/\/icr.you2.pl\/#\/schema\/person\/944799c9e2f4a94662e3fcb3b1544baf","name":"administrators","image":{"@type":"ImageObject","inLanguage":"lv-LV","@id":"https:\/\/icr.you2.pl\/#\/schema\/person\/image\/","url":"https:\/\/icr.you2.pl\/wp-content\/uploads\/2019\/05\/cropped-logo-icr.32f04ad5-1-1.png","contentUrl":"https:\/\/icr.you2.pl\/wp-content\/uploads\/2019\/05\/cropped-logo-icr.32f04ad5-1-1.png","width":400,"height":148,"caption":"admin"},"logo":{"@id":"https:\/\/icr.you2.pl\/#\/schema\/person\/image\/"}}]}},"_links":{"self":[{"href":"https:\/\/icr.you2.pl\/lv\/wp-json\/wp\/v2\/pages\/3528","targetHints":{"allow":["GET"]}}],"collection":[{"href":"https:\/\/icr.you2.pl\/lv\/wp-json\/wp\/v2\/pages"}],"about":[{"href":"https:\/\/icr.you2.pl\/lv\/wp-json\/wp\/v2\/types\/page"}],"author":[{"embeddable":true,"href":"https:\/\/icr.you2.pl\/lv\/wp-json\/wp\/v2\/users\/2"}],"replies":[{"embeddable":true,"href":"https:\/\/icr.you2.pl\/lv\/wp-json\/wp\/v2\/comments?post=3528"}],"version-history":[{"count":0,"href":"https:\/\/icr.you2.pl\/lv\/wp-json\/wp\/v2\/pages\/3528\/revisions"}],"up":[{"embeddable":true,"href":"https:\/\/icr.you2.pl\/lv\/wp-json\/wp\/v2\/pages\/211"}],"wp:attachment":[{"href":"https:\/\/icr.you2.pl\/lv\/wp-json\/wp\/v2\/media?parent=3528"}],"curies":[{"name":"wp","href":"https:\/\/api.w.org\/{rel}","templated":true}]}}