{"id":3827,"date":"2020-04-22T14:41:41","date_gmt":"2020-04-22T12:41:41","guid":{"rendered":"https:\/\/icrpolska.com\/?page_id=3827"},"modified":"2022-09-07T23:31:21","modified_gmt":"2022-09-07T21:31:21","slug":"biokompatybilnosc","status":"publish","type":"page","link":"https:\/\/icr.you2.pl\/lv\/badania-wyrobow\/biokompatybilnosc\/","title":{"rendered":"Biolo\u0123isk\u0101 sader\u012bba"},"content":{"rendered":"<p>Sav\u0101s laboratorij\u0101s m\u0113s veicam \u0161\u0101dus medic\u012bnisko ier\u012b\u010du testus un p\u0101rbaudes saska\u0146\u0101 ar ISO 10993 standartu s\u0113riju:<\/p>\n<ul>\n<li style=\"list-style-type: none;\">\n<ul>\n<li><a href=\"http:\/\/icr.you2.pl\/wp-content\/uploads\/2020\/04\/Bio_genotoxicity.png\" target=\"_blank\" rel=\"noopener noreferrer\" data-slb-active=\"1\" data-slb-asset=\"1996492179\" data-slb-internal=\"0\" data-slb-group=\"979\">mutagenit\u0101te:<\/a><a href=\"http:\/\/icr.you2.pl\/wp-content\/uploads\/2020\/04\/Bio_genotoxicity.png\" target=\"_blank\" rel=\"noopener noreferrer\"><img fetchpriority=\"high\" decoding=\"async\" class=\"alignright wp-image-3852 size-medium\" src=\"http:\/\/icr.you2.pl\/wp-content\/uploads\/2020\/04\/implant-e1587567193650-251x300.jpg\" alt=\"Biolo\u0123isk\u0101 sader\u012bba\" width=\"251\" height=\"300\" srcset=\"https:\/\/icr.you2.pl\/wp-content\/uploads\/2020\/04\/implant-e1587567193650-251x300.jpg 251w, https:\/\/icr.you2.pl\/wp-content\/uploads\/2020\/04\/implant-e1587567193650.jpg 300w\" sizes=\"(max-width: 251px) 100vw, 251px\" \/><\/a>\n<ul>\n<li>bakt\u0113riju revers\u0101s mut\u0101cijas tests<\/li>\n<li>hromosomu aber\u0101ciju in vitro testi<\/li>\n<li>\u0161\u016bnu mikrokodolu p\u0113t\u012bjumi in vivo.<\/li>\n<\/ul>\n<\/li>\n<li><a href=\"http:\/\/icr.you2.pl\/wp-content\/uploads\/2020\/04\/Bio_cytotoxicity.png\" target=\"_blank\" rel=\"noopener noreferrer\" data-slb-active=\"1\" data-slb-asset=\"1264259199\" data-slb-internal=\"0\" data-slb-group=\"979\">citotoksicit\u0101te in vitro,<\/a><\/li>\n<li><a href=\"http:\/\/icr.you2.pl\/wp-content\/uploads\/2020\/04\/Bio_acute.png\" target=\"_blank\" rel=\"noopener noreferrer\" data-slb-active=\"1\" data-slb-asset=\"951077260\" data-slb-internal=\"0\" data-slb-group=\"979\">ak\u016bta sist\u0113miska toksicit\u0101te,<\/a><\/li>\n<li><a href=\"http:\/\/icr.you2.pl\/wp-content\/uploads\/2020\/04\/Bio_skin_irritation.png\" target=\"_blank\" rel=\"noopener noreferrer\" data-slb-active=\"1\" data-slb-asset=\"210430502\" data-slb-internal=\"0\" data-slb-group=\"979\">\u0101das kairin\u0101jums,<\/a><\/li>\n<li><a href=\"http:\/\/icr.you2.pl\/wp-content\/uploads\/2020\/04\/Bio_intradermal.png\" target=\"_blank\" rel=\"noopener noreferrer\" data-slb-active=\"1\" data-slb-asset=\"1617476931\" data-slb-internal=\"0\" data-slb-group=\"979\">intraderm\u0101l\u0101 reaktivit\u0101te,<\/a><\/li>\n<li><a href=\"http:\/\/icr.you2.pl\/wp-content\/uploads\/2020\/04\/Bio_oral_mucosa.png\" target=\"_blank\" rel=\"noopener noreferrer\" data-slb-active=\"1\" data-slb-asset=\"290299341\" data-slb-internal=\"0\" data-slb-group=\"979\">mutes g\u013cot\u0101das kairin\u0101jums,<\/a><\/li>\n<li><a href=\"http:\/\/icr.you2.pl\/wp-content\/uploads\/2020\/04\/Bio_pyrogen.png\" target=\"_blank\" rel=\"noopener noreferrer\" data-slb-active=\"1\" data-slb-asset=\"1374573229\" data-slb-internal=\"0\" data-slb-group=\"979\">pirog\u0113nu,<\/a><\/li>\n<li><a href=\"http:\/\/icr.you2.pl\/wp-content\/uploads\/2020\/04\/Bio_implantation.png\" target=\"_blank\" rel=\"noopener noreferrer\" data-slb-active=\"1\" data-slb-asset=\"1001191268\" data-slb-internal=\"0\" data-slb-group=\"979\">subhroniska toksicit\u0101te un implant\u0101cija,<\/a><\/li>\n<li><a href=\"http:\/\/icr.you2.pl\/wp-content\/uploads\/2020\/04\/Bio_skin_sensitization.png\" target=\"_blank\" rel=\"noopener noreferrer\" data-slb-active=\"1\" data-slb-asset=\"1517655755\" data-slb-internal=\"0\" data-slb-group=\"979\">\u0101das jut\u012bgums<\/a><\/li>\n<\/ul>\n<\/li>\n<\/ul>\n<p><img decoding=\"async\" class=\"alignleft wp-image-3851 size-full\" src=\"http:\/\/icr.you2.pl\/wp-content\/uploads\/2020\/04\/toxicology.jpg\" alt=\"Biolo\u0123isk\u0101 sader\u012bba\" width=\"280\" height=\"150\" \/><\/p>\n<p>&nbsp;<\/p>\n<p>&nbsp;<\/p>\n<p class=\"translation-block\">Aicin\u0101m J\u016bs <a href=\"mailto:icrpolska@icrqa.com\" target=\"_self\">kontakt\u0113ties<\/a> un sadarboties.<\/p>","protected":false},"excerpt":{"rendered":"<p>M\u016bsu laboratorij\u0101s m\u0113s veicam \u0161\u0101dus medic\u012bnisko ier\u012b\u010du testus un p\u0101rbaudes saska\u0146\u0101 ar ISO 10993 s\u0113rijas standartiem: mutagenit\u0101te: bakt\u0113riju revers\u0101s mut\u0101cijas tests in vitro hromosomu aber\u0101ciju testi in vivo mikrokodolu \u0161\u016bnu citotoksicit\u0101te in vitro, ak\u016bta sist\u0113miska toksicit\u0101te, \u0101das kairin\u0101jums, intraderm\u0101l\u0101 reaktivit\u0101te, mutes g\u013cot\u0101das kairin\u0101jums, pirog\u0113niskums, subhroniska toksicit\u0101te un implant\u0101cija, \u0101das sensibiliz\u0101cija ...&nbsp;<a href=\"https:\/\/icr.you2.pl\/lv\/badania-wyrobow\/biokompatybilnosc\/\" rel=\"bookmark\">Las\u012bt vair\u0101k \"<span class=\"screen-reader-text\">Biolo\u0123isk\u0101 sader\u012bba<\/span><\/a><\/p>","protected":false},"author":2,"featured_media":0,"parent":979,"menu_order":0,"comment_status":"closed","ping_status":"closed","template":"","meta":{"neve_meta_sidebar":"","neve_meta_container":"","neve_meta_enable_content_width":"off","neve_meta_content_width":70,"neve_meta_title_alignment":"","neve_meta_author_avatar":"","neve_post_elements_order":"","neve_meta_disable_header":"","neve_meta_disable_footer":"","neve_meta_disable_title":"","footnotes":""},"class_list":["post-3827","page","type-page","status-publish","hentry"],"yoast_head":"<!-- This site is optimized with the Yoast SEO plugin v26.8 - https:\/\/yoast.com\/product\/yoast-seo-wordpress\/ -->\n<title>Biokompatybilno\u015b\u0107 - ICR POLSKA - badania i certyfikacja<\/title>\n<meta name=\"robots\" content=\"index, follow, max-snippet:-1, max-image-preview:large, max-video-preview:-1\" \/>\n<link rel=\"canonical\" href=\"https:\/\/icr.you2.pl\/lv\/badania-wyrobow\/biokompatybilnosc\/\" \/>\n<meta property=\"og:locale\" content=\"lv_LV\" \/>\n<meta property=\"og:type\" content=\"article\" \/>\n<meta property=\"og:title\" content=\"Biokompatybilno\u015b\u0107 - ICR POLSKA - badania i certyfikacja\" \/>\n<meta property=\"og:description\" content=\"W naszych laboratoriach wykonujemy nast\u0119puj\u0105ce badania i testy wyrob\u00f3w medycznych zgodnie z normami serii ISO 10993: mutagenno\u015bci: bakteryjny test mutacji powrotnych badania in vitro aberracji chromosomowych badania in vivo mikroj\u0105derek kom\u00f3rek cytotoksyczno\u015bci in vitro, ostrej toksyczno\u015bci og\u00f3lnoustrojowej, podra\u017cnienia sk\u00f3ry, reaktywno\u015bci \u015br\u00f3dsk\u00f3rnej, podra\u017cnienia b\u0142ony \u015bluzowej jamy ustnej, pirogenowy, toksyczno\u015bci podchronicznej oraz implantacji, uczulenia sk\u00f3ry &nbsp; &nbsp;&hellip;&nbsp;Read More &raquo;Biokompatybilno\u015b\u0107\" \/>\n<meta property=\"og:url\" content=\"https:\/\/icr.you2.pl\/lv\/badania-wyrobow\/biokompatybilnosc\/\" \/>\n<meta property=\"og:site_name\" content=\"ICR POLSKA - badania i certyfikacja\" \/>\n<meta property=\"article:modified_time\" content=\"2022-09-07T21:31:21+00:00\" \/>\n<meta property=\"og:image\" content=\"http:\/\/icr.you2.pl\/wp-content\/uploads\/2020\/04\/implant-e1587567193650-251x300.jpg\" \/>\n<meta name=\"twitter:card\" content=\"summary_large_image\" \/>\n<meta name=\"twitter:label1\" content=\"Est. reading time\" \/>\n\t<meta name=\"twitter:data1\" content=\"1 min\u016bte\" \/>\n<script type=\"application\/ld+json\" class=\"yoast-schema-graph\">{\"@context\":\"https:\/\/schema.org\",\"@graph\":[{\"@type\":\"WebPage\",\"@id\":\"https:\/\/icr.you2.pl\/badania-wyrobow\/biokompatybilnosc\/\",\"url\":\"https:\/\/icr.you2.pl\/badania-wyrobow\/biokompatybilnosc\/\",\"name\":\"Biokompatybilno\u015b\u0107 - ICR POLSKA - badania i certyfikacja\",\"isPartOf\":{\"@id\":\"https:\/\/icr.you2.pl\/#website\"},\"primaryImageOfPage\":{\"@id\":\"https:\/\/icr.you2.pl\/badania-wyrobow\/biokompatybilnosc\/#primaryimage\"},\"image\":{\"@id\":\"https:\/\/icr.you2.pl\/badania-wyrobow\/biokompatybilnosc\/#primaryimage\"},\"thumbnailUrl\":\"http:\/\/icr.you2.pl\/wp-content\/uploads\/2020\/04\/implant-e1587567193650-251x300.jpg\",\"datePublished\":\"2020-04-22T12:41:41+00:00\",\"dateModified\":\"2022-09-07T21:31:21+00:00\",\"breadcrumb\":{\"@id\":\"https:\/\/icr.you2.pl\/badania-wyrobow\/biokompatybilnosc\/#breadcrumb\"},\"inLanguage\":\"lv-LV\",\"potentialAction\":[{\"@type\":\"ReadAction\",\"target\":[\"https:\/\/icr.you2.pl\/badania-wyrobow\/biokompatybilnosc\/\"]}]},{\"@type\":\"ImageObject\",\"inLanguage\":\"lv-LV\",\"@id\":\"https:\/\/icr.you2.pl\/badania-wyrobow\/biokompatybilnosc\/#primaryimage\",\"url\":\"http:\/\/icr.you2.pl\/wp-content\/uploads\/2020\/04\/implant-e1587567193650-251x300.jpg\",\"contentUrl\":\"http:\/\/icr.you2.pl\/wp-content\/uploads\/2020\/04\/implant-e1587567193650-251x300.jpg\"},{\"@type\":\"BreadcrumbList\",\"@id\":\"https:\/\/icr.you2.pl\/badania-wyrobow\/biokompatybilnosc\/#breadcrumb\",\"itemListElement\":[{\"@type\":\"ListItem\",\"position\":1,\"name\":\"Strona g\u0142\u00f3wna\",\"item\":\"https:\/\/icr.you2.pl\/\"},{\"@type\":\"ListItem\",\"position\":2,\"name\":\"Badania wyrob\u00f3w\",\"item\":\"https:\/\/icr.you2.pl\/badania-wyrobow\/\"},{\"@type\":\"ListItem\",\"position\":3,\"name\":\"Biokompatybilno\u015b\u0107\"}]},{\"@type\":\"WebSite\",\"@id\":\"https:\/\/icr.you2.pl\/#website\",\"url\":\"https:\/\/icr.you2.pl\/\",\"name\":\"ICR POLSKA - badania i certyfikacja\",\"description\":\"CE certification, CE certificate, ISO certificate, RED testing, product testing and certification, electrical product testing, medical device testing, ATEX, IECEx, FCC, product certification, EMC testing, machinery certification, CE machines, training, electronic product testing, testing 2014\/53\/EU, drone certification, ISO 13485 certificate, ISO 9001 certificate, NC RfG\",\"publisher\":{\"@id\":\"https:\/\/icr.you2.pl\/#\/schema\/person\/944799c9e2f4a94662e3fcb3b1544baf\"},\"potentialAction\":[{\"@type\":\"SearchAction\",\"target\":{\"@type\":\"EntryPoint\",\"urlTemplate\":\"https:\/\/icr.you2.pl\/?s={search_term_string}\"},\"query-input\":{\"@type\":\"PropertyValueSpecification\",\"valueRequired\":true,\"valueName\":\"search_term_string\"}}],\"inLanguage\":\"lv-LV\"},{\"@type\":[\"Person\",\"Organization\"],\"@id\":\"https:\/\/icr.you2.pl\/#\/schema\/person\/944799c9e2f4a94662e3fcb3b1544baf\",\"name\":\"admin\",\"image\":{\"@type\":\"ImageObject\",\"inLanguage\":\"lv-LV\",\"@id\":\"https:\/\/icr.you2.pl\/#\/schema\/person\/image\/\",\"url\":\"https:\/\/icr.you2.pl\/wp-content\/uploads\/2019\/05\/cropped-logo-icr.32f04ad5-1-1.png\",\"contentUrl\":\"https:\/\/icr.you2.pl\/wp-content\/uploads\/2019\/05\/cropped-logo-icr.32f04ad5-1-1.png\",\"width\":400,\"height\":148,\"caption\":\"admin\"},\"logo\":{\"@id\":\"https:\/\/icr.you2.pl\/#\/schema\/person\/image\/\"}}]}<\/script>\n<!-- \/ Yoast SEO plugin. -->","yoast_head_json":{"title":"Biolo\u0123isk\u0101 sader\u012bba - ICR POLIJA - test\u0113\u0161ana un sertifik\u0101cija","robots":{"index":"index","follow":"follow","max-snippet":"max-snippet:-1","max-image-preview":"max-image-preview:large","max-video-preview":"max-video-preview:-1"},"canonical":"https:\/\/icr.you2.pl\/lv\/badania-wyrobow\/biokompatybilnosc\/","og_locale":"lv_LV","og_type":"article","og_title":"Biokompatybilno\u015b\u0107 - ICR POLSKA - badania i certyfikacja","og_description":"W naszych laboratoriach wykonujemy nast\u0119puj\u0105ce badania i testy wyrob\u00f3w medycznych zgodnie z normami serii ISO 10993: mutagenno\u015bci: bakteryjny test mutacji powrotnych badania in vitro aberracji chromosomowych badania in vivo mikroj\u0105derek kom\u00f3rek cytotoksyczno\u015bci in vitro, ostrej toksyczno\u015bci og\u00f3lnoustrojowej, podra\u017cnienia sk\u00f3ry, reaktywno\u015bci \u015br\u00f3dsk\u00f3rnej, podra\u017cnienia b\u0142ony \u015bluzowej jamy ustnej, pirogenowy, toksyczno\u015bci podchronicznej oraz implantacji, uczulenia sk\u00f3ry &nbsp; &nbsp;&hellip;&nbsp;Read More &raquo;Biokompatybilno\u015b\u0107","og_url":"https:\/\/icr.you2.pl\/lv\/badania-wyrobow\/biokompatybilnosc\/","og_site_name":"ICR POLSKA - badania i certyfikacja","article_modified_time":"2022-09-07T21:31:21+00:00","og_image":[{"url":"http:\/\/icr.you2.pl\/wp-content\/uploads\/2020\/04\/implant-e1587567193650-251x300.jpg","type":"","width":"","height":""}],"twitter_card":"summary_large_image","twitter_misc":{"Est. reading time":"1 min\u016bte"},"schema":{"@context":"https:\/\/schema.org","@graph":[{"@type":"WebPage","@id":"https:\/\/icr.you2.pl\/badania-wyrobow\/biokompatybilnosc\/","url":"https:\/\/icr.you2.pl\/badania-wyrobow\/biokompatybilnosc\/","name":"Biolo\u0123isk\u0101 sader\u012bba - ICR POLIJA - test\u0113\u0161ana un sertifik\u0101cija","isPartOf":{"@id":"https:\/\/icr.you2.pl\/#website"},"primaryImageOfPage":{"@id":"https:\/\/icr.you2.pl\/badania-wyrobow\/biokompatybilnosc\/#primaryimage"},"image":{"@id":"https:\/\/icr.you2.pl\/badania-wyrobow\/biokompatybilnosc\/#primaryimage"},"thumbnailUrl":"http:\/\/icr.you2.pl\/wp-content\/uploads\/2020\/04\/implant-e1587567193650-251x300.jpg","datePublished":"2020-04-22T12:41:41+00:00","dateModified":"2022-09-07T21:31:21+00:00","breadcrumb":{"@id":"https:\/\/icr.you2.pl\/badania-wyrobow\/biokompatybilnosc\/#breadcrumb"},"inLanguage":"lv-LV","potentialAction":[{"@type":"ReadAction","target":["https:\/\/icr.you2.pl\/badania-wyrobow\/biokompatybilnosc\/"]}]},{"@type":"ImageObject","inLanguage":"lv-LV","@id":"https:\/\/icr.you2.pl\/badania-wyrobow\/biokompatybilnosc\/#primaryimage","url":"http:\/\/icr.you2.pl\/wp-content\/uploads\/2020\/04\/implant-e1587567193650-251x300.jpg","contentUrl":"http:\/\/icr.you2.pl\/wp-content\/uploads\/2020\/04\/implant-e1587567193650-251x300.jpg"},{"@type":"BreadcrumbList","@id":"https:\/\/icr.you2.pl\/badania-wyrobow\/biokompatybilnosc\/#breadcrumb","itemListElement":[{"@type":"ListItem","position":1,"name":"Strona g\u0142\u00f3wna","item":"https:\/\/icr.you2.pl\/"},{"@type":"ListItem","position":2,"name":"Badania wyrob\u00f3w","item":"https:\/\/icr.you2.pl\/badania-wyrobow\/"},{"@type":"ListItem","position":3,"name":"Biokompatybilno\u015b\u0107"}]},{"@type":"WebSite","@id":"https:\/\/icr.you2.pl\/#website","url":"https:\/\/icr.you2.pl\/","name":"ICR POLIJA - test\u0113\u0161ana un sertifik\u0101cija","description":"CE sertifik\u0101cija, CE sertifik\u0101ts, ISO sertifik\u0101ts, RED test\u0113\u0161ana, produktu test\u0113\u0161ana un sertifik\u0101cija, elektrisko produktu test\u0113\u0161ana, medic\u012bnas ier\u012b\u010du test\u0113\u0161ana, ATEX, IECEx, FCC, produktu sertifik\u0101cija, EMC test\u0113\u0161ana, ma\u0161\u012bnu sertifik\u0101cija, CE iek\u0101rtas, apm\u0101c\u012bba, elektronisko produktu test\u0113\u0161ana, test\u0113\u0161ana 2014\/53\/ES, dronu sertifik\u0101cija, ISO 13485 sertifik\u0101ts, ISO 9001 sertifik\u0101ts, NC RfG","publisher":{"@id":"https:\/\/icr.you2.pl\/#\/schema\/person\/944799c9e2f4a94662e3fcb3b1544baf"},"potentialAction":[{"@type":"SearchAction","target":{"@type":"EntryPoint","urlTemplate":"https:\/\/icr.you2.pl\/?s={search_term_string}"},"query-input":{"@type":"PropertyValueSpecification","valueRequired":true,"valueName":"search_term_string"}}],"inLanguage":"lv-LV"},{"@type":["Person","Organization"],"@id":"https:\/\/icr.you2.pl\/#\/schema\/person\/944799c9e2f4a94662e3fcb3b1544baf","name":"administrators","image":{"@type":"ImageObject","inLanguage":"lv-LV","@id":"https:\/\/icr.you2.pl\/#\/schema\/person\/image\/","url":"https:\/\/icr.you2.pl\/wp-content\/uploads\/2019\/05\/cropped-logo-icr.32f04ad5-1-1.png","contentUrl":"https:\/\/icr.you2.pl\/wp-content\/uploads\/2019\/05\/cropped-logo-icr.32f04ad5-1-1.png","width":400,"height":148,"caption":"admin"},"logo":{"@id":"https:\/\/icr.you2.pl\/#\/schema\/person\/image\/"}}]}},"_links":{"self":[{"href":"https:\/\/icr.you2.pl\/lv\/wp-json\/wp\/v2\/pages\/3827","targetHints":{"allow":["GET"]}}],"collection":[{"href":"https:\/\/icr.you2.pl\/lv\/wp-json\/wp\/v2\/pages"}],"about":[{"href":"https:\/\/icr.you2.pl\/lv\/wp-json\/wp\/v2\/types\/page"}],"author":[{"embeddable":true,"href":"https:\/\/icr.you2.pl\/lv\/wp-json\/wp\/v2\/users\/2"}],"replies":[{"embeddable":true,"href":"https:\/\/icr.you2.pl\/lv\/wp-json\/wp\/v2\/comments?post=3827"}],"version-history":[{"count":0,"href":"https:\/\/icr.you2.pl\/lv\/wp-json\/wp\/v2\/pages\/3827\/revisions"}],"up":[{"embeddable":true,"href":"https:\/\/icr.you2.pl\/lv\/wp-json\/wp\/v2\/pages\/979"}],"wp:attachment":[{"href":"https:\/\/icr.you2.pl\/lv\/wp-json\/wp\/v2\/media?parent=3827"}],"curies":[{"name":"wp","href":"https:\/\/api.w.org\/{rel}","templated":true}]}}