{"id":433,"date":"2019-03-19T10:00:09","date_gmt":"2019-03-19T10:00:09","guid":{"rendered":"http:\/\/icrpolska.e-ksperci.pl\/?page_id=433"},"modified":"2024-12-30T11:01:47","modified_gmt":"2024-12-30T10:01:47","slug":"czlonkostwa","status":"publish","type":"page","link":"https:\/\/icr.you2.pl\/lv\/czlonkostwa\/","title":{"rendered":"Dal\u012bba"},"content":{"rendered":"<p><strong><img decoding=\"async\" class=\"alignleft wp-image-2697\" src=\"http:\/\/icr.you2.pl\/wp-content\/uploads\/2019\/06\/REDCA_logo-e1559731944705.jpg\" alt=\"REDCA \" width=\"150\" height=\"101\" \/><\/strong><\/p>\n<p><strong>REDCA<\/strong>\u00a0(Radioiek\u0101rtu direkt\u012bvas atbilst\u012bbas asoci\u0101cija) -<br \/>\n<strong>Pazi\u0146oto iest\u0101\u017eu asoci\u0101cija saska\u0146\u0101 ar RED direkt\u012bvu<\/strong><\/p>\n<p>REDCA ir izveidota saska\u0146\u0101 ar Radioiek\u0101rtu direkt\u012bvas 2014\/53\/ES (RED) pras\u012bb\u0101m, jo \u012bpa\u0161i 26. panta 11. punkt\u0101 un 38. pant\u0101 noteiktaj\u0101m atbilst\u012bbas pras\u012bb\u0101m pazi\u0146otaj\u0101m strukt\u016br\u0101m.<br \/>\nREDCA ir forums visiem, kas interes\u0113jas par radioiek\u0101rtu atbilst\u012bbu noteikumiem un tehniskajiem standartiem Eiropas Ekonomikas zon\u0101, k\u0101 ar\u012b valst\u012bs, kuras ir nosl\u0113gu\u0161as savstarp\u0113jas atz\u012b\u0161anas l\u012bgumu ar ES, piem\u0113ram, ASV, Kan\u0101d\u0101, Jap\u0101n\u0101, Jaunz\u0113land\u0113 un Austr\u0101lij\u0101. T\u0101s dal\u012bbnieki galvenok\u0101rt ir pazi\u0146ot\u0101s strukt\u016bras.<br \/>\nAsoci\u0101cijas locek\u013ci divas reizes gad\u0101 tiekas EVA. San\u0101ksmju laik\u0101 tiek izstr\u0101d\u0101tas kop\u0113jas nost\u0101jas attiec\u012bb\u0101 uz Eiropas Komisiju, ECC, ETSI, ADCO RED un MRA.<\/p>\n<p>&nbsp;<\/p>\n<p><b>ExNBG<\/b>\u00a0(ATEX pazi\u0146oto instit\u016bciju Eiropas koordin\u0101cijas grupa) -<br \/>\n<b>ATEX pazi\u0146oto instit\u016bciju Eiropas koordin\u0101cijas grupa<\/b><\/p>\n<p>ExNB ir izveidota saska\u0146\u0101 ar Direkt\u012bvas 2014\/34\/ES par spr\u0101dzienb\u012bstam\u0101 vid\u0113 lietojam\u0101m iek\u0101rt\u0101m un aizsardz\u012bbas sist\u0113m\u0101m (ATEX) pras\u012bb\u0101m, jo \u012bpa\u0161i 21.11. panta un 33. panta pras\u012bb\u0101m par atbilst\u012bbu pazi\u0146otaj\u0101m strukt\u016br\u0101m.<br \/>\nExNB grupa nodro\u0161ina, ka visas pazi\u0146ot\u0101s iest\u0101des str\u0101d\u0101 saska\u0146\u0101 ar vienot\u0101m pamatnost\u0101dn\u0113m. \u0160\u012bs vadl\u012bnijas, par kur\u0101m vienojas dal\u012bbnieku san\u0101ksm\u0113s, grupas sekretari\u0101ts public\u0113 skaidrojumu lap\u0101s.<\/p>\n<p><strong><img decoding=\"async\" class=\"wp-image-11034 alignleft\" src=\"http:\/\/icr.you2.pl\/wp-content\/uploads\/2023\/07\/Team_NB-300x284.jpg\" alt=\"\" width=\"123\" height=\"116\" srcset=\"https:\/\/icr.you2.pl\/wp-content\/uploads\/2023\/07\/Team_NB-300x284.jpg 300w, https:\/\/icr.you2.pl\/wp-content\/uploads\/2023\/07\/Team_NB-13x12.jpg 13w, https:\/\/icr.you2.pl\/wp-content\/uploads\/2023\/07\/Team_NB.jpg 519w\" sizes=\"(max-width: 123px) 100vw, 123px\" \/>TEAM -NB, Eiropas Medic\u012bnisko ier\u012b\u010du pazi\u0146oto instit\u016bciju asoci\u0101cija<\/strong> tika dibin\u0101ta 2001. gad\u0101.<br \/>\n\u0160obr\u012bd asoci\u0101cij\u0101 ir vair\u0101k nek\u0101 40 biedru no 20 da\u017e\u0101d\u0101m valst\u012bm.<\/p>\n<p>\u0160\u012b asoci\u0101cija veicina augstus standartus un aizsarg\u0101 pazi\u0146oto iest\u0101\u017eu intereses.<\/p>\n<p>&nbsp;<\/p>\n<p><img decoding=\"async\" class=\"wp-image-2883 alignleft\" src=\"http:\/\/icr.you2.pl\/wp-content\/uploads\/2019\/06\/IECEx_logo-300x127.png\" sizes=\"(max-width: 236px) 100vw, 236px\" srcset=\"http:\/\/icr.you2.pl\/wp-content\/uploads\/2019\/06\/IECEx_logo-300x127.png 300w, http:\/\/icr.you2.pl\/wp-content\/uploads\/2019\/06\/IECEx_logo.png 318w\" alt=\"\" width=\"236\" height=\"100\" \/><\/p>\n<p><strong>Starptautisk\u0101s Elektrotehnisk\u0101s komisijas sist\u0113ma sertifik\u0101cijai saska\u0146\u0101 ar standartiem, kas attiecas uz iek\u0101rt\u0101m, kuras paredz\u0113tas lieto\u0161anai spr\u0101dzienb\u012bstam\u0101 vid\u0113 (IECEx sist\u0113ma)<\/strong><\/p>\n<p>Vispasaules IECEx sist\u0113ma tika izveidota, lai atvieglotu starptautisko tirdzniec\u012bbu ar iek\u0101rt\u0101m un pakalpojumiem, kas paredz\u0113ti lieto\u0161anai spr\u0101dzienb\u012bstam\u0101 vid\u0113 (Ex iek\u0101rtas\/produkti), vienlaikus saglab\u0101jot nepiecie\u0161amo dro\u0161\u012bbas l\u012bmeni.<\/p>\n<p><img loading=\"lazy\" decoding=\"async\" class=\"alignleft wp-image-2696\" src=\"http:\/\/icr.you2.pl\/wp-content\/uploads\/2019\/06\/pkn_logo-300x207.jpg\" alt=\"\" width=\"150\" height=\"96\" \/><\/p>\n<p>&nbsp;<\/p>\n<p>ICR Polijas p\u0101rst\u0101vji akt\u012bvi piedal\u0101s \u0161\u0101du PKN tehnisko komiteju darb\u0101:<\/p>\n<p>&nbsp;<\/p>\n<ul>\n<li>KT 11 par telekomunik\u0101cij\u0101m<\/li>\n<li>KT 19 Avi\u0101cija un kosmoss<\/li>\n<li>KT 56 par rot\u0113jo\u0161\u0101m elektriskaj\u0101m ma\u0161\u012bn\u0101m un rokas un portat\u012bvajiem elektriskajiem darbar\u012bkiem<\/li>\n<li>KT 63 par pat\u0113r\u0113t\u0101ju elektroiek\u0101rt\u0101m<\/li>\n<li>KT 64 par elektroiek\u0101rt\u0101m spr\u0101dzienb\u012bstam\u0101 vid\u0113<\/li>\n<li>KT 67 par medic\u012bnas elektroiek\u0101rt\u0101m<\/li>\n<li>KT 104 par elektromagn\u0113tisko savietojam\u012bbu<\/li>\n<li>KT 158 par ma\u0161\u012bnu un tehnisko iek\u0101rtu dro\u0161\u012bbu un ergonomiku - visp\u0101r\u012bgi jaut\u0101jumi<\/li>\n<li>KT 177 bru\u0146ojuma un milit\u0101r\u0101 apr\u012bkojuma projekt\u0113\u0161anai un ra\u017eo\u0161anai<\/li>\n<li>KT 247 par medic\u012bnas materi\u0101liem un biomateri\u0101liem<\/li>\n<li>TC 269 par \u0137\u012bmisko dro\u0161\u012bbu<\/li>\n<li>KT 304 par elektroener\u0123ijas pieg\u0101des sist\u0113mas aspektiem<\/li>\n<\/ul>\n<p>&nbsp;<\/p>","protected":false},"excerpt":{"rendered":"<p>REDCA (Radioiek\u0101rtu direkt\u012bvas atbilst\u012bbas asoci\u0101cija) - RED direkt\u012bvas pazi\u0146oto instit\u016bciju asoci\u0101cija REDCA tika izveidota saska\u0146\u0101 ar Radioiek\u0101rtu direkt\u012bvas 2014\/53\/ES (RED) pras\u012bb\u0101m, jo \u012bpa\u0161i 26. panta 11. punkta un 38. panta atbilst\u012bbas pras\u012bb\u0101m pazi\u0146otaj\u0101m instit\u016bcij\u0101m. REDCA nodro\u0161ina forumu visiem, kas ir ieinteres\u0113ti radioiek\u0101rtu atbilst\u012bbas nodro\u0161in\u0101\u0161an\u0101 noteikumiem un tehniskajiem standartiem Eiropas...&nbsp;<a href=\"https:\/\/icr.you2.pl\/lv\/czlonkostwa\/\" rel=\"bookmark\">Las\u012bt vair\u0101k \"<span class=\"screen-reader-text\">Dal\u012bba<\/span><\/a><\/p>","protected":false},"author":1,"featured_media":0,"parent":0,"menu_order":0,"comment_status":"closed","ping_status":"closed","template":"","meta":{"neve_meta_sidebar":"","neve_meta_container":"","neve_meta_enable_content_width":"off","neve_meta_content_width":70,"neve_meta_title_alignment":"","neve_meta_author_avatar":"","neve_post_elements_order":"","neve_meta_disable_header":"","neve_meta_disable_footer":"","neve_meta_disable_title":"","footnotes":""},"class_list":["post-433","page","type-page","status-publish","hentry"],"yoast_head":"<!-- This site is optimized with the Yoast SEO plugin v26.8 - https:\/\/yoast.com\/product\/yoast-seo-wordpress\/ -->\n<title>Cz\u0142onkostwa - ICR POLSKA - badania i certyfikacja<\/title>\n<meta name=\"robots\" content=\"index, follow, max-snippet:-1, max-image-preview:large, max-video-preview:-1\" \/>\n<link rel=\"canonical\" href=\"https:\/\/icr.you2.pl\/lv\/czlonkostwa\/\" \/>\n<meta property=\"og:locale\" content=\"lv_LV\" \/>\n<meta property=\"og:type\" content=\"article\" \/>\n<meta property=\"og:title\" content=\"Cz\u0142onkostwa - ICR POLSKA - badania i certyfikacja\" \/>\n<meta property=\"og:description\" content=\"REDCA\u00a0(Radio Equipment Directive Compliance Association) \u2013 Stowarzyszenie Jednostek Notyfikowanych w zakresie dyrektywy RED REDCA zosta\u0142a utworzona zgodnie z wymaganiami dyrektywy o urz\u0105dzeniach radiowych 2014\/53\/UE (RED), w szczeg\u00f3lno\u015bci wymaganiami zgodno\u015bci z art. 26.11 i art. 38 dla jednostek notyfikowanych. REDCA stanowi forum dla wszystkich os\u00f3b zainteresowanych zgodno\u015bci\u0105 urz\u0105dze\u0144 radiowych z przepisami i standardami technicznymi w Europejskim&hellip;&nbsp;Read More &raquo;Cz\u0142onkostwa\" \/>\n<meta property=\"og:url\" content=\"https:\/\/icr.you2.pl\/lv\/czlonkostwa\/\" \/>\n<meta property=\"og:site_name\" content=\"ICR POLSKA - badania i certyfikacja\" \/>\n<meta property=\"article:modified_time\" content=\"2024-12-30T10:01:47+00:00\" \/>\n<meta property=\"og:image\" content=\"http:\/\/icr.you2.pl\/wp-content\/uploads\/2019\/06\/REDCA_logo-e1559731944705.jpg\" \/>\n<meta name=\"twitter:card\" content=\"summary_large_image\" \/>\n<meta name=\"twitter:label1\" content=\"Est. reading time\" \/>\n\t<meta name=\"twitter:data1\" content=\"3 min\u016btes\" \/>\n<script type=\"application\/ld+json\" class=\"yoast-schema-graph\">{\"@context\":\"https:\/\/schema.org\",\"@graph\":[{\"@type\":\"WebPage\",\"@id\":\"https:\/\/icr.you2.pl\/czlonkostwa\/\",\"url\":\"https:\/\/icr.you2.pl\/czlonkostwa\/\",\"name\":\"Cz\u0142onkostwa - ICR POLSKA - badania i certyfikacja\",\"isPartOf\":{\"@id\":\"https:\/\/icr.you2.pl\/#website\"},\"primaryImageOfPage\":{\"@id\":\"https:\/\/icr.you2.pl\/czlonkostwa\/#primaryimage\"},\"image\":{\"@id\":\"https:\/\/icr.you2.pl\/czlonkostwa\/#primaryimage\"},\"thumbnailUrl\":\"http:\/\/icr.you2.pl\/wp-content\/uploads\/2019\/06\/REDCA_logo-e1559731944705.jpg\",\"datePublished\":\"2019-03-19T10:00:09+00:00\",\"dateModified\":\"2024-12-30T10:01:47+00:00\",\"breadcrumb\":{\"@id\":\"https:\/\/icr.you2.pl\/czlonkostwa\/#breadcrumb\"},\"inLanguage\":\"lv-LV\",\"potentialAction\":[{\"@type\":\"ReadAction\",\"target\":[\"https:\/\/icr.you2.pl\/czlonkostwa\/\"]}]},{\"@type\":\"ImageObject\",\"inLanguage\":\"lv-LV\",\"@id\":\"https:\/\/icr.you2.pl\/czlonkostwa\/#primaryimage\",\"url\":\"http:\/\/icr.you2.pl\/wp-content\/uploads\/2019\/06\/REDCA_logo-e1559731944705.jpg\",\"contentUrl\":\"http:\/\/icr.you2.pl\/wp-content\/uploads\/2019\/06\/REDCA_logo-e1559731944705.jpg\"},{\"@type\":\"BreadcrumbList\",\"@id\":\"https:\/\/icr.you2.pl\/czlonkostwa\/#breadcrumb\",\"itemListElement\":[{\"@type\":\"ListItem\",\"position\":1,\"name\":\"Strona g\u0142\u00f3wna\",\"item\":\"https:\/\/icr.you2.pl\/\"},{\"@type\":\"ListItem\",\"position\":2,\"name\":\"Cz\u0142onkostwa\"}]},{\"@type\":\"WebSite\",\"@id\":\"https:\/\/icr.you2.pl\/#website\",\"url\":\"https:\/\/icr.you2.pl\/\",\"name\":\"ICR POLSKA - badania i certyfikacja\",\"description\":\"CE certification, CE certificate, ISO certificate, RED testing, product testing and certification, electrical product testing, medical device testing, ATEX, IECEx, FCC, product certification, EMC testing, machinery certification, CE machines, training, electronic product testing, testing 2014\/53\/EU, drone certification, ISO 13485 certificate, ISO 9001 certificate, NC RfG\",\"publisher\":{\"@id\":\"https:\/\/icr.you2.pl\/#\/schema\/person\/944799c9e2f4a94662e3fcb3b1544baf\"},\"potentialAction\":[{\"@type\":\"SearchAction\",\"target\":{\"@type\":\"EntryPoint\",\"urlTemplate\":\"https:\/\/icr.you2.pl\/?s={search_term_string}\"},\"query-input\":{\"@type\":\"PropertyValueSpecification\",\"valueRequired\":true,\"valueName\":\"search_term_string\"}}],\"inLanguage\":\"lv-LV\"},{\"@type\":[\"Person\",\"Organization\"],\"@id\":\"https:\/\/icr.you2.pl\/#\/schema\/person\/944799c9e2f4a94662e3fcb3b1544baf\",\"name\":\"admin\",\"image\":{\"@type\":\"ImageObject\",\"inLanguage\":\"lv-LV\",\"@id\":\"https:\/\/icr.you2.pl\/#\/schema\/person\/image\/\",\"url\":\"https:\/\/icr.you2.pl\/wp-content\/uploads\/2019\/05\/cropped-logo-icr.32f04ad5-1-1.png\",\"contentUrl\":\"https:\/\/icr.you2.pl\/wp-content\/uploads\/2019\/05\/cropped-logo-icr.32f04ad5-1-1.png\",\"width\":400,\"height\":148,\"caption\":\"admin\"},\"logo\":{\"@id\":\"https:\/\/icr.you2.pl\/#\/schema\/person\/image\/\"}}]}<\/script>\n<!-- \/ Yoast SEO plugin. -->","yoast_head_json":{"title":"Dal\u012bba - ICR POLIJA - Test\u0113\u0161ana un sertifik\u0101cija","robots":{"index":"index","follow":"follow","max-snippet":"max-snippet:-1","max-image-preview":"max-image-preview:large","max-video-preview":"max-video-preview:-1"},"canonical":"https:\/\/icr.you2.pl\/lv\/czlonkostwa\/","og_locale":"lv_LV","og_type":"article","og_title":"Cz\u0142onkostwa - ICR POLSKA - badania i certyfikacja","og_description":"REDCA\u00a0(Radio Equipment Directive Compliance Association) \u2013 Stowarzyszenie Jednostek Notyfikowanych w zakresie dyrektywy RED REDCA zosta\u0142a utworzona zgodnie z wymaganiami dyrektywy o urz\u0105dzeniach radiowych 2014\/53\/UE (RED), w szczeg\u00f3lno\u015bci wymaganiami zgodno\u015bci z art. 26.11 i art. 38 dla jednostek notyfikowanych. REDCA stanowi forum dla wszystkich os\u00f3b zainteresowanych zgodno\u015bci\u0105 urz\u0105dze\u0144 radiowych z przepisami i standardami technicznymi w Europejskim&hellip;&nbsp;Read More &raquo;Cz\u0142onkostwa","og_url":"https:\/\/icr.you2.pl\/lv\/czlonkostwa\/","og_site_name":"ICR POLSKA - badania i certyfikacja","article_modified_time":"2024-12-30T10:01:47+00:00","og_image":[{"url":"http:\/\/icr.you2.pl\/wp-content\/uploads\/2019\/06\/REDCA_logo-e1559731944705.jpg","type":"","width":"","height":""}],"twitter_card":"summary_large_image","twitter_misc":{"Est. reading time":"3 min\u016btes"},"schema":{"@context":"https:\/\/schema.org","@graph":[{"@type":"WebPage","@id":"https:\/\/icr.you2.pl\/czlonkostwa\/","url":"https:\/\/icr.you2.pl\/czlonkostwa\/","name":"Dal\u012bba - ICR POLIJA - Test\u0113\u0161ana un sertifik\u0101cija","isPartOf":{"@id":"https:\/\/icr.you2.pl\/#website"},"primaryImageOfPage":{"@id":"https:\/\/icr.you2.pl\/czlonkostwa\/#primaryimage"},"image":{"@id":"https:\/\/icr.you2.pl\/czlonkostwa\/#primaryimage"},"thumbnailUrl":"http:\/\/icr.you2.pl\/wp-content\/uploads\/2019\/06\/REDCA_logo-e1559731944705.jpg","datePublished":"2019-03-19T10:00:09+00:00","dateModified":"2024-12-30T10:01:47+00:00","breadcrumb":{"@id":"https:\/\/icr.you2.pl\/czlonkostwa\/#breadcrumb"},"inLanguage":"lv-LV","potentialAction":[{"@type":"ReadAction","target":["https:\/\/icr.you2.pl\/czlonkostwa\/"]}]},{"@type":"ImageObject","inLanguage":"lv-LV","@id":"https:\/\/icr.you2.pl\/czlonkostwa\/#primaryimage","url":"http:\/\/icr.you2.pl\/wp-content\/uploads\/2019\/06\/REDCA_logo-e1559731944705.jpg","contentUrl":"http:\/\/icr.you2.pl\/wp-content\/uploads\/2019\/06\/REDCA_logo-e1559731944705.jpg"},{"@type":"BreadcrumbList","@id":"https:\/\/icr.you2.pl\/czlonkostwa\/#breadcrumb","itemListElement":[{"@type":"ListItem","position":1,"name":"Strona g\u0142\u00f3wna","item":"https:\/\/icr.you2.pl\/"},{"@type":"ListItem","position":2,"name":"Cz\u0142onkostwa"}]},{"@type":"WebSite","@id":"https:\/\/icr.you2.pl\/#website","url":"https:\/\/icr.you2.pl\/","name":"ICR POLIJA - test\u0113\u0161ana un sertifik\u0101cija","description":"CE sertifik\u0101cija, CE sertifik\u0101ts, ISO sertifik\u0101ts, RED test\u0113\u0161ana, produktu test\u0113\u0161ana un sertifik\u0101cija, elektrisko produktu test\u0113\u0161ana, medic\u012bnas ier\u012b\u010du test\u0113\u0161ana, ATEX, IECEx, FCC, produktu sertifik\u0101cija, EMC test\u0113\u0161ana, ma\u0161\u012bnu sertifik\u0101cija, CE iek\u0101rtas, apm\u0101c\u012bba, elektronisko produktu test\u0113\u0161ana, test\u0113\u0161ana 2014\/53\/ES, dronu sertifik\u0101cija, ISO 13485 sertifik\u0101ts, ISO 9001 sertifik\u0101ts, NC RfG","publisher":{"@id":"https:\/\/icr.you2.pl\/#\/schema\/person\/944799c9e2f4a94662e3fcb3b1544baf"},"potentialAction":[{"@type":"SearchAction","target":{"@type":"EntryPoint","urlTemplate":"https:\/\/icr.you2.pl\/?s={search_term_string}"},"query-input":{"@type":"PropertyValueSpecification","valueRequired":true,"valueName":"search_term_string"}}],"inLanguage":"lv-LV"},{"@type":["Person","Organization"],"@id":"https:\/\/icr.you2.pl\/#\/schema\/person\/944799c9e2f4a94662e3fcb3b1544baf","name":"administrators","image":{"@type":"ImageObject","inLanguage":"lv-LV","@id":"https:\/\/icr.you2.pl\/#\/schema\/person\/image\/","url":"https:\/\/icr.you2.pl\/wp-content\/uploads\/2019\/05\/cropped-logo-icr.32f04ad5-1-1.png","contentUrl":"https:\/\/icr.you2.pl\/wp-content\/uploads\/2019\/05\/cropped-logo-icr.32f04ad5-1-1.png","width":400,"height":148,"caption":"admin"},"logo":{"@id":"https:\/\/icr.you2.pl\/#\/schema\/person\/image\/"}}]}},"_links":{"self":[{"href":"https:\/\/icr.you2.pl\/lv\/wp-json\/wp\/v2\/pages\/433","targetHints":{"allow":["GET"]}}],"collection":[{"href":"https:\/\/icr.you2.pl\/lv\/wp-json\/wp\/v2\/pages"}],"about":[{"href":"https:\/\/icr.you2.pl\/lv\/wp-json\/wp\/v2\/types\/page"}],"author":[{"embeddable":true,"href":"https:\/\/icr.you2.pl\/lv\/wp-json\/wp\/v2\/users\/1"}],"replies":[{"embeddable":true,"href":"https:\/\/icr.you2.pl\/lv\/wp-json\/wp\/v2\/comments?post=433"}],"version-history":[{"count":0,"href":"https:\/\/icr.you2.pl\/lv\/wp-json\/wp\/v2\/pages\/433\/revisions"}],"wp:attachment":[{"href":"https:\/\/icr.you2.pl\/lv\/wp-json\/wp\/v2\/media?parent=433"}],"curies":[{"name":"wp","href":"https:\/\/api.w.org\/{rel}","templated":true}]}}