{"id":435,"date":"2019-03-19T10:00:59","date_gmt":"2019-03-19T10:00:59","guid":{"rendered":"http:\/\/icrpolska.e-ksperci.pl\/?page_id=435"},"modified":"2023-03-16T14:21:01","modified_gmt":"2023-03-16T13:21:01","slug":"oferty-pracy","status":"publish","type":"page","link":"https:\/\/icr.you2.pl\/lv\/oferty-pracy\/","title":{"rendered":"Darba iesp\u0113jas"},"content":{"rendered":"<p><strong>ICR Polska <\/strong>Ltd. s\u0101ka darb\u012bbu 2014. gad\u0101 k\u0101 ICR Co. Eiropas fili\u0101le. Ltd, starptautiska p\u0113tniec\u012bbas un sertifik\u0101cijas strukt\u016bra, kas atrodas Seul\u0101, Dienvidkorej\u0101.<\/p>\n<p>Mums ir pla\u0161a darb\u012bba TIC - test\u0113\u0161anas, p\u0101rbaudes un sertific\u0113\u0161anas jom\u0101 gan m\u0101j\u0101s, gan \u0101rzem\u0113s.<\/p>\n<p>ICR Polij\u0101 nesen ir veikta medic\u012bnisko ier\u012b\u010du sertifik\u0101cijas nov\u0113rt\u0113\u0161ana saska\u0146\u0101 ar Regulu 2017\/745 - MDR, t\u0101p\u0113c tiek mekl\u0113ti cilv\u0113ki ar pieredzi un paral\u0113lu v\u0113lmi att\u012bst\u012bties min\u0113taj\u0101 jom\u0101.<\/p>\n<h3 align=\"center\"><b>Medic\u012bnisko ier\u012b\u010du sertifik\u0101cijas speci\u0101lists\u00a0<\/b><\/h3>\n<p>Darba vieta: Darba vieta: Var\u0161ava, pilna slodze<\/p>\n<p><strong>DARBA APRAKSTS:<\/strong><\/p>\n<ul>\n<li>Veikt medic\u012bnisko ier\u012b\u010du dokument\u0101cijas form\u0101lu un saturisku nov\u0113rt\u0113\u0161anu,<\/li>\n<li>Konkr\u0113t\u0101 sertifik\u0101cijas posma ekspertu atlase un uzraudz\u012bba,<\/li>\n<li>Veikt p\u0101rbaudes uz vietas klientu objektos (gatav\u012bba ce\u013cot, tostarp uz \u0101rzem\u0113m),<\/li>\n<li>Cie\u0161a sadarb\u012bba ar eso\u0161ajiem un potenci\u0101lajiem klientiem,<\/li>\n<\/ul>\n<p><strong><b>PRAS\u012aBAS<\/b>:<\/strong><\/p>\n<ul>\n<li>Vismaz 3 gadu darba pieredze medic\u012bnas ier\u012b\u010du jom\u0101,<\/li>\n<li>Universit\u0101tes gr\u0101ds medic\u012bn\u0101, biotehnolo\u0123ij\u0101, medic\u012bnas \u0137\u012bmij\u0101, medic\u012bnas anal\u012bz\u0113, biomedic\u012bnas in\u017eenierij\u0101, materi\u0101lu in\u017eenierij\u0101 un saist\u012bt\u0101s discipl\u012bn\u0101s,<\/li>\n<li>Zin\u0101\u0161anas par reglament\u0113jo\u0161aj\u0101m un normat\u012bvaj\u0101m pras\u012bb\u0101m attiec\u012bb\u0101 uz medic\u012bniskaj\u0101m ier\u012bc\u0113m CE vajadz\u012bb\u0101m,<\/li>\n<li>zin\u0101\u0161anas par kvalit\u0101tes vad\u012bbas sist\u0113m\u0101m,<\/li>\n<li>ang\u013cu valodas zin\u0101\u0161anas augst\u0101kaj\u0101 l\u012bmen\u012b,<\/li>\n<\/ul>\n<p><strong><b>M\u0112S PIED\u0100V\u0100JAM<\/b>:<\/strong><\/p>\n<ul>\n<li>nodarbin\u0101t\u012bba saska\u0146\u0101 ar darba l\u012bgumu,<\/li>\n<li>fiks\u0113ta alga un ar darba rezult\u0101tiem saist\u012bta pr\u0113mija,<\/li>\n<li>Profesion\u0101l\u0101s izaugsmes iesp\u0113jas, izmantojot apm\u0101c\u012bbu un darbu dinamisk\u0101 starptautisk\u0101 organiz\u0101cij\u0101,<\/li>\n<\/ul>\n<p>Inform\u0101cija par uz\u0146\u0113mumu:<\/p>\n<p><a href=\"http:\/\/icr.you2.pl\/lv\/\">http:\/\/icr.you2.pl\/<\/a><\/p>\n<p><a href=\"http:\/\/icrqa.com\/\">http:\/\/icrqa.com\/<\/a><\/p>\n<hr \/>\n<h3 align=\"center\"><b>Vad\u012bbas sist\u0113mu sertifik\u0101cijas speci\u0101lists\u00a0<\/b><\/h3>\n<p><strong>DARBA APRAKSTS:<\/strong><\/p>\n<ul>\n<li>sertifik\u0101cijas un uzraudz\u012bbas procesu organiz\u0113\u0161ana un uzskaite.<\/li>\n<li>ieg\u0101de un sadarb\u012bba ar klientiem<\/li>\n<li>revidentu\/ekspertu sadarb\u012bba un uzraudz\u012bba.<\/li>\n<li>sadarb\u012bba ar viet\u0113jiem un \u0101rvalstu klientiem<\/li>\n<\/ul>\n<p><b>PRAS\u012aBAS:<\/b><\/p>\n<ul>\n<li>tehnisk\u0101s universit\u0101tes gr\u0101ds<\/li>\n<li>min. 2 gadu pieredze l\u012bdz\u012bg\u0101 amat\u0101 vai tehnisk\u0101 amat\u0101 ra\u017eo\u0161anas, dizaina vai p\u0113tniec\u012bbas jom\u0101.<\/li>\n<li>zin\u0101\u0161anas par ISO 9001, 14001, 13485 s\u0113rijas standartiem.<\/li>\n<li>pietiekamas ang\u013cu valodas zin\u0101\u0161anas, lai sp\u0113tu nov\u0113rt\u0113t produktu tehnisko dokument\u0101ciju, sazin\u0101ties ar klientiem.<\/li>\n<li>zin\u0101\u0161anas par ISO\/IEC 17021 un ISO\/IEC 17065 b\u016btu priek\u0161roc\u012bba.<\/li>\n<\/ul>\n<p><b>M\u0112S PIED\u0100V\u0100JAM:<\/b><\/p>\n<ul>\n<li>l\u012bgumdarbs vai B2B nodarbin\u0101t\u012bba<\/li>\n<li>str\u0101d\u0101t dinamisk\u0101 uz\u0146\u0113mum\u0101 un piedal\u012bties interesantos projektos.<\/li>\n<li>elast\u012bgs s\u0101kuma laiks (no plkst. 7.00 l\u012bdz 8.30),<\/li>\n<li>Iesp\u0113ja profesion\u0101li pilnveidoties starptautisk\u0101 ekspertu vid\u0113 nepiespiest\u0101 atmosf\u0113r\u0101,<\/li>\n<li>specializ\u0113tas apm\u0101c\u012bbas, lai saglab\u0101tu un pilnveidotu j\u016bsu ties\u012bbas.<\/li>\n<li>kompetencei atbilsto\u0161s atalgojums.<\/li>\n<\/ul>\n<p>&nbsp;<\/p>\n<hr \/>\n<p><strong>Nos\u016btot pieteikumu, pievienojiet rakstisku piekri\u0161anu:<\/strong><br \/>\nEs piekr\u012btu, ka ICR Polska Sp. z o. o. apstr\u0101d\u0101 manus personas datus, kas ietverti manos pieteikuma dokumentos, tikai darb\u0101 pie\u0146em\u0161anas procesa vajadz\u012bb\u0101m. Neatkar\u012bgi no iepriek\u0161 min\u0113t\u0101 m\u0113s v\u0113lamies j\u016bs inform\u0113t, ka datu p\u0101rzinis patur ties\u012bbas sazin\u0101ties ar atlas\u012btaj\u0101m person\u0101m, kuras atbilst sludin\u0101jum\u0101 nor\u0101d\u012btajiem krit\u0113rijiem. Vienlaikus m\u0113s sniedzam Jums inform\u0101ciju par J\u016bsu personas datu apstr\u0101di m\u016bsu darb\u0101 pie\u0146em\u0161anas proces\u0101, kas notiek saska\u0146\u0101 ar Eiropas Parlamenta un Padomes 2016. gada 27. apr\u012b\u013ca Regulu (ES) 2016\/679 par fizisku personu aizsardz\u012bbu attiec\u012bb\u0101 uz personas datu apstr\u0101di un \u0161\u0101du datu br\u012bvu apriti un ar ko atce\u013c Direkt\u012bvu 95\/46\/EK (Visp\u0101r\u012bg\u0101 datu aizsardz\u012bbas regula), turpm\u0101k tekst\u0101 - RODO:<\/p>\n<ol>\n<li>J\u016bsu pieteikuma dokumentos nor\u0101d\u012bto personas datu p\u0101rzinis ir ICR Polska Sp. z o.o. ar juridisko adresi Var\u0161av\u0101 03-944, Plac Przymierza 6, turpm\u0101k tekst\u0101 - Datu p\u0101rzinis.<\/li>\n<li>Datu p\u0101rzinis pazi\u0146o, ka tas ir atbild\u012bgs par savu pien\u0101kumu izpildi saska\u0146\u0101 ar datu aizsardz\u012bbas ties\u012bbu aktiem, jo \u012bpa\u0161i attiec\u012bb\u0101 uz j\u016bsu ties\u012bbu \u012bsteno\u0161anu.<\/li>\n<li>Ja jums ir k\u0101di jaut\u0101jumi par j\u016bsu datu apstr\u0101di, varat sazin\u0101ties ar mums: icrpolska@icrqa.com.<\/li>\n<li>J\u016bsu personas dati tiks apstr\u0101d\u0101ti partner\u012bbas izveides nol\u016bk\u0101.<\/li>\n<li>J\u016bsu sniegtie personas dati, piem\u0113ram, v\u0101rds, uzv\u0101rds, dzim\u0161anas datums, dz\u012bvesvietas adrese (pasta adrese) un inform\u0101cija par izgl\u012bt\u012bbu un iepriek\u0161\u0113jo darba v\u0113sturi, ir br\u012bvpr\u0101t\u012bgi, ta\u010du nepiecie\u0161ami un b\u016btiski person\u0101la atlases nol\u016bkos.  Dati tiks apstr\u0101d\u0101ti, pamatojoties uz RODO 6. panta 1. punkta b) apak\u0161punktu un Darba kodeksa 22. panta 1. punkta 1. da\u013cu.<\/li>\n<li>Citu datu, piem\u0113ram, e-pasta adreses, kontaktt\u0101lru\u0146a numura vai CV (att\u0113la) fotogr\u0101fijas, snieg\u0161ana no j\u016bsu puses ir br\u012bvpr\u0101t\u012bga, un to apstr\u0101de notiks, pamatojoties uz j\u016bsu piekri\u0161anu, kas dota, pamatojoties uz RODO 6. panta 1. punkta a) apak\u0161punktu.<\/li>\n<li>J\u016bsu personas datu sa\u0146\u0113m\u0113js ir ICR Polska Sp. z o.o. un datu p\u0101rzi\u0146a pilnvarotie darbinieki\/sadarbinieki, kas veic darb\u0101 pie\u0146em\u0161anas procesu.<\/li>\n<li>J\u016bsu personas dati tiks glab\u0101ti person\u0101la atlases laik\u0101, bet ne ilg\u0101k k\u0101 12 m\u0113ne\u0161us p\u0113c to sa\u0146em\u0161anas.<\/li>\n<li>Ar j\u016bsu piekri\u0161anu sniegtie dati tiks glab\u0101ti turpm\u0101kas atlases nol\u016bkos ne ilg\u0101k k\u0101 24 m\u0113ne\u0161us no \u0161\u0101das piekri\u0161anas dienas.<\/li>\n<li>Jums ir ties\u012bbas jebkur\u0101 laik\u0101 piek\u013c\u016bt savu datu saturam, k\u0101 ar\u012b ties\u012bbas uz datu labo\u0161anu, dz\u0113\u0161anu, apstr\u0101des ierobe\u017eo\u0161anu, ties\u012bbas uz datu p\u0101rnesam\u012bbu, ties\u012bbas iebilst un ties\u012bbas atsaukt piekri\u0161anu apstr\u0101dei, cikt\u0101l un saska\u0146\u0101 ar DPA noteiktajiem principiem.<\/li>\n<li>Piekri\u0161anas atsauk\u0161ana neietekm\u0113 pirms piekri\u0161anas atsauk\u0161anas veikt\u0101s apstr\u0101des likum\u012bbu.<\/li>\n<li>Lai atsauktu savu piekri\u0161anu datu apstr\u0101dei vai piepras\u012btu dz\u0113st darb\u0101 pie\u0146em\u0161anas proces\u0101 ieg\u016btos datus, l\u016bdzu, rakstiet uz datu p\u0101rzi\u0146a juridisk\u0101s adreses adresi vai pa e-pastu: icrpolska@icrqa.com<\/li>\n<li>J\u016bsu personas dati netiks p\u0101rs\u016bt\u012bti tre\u0161ai valstij vai starptautiskai organiz\u0101cijai.<\/li>\n<li>J\u016bsu dati netiks apstr\u0101d\u0101ti ar automatiz\u0113tiem l\u012bdzek\u013ciem t\u0101, ka automatiz\u0113tas apstr\u0101des rezult\u0101t\u0101 var\u0113tu tikt pie\u0146emti jebk\u0101di l\u0113mumi, rastos citas tiesisk\u0101s sekas vai cit\u0101di tiktu b\u016btiski ietekm\u0113ta j\u016bsu situ\u0101cija.<\/li>\n<li>J\u016bsu dati netiks profil\u0113ti.<\/li>\n<li>Jums ir ties\u012bbas iesniegt s\u016bdz\u012bbu Datu aizsardz\u012bbas iest\u0101des priek\u0161s\u0113d\u0113t\u0101jam, ja uzskat\u0101t, ka ar jums saist\u012bto personas datu apstr\u0101de ir pretrun\u0101 ar likumu.<\/li>\n<\/ol>","protected":false},"excerpt":{"rendered":"<p>ICR Polska Sp. z o.o. s\u0101ka darb\u012bbu 2014. gad\u0101 k\u0101 ICR Co. Ltd, starptautiska test\u0113\u0161anas un sertific\u0113\u0161anas strukt\u016bra, kas atrodas Seul\u0101, Dienvidkorej\u0101. Mums ir pla\u0161a darb\u012bba TIC - test\u0113\u0161anas-kontroles-sertifik\u0101cijas jom\u0101 gan sav\u0101 valst\u012b, gan \u0101rvalst\u012bs. ICR Polij\u0101 nesen ir veikta medic\u012bnisko ier\u012b\u010du sertifik\u0101cijas nov\u0113rt\u0113\u0161ana saska\u0146\u0101 ar Regulu 2017\/745.....&nbsp;<a href=\"https:\/\/icr.you2.pl\/lv\/oferty-pracy\/\" rel=\"bookmark\">Las\u012bt vair\u0101k \"<span class=\"screen-reader-text\">Darba iesp\u0113jas<\/span><\/a><\/p>","protected":false},"author":1,"featured_media":259,"parent":0,"menu_order":0,"comment_status":"closed","ping_status":"closed","template":"","meta":{"neve_meta_sidebar":"","neve_meta_container":"","neve_meta_enable_content_width":"off","neve_meta_content_width":70,"neve_meta_title_alignment":"","neve_meta_author_avatar":"","neve_post_elements_order":"","neve_meta_disable_header":"","neve_meta_disable_footer":"","neve_meta_disable_title":"","footnotes":""},"class_list":["post-435","page","type-page","status-publish","has-post-thumbnail","hentry"],"yoast_head":"<!-- This site is optimized with the Yoast SEO plugin v26.8 - https:\/\/yoast.com\/product\/yoast-seo-wordpress\/ -->\n<title>Oferty pracy - ICR POLSKA - badania i certyfikacja<\/title>\n<meta name=\"robots\" content=\"index, follow, max-snippet:-1, max-image-preview:large, max-video-preview:-1\" \/>\n<link rel=\"canonical\" href=\"https:\/\/icr.you2.pl\/lv\/oferty-pracy\/\" \/>\n<meta property=\"og:locale\" content=\"lv_LV\" \/>\n<meta property=\"og:type\" content=\"article\" \/>\n<meta property=\"og:title\" content=\"Oferty pracy - ICR POLSKA - badania i certyfikacja\" \/>\n<meta property=\"og:description\" content=\"ICR Polska Sp. z o.o. rozpocz\u0119\u0142a dzia\u0142alno\u015b\u0107 w 2014 jako Europejski oddzia\u0142 ICR Co. Ltd., mi\u0119dzynarodowej jednostki badawczo-certyfikuj\u0105cej z siedzib\u0105 w Seulu w Korei Po\u0142udniowej. Prowadzimy rozleg\u0142\u0105 dzia\u0142alno\u015b\u0107 w zakresie obszaru TIC \u2013 Testing-Inspection-Certification w kraju i zagranic\u0105. ICR Polska niedawno przesz\u0142a ocen\u0119 pod k\u0105tem uzyskania uprawnie\u0144 w zakresie certyfikacji wyrob\u00f3w medycznych wg Rozporz\u0105dzenia 2017\/745&hellip;&nbsp;Read More &raquo;Oferty pracy\" \/>\n<meta property=\"og:url\" content=\"https:\/\/icr.you2.pl\/lv\/oferty-pracy\/\" \/>\n<meta property=\"og:site_name\" content=\"ICR POLSKA - badania i certyfikacja\" \/>\n<meta property=\"article:modified_time\" content=\"2023-03-16T13:21:01+00:00\" \/>\n<meta name=\"twitter:card\" content=\"summary_large_image\" \/>\n<meta name=\"twitter:label1\" content=\"Est. reading time\" \/>\n\t<meta name=\"twitter:data1\" content=\"6 min\u016btes\" \/>\n<script type=\"application\/ld+json\" class=\"yoast-schema-graph\">{\"@context\":\"https:\/\/schema.org\",\"@graph\":[{\"@type\":\"WebPage\",\"@id\":\"https:\/\/icr.you2.pl\/oferty-pracy\/\",\"url\":\"https:\/\/icr.you2.pl\/oferty-pracy\/\",\"name\":\"Oferty pracy - ICR POLSKA - badania i certyfikacja\",\"isPartOf\":{\"@id\":\"https:\/\/icr.you2.pl\/#website\"},\"primaryImageOfPage\":{\"@id\":\"https:\/\/icr.you2.pl\/oferty-pracy\/#primaryimage\"},\"image\":{\"@id\":\"https:\/\/icr.you2.pl\/oferty-pracy\/#primaryimage\"},\"thumbnailUrl\":\"\",\"datePublished\":\"2019-03-19T10:00:59+00:00\",\"dateModified\":\"2023-03-16T13:21:01+00:00\",\"breadcrumb\":{\"@id\":\"https:\/\/icr.you2.pl\/oferty-pracy\/#breadcrumb\"},\"inLanguage\":\"lv-LV\",\"potentialAction\":[{\"@type\":\"ReadAction\",\"target\":[\"https:\/\/icr.you2.pl\/oferty-pracy\/\"]}]},{\"@type\":\"ImageObject\",\"inLanguage\":\"lv-LV\",\"@id\":\"https:\/\/icr.you2.pl\/oferty-pracy\/#primaryimage\",\"url\":\"\",\"contentUrl\":\"\"},{\"@type\":\"BreadcrumbList\",\"@id\":\"https:\/\/icr.you2.pl\/oferty-pracy\/#breadcrumb\",\"itemListElement\":[{\"@type\":\"ListItem\",\"position\":1,\"name\":\"Strona g\u0142\u00f3wna\",\"item\":\"https:\/\/icr.you2.pl\/\"},{\"@type\":\"ListItem\",\"position\":2,\"name\":\"Oferty pracy\"}]},{\"@type\":\"WebSite\",\"@id\":\"https:\/\/icr.you2.pl\/#website\",\"url\":\"https:\/\/icr.you2.pl\/\",\"name\":\"ICR POLSKA - badania i certyfikacja\",\"description\":\"CE certification, CE certificate, ISO certificate, RED testing, product testing and certification, electrical product testing, medical device testing, ATEX, IECEx, FCC, product certification, EMC testing, machinery certification, CE machines, training, electronic product testing, testing 2014\/53\/EU, drone certification, ISO 13485 certificate, ISO 9001 certificate, NC RfG\",\"publisher\":{\"@id\":\"https:\/\/icr.you2.pl\/#\/schema\/person\/944799c9e2f4a94662e3fcb3b1544baf\"},\"potentialAction\":[{\"@type\":\"SearchAction\",\"target\":{\"@type\":\"EntryPoint\",\"urlTemplate\":\"https:\/\/icr.you2.pl\/?s={search_term_string}\"},\"query-input\":{\"@type\":\"PropertyValueSpecification\",\"valueRequired\":true,\"valueName\":\"search_term_string\"}}],\"inLanguage\":\"lv-LV\"},{\"@type\":[\"Person\",\"Organization\"],\"@id\":\"https:\/\/icr.you2.pl\/#\/schema\/person\/944799c9e2f4a94662e3fcb3b1544baf\",\"name\":\"admin\",\"image\":{\"@type\":\"ImageObject\",\"inLanguage\":\"lv-LV\",\"@id\":\"https:\/\/icr.you2.pl\/#\/schema\/person\/image\/\",\"url\":\"https:\/\/icr.you2.pl\/wp-content\/uploads\/2019\/05\/cropped-logo-icr.32f04ad5-1-1.png\",\"contentUrl\":\"https:\/\/icr.you2.pl\/wp-content\/uploads\/2019\/05\/cropped-logo-icr.32f04ad5-1-1.png\",\"width\":400,\"height\":148,\"caption\":\"admin\"},\"logo\":{\"@id\":\"https:\/\/icr.you2.pl\/#\/schema\/person\/image\/\"}}]}<\/script>\n<!-- \/ Yoast SEO plugin. -->","yoast_head_json":{"title":"Darba iesp\u0113jas - ICR POLIJA - Test\u0113\u0161ana un sertifik\u0101cija","robots":{"index":"index","follow":"follow","max-snippet":"max-snippet:-1","max-image-preview":"max-image-preview:large","max-video-preview":"max-video-preview:-1"},"canonical":"https:\/\/icr.you2.pl\/lv\/oferty-pracy\/","og_locale":"lv_LV","og_type":"article","og_title":"Oferty pracy - ICR POLSKA - badania i certyfikacja","og_description":"ICR Polska Sp. z o.o. rozpocz\u0119\u0142a dzia\u0142alno\u015b\u0107 w 2014 jako Europejski oddzia\u0142 ICR Co. Ltd., mi\u0119dzynarodowej jednostki badawczo-certyfikuj\u0105cej z siedzib\u0105 w Seulu w Korei Po\u0142udniowej. Prowadzimy rozleg\u0142\u0105 dzia\u0142alno\u015b\u0107 w zakresie obszaru TIC \u2013 Testing-Inspection-Certification w kraju i zagranic\u0105. ICR Polska niedawno przesz\u0142a ocen\u0119 pod k\u0105tem uzyskania uprawnie\u0144 w zakresie certyfikacji wyrob\u00f3w medycznych wg Rozporz\u0105dzenia 2017\/745&hellip;&nbsp;Read More &raquo;Oferty pracy","og_url":"https:\/\/icr.you2.pl\/lv\/oferty-pracy\/","og_site_name":"ICR POLSKA - badania i certyfikacja","article_modified_time":"2023-03-16T13:21:01+00:00","twitter_card":"summary_large_image","twitter_misc":{"Est. reading time":"6 min\u016btes"},"schema":{"@context":"https:\/\/schema.org","@graph":[{"@type":"WebPage","@id":"https:\/\/icr.you2.pl\/oferty-pracy\/","url":"https:\/\/icr.you2.pl\/oferty-pracy\/","name":"Darba iesp\u0113jas - ICR POLIJA - Test\u0113\u0161ana un sertifik\u0101cija","isPartOf":{"@id":"https:\/\/icr.you2.pl\/#website"},"primaryImageOfPage":{"@id":"https:\/\/icr.you2.pl\/oferty-pracy\/#primaryimage"},"image":{"@id":"https:\/\/icr.you2.pl\/oferty-pracy\/#primaryimage"},"thumbnailUrl":"","datePublished":"2019-03-19T10:00:59+00:00","dateModified":"2023-03-16T13:21:01+00:00","breadcrumb":{"@id":"https:\/\/icr.you2.pl\/oferty-pracy\/#breadcrumb"},"inLanguage":"lv-LV","potentialAction":[{"@type":"ReadAction","target":["https:\/\/icr.you2.pl\/oferty-pracy\/"]}]},{"@type":"ImageObject","inLanguage":"lv-LV","@id":"https:\/\/icr.you2.pl\/oferty-pracy\/#primaryimage","url":"","contentUrl":""},{"@type":"BreadcrumbList","@id":"https:\/\/icr.you2.pl\/oferty-pracy\/#breadcrumb","itemListElement":[{"@type":"ListItem","position":1,"name":"Strona g\u0142\u00f3wna","item":"https:\/\/icr.you2.pl\/"},{"@type":"ListItem","position":2,"name":"Oferty pracy"}]},{"@type":"WebSite","@id":"https:\/\/icr.you2.pl\/#website","url":"https:\/\/icr.you2.pl\/","name":"ICR POLIJA - test\u0113\u0161ana un sertifik\u0101cija","description":"CE sertifik\u0101cija, CE sertifik\u0101ts, ISO sertifik\u0101ts, RED test\u0113\u0161ana, produktu test\u0113\u0161ana un sertifik\u0101cija, elektrisko produktu test\u0113\u0161ana, medic\u012bnas ier\u012b\u010du test\u0113\u0161ana, ATEX, IECEx, FCC, produktu sertifik\u0101cija, EMC test\u0113\u0161ana, ma\u0161\u012bnu sertifik\u0101cija, CE iek\u0101rtas, apm\u0101c\u012bba, elektronisko produktu test\u0113\u0161ana, test\u0113\u0161ana 2014\/53\/ES, dronu sertifik\u0101cija, ISO 13485 sertifik\u0101ts, ISO 9001 sertifik\u0101ts, NC RfG","publisher":{"@id":"https:\/\/icr.you2.pl\/#\/schema\/person\/944799c9e2f4a94662e3fcb3b1544baf"},"potentialAction":[{"@type":"SearchAction","target":{"@type":"EntryPoint","urlTemplate":"https:\/\/icr.you2.pl\/?s={search_term_string}"},"query-input":{"@type":"PropertyValueSpecification","valueRequired":true,"valueName":"search_term_string"}}],"inLanguage":"lv-LV"},{"@type":["Person","Organization"],"@id":"https:\/\/icr.you2.pl\/#\/schema\/person\/944799c9e2f4a94662e3fcb3b1544baf","name":"administrators","image":{"@type":"ImageObject","inLanguage":"lv-LV","@id":"https:\/\/icr.you2.pl\/#\/schema\/person\/image\/","url":"https:\/\/icr.you2.pl\/wp-content\/uploads\/2019\/05\/cropped-logo-icr.32f04ad5-1-1.png","contentUrl":"https:\/\/icr.you2.pl\/wp-content\/uploads\/2019\/05\/cropped-logo-icr.32f04ad5-1-1.png","width":400,"height":148,"caption":"admin"},"logo":{"@id":"https:\/\/icr.you2.pl\/#\/schema\/person\/image\/"}}]}},"_links":{"self":[{"href":"https:\/\/icr.you2.pl\/lv\/wp-json\/wp\/v2\/pages\/435","targetHints":{"allow":["GET"]}}],"collection":[{"href":"https:\/\/icr.you2.pl\/lv\/wp-json\/wp\/v2\/pages"}],"about":[{"href":"https:\/\/icr.you2.pl\/lv\/wp-json\/wp\/v2\/types\/page"}],"author":[{"embeddable":true,"href":"https:\/\/icr.you2.pl\/lv\/wp-json\/wp\/v2\/users\/1"}],"replies":[{"embeddable":true,"href":"https:\/\/icr.you2.pl\/lv\/wp-json\/wp\/v2\/comments?post=435"}],"version-history":[{"count":0,"href":"https:\/\/icr.you2.pl\/lv\/wp-json\/wp\/v2\/pages\/435\/revisions"}],"wp:featuredmedia":[{"embeddable":true,"href":"https:\/\/icr.you2.pl\/lv\/wp-json\/"}],"wp:attachment":[{"href":"https:\/\/icr.you2.pl\/lv\/wp-json\/wp\/v2\/media?parent=435"}],"curies":[{"name":"wp","href":"https:\/\/api.w.org\/{rel}","templated":true}]}}