{"id":703,"date":"2019-03-28T11:41:12","date_gmt":"2019-03-28T11:41:12","guid":{"rendered":"http:\/\/icrpolska.e-ksperci.pl\/?page_id=703"},"modified":"2022-09-07T23:30:55","modified_gmt":"2022-09-07T21:30:55","slug":"badania-emc-i-red","status":"publish","type":"page","link":"https:\/\/icr.you2.pl\/lv\/badania-wyrobow\/badania-emc-i-red\/","title":{"rendered":"LVD, EMC un RED test\u0113\u0161ana"},"content":{"rendered":"<p><span style=\"font-weight: 400;\">M\u0113s test\u0113jam elektrisk\u0101s un elektronisk\u0101s iek\u0101rtas saska\u0146\u0101 ar LVD, EMC un RED direkt\u012bv\u0101m saska\u0146oto standartu pras\u012bb\u0101m. M\u0113s test\u0113jam gan parast\u0101s lieto\u0161anas iek\u0101rtas, gan automatiz\u0101cijas komponentus, m\u0113r\u012b\u0161anas sist\u0113mas vai medic\u012bnas ier\u012bces.<\/span><\/p>\r\n<p><span style=\"font-weight: 400;\">M\u0113s veicam elektrisko un elektronisko izstr\u0101d\u0101jumu test\u0113\u0161anu saska\u0146\u0101 ar LVD, EMC un RED direkt\u012bvu akredit\u0101ciju, cita starp\u0101 \u0161\u0101d\u0101m izstr\u0101d\u0101jumu grup\u0101m:<\/span><\/p>\r\n<ul>\r\n<li style=\"font-weight: 400;\"><span style=\"font-weight: 400;\">apgaismes iek\u0101rtas;<\/span><\/li>\r\n<li style=\"font-weight: 400;\"><span style=\"font-weight: 400;\">pla\u0161a pat\u0113ri\u0146a elektronika un sadz\u012bves tehnika;<\/span><\/li>\r\n<li style=\"font-weight: 400;\"><span style=\"font-weight: 400;\">medic\u012bnas ier\u012bces, tostarp in vitro diagnostika;<\/span><\/li>\r\n<li style=\"font-weight: 400;\"><span style=\"font-weight: 400;\">biroja un IT iek\u0101rtas, tostarp radio;<\/span><\/li>\r\n<li style=\"font-weight: 400;\"><span style=\"font-weight: 400;\">M\u0101jas automatiz\u0101cijas radioiek\u0101rtas;<\/span><\/li>\r\n<li style=\"font-weight: 400;\"><span style=\"font-weight: 400;\">autom\u0101tiskie elektriskie un elektroniskie kontrolieri;<\/span><\/li>\r\n<li style=\"font-weight: 400;\"><span style=\"font-weight: 400;\">elektronisk\u0101s m\u0113rier\u012bces;<\/span><\/li>\r\n<li style=\"font-weight: 400;\"><span style=\"font-weight: 400;\">r\u016bpniecisk\u0101s \u016bdens un telpu apkures un dzes\u0113\u0161anas iek\u0101rtas;<\/span><\/li>\r\n<li style=\"font-weight: 400;\"><span style=\"font-weight: 400;\">gaisa att\u012br\u012b\u0161anas, mitrin\u0101\u0161anas un gaisa kondicion\u0113\u0161anas iek\u0101rtas;<\/span><\/li>\r\n<li style=\"font-weight: 400;\"><span style=\"font-weight: 400;\">person\u012bg\u0101s higi\u0113nas ier\u012bces;<\/span><\/li>\r\n<li style=\"font-weight: 400;\"><span style=\"font-weight: 400;\">elektroinstrumenti;<\/span><\/li>\r\n<li style=\"font-weight: 400;\"><span style=\"font-weight: 400;\">elektrisk\u0101s un neelektrisk\u0101s iek\u0101rtas, sast\u0101vda\u013cas un sist\u0113mas, kas paredz\u0113tas lieto\u0161anai spr\u0101dzienb\u012bstam\u0101 vid\u0113;<\/span><\/li>\r\n<li style=\"font-weight: 400;\"><span style=\"font-weight: 400;\">elektrisk\u0101s un elektronisk\u0101s iek\u0101rtas autob\u016bves nozarei (automobi\u013cu r\u016bpniec\u012bba).<\/span><\/li>\r\n<\/ul>\r\n\r\n<ul class=\"wp-block-gallery columns-3 is-cropped wp-block-gallery-1 is-layout-flex wp-block-gallery-is-layout-flex\">\r\n<li class=\"blocks-gallery-item\">\r\n<figure><a href=\"http:\/\/nowa.icrpolska.com\/wp-content\/uploads\/2019\/05\/icr-badania-LVD-EMC-RED-1.jpeg\"><img fetchpriority=\"high\" decoding=\"async\" class=\"alignnone wp-image-2170\" src=\"http:\/\/nowa.icrpolska.com\/wp-content\/uploads\/2019\/05\/icr-badania-LVD-EMC-RED-1.jpeg\" alt=\"LVD, EMC un RED test\u0113\u0161ana\" width=\"768\" height=\"515\" data-id=\"2170\" data-link=\"http:\/\/nowa.icrpolska.com\/badania\/icr-badania-lvd-emc-red-1\/\" srcset=\"https:\/\/icr.you2.pl\/wp-content\/uploads\/2019\/05\/icr-badania-LVD-EMC-RED-1.jpeg 768w, https:\/\/icr.you2.pl\/wp-content\/uploads\/2019\/05\/icr-badania-LVD-EMC-RED-1-300x201.jpeg 300w\" sizes=\"(max-width: 768px) 100vw, 768px\" \/><\/a><\/figure>\r\n<\/li>\r\n<li class=\"blocks-gallery-item\">\r\n<figure><a href=\"http:\/\/nowa.icrpolska.com\/wp-content\/uploads\/2019\/05\/icr-badania-LVD-EMC-RED-2.jpg\"><img decoding=\"async\" class=\"alignnone wp-image-2171\" src=\"http:\/\/nowa.icrpolska.com\/wp-content\/uploads\/2019\/05\/icr-badania-LVD-EMC-RED-2.jpg\" alt=\"LVD, EMC un RED test\u0113\u0161ana\" width=\"768\" height=\"513\" data-id=\"2171\" data-link=\"http:\/\/nowa.icrpolska.com\/badania\/icr-badania-lvd-emc-red-2\/\" srcset=\"https:\/\/icr.you2.pl\/wp-content\/uploads\/2019\/05\/icr-badania-LVD-EMC-RED-2.jpg 768w, https:\/\/icr.you2.pl\/wp-content\/uploads\/2019\/05\/icr-badania-LVD-EMC-RED-2-300x200.jpg 300w\" sizes=\"(max-width: 768px) 100vw, 768px\" \/><\/a><\/figure>\r\n<\/li>\r\n<li class=\"blocks-gallery-item\">\r\n<figure><a href=\"http:\/\/nowa.icrpolska.com\/wp-content\/uploads\/2019\/05\/icr-badania-LVD-EMC-RED-3.jpg\"><img decoding=\"async\" class=\"alignnone wp-image-2172\" src=\"http:\/\/nowa.icrpolska.com\/wp-content\/uploads\/2019\/05\/icr-badania-LVD-EMC-RED-3.jpg\" alt=\"LVD, EMC un RED test\u0113\u0161ana\" width=\"768\" height=\"513\" data-id=\"2172\" data-link=\"http:\/\/nowa.icrpolska.com\/badania\/icr-badania-lvd-emc-red-3\/\" srcset=\"https:\/\/icr.you2.pl\/wp-content\/uploads\/2019\/05\/icr-badania-LVD-EMC-RED-3.jpg 768w, https:\/\/icr.you2.pl\/wp-content\/uploads\/2019\/05\/icr-badania-LVD-EMC-RED-3-300x200.jpg 300w\" sizes=\"(max-width: 768px) 100vw, 768px\" \/><\/a><\/figure>\r\n<\/li>\r\n<li class=\"blocks-gallery-item\">\r\n<figure><a href=\"http:\/\/nowa.icrpolska.com\/wp-content\/uploads\/2019\/05\/icr-badania-LVD-EMC-RED-4.jpg\"><img loading=\"lazy\" decoding=\"async\" class=\"alignnone wp-image-2173\" src=\"http:\/\/nowa.icrpolska.com\/wp-content\/uploads\/2019\/05\/icr-badania-LVD-EMC-RED-4.jpg\" alt=\"LVD, EMC un RED test\u0113\u0161ana\" width=\"768\" height=\"513\" data-id=\"2173\" data-link=\"http:\/\/nowa.icrpolska.com\/badania\/icr-badania-lvd-emc-red-4\/\" srcset=\"https:\/\/icr.you2.pl\/wp-content\/uploads\/2019\/05\/icr-badania-LVD-EMC-RED-4.jpg 768w, https:\/\/icr.you2.pl\/wp-content\/uploads\/2019\/05\/icr-badania-LVD-EMC-RED-4-300x200.jpg 300w\" sizes=\"(max-width: 768px) 100vw, 768px\" \/><\/a><\/figure>\r\n<\/li>\r\n<\/ul>","protected":false},"excerpt":{"rendered":"<p>M\u0113s test\u0113jam elektrisk\u0101s un elektronisk\u0101s iek\u0101rtas saska\u0146\u0101 ar LVD, EMC un RED direkt\u012bv\u0101m saska\u0146oto standartu pras\u012bb\u0101m. M\u0113s test\u0113jam gan parast\u0101s lieto\u0161anas iek\u0101rtas, gan automatiz\u0101cijas komponentus, m\u0113r\u012b\u0161anas sist\u0113mas vai medic\u012bnas ier\u012bces. M\u0113s veicam elektrisko un elektronisko izstr\u0101d\u0101jumu testus akredit\u0101cijas ietvaros saska\u0146\u0101 ar LVD, EMC un RED direkt\u012bv\u0101m, cita starp\u0101 \u0161\u0101d\u0101m izstr\u0101d\u0101jumu grup\u0101m:...&nbsp;<a href=\"https:\/\/icr.you2.pl\/lv\/badania-wyrobow\/badania-emc-i-red\/\" rel=\"bookmark\">Las\u012bt vair\u0101k \"<span class=\"screen-reader-text\">LVD, EMC un RED test\u0113\u0161ana<\/span><\/a><\/p>","protected":false},"author":1,"featured_media":0,"parent":979,"menu_order":0,"comment_status":"closed","ping_status":"closed","template":"","meta":{"neve_meta_sidebar":"","neve_meta_container":"","neve_meta_enable_content_width":"off","neve_meta_content_width":70,"neve_meta_title_alignment":"","neve_meta_author_avatar":"","neve_post_elements_order":"","neve_meta_disable_header":"","neve_meta_disable_footer":"","neve_meta_disable_title":"","footnotes":""},"class_list":["post-703","page","type-page","status-publish","hentry"],"yoast_head":"<!-- This site is optimized with the Yoast SEO plugin v26.8 - https:\/\/yoast.com\/product\/yoast-seo-wordpress\/ -->\n<title>Badania LVD, EMC i RED - ICR POLSKA - badania i certyfikacja<\/title>\n<meta name=\"robots\" content=\"index, follow, max-snippet:-1, max-image-preview:large, max-video-preview:-1\" \/>\n<link rel=\"canonical\" href=\"https:\/\/icr.you2.pl\/lv\/badania-wyrobow\/badania-emc-i-red\/\" \/>\n<meta property=\"og:locale\" content=\"lv_LV\" \/>\n<meta property=\"og:type\" content=\"article\" \/>\n<meta property=\"og:title\" content=\"Badania LVD, EMC i RED - ICR POLSKA - badania i certyfikacja\" \/>\n<meta property=\"og:description\" content=\"Wykonujemy badania urz\u0105dze\u0144 elektrycznych i elektronicznych zgodnie z wymaganiami norm zharmonizowanych z dyrektywami LVD, EMC oraz RED. Badamy zar\u00f3wno sprz\u0119t powszechnego u\u017cytku, jak i elementy automatyki, systemy pomiarowe lub wyroby medyczne. Wykonujemy badania wyrob\u00f3w elektrycznych i elektronicznych w zakresie posiadanej akredytacji w zakresie obj\u0119tym dyrektywami LVD, EMC oraz RED mi\u0119dzy innymi dla nast\u0119puj\u0105cych grup wyrob\u00f3w:&hellip;&nbsp;Read More &raquo;Badania LVD, EMC i RED\" \/>\n<meta property=\"og:url\" content=\"https:\/\/icr.you2.pl\/lv\/badania-wyrobow\/badania-emc-i-red\/\" \/>\n<meta property=\"og:site_name\" content=\"ICR POLSKA - badania i certyfikacja\" \/>\n<meta property=\"article:modified_time\" content=\"2022-09-07T21:30:55+00:00\" \/>\n<meta property=\"og:image\" content=\"http:\/\/nowa.icrpolska.com\/wp-content\/uploads\/2019\/05\/icr-badania-LVD-EMC-RED-1.jpeg\" \/>\n<meta name=\"twitter:card\" content=\"summary_large_image\" \/>\n<meta name=\"twitter:label1\" content=\"Est. reading time\" \/>\n\t<meta name=\"twitter:data1\" content=\"2 min\u016btes\" \/>\n<script type=\"application\/ld+json\" class=\"yoast-schema-graph\">{\"@context\":\"https:\/\/schema.org\",\"@graph\":[{\"@type\":\"WebPage\",\"@id\":\"https:\/\/icr.you2.pl\/badania-wyrobow\/badania-emc-i-red\/\",\"url\":\"https:\/\/icr.you2.pl\/badania-wyrobow\/badania-emc-i-red\/\",\"name\":\"Badania LVD, EMC i RED - ICR POLSKA - badania i certyfikacja\",\"isPartOf\":{\"@id\":\"https:\/\/icr.you2.pl\/#website\"},\"primaryImageOfPage\":{\"@id\":\"https:\/\/icr.you2.pl\/badania-wyrobow\/badania-emc-i-red\/#primaryimage\"},\"image\":{\"@id\":\"https:\/\/icr.you2.pl\/badania-wyrobow\/badania-emc-i-red\/#primaryimage\"},\"thumbnailUrl\":\"http:\/\/nowa.icrpolska.com\/wp-content\/uploads\/2019\/05\/icr-badania-LVD-EMC-RED-1.jpeg\",\"datePublished\":\"2019-03-28T11:41:12+00:00\",\"dateModified\":\"2022-09-07T21:30:55+00:00\",\"breadcrumb\":{\"@id\":\"https:\/\/icr.you2.pl\/badania-wyrobow\/badania-emc-i-red\/#breadcrumb\"},\"inLanguage\":\"lv-LV\",\"potentialAction\":[{\"@type\":\"ReadAction\",\"target\":[\"https:\/\/icr.you2.pl\/badania-wyrobow\/badania-emc-i-red\/\"]}]},{\"@type\":\"ImageObject\",\"inLanguage\":\"lv-LV\",\"@id\":\"https:\/\/icr.you2.pl\/badania-wyrobow\/badania-emc-i-red\/#primaryimage\",\"url\":\"http:\/\/nowa.icrpolska.com\/wp-content\/uploads\/2019\/05\/icr-badania-LVD-EMC-RED-1.jpeg\",\"contentUrl\":\"http:\/\/nowa.icrpolska.com\/wp-content\/uploads\/2019\/05\/icr-badania-LVD-EMC-RED-1.jpeg\"},{\"@type\":\"BreadcrumbList\",\"@id\":\"https:\/\/icr.you2.pl\/badania-wyrobow\/badania-emc-i-red\/#breadcrumb\",\"itemListElement\":[{\"@type\":\"ListItem\",\"position\":1,\"name\":\"Strona g\u0142\u00f3wna\",\"item\":\"https:\/\/icr.you2.pl\/\"},{\"@type\":\"ListItem\",\"position\":2,\"name\":\"Badania wyrob\u00f3w\",\"item\":\"https:\/\/icr.you2.pl\/badania-wyrobow\/\"},{\"@type\":\"ListItem\",\"position\":3,\"name\":\"Badania LVD, EMC i RED\"}]},{\"@type\":\"WebSite\",\"@id\":\"https:\/\/icr.you2.pl\/#website\",\"url\":\"https:\/\/icr.you2.pl\/\",\"name\":\"ICR POLSKA - badania i certyfikacja\",\"description\":\"CE certification, CE certificate, ISO certificate, RED testing, product testing and certification, electrical product testing, medical device testing, ATEX, IECEx, FCC, product certification, EMC testing, machinery certification, CE machines, training, electronic product testing, testing 2014\/53\/EU, drone certification, ISO 13485 certificate, ISO 9001 certificate, NC RfG\",\"publisher\":{\"@id\":\"https:\/\/icr.you2.pl\/#\/schema\/person\/944799c9e2f4a94662e3fcb3b1544baf\"},\"potentialAction\":[{\"@type\":\"SearchAction\",\"target\":{\"@type\":\"EntryPoint\",\"urlTemplate\":\"https:\/\/icr.you2.pl\/?s={search_term_string}\"},\"query-input\":{\"@type\":\"PropertyValueSpecification\",\"valueRequired\":true,\"valueName\":\"search_term_string\"}}],\"inLanguage\":\"lv-LV\"},{\"@type\":[\"Person\",\"Organization\"],\"@id\":\"https:\/\/icr.you2.pl\/#\/schema\/person\/944799c9e2f4a94662e3fcb3b1544baf\",\"name\":\"admin\",\"image\":{\"@type\":\"ImageObject\",\"inLanguage\":\"lv-LV\",\"@id\":\"https:\/\/icr.you2.pl\/#\/schema\/person\/image\/\",\"url\":\"https:\/\/icr.you2.pl\/wp-content\/uploads\/2019\/05\/cropped-logo-icr.32f04ad5-1-1.png\",\"contentUrl\":\"https:\/\/icr.you2.pl\/wp-content\/uploads\/2019\/05\/cropped-logo-icr.32f04ad5-1-1.png\",\"width\":400,\"height\":148,\"caption\":\"admin\"},\"logo\":{\"@id\":\"https:\/\/icr.you2.pl\/#\/schema\/person\/image\/\"}}]}<\/script>\n<!-- \/ Yoast SEO plugin. -->","yoast_head_json":{"title":"LVD, EMC un RED test\u0113\u0161ana - ICR POLIJA - test\u0113\u0161ana un sertifik\u0101cija","robots":{"index":"index","follow":"follow","max-snippet":"max-snippet:-1","max-image-preview":"max-image-preview:large","max-video-preview":"max-video-preview:-1"},"canonical":"https:\/\/icr.you2.pl\/lv\/badania-wyrobow\/badania-emc-i-red\/","og_locale":"lv_LV","og_type":"article","og_title":"Badania LVD, EMC i RED - ICR POLSKA - badania i certyfikacja","og_description":"Wykonujemy badania urz\u0105dze\u0144 elektrycznych i elektronicznych zgodnie z wymaganiami norm zharmonizowanych z dyrektywami LVD, EMC oraz RED. Badamy zar\u00f3wno sprz\u0119t powszechnego u\u017cytku, jak i elementy automatyki, systemy pomiarowe lub wyroby medyczne. Wykonujemy badania wyrob\u00f3w elektrycznych i elektronicznych w zakresie posiadanej akredytacji w zakresie obj\u0119tym dyrektywami LVD, EMC oraz RED mi\u0119dzy innymi dla nast\u0119puj\u0105cych grup wyrob\u00f3w:&hellip;&nbsp;Read More &raquo;Badania LVD, EMC i RED","og_url":"https:\/\/icr.you2.pl\/lv\/badania-wyrobow\/badania-emc-i-red\/","og_site_name":"ICR POLSKA - badania i certyfikacja","article_modified_time":"2022-09-07T21:30:55+00:00","og_image":[{"url":"http:\/\/nowa.icrpolska.com\/wp-content\/uploads\/2019\/05\/icr-badania-LVD-EMC-RED-1.jpeg","type":"","width":"","height":""}],"twitter_card":"summary_large_image","twitter_misc":{"Est. reading time":"2 min\u016btes"},"schema":{"@context":"https:\/\/schema.org","@graph":[{"@type":"WebPage","@id":"https:\/\/icr.you2.pl\/badania-wyrobow\/badania-emc-i-red\/","url":"https:\/\/icr.you2.pl\/badania-wyrobow\/badania-emc-i-red\/","name":"LVD, EMC un RED test\u0113\u0161ana - ICR POLIJA - test\u0113\u0161ana un sertifik\u0101cija","isPartOf":{"@id":"https:\/\/icr.you2.pl\/#website"},"primaryImageOfPage":{"@id":"https:\/\/icr.you2.pl\/badania-wyrobow\/badania-emc-i-red\/#primaryimage"},"image":{"@id":"https:\/\/icr.you2.pl\/badania-wyrobow\/badania-emc-i-red\/#primaryimage"},"thumbnailUrl":"http:\/\/nowa.icrpolska.com\/wp-content\/uploads\/2019\/05\/icr-badania-LVD-EMC-RED-1.jpeg","datePublished":"2019-03-28T11:41:12+00:00","dateModified":"2022-09-07T21:30:55+00:00","breadcrumb":{"@id":"https:\/\/icr.you2.pl\/badania-wyrobow\/badania-emc-i-red\/#breadcrumb"},"inLanguage":"lv-LV","potentialAction":[{"@type":"ReadAction","target":["https:\/\/icr.you2.pl\/badania-wyrobow\/badania-emc-i-red\/"]}]},{"@type":"ImageObject","inLanguage":"lv-LV","@id":"https:\/\/icr.you2.pl\/badania-wyrobow\/badania-emc-i-red\/#primaryimage","url":"http:\/\/nowa.icrpolska.com\/wp-content\/uploads\/2019\/05\/icr-badania-LVD-EMC-RED-1.jpeg","contentUrl":"http:\/\/nowa.icrpolska.com\/wp-content\/uploads\/2019\/05\/icr-badania-LVD-EMC-RED-1.jpeg"},{"@type":"BreadcrumbList","@id":"https:\/\/icr.you2.pl\/badania-wyrobow\/badania-emc-i-red\/#breadcrumb","itemListElement":[{"@type":"ListItem","position":1,"name":"Strona g\u0142\u00f3wna","item":"https:\/\/icr.you2.pl\/"},{"@type":"ListItem","position":2,"name":"Badania wyrob\u00f3w","item":"https:\/\/icr.you2.pl\/badania-wyrobow\/"},{"@type":"ListItem","position":3,"name":"Badania LVD, EMC i RED"}]},{"@type":"WebSite","@id":"https:\/\/icr.you2.pl\/#website","url":"https:\/\/icr.you2.pl\/","name":"ICR POLIJA - test\u0113\u0161ana un sertifik\u0101cija","description":"CE sertifik\u0101cija, CE sertifik\u0101ts, ISO sertifik\u0101ts, RED test\u0113\u0161ana, produktu test\u0113\u0161ana un sertifik\u0101cija, elektrisko produktu test\u0113\u0161ana, medic\u012bnas ier\u012b\u010du test\u0113\u0161ana, ATEX, IECEx, FCC, produktu sertifik\u0101cija, EMC test\u0113\u0161ana, ma\u0161\u012bnu sertifik\u0101cija, CE iek\u0101rtas, apm\u0101c\u012bba, elektronisko produktu test\u0113\u0161ana, test\u0113\u0161ana 2014\/53\/ES, dronu sertifik\u0101cija, ISO 13485 sertifik\u0101ts, ISO 9001 sertifik\u0101ts, NC RfG","publisher":{"@id":"https:\/\/icr.you2.pl\/#\/schema\/person\/944799c9e2f4a94662e3fcb3b1544baf"},"potentialAction":[{"@type":"SearchAction","target":{"@type":"EntryPoint","urlTemplate":"https:\/\/icr.you2.pl\/?s={search_term_string}"},"query-input":{"@type":"PropertyValueSpecification","valueRequired":true,"valueName":"search_term_string"}}],"inLanguage":"lv-LV"},{"@type":["Person","Organization"],"@id":"https:\/\/icr.you2.pl\/#\/schema\/person\/944799c9e2f4a94662e3fcb3b1544baf","name":"administrators","image":{"@type":"ImageObject","inLanguage":"lv-LV","@id":"https:\/\/icr.you2.pl\/#\/schema\/person\/image\/","url":"https:\/\/icr.you2.pl\/wp-content\/uploads\/2019\/05\/cropped-logo-icr.32f04ad5-1-1.png","contentUrl":"https:\/\/icr.you2.pl\/wp-content\/uploads\/2019\/05\/cropped-logo-icr.32f04ad5-1-1.png","width":400,"height":148,"caption":"admin"},"logo":{"@id":"https:\/\/icr.you2.pl\/#\/schema\/person\/image\/"}}]}},"_links":{"self":[{"href":"https:\/\/icr.you2.pl\/lv\/wp-json\/wp\/v2\/pages\/703","targetHints":{"allow":["GET"]}}],"collection":[{"href":"https:\/\/icr.you2.pl\/lv\/wp-json\/wp\/v2\/pages"}],"about":[{"href":"https:\/\/icr.you2.pl\/lv\/wp-json\/wp\/v2\/types\/page"}],"author":[{"embeddable":true,"href":"https:\/\/icr.you2.pl\/lv\/wp-json\/wp\/v2\/users\/1"}],"replies":[{"embeddable":true,"href":"https:\/\/icr.you2.pl\/lv\/wp-json\/wp\/v2\/comments?post=703"}],"version-history":[{"count":0,"href":"https:\/\/icr.you2.pl\/lv\/wp-json\/wp\/v2\/pages\/703\/revisions"}],"up":[{"embeddable":true,"href":"https:\/\/icr.you2.pl\/lv\/wp-json\/wp\/v2\/pages\/979"}],"wp:attachment":[{"href":"https:\/\/icr.you2.pl\/lv\/wp-json\/wp\/v2\/media?parent=703"}],"curies":[{"name":"wp","href":"https:\/\/api.w.org\/{rel}","templated":true}]}}