{"id":8288,"date":"2023-01-31T14:45:04","date_gmt":"2023-01-31T13:45:04","guid":{"rendered":"https:\/\/icrpolska.com\/?page_id=8288"},"modified":"2023-01-31T14:51:51","modified_gmt":"2023-01-31T13:51:51","slug":"ekspertyzy","status":"publish","type":"page","link":"https:\/\/icr.you2.pl\/lv\/ekspertyzy\/","title":{"rendered":"Ekspertu zi\u0146ojumi, atzinumi"},"content":{"rendered":"<p>ICR Polska, izmantojot savu pieredzi elektronisko produktu, iek\u0101rtu un iek\u0101rtu nov\u0113rt\u0113\u0161an\u0101 un kvalific\u0113tu person\u0101lu, aicina j\u016bs izmantot ekspertu atzinumus, atzinumus un tehnisk\u0101s anal\u012bzes, cita starp\u0101 administrat\u012bvo iest\u0101\u017eu, apdro\u0161in\u0101\u0161anas uz\u0146\u0113mumu, ra\u017eot\u0101ju un import\u0113t\u0101ju, k\u0101 ar\u012b priv\u0101tpersonu v\u0101rd\u0101 \u0161\u0101d\u0101s jom\u0101s:<\/p>\n<ul>\n<li>tehniskais atzinums par elektroniskaj\u0101m iek\u0101rt\u0101m un ma\u0161\u012bn\u0101m,<\/li>\n<li>tehnisk\u0101s zin\u0101\u0161anas, lai nov\u0113rt\u0113tu boj\u0101jumu c\u0113lo\u0146us un apm\u0113ru p\u0113c elektronisko iek\u0101rtu un meh\u0101nismu boj\u0101jumiem,<\/li>\n<li>St\u0101vok\u013ca nov\u0113rt\u0113\u0161ana, ko veic to potenci\u0101lo \u012bpa\u0161nieku v\u0101rd\u0101, kuri v\u0113las ieg\u0101d\u0101ties jaunas vai lietotas elektronisk\u0101s iek\u0101rtas, meh\u0101nismus,<\/li>\n<li>ekspertu atzinumus par elektronisko iek\u0101rtu un ma\u0161\u012bnu elektriskaj\u0101m \u012bpa\u0161\u012bb\u0101m un meh\u0101nisko konstrukciju,<\/li>\n<li>pieredze elektronisko ier\u012b\u010du piel\u0101go\u0161an\u0101 da\u017e\u0101du tirgu pras\u012bb\u0101m un noteikumiem.<\/li>\n<\/ul>","protected":false},"excerpt":{"rendered":"<p>ICR Polska, izmantojot savu pieredzi elektronisko izstr\u0101d\u0101jumu, ma\u0161\u012bnu un iek\u0101rtu nov\u0113rt\u0113\u0161an\u0101, k\u0101 ar\u012b izmantojot kvalific\u0113tu person\u0101lu, aicina j\u016bs izmantot ekspert\u012bzes, atzinumus un tehnisk\u0101s anal\u012bzes, cita starp\u0101 administrat\u012bvo iest\u0101\u017eu, apdro\u0161in\u0101\u0161anas sabiedr\u012bbu, ra\u017eot\u0101ju un import\u0113t\u0101ju, k\u0101 ar\u012b priv\u0101tpersonu uzdevum\u0101 \u0161\u0101d\u0101s jom\u0101s: tehnisk\u0101 atzinuma snieg\u0161ana attiec\u012bb\u0101 uz elektroniskaj\u0101m ier\u012bc\u0113m un ma\u0161\u012bn\u0101m, tehnisk\u0101 ekspert\u012bze, nov\u0113rt\u0113jot c\u0113lo\u0146us un...&nbsp;<a href=\"https:\/\/icr.you2.pl\/lv\/ekspertyzy\/\" rel=\"bookmark\">Las\u012bt vair\u0101k \"<span class=\"screen-reader-text\">Ekspertu zi\u0146ojumi, atzinumi<\/span><\/a><\/p>","protected":false},"author":2,"featured_media":0,"parent":0,"menu_order":0,"comment_status":"closed","ping_status":"closed","template":"","meta":{"neve_meta_sidebar":"","neve_meta_container":"","neve_meta_enable_content_width":"off","neve_meta_content_width":100,"neve_meta_title_alignment":"","neve_meta_author_avatar":"","neve_post_elements_order":"","neve_meta_disable_header":"","neve_meta_disable_footer":"","neve_meta_disable_title":"","footnotes":""},"class_list":["post-8288","page","type-page","status-publish","hentry"],"yoast_head":"<!-- This site is optimized with the Yoast SEO plugin v26.8 - https:\/\/yoast.com\/product\/yoast-seo-wordpress\/ -->\n<title>Ekspertyzy, Opinie - ICR POLSKA - badania i certyfikacja<\/title>\n<meta name=\"robots\" content=\"index, follow, max-snippet:-1, max-image-preview:large, max-video-preview:-1\" \/>\n<link rel=\"canonical\" href=\"https:\/\/icr.you2.pl\/lv\/ekspertyzy\/\" \/>\n<meta property=\"og:locale\" content=\"lv_LV\" \/>\n<meta property=\"og:type\" content=\"article\" \/>\n<meta property=\"og:title\" content=\"Ekspertyzy, Opinie - ICR POLSKA - badania i certyfikacja\" \/>\n<meta property=\"og:description\" content=\"ICR Polska wykorzystuj\u0105c swoje do\u015bwiadczenie w ocenie wyrob\u00f3w elektronicznych, maszyn, dysponuj\u0105c wykwalifikowan\u0105 kadr\u0105 zaprasza do skorzystania z ekspertyz, opinii oraz analiz technicznych na rzecz m.in. urz\u0119d\u00f3w administracji, firm ubezpieczaj\u0105cych, producent\u00f3w i importer\u00f3w oraz os\u00f3b fizycznych\u00a0w poni\u017cszym zakresie: opinia techniczna w odniesieniu do urz\u0105dze\u0144 elektronicznych i maszyn, ekspertyza techniczna w zakresie oceny przyczyn i wielko\u015bci szk\u00f3d&hellip;&nbsp;Read More &raquo;Ekspertyzy, Opinie\" \/>\n<meta property=\"og:url\" content=\"https:\/\/icr.you2.pl\/lv\/ekspertyzy\/\" \/>\n<meta property=\"og:site_name\" content=\"ICR POLSKA - badania i certyfikacja\" \/>\n<meta property=\"article:modified_time\" content=\"2023-01-31T13:51:51+00:00\" \/>\n<meta name=\"twitter:card\" content=\"summary_large_image\" \/>\n<meta name=\"twitter:label1\" content=\"Est. reading time\" \/>\n\t<meta name=\"twitter:data1\" content=\"1 min\u016bte\" \/>\n<script type=\"application\/ld+json\" class=\"yoast-schema-graph\">{\"@context\":\"https:\/\/schema.org\",\"@graph\":[{\"@type\":\"WebPage\",\"@id\":\"https:\/\/icr.you2.pl\/ekspertyzy\/\",\"url\":\"https:\/\/icr.you2.pl\/ekspertyzy\/\",\"name\":\"Ekspertyzy, Opinie - ICR POLSKA - badania i certyfikacja\",\"isPartOf\":{\"@id\":\"https:\/\/icr.you2.pl\/#website\"},\"datePublished\":\"2023-01-31T13:45:04+00:00\",\"dateModified\":\"2023-01-31T13:51:51+00:00\",\"breadcrumb\":{\"@id\":\"https:\/\/icr.you2.pl\/ekspertyzy\/#breadcrumb\"},\"inLanguage\":\"lv-LV\",\"potentialAction\":[{\"@type\":\"ReadAction\",\"target\":[\"https:\/\/icr.you2.pl\/ekspertyzy\/\"]}]},{\"@type\":\"BreadcrumbList\",\"@id\":\"https:\/\/icr.you2.pl\/ekspertyzy\/#breadcrumb\",\"itemListElement\":[{\"@type\":\"ListItem\",\"position\":1,\"name\":\"Strona g\u0142\u00f3wna\",\"item\":\"https:\/\/icr.you2.pl\/\"},{\"@type\":\"ListItem\",\"position\":2,\"name\":\"Ekspertyzy, Opinie\"}]},{\"@type\":\"WebSite\",\"@id\":\"https:\/\/icr.you2.pl\/#website\",\"url\":\"https:\/\/icr.you2.pl\/\",\"name\":\"ICR POLSKA - badania i certyfikacja\",\"description\":\"CE certification, CE certificate, ISO certificate, RED testing, product testing and certification, electrical product testing, medical device testing, ATEX, IECEx, FCC, product certification, EMC testing, machinery certification, CE machines, training, electronic product testing, testing 2014\/53\/EU, drone certification, ISO 13485 certificate, ISO 9001 certificate, NC RfG\",\"publisher\":{\"@id\":\"https:\/\/icr.you2.pl\/#\/schema\/person\/944799c9e2f4a94662e3fcb3b1544baf\"},\"potentialAction\":[{\"@type\":\"SearchAction\",\"target\":{\"@type\":\"EntryPoint\",\"urlTemplate\":\"https:\/\/icr.you2.pl\/?s={search_term_string}\"},\"query-input\":{\"@type\":\"PropertyValueSpecification\",\"valueRequired\":true,\"valueName\":\"search_term_string\"}}],\"inLanguage\":\"lv-LV\"},{\"@type\":[\"Person\",\"Organization\"],\"@id\":\"https:\/\/icr.you2.pl\/#\/schema\/person\/944799c9e2f4a94662e3fcb3b1544baf\",\"name\":\"admin\",\"image\":{\"@type\":\"ImageObject\",\"inLanguage\":\"lv-LV\",\"@id\":\"https:\/\/icr.you2.pl\/#\/schema\/person\/image\/\",\"url\":\"https:\/\/icr.you2.pl\/wp-content\/uploads\/2019\/05\/cropped-logo-icr.32f04ad5-1-1.png\",\"contentUrl\":\"https:\/\/icr.you2.pl\/wp-content\/uploads\/2019\/05\/cropped-logo-icr.32f04ad5-1-1.png\",\"width\":400,\"height\":148,\"caption\":\"admin\"},\"logo\":{\"@id\":\"https:\/\/icr.you2.pl\/#\/schema\/person\/image\/\"}}]}<\/script>\n<!-- \/ Yoast SEO plugin. -->","yoast_head_json":{"title":"Ekspertu zi\u0146ojumi, atzinumi - ICR POLIJA - test\u0113\u0161ana un sertifik\u0101cija","robots":{"index":"index","follow":"follow","max-snippet":"max-snippet:-1","max-image-preview":"max-image-preview:large","max-video-preview":"max-video-preview:-1"},"canonical":"https:\/\/icr.you2.pl\/lv\/ekspertyzy\/","og_locale":"lv_LV","og_type":"article","og_title":"Ekspertyzy, Opinie - ICR POLSKA - badania i certyfikacja","og_description":"ICR Polska wykorzystuj\u0105c swoje do\u015bwiadczenie w ocenie wyrob\u00f3w elektronicznych, maszyn, dysponuj\u0105c wykwalifikowan\u0105 kadr\u0105 zaprasza do skorzystania z ekspertyz, opinii oraz analiz technicznych na rzecz m.in. urz\u0119d\u00f3w administracji, firm ubezpieczaj\u0105cych, producent\u00f3w i importer\u00f3w oraz os\u00f3b fizycznych\u00a0w poni\u017cszym zakresie: opinia techniczna w odniesieniu do urz\u0105dze\u0144 elektronicznych i maszyn, ekspertyza techniczna w zakresie oceny przyczyn i wielko\u015bci szk\u00f3d&hellip;&nbsp;Read More &raquo;Ekspertyzy, Opinie","og_url":"https:\/\/icr.you2.pl\/lv\/ekspertyzy\/","og_site_name":"ICR POLSKA - badania i certyfikacja","article_modified_time":"2023-01-31T13:51:51+00:00","twitter_card":"summary_large_image","twitter_misc":{"Est. reading time":"1 min\u016bte"},"schema":{"@context":"https:\/\/schema.org","@graph":[{"@type":"WebPage","@id":"https:\/\/icr.you2.pl\/ekspertyzy\/","url":"https:\/\/icr.you2.pl\/ekspertyzy\/","name":"Ekspertu zi\u0146ojumi, atzinumi - ICR POLIJA - test\u0113\u0161ana un sertifik\u0101cija","isPartOf":{"@id":"https:\/\/icr.you2.pl\/#website"},"datePublished":"2023-01-31T13:45:04+00:00","dateModified":"2023-01-31T13:51:51+00:00","breadcrumb":{"@id":"https:\/\/icr.you2.pl\/ekspertyzy\/#breadcrumb"},"inLanguage":"lv-LV","potentialAction":[{"@type":"ReadAction","target":["https:\/\/icr.you2.pl\/ekspertyzy\/"]}]},{"@type":"BreadcrumbList","@id":"https:\/\/icr.you2.pl\/ekspertyzy\/#breadcrumb","itemListElement":[{"@type":"ListItem","position":1,"name":"Strona g\u0142\u00f3wna","item":"https:\/\/icr.you2.pl\/"},{"@type":"ListItem","position":2,"name":"Ekspertyzy, Opinie"}]},{"@type":"WebSite","@id":"https:\/\/icr.you2.pl\/#website","url":"https:\/\/icr.you2.pl\/","name":"ICR POLIJA - test\u0113\u0161ana un sertifik\u0101cija","description":"CE sertifik\u0101cija, CE sertifik\u0101ts, ISO sertifik\u0101ts, RED test\u0113\u0161ana, produktu test\u0113\u0161ana un sertifik\u0101cija, elektrisko produktu test\u0113\u0161ana, medic\u012bnas ier\u012b\u010du test\u0113\u0161ana, ATEX, IECEx, FCC, produktu sertifik\u0101cija, EMC test\u0113\u0161ana, ma\u0161\u012bnu sertifik\u0101cija, CE iek\u0101rtas, apm\u0101c\u012bba, elektronisko produktu test\u0113\u0161ana, test\u0113\u0161ana 2014\/53\/ES, dronu sertifik\u0101cija, ISO 13485 sertifik\u0101ts, ISO 9001 sertifik\u0101ts, NC RfG","publisher":{"@id":"https:\/\/icr.you2.pl\/#\/schema\/person\/944799c9e2f4a94662e3fcb3b1544baf"},"potentialAction":[{"@type":"SearchAction","target":{"@type":"EntryPoint","urlTemplate":"https:\/\/icr.you2.pl\/?s={search_term_string}"},"query-input":{"@type":"PropertyValueSpecification","valueRequired":true,"valueName":"search_term_string"}}],"inLanguage":"lv-LV"},{"@type":["Person","Organization"],"@id":"https:\/\/icr.you2.pl\/#\/schema\/person\/944799c9e2f4a94662e3fcb3b1544baf","name":"administrators","image":{"@type":"ImageObject","inLanguage":"lv-LV","@id":"https:\/\/icr.you2.pl\/#\/schema\/person\/image\/","url":"https:\/\/icr.you2.pl\/wp-content\/uploads\/2019\/05\/cropped-logo-icr.32f04ad5-1-1.png","contentUrl":"https:\/\/icr.you2.pl\/wp-content\/uploads\/2019\/05\/cropped-logo-icr.32f04ad5-1-1.png","width":400,"height":148,"caption":"admin"},"logo":{"@id":"https:\/\/icr.you2.pl\/#\/schema\/person\/image\/"}}]}},"_links":{"self":[{"href":"https:\/\/icr.you2.pl\/lv\/wp-json\/wp\/v2\/pages\/8288","targetHints":{"allow":["GET"]}}],"collection":[{"href":"https:\/\/icr.you2.pl\/lv\/wp-json\/wp\/v2\/pages"}],"about":[{"href":"https:\/\/icr.you2.pl\/lv\/wp-json\/wp\/v2\/types\/page"}],"author":[{"embeddable":true,"href":"https:\/\/icr.you2.pl\/lv\/wp-json\/wp\/v2\/users\/2"}],"replies":[{"embeddable":true,"href":"https:\/\/icr.you2.pl\/lv\/wp-json\/wp\/v2\/comments?post=8288"}],"version-history":[{"count":0,"href":"https:\/\/icr.you2.pl\/lv\/wp-json\/wp\/v2\/pages\/8288\/revisions"}],"wp:attachment":[{"href":"https:\/\/icr.you2.pl\/lv\/wp-json\/wp\/v2\/media?parent=8288"}],"curies":[{"name":"wp","href":"https:\/\/api.w.org\/{rel}","templated":true}]}}