{"id":12256,"date":"2023-12-18T09:06:09","date_gmt":"2023-12-18T08:06:09","guid":{"rendered":"https:\/\/icrpolska.com\/?page_id=12256"},"modified":"2023-12-18T10:56:10","modified_gmt":"2023-12-18T09:56:10","slug":"doc","status":"publish","type":"page","link":"https:\/\/icr.you2.pl\/ua\/doc\/","title":{"rendered":"\u041c\u0438\u0442\u043d\u0456 \u0442\u0430 \u0456\u043c\u043f\u043e\u0440\u0442\u043d\u0456 \u0434\u043e\u043a\u0443\u043c\u0435\u043d\u0442\u0438"},"content":{"rendered":"<div data-elementor-type=\"wp-page\" data-elementor-id=\"12256\" class=\"elementor elementor-12256\">\n\t\t\t\t\t\t<section class=\"elementor-section elementor-top-section elementor-element elementor-element-45f0b3b5 elementor-section-boxed elementor-section-height-default elementor-section-height-default\" data-id=\"45f0b3b5\" data-element_type=\"section\" data-e-type=\"section\">\n\t\t\t\t\t\t<div class=\"elementor-container elementor-column-gap-default\">\n\t\t\t\t\t<div class=\"elementor-column elementor-col-100 elementor-top-column elementor-element elementor-element-1a060b6\" data-id=\"1a060b6\" data-element_type=\"column\" data-e-type=\"column\">\n\t\t\t<div class=\"elementor-widget-wrap elementor-element-populated\">\n\t\t\t\t\t\t<div class=\"elementor-element elementor-element-f624789 elementor-widget elementor-widget-text-editor\" data-id=\"f624789\" data-element_type=\"widget\" data-e-type=\"widget\" data-widget_type=\"text-editor.default\">\n\t\t\t\t<div class=\"elementor-widget-container\">\n\t\t\t\t\t\t\t\t\t<p>\u041f\u0440\u043e\u043f\u043e\u043d\u0443\u0454\u043c\u043e \u043e\u0433\u043b\u044f\u0434 \u043c\u0438\u0442\u043d\u043e\u0457 \u0442\u0430 \u0456\u043c\u043f\u043e\u0440\u0442\u043d\u043e\u0457 \u0434\u043e\u043a\u0443\u043c\u0435\u043d\u0442\u0430\u0446\u0456\u0457 \u0434\u043b\u044f \u0442\u043e\u0432\u0430\u0440\u0456\u0432, \u0449\u043e \u0432\u0432\u043e\u0437\u044f\u0442\u044c\u0441\u044f \u043d\u0430 \u0442\u0435\u0440\u0438\u0442\u043e\u0440\u0456\u044e \u0423\u043a\u0440\u0430\u0457\u043d\u0438:<\/p>\n<ul>\n<li>\u0404\u0432\u0440\u043e\u043f\u0435\u0439\u0441\u044c\u043a\u0438\u0439 \u0421\u043e\u044e\u0437<\/li>\n<li>\u0421\u043f\u043e\u043b\u0443\u0447\u0435\u043d\u0456 \u0428\u0442\u0430\u0442\u0438<\/li>\n<li>\u041a\u0430\u043d\u0430\u0434\u0430<\/li>\n<li>\u041f\u0456\u0432\u0434\u0435\u043d\u043d\u0430 \u041a\u043e\u0440\u0435\u044f<\/li>\n<\/ul>\n<p>\u0414\u043b\u044f \u0456\u043c\u043f\u043e\u0440\u0442\u0435\u0440\u0456\u0432 \u0442\u0430 \u0435\u043a\u0441\u043f\u043e\u0440\u0442\u0435\u0440\u0456\u0432 \u043c\u0438 \u043f\u0440\u043e\u043f\u043e\u043d\u0443\u0454\u043c\u043e:<\/p>\n<ul>\n<li>\u0412\u0438\u0437\u043d\u0430\u0447\u0435\u043d\u043d\u044f \u043d\u0435\u043e\u0431\u0445\u0456\u0434\u043d\u043e\u0457 \u0442\u0435\u0445\u043d\u0456\u0447\u043d\u043e\u0457 \u0442\u0430 \u0431\u0443\u0434\u0456\u0432\u0435\u043b\u044c\u043d\u043e\u0457 \u0434\u043e\u043a\u0443\u043c\u0435\u043d\u0442\u0430\u0446\u0456\u0457 \u0434\u043b\u044f \u0434\u043e\u0442\u0440\u0438\u043c\u0430\u043d\u043d\u044f \u043c\u0430\u0440\u043a\u0435\u0442\u0438\u043d\u0433\u043e\u0432\u0438\u0445 \u043f\u0440\u0430\u0432\u0438\u043b,<\/li>\n<li>\u0406\u0434\u0435\u043d\u0442\u0438\u0444\u0456\u043a\u0430\u0446\u0456\u044f \u043d\u043e\u0440\u043c\u0430\u0442\u0438\u0432\u043d\u0438\u0445 \u0434\u043e\u043a\u0443\u043c\u0435\u043d\u0442\u0456\u0432, \u043d\u0430\u043f\u0440\u0438\u043a\u043b\u0430\u0434, \u0434\u0438\u0440\u0435\u043a\u0442\u0438\u0432, \u0440\u0435\u0433\u043b\u0430\u043c\u0435\u043d\u0442\u0456\u0432, \u043d\u0430\u0446\u0456\u043e\u043d\u0430\u043b\u044c\u043d\u0438\u0445 \u0442\u0430 \u043c\u0456\u0436\u043d\u0430\u0440\u043e\u0434\u043d\u0438\u0445 \u0441\u0442\u0430\u043d\u0434\u0430\u0440\u0442\u0456\u0432, \u0449\u043e \u0437\u0430\u0441\u0442\u043e\u0441\u043e\u0432\u0443\u044e\u0442\u044c\u0441\u044f \u0434\u043e \u043f\u0440\u043e\u0434\u0443\u043a\u0442\u0443,<\/li>\n<li>\u041e\u0446\u0456\u043d\u043a\u0430 \u0432\u0456\u0434\u043f\u043e\u0432\u0456\u0434\u043d\u043e\u0441\u0442\u0456 \u043e\u043a\u0440\u0435\u043c\u0438\u0445 \u0434\u043e\u043a\u0443\u043c\u0435\u043d\u0442\u0456\u0432, \u043d\u0430\u043f\u0440\u0438\u043a\u043b\u0430\u0434, \u0434\u0435\u043a\u043b\u0430\u0440\u0430\u0446\u0456\u0457 \u043f\u0440\u043e \u0432\u0456\u0434\u043f\u043e\u0432\u0456\u0434\u043d\u0456\u0441\u0442\u044c, \u043f\u0430\u0441\u043f\u043e\u0440\u0442\u043d\u043e\u0457 \u0442\u0430\u0431\u043b\u0438\u0447\u043a\u0438, \u0456\u043d\u0441\u0442\u0440\u0443\u043a\u0446\u0456\u0457 \u0437 \u0435\u043a\u0441\u043f\u043b\u0443\u0430\u0442\u0430\u0446\u0456\u0457, \u043f\u0440\u043e\u0442\u043e\u043a\u043e\u043b\u0456\u0432 \u0432\u0438\u043f\u0440\u043e\u0431\u0443\u0432\u0430\u043d\u044c \u0437\u043e\u0432\u043d\u0456\u0448\u043d\u044c\u043e\u0457 \u043b\u0430\u0431\u043e\u0440\u0430\u0442\u043e\u0440\u0456\u0457,<\/li>\n<\/ul>\n<p>\u041c\u0438 \u043d\u0430\u0434\u0430\u0454\u043c\u043e \u043f\u043e\u0441\u043b\u0443\u0433\u0438 \u0437 \u0434\u043e\u0442\u0440\u0438\u043c\u0430\u043d\u043d\u044f \u043f\u0440\u0430\u0432\u0438\u043b \u043c\u0430\u0440\u043a\u0443\u0432\u0430\u043d\u043d\u044f, \u0432\u043a\u043b\u044e\u0447\u0430\u044e\u0447\u0438 CE, FCC, ISED, KC.<\/p>\n<p>\u041d\u0435 \u0441\u043e\u0440\u043e\u043c\u0442\u0435\u0441\u044f \u0437\u0432\u0435\u0440\u0442\u0430\u0442\u0438\u0441\u044f \u0434\u043e \u043d\u0430\u0441<span style=\"color: var( --e-global-color-text ); font-family: var( --e-global-typography-text-font-family ), Sans-serif; font-weight: var( --e-global-typography-text-font-weight ); background-color: var(--nv-site-bg);\">: <\/span><a style=\"font-family: var( --e-global-typography-text-font-family ), Sans-serif; font-weight: var( --e-global-typography-text-font-weight );\" href=\"mailto:icrpolska@icrqa.com\">icrpolska@icrqa.com<\/a><\/p>\n<p><span style=\"color: var( --e-global-color-text ); font-family: var( --e-global-typography-text-font-family ), Sans-serif; font-weight: var( --e-global-typography-text-font-weight ); background-color: var(--nv-site-bg);\">\u041f\u043e\u0441\u043b\u0443\u0433\u0430 \u043f\u0435\u0440\u0435\u0432\u0456\u0440\u043a\u0438 \u043c\u0438\u0442\u043d\u043e\u0457 \u0442\u0430 \u0456\u043c\u043f\u043e\u0440\u0442\u043d\u043e\u0457 \u0434\u043e\u043a\u0443\u043c\u0435\u043d\u0442\u0430\u0446\u0456\u0457 \u043d\u0435 \u0454 \u0447\u0430\u0441\u0442\u0438\u043d\u043e\u044e \u0434\u0456\u044f\u043b\u044c\u043d\u043e\u0441\u0442\u0456, \u0449\u043e \u0432\u0438\u043f\u043b\u0438\u0432\u0430\u0454 \u0437 \u043d\u0430\u0434\u0430\u043d\u043e\u0457 \u043b\u0456\u0446\u0435\u043d\u0437\u0456\u0457.&nbsp;<\/span><span style=\"color: var( --e-global-color-text ); font-family: var( --e-global-typography-text-font-family ), Sans-serif; font-weight: var( --e-global-typography-text-font-weight ); background-color: var(--nv-site-bg);\">ICR Polska&nbsp;<\/span><span style=\"color: var( --e-global-color-text ); font-family: var( --e-global-typography-text-font-family ), Sans-serif; font-weight: var( --e-global-typography-text-font-weight ); background-color: var(--nv-site-bg);\">\u0430\u043a\u0440\u0435\u0434\u0438\u0442\u0430\u0446\u0456\u044f \u0442\u0430 \u043d\u043e\u0442\u0438\u0444\u0456\u043a\u0430\u0446\u0456\u044f (\u043d\u0435 \u043e\u0445\u043e\u043f\u043b\u044e\u044e\u0442\u044c\u0441\u044f \u0456\u043d\u0442\u0435\u0433\u0440\u043e\u0432\u0430\u043d\u043e\u044e \u0441\u0438\u0441\u0442\u0435\u043c\u043e\u044e \u043c\u0435\u043d\u0435\u0434\u0436\u043c\u0435\u043d\u0442\u0443).<\/span><br><\/p>\n<p><\/p>\t\t\t\t\t\t\t\t<\/div>\n\t\t\t\t<\/div>\n\t\t\t\t\t<\/div>\n\t\t<\/div>\n\t\t\t\t\t<\/div>\n\t\t<\/section>\n\t\t\t\t<\/div>","protected":false},"excerpt":{"rendered":"<p>\u041f\u0440\u043e\u043f\u043e\u043d\u0443\u0454\u043c\u043e \u043e\u0433\u043b\u044f\u0434 \u043c\u0438\u0442\u043d\u043e\u0457 \u0442\u0430 \u0456\u043c\u043f\u043e\u0440\u0442\u043d\u043e\u0457 \u0434\u043e\u043a\u0443\u043c\u0435\u043d\u0442\u0430\u0446\u0456\u0457 \u0434\u043b\u044f \u043f\u0440\u043e\u0434\u0443\u043a\u0446\u0456\u0457, \u0449\u043e \u0432\u0432\u043e\u0437\u0438\u0442\u044c\u0441\u044f \u043d\u0430 \u0442\u0435\u0440\u0438\u0442\u043e\u0440\u0456\u044e: \u0404\u0432\u0440\u043e\u043f\u0435\u0439\u0441\u044c\u043a\u043e\u0433\u043e \u0421\u043e\u044e\u0437\u0443, \u0421\u0428\u0410, \u041a\u0430\u043d\u0430\u0434\u0438, \u041f\u0456\u0432\u0434\u0435\u043d\u043d\u043e\u0457 \u041a\u043e\u0440\u0435\u0457 \u0414\u043b\u044f \u0456\u043c\u043f\u043e\u0440\u0442\u0435\u0440\u0456\u0432 \u0442\u0430 \u0435\u043a\u0441\u043f\u043e\u0440\u0442\u0435\u0440\u0456\u0432 \u043c\u0438 \u043f\u0440\u043e\u043f\u043e\u043d\u0443\u0454\u043c\u043e \u0412\u0438\u0437\u043d\u0430\u0447\u0435\u043d\u043d\u044f \u043d\u0435\u043e\u0431\u0445\u0456\u0434\u043d\u043e\u0457 \u0442\u0435\u0445\u043d\u0456\u0447\u043d\u043e\u0457 \u0442\u0430 \u043a\u043e\u043d\u0441\u0442\u0440\u0443\u043a\u0442\u043e\u0440\u0441\u044c\u043a\u043e\u0457 \u0434\u043e\u043a\u0443\u043c\u0435\u043d\u0442\u0430\u0446\u0456\u0457 \u0434\u043b\u044f \u0434\u043e\u0442\u0440\u0438\u043c\u0430\u043d\u043d\u044f \u043c\u0430\u0440\u043a\u0435\u0442\u0438\u043d\u0433\u043e\u0432\u0438\u0445 \u043f\u0440\u0430\u0432\u0438\u043b, \u0432\u0438\u0437\u043d\u0430\u0447\u0435\u043d\u043d\u044f \u043d\u043e\u0440\u043c\u0430\u0442\u0438\u0432\u043d\u0438\u0445 \u0434\u043e\u043a\u0443\u043c\u0435\u043d\u0442\u0456\u0432, \u043d\u0430\u043f\u0440\u0438\u043a\u043b\u0430\u0434, \u0434\u0438\u0440\u0435\u043a\u0442\u0438\u0432, \u0440\u0435\u0433\u043b\u0430\u043c\u0435\u043d\u0442\u0456\u0432, \u043d\u0430\u0446\u0456\u043e\u043d\u0430\u043b\u044c\u043d\u0438\u0445 \u0442\u0430 \u043c\u0456\u0436\u043d\u0430\u0440\u043e\u0434\u043d\u0438\u0445 \u0441\u0442\u0430\u043d\u0434\u0430\u0440\u0442\u0456\u0432, \u0449\u043e \u0437\u0430\u0441\u0442\u043e\u0441\u043e\u0432\u0443\u044e\u0442\u044c\u0441\u044f \u0434\u043e \u043f\u0440\u043e\u0434\u0443\u043a\u0442\u0443, \u043e\u0446\u0456\u043d\u043a\u0443 \u0432\u0456\u0434\u043f\u043e\u0432\u0456\u0434\u043d\u043e\u0441\u0442\u0456 \u0432\u0438\u0431\u0440\u0430\u043d\u0438\u0445 \u0434\u043e\u043a\u0443\u043c\u0435\u043d\u0442\u0456\u0432, \u043d\u0430\u043f\u0440\u0438\u043a\u043b\u0430\u0434, \u0434\u0435\u043a\u043b\u0430\u0440\u0430\u0446\u0456\u0439 \u043f\u0440\u043e \u0432\u0456\u0434\u043f\u043e\u0432\u0456\u0434\u043d\u0456\u0441\u0442\u044c,...&nbsp;<a href=\"https:\/\/icr.you2.pl\/ua\/doc\/\" rel=\"bookmark\">\u0427\u0438\u0442\u0430\u0442\u0438 \u0434\u0430\u043b\u0456 \"<span class=\"screen-reader-text\">\u041c\u0438\u0442\u043d\u0456 \u0442\u0430 \u0456\u043c\u043f\u043e\u0440\u0442\u043d\u0456 \u0434\u043e\u043a\u0443\u043c\u0435\u043d\u0442\u0438<\/span><\/a><\/p>","protected":false},"author":2,"featured_media":0,"parent":0,"menu_order":0,"comment_status":"closed","ping_status":"closed","template":"","meta":{"neve_meta_sidebar":"","neve_meta_container":"","neve_meta_enable_content_width":"off","neve_meta_content_width":80,"neve_meta_title_alignment":"","neve_meta_author_avatar":"","neve_post_elements_order":"","neve_meta_disable_header":"","neve_meta_disable_footer":"","neve_meta_disable_title":"","footnotes":""},"class_list":["post-12256","page","type-page","status-publish","hentry"],"yoast_head":"<!-- This site is optimized with the Yoast SEO plugin v26.8 - https:\/\/yoast.com\/product\/yoast-seo-wordpress\/ -->\n<title>Dokumenty celno-importowe - ICR POLSKA - badania i certyfikacja<\/title>\n<meta name=\"robots\" content=\"index, follow, max-snippet:-1, max-image-preview:large, max-video-preview:-1\" \/>\n<link rel=\"canonical\" href=\"https:\/\/icr.you2.pl\/ua\/doc\/\" \/>\n<meta property=\"og:locale\" content=\"uk_UA\" \/>\n<meta property=\"og:type\" content=\"article\" \/>\n<meta property=\"og:title\" content=\"Dokumenty celno-importowe - ICR POLSKA - badania i certyfikacja\" \/>\n<meta property=\"og:description\" content=\"Oferujemy przegl\u0105d dokumentacji celno-importowej dla wyrob\u00f3w wprowadzanych do obrotu na obszar: Unii Europejskiej Stan\u00f3w Zjednoczonych Kanady Korei Po\u0142udniowej Dla importer\u00f3w i eksporter\u00f3w proponujemy: Identyfikacj\u0119 wymaganych dokument\u00f3w techniczno-konstrukcyjnych na zgodno\u015b\u0107 z przepisami dot. wprowadzania do obrotu, Identyfikacj\u0119 przepis\u00f3w np. Dyrektyw, Rozporz\u0105dze\u0144, norm krajowych i mi\u0119dzynarodowych maj\u0105cych zastosowanie do wyrobu, Ocen\u0119 zgodno\u015bci wybranych dokument\u00f3w np. Deklaracji Zgodno\u015bci,&hellip;&nbsp;\u0427\u0438\u0442\u0430\u0442\u0438 \u0434\u0430\u043b\u0456 &raquo;Dokumenty celno-importowe\" \/>\n<meta property=\"og:url\" content=\"https:\/\/icr.you2.pl\/ua\/doc\/\" \/>\n<meta property=\"og:site_name\" content=\"ICR POLSKA - badania i certyfikacja\" \/>\n<meta property=\"article:modified_time\" content=\"2023-12-18T09:56:10+00:00\" \/>\n<meta name=\"twitter:card\" content=\"summary_large_image\" \/>\n<meta name=\"twitter:label1\" content=\"\u041f\u0440\u0438\u0431\u043b. \u0447\u0430\u0441 \u0447\u0438\u0442\u0430\u043d\u043d\u044f\" \/>\n\t<meta name=\"twitter:data1\" content=\"1 \u0445\u0432\u0438\u043b\u0438\u043d\u0430\" \/>\n<script type=\"application\/ld+json\" class=\"yoast-schema-graph\">{\"@context\":\"https:\/\/schema.org\",\"@graph\":[{\"@type\":\"WebPage\",\"@id\":\"https:\/\/icr.you2.pl\/doc\/\",\"url\":\"https:\/\/icr.you2.pl\/doc\/\",\"name\":\"Dokumenty celno-importowe - ICR POLSKA - badania i certyfikacja\",\"isPartOf\":{\"@id\":\"https:\/\/icr.you2.pl\/#website\"},\"datePublished\":\"2023-12-18T08:06:09+00:00\",\"dateModified\":\"2023-12-18T09:56:10+00:00\",\"breadcrumb\":{\"@id\":\"https:\/\/icr.you2.pl\/doc\/#breadcrumb\"},\"inLanguage\":\"uk\",\"potentialAction\":[{\"@type\":\"ReadAction\",\"target\":[\"https:\/\/icr.you2.pl\/doc\/\"]}]},{\"@type\":\"BreadcrumbList\",\"@id\":\"https:\/\/icr.you2.pl\/doc\/#breadcrumb\",\"itemListElement\":[{\"@type\":\"ListItem\",\"position\":1,\"name\":\"Strona g\u0142\u00f3wna\",\"item\":\"https:\/\/icr.you2.pl\/\"},{\"@type\":\"ListItem\",\"position\":2,\"name\":\"Dokumenty celno-importowe\"}]},{\"@type\":\"WebSite\",\"@id\":\"https:\/\/icr.you2.pl\/#website\",\"url\":\"https:\/\/icr.you2.pl\/\",\"name\":\"ICR POLSKA - badania i certyfikacja\",\"description\":\"CE certification, CE certificate, ISO certificate, RED testing, product testing and certification, electrical product testing, medical device testing, ATEX, IECEx, FCC, product certification, EMC testing, machinery certification, CE machines, training, electronic product testing, testing 2014\/53\/EU, drone certification, ISO 13485 certificate, ISO 9001 certificate, NC RfG\",\"publisher\":{\"@id\":\"https:\/\/icr.you2.pl\/#\/schema\/person\/944799c9e2f4a94662e3fcb3b1544baf\"},\"potentialAction\":[{\"@type\":\"SearchAction\",\"target\":{\"@type\":\"EntryPoint\",\"urlTemplate\":\"https:\/\/icr.you2.pl\/?s={search_term_string}\"},\"query-input\":{\"@type\":\"PropertyValueSpecification\",\"valueRequired\":true,\"valueName\":\"search_term_string\"}}],\"inLanguage\":\"uk\"},{\"@type\":[\"Person\",\"Organization\"],\"@id\":\"https:\/\/icr.you2.pl\/#\/schema\/person\/944799c9e2f4a94662e3fcb3b1544baf\",\"name\":\"admin\",\"image\":{\"@type\":\"ImageObject\",\"inLanguage\":\"uk\",\"@id\":\"https:\/\/icr.you2.pl\/#\/schema\/person\/image\/\",\"url\":\"https:\/\/icr.you2.pl\/wp-content\/uploads\/2019\/05\/cropped-logo-icr.32f04ad5-1-1.png\",\"contentUrl\":\"https:\/\/icr.you2.pl\/wp-content\/uploads\/2019\/05\/cropped-logo-icr.32f04ad5-1-1.png\",\"width\":400,\"height\":148,\"caption\":\"admin\"},\"logo\":{\"@id\":\"https:\/\/icr.you2.pl\/#\/schema\/person\/image\/\"}}]}<\/script>\n<!-- \/ Yoast SEO plugin. -->","yoast_head_json":{"title":"\u041c\u0438\u0442\u043d\u0456 \u0442\u0430 \u0456\u043c\u043f\u043e\u0440\u0442\u043d\u0456 \u0434\u043e\u043a\u0443\u043c\u0435\u043d\u0442\u0438 - ICR POLAND - \u0432\u0438\u043f\u0440\u043e\u0431\u0443\u0432\u0430\u043d\u043d\u044f \u0442\u0430 \u0441\u0435\u0440\u0442\u0438\u0444\u0456\u043a\u0430\u0446\u0456\u044f","robots":{"index":"index","follow":"follow","max-snippet":"max-snippet:-1","max-image-preview":"max-image-preview:large","max-video-preview":"max-video-preview:-1"},"canonical":"https:\/\/icr.you2.pl\/ua\/doc\/","og_locale":"uk_UA","og_type":"article","og_title":"Dokumenty celno-importowe - ICR POLSKA - badania i certyfikacja","og_description":"Oferujemy przegl\u0105d dokumentacji celno-importowej dla wyrob\u00f3w wprowadzanych do obrotu na obszar: Unii Europejskiej Stan\u00f3w Zjednoczonych Kanady Korei Po\u0142udniowej Dla importer\u00f3w i eksporter\u00f3w proponujemy: Identyfikacj\u0119 wymaganych dokument\u00f3w techniczno-konstrukcyjnych na zgodno\u015b\u0107 z przepisami dot. wprowadzania do obrotu, Identyfikacj\u0119 przepis\u00f3w np. Dyrektyw, Rozporz\u0105dze\u0144, norm krajowych i mi\u0119dzynarodowych maj\u0105cych zastosowanie do wyrobu, Ocen\u0119 zgodno\u015bci wybranych dokument\u00f3w np. Deklaracji Zgodno\u015bci,&hellip;&nbsp;\u0427\u0438\u0442\u0430\u0442\u0438 \u0434\u0430\u043b\u0456 &raquo;Dokumenty celno-importowe","og_url":"https:\/\/icr.you2.pl\/ua\/doc\/","og_site_name":"ICR POLSKA - badania i certyfikacja","article_modified_time":"2023-12-18T09:56:10+00:00","twitter_card":"summary_large_image","twitter_misc":{"\u041f\u0440\u0438\u0431\u043b. \u0447\u0430\u0441 \u0447\u0438\u0442\u0430\u043d\u043d\u044f":"1 \u0445\u0432\u0438\u043b\u0438\u043d\u0430"},"schema":{"@context":"https:\/\/schema.org","@graph":[{"@type":"WebPage","@id":"https:\/\/icr.you2.pl\/doc\/","url":"https:\/\/icr.you2.pl\/doc\/","name":"\u041c\u0438\u0442\u043d\u0456 \u0442\u0430 \u0456\u043c\u043f\u043e\u0440\u0442\u043d\u0456 \u0434\u043e\u043a\u0443\u043c\u0435\u043d\u0442\u0438 - ICR POLAND - \u0432\u0438\u043f\u0440\u043e\u0431\u0443\u0432\u0430\u043d\u043d\u044f \u0442\u0430 \u0441\u0435\u0440\u0442\u0438\u0444\u0456\u043a\u0430\u0446\u0456\u044f","isPartOf":{"@id":"https:\/\/icr.you2.pl\/#website"},"datePublished":"2023-12-18T08:06:09+00:00","dateModified":"2023-12-18T09:56:10+00:00","breadcrumb":{"@id":"https:\/\/icr.you2.pl\/doc\/#breadcrumb"},"inLanguage":"uk","potentialAction":[{"@type":"ReadAction","target":["https:\/\/icr.you2.pl\/doc\/"]}]},{"@type":"BreadcrumbList","@id":"https:\/\/icr.you2.pl\/doc\/#breadcrumb","itemListElement":[{"@type":"ListItem","position":1,"name":"Strona g\u0142\u00f3wna","item":"https:\/\/icr.you2.pl\/"},{"@type":"ListItem","position":2,"name":"Dokumenty celno-importowe"}]},{"@type":"WebSite","@id":"https:\/\/icr.you2.pl\/#website","url":"https:\/\/icr.you2.pl\/","name":"ICR POLAND - \u0442\u0435\u0441\u0442\u0443\u0432\u0430\u043d\u043d\u044f \u0442\u0430 \u0441\u0435\u0440\u0442\u0438\u0444\u0456\u043a\u0430\u0446\u0456\u044f","description":"\u0421\u0435\u0440\u0442\u0438\u0444\u0456\u043a\u0430\u0446\u0456\u044f CE, \u0441\u0435\u0440\u0442\u0438\u0444\u0456\u043a\u0430\u0442 CE, \u0441\u0435\u0440\u0442\u0438\u0444\u0456\u043a\u0430\u0442 ISO, \u0432\u0438\u043f\u0440\u043e\u0431\u0443\u0432\u0430\u043d\u043d\u044f RED, \u0432\u0438\u043f\u0440\u043e\u0431\u0443\u0432\u0430\u043d\u043d\u044f \u0442\u0430 \u0441\u0435\u0440\u0442\u0438\u0444\u0456\u043a\u0430\u0446\u0456\u044f \u043f\u0440\u043e\u0434\u0443\u043a\u0446\u0456\u0457, \u0432\u0438\u043f\u0440\u043e\u0431\u0443\u0432\u0430\u043d\u043d\u044f \u0435\u043b\u0435\u043a\u0442\u0440\u043e\u0442\u0435\u0445\u043d\u0456\u0447\u043d\u0438\u0445 \u0432\u0438\u0440\u043e\u0431\u0456\u0432, \u0432\u0438\u043f\u0440\u043e\u0431\u0443\u0432\u0430\u043d\u043d\u044f \u043c\u0435\u0434\u0438\u0447\u043d\u0438\u0445 \u0432\u0438\u0440\u043e\u0431\u0456\u0432, ATEX, IECEx, FCC, \u0441\u0435\u0440\u0442\u0438\u0444\u0456\u043a\u0430\u0446\u0456\u044f \u043f\u0440\u043e\u0434\u0443\u043a\u0446\u0456\u0457, \u0432\u0438\u043f\u0440\u043e\u0431\u0443\u0432\u0430\u043d\u043d\u044f \u0415\u041c\u0421, \u0441\u0435\u0440\u0442\u0438\u0444\u0456\u043a\u0430\u0446\u0456\u044f \u043c\u0430\u0448\u0438\u043d, \u043c\u0430\u0448\u0438\u043d\u0438 CE, \u043d\u0430\u0432\u0447\u0430\u043d\u043d\u044f, \u0432\u0438\u043f\u0440\u043e\u0431\u0443\u0432\u0430\u043d\u043d\u044f \u0435\u043b\u0435\u043a\u0442\u0440\u043e\u043d\u043d\u043e\u0457 \u043f\u0440\u043e\u0434\u0443\u043a\u0446\u0456\u0457, \u0432\u0438\u043f\u0440\u043e\u0431\u0443\u0432\u0430\u043d\u043d\u044f 2014\/53\/EU, \u0441\u0435\u0440\u0442\u0438\u0444\u0456\u043a\u0430\u0446\u0456\u044f \u0431\u0435\u0437\u043f\u0456\u043b\u043e\u0442\u043d\u0438\u043a\u0456\u0432, \u0441\u0435\u0440\u0442\u0438\u0444\u0456\u043a\u0430\u0442 ISO 13485, \u0441\u0435\u0440\u0442\u0438\u0444\u0456\u043a\u0430\u0442 ISO 9001, NC RfG","publisher":{"@id":"https:\/\/icr.you2.pl\/#\/schema\/person\/944799c9e2f4a94662e3fcb3b1544baf"},"potentialAction":[{"@type":"SearchAction","target":{"@type":"EntryPoint","urlTemplate":"https:\/\/icr.you2.pl\/?s={search_term_string}"},"query-input":{"@type":"PropertyValueSpecification","valueRequired":true,"valueName":"search_term_string"}}],"inLanguage":"uk"},{"@type":["Person","Organization"],"@id":"https:\/\/icr.you2.pl\/#\/schema\/person\/944799c9e2f4a94662e3fcb3b1544baf","name":"\u0430\u0434\u043c\u0456\u043d\u0456\u0441\u0442\u0440\u0430\u0442\u043e\u0440","image":{"@type":"ImageObject","inLanguage":"uk","@id":"https:\/\/icr.you2.pl\/#\/schema\/person\/image\/","url":"https:\/\/icr.you2.pl\/wp-content\/uploads\/2019\/05\/cropped-logo-icr.32f04ad5-1-1.png","contentUrl":"https:\/\/icr.you2.pl\/wp-content\/uploads\/2019\/05\/cropped-logo-icr.32f04ad5-1-1.png","width":400,"height":148,"caption":"admin"},"logo":{"@id":"https:\/\/icr.you2.pl\/#\/schema\/person\/image\/"}}]}},"_links":{"self":[{"href":"https:\/\/icr.you2.pl\/ua\/wp-json\/wp\/v2\/pages\/12256","targetHints":{"allow":["GET"]}}],"collection":[{"href":"https:\/\/icr.you2.pl\/ua\/wp-json\/wp\/v2\/pages"}],"about":[{"href":"https:\/\/icr.you2.pl\/ua\/wp-json\/wp\/v2\/types\/page"}],"author":[{"embeddable":true,"href":"https:\/\/icr.you2.pl\/ua\/wp-json\/wp\/v2\/users\/2"}],"replies":[{"embeddable":true,"href":"https:\/\/icr.you2.pl\/ua\/wp-json\/wp\/v2\/comments?post=12256"}],"version-history":[{"count":0,"href":"https:\/\/icr.you2.pl\/ua\/wp-json\/wp\/v2\/pages\/12256\/revisions"}],"wp:attachment":[{"href":"https:\/\/icr.you2.pl\/ua\/wp-json\/wp\/v2\/media?parent=12256"}],"curies":[{"name":"wp","href":"https:\/\/api.w.org\/{rel}","templated":true}]}}