{"id":1918,"date":"2019-05-22T07:39:43","date_gmt":"2019-05-22T07:39:43","guid":{"rendered":"http:\/\/icrpolska.e-ksperci.pl\/?page_id=1918"},"modified":"2022-09-07T23:06:39","modified_gmt":"2022-09-07T21:06:39","slug":"iso-14001","status":"publish","type":"page","link":"https:\/\/icr.you2.pl\/ua\/certyfikacja-systemow\/iso-14001\/","title":{"rendered":"ISO 14001"},"content":{"rendered":"<p><strong>\u0429\u043e \u0442\u0430\u043a\u0435 ISO 14001?<\/strong><\/p>\n<p class=\"translation-block\"><strong>ISO 14001<\/strong> - \u0446\u0435 \u043c\u0456\u0436\u043d\u0430\u0440\u043e\u0434\u043d\u0438\u0439 \u0441\u0442\u0430\u043d\u0434\u0430\u0440\u0442 \u0434\u043b\u044f \u0441\u0438\u0441\u0442\u0435\u043c \u0435\u043a\u043e\u043b\u043e\u0433\u0456\u0447\u043d\u043e\u0433\u043e \u043c\u0435\u043d\u0435\u0434\u0436\u043c\u0435\u043d\u0442\u0443, \u0449\u043e \u0440\u0435\u0433\u0443\u043b\u044e\u0454\u0442\u044c\u0441\u044f ISO.<\/p>\n<p class=\"translation-block\">\u0417\u043e\u043a\u0440\u0435\u043c\u0430, <strong>ISO 14001<\/strong> - \u0446\u0435 \u0441\u0438\u0441\u0442\u0435\u043c\u0430 \u043c\u0435\u043d\u0435\u0434\u0436\u043c\u0435\u043d\u0442\u0443, \u0449\u043e \u0432\u0438\u043c\u0430\u0433\u0430\u0454 \u0432\u0456\u0434 \u043e\u0440\u0433\u0430\u043d\u0456\u0437\u0430\u0446\u0456\u0457 \u0432\u043d\u0435\u0441\u043a\u0443 \u0443 \u0432\u0438\u0433\u043b\u044f\u0434\u0456 \u043f\u043e\u0441\u0442\u0456\u0439\u043d\u043e\u0433\u043e \u0443\u0441\u0443\u043d\u0435\u043d\u043d\u044f \u0430\u0431\u043e \u0437\u043c\u0435\u043d\u0448\u0435\u043d\u043d\u044f \u0435\u043a\u043e\u043b\u043e\u0433\u0456\u0447\u043d\u0438\u0445 \u0440\u0438\u0437\u0438\u043a\u0456\u0432, \u0437 \u044f\u043a\u0438\u043c\u0438 \u0441\u0442\u0438\u043a\u0430\u0454\u0442\u044c\u0441\u044f \u043e\u0440\u0433\u0430\u043d\u0456\u0437\u0430\u0446\u0456\u044f, \u0448\u043b\u044f\u0445\u043e\u043c \u0441\u0438\u0441\u0442\u0435\u043c\u0430\u0442\u0438\u0447\u043d\u043e\u0433\u043e \u0432\u0438\u044f\u0432\u043b\u0435\u043d\u043d\u044f, \u043e\u0446\u0456\u043d\u044e\u0432\u0430\u043d\u043d\u044f, \u043a\u043e\u043d\u0442\u0440\u043e\u043b\u044e \u0442\u0430 \u043f\u043e\u043b\u0456\u043f\u0448\u0435\u043d\u043d\u044f \u0435\u043a\u043e\u043b\u043e\u0433\u0456\u0447\u043d\u0438\u0445 \u0430\u0441\u043f\u0435\u043a\u0442\u0456\u0432, \u0449\u043e \u0432\u0438\u043d\u0438\u043a\u0430\u044e\u0442\u044c \u043f\u0456\u0434 \u0447\u0430\u0441 \u0443\u043f\u0440\u0430\u0432\u043b\u0456\u043d\u043d\u044f \u043e\u0440\u0433\u0430\u043d\u0456\u0437\u0430\u0446\u0456\u0454\u044e.<\/p>\n<p>\u0412\u0438\u043c\u043e\u0433\u0438 \u0434\u043e \u0441\u0438\u0441\u0442\u0435\u043c\u0438 \u0435\u043a\u043e\u043b\u043e\u0433\u0456\u0447\u043d\u043e\u0433\u043e \u043c\u0435\u043d\u0435\u0434\u0436\u043c\u0435\u043d\u0442\u0443 \u0432 \u0443\u0441\u044c\u043e\u043c\u0443 \u0441\u0432\u0456\u0442\u0456 \u043f\u043e\u0448\u0438\u0440\u0438\u043b\u0438\u0441\u044f \u043d\u0430 \u0432\u0441\u0456 \u0433\u0430\u043b\u0443\u0437\u0456 \u043f\u0440\u043e\u043c\u0438\u0441\u043b\u043e\u0432\u043e\u0441\u0442\u0456, \u0430 \u0432 \u0434\u0435\u044f\u043a\u0438\u0445 \u0437 \u043d\u0438\u0445 \u0441\u0438\u0441\u0442\u0435\u043c\u0430 \u0435\u043a\u043e\u043b\u043e\u0433\u0456\u0447\u043d\u043e\u0433\u043e \u043c\u0435\u043d\u0435\u0434\u0436\u043c\u0435\u043d\u0442\u0443 \u0454 \u043e\u0431\u043e\u0432'\u044f\u0437\u043a\u043e\u0432\u0438\u043c \u0444\u0430\u043a\u0442\u043e\u0440\u043e\u043c \u0434\u043b\u044f \u0434\u043e\u0441\u044f\u0433\u043d\u0435\u043d\u043d\u044f \u0431\u0456\u0437\u043d\u0435\u0441-\u0446\u0456\u043b\u0435\u0439.<br \/>\n\u0421\u0442\u0430\u043d\u0434\u0430\u0440\u0442 \u043c\u043e\u0436\u0435 \u0431\u0443\u0442\u0438 \u0437\u0430\u0441\u0442\u043e\u0441\u043e\u0432\u0430\u043d\u0438\u0439 \u0434\u043e \u0431\u0443\u0434\u044c-\u044f\u043a\u043e\u0457 \u043e\u0440\u0433\u0430\u043d\u0456\u0437\u0430\u0446\u0456\u0457 \u0432 \u0431\u0443\u0434\u044c-\u044f\u043a\u0456\u0439 \u0433\u0430\u043b\u0443\u0437\u0456, \u043d\u0435\u0437\u0430\u043b\u0435\u0436\u043d\u043e \u0432\u0456\u0434 \u0440\u043e\u0437\u043c\u0456\u0440\u0443, \u044f\u043a \u0456 ISO 9001 (QMS).<\/p>\n<p>ISO 14001 \u043c\u043e\u0436\u0435 \u043f\u043e\u043a\u0440\u0430\u0449\u0438\u0442\u0438 \u0432\u0435\u0441\u044c \u0441\u043f\u0435\u043a\u0442\u0440 \u0441\u0438\u0441\u0442\u0435\u043c \u0435\u043a\u043e\u043b\u043e\u0433\u0456\u0447\u043d\u043e\u0433\u043e \u043c\u0435\u043d\u0435\u0434\u0436\u043c\u0435\u043d\u0442\u0443, \u0432\u0440\u0430\u0445\u043e\u0432\u0443\u044e\u0447\u0438, \u043a\u043e\u043d\u0442\u0440\u043e\u043b\u044e\u044e\u0447\u0438 \u0442\u0430 \u043f\u0435\u0440\u0435\u0432\u0456\u0440\u044f\u044e\u0447\u0438 \u0432\u043f\u043b\u0438\u0432 \u043d\u0430 \u043d\u0430\u0432\u043a\u043e\u043b\u0438\u0448\u043d\u0454 \u0441\u0435\u0440\u0435\u0434\u043e\u0432\u0438\u0449\u0435 \u043e\u0440\u0433\u0430\u043d\u0456\u0437\u0430\u0446\u0456\u0457, \u0432\u0456\u0434\u043f\u043e\u0432\u0456\u0434\u043d\u043e \u0434\u043e \u043c\u043e\u0434\u0435\u043b\u0456 \"\u041f\u043b\u0430\u043d\u0443\u0439-\u0412\u0438\u043a\u043e\u043d\u0443\u0439-\u041f\u0435\u0440\u0435\u0432\u0456\u0440\u044f\u0439-\u0414\u0456\u0439\", \u044f\u043a\u0430 \u043b\u0435\u0436\u0438\u0442\u044c \u0432 \u043e\u0441\u043d\u043e\u0432\u0456 \u043a\u043e\u043d\u0446\u0435\u043f\u0446\u0456\u0457 \u0441\u0438\u0441\u0442\u0435\u043c\u0438 \u043c\u0435\u043d\u0435\u0434\u0436\u043c\u0435\u043d\u0442\u0443.<\/p>\n<p><img fetchpriority=\"high\" decoding=\"async\" class=\"alignnone wp-image-2533 size-full\" src=\"http:\/\/icr.you2.pl\/wp-content\/uploads\/2019\/06\/AdobeStock_43226126_iso14001_2000.jpg\" alt=\"ISO 14001\" width=\"2000\" height=\"1333\" srcset=\"https:\/\/icr.you2.pl\/wp-content\/uploads\/2019\/06\/AdobeStock_43226126_iso14001_2000.jpg 2000w, https:\/\/icr.you2.pl\/wp-content\/uploads\/2019\/06\/AdobeStock_43226126_iso14001_2000-300x200.jpg 300w, https:\/\/icr.you2.pl\/wp-content\/uploads\/2019\/06\/AdobeStock_43226126_iso14001_2000-768x512.jpg 768w, https:\/\/icr.you2.pl\/wp-content\/uploads\/2019\/06\/AdobeStock_43226126_iso14001_2000-1024x682.jpg 1024w\" sizes=\"(max-width: 2000px) 100vw, 2000px\" \/><\/p>\n<p><strong>\u041f\u0435\u0440\u0435\u0432\u0430\u0433\u0438 ISO 14001:<\/strong><\/p>\n<ul>\n<li>\u0417\u0430\u0445\u0438\u0441\u0442 \u043d\u0430\u0432\u043a\u043e\u043b\u0438\u0448\u043d\u044c\u043e\u0433\u043e \u0441\u0435\u0440\u0435\u0434\u043e\u0432\u0438\u0449\u0430 \u0434\u043b\u044f \u043c\u0430\u0439\u0431\u0443\u0442\u043d\u0456\u0445 \u043f\u043e\u043a\u043e\u043b\u0456\u043d\u044c;<\/li>\n<li>\u0421\u0442\u0430\u043d\u0434\u0430\u0440\u0442 \u0432\u0438\u043a\u043e\u0440\u0438\u0441\u0442\u043e\u0432\u0443\u0454\u0442\u044c\u0441\u044f \u044f\u043a \u0456\u043d\u0441\u0442\u0440\u0443\u043c\u0435\u043d\u0442 \u0434\u043b\u044f \u043f\u043e\u0441\u0438\u043b\u0435\u043d\u043d\u044f \u043a\u043e\u043d\u043a\u0443\u0440\u0435\u043d\u0442\u043e\u0441\u043f\u0440\u043e\u043c\u043e\u0436\u043d\u043e\u0441\u0442\u0456 \u043a\u043e\u043c\u043f\u0430\u043d\u0456\u0439;<\/li>\n<li>\u0417\u0434\u0430\u0442\u043d\u0456\u0441\u0442\u044c \u043f\u0440\u043e\u0430\u043a\u0442\u0438\u0432\u043d\u043e \u0440\u0435\u0430\u0433\u0443\u0432\u0430\u0442\u0438 \u043d\u0430 \u0440\u0456\u0437\u043d\u0456 \u0435\u043a\u043e\u043b\u043e\u0433\u0456\u0447\u043d\u0456 \u043d\u043e\u0440\u043c\u0438, \u0441\u0442\u0432\u043e\u0440\u0435\u043d\u0456 \u0434\u0435\u0440\u0436\u0430\u0432\u043d\u0438\u043c\u0438 \u043e\u0440\u0433\u0430\u043d\u0430\u043c\u0438 \u0442\u0430 \u043c\u0456\u0436\u043d\u0430\u0440\u043e\u0434\u043d\u0438\u043c\u0438 \u0433\u0440\u0443\u043f\u0430\u043c\u0438;<\/li>\n<li>\u0417\u0434\u0430\u0442\u043d\u0456\u0441\u0442\u044c \u0435\u0444\u0435\u043a\u0442\u0438\u0432\u043d\u043e \u0440\u0435\u0430\u0433\u0443\u0432\u0430\u0442\u0438 \u043d\u0430 \u0442\u0438\u0441\u043a \u0437 \u0431\u043e\u043a\u0443 \u0437\u0430\u0446\u0456\u043a\u0430\u0432\u043b\u0435\u043d\u0438\u0445 \u0441\u0442\u043e\u0440\u0456\u043d, \u0432\u043a\u043b\u044e\u0447\u0430\u044e\u0447\u0438 \u043a\u043b\u0456\u0454\u043d\u0442\u0456\u0432 \u0442\u0430 \u043f\u0440\u0438\u0440\u043e\u0434\u043e\u043e\u0445\u043e\u0440\u043e\u043d\u043d\u0456 \u043e\u0440\u0433\u0430\u043d\u0456\u0437\u0430\u0446\u0456\u0457;<\/li>\n<li>\u0415\u0444\u0435\u043a\u0442\u0438\u0432\u043d\u0438\u0439 \u043a\u043e\u043d\u0442\u0440\u043e\u043b\u044c \u0435\u043a\u043e\u043b\u043e\u0433\u0456\u0447\u043d\u0438\u0445 \u0440\u0438\u0437\u0438\u043a\u0456\u0432;<\/li>\n<li>\u041a\u043e\u043d\u043a\u0443\u0440\u0435\u043d\u0442\u043d\u0456 \u043f\u0440\u043e\u0446\u0435\u0441\u0438;<\/li>\n<li>\u0417\u0430\u043e\u0449\u0430\u0434\u0436\u0435\u043d\u043d\u044f;<\/li>\n<li>\u041f\u0456\u0434\u0442\u0440\u0438\u043c\u0443\u0432\u0430\u0442\u0438 \u0434\u043e\u0431\u0440\u0456 \u0441\u0442\u043e\u0441\u0443\u043d\u043a\u0438 \u0456\u0437 \u0437\u0430\u0446\u0456\u043a\u0430\u0432\u043b\u0435\u043d\u0438\u043c\u0438 \u0441\u0442\u043e\u0440\u043e\u043d\u0430\u043c\u0438, \u0432\u043a\u043b\u044e\u0447\u0430\u044e\u0447\u0438 \u0434\u0435\u0440\u0436\u0430\u0432\u043d\u0456 \u0443\u0441\u0442\u0430\u043d\u043e\u0432\u0438, \u043c\u0456\u0441\u0446\u0435\u0432\u0456 \u0433\u0440\u043e\u043c\u0430\u0434\u0438, \u043a\u043b\u0456\u0454\u043d\u0442\u0456\u0432 \u0442\u0430 \u0435\u043a\u043e\u043b\u043e\u0433\u0456\u0447\u043d\u0456 \u043e\u0440\u0433\u0430\u043d\u0456\u0437\u0430\u0446\u0456\u0457;<\/li>\n<li>\u0417\u0430\u0434\u043e\u0432\u043e\u043b\u0435\u043d\u0456\u0441\u0442\u044c \u043a\u043b\u0456\u0454\u043d\u0442\u0456\u0432 (\u0456\u043d\u0432\u0435\u0441\u0442\u043e\u0440\u0456\u0432).<\/li>\n<\/ul>","protected":false},"excerpt":{"rendered":"<p>\u0429\u043e \u0442\u0430\u043a\u0435 ISO 14001? ISO 14001 - \u0446\u0435 \u043c\u0456\u0436\u043d\u0430\u0440\u043e\u0434\u043d\u0438\u0439 \u0441\u0442\u0430\u043d\u0434\u0430\u0440\u0442 \u0434\u043b\u044f \u0441\u0438\u0441\u0442\u0435\u043c \u0435\u043a\u043e\u043b\u043e\u0433\u0456\u0447\u043d\u043e\u0433\u043e \u043c\u0435\u043d\u0435\u0434\u0436\u043c\u0435\u043d\u0442\u0443, \u0449\u043e \u0440\u0435\u0433\u0443\u043b\u044e\u0454\u0442\u044c\u0441\u044f ISO. \u0417\u043e\u043a\u0440\u0435\u043c\u0430, ISO 14001 - \u0446\u0435 \u0441\u0438\u0441\u0442\u0435\u043c\u0430 \u043c\u0435\u043d\u0435\u0434\u0436\u043c\u0435\u043d\u0442\u0443, \u0449\u043e \u0432\u0438\u043c\u0430\u0433\u0430\u0454 \u0432\u0456\u0434 \u043e\u0440\u0433\u0430\u043d\u0456\u0437\u0430\u0446\u0456\u0457 \u0432\u043d\u0435\u0441\u043a\u0443 \u0432 \u043f\u043e\u0441\u0442\u0456\u0439\u043d\u0435 \u0443\u0441\u0443\u043d\u0435\u043d\u043d\u044f \u0430\u0431\u043e \u0437\u043c\u0435\u043d\u0448\u0435\u043d\u043d\u044f \u0435\u043a\u043e\u043b\u043e\u0433\u0456\u0447\u043d\u0438\u0445 \u0440\u0438\u0437\u0438\u043a\u0456\u0432, \u0437 \u044f\u043a\u0438\u043c\u0438 \u0441\u0442\u0438\u043a\u0430\u0454\u0442\u044c\u0441\u044f \u043e\u0440\u0433\u0430\u043d\u0456\u0437\u0430\u0446\u0456\u044f, \u0448\u043b\u044f\u0445\u043e\u043c \u0441\u0438\u0441\u0442\u0435\u043c\u0430\u0442\u0438\u0447\u043d\u043e\u0433\u043e \u0432\u0438\u044f\u0432\u043b\u0435\u043d\u043d\u044f, \u043e\u0446\u0456\u043d\u044e\u0432\u0430\u043d\u043d\u044f, \u043a\u043e\u043d\u0442\u0440\u043e\u043b\u044e \u0442\u0430 \u043f\u043e\u043b\u0456\u043f\u0448\u0435\u043d\u043d\u044f \u0435\u043a\u043e\u043b\u043e\u0433\u0456\u0447\u043d\u0438\u0445 \u0430\u0441\u043f\u0435\u043a\u0442\u0456\u0432, \u044f\u043a\u0456 \u0432\u0438\u043d\u0438\u043a\u0430\u044e\u0442\u044c \u0432 \u043f\u0440\u043e\u0446\u0435\u0441\u0456 \u0443\u043f\u0440\u0430\u0432\u043b\u0456\u043d\u043d\u044f \u043e\u0440\u0433\u0430\u043d\u0456\u0437\u0430\u0446\u0456\u0454\u044e. \u0412\u0438\u043c\u043e\u0433\u0438 \u0434\u043e \u0441\u0438\u0441\u0442\u0435\u043c\u0438 \u0443\u043f\u0440\u0430\u0432\u043b\u0456\u043d\u043d\u044f ...&nbsp;<a href=\"https:\/\/icr.you2.pl\/ua\/certyfikacja-systemow\/iso-14001\/\" rel=\"bookmark\">\u0427\u0438\u0442\u0430\u0442\u0438 \u0434\u0430\u043b\u0456 \"<span class=\"screen-reader-text\">ISO 14001<\/span><\/a><\/p>","protected":false},"author":1,"featured_media":1163,"parent":162,"menu_order":0,"comment_status":"closed","ping_status":"closed","template":"","meta":{"neve_meta_sidebar":"","neve_meta_container":"","neve_meta_enable_content_width":"off","neve_meta_content_width":70,"neve_meta_title_alignment":"","neve_meta_author_avatar":"","neve_post_elements_order":"","neve_meta_disable_header":"","neve_meta_disable_footer":"","neve_meta_disable_title":"","footnotes":""},"class_list":["post-1918","page","type-page","status-publish","has-post-thumbnail","hentry"],"yoast_head":"<!-- This site is optimized with the Yoast SEO plugin v26.8 - https:\/\/yoast.com\/product\/yoast-seo-wordpress\/ -->\n<title>ISO 14001 - ICR POLSKA - badania i certyfikacja<\/title>\n<meta name=\"robots\" content=\"index, follow, max-snippet:-1, max-image-preview:large, max-video-preview:-1\" \/>\n<link rel=\"canonical\" href=\"https:\/\/icr.you2.pl\/ua\/certyfikacja-systemow\/iso-14001\/\" \/>\n<meta property=\"og:locale\" content=\"uk_UA\" \/>\n<meta property=\"og:type\" content=\"article\" \/>\n<meta property=\"og:title\" content=\"ISO 14001 - ICR POLSKA - badania i certyfikacja\" \/>\n<meta property=\"og:description\" content=\"Czym jest ISO 14001? ISO 14001 jest mi\u0119dzynarodowym standardem dla system\u00f3w zarz\u0105dzania \u015brodowiskowego regulowanym przez ISO. A dok\u0142adniej, ISO 14001 jest system zarz\u0105dzania, wymagaj\u0105cym wk\u0142adu organizacji w postaci ci\u0105g\u0142ego usuwania lub zmniejszania zagro\u017ce\u0144 \u015brodowiskowych, jakie napotyka organizacja, poprzez systematyczne identyfikowanie, ocenianie, kontrolowania i poprawianie aspekt\u00f3w \u015brodowiskowych, powstaj\u0105cych w trakcie zarz\u0105dzania organizacj\u0105. Wymagania dotycz\u0105ce systemu zarz\u0105dzania&hellip;&nbsp;\u0427\u0438\u0442\u0430\u0442\u0438 \u0434\u0430\u043b\u0456 &raquo;ISO 14001\" \/>\n<meta property=\"og:url\" content=\"https:\/\/icr.you2.pl\/ua\/certyfikacja-systemow\/iso-14001\/\" \/>\n<meta property=\"og:site_name\" content=\"ICR POLSKA - badania i certyfikacja\" \/>\n<meta property=\"article:modified_time\" content=\"2022-09-07T21:06:39+00:00\" \/>\n<meta name=\"twitter:card\" content=\"summary_large_image\" \/>\n<meta name=\"twitter:label1\" content=\"\u041f\u0440\u0438\u0431\u043b. \u0447\u0430\u0441 \u0447\u0438\u0442\u0430\u043d\u043d\u044f\" \/>\n\t<meta name=\"twitter:data1\" content=\"2 \u0445\u0432\u0438\u043b\u0438\u043d\u0438\" \/>\n<script type=\"application\/ld+json\" class=\"yoast-schema-graph\">{\"@context\":\"https:\/\/schema.org\",\"@graph\":[{\"@type\":\"WebPage\",\"@id\":\"https:\/\/icr.you2.pl\/certyfikacja-systemow\/iso-14001\/\",\"url\":\"https:\/\/icr.you2.pl\/certyfikacja-systemow\/iso-14001\/\",\"name\":\"ISO 14001 - ICR POLSKA - badania i certyfikacja\",\"isPartOf\":{\"@id\":\"https:\/\/icr.you2.pl\/#website\"},\"primaryImageOfPage\":{\"@id\":\"https:\/\/icr.you2.pl\/certyfikacja-systemow\/iso-14001\/#primaryimage\"},\"image\":{\"@id\":\"https:\/\/icr.you2.pl\/certyfikacja-systemow\/iso-14001\/#primaryimage\"},\"thumbnailUrl\":\"\",\"datePublished\":\"2019-05-22T07:39:43+00:00\",\"dateModified\":\"2022-09-07T21:06:39+00:00\",\"breadcrumb\":{\"@id\":\"https:\/\/icr.you2.pl\/certyfikacja-systemow\/iso-14001\/#breadcrumb\"},\"inLanguage\":\"uk\",\"potentialAction\":[{\"@type\":\"ReadAction\",\"target\":[\"https:\/\/icr.you2.pl\/certyfikacja-systemow\/iso-14001\/\"]}]},{\"@type\":\"ImageObject\",\"inLanguage\":\"uk\",\"@id\":\"https:\/\/icr.you2.pl\/certyfikacja-systemow\/iso-14001\/#primaryimage\",\"url\":\"\",\"contentUrl\":\"\"},{\"@type\":\"BreadcrumbList\",\"@id\":\"https:\/\/icr.you2.pl\/certyfikacja-systemow\/iso-14001\/#breadcrumb\",\"itemListElement\":[{\"@type\":\"ListItem\",\"position\":1,\"name\":\"Strona g\u0142\u00f3wna\",\"item\":\"https:\/\/icr.you2.pl\/\"},{\"@type\":\"ListItem\",\"position\":2,\"name\":\"Certyfikacja system\u00f3w ISO\",\"item\":\"https:\/\/icr.you2.pl\/en\/certyfikacja-systemow\/\"},{\"@type\":\"ListItem\",\"position\":3,\"name\":\"ISO 14001\"}]},{\"@type\":\"WebSite\",\"@id\":\"https:\/\/icr.you2.pl\/#website\",\"url\":\"https:\/\/icr.you2.pl\/\",\"name\":\"ICR POLSKA - badania i certyfikacja\",\"description\":\"CE certification, CE certificate, ISO certificate, RED testing, product testing and certification, electrical product testing, medical device testing, ATEX, IECEx, FCC, product certification, EMC testing, machinery certification, CE machines, training, electronic product testing, testing 2014\/53\/EU, drone certification, ISO 13485 certificate, ISO 9001 certificate, NC RfG\",\"publisher\":{\"@id\":\"https:\/\/icr.you2.pl\/#\/schema\/person\/944799c9e2f4a94662e3fcb3b1544baf\"},\"potentialAction\":[{\"@type\":\"SearchAction\",\"target\":{\"@type\":\"EntryPoint\",\"urlTemplate\":\"https:\/\/icr.you2.pl\/?s={search_term_string}\"},\"query-input\":{\"@type\":\"PropertyValueSpecification\",\"valueRequired\":true,\"valueName\":\"search_term_string\"}}],\"inLanguage\":\"uk\"},{\"@type\":[\"Person\",\"Organization\"],\"@id\":\"https:\/\/icr.you2.pl\/#\/schema\/person\/944799c9e2f4a94662e3fcb3b1544baf\",\"name\":\"admin\",\"image\":{\"@type\":\"ImageObject\",\"inLanguage\":\"uk\",\"@id\":\"https:\/\/icr.you2.pl\/#\/schema\/person\/image\/\",\"url\":\"https:\/\/icr.you2.pl\/wp-content\/uploads\/2019\/05\/cropped-logo-icr.32f04ad5-1-1.png\",\"contentUrl\":\"https:\/\/icr.you2.pl\/wp-content\/uploads\/2019\/05\/cropped-logo-icr.32f04ad5-1-1.png\",\"width\":400,\"height\":148,\"caption\":\"admin\"},\"logo\":{\"@id\":\"https:\/\/icr.you2.pl\/#\/schema\/person\/image\/\"}}]}<\/script>\n<!-- \/ Yoast SEO plugin. -->","yoast_head_json":{"title":"ISO 14001 - ICR POLAND - \u0412\u0438\u043f\u0440\u043e\u0431\u0443\u0432\u0430\u043d\u043d\u044f \u0442\u0430 \u0441\u0435\u0440\u0442\u0438\u0444\u0456\u043a\u0430\u0446\u0456\u044f","robots":{"index":"index","follow":"follow","max-snippet":"max-snippet:-1","max-image-preview":"max-image-preview:large","max-video-preview":"max-video-preview:-1"},"canonical":"https:\/\/icr.you2.pl\/ua\/certyfikacja-systemow\/iso-14001\/","og_locale":"uk_UA","og_type":"article","og_title":"ISO 14001 - ICR POLSKA - badania i certyfikacja","og_description":"Czym jest ISO 14001? ISO 14001 jest mi\u0119dzynarodowym standardem dla system\u00f3w zarz\u0105dzania \u015brodowiskowego regulowanym przez ISO. A dok\u0142adniej, ISO 14001 jest system zarz\u0105dzania, wymagaj\u0105cym wk\u0142adu organizacji w postaci ci\u0105g\u0142ego usuwania lub zmniejszania zagro\u017ce\u0144 \u015brodowiskowych, jakie napotyka organizacja, poprzez systematyczne identyfikowanie, ocenianie, kontrolowania i poprawianie aspekt\u00f3w \u015brodowiskowych, powstaj\u0105cych w trakcie zarz\u0105dzania organizacj\u0105. Wymagania dotycz\u0105ce systemu zarz\u0105dzania&hellip;&nbsp;\u0427\u0438\u0442\u0430\u0442\u0438 \u0434\u0430\u043b\u0456 &raquo;ISO 14001","og_url":"https:\/\/icr.you2.pl\/ua\/certyfikacja-systemow\/iso-14001\/","og_site_name":"ICR POLSKA - badania i certyfikacja","article_modified_time":"2022-09-07T21:06:39+00:00","twitter_card":"summary_large_image","twitter_misc":{"\u041f\u0440\u0438\u0431\u043b. \u0447\u0430\u0441 \u0447\u0438\u0442\u0430\u043d\u043d\u044f":"2 \u0445\u0432\u0438\u043b\u0438\u043d\u0438"},"schema":{"@context":"https:\/\/schema.org","@graph":[{"@type":"WebPage","@id":"https:\/\/icr.you2.pl\/certyfikacja-systemow\/iso-14001\/","url":"https:\/\/icr.you2.pl\/certyfikacja-systemow\/iso-14001\/","name":"ISO 14001 - ICR POLAND - \u0412\u0438\u043f\u0440\u043e\u0431\u0443\u0432\u0430\u043d\u043d\u044f \u0442\u0430 \u0441\u0435\u0440\u0442\u0438\u0444\u0456\u043a\u0430\u0446\u0456\u044f","isPartOf":{"@id":"https:\/\/icr.you2.pl\/#website"},"primaryImageOfPage":{"@id":"https:\/\/icr.you2.pl\/certyfikacja-systemow\/iso-14001\/#primaryimage"},"image":{"@id":"https:\/\/icr.you2.pl\/certyfikacja-systemow\/iso-14001\/#primaryimage"},"thumbnailUrl":"","datePublished":"2019-05-22T07:39:43+00:00","dateModified":"2022-09-07T21:06:39+00:00","breadcrumb":{"@id":"https:\/\/icr.you2.pl\/certyfikacja-systemow\/iso-14001\/#breadcrumb"},"inLanguage":"uk","potentialAction":[{"@type":"ReadAction","target":["https:\/\/icr.you2.pl\/certyfikacja-systemow\/iso-14001\/"]}]},{"@type":"ImageObject","inLanguage":"uk","@id":"https:\/\/icr.you2.pl\/certyfikacja-systemow\/iso-14001\/#primaryimage","url":"","contentUrl":""},{"@type":"BreadcrumbList","@id":"https:\/\/icr.you2.pl\/certyfikacja-systemow\/iso-14001\/#breadcrumb","itemListElement":[{"@type":"ListItem","position":1,"name":"Strona g\u0142\u00f3wna","item":"https:\/\/icr.you2.pl\/"},{"@type":"ListItem","position":2,"name":"Certyfikacja system\u00f3w ISO","item":"https:\/\/icr.you2.pl\/en\/certyfikacja-systemow\/"},{"@type":"ListItem","position":3,"name":"ISO 14001"}]},{"@type":"WebSite","@id":"https:\/\/icr.you2.pl\/#website","url":"https:\/\/icr.you2.pl\/","name":"ICR POLAND - \u0442\u0435\u0441\u0442\u0443\u0432\u0430\u043d\u043d\u044f \u0442\u0430 \u0441\u0435\u0440\u0442\u0438\u0444\u0456\u043a\u0430\u0446\u0456\u044f","description":"\u0421\u0435\u0440\u0442\u0438\u0444\u0456\u043a\u0430\u0446\u0456\u044f CE, \u0441\u0435\u0440\u0442\u0438\u0444\u0456\u043a\u0430\u0442 CE, \u0441\u0435\u0440\u0442\u0438\u0444\u0456\u043a\u0430\u0442 ISO, \u0432\u0438\u043f\u0440\u043e\u0431\u0443\u0432\u0430\u043d\u043d\u044f RED, \u0432\u0438\u043f\u0440\u043e\u0431\u0443\u0432\u0430\u043d\u043d\u044f \u0442\u0430 \u0441\u0435\u0440\u0442\u0438\u0444\u0456\u043a\u0430\u0446\u0456\u044f \u043f\u0440\u043e\u0434\u0443\u043a\u0446\u0456\u0457, \u0432\u0438\u043f\u0440\u043e\u0431\u0443\u0432\u0430\u043d\u043d\u044f \u0435\u043b\u0435\u043a\u0442\u0440\u043e\u0442\u0435\u0445\u043d\u0456\u0447\u043d\u0438\u0445 \u0432\u0438\u0440\u043e\u0431\u0456\u0432, \u0432\u0438\u043f\u0440\u043e\u0431\u0443\u0432\u0430\u043d\u043d\u044f \u043c\u0435\u0434\u0438\u0447\u043d\u0438\u0445 \u0432\u0438\u0440\u043e\u0431\u0456\u0432, ATEX, IECEx, FCC, \u0441\u0435\u0440\u0442\u0438\u0444\u0456\u043a\u0430\u0446\u0456\u044f \u043f\u0440\u043e\u0434\u0443\u043a\u0446\u0456\u0457, \u0432\u0438\u043f\u0440\u043e\u0431\u0443\u0432\u0430\u043d\u043d\u044f \u0415\u041c\u0421, \u0441\u0435\u0440\u0442\u0438\u0444\u0456\u043a\u0430\u0446\u0456\u044f \u043c\u0430\u0448\u0438\u043d, \u043c\u0430\u0448\u0438\u043d\u0438 CE, \u043d\u0430\u0432\u0447\u0430\u043d\u043d\u044f, \u0432\u0438\u043f\u0440\u043e\u0431\u0443\u0432\u0430\u043d\u043d\u044f \u0435\u043b\u0435\u043a\u0442\u0440\u043e\u043d\u043d\u043e\u0457 \u043f\u0440\u043e\u0434\u0443\u043a\u0446\u0456\u0457, \u0432\u0438\u043f\u0440\u043e\u0431\u0443\u0432\u0430\u043d\u043d\u044f 2014\/53\/EU, \u0441\u0435\u0440\u0442\u0438\u0444\u0456\u043a\u0430\u0446\u0456\u044f \u0431\u0435\u0437\u043f\u0456\u043b\u043e\u0442\u043d\u0438\u043a\u0456\u0432, \u0441\u0435\u0440\u0442\u0438\u0444\u0456\u043a\u0430\u0442 ISO 13485, \u0441\u0435\u0440\u0442\u0438\u0444\u0456\u043a\u0430\u0442 ISO 9001, NC RfG","publisher":{"@id":"https:\/\/icr.you2.pl\/#\/schema\/person\/944799c9e2f4a94662e3fcb3b1544baf"},"potentialAction":[{"@type":"SearchAction","target":{"@type":"EntryPoint","urlTemplate":"https:\/\/icr.you2.pl\/?s={search_term_string}"},"query-input":{"@type":"PropertyValueSpecification","valueRequired":true,"valueName":"search_term_string"}}],"inLanguage":"uk"},{"@type":["Person","Organization"],"@id":"https:\/\/icr.you2.pl\/#\/schema\/person\/944799c9e2f4a94662e3fcb3b1544baf","name":"\u0430\u0434\u043c\u0456\u043d\u0456\u0441\u0442\u0440\u0430\u0442\u043e\u0440","image":{"@type":"ImageObject","inLanguage":"uk","@id":"https:\/\/icr.you2.pl\/#\/schema\/person\/image\/","url":"https:\/\/icr.you2.pl\/wp-content\/uploads\/2019\/05\/cropped-logo-icr.32f04ad5-1-1.png","contentUrl":"https:\/\/icr.you2.pl\/wp-content\/uploads\/2019\/05\/cropped-logo-icr.32f04ad5-1-1.png","width":400,"height":148,"caption":"admin"},"logo":{"@id":"https:\/\/icr.you2.pl\/#\/schema\/person\/image\/"}}]}},"_links":{"self":[{"href":"https:\/\/icr.you2.pl\/ua\/wp-json\/wp\/v2\/pages\/1918","targetHints":{"allow":["GET"]}}],"collection":[{"href":"https:\/\/icr.you2.pl\/ua\/wp-json\/wp\/v2\/pages"}],"about":[{"href":"https:\/\/icr.you2.pl\/ua\/wp-json\/wp\/v2\/types\/page"}],"author":[{"embeddable":true,"href":"https:\/\/icr.you2.pl\/ua\/wp-json\/wp\/v2\/users\/1"}],"replies":[{"embeddable":true,"href":"https:\/\/icr.you2.pl\/ua\/wp-json\/wp\/v2\/comments?post=1918"}],"version-history":[{"count":0,"href":"https:\/\/icr.you2.pl\/ua\/wp-json\/wp\/v2\/pages\/1918\/revisions"}],"up":[{"embeddable":true,"href":"https:\/\/icr.you2.pl\/ua\/wp-json\/wp\/v2\/pages\/162"}],"wp:featuredmedia":[{"embeddable":true,"href":"https:\/\/icr.you2.pl\/ua\/wp-json\/"}],"wp:attachment":[{"href":"https:\/\/icr.you2.pl\/ua\/wp-json\/wp\/v2\/media?parent=1918"}],"curies":[{"name":"wp","href":"https:\/\/api.w.org\/{rel}","templated":true}]}}