{"id":1951,"date":"2019-05-22T19:17:19","date_gmt":"2019-05-22T19:17:19","guid":{"rendered":"http:\/\/icrpolska.e-ksperci.pl\/?page_id=1951"},"modified":"2022-09-07T22:54:09","modified_gmt":"2022-09-07T20:54:09","slug":"pn-en-iso-14065","status":"publish","type":"page","link":"https:\/\/icr.you2.pl\/ua\/certyfikacja-systemow\/pn-en-iso-14065\/","title":{"rendered":"EN 14065"},"content":{"rendered":"<p class=\"translation-block\">\u0421\u0442\u0430\u043d\u0434\u0430\u0440\u0442 <strong>EN 14065<\/strong> \u043e\u043f\u0438\u0441\u0443\u0454 \u043f\u0440\u0438\u043d\u0446\u0438\u043f\u0438 \u0440\u043e\u0437\u0440\u043e\u0431\u043a\u0438 \u0441\u0438\u0441\u0442\u0435\u043c\u0438 \u0443\u043f\u0440\u0430\u0432\u043b\u0456\u043d\u043d\u044f \u0434\u043b\u044f \u0437\u0430\u0431\u0435\u0437\u043f\u0435\u0447\u0435\u043d\u043d\u044f \u043c\u0456\u043a\u0440\u043e\u0431\u0456\u043e\u043b\u043e\u0433\u0456\u0447\u043d\u043e\u0457 \u044f\u043a\u043e\u0441\u0442\u0456 \u0442\u0435\u043a\u0441\u0442\u0438\u043b\u044e \u043f\u0456\u0441\u043b\u044f \u043f\u0440\u0430\u043d\u043d\u044f. \u0421\u0438\u0441\u0442\u0435\u043c\u0430, \u0441\u0442\u0432\u043e\u0440\u0435\u043d\u0430 \u0432\u0456\u0434\u043f\u043e\u0432\u0456\u0434\u043d\u043e \u0434\u043e \u0446\u044c\u043e\u0433\u043e \u0441\u0442\u0430\u043d\u0434\u0430\u0440\u0442\u0443, \u0434\u043e\u0442\u0440\u0438\u043c\u0443\u0454\u0442\u044c\u0441\u044f \u043f\u0440\u043e\u0446\u0435\u0441\u043d\u043e\u0433\u043e \u043f\u0456\u0434\u0445\u043e\u0434\u0443, \u0432\u0456\u0434\u043e\u043c\u043e\u0433\u043e \u0437 ISO 9001, \u0437\u0430 \u0432\u0438\u043d\u044f\u0442\u043a\u043e\u043c \u0432\u0438\u043c\u043e\u0433 \u043f\u0443\u043d\u043a\u0442\u0443 7.3. EN 14065 \u0431\u0443\u0432 \u0441\u0442\u0432\u043e\u0440\u0435\u043d\u0438\u0439 CEN (\u0404\u0432\u0440\u043e\u043f\u0435\u0439\u0441\u044c\u043a\u0438\u043c \u043a\u043e\u043c\u0456\u0442\u0435\u0442\u043e\u043c \u0437\u0456 \u0441\u0442\u0430\u043d\u0434\u0430\u0440\u0442\u0438\u0437\u0430\u0446\u0456\u0457) 20 \u043b\u0438\u0441\u0442\u043e\u043f\u0430\u0434\u0430 2002 \u0440\u043e\u043a\u0443, \u0432\u0432\u0435\u0434\u0435\u043d\u0438\u0439 \u0432 \u043d\u0430\u0431\u0456\u0440 \u043f\u043e\u043b\u044c\u0441\u044c\u043a\u0438\u0445 \u0441\u0442\u0430\u043d\u0434\u0430\u0440\u0442\u0456\u0432 \u0432 \u043e\u0440\u0438\u0433\u0456\u043d\u0430\u043b\u044c\u043d\u0456\u0439 \u0432\u0435\u0440\u0441\u0456\u0457 \u0432 2003 \u0440\u043e\u0446\u0456, \u0432 \u0442\u043e\u0439 \u0447\u0430\u0441 \u044f\u043a \u043f\u043e\u043b\u044c\u0441\u044c\u043a\u0430 \u0432\u0435\u0440\u0441\u0456\u044f \u0441\u0442\u0430\u043d\u0434\u0430\u0440\u0442\u0443 \u0431\u0443\u043b\u0430 \u0432\u0432\u0435\u0434\u0435\u043d\u0430 \u041f\u043e\u043b\u044c\u0441\u044c\u043a\u0438\u043c \u043a\u043e\u043c\u0456\u0442\u0435\u0442\u043e\u043c \u0437\u0456 \u0441\u0442\u0430\u043d\u0434\u0430\u0440\u0442\u0438\u0437\u0430\u0446\u0456\u0457 \u0432 \u043a\u0432\u0456\u0442\u043d\u0456 2005 \u0440\u043e\u043a\u0443. RABC (\u0410\u043d\u0430\u043b\u0456\u0437 \u0440\u0438\u0437\u0438\u043a\u0456\u0432 \u0456 \u043a\u043e\u043d\u0442\u0440\u043e\u043b\u044c \u0431\u0456\u043e\u043b\u043e\u0433\u0456\u0447\u043d\u043e\u0433\u043e \u0437\u0430\u0431\u0440\u0443\u0434\u043d\u0435\u043d\u043d\u044f) - \u0446\u0435 \u0454\u0432\u0440\u043e\u043f\u0435\u0439\u0441\u044c\u043a\u0438\u0439 \u0441\u0442\u0430\u043d\u0434\u0430\u0440\u0442 \u043f\u043e\u0432\u0435\u0434\u0456\u043d\u043a\u0438 \u0434\u043b\u044f \u0442\u0440\u0430\u0434\u0438\u0446\u0456\u0439\u043d\u0438\u0445 \u043f\u0440\u0430\u043b\u0435\u043d\u044c \u043d\u0430 \u0432\u043e\u0434\u043d\u0456\u0439 \u043e\u0441\u043d\u043e\u0432\u0456, \u0430 \u0442\u0430\u043a\u043e\u0436 \u0434\u043b\u044f \u0442\u0438\u0445, \u0449\u043e \u043f\u0440\u0430\u0446\u044e\u044e\u0442\u044c \u0437\u0430 \u0442\u0430\u043a \u0437\u0432\u0430\u043d\u043e\u044e \u043a\u043e\u043d\u0446\u0435\u043f\u0446\u0456\u0454\u044e \"\u0447\u0438\u0441\u0442\u043e\u0457 \u043a\u0456\u043c\u043d\u0430\u0442\u0438\".<\/p>\n<h4>\u041f\u0435\u0440\u0435\u0432\u0430\u0433\u0438 \u0441\u0442\u0430\u043d\u0434\u0430\u0440\u0442\u0443 EN 14065:<\/h4>\n<ul>\n<li>\u0437\u0430\u0431\u0435\u0437\u043f\u0435\u0447\u0435\u043d\u043d\u044f \u0433\u0456\u0433\u0456\u0454\u043d\u0456\u0447\u043d\u0438\u0445 \u0443\u043c\u043e\u0432 \u0434\u043b\u044f \u043f\u0435\u0440\u0441\u043e\u043d\u0430\u043b\u0443,<\/li>\n<li>\u0434\u043e\u0441\u044f\u0433\u043d\u0435\u043d\u043d\u044f \u043d\u0430\u043b\u0435\u0436\u043d\u0438\u0445 \u0433\u0456\u0433\u0456\u0454\u043d\u0456\u0447\u043d\u0438\u0445 \u0443\u043c\u043e\u0432 \u0434\u043b\u044f \u0442\u043a\u0430\u043d\u0438\u043d, \u0449\u043e \u043f\u0435\u0440\u0443\u0442\u044c\u0441\u044f,<\/li>\n<li>\u0437\u0430\u0431\u0435\u0437\u043f\u0435\u0447\u0435\u043d\u043d\u044f \u0434\u043e\u0442\u0440\u0438\u043c\u0430\u043d\u043d\u044f \u0437\u0430\u043a\u043e\u043d\u0456\u0432 \u0442\u0430 \u043d\u043e\u0440\u043c\u0430\u0442\u0438\u0432\u043d\u0438\u0445 \u0430\u043a\u0442\u0456\u0432,<\/li>\n<li>\u0434\u0435\u043c\u043e\u043d\u0441\u0442\u0440\u0443\u0432\u0430\u0442\u0438 \u0442\u0443\u0440\u0431\u043e\u0442\u0443 \u043f\u0440\u043e \u044f\u043a\u0456\u0441\u0442\u044c \u043e\u0431\u0441\u043b\u0443\u0433\u043e\u0432\u0443\u0432\u0430\u043d\u043d\u044f \u0442\u0430 \u0433\u0456\u0433\u0456\u0454\u043d\u0456\u0447\u043d\u0456 \u0443\u043c\u043e\u0432\u0438 \u0434\u043b\u044f \u043a\u043b\u0456\u0454\u043d\u0442\u0456\u0432,<\/li>\n<li>\u043f\u043e\u043b\u0435\u0433\u0448\u0435\u043d\u043d\u044f \u0434\u043e\u0441\u0442\u0443\u043f\u0443 \u0434\u043e \u043d\u043e\u0432\u0438\u0445 \u043a\u043b\u0456\u0454\u043d\u0442\u0456\u0432 \u0442\u0430 \u0431\u0456\u0437\u043d\u0435\u0441-\u043f\u0430\u0440\u0442\u043d\u0435\u0440\u0456\u0432,<\/li>\n<li>\u0440\u0456\u0448\u0435\u043d\u043d\u044f \u0434\u043b\u044f \u043a\u043e\u043c\u043f\u0430\u043d\u0456\u0439, \u044f\u043a\u0438\u043c \u043f\u043e\u0442\u0440\u0456\u0431\u043d\u0430 \u0441\u0435\u0440\u0442\u0438\u0444\u0456\u043a\u0430\u0446\u0456\u044f RABC,<\/li>\n<li>\u043f\u0456\u0434\u0432\u0438\u0449\u0435\u043d\u043d\u044f \u043a\u043e\u043d\u043a\u0443\u0440\u0435\u043d\u0442\u043e\u0441\u043f\u0440\u043e\u043c\u043e\u0436\u043d\u043e\u0441\u0442\u0456 \u043a\u043e\u043c\u043f\u0430\u043d\u0456\u0457 \u0448\u043b\u044f\u0445\u043e\u043c \u0432\u043f\u0440\u043e\u0432\u0430\u0434\u0436\u0435\u043d\u043d\u044f \u0442\u0430 \u0441\u0435\u0440\u0442\u0438\u0444\u0456\u043a\u0430\u0446\u0456\u0457 \u0441\u0438\u0441\u0442\u0435\u043c\u0438 RABC.<\/li>\n<\/ul>","protected":false},"excerpt":{"rendered":"<p>EN 14065 \u043e\u043f\u0438\u0441\u0443\u0454 \u043f\u0440\u0438\u043d\u0446\u0438\u043f\u0438 \u0440\u043e\u0437\u0440\u043e\u0431\u043a\u0438 \u0441\u0438\u0441\u0442\u0435\u043c\u0438 \u0443\u043f\u0440\u0430\u0432\u043b\u0456\u043d\u043d\u044f \u0434\u043b\u044f \u0437\u0430\u0431\u0435\u0437\u043f\u0435\u0447\u0435\u043d\u043d\u044f \u043c\u0456\u043a\u0440\u043e\u0431\u0456\u043e\u043b\u043e\u0433\u0456\u0447\u043d\u043e\u0457 \u044f\u043a\u043e\u0441\u0442\u0456 \u0442\u0435\u043a\u0441\u0442\u0438\u043b\u044c\u043d\u0438\u0445 \u0432\u0438\u0440\u043e\u0431\u0456\u0432 \u043f\u0456\u0441\u043b\u044f \u043f\u0440\u0430\u043d\u043d\u044f. \u0421\u0438\u0441\u0442\u0435\u043c\u0430, \u0441\u0442\u0432\u043e\u0440\u0435\u043d\u0430 \u0432\u0456\u0434\u043f\u043e\u0432\u0456\u0434\u043d\u043e \u0434\u043e \u0446\u044c\u043e\u0433\u043e \u0441\u0442\u0430\u043d\u0434\u0430\u0440\u0442\u0443, \u0434\u043e\u0442\u0440\u0438\u043c\u0443\u0454\u0442\u044c\u0441\u044f \u043f\u0440\u043e\u0446\u0435\u0441\u043d\u043e\u0433\u043e \u043f\u0456\u0434\u0445\u043e\u0434\u0443, \u0432\u0456\u0434\u043e\u043c\u043e\u0433\u043e \u0437 ISO 9001, \u0437\u0430 \u0432\u0438\u043d\u044f\u0442\u043a\u043e\u043c \u0432\u0438\u043c\u043e\u0433 \u043f. 7.3. EN 14065 \u0431\u0443\u0432 \u0441\u0442\u0432\u043e\u0440\u0435\u043d\u0438\u0439 CEN (\u0404\u0432\u0440\u043e\u043f\u0435\u0439\u0441\u044c\u043a\u0438\u043c \u043a\u043e\u043c\u0456\u0442\u0435\u0442\u043e\u043c \u0437\u0456 \u0441\u0442\u0430\u043d\u0434\u0430\u0440\u0442\u0438\u0437\u0430\u0446\u0456\u0457) 20 \u043b\u0438\u0441\u0442\u043e\u043f\u0430\u0434\u0430 2002 \u0440\u043e\u043a\u0443, \u0432\u0432\u0435\u0434\u0435\u043d\u0438\u0439 \u0432 \u043d\u0430\u0431\u0456\u0440 \u043f\u043e\u043b\u044c\u0441\u044c\u043a\u0438\u0445 \u0441\u0442\u0430\u043d\u0434\u0430\u0440\u0442\u0456\u0432 \u0443...&nbsp;<a href=\"https:\/\/icr.you2.pl\/ua\/certyfikacja-systemow\/pn-en-iso-14065\/\" rel=\"bookmark\">\u0427\u0438\u0442\u0430\u0442\u0438 \u0434\u0430\u043b\u0456 \"<span class=\"screen-reader-text\">EN 14065<\/span><\/a><\/p>","protected":false},"author":1,"featured_media":1070,"parent":162,"menu_order":0,"comment_status":"closed","ping_status":"closed","template":"","meta":{"neve_meta_sidebar":"","neve_meta_container":"","neve_meta_enable_content_width":"off","neve_meta_content_width":70,"neve_meta_title_alignment":"","neve_meta_author_avatar":"","neve_post_elements_order":"","neve_meta_disable_header":"","neve_meta_disable_footer":"","neve_meta_disable_title":"","footnotes":""},"class_list":["post-1951","page","type-page","status-publish","has-post-thumbnail","hentry"],"yoast_head":"<!-- This site is optimized with the Yoast SEO plugin v26.8 - https:\/\/yoast.com\/product\/yoast-seo-wordpress\/ -->\n<title>EN 14065 - ICR POLSKA - badania i certyfikacja<\/title>\n<meta name=\"robots\" content=\"index, follow, max-snippet:-1, max-image-preview:large, max-video-preview:-1\" \/>\n<link rel=\"canonical\" href=\"https:\/\/icr.you2.pl\/ua\/certyfikacja-systemow\/pn-en-iso-14065\/\" \/>\n<meta property=\"og:locale\" content=\"uk_UA\" \/>\n<meta property=\"og:type\" content=\"article\" \/>\n<meta property=\"og:title\" content=\"EN 14065 - ICR POLSKA - badania i certyfikacja\" \/>\n<meta property=\"og:description\" content=\"Norma EN 14065 opisuje zasady opracowania systemu zarz\u0105dzania zapewniaj\u0105cego jako\u015b\u0107 mikrobiologiczn\u0105 tekstyli\u00f3w po obr\u00f3bce w pralni. Ustanowiony wed\u0142ug tej normy system zgodny jest z podej\u015bciem procesowym znanym z ISO 9001, z wyj\u0105tkiem wymaga\u0144 pkt 7.3. Norma EN 14065 zosta\u0142a ustanowiona przez CEN (Europejski Komitet Normalizacyjny) 20 listopada 2002 r., wprowadzona do zbioru Polskich Norm w&hellip;&nbsp;\u0427\u0438\u0442\u0430\u0442\u0438 \u0434\u0430\u043b\u0456 &raquo;EN 14065\" \/>\n<meta property=\"og:url\" content=\"https:\/\/icr.you2.pl\/ua\/certyfikacja-systemow\/pn-en-iso-14065\/\" \/>\n<meta property=\"og:site_name\" content=\"ICR POLSKA - badania i certyfikacja\" \/>\n<meta property=\"article:modified_time\" content=\"2022-09-07T20:54:09+00:00\" \/>\n<meta name=\"twitter:card\" content=\"summary_large_image\" \/>\n<meta name=\"twitter:label1\" content=\"\u041f\u0440\u0438\u0431\u043b. \u0447\u0430\u0441 \u0447\u0438\u0442\u0430\u043d\u043d\u044f\" \/>\n\t<meta name=\"twitter:data1\" content=\"1 \u0445\u0432\u0438\u043b\u0438\u043d\u0430\" \/>\n<script type=\"application\/ld+json\" class=\"yoast-schema-graph\">{\"@context\":\"https:\/\/schema.org\",\"@graph\":[{\"@type\":\"WebPage\",\"@id\":\"https:\/\/icr.you2.pl\/certyfikacja-systemow\/pn-en-iso-14065\/\",\"url\":\"https:\/\/icr.you2.pl\/certyfikacja-systemow\/pn-en-iso-14065\/\",\"name\":\"EN 14065 - ICR POLSKA - badania i certyfikacja\",\"isPartOf\":{\"@id\":\"https:\/\/icr.you2.pl\/#website\"},\"primaryImageOfPage\":{\"@id\":\"https:\/\/icr.you2.pl\/certyfikacja-systemow\/pn-en-iso-14065\/#primaryimage\"},\"image\":{\"@id\":\"https:\/\/icr.you2.pl\/certyfikacja-systemow\/pn-en-iso-14065\/#primaryimage\"},\"thumbnailUrl\":\"\",\"datePublished\":\"2019-05-22T19:17:19+00:00\",\"dateModified\":\"2022-09-07T20:54:09+00:00\",\"breadcrumb\":{\"@id\":\"https:\/\/icr.you2.pl\/certyfikacja-systemow\/pn-en-iso-14065\/#breadcrumb\"},\"inLanguage\":\"uk\",\"potentialAction\":[{\"@type\":\"ReadAction\",\"target\":[\"https:\/\/icr.you2.pl\/certyfikacja-systemow\/pn-en-iso-14065\/\"]}]},{\"@type\":\"ImageObject\",\"inLanguage\":\"uk\",\"@id\":\"https:\/\/icr.you2.pl\/certyfikacja-systemow\/pn-en-iso-14065\/#primaryimage\",\"url\":\"\",\"contentUrl\":\"\"},{\"@type\":\"BreadcrumbList\",\"@id\":\"https:\/\/icr.you2.pl\/certyfikacja-systemow\/pn-en-iso-14065\/#breadcrumb\",\"itemListElement\":[{\"@type\":\"ListItem\",\"position\":1,\"name\":\"Strona g\u0142\u00f3wna\",\"item\":\"https:\/\/icr.you2.pl\/\"},{\"@type\":\"ListItem\",\"position\":2,\"name\":\"Certyfikacja system\u00f3w ISO\",\"item\":\"https:\/\/icr.you2.pl\/en\/certyfikacja-systemow\/\"},{\"@type\":\"ListItem\",\"position\":3,\"name\":\"EN 14065\"}]},{\"@type\":\"WebSite\",\"@id\":\"https:\/\/icr.you2.pl\/#website\",\"url\":\"https:\/\/icr.you2.pl\/\",\"name\":\"ICR POLSKA - badania i certyfikacja\",\"description\":\"CE certification, CE certificate, ISO certificate, RED testing, product testing and certification, electrical product testing, medical device testing, ATEX, IECEx, FCC, product certification, EMC testing, machinery certification, CE machines, training, electronic product testing, testing 2014\/53\/EU, drone certification, ISO 13485 certificate, ISO 9001 certificate, NC RfG\",\"publisher\":{\"@id\":\"https:\/\/icr.you2.pl\/#\/schema\/person\/944799c9e2f4a94662e3fcb3b1544baf\"},\"potentialAction\":[{\"@type\":\"SearchAction\",\"target\":{\"@type\":\"EntryPoint\",\"urlTemplate\":\"https:\/\/icr.you2.pl\/?s={search_term_string}\"},\"query-input\":{\"@type\":\"PropertyValueSpecification\",\"valueRequired\":true,\"valueName\":\"search_term_string\"}}],\"inLanguage\":\"uk\"},{\"@type\":[\"Person\",\"Organization\"],\"@id\":\"https:\/\/icr.you2.pl\/#\/schema\/person\/944799c9e2f4a94662e3fcb3b1544baf\",\"name\":\"admin\",\"image\":{\"@type\":\"ImageObject\",\"inLanguage\":\"uk\",\"@id\":\"https:\/\/icr.you2.pl\/#\/schema\/person\/image\/\",\"url\":\"https:\/\/icr.you2.pl\/wp-content\/uploads\/2019\/05\/cropped-logo-icr.32f04ad5-1-1.png\",\"contentUrl\":\"https:\/\/icr.you2.pl\/wp-content\/uploads\/2019\/05\/cropped-logo-icr.32f04ad5-1-1.png\",\"width\":400,\"height\":148,\"caption\":\"admin\"},\"logo\":{\"@id\":\"https:\/\/icr.you2.pl\/#\/schema\/person\/image\/\"}}]}<\/script>\n<!-- \/ Yoast SEO plugin. -->","yoast_head_json":{"title":"EN 14065 - ICR POLAND - \u0432\u0438\u043f\u0440\u043e\u0431\u0443\u0432\u0430\u043d\u043d\u044f \u0442\u0430 \u0441\u0435\u0440\u0442\u0438\u0444\u0456\u043a\u0430\u0446\u0456\u044f","robots":{"index":"index","follow":"follow","max-snippet":"max-snippet:-1","max-image-preview":"max-image-preview:large","max-video-preview":"max-video-preview:-1"},"canonical":"https:\/\/icr.you2.pl\/ua\/certyfikacja-systemow\/pn-en-iso-14065\/","og_locale":"uk_UA","og_type":"article","og_title":"EN 14065 - ICR POLSKA - badania i certyfikacja","og_description":"Norma EN 14065 opisuje zasady opracowania systemu zarz\u0105dzania zapewniaj\u0105cego jako\u015b\u0107 mikrobiologiczn\u0105 tekstyli\u00f3w po obr\u00f3bce w pralni. Ustanowiony wed\u0142ug tej normy system zgodny jest z podej\u015bciem procesowym znanym z ISO 9001, z wyj\u0105tkiem wymaga\u0144 pkt 7.3. Norma EN 14065 zosta\u0142a ustanowiona przez CEN (Europejski Komitet Normalizacyjny) 20 listopada 2002 r., wprowadzona do zbioru Polskich Norm w&hellip;&nbsp;\u0427\u0438\u0442\u0430\u0442\u0438 \u0434\u0430\u043b\u0456 &raquo;EN 14065","og_url":"https:\/\/icr.you2.pl\/ua\/certyfikacja-systemow\/pn-en-iso-14065\/","og_site_name":"ICR POLSKA - badania i certyfikacja","article_modified_time":"2022-09-07T20:54:09+00:00","twitter_card":"summary_large_image","twitter_misc":{"\u041f\u0440\u0438\u0431\u043b. \u0447\u0430\u0441 \u0447\u0438\u0442\u0430\u043d\u043d\u044f":"1 \u0445\u0432\u0438\u043b\u0438\u043d\u0430"},"schema":{"@context":"https:\/\/schema.org","@graph":[{"@type":"WebPage","@id":"https:\/\/icr.you2.pl\/certyfikacja-systemow\/pn-en-iso-14065\/","url":"https:\/\/icr.you2.pl\/certyfikacja-systemow\/pn-en-iso-14065\/","name":"EN 14065 - ICR POLAND - \u0432\u0438\u043f\u0440\u043e\u0431\u0443\u0432\u0430\u043d\u043d\u044f \u0442\u0430 \u0441\u0435\u0440\u0442\u0438\u0444\u0456\u043a\u0430\u0446\u0456\u044f","isPartOf":{"@id":"https:\/\/icr.you2.pl\/#website"},"primaryImageOfPage":{"@id":"https:\/\/icr.you2.pl\/certyfikacja-systemow\/pn-en-iso-14065\/#primaryimage"},"image":{"@id":"https:\/\/icr.you2.pl\/certyfikacja-systemow\/pn-en-iso-14065\/#primaryimage"},"thumbnailUrl":"","datePublished":"2019-05-22T19:17:19+00:00","dateModified":"2022-09-07T20:54:09+00:00","breadcrumb":{"@id":"https:\/\/icr.you2.pl\/certyfikacja-systemow\/pn-en-iso-14065\/#breadcrumb"},"inLanguage":"uk","potentialAction":[{"@type":"ReadAction","target":["https:\/\/icr.you2.pl\/certyfikacja-systemow\/pn-en-iso-14065\/"]}]},{"@type":"ImageObject","inLanguage":"uk","@id":"https:\/\/icr.you2.pl\/certyfikacja-systemow\/pn-en-iso-14065\/#primaryimage","url":"","contentUrl":""},{"@type":"BreadcrumbList","@id":"https:\/\/icr.you2.pl\/certyfikacja-systemow\/pn-en-iso-14065\/#breadcrumb","itemListElement":[{"@type":"ListItem","position":1,"name":"Strona g\u0142\u00f3wna","item":"https:\/\/icr.you2.pl\/"},{"@type":"ListItem","position":2,"name":"Certyfikacja system\u00f3w ISO","item":"https:\/\/icr.you2.pl\/en\/certyfikacja-systemow\/"},{"@type":"ListItem","position":3,"name":"EN 14065"}]},{"@type":"WebSite","@id":"https:\/\/icr.you2.pl\/#website","url":"https:\/\/icr.you2.pl\/","name":"ICR POLAND - \u0442\u0435\u0441\u0442\u0443\u0432\u0430\u043d\u043d\u044f \u0442\u0430 \u0441\u0435\u0440\u0442\u0438\u0444\u0456\u043a\u0430\u0446\u0456\u044f","description":"\u0421\u0435\u0440\u0442\u0438\u0444\u0456\u043a\u0430\u0446\u0456\u044f CE, \u0441\u0435\u0440\u0442\u0438\u0444\u0456\u043a\u0430\u0442 CE, \u0441\u0435\u0440\u0442\u0438\u0444\u0456\u043a\u0430\u0442 ISO, \u0432\u0438\u043f\u0440\u043e\u0431\u0443\u0432\u0430\u043d\u043d\u044f RED, \u0432\u0438\u043f\u0440\u043e\u0431\u0443\u0432\u0430\u043d\u043d\u044f \u0442\u0430 \u0441\u0435\u0440\u0442\u0438\u0444\u0456\u043a\u0430\u0446\u0456\u044f \u043f\u0440\u043e\u0434\u0443\u043a\u0446\u0456\u0457, \u0432\u0438\u043f\u0440\u043e\u0431\u0443\u0432\u0430\u043d\u043d\u044f \u0435\u043b\u0435\u043a\u0442\u0440\u043e\u0442\u0435\u0445\u043d\u0456\u0447\u043d\u0438\u0445 \u0432\u0438\u0440\u043e\u0431\u0456\u0432, \u0432\u0438\u043f\u0440\u043e\u0431\u0443\u0432\u0430\u043d\u043d\u044f \u043c\u0435\u0434\u0438\u0447\u043d\u0438\u0445 \u0432\u0438\u0440\u043e\u0431\u0456\u0432, ATEX, IECEx, FCC, \u0441\u0435\u0440\u0442\u0438\u0444\u0456\u043a\u0430\u0446\u0456\u044f \u043f\u0440\u043e\u0434\u0443\u043a\u0446\u0456\u0457, \u0432\u0438\u043f\u0440\u043e\u0431\u0443\u0432\u0430\u043d\u043d\u044f \u0415\u041c\u0421, \u0441\u0435\u0440\u0442\u0438\u0444\u0456\u043a\u0430\u0446\u0456\u044f \u043c\u0430\u0448\u0438\u043d, \u043c\u0430\u0448\u0438\u043d\u0438 CE, \u043d\u0430\u0432\u0447\u0430\u043d\u043d\u044f, \u0432\u0438\u043f\u0440\u043e\u0431\u0443\u0432\u0430\u043d\u043d\u044f \u0435\u043b\u0435\u043a\u0442\u0440\u043e\u043d\u043d\u043e\u0457 \u043f\u0440\u043e\u0434\u0443\u043a\u0446\u0456\u0457, \u0432\u0438\u043f\u0440\u043e\u0431\u0443\u0432\u0430\u043d\u043d\u044f 2014\/53\/EU, \u0441\u0435\u0440\u0442\u0438\u0444\u0456\u043a\u0430\u0446\u0456\u044f \u0431\u0435\u0437\u043f\u0456\u043b\u043e\u0442\u043d\u0438\u043a\u0456\u0432, \u0441\u0435\u0440\u0442\u0438\u0444\u0456\u043a\u0430\u0442 ISO 13485, \u0441\u0435\u0440\u0442\u0438\u0444\u0456\u043a\u0430\u0442 ISO 9001, NC RfG","publisher":{"@id":"https:\/\/icr.you2.pl\/#\/schema\/person\/944799c9e2f4a94662e3fcb3b1544baf"},"potentialAction":[{"@type":"SearchAction","target":{"@type":"EntryPoint","urlTemplate":"https:\/\/icr.you2.pl\/?s={search_term_string}"},"query-input":{"@type":"PropertyValueSpecification","valueRequired":true,"valueName":"search_term_string"}}],"inLanguage":"uk"},{"@type":["Person","Organization"],"@id":"https:\/\/icr.you2.pl\/#\/schema\/person\/944799c9e2f4a94662e3fcb3b1544baf","name":"\u0430\u0434\u043c\u0456\u043d\u0456\u0441\u0442\u0440\u0430\u0442\u043e\u0440","image":{"@type":"ImageObject","inLanguage":"uk","@id":"https:\/\/icr.you2.pl\/#\/schema\/person\/image\/","url":"https:\/\/icr.you2.pl\/wp-content\/uploads\/2019\/05\/cropped-logo-icr.32f04ad5-1-1.png","contentUrl":"https:\/\/icr.you2.pl\/wp-content\/uploads\/2019\/05\/cropped-logo-icr.32f04ad5-1-1.png","width":400,"height":148,"caption":"admin"},"logo":{"@id":"https:\/\/icr.you2.pl\/#\/schema\/person\/image\/"}}]}},"_links":{"self":[{"href":"https:\/\/icr.you2.pl\/ua\/wp-json\/wp\/v2\/pages\/1951","targetHints":{"allow":["GET"]}}],"collection":[{"href":"https:\/\/icr.you2.pl\/ua\/wp-json\/wp\/v2\/pages"}],"about":[{"href":"https:\/\/icr.you2.pl\/ua\/wp-json\/wp\/v2\/types\/page"}],"author":[{"embeddable":true,"href":"https:\/\/icr.you2.pl\/ua\/wp-json\/wp\/v2\/users\/1"}],"replies":[{"embeddable":true,"href":"https:\/\/icr.you2.pl\/ua\/wp-json\/wp\/v2\/comments?post=1951"}],"version-history":[{"count":0,"href":"https:\/\/icr.you2.pl\/ua\/wp-json\/wp\/v2\/pages\/1951\/revisions"}],"up":[{"embeddable":true,"href":"https:\/\/icr.you2.pl\/ua\/wp-json\/wp\/v2\/pages\/162"}],"wp:featuredmedia":[{"embeddable":true,"href":"https:\/\/icr.you2.pl\/ua\/wp-json\/"}],"wp:attachment":[{"href":"https:\/\/icr.you2.pl\/ua\/wp-json\/wp\/v2\/media?parent=1951"}],"curies":[{"name":"wp","href":"https:\/\/api.w.org\/{rel}","templated":true}]}}