{"id":2142,"date":"2019-05-28T18:04:20","date_gmt":"2019-05-28T18:04:20","guid":{"rendered":"http:\/\/icrpolska.e-ksperci.pl\/?page_id=2142"},"modified":"2022-09-07T23:30:29","modified_gmt":"2022-09-07T21:30:29","slug":"maszyny","status":"publish","type":"page","link":"https:\/\/icr.you2.pl\/ua\/badania-wyrobow\/maszyny\/","title":{"rendered":"\u041c\u0430\u0448\u0438\u043d\u0438"},"content":{"rendered":"<ul>\r\n<li>\u041c\u0438 \u043f\u0440\u043e\u0432\u043e\u0434\u0438\u043c\u043e \u0432\u0438\u043c\u0456\u0440\u044e\u0432\u0430\u043d\u043d\u044f \u043c\u0430\u0448\u0438\u043d\u043d\u043e\u0433\u043e \u0448\u0443\u043c\u0443, \u0435\u043b\u0435\u043a\u0442\u0440\u043e\u0431\u0435\u0437\u043f\u0435\u043a\u0438 \u0442\u0430 \u0432\u0456\u0434\u043f\u043e\u0432\u0456\u0434\u043d\u043e\u0441\u0442\u0456 \u0432\u0438\u043c\u043e\u0433\u0430\u043c \u0441\u0442\u0430\u043d\u0434\u0430\u0440\u0442\u0456\u0432 \u0456 \u0414\u0438\u0440\u0435\u043a\u0442\u0438\u0432\u0438 2006\/42\/\u0404\u0421.<\/li>\r\n<li>\u0412\u0438\u043a\u043e\u043d\u0443\u0454\u043c\u043e \u0456 \u043f\u0435\u0440\u0435\u0432\u0456\u0440\u044f\u0454\u043c\u043e \u0430\u043d\u0430\u043b\u0456\u0437 \u0440\u0438\u0437\u0438\u043a\u0456\u0432 \u0434\u043b\u044f \u043c\u0430\u0448\u0438\u043d, \u0441\u0438\u0441\u0442\u0435\u043c \u0431\u0435\u0437\u043f\u0435\u043a\u0438.<\/li>\r\n<li>\u041c\u0438 \u043f\u0440\u043e\u0432\u043e\u0434\u0438\u043c\u043e \u0430\u0443\u0434\u0438\u0442\u0438 \u0442\u0430 \u0456\u043d\u0441\u043f\u0435\u043a\u0446\u0456\u0457 \u0434\u043b\u044f \u043f\u0440\u0438\u0439\u043c\u0430\u043d\u043d\u044f \u043c\u0430\u0448\u0438\u043d \u043d\u0430 \u043c\u0456\u0441\u0446\u0456.<\/li>\r\n<\/ul>\r\n\r\n<figure class=\"wp-block-image is-resized\"><img fetchpriority=\"high\" decoding=\"async\" class=\"alignnone wp-image-2167\" src=\"http:\/\/nowa.icrpolska.com\/wp-content\/uploads\/2019\/05\/icr-badania-maszyny.jpg\" alt=\"\u041c\u0430\u0448\u0438\u043d\u043d\u0435 \u0442\u0435\u0441\u0442\u0443\u0432\u0430\u043d\u043d\u044f\" width=\"768\" height=\"512\" srcset=\"https:\/\/icr.you2.pl\/wp-content\/uploads\/2019\/05\/icr-badania-maszyny.jpg 768w, https:\/\/icr.you2.pl\/wp-content\/uploads\/2019\/05\/icr-badania-maszyny-300x200.jpg 300w\" sizes=\"(max-width: 768px) 100vw, 768px\" \/><\/figure>","protected":false},"excerpt":{"rendered":"<p>\u041f\u0440\u043e\u0432\u043e\u0434\u0438\u043c\u043e \u0432\u0438\u043c\u0456\u0440\u044e\u0432\u0430\u043d\u043d\u044f \u0448\u0443\u043c\u0443, \u0449\u043e \u0432\u0438\u0434\u0430\u0454\u0442\u044c\u0441\u044f \u043c\u0430\u0448\u0438\u043d\u0430\u043c\u0438, \u0435\u043b\u0435\u043a\u0442\u0440\u043e\u0431\u0435\u0437\u043f\u0435\u043a\u0438 \u0442\u0430 \u0432\u0456\u0434\u043f\u043e\u0432\u0456\u0434\u043d\u043e\u0441\u0442\u0456 \u0432\u0438\u043c\u043e\u0433\u0430\u043c \u0441\u0442\u0430\u043d\u0434\u0430\u0440\u0442\u0456\u0432 \u0456 \u0414\u0438\u0440\u0435\u043a\u0442\u0438\u0432\u0438 2006\/42\/\u0404\u0421. \u041f\u0440\u043e\u0432\u043e\u0434\u0438\u043c\u043e \u0456 \u043f\u0435\u0440\u0435\u0432\u0456\u0440\u044f\u0454\u043c\u043e \u0430\u043d\u0430\u043b\u0456\u0437 \u0440\u0438\u0437\u0438\u043a\u0456\u0432 \u0434\u043b\u044f \u043c\u0430\u0448\u0438\u043d, \u0441\u0438\u0441\u0442\u0435\u043c \u0431\u0435\u0437\u043f\u0435\u043a\u0438. \u041f\u0440\u043e\u0432\u043e\u0434\u0438\u043c\u043e \u0430\u0443\u0434\u0438\u0442\u0438 \u0442\u0430 \u0456\u043d\u0441\u043f\u0435\u043a\u0446\u0456\u0457 \u0434\u043b\u044f \u043f\u0440\u0438\u0439\u043c\u0430\u043d\u043d\u044f \u043c\u0430\u0448\u0438\u043d \u043d\u0430 \u043c\u0456\u0441\u0446\u0456.<\/p>","protected":false},"author":1,"featured_media":146,"parent":979,"menu_order":0,"comment_status":"closed","ping_status":"closed","template":"","meta":{"neve_meta_sidebar":"","neve_meta_container":"","neve_meta_enable_content_width":"off","neve_meta_content_width":70,"neve_meta_title_alignment":"","neve_meta_author_avatar":"","neve_post_elements_order":"","neve_meta_disable_header":"","neve_meta_disable_footer":"","neve_meta_disable_title":"","footnotes":""},"class_list":["post-2142","page","type-page","status-publish","has-post-thumbnail","hentry"],"yoast_head":"<!-- This site is optimized with the Yoast SEO plugin v26.8 - https:\/\/yoast.com\/product\/yoast-seo-wordpress\/ -->\n<title>Maszyny - ICR POLSKA - badania i certyfikacja<\/title>\n<meta name=\"robots\" content=\"index, follow, max-snippet:-1, max-image-preview:large, max-video-preview:-1\" \/>\n<link rel=\"canonical\" href=\"https:\/\/icr.you2.pl\/ua\/badania-wyrobow\/maszyny\/\" \/>\n<meta property=\"og:locale\" content=\"uk_UA\" \/>\n<meta property=\"og:type\" content=\"article\" \/>\n<meta property=\"og:title\" content=\"Maszyny - ICR POLSKA - badania i certyfikacja\" \/>\n<meta property=\"og:description\" content=\"Wykonujemy pomiary ha\u0142asu emitowanego przez maszyny, bezpiecze\u0144stwa elektrycznego oraz zgodno\u015bci z wymaganiami norm i dyrektywy 2006\/42\/WE. Wykonujemy i weryfikujemy analiz\u0119 ryzyka dla maszyn, uk\u0142ad\u00f3w bezpiecze\u0144stwa. Przeprowadzamy audity i inspekcje do odbioru maszyn w miejscu instalacji.\" \/>\n<meta property=\"og:url\" content=\"https:\/\/icr.you2.pl\/ua\/badania-wyrobow\/maszyny\/\" \/>\n<meta property=\"og:site_name\" content=\"ICR POLSKA - badania i certyfikacja\" \/>\n<meta property=\"article:modified_time\" content=\"2022-09-07T21:30:29+00:00\" \/>\n<meta name=\"twitter:card\" content=\"summary_large_image\" \/>\n<meta name=\"twitter:label1\" content=\"\u041f\u0440\u0438\u0431\u043b. \u0447\u0430\u0441 \u0447\u0438\u0442\u0430\u043d\u043d\u044f\" \/>\n\t<meta name=\"twitter:data1\" content=\"1 \u0445\u0432\u0438\u043b\u0438\u043d\u0430\" \/>\n<script type=\"application\/ld+json\" class=\"yoast-schema-graph\">{\"@context\":\"https:\/\/schema.org\",\"@graph\":[{\"@type\":\"WebPage\",\"@id\":\"https:\/\/icr.you2.pl\/badania-wyrobow\/maszyny\/\",\"url\":\"https:\/\/icr.you2.pl\/badania-wyrobow\/maszyny\/\",\"name\":\"Maszyny - ICR POLSKA - badania i certyfikacja\",\"isPartOf\":{\"@id\":\"https:\/\/icr.you2.pl\/#website\"},\"primaryImageOfPage\":{\"@id\":\"https:\/\/icr.you2.pl\/badania-wyrobow\/maszyny\/#primaryimage\"},\"image\":{\"@id\":\"https:\/\/icr.you2.pl\/badania-wyrobow\/maszyny\/#primaryimage\"},\"thumbnailUrl\":\"\",\"datePublished\":\"2019-05-28T18:04:20+00:00\",\"dateModified\":\"2022-09-07T21:30:29+00:00\",\"breadcrumb\":{\"@id\":\"https:\/\/icr.you2.pl\/badania-wyrobow\/maszyny\/#breadcrumb\"},\"inLanguage\":\"uk\",\"potentialAction\":[{\"@type\":\"ReadAction\",\"target\":[\"https:\/\/icr.you2.pl\/badania-wyrobow\/maszyny\/\"]}]},{\"@type\":\"ImageObject\",\"inLanguage\":\"uk\",\"@id\":\"https:\/\/icr.you2.pl\/badania-wyrobow\/maszyny\/#primaryimage\",\"url\":\"\",\"contentUrl\":\"\"},{\"@type\":\"BreadcrumbList\",\"@id\":\"https:\/\/icr.you2.pl\/badania-wyrobow\/maszyny\/#breadcrumb\",\"itemListElement\":[{\"@type\":\"ListItem\",\"position\":1,\"name\":\"Strona g\u0142\u00f3wna\",\"item\":\"https:\/\/icr.you2.pl\/\"},{\"@type\":\"ListItem\",\"position\":2,\"name\":\"Badania wyrob\u00f3w\",\"item\":\"https:\/\/icr.you2.pl\/badania-wyrobow\/\"},{\"@type\":\"ListItem\",\"position\":3,\"name\":\"Maszyny\"}]},{\"@type\":\"WebSite\",\"@id\":\"https:\/\/icr.you2.pl\/#website\",\"url\":\"https:\/\/icr.you2.pl\/\",\"name\":\"ICR POLSKA - badania i certyfikacja\",\"description\":\"CE certification, CE certificate, ISO certificate, RED testing, product testing and certification, electrical product testing, medical device testing, ATEX, IECEx, FCC, product certification, EMC testing, machinery certification, CE machines, training, electronic product testing, testing 2014\/53\/EU, drone certification, ISO 13485 certificate, ISO 9001 certificate, NC RfG\",\"publisher\":{\"@id\":\"https:\/\/icr.you2.pl\/#\/schema\/person\/944799c9e2f4a94662e3fcb3b1544baf\"},\"potentialAction\":[{\"@type\":\"SearchAction\",\"target\":{\"@type\":\"EntryPoint\",\"urlTemplate\":\"https:\/\/icr.you2.pl\/?s={search_term_string}\"},\"query-input\":{\"@type\":\"PropertyValueSpecification\",\"valueRequired\":true,\"valueName\":\"search_term_string\"}}],\"inLanguage\":\"uk\"},{\"@type\":[\"Person\",\"Organization\"],\"@id\":\"https:\/\/icr.you2.pl\/#\/schema\/person\/944799c9e2f4a94662e3fcb3b1544baf\",\"name\":\"admin\",\"image\":{\"@type\":\"ImageObject\",\"inLanguage\":\"uk\",\"@id\":\"https:\/\/icr.you2.pl\/#\/schema\/person\/image\/\",\"url\":\"https:\/\/icr.you2.pl\/wp-content\/uploads\/2019\/05\/cropped-logo-icr.32f04ad5-1-1.png\",\"contentUrl\":\"https:\/\/icr.you2.pl\/wp-content\/uploads\/2019\/05\/cropped-logo-icr.32f04ad5-1-1.png\",\"width\":400,\"height\":148,\"caption\":\"admin\"},\"logo\":{\"@id\":\"https:\/\/icr.you2.pl\/#\/schema\/person\/image\/\"}}]}<\/script>\n<!-- \/ Yoast SEO plugin. -->","yoast_head_json":{"title":"\u041c\u0430\u0448\u0438\u043d\u0438 - ICR POLAND - \u0412\u0438\u043f\u0440\u043e\u0431\u0443\u0432\u0430\u043d\u043d\u044f \u0442\u0430 \u0441\u0435\u0440\u0442\u0438\u0444\u0456\u043a\u0430\u0446\u0456\u044f","robots":{"index":"index","follow":"follow","max-snippet":"max-snippet:-1","max-image-preview":"max-image-preview:large","max-video-preview":"max-video-preview:-1"},"canonical":"https:\/\/icr.you2.pl\/ua\/badania-wyrobow\/maszyny\/","og_locale":"uk_UA","og_type":"article","og_title":"Maszyny - ICR POLSKA - badania i certyfikacja","og_description":"Wykonujemy pomiary ha\u0142asu emitowanego przez maszyny, bezpiecze\u0144stwa elektrycznego oraz zgodno\u015bci z wymaganiami norm i dyrektywy 2006\/42\/WE. Wykonujemy i weryfikujemy analiz\u0119 ryzyka dla maszyn, uk\u0142ad\u00f3w bezpiecze\u0144stwa. Przeprowadzamy audity i inspekcje do odbioru maszyn w miejscu instalacji.","og_url":"https:\/\/icr.you2.pl\/ua\/badania-wyrobow\/maszyny\/","og_site_name":"ICR POLSKA - badania i certyfikacja","article_modified_time":"2022-09-07T21:30:29+00:00","twitter_card":"summary_large_image","twitter_misc":{"\u041f\u0440\u0438\u0431\u043b. \u0447\u0430\u0441 \u0447\u0438\u0442\u0430\u043d\u043d\u044f":"1 \u0445\u0432\u0438\u043b\u0438\u043d\u0430"},"schema":{"@context":"https:\/\/schema.org","@graph":[{"@type":"WebPage","@id":"https:\/\/icr.you2.pl\/badania-wyrobow\/maszyny\/","url":"https:\/\/icr.you2.pl\/badania-wyrobow\/maszyny\/","name":"\u041c\u0430\u0448\u0438\u043d\u0438 - ICR POLAND - \u0412\u0438\u043f\u0440\u043e\u0431\u0443\u0432\u0430\u043d\u043d\u044f \u0442\u0430 \u0441\u0435\u0440\u0442\u0438\u0444\u0456\u043a\u0430\u0446\u0456\u044f","isPartOf":{"@id":"https:\/\/icr.you2.pl\/#website"},"primaryImageOfPage":{"@id":"https:\/\/icr.you2.pl\/badania-wyrobow\/maszyny\/#primaryimage"},"image":{"@id":"https:\/\/icr.you2.pl\/badania-wyrobow\/maszyny\/#primaryimage"},"thumbnailUrl":"","datePublished":"2019-05-28T18:04:20+00:00","dateModified":"2022-09-07T21:30:29+00:00","breadcrumb":{"@id":"https:\/\/icr.you2.pl\/badania-wyrobow\/maszyny\/#breadcrumb"},"inLanguage":"uk","potentialAction":[{"@type":"ReadAction","target":["https:\/\/icr.you2.pl\/badania-wyrobow\/maszyny\/"]}]},{"@type":"ImageObject","inLanguage":"uk","@id":"https:\/\/icr.you2.pl\/badania-wyrobow\/maszyny\/#primaryimage","url":"","contentUrl":""},{"@type":"BreadcrumbList","@id":"https:\/\/icr.you2.pl\/badania-wyrobow\/maszyny\/#breadcrumb","itemListElement":[{"@type":"ListItem","position":1,"name":"Strona g\u0142\u00f3wna","item":"https:\/\/icr.you2.pl\/"},{"@type":"ListItem","position":2,"name":"Badania wyrob\u00f3w","item":"https:\/\/icr.you2.pl\/badania-wyrobow\/"},{"@type":"ListItem","position":3,"name":"Maszyny"}]},{"@type":"WebSite","@id":"https:\/\/icr.you2.pl\/#website","url":"https:\/\/icr.you2.pl\/","name":"ICR POLAND - \u0442\u0435\u0441\u0442\u0443\u0432\u0430\u043d\u043d\u044f \u0442\u0430 \u0441\u0435\u0440\u0442\u0438\u0444\u0456\u043a\u0430\u0446\u0456\u044f","description":"\u0421\u0435\u0440\u0442\u0438\u0444\u0456\u043a\u0430\u0446\u0456\u044f CE, \u0441\u0435\u0440\u0442\u0438\u0444\u0456\u043a\u0430\u0442 CE, \u0441\u0435\u0440\u0442\u0438\u0444\u0456\u043a\u0430\u0442 ISO, \u0432\u0438\u043f\u0440\u043e\u0431\u0443\u0432\u0430\u043d\u043d\u044f RED, \u0432\u0438\u043f\u0440\u043e\u0431\u0443\u0432\u0430\u043d\u043d\u044f \u0442\u0430 \u0441\u0435\u0440\u0442\u0438\u0444\u0456\u043a\u0430\u0446\u0456\u044f \u043f\u0440\u043e\u0434\u0443\u043a\u0446\u0456\u0457, \u0432\u0438\u043f\u0440\u043e\u0431\u0443\u0432\u0430\u043d\u043d\u044f \u0435\u043b\u0435\u043a\u0442\u0440\u043e\u0442\u0435\u0445\u043d\u0456\u0447\u043d\u0438\u0445 \u0432\u0438\u0440\u043e\u0431\u0456\u0432, \u0432\u0438\u043f\u0440\u043e\u0431\u0443\u0432\u0430\u043d\u043d\u044f \u043c\u0435\u0434\u0438\u0447\u043d\u0438\u0445 \u0432\u0438\u0440\u043e\u0431\u0456\u0432, ATEX, IECEx, FCC, \u0441\u0435\u0440\u0442\u0438\u0444\u0456\u043a\u0430\u0446\u0456\u044f \u043f\u0440\u043e\u0434\u0443\u043a\u0446\u0456\u0457, \u0432\u0438\u043f\u0440\u043e\u0431\u0443\u0432\u0430\u043d\u043d\u044f \u0415\u041c\u0421, \u0441\u0435\u0440\u0442\u0438\u0444\u0456\u043a\u0430\u0446\u0456\u044f \u043c\u0430\u0448\u0438\u043d, \u043c\u0430\u0448\u0438\u043d\u0438 CE, \u043d\u0430\u0432\u0447\u0430\u043d\u043d\u044f, \u0432\u0438\u043f\u0440\u043e\u0431\u0443\u0432\u0430\u043d\u043d\u044f \u0435\u043b\u0435\u043a\u0442\u0440\u043e\u043d\u043d\u043e\u0457 \u043f\u0440\u043e\u0434\u0443\u043a\u0446\u0456\u0457, \u0432\u0438\u043f\u0440\u043e\u0431\u0443\u0432\u0430\u043d\u043d\u044f 2014\/53\/EU, \u0441\u0435\u0440\u0442\u0438\u0444\u0456\u043a\u0430\u0446\u0456\u044f \u0431\u0435\u0437\u043f\u0456\u043b\u043e\u0442\u043d\u0438\u043a\u0456\u0432, \u0441\u0435\u0440\u0442\u0438\u0444\u0456\u043a\u0430\u0442 ISO 13485, \u0441\u0435\u0440\u0442\u0438\u0444\u0456\u043a\u0430\u0442 ISO 9001, NC RfG","publisher":{"@id":"https:\/\/icr.you2.pl\/#\/schema\/person\/944799c9e2f4a94662e3fcb3b1544baf"},"potentialAction":[{"@type":"SearchAction","target":{"@type":"EntryPoint","urlTemplate":"https:\/\/icr.you2.pl\/?s={search_term_string}"},"query-input":{"@type":"PropertyValueSpecification","valueRequired":true,"valueName":"search_term_string"}}],"inLanguage":"uk"},{"@type":["Person","Organization"],"@id":"https:\/\/icr.you2.pl\/#\/schema\/person\/944799c9e2f4a94662e3fcb3b1544baf","name":"\u0430\u0434\u043c\u0456\u043d\u0456\u0441\u0442\u0440\u0430\u0442\u043e\u0440","image":{"@type":"ImageObject","inLanguage":"uk","@id":"https:\/\/icr.you2.pl\/#\/schema\/person\/image\/","url":"https:\/\/icr.you2.pl\/wp-content\/uploads\/2019\/05\/cropped-logo-icr.32f04ad5-1-1.png","contentUrl":"https:\/\/icr.you2.pl\/wp-content\/uploads\/2019\/05\/cropped-logo-icr.32f04ad5-1-1.png","width":400,"height":148,"caption":"admin"},"logo":{"@id":"https:\/\/icr.you2.pl\/#\/schema\/person\/image\/"}}]}},"_links":{"self":[{"href":"https:\/\/icr.you2.pl\/ua\/wp-json\/wp\/v2\/pages\/2142","targetHints":{"allow":["GET"]}}],"collection":[{"href":"https:\/\/icr.you2.pl\/ua\/wp-json\/wp\/v2\/pages"}],"about":[{"href":"https:\/\/icr.you2.pl\/ua\/wp-json\/wp\/v2\/types\/page"}],"author":[{"embeddable":true,"href":"https:\/\/icr.you2.pl\/ua\/wp-json\/wp\/v2\/users\/1"}],"replies":[{"embeddable":true,"href":"https:\/\/icr.you2.pl\/ua\/wp-json\/wp\/v2\/comments?post=2142"}],"version-history":[{"count":0,"href":"https:\/\/icr.you2.pl\/ua\/wp-json\/wp\/v2\/pages\/2142\/revisions"}],"up":[{"embeddable":true,"href":"https:\/\/icr.you2.pl\/ua\/wp-json\/wp\/v2\/pages\/979"}],"wp:featuredmedia":[{"embeddable":true,"href":"https:\/\/icr.you2.pl\/ua\/wp-json\/"}],"wp:attachment":[{"href":"https:\/\/icr.you2.pl\/ua\/wp-json\/wp\/v2\/media?parent=2142"}],"curies":[{"name":"wp","href":"https:\/\/api.w.org\/{rel}","templated":true}]}}