{"id":2428,"date":"2019-06-03T12:35:18","date_gmt":"2019-06-03T10:35:18","guid":{"rendered":"http:\/\/nowa.icrpolska.com\/?page_id=2428"},"modified":"2023-04-04T14:55:37","modified_gmt":"2023-04-04T12:55:37","slug":"fcc","status":"publish","type":"page","link":"https:\/\/icr.you2.pl\/ua\/fcc\/","title":{"rendered":"FCC \/ ISED"},"content":{"rendered":"<p><img decoding=\"async\" class=\"alignleft wp-image-2682\" src=\"http:\/\/icr.you2.pl\/wp-content\/uploads\/2019\/06\/FCC_New_Logo-300x252.png\" alt=\"FCC - \u0424\u0435\u0434\u0435\u0440\u0430\u043b\u044c\u043d\u0430 \u043a\u043e\u043c\u0456\u0441\u0456\u044f \u0437 \u043f\u0438\u0442\u0430\u043d\u044c \u0437\u0432&#039;\u044f\u0437\u043a\u0443\" width=\"150\" height=\"126\" srcset=\"https:\/\/icr.you2.pl\/wp-content\/uploads\/2019\/06\/FCC_New_Logo-300x252.png 300w, https:\/\/icr.you2.pl\/wp-content\/uploads\/2019\/06\/FCC_New_Logo-768x645.png 768w, https:\/\/icr.you2.pl\/wp-content\/uploads\/2019\/06\/FCC_New_Logo-1024x860.png 1024w, https:\/\/icr.you2.pl\/wp-content\/uploads\/2019\/06\/FCC_New_Logo.png 1200w\" sizes=\"(max-width: 150px) 100vw, 150px\" \/><\/p>\n<p><strong>FCC<\/strong> - \u0424\u0435\u0434\u0435\u0440\u0430\u043b\u044c\u043d\u0430 \u043a\u043e\u043c\u0456\u0441\u0456\u044f \u0437\u0432'\u044f\u0437\u043a\u0443 - \u0437\u0430\u0439\u043c\u0430\u0454\u0442\u044c\u0441\u044f \u0437\u0430\u0442\u0432\u0435\u0440\u0434\u0436\u0435\u043d\u043d\u044f\u043c \u043a\u043e\u043c\u0443\u043d\u0456\u043a\u0430\u0446\u0456\u0439\u043d\u0438\u0445 \u043f\u0440\u0438\u0441\u0442\u0440\u043e\u0457\u0432, \u0442\u0430\u043a\u0438\u0445 \u044f\u043a \u0440\u0430\u0434\u0456\u043e, \u0442\u0435\u043b\u0435\u0431\u0430\u0447\u0435\u043d\u043d\u044f, \u0431\u0435\u0437\u0434\u0440\u043e\u0442\u043e\u0432\u0456 \u043c\u0435\u0440\u0435\u0436\u0435\u0432\u0456 \u043f\u0440\u0438\u0441\u0442\u0440\u043e\u0457, \u043f\u0440\u0438\u0441\u0442\u0440\u043e\u0457 \u0441\u0443\u043f\u0443\u0442\u043d\u0438\u043a\u043e\u0432\u043e\u0433\u043e \u0437\u0432'\u044f\u0437\u043a\u0443 \u0434\u043b\u044f \u0432\u0438\u043a\u043e\u0440\u0438\u0441\u0442\u0430\u043d\u043d\u044f \u043d\u0430 \u0442\u0435\u0440\u0438\u0442\u043e\u0440\u0456\u0457 \u0421\u0428\u0410.<\/p>\n<p>FCC \u0440\u043e\u0437\u0440\u043e\u0431\u0438\u043b\u0430 \u043a\u0440\u0438\u0442\u0435\u0440\u0456\u0457, \u044f\u043a\u0456 \u0432\u0438\u0437\u043d\u0430\u0447\u0430\u044e\u0442\u044c, \u0447\u0438 \u043c\u043e\u0436\u0435 \u043f\u0440\u043e\u0434\u0443\u043a\u0442 \u0431\u0443\u0442\u0438 \u043c\u0430\u0440\u043a\u043e\u0432\u0430\u043d\u0438\u0439 FCC \u0456 \u0437\u0430\u0440\u0435\u0454\u0441\u0442\u0440\u043e\u0432\u0430\u043d\u0438\u0439 \u044f\u043a \u0434\u043e\u0437\u0432\u043e\u043b\u0435\u043d\u0438\u0439 \u043f\u0440\u043e\u0434\u0443\u043a\u0442.<\/p>\n<p>\u0412\u0441\u0435 \u0440\u0430\u0434\u0456\u043e\u043e\u0431\u043b\u0430\u0434\u043d\u0430\u043d\u043d\u044f \u043f\u043e\u0434\u0456\u043b\u044f\u0454\u0442\u044c\u0441\u044f \u043d\u0430 \u043d\u0430\u0441\u0442\u0443\u043f\u043d\u0456 \u0433\u0440\u0443\u043f\u0438:<\/p>\n<p>\u0412: \u041d\u0435\u043b\u0456\u0446\u0435\u043d\u0437\u0456\u0439\u043d\u0435 \u0440\u0430\u0434\u0456\u043e\u043e\u0431\u043b\u0430\u0434\u043d\u0430\u043d\u043d\u044f, \u0432 \u0442\u043e\u043c\u0443 \u0447\u0438\u0441\u043b\u0456<\/p>\n<p>A1: \u041c\u0430\u043b\u043e\u043f\u043e\u0442\u0443\u0436\u043d\u0456 \u043f\u0435\u0440\u0435\u0434\u0430\u0432\u0430\u0447\u0456, \u0449\u043e \u043f\u0440\u0430\u0446\u044e\u044e\u0442\u044c \u043d\u0430 \u0447\u0430\u0441\u0442\u043e\u0442\u0430\u0445 \u043d\u0438\u0436\u0447\u0435 1 \u0413\u0413\u0446 (\u0437\u0430 \u0432\u0438\u043d\u044f\u0442\u043a\u043e\u043c \u043f\u0440\u0438\u0441\u0442\u0440\u043e\u0457\u0432 \u0440\u043e\u0437\u0448\u0438\u0440\u0435\u043d\u043e\u0433\u043e \u0441\u043f\u0435\u043a\u0442\u0440\u0430), \u0441\u0438\u0441\u0442\u0435\u043c\u0438 \u0441\u0438\u0433\u043d\u0430\u043b\u0456\u0437\u0430\u0446\u0456\u0457, \u0449\u043e \u043d\u0435\u043d\u0430\u0432\u043c\u0438\u0441\u043d\u043e \u0432\u0438\u043f\u0440\u043e\u043c\u0456\u043d\u044e\u044e\u0442\u044c \u0420\u0427 (\u043d\u0430\u043f\u0440\u0438\u043a\u043b\u0430\u0434, \u043f\u0435\u0440\u0441\u043e\u043d\u0430\u043b\u044c\u043d\u0456 \u043a\u043e\u043c\u043f'\u044e\u0442\u0435\u0440\u0438 \u0442\u0430 \u043f\u043e\u0432'\u044f\u0437\u0430\u043d\u0456 \u0437 \u043d\u0438\u043c\u0438 \u043f\u0435\u0440\u0438\u0444\u0435\u0440\u0456\u0439\u043d\u0456 \u043f\u0440\u0438\u0441\u0442\u0440\u043e\u0457, \u0430 \u0442\u0430\u043a\u043e\u0436 \u043e\u0431\u043b\u0430\u0434\u043d\u0430\u043d\u043d\u044f \u0442\u0435\u043b\u0435\u0432\u0456\u0437\u0456\u0439\u043d\u043e\u0433\u043e \u0456\u043d\u0442\u0435\u0440\u0444\u0435\u0439\u0441\u0443), \u0442\u0430 \u043f\u043e\u0431\u0443\u0442\u043e\u0432\u0435 \u043e\u0431\u043b\u0430\u0434\u043d\u0430\u043d\u043d\u044f \u0406\u0427\u0412, \u0449\u043e \u043f\u0456\u0434\u043b\u044f\u0433\u0430\u0454 \u0441\u0435\u0440\u0442\u0438\u0444\u0456\u043a\u0430\u0446\u0456\u0457 (\u043d\u0430\u043f\u0440\u0438\u043a\u043b\u0430\u0434, \u043c\u0456\u043a\u0440\u043e\u0445\u0432\u0438\u043b\u044c\u043e\u0432\u0456 \u043f\u0435\u0447\u0456, \u0420\u0427-\u043e\u0441\u0432\u0456\u0442\u043b\u0435\u043d\u043d\u044f \u0442\u0430 \u0456\u043d\u0448\u0435 \u043f\u043e\u0431\u0443\u0442\u043e\u0432\u0435 \u043e\u0431\u043b\u0430\u0434\u043d\u0430\u043d\u043d\u044f \u0406\u0427\u0412).<\/p>\n<p>A2: \u041c\u0430\u043b\u043e\u043f\u043e\u0442\u0443\u0436\u043d\u0456 \u043f\u0435\u0440\u0435\u0434\u0430\u0432\u0430\u0447\u0456, \u0449\u043e \u043f\u0440\u0430\u0446\u044e\u044e\u0442\u044c \u043d\u0430 \u0447\u0430\u0441\u0442\u043e\u0442\u0430\u0445 \u043f\u043e\u043d\u0430\u0434 1 \u0413\u0413\u0446, \u0437\u0430 \u0432\u0438\u043d\u044f\u0442\u043a\u043e\u043c \u043f\u0440\u0438\u0441\u0442\u0440\u043e\u0457\u0432 \u0440\u043e\u0437\u0448\u0438\u0440\u0435\u043d\u043e\u0433\u043e \u0441\u043f\u0435\u043a\u0442\u0440\u0430.<\/p>\n<p>A4: \u041d\u0435\u043b\u0456\u0446\u0435\u043d\u0437\u0456\u0439\u043d\u0435 \u043e\u0431\u043b\u0430\u0434\u043d\u0430\u043d\u043d\u044f \u041d\u0430\u0446\u0456\u043e\u043d\u0430\u043b\u044c\u043d\u043e\u0457 \u0456\u043d\u0444\u043e\u0440\u043c\u0430\u0446\u0456\u0439\u043d\u043e\u0457 \u0456\u043d\u0444\u0440\u0430\u0441\u0442\u0440\u0443\u043a\u0442\u0443\u0440\u0438 (UNII) \u0442\u0430 \u043c\u0430\u043b\u043e\u043f\u043e\u0442\u0443\u0436\u043d\u0456 \u043f\u0435\u0440\u0435\u0434\u0430\u0432\u0430\u0447\u0456, \u0449\u043e \u0432\u0438\u043a\u043e\u0440\u0438\u0441\u0442\u043e\u0432\u0443\u044e\u0442\u044c \u0442\u0435\u0445\u043d\u043e\u043b\u043e\u0433\u0456\u0457 \u0440\u043e\u0437\u0448\u0438\u0440\u0435\u043d\u043e\u0433\u043e \u0441\u043f\u0435\u043a\u0442\u0440\u0443.<\/p>\n<p>B: \u041b\u0456\u0446\u0435\u043d\u0437\u043e\u0432\u0430\u043d\u0435 \u0440\u0430\u0434\u0456\u043e\u043e\u0431\u043b\u0430\u0434\u043d\u0430\u043d\u043d\u044f.<\/p>\n<p>B1: \u041a\u043e\u043c\u0435\u0440\u0446\u0456\u0439\u043d\u0456 \u043c\u043e\u0431\u0456\u043b\u044c\u043d\u0456 \u043f\u043e\u0441\u043b\u0443\u0433\u0438 \u0437\u0433\u0456\u0434\u043d\u043e \u0437 47 CFR, \u0447\u0430\u0441\u0442\u0438\u043d\u0438 20, 22 (\u043c\u043e\u0431\u0456\u043b\u044c\u043d\u0456), 24, 25 \u0456 27.<\/p>\n<p>B2: \u0417\u0430\u0433\u0430\u043b\u044c\u043d\u0456 \u043f\u043e\u0441\u043b\u0443\u0433\u0438 \u043c\u043e\u0431\u0456\u043b\u044c\u043d\u043e\u0433\u043e \u0440\u0430\u0434\u0456\u043e\u0437\u0432'\u044f\u0437\u043a\u0443 \u0432 47 \u0447\u0430\u0441\u0442\u0438\u043d\u0430\u0445 22 (\u043d\u0435\u0441\u0442\u0456\u043b\u044c\u043d\u0438\u043a\u043e\u0432\u0456), 73, 74, 90, 95 \u0456 97 CFR.<\/p>\n<p>ICR Poland, \u0447\u0435\u0440\u0435\u0437 \u043b\u0430\u0431\u043e\u0440\u0430\u0442\u043e\u0440\u0456\u044e ICR, \u0437\u0430\u0431\u0435\u0437\u043f\u0435\u0447\u0443\u0454 \u0442\u0435\u0441\u0442\u0443\u0432\u0430\u043d\u043d\u044f \u0442\u0430 \u043f\u043e\u0434\u0430\u043b\u044c\u0448\u0443 \u0441\u0435\u0440\u0442\u0438\u0444\u0456\u043a\u0430\u0446\u0456\u044e, \u0449\u043e \u0432\u0435\u0434\u0435 \u0434\u043e \u043e\u0442\u0440\u0438\u043c\u0430\u043d\u043d\u044f \u0433\u0440\u0430\u043d\u0442\u0443 FCC \u0434\u043b\u044f \u043f\u0440\u043e\u0434\u0443\u043a\u0442\u0456\u0432, \u043d\u0435\u043e\u0431\u0445\u0456\u0434\u043d\u0438\u0445 \u0434\u043b\u044f \u043c\u0430\u0440\u043a\u0435\u0442\u0438\u043d\u0433\u0443 \u0432 \u0421\u0428\u0410.<\/p>\n<p>\u041c\u0438 \u0442\u0430\u043a\u043e\u0436 \u043d\u0430\u0434\u0430\u0454\u043c\u043e \u043f\u0456\u0434\u0442\u0440\u0438\u043c\u043a\u0443 \u0432\u0438\u0440\u043e\u0431\u043d\u0438\u043a\u0430\u043c \u043f\u0456\u0434 \u0447\u0430\u0441 \u0440\u0435\u0454\u0441\u0442\u0440\u0430\u0446\u0456\u0457 \u0432 FCC.<\/p>\n<hr \/>\n<p><img decoding=\"async\" class=\"wp-image-9514 alignleft\" src=\"http:\/\/icr.you2.pl\/wp-content\/uploads\/2023\/04\/ca-flag-300x162.jpg\" alt=\"\" width=\"285\" height=\"154\" srcset=\"https:\/\/icr.you2.pl\/wp-content\/uploads\/2023\/04\/ca-flag-300x162.jpg 300w, https:\/\/icr.you2.pl\/wp-content\/uploads\/2023\/04\/ca-flag-1024x554.jpg 1024w, https:\/\/icr.you2.pl\/wp-content\/uploads\/2023\/04\/ca-flag-768x415.jpg 768w, https:\/\/icr.you2.pl\/wp-content\/uploads\/2023\/04\/ca-flag-1536x830.jpg 1536w, https:\/\/icr.you2.pl\/wp-content\/uploads\/2023\/04\/ca-flag-2048x1107.jpg 2048w, https:\/\/icr.you2.pl\/wp-content\/uploads\/2023\/04\/ca-flag-18x10.jpg 18w\" sizes=\"(max-width: 285px) 100vw, 285px\" \/><\/p>\n<p><strong>ISED<\/strong> - \u041c\u0456\u043d\u0456\u0441\u0442\u0435\u0440\u0441\u0442\u0432\u043e \u0456\u043d\u043d\u043e\u0432\u0430\u0446\u0456\u0439, \u043d\u0430\u0443\u043a\u0438 \u0442\u0430 \u0435\u043a\u043e\u043d\u043e\u043c\u0456\u0447\u043d\u043e\u0433\u043e \u0440\u043e\u0437\u0432\u0438\u0442\u043a\u0443 \u041a\u0430\u043d\u0430\u0434\u0438, \u0414\u0438\u0440\u0435\u043a\u0442\u043e\u0440\u0430\u0442 \u0440\u0435\u0433\u0443\u043b\u044f\u0442\u043e\u0440\u043d\u0438\u0445 \u0441\u0442\u0430\u043d\u0434\u0430\u0440\u0442\u0456\u0432 (DRS) \u0440\u043e\u0437\u0440\u043e\u0431\u043b\u044f\u0454 \u0442\u0435\u0445\u043d\u0456\u0447\u043d\u0456 \u0441\u0442\u0430\u043d\u0434\u0430\u0440\u0442\u0438, \u043f\u0440\u0430\u0432\u0438\u043b\u0430 \u0442\u0430 \u043f\u0440\u043e\u0446\u0435\u0434\u0443\u0440\u0438 \u0434\u043b\u044f \u0440\u0430\u0434\u0456\u043e\u043e\u0431\u043b\u0430\u0434\u043d\u0430\u043d\u043d\u044f, \u0442\u0435\u0440\u043c\u0456\u043d\u0430\u043b\u044c\u043d\u043e\u0433\u043e \u043e\u0431\u043b\u0430\u0434\u043d\u0430\u043d\u043d\u044f \u0442\u0430 \u0456\u043d\u0448\u043e\u0433\u043e \u043e\u0431\u043b\u0430\u0434\u043d\u0430\u043d\u043d\u044f, \u0449\u043e \u0441\u043f\u0440\u0438\u0447\u0438\u043d\u044f\u0454 \u043f\u0435\u0440\u0435\u0448\u043a\u043e\u0434\u0438, \u044f\u043a\u0435 \u0432\u0438\u043a\u043e\u0440\u0438\u0441\u0442\u043e\u0432\u0443\u0454\u0442\u044c\u0441\u044f \u0432 \u041a\u0430\u043d\u0430\u0434\u0456.<\/p>\n<p>ICR \u041f\u043e\u043b\u044c\u0449\u0430, \u0447\u0435\u0440\u0435\u0437 \u043b\u0430\u0431\u043e\u0440\u0430\u0442\u043e\u0440\u0456\u044e ICR, \u0437\u0430\u0431\u0435\u0437\u043f\u0435\u0447\u0443\u0454 \u0442\u0435\u0441\u0442\u0443\u0432\u0430\u043d\u043d\u044f \u0442\u0430 \u043f\u043e\u0434\u0430\u043b\u044c\u0448\u0443 \u0441\u0435\u0440\u0442\u0438\u0444\u0456\u043a\u0430\u0446\u0456\u044e:<\/p>\n<p>- \u0440\u0430\u0434\u0456\u043e\u043e\u0431\u043b\u0430\u0434\u043d\u0430\u043d\u043d\u044f \u0437\u0430 \u0441\u043f\u0435\u0446\u0438\u0444\u0456\u043a\u0430\u0446\u0456\u044f\u043c\u0438 RSS-xxx<\/p>\n<p>- \u043f\u0440\u0438\u0441\u0442\u0440\u043e\u0457, \u0449\u043e \u0441\u043f\u0440\u0438\u0447\u0438\u043d\u044f\u044e\u0442\u044c \u0437\u0430\u0432\u0430\u0434\u0438, \u0432\u0456\u0434\u043f\u043e\u0432\u0456\u0434\u043d\u043e \u0434\u043e \u0441\u043f\u0435\u0446\u0438\u0444\u0456\u043a\u0430\u0446\u0456\u0439 ICES-xxx<\/p>\n<p>\u0414\u043b\u044f \u043e\u0442\u0440\u0438\u043c\u0430\u043d\u043d\u044f \u0434\u043e\u0434\u0430\u0442\u043a\u043e\u0432\u043e\u0457 \u0456\u043d\u0444\u043e\u0440\u043c\u0430\u0446\u0456\u0457, \u0431\u0443\u0434\u044c \u043b\u0430\u0441\u043a\u0430, \u0437\u0432\u0435\u0440\u0442\u0430\u0439\u0442\u0435\u0441\u044f \u0434\u043e <a href=\"call: +48 22 115 70 62\">\u0442\u0435\u043b\u0435\u0444\u043e\u043d<\/a> \u0430\u0431\u043e \u043f\u043e <a href=\"mailto: icrpolska@icrpolska.com\">\u0435\u043b\u0435\u043a\u0442\u0440\u043e\u043d\u043d\u0430 \u043f\u043e\u0448\u0442\u0430<\/a>.<\/p>","protected":false},"excerpt":{"rendered":"<p>FCC - \u0424\u0435\u0434\u0435\u0440\u0430\u043b\u044c\u043d\u0430 \u043a\u043e\u043c\u0456\u0441\u0456\u044f \u0437 \u043f\u0438\u0442\u0430\u043d\u044c \u0437\u0432'\u044f\u0437\u043a\u0443 - \u0432\u0456\u0434\u043f\u043e\u0432\u0456\u0434\u0430\u0454 \u0437\u0430 \u0437\u0430\u0442\u0432\u0435\u0440\u0434\u0436\u0435\u043d\u043d\u044f \u043a\u043e\u043c\u0443\u043d\u0456\u043a\u0430\u0446\u0456\u0439\u043d\u0438\u0445 \u043f\u0440\u0438\u0441\u0442\u0440\u043e\u0457\u0432, \u0442\u0430\u043a\u0438\u0445 \u044f\u043a \u0440\u0430\u0434\u0456\u043e, \u0442\u0435\u043b\u0435\u0431\u0430\u0447\u0435\u043d\u043d\u044f, \u0431\u0435\u0437\u0434\u0440\u043e\u0442\u043e\u0432\u0435 \u043c\u0435\u0440\u0435\u0436\u0435\u0432\u0435 \u043e\u0431\u043b\u0430\u0434\u043d\u0430\u043d\u043d\u044f, \u043f\u0440\u0438\u0441\u0442\u0440\u043e\u0457 \u0441\u0443\u043f\u0443\u0442\u043d\u0438\u043a\u043e\u0432\u043e\u0433\u043e \u0437\u0432'\u044f\u0437\u043a\u0443 \u0434\u043b\u044f \u0432\u0438\u043a\u043e\u0440\u0438\u0441\u0442\u0430\u043d\u043d\u044f \u0432 \u0421\u0428\u0410. FCC \u0440\u043e\u0437\u0440\u043e\u0431\u0438\u043b\u0430 \u043a\u0440\u0438\u0442\u0435\u0440\u0456\u0457, \u044f\u043a\u0456 \u0432\u0438\u0437\u043d\u0430\u0447\u0430\u044e\u0442\u044c, \u0447\u0438 \u043c\u043e\u0436\u0435 \u043f\u0440\u043e\u0434\u0443\u043a\u0442 \u0431\u0443\u0442\u0438 \u043c\u0430\u0440\u043a\u043e\u0432\u0430\u043d\u0438\u0439 FCC \u0456 \u0437\u0430\u0440\u0435\u0454\u0441\u0442\u0440\u043e\u0432\u0430\u043d\u0438\u0439 \u044f\u043a \u0441\u0445\u0432\u0430\u043b\u0435\u043d\u0438\u0439 \u043f\u0440\u043e\u0434\u0443\u043a\u0442. \u0412\u0441\u0435 \u0440\u0430\u0434\u0456\u043e\u043e\u0431\u043b\u0430\u0434\u043d\u0430\u043d\u043d\u044f \u043f\u043e\u0434\u0456\u043b\u044f\u0454\u0442\u044c\u0441\u044f \u043d\u0430 \u043d\u0430\u0441\u0442\u0443\u043f\u043d\u0456 \u0433\u0440\u0443\u043f\u0438: A: \u041d\u0435\u043b\u0456\u0446\u0435\u043d\u0437\u0456\u0439\u043d\u0456 \u0440\u0430\u0434\u0456\u043e\u043f\u0440\u0438\u0441\u0442\u0440\u043e\u0457, \u0432 \u0442\u043e\u043c\u0443 \u0447\u0438\u0441\u043b\u0456.&nbsp;<a href=\"https:\/\/icr.you2.pl\/ua\/fcc\/\" rel=\"bookmark\">\u0427\u0438\u0442\u0430\u0442\u0438 \u0434\u0430\u043b\u0456 \"<span class=\"screen-reader-text\">FCC \/ ISED<\/span><\/a><\/p>","protected":false},"author":1,"featured_media":0,"parent":0,"menu_order":0,"comment_status":"closed","ping_status":"closed","template":"","meta":{"neve_meta_sidebar":"","neve_meta_container":"","neve_meta_enable_content_width":"off","neve_meta_content_width":70,"neve_meta_title_alignment":"","neve_meta_author_avatar":"","neve_post_elements_order":"","neve_meta_disable_header":"","neve_meta_disable_footer":"","neve_meta_disable_title":"","footnotes":""},"class_list":["post-2428","page","type-page","status-publish","hentry"],"yoast_head":"<!-- This site is optimized with the Yoast SEO plugin v26.8 - https:\/\/yoast.com\/product\/yoast-seo-wordpress\/ -->\n<title>FCC \/ ISED - ICR POLSKA - badania i certyfikacja<\/title>\n<meta name=\"robots\" content=\"index, follow, max-snippet:-1, max-image-preview:large, max-video-preview:-1\" \/>\n<link rel=\"canonical\" href=\"https:\/\/icr.you2.pl\/ua\/fcc\/\" \/>\n<meta property=\"og:locale\" content=\"uk_UA\" \/>\n<meta property=\"og:type\" content=\"article\" \/>\n<meta property=\"og:title\" content=\"FCC \/ ISED - ICR POLSKA - badania i certyfikacja\" \/>\n<meta property=\"og:description\" content=\"FCC \u2013 Federal Communications Commission \u2013 zajmuje si\u0119 dopuszczaniem urz\u0105dze\u0144 komunikacyjnych takich jak radio, telewizja, urz\u0105dzenie sieci bezprzewodowej, urz\u0105dzenia komunikacji satelitarnej do u\u017cytkowania na terenie USA. FCC stworzy\u0142a kryteria, kt\u00f3re warunkuj\u0105 mo\u017cliwo\u015b\u0107 oznakowania wyrobu FCC i rejestracji jako wyrobu dopuszczonego do obrotu. Wszystkie urz\u0105dzenie radiowe podzielono na nast\u0119puj\u0105ce grupy: A: Nielicencjonowane urz\u0105dzenia radiowe, w tym&hellip;&nbsp;\u0427\u0438\u0442\u0430\u0442\u0438 \u0434\u0430\u043b\u0456 &raquo;FCC \/ ISED\" \/>\n<meta property=\"og:url\" content=\"https:\/\/icr.you2.pl\/ua\/fcc\/\" \/>\n<meta property=\"og:site_name\" content=\"ICR POLSKA - badania i certyfikacja\" \/>\n<meta property=\"article:modified_time\" content=\"2023-04-04T12:55:37+00:00\" \/>\n<meta property=\"og:image\" content=\"http:\/\/icr.you2.pl\/wp-content\/uploads\/2019\/06\/FCC_New_Logo-300x252.png\" \/>\n<meta name=\"twitter:card\" content=\"summary_large_image\" \/>\n<meta name=\"twitter:label1\" content=\"\u041f\u0440\u0438\u0431\u043b. \u0447\u0430\u0441 \u0447\u0438\u0442\u0430\u043d\u043d\u044f\" \/>\n\t<meta name=\"twitter:data1\" content=\"3 \u0445\u0432\u0438\u043b\u0438\u043d\u0438\" \/>\n<script type=\"application\/ld+json\" class=\"yoast-schema-graph\">{\"@context\":\"https:\/\/schema.org\",\"@graph\":[{\"@type\":\"WebPage\",\"@id\":\"https:\/\/icr.you2.pl\/fcc\/\",\"url\":\"https:\/\/icr.you2.pl\/fcc\/\",\"name\":\"FCC \/ ISED - ICR POLSKA - badania i certyfikacja\",\"isPartOf\":{\"@id\":\"https:\/\/icr.you2.pl\/#website\"},\"primaryImageOfPage\":{\"@id\":\"https:\/\/icr.you2.pl\/fcc\/#primaryimage\"},\"image\":{\"@id\":\"https:\/\/icr.you2.pl\/fcc\/#primaryimage\"},\"thumbnailUrl\":\"http:\/\/icr.you2.pl\/wp-content\/uploads\/2019\/06\/FCC_New_Logo-300x252.png\",\"datePublished\":\"2019-06-03T10:35:18+00:00\",\"dateModified\":\"2023-04-04T12:55:37+00:00\",\"breadcrumb\":{\"@id\":\"https:\/\/icr.you2.pl\/fcc\/#breadcrumb\"},\"inLanguage\":\"uk\",\"potentialAction\":[{\"@type\":\"ReadAction\",\"target\":[\"https:\/\/icr.you2.pl\/fcc\/\"]}]},{\"@type\":\"ImageObject\",\"inLanguage\":\"uk\",\"@id\":\"https:\/\/icr.you2.pl\/fcc\/#primaryimage\",\"url\":\"http:\/\/icr.you2.pl\/wp-content\/uploads\/2019\/06\/FCC_New_Logo-300x252.png\",\"contentUrl\":\"http:\/\/icr.you2.pl\/wp-content\/uploads\/2019\/06\/FCC_New_Logo-300x252.png\"},{\"@type\":\"BreadcrumbList\",\"@id\":\"https:\/\/icr.you2.pl\/fcc\/#breadcrumb\",\"itemListElement\":[{\"@type\":\"ListItem\",\"position\":1,\"name\":\"Strona g\u0142\u00f3wna\",\"item\":\"https:\/\/icr.you2.pl\/\"},{\"@type\":\"ListItem\",\"position\":2,\"name\":\"FCC \/ ISED\"}]},{\"@type\":\"WebSite\",\"@id\":\"https:\/\/icr.you2.pl\/#website\",\"url\":\"https:\/\/icr.you2.pl\/\",\"name\":\"ICR POLSKA - badania i certyfikacja\",\"description\":\"CE certification, CE certificate, ISO certificate, RED testing, product testing and certification, electrical product testing, medical device testing, ATEX, IECEx, FCC, product certification, EMC testing, machinery certification, CE machines, training, electronic product testing, testing 2014\/53\/EU, drone certification, ISO 13485 certificate, ISO 9001 certificate, NC RfG\",\"publisher\":{\"@id\":\"https:\/\/icr.you2.pl\/#\/schema\/person\/944799c9e2f4a94662e3fcb3b1544baf\"},\"potentialAction\":[{\"@type\":\"SearchAction\",\"target\":{\"@type\":\"EntryPoint\",\"urlTemplate\":\"https:\/\/icr.you2.pl\/?s={search_term_string}\"},\"query-input\":{\"@type\":\"PropertyValueSpecification\",\"valueRequired\":true,\"valueName\":\"search_term_string\"}}],\"inLanguage\":\"uk\"},{\"@type\":[\"Person\",\"Organization\"],\"@id\":\"https:\/\/icr.you2.pl\/#\/schema\/person\/944799c9e2f4a94662e3fcb3b1544baf\",\"name\":\"admin\",\"image\":{\"@type\":\"ImageObject\",\"inLanguage\":\"uk\",\"@id\":\"https:\/\/icr.you2.pl\/#\/schema\/person\/image\/\",\"url\":\"https:\/\/icr.you2.pl\/wp-content\/uploads\/2019\/05\/cropped-logo-icr.32f04ad5-1-1.png\",\"contentUrl\":\"https:\/\/icr.you2.pl\/wp-content\/uploads\/2019\/05\/cropped-logo-icr.32f04ad5-1-1.png\",\"width\":400,\"height\":148,\"caption\":\"admin\"},\"logo\":{\"@id\":\"https:\/\/icr.you2.pl\/#\/schema\/person\/image\/\"}}]}<\/script>\n<!-- \/ Yoast SEO plugin. -->","yoast_head_json":{"title":"FCC \/ ISED - ICR POLAND - \u0442\u0435\u0441\u0442\u0443\u0432\u0430\u043d\u043d\u044f \u0442\u0430 \u0441\u0435\u0440\u0442\u0438\u0444\u0456\u043a\u0430\u0446\u0456\u044f","robots":{"index":"index","follow":"follow","max-snippet":"max-snippet:-1","max-image-preview":"max-image-preview:large","max-video-preview":"max-video-preview:-1"},"canonical":"https:\/\/icr.you2.pl\/ua\/fcc\/","og_locale":"uk_UA","og_type":"article","og_title":"FCC \/ ISED - ICR POLSKA - badania i certyfikacja","og_description":"FCC \u2013 Federal Communications Commission \u2013 zajmuje si\u0119 dopuszczaniem urz\u0105dze\u0144 komunikacyjnych takich jak radio, telewizja, urz\u0105dzenie sieci bezprzewodowej, urz\u0105dzenia komunikacji satelitarnej do u\u017cytkowania na terenie USA. FCC stworzy\u0142a kryteria, kt\u00f3re warunkuj\u0105 mo\u017cliwo\u015b\u0107 oznakowania wyrobu FCC i rejestracji jako wyrobu dopuszczonego do obrotu. Wszystkie urz\u0105dzenie radiowe podzielono na nast\u0119puj\u0105ce grupy: A: Nielicencjonowane urz\u0105dzenia radiowe, w tym&hellip;&nbsp;\u0427\u0438\u0442\u0430\u0442\u0438 \u0434\u0430\u043b\u0456 &raquo;FCC \/ ISED","og_url":"https:\/\/icr.you2.pl\/ua\/fcc\/","og_site_name":"ICR POLSKA - badania i certyfikacja","article_modified_time":"2023-04-04T12:55:37+00:00","og_image":[{"url":"http:\/\/icr.you2.pl\/wp-content\/uploads\/2019\/06\/FCC_New_Logo-300x252.png","type":"","width":"","height":""}],"twitter_card":"summary_large_image","twitter_misc":{"\u041f\u0440\u0438\u0431\u043b. \u0447\u0430\u0441 \u0447\u0438\u0442\u0430\u043d\u043d\u044f":"3 \u0445\u0432\u0438\u043b\u0438\u043d\u0438"},"schema":{"@context":"https:\/\/schema.org","@graph":[{"@type":"WebPage","@id":"https:\/\/icr.you2.pl\/fcc\/","url":"https:\/\/icr.you2.pl\/fcc\/","name":"FCC \/ ISED - ICR POLAND - \u0442\u0435\u0441\u0442\u0443\u0432\u0430\u043d\u043d\u044f \u0442\u0430 \u0441\u0435\u0440\u0442\u0438\u0444\u0456\u043a\u0430\u0446\u0456\u044f","isPartOf":{"@id":"https:\/\/icr.you2.pl\/#website"},"primaryImageOfPage":{"@id":"https:\/\/icr.you2.pl\/fcc\/#primaryimage"},"image":{"@id":"https:\/\/icr.you2.pl\/fcc\/#primaryimage"},"thumbnailUrl":"http:\/\/icr.you2.pl\/wp-content\/uploads\/2019\/06\/FCC_New_Logo-300x252.png","datePublished":"2019-06-03T10:35:18+00:00","dateModified":"2023-04-04T12:55:37+00:00","breadcrumb":{"@id":"https:\/\/icr.you2.pl\/fcc\/#breadcrumb"},"inLanguage":"uk","potentialAction":[{"@type":"ReadAction","target":["https:\/\/icr.you2.pl\/fcc\/"]}]},{"@type":"ImageObject","inLanguage":"uk","@id":"https:\/\/icr.you2.pl\/fcc\/#primaryimage","url":"http:\/\/icr.you2.pl\/wp-content\/uploads\/2019\/06\/FCC_New_Logo-300x252.png","contentUrl":"http:\/\/icr.you2.pl\/wp-content\/uploads\/2019\/06\/FCC_New_Logo-300x252.png"},{"@type":"BreadcrumbList","@id":"https:\/\/icr.you2.pl\/fcc\/#breadcrumb","itemListElement":[{"@type":"ListItem","position":1,"name":"Strona g\u0142\u00f3wna","item":"https:\/\/icr.you2.pl\/"},{"@type":"ListItem","position":2,"name":"FCC \/ ISED"}]},{"@type":"WebSite","@id":"https:\/\/icr.you2.pl\/#website","url":"https:\/\/icr.you2.pl\/","name":"ICR POLAND - \u0442\u0435\u0441\u0442\u0443\u0432\u0430\u043d\u043d\u044f \u0442\u0430 \u0441\u0435\u0440\u0442\u0438\u0444\u0456\u043a\u0430\u0446\u0456\u044f","description":"\u0421\u0435\u0440\u0442\u0438\u0444\u0456\u043a\u0430\u0446\u0456\u044f CE, \u0441\u0435\u0440\u0442\u0438\u0444\u0456\u043a\u0430\u0442 CE, \u0441\u0435\u0440\u0442\u0438\u0444\u0456\u043a\u0430\u0442 ISO, \u0432\u0438\u043f\u0440\u043e\u0431\u0443\u0432\u0430\u043d\u043d\u044f RED, \u0432\u0438\u043f\u0440\u043e\u0431\u0443\u0432\u0430\u043d\u043d\u044f \u0442\u0430 \u0441\u0435\u0440\u0442\u0438\u0444\u0456\u043a\u0430\u0446\u0456\u044f \u043f\u0440\u043e\u0434\u0443\u043a\u0446\u0456\u0457, \u0432\u0438\u043f\u0440\u043e\u0431\u0443\u0432\u0430\u043d\u043d\u044f \u0435\u043b\u0435\u043a\u0442\u0440\u043e\u0442\u0435\u0445\u043d\u0456\u0447\u043d\u0438\u0445 \u0432\u0438\u0440\u043e\u0431\u0456\u0432, \u0432\u0438\u043f\u0440\u043e\u0431\u0443\u0432\u0430\u043d\u043d\u044f \u043c\u0435\u0434\u0438\u0447\u043d\u0438\u0445 \u0432\u0438\u0440\u043e\u0431\u0456\u0432, ATEX, IECEx, FCC, \u0441\u0435\u0440\u0442\u0438\u0444\u0456\u043a\u0430\u0446\u0456\u044f \u043f\u0440\u043e\u0434\u0443\u043a\u0446\u0456\u0457, \u0432\u0438\u043f\u0440\u043e\u0431\u0443\u0432\u0430\u043d\u043d\u044f \u0415\u041c\u0421, \u0441\u0435\u0440\u0442\u0438\u0444\u0456\u043a\u0430\u0446\u0456\u044f \u043c\u0430\u0448\u0438\u043d, \u043c\u0430\u0448\u0438\u043d\u0438 CE, \u043d\u0430\u0432\u0447\u0430\u043d\u043d\u044f, \u0432\u0438\u043f\u0440\u043e\u0431\u0443\u0432\u0430\u043d\u043d\u044f \u0435\u043b\u0435\u043a\u0442\u0440\u043e\u043d\u043d\u043e\u0457 \u043f\u0440\u043e\u0434\u0443\u043a\u0446\u0456\u0457, \u0432\u0438\u043f\u0440\u043e\u0431\u0443\u0432\u0430\u043d\u043d\u044f 2014\/53\/EU, \u0441\u0435\u0440\u0442\u0438\u0444\u0456\u043a\u0430\u0446\u0456\u044f \u0431\u0435\u0437\u043f\u0456\u043b\u043e\u0442\u043d\u0438\u043a\u0456\u0432, \u0441\u0435\u0440\u0442\u0438\u0444\u0456\u043a\u0430\u0442 ISO 13485, \u0441\u0435\u0440\u0442\u0438\u0444\u0456\u043a\u0430\u0442 ISO 9001, NC RfG","publisher":{"@id":"https:\/\/icr.you2.pl\/#\/schema\/person\/944799c9e2f4a94662e3fcb3b1544baf"},"potentialAction":[{"@type":"SearchAction","target":{"@type":"EntryPoint","urlTemplate":"https:\/\/icr.you2.pl\/?s={search_term_string}"},"query-input":{"@type":"PropertyValueSpecification","valueRequired":true,"valueName":"search_term_string"}}],"inLanguage":"uk"},{"@type":["Person","Organization"],"@id":"https:\/\/icr.you2.pl\/#\/schema\/person\/944799c9e2f4a94662e3fcb3b1544baf","name":"\u0430\u0434\u043c\u0456\u043d\u0456\u0441\u0442\u0440\u0430\u0442\u043e\u0440","image":{"@type":"ImageObject","inLanguage":"uk","@id":"https:\/\/icr.you2.pl\/#\/schema\/person\/image\/","url":"https:\/\/icr.you2.pl\/wp-content\/uploads\/2019\/05\/cropped-logo-icr.32f04ad5-1-1.png","contentUrl":"https:\/\/icr.you2.pl\/wp-content\/uploads\/2019\/05\/cropped-logo-icr.32f04ad5-1-1.png","width":400,"height":148,"caption":"admin"},"logo":{"@id":"https:\/\/icr.you2.pl\/#\/schema\/person\/image\/"}}]}},"_links":{"self":[{"href":"https:\/\/icr.you2.pl\/ua\/wp-json\/wp\/v2\/pages\/2428","targetHints":{"allow":["GET"]}}],"collection":[{"href":"https:\/\/icr.you2.pl\/ua\/wp-json\/wp\/v2\/pages"}],"about":[{"href":"https:\/\/icr.you2.pl\/ua\/wp-json\/wp\/v2\/types\/page"}],"author":[{"embeddable":true,"href":"https:\/\/icr.you2.pl\/ua\/wp-json\/wp\/v2\/users\/1"}],"replies":[{"embeddable":true,"href":"https:\/\/icr.you2.pl\/ua\/wp-json\/wp\/v2\/comments?post=2428"}],"version-history":[{"count":0,"href":"https:\/\/icr.you2.pl\/ua\/wp-json\/wp\/v2\/pages\/2428\/revisions"}],"wp:attachment":[{"href":"https:\/\/icr.you2.pl\/ua\/wp-json\/wp\/v2\/media?parent=2428"}],"curies":[{"name":"wp","href":"https:\/\/api.w.org\/{rel}","templated":true}]}}