{"id":3437,"date":"2019-09-03T13:20:11","date_gmt":"2019-09-03T11:20:11","guid":{"rendered":"http:\/\/icrpolska.com\/?page_id=3437"},"modified":"2022-07-20T15:02:09","modified_gmt":"2022-07-20T13:02:09","slug":"energystar","status":"publish","type":"page","link":"https:\/\/icr.you2.pl\/ua\/energystar\/","title":{"rendered":"EnergyStar"},"content":{"rendered":"<p><img decoding=\"async\" class=\"alignleft\" src=\"http:\/\/icr.you2.pl\/wp-content\/uploads\/2019\/09\/EnergyStar.jpg\" alt=\"Energy Star\" width=\"156\" height=\"158\" \/>Energy Star - \u0446\u0435 \u043c\u0456\u0436\u043d\u0430\u0440\u043e\u0434\u043d\u0430 \u043f\u0440\u043e\u0433\u0440\u0430\u043c\u0430, \u043f\u043e\u043a\u043b\u0438\u043a\u0430\u043d\u0430 \u0441\u043f\u0440\u0438\u044f\u0442\u0438 \u043f\u0440\u043e\u0441\u0443\u0432\u0430\u043d\u043d\u044e \u0435\u043d\u0435\u0440\u0433\u043e\u0435\u0444\u0435\u043a\u0442\u0438\u0432\u043d\u043e\u0457 \u043f\u0440\u043e\u0434\u0443\u043a\u0446\u0456\u0457 \u0442\u0430 \u0437\u043c\u0435\u043d\u0448\u0435\u043d\u043d\u044e \u0432\u0438\u043a\u0438\u0434\u0456\u0432 \u043f\u0430\u0440\u043d\u0438\u043a\u043e\u0432\u0438\u0445 \u0433\u0430\u0437\u0456\u0432. \u041f\u0440\u043e\u0434\u0443\u043a\u0446\u0456\u044f, \u0449\u043e \u0432\u0456\u0434\u043f\u043e\u0432\u0456\u0434\u0430\u0454 \u0432\u0438\u043c\u043e\u0433\u0430\u043c \u043f\u0440\u043e\u0433\u0440\u0430\u043c\u0438, \u043c\u0430\u0440\u043a\u0443\u0454\u0442\u044c\u0441\u044f \u0441\u043f\u0435\u0446\u0456\u0430\u043b\u044c\u043d\u0438\u043c \u0437\u043d\u0430\u043a\u043e\u043c.<\/p>\n<p>Energy Star \u0431\u0443\u043b\u0430 \u0437\u0430\u043f\u043e\u0447\u0430\u0442\u043a\u043e\u0432\u0430\u043d\u0430 \u0443 1992 \u0440\u043e\u0446\u0456 \u0434\u0432\u043e\u043c\u0430 \u0443\u0441\u0442\u0430\u043d\u043e\u0432\u0430\u043c\u0438: \u0410\u0433\u0435\u043d\u0442\u0441\u0442\u0432\u043e\u043c \u0437 \u043e\u0445\u043e\u0440\u043e\u043d\u0438 \u043d\u0430\u0432\u043a\u043e\u043b\u0438\u0448\u043d\u044c\u043e\u0433\u043e \u0441\u0435\u0440\u0435\u0434\u043e\u0432\u0438\u0449\u0430 \u0421\u0428\u0410 (EPA \u0430\u0431\u043e USEPA) \u0442\u0430 \u041c\u0456\u043d\u0456\u0441\u0442\u0435\u0440\u0441\u0442\u0432\u043e\u043c \u0435\u043d\u0435\u0440\u0433\u0435\u0442\u0438\u043a\u0438 \u0421\u0428\u0410 (DOE).<\/p>\n<p>\u0422\u0435\u043f\u0435\u0440 - \u0437 1 \u043b\u0438\u043f\u043d\u044f 2009 \u0440\u043e\u043a\u0443 - \u0437\u0430\u0441\u0442\u043e\u0441\u043e\u0432\u0443\u0454\u0442\u044c\u0441\u044f \u0441\u0442\u0430\u043d\u0434\u0430\u0440\u0442 Energy Star 5.0.<\/p>\n<p>\u0417\u0430\u043f\u043e\u0447\u0430\u0442\u043a\u043e\u0432\u0430\u043d\u0430 \u044f\u043a \u043f\u0440\u043e\u0433\u0440\u0430\u043c\u0430 \u0434\u043e\u0431\u0440\u043e\u0432\u0456\u043b\u044c\u043d\u043e\u0433\u043e \u043c\u0430\u0440\u043a\u0443\u0432\u0430\u043d\u043d\u044f \u0437 \u043c\u0435\u0442\u043e\u044e \u0456\u0434\u0435\u043d\u0442\u0438\u0444\u0456\u043a\u0430\u0446\u0456\u0457 \u0442\u0430 \u043f\u0440\u043e\u0441\u0443\u0432\u0430\u043d\u043d\u044f \u0435\u043d\u0435\u0440\u0433\u043e\u0435\u0444\u0435\u043a\u0442\u0438\u0432\u043d\u0438\u0445 \u043f\u0440\u043e\u0434\u0443\u043a\u0442\u0456\u0432, Energy Star \u043f\u043e\u0447\u0438\u043d\u0430\u043b\u0430\u0441\u044f \u0437 \u0435\u0442\u0438\u043a\u0435\u0442\u043e\u043a \u0434\u043b\u044f \u043a\u043e\u043c\u043f'\u044e\u0442\u0435\u0440\u0456\u0432 \u0442\u0430 \u043f\u0440\u0438\u043d\u0442\u0435\u0440\u0456\u0432. \u0423 1995\u0440. \u043f\u0440\u043e\u0433\u0440\u0430\u043c\u0443 \u0431\u0443\u043b\u043e \u0437\u043d\u0430\u0447\u043d\u043e \u0440\u043e\u0437\u0448\u0438\u0440\u0435\u043d\u043e, \u0437'\u044f\u0432\u0438\u043b\u0438\u0441\u044f \u0435\u0442\u0438\u043a\u0435\u0442\u043a\u0438 \u0434\u043b\u044f \u043f\u043e\u0431\u0443\u0442\u043e\u0432\u0438\u0445 \u0441\u0438\u0441\u0442\u0435\u043c \u043e\u043f\u0430\u043b\u0435\u043d\u043d\u044f \u0442\u0430 \u043a\u043e\u043d\u0434\u0438\u0446\u0456\u043e\u043d\u0443\u0432\u0430\u043d\u043d\u044f \u043f\u043e\u0432\u0456\u0442\u0440\u044f.<\/p>\n<p>\u0415\u043b\u0435\u043c\u0435\u043d\u0442\u0438 \u043f\u0440\u043e\u0433\u0440\u0430\u043c\u0438 Energy Star \u0431\u0443\u043b\u0438 \u043f\u0440\u0438\u0439\u043d\u044f\u0442\u0456 \u043d\u0430 \u0454\u0434\u0438\u043d\u043e\u043c\u0443 \u0454\u0432\u0440\u043e\u043f\u0435\u0439\u0441\u044c\u043a\u043e\u043c\u0443 \u0440\u0438\u043d\u043a\u0443, \u0430 \u0442\u0430\u043a\u043e\u0436 \u0443 \u041a\u0430\u043d\u0430\u0434\u0456, \u0421\u0428\u0410, \u0410\u0432\u0441\u0442\u0440\u0430\u043b\u0456\u0457, \u042f\u043f\u043e\u043d\u0456\u0457 \u0442\u0430 \u0422\u0430\u0439\u0432\u0430\u043d\u0456.<\/p>\n<p>\u0421\u043f\u0435\u0446\u0438\u0444\u0456\u043a\u0430\u0446\u0456\u0457 Energy Star \u0434\u043b\u044f \u043e\u043a\u0440\u0435\u043c\u0438\u0445 \u043f\u0440\u043e\u0434\u0443\u043a\u0442\u0456\u0432 \u0432\u0441\u0442\u0430\u043d\u043e\u0432\u043b\u044e\u044e\u0442\u044c\u0441\u044f \u0410\u0433\u0435\u043d\u0442\u0441\u0442\u0432\u043e\u043c \u0437 \u043e\u0445\u043e\u0440\u043e\u043d\u0438 \u043d\u0430\u0432\u043a\u043e\u043b\u0438\u0448\u043d\u044c\u043e\u0433\u043e \u0441\u0435\u0440\u0435\u0434\u043e\u0432\u0438\u0449\u0430 \u0456 \u0432\u043a\u043b\u044e\u0447\u0430\u044e\u0442\u044c \u0432 \u0441\u0435\u0431\u0435<\/p>\n<ul>\n<li style=\"list-style-type: none;\">\n<ul>\n<li>\u043a\u043e\u043c\u043f'\u044e\u0442\u0435\u0440\u0438<\/li>\n<li>\u0441\u0435\u0440\u0432\u0435\u0440\u0438<\/li>\n<li>\u043f\u0435\u0440\u0438\u0444\u0435\u0440\u0456\u0439\u043d\u0435 \u043e\u0431\u043b\u0430\u0434\u043d\u0430\u043d\u043d\u044f<\/li>\n<li>\u043f\u0440\u043e\u0434\u0443\u043a\u0442\u0438 \u0442\u0430 \u0441\u0438\u0441\u0442\u0435\u043c\u0438 \u043e\u043f\u0430\u043b\u0435\u043d\u043d\u044f, \u043e\u0445\u043e\u043b\u043e\u0434\u0436\u0435\u043d\u043d\u044f \u0442\u0430 \u043a\u043e\u043d\u0434\u0438\u0446\u0456\u043e\u043d\u0443\u0432\u0430\u043d\u043d\u044f \u043f\u043e\u0432\u0456\u0442\u0440\u044f<\/li>\n<li>\u0434\u043e\u043c\u0430\u0448\u043d\u044f \u0435\u043b\u0435\u043a\u0442\u0440\u043e\u043d\u0456\u043a\u0430<\/li>\n<li>\u043e\u0431\u043b\u0430\u0434\u043d\u0430\u043d\u043d\u044f \u0434\u043b\u044f \u0432\u0456\u0437\u0443\u0430\u043b\u0456\u0437\u0430\u0446\u0456\u0457 (\u0442\u0435\u043b\u0435\u0432\u0456\u0437\u043e\u0440\u0438, \u043f\u0440\u043e\u0435\u043a\u0442\u043e\u0440\u0438)<\/li>\n<li>\u043e\u0441\u0432\u0456\u0442\u043b\u0435\u043d\u043d\u044f<\/li>\n<li>\u043d\u043e\u0432\u0456 \u0431\u0443\u0434\u0438\u043d\u043a\u0438<\/li>\n<\/ul>\n<\/li>\n<\/ul>\n<p>\u0429\u043e\u0440\u043e\u043a\u0443 EPA \u043f\u0440\u043e\u0432\u043e\u0434\u0438\u0442\u044c \u043e\u0446\u0456\u043d\u043a\u0443 \u0435\u043d\u0435\u0440\u0433\u043e\u0435\u0444\u0435\u043a\u0442\u0438\u0432\u043d\u043e\u0441\u0442\u0456 \u043f\u043e \u0432\u0441\u044c\u043e\u043c\u0443 \u0441\u0432\u0456\u0442\u0443:<br \/>\n- \u0431\u0443\u0434\u0456\u0432\u043b\u0456<br \/>\n- \u043f\u0440\u043e\u043c\u0438\u0441\u043b\u043e\u0432\u0456 \u043e\u0431'\u0454\u043a\u0442\u0438<\/p>\n<p>\u0417\u0432\u0456\u0442\u0438 \u0434\u043e\u0441\u0442\u0443\u043f\u043d\u0456 \u043d\u0430 \u0441\u0430\u0439\u0442\u0456 Energy Star<\/p>\n<p>ICR Polska \u043d\u0430\u0434\u0430\u0454 \u0432\u0441\u0435\u0431\u0456\u0447\u043d\u0443 \u0434\u043e\u043f\u043e\u043c\u043e\u0433\u0443 \u0443 \u043f\u0456\u0434\u0433\u043e\u0442\u043e\u0432\u0446\u0456 \u043f\u0440\u043e\u0434\u0443\u043a\u0446\u0456\u0457 \u0434\u043e \u0432\u0456\u0434\u043f\u043e\u0432\u0456\u0434\u043d\u043e\u0441\u0442\u0456 \u0441\u043f\u0435\u0446\u0438\u0444\u0456\u043a\u0430\u0446\u0456\u0457 Energy Star, \u0432 \u043f\u0435\u0440\u0448\u0443 \u0447\u0435\u0440\u0433\u0443, \u0443 \u043f\u0440\u043e\u0432\u0435\u0434\u0435\u043d\u043d\u0456 \u0442\u0435\u0441\u0442\u0443\u0432\u0430\u043d\u043d\u044f \u0442\u0430 \u0441\u0435\u0440\u0442\u0438\u0444\u0456\u043a\u0430\u0446\u0456\u0457.<\/p>\n<p><strong>Energy Star - \u0446\u0435 \u043f\u0440\u043e\u0441\u0442\u0438\u0439 \u0432\u0438\u0431\u0456\u0440 \u0434\u043b\u044f \u0435\u043d\u0435\u0440\u0433\u043e\u0435\u0444\u0435\u043a\u0442\u0438\u0432\u043d\u043e\u0441\u0442\u0456.<\/strong><\/p>","protected":false},"excerpt":{"rendered":"<p>Energy Star - \u0446\u0435 \u043c\u0456\u0436\u043d\u0430\u0440\u043e\u0434\u043d\u0430 \u043f\u0440\u043e\u0433\u0440\u0430\u043c\u0430, \u043f\u043e\u043a\u043b\u0438\u043a\u0430\u043d\u0430 \u0441\u043f\u0440\u0438\u044f\u0442\u0438 \u043f\u0440\u043e\u0441\u0443\u0432\u0430\u043d\u043d\u044e \u0435\u043d\u0435\u0440\u0433\u043e\u0435\u0444\u0435\u043a\u0442\u0438\u0432\u043d\u043e\u0457 \u043f\u0440\u043e\u0434\u0443\u043a\u0446\u0456\u0457 \u0442\u0430 \u0437\u043c\u0435\u043d\u0448\u0435\u043d\u043d\u044e \u0432\u0438\u043a\u0438\u0434\u0456\u0432 \u043f\u0430\u0440\u043d\u0438\u043a\u043e\u0432\u0438\u0445 \u0433\u0430\u0437\u0456\u0432. \u041f\u0440\u043e\u0434\u0443\u043a\u0446\u0456\u044f, \u0449\u043e \u0432\u0456\u0434\u043f\u043e\u0432\u0456\u0434\u0430\u0454 \u0432\u0438\u043c\u043e\u0433\u0430\u043c \u043f\u0440\u043e\u0433\u0440\u0430\u043c\u0438, \u043c\u0430\u0440\u043a\u0443\u0454\u0442\u044c\u0441\u044f \u0441\u043f\u0435\u0446\u0456\u0430\u043b\u044c\u043d\u0438\u043c \u0437\u043d\u0430\u043a\u043e\u043c. Energy Star \u0431\u0443\u043b\u0430 \u0437\u0430\u043f\u043e\u0447\u0430\u0442\u043a\u043e\u0432\u0430\u043d\u0430 \u0443 1992 \u0440\u043e\u0446\u0456 \u0434\u0432\u043e\u043c\u0430 \u0443\u0441\u0442\u0430\u043d\u043e\u0432\u0430\u043c\u0438: \u0410\u0433\u0435\u043d\u0442\u0441\u0442\u0432\u043e\u043c \u0437 \u043e\u0445\u043e\u0440\u043e\u043d\u0438 \u043d\u0430\u0432\u043a\u043e\u043b\u0438\u0448\u043d\u044c\u043e\u0433\u043e \u0441\u0435\u0440\u0435\u0434\u043e\u0432\u0438\u0449\u0430 \u0421\u0428\u0410 (EPA \u0430\u0431\u043e USEPA) \u0442\u0430 \u041c\u0456\u043d\u0456\u0441\u0442\u0435\u0440\u0441\u0442\u0432\u043e\u043c \u0435\u043d\u0435\u0440\u0433\u0435\u0442\u0438\u043a\u0438 \u0421\u0428\u0410 (United States Department of...&nbsp;<a href=\"https:\/\/icr.you2.pl\/ua\/energystar\/\" rel=\"bookmark\">\u0427\u0438\u0442\u0430\u0442\u0438 \u0434\u0430\u043b\u0456 \"<span class=\"screen-reader-text\">EnergyStar<\/span><\/a><\/p>","protected":false},"author":2,"featured_media":0,"parent":0,"menu_order":0,"comment_status":"closed","ping_status":"closed","template":"","meta":{"neve_meta_sidebar":"","neve_meta_container":"","neve_meta_enable_content_width":"off","neve_meta_content_width":70,"neve_meta_title_alignment":"","neve_meta_author_avatar":"","neve_post_elements_order":"","neve_meta_disable_header":"","neve_meta_disable_footer":"","neve_meta_disable_title":"","footnotes":""},"class_list":["post-3437","page","type-page","status-publish","hentry"],"yoast_head":"<!-- This site is optimized with the Yoast SEO plugin v26.8 - https:\/\/yoast.com\/product\/yoast-seo-wordpress\/ -->\n<title>EnergyStar - ICR POLSKA - badania i certyfikacja<\/title>\n<meta name=\"robots\" content=\"index, follow, max-snippet:-1, max-image-preview:large, max-video-preview:-1\" \/>\n<link rel=\"canonical\" href=\"https:\/\/icr.you2.pl\/ua\/energystar\/\" \/>\n<meta property=\"og:locale\" content=\"uk_UA\" \/>\n<meta property=\"og:type\" content=\"article\" \/>\n<meta property=\"og:title\" content=\"EnergyStar - ICR POLSKA - badania i certyfikacja\" \/>\n<meta property=\"og:description\" content=\"Energy Star to mi\u0119dzynarodowy program maj\u0105cy na celu promowanie produkt\u00f3w energooszcz\u0119dnych i zmniejszenie wydzielania gaz\u00f3w b\u0119d\u0105cych przyczyn\u0105 efektu cieplarnianego. Wyroby spe\u0142niaj\u0105ce wymagania programu s\u0105 oznakowane specjaln\u0105 etykiet\u0105. Energy Star zainicjowa\u0142y w 1992 roku dwie instytucje: Ameryka\u0144ska Agencja Ochrony \u015arodowiska (Environmental Protection Agency &#8211; EPA lub USEPA) oraz Departament Energii Stan\u00f3w Zjednoczonych (United States Department of&hellip;&nbsp;\u0427\u0438\u0442\u0430\u0442\u0438 \u0434\u0430\u043b\u0456 &raquo;EnergyStar\" \/>\n<meta property=\"og:url\" content=\"https:\/\/icr.you2.pl\/ua\/energystar\/\" \/>\n<meta property=\"og:site_name\" content=\"ICR POLSKA - badania i certyfikacja\" \/>\n<meta property=\"article:modified_time\" content=\"2022-07-20T13:02:09+00:00\" \/>\n<meta property=\"og:image\" content=\"http:\/\/icr.you2.pl\/wp-content\/uploads\/2019\/09\/EnergyStar.jpg\" \/>\n<meta name=\"twitter:card\" content=\"summary_large_image\" \/>\n<meta name=\"twitter:label1\" content=\"\u041f\u0440\u0438\u0431\u043b. \u0447\u0430\u0441 \u0447\u0438\u0442\u0430\u043d\u043d\u044f\" \/>\n\t<meta name=\"twitter:data1\" content=\"2 \u0445\u0432\u0438\u043b\u0438\u043d\u0438\" \/>\n<script type=\"application\/ld+json\" class=\"yoast-schema-graph\">{\"@context\":\"https:\/\/schema.org\",\"@graph\":[{\"@type\":\"WebPage\",\"@id\":\"https:\/\/icr.you2.pl\/energystar\/\",\"url\":\"https:\/\/icr.you2.pl\/energystar\/\",\"name\":\"EnergyStar - ICR POLSKA - badania i certyfikacja\",\"isPartOf\":{\"@id\":\"https:\/\/icr.you2.pl\/#website\"},\"primaryImageOfPage\":{\"@id\":\"https:\/\/icr.you2.pl\/energystar\/#primaryimage\"},\"image\":{\"@id\":\"https:\/\/icr.you2.pl\/energystar\/#primaryimage\"},\"thumbnailUrl\":\"http:\/\/icr.you2.pl\/wp-content\/uploads\/2019\/09\/EnergyStar.jpg\",\"datePublished\":\"2019-09-03T11:20:11+00:00\",\"dateModified\":\"2022-07-20T13:02:09+00:00\",\"breadcrumb\":{\"@id\":\"https:\/\/icr.you2.pl\/energystar\/#breadcrumb\"},\"inLanguage\":\"uk\",\"potentialAction\":[{\"@type\":\"ReadAction\",\"target\":[\"https:\/\/icr.you2.pl\/energystar\/\"]}]},{\"@type\":\"ImageObject\",\"inLanguage\":\"uk\",\"@id\":\"https:\/\/icr.you2.pl\/energystar\/#primaryimage\",\"url\":\"http:\/\/icr.you2.pl\/wp-content\/uploads\/2019\/09\/EnergyStar.jpg\",\"contentUrl\":\"http:\/\/icr.you2.pl\/wp-content\/uploads\/2019\/09\/EnergyStar.jpg\"},{\"@type\":\"BreadcrumbList\",\"@id\":\"https:\/\/icr.you2.pl\/energystar\/#breadcrumb\",\"itemListElement\":[{\"@type\":\"ListItem\",\"position\":1,\"name\":\"Strona g\u0142\u00f3wna\",\"item\":\"https:\/\/icr.you2.pl\/\"},{\"@type\":\"ListItem\",\"position\":2,\"name\":\"EnergyStar\"}]},{\"@type\":\"WebSite\",\"@id\":\"https:\/\/icr.you2.pl\/#website\",\"url\":\"https:\/\/icr.you2.pl\/\",\"name\":\"ICR POLSKA - badania i certyfikacja\",\"description\":\"CE certification, CE certificate, ISO certificate, RED testing, product testing and certification, electrical product testing, medical device testing, ATEX, IECEx, FCC, product certification, EMC testing, machinery certification, CE machines, training, electronic product testing, testing 2014\/53\/EU, drone certification, ISO 13485 certificate, ISO 9001 certificate, NC RfG\",\"publisher\":{\"@id\":\"https:\/\/icr.you2.pl\/#\/schema\/person\/944799c9e2f4a94662e3fcb3b1544baf\"},\"potentialAction\":[{\"@type\":\"SearchAction\",\"target\":{\"@type\":\"EntryPoint\",\"urlTemplate\":\"https:\/\/icr.you2.pl\/?s={search_term_string}\"},\"query-input\":{\"@type\":\"PropertyValueSpecification\",\"valueRequired\":true,\"valueName\":\"search_term_string\"}}],\"inLanguage\":\"uk\"},{\"@type\":[\"Person\",\"Organization\"],\"@id\":\"https:\/\/icr.you2.pl\/#\/schema\/person\/944799c9e2f4a94662e3fcb3b1544baf\",\"name\":\"admin\",\"image\":{\"@type\":\"ImageObject\",\"inLanguage\":\"uk\",\"@id\":\"https:\/\/icr.you2.pl\/#\/schema\/person\/image\/\",\"url\":\"https:\/\/icr.you2.pl\/wp-content\/uploads\/2019\/05\/cropped-logo-icr.32f04ad5-1-1.png\",\"contentUrl\":\"https:\/\/icr.you2.pl\/wp-content\/uploads\/2019\/05\/cropped-logo-icr.32f04ad5-1-1.png\",\"width\":400,\"height\":148,\"caption\":\"admin\"},\"logo\":{\"@id\":\"https:\/\/icr.you2.pl\/#\/schema\/person\/image\/\"}}]}<\/script>\n<!-- \/ Yoast SEO plugin. -->","yoast_head_json":{"title":"EnergyStar - ICR POLAND - \u0442\u0435\u0441\u0442\u0443\u0432\u0430\u043d\u043d\u044f \u0442\u0430 \u0441\u0435\u0440\u0442\u0438\u0444\u0456\u043a\u0430\u0446\u0456\u044f","robots":{"index":"index","follow":"follow","max-snippet":"max-snippet:-1","max-image-preview":"max-image-preview:large","max-video-preview":"max-video-preview:-1"},"canonical":"https:\/\/icr.you2.pl\/ua\/energystar\/","og_locale":"uk_UA","og_type":"article","og_title":"EnergyStar - ICR POLSKA - badania i certyfikacja","og_description":"Energy Star to mi\u0119dzynarodowy program maj\u0105cy na celu promowanie produkt\u00f3w energooszcz\u0119dnych i zmniejszenie wydzielania gaz\u00f3w b\u0119d\u0105cych przyczyn\u0105 efektu cieplarnianego. Wyroby spe\u0142niaj\u0105ce wymagania programu s\u0105 oznakowane specjaln\u0105 etykiet\u0105. Energy Star zainicjowa\u0142y w 1992 roku dwie instytucje: Ameryka\u0144ska Agencja Ochrony \u015arodowiska (Environmental Protection Agency &#8211; EPA lub USEPA) oraz Departament Energii Stan\u00f3w Zjednoczonych (United States Department of&hellip;&nbsp;\u0427\u0438\u0442\u0430\u0442\u0438 \u0434\u0430\u043b\u0456 &raquo;EnergyStar","og_url":"https:\/\/icr.you2.pl\/ua\/energystar\/","og_site_name":"ICR POLSKA - badania i certyfikacja","article_modified_time":"2022-07-20T13:02:09+00:00","og_image":[{"url":"http:\/\/icr.you2.pl\/wp-content\/uploads\/2019\/09\/EnergyStar.jpg","type":"","width":"","height":""}],"twitter_card":"summary_large_image","twitter_misc":{"\u041f\u0440\u0438\u0431\u043b. \u0447\u0430\u0441 \u0447\u0438\u0442\u0430\u043d\u043d\u044f":"2 \u0445\u0432\u0438\u043b\u0438\u043d\u0438"},"schema":{"@context":"https:\/\/schema.org","@graph":[{"@type":"WebPage","@id":"https:\/\/icr.you2.pl\/energystar\/","url":"https:\/\/icr.you2.pl\/energystar\/","name":"EnergyStar - ICR POLAND - \u0442\u0435\u0441\u0442\u0443\u0432\u0430\u043d\u043d\u044f \u0442\u0430 \u0441\u0435\u0440\u0442\u0438\u0444\u0456\u043a\u0430\u0446\u0456\u044f","isPartOf":{"@id":"https:\/\/icr.you2.pl\/#website"},"primaryImageOfPage":{"@id":"https:\/\/icr.you2.pl\/energystar\/#primaryimage"},"image":{"@id":"https:\/\/icr.you2.pl\/energystar\/#primaryimage"},"thumbnailUrl":"http:\/\/icr.you2.pl\/wp-content\/uploads\/2019\/09\/EnergyStar.jpg","datePublished":"2019-09-03T11:20:11+00:00","dateModified":"2022-07-20T13:02:09+00:00","breadcrumb":{"@id":"https:\/\/icr.you2.pl\/energystar\/#breadcrumb"},"inLanguage":"uk","potentialAction":[{"@type":"ReadAction","target":["https:\/\/icr.you2.pl\/energystar\/"]}]},{"@type":"ImageObject","inLanguage":"uk","@id":"https:\/\/icr.you2.pl\/energystar\/#primaryimage","url":"http:\/\/icr.you2.pl\/wp-content\/uploads\/2019\/09\/EnergyStar.jpg","contentUrl":"http:\/\/icr.you2.pl\/wp-content\/uploads\/2019\/09\/EnergyStar.jpg"},{"@type":"BreadcrumbList","@id":"https:\/\/icr.you2.pl\/energystar\/#breadcrumb","itemListElement":[{"@type":"ListItem","position":1,"name":"Strona g\u0142\u00f3wna","item":"https:\/\/icr.you2.pl\/"},{"@type":"ListItem","position":2,"name":"EnergyStar"}]},{"@type":"WebSite","@id":"https:\/\/icr.you2.pl\/#website","url":"https:\/\/icr.you2.pl\/","name":"ICR POLAND - \u0442\u0435\u0441\u0442\u0443\u0432\u0430\u043d\u043d\u044f \u0442\u0430 \u0441\u0435\u0440\u0442\u0438\u0444\u0456\u043a\u0430\u0446\u0456\u044f","description":"\u0421\u0435\u0440\u0442\u0438\u0444\u0456\u043a\u0430\u0446\u0456\u044f CE, \u0441\u0435\u0440\u0442\u0438\u0444\u0456\u043a\u0430\u0442 CE, \u0441\u0435\u0440\u0442\u0438\u0444\u0456\u043a\u0430\u0442 ISO, \u0432\u0438\u043f\u0440\u043e\u0431\u0443\u0432\u0430\u043d\u043d\u044f RED, \u0432\u0438\u043f\u0440\u043e\u0431\u0443\u0432\u0430\u043d\u043d\u044f \u0442\u0430 \u0441\u0435\u0440\u0442\u0438\u0444\u0456\u043a\u0430\u0446\u0456\u044f \u043f\u0440\u043e\u0434\u0443\u043a\u0446\u0456\u0457, \u0432\u0438\u043f\u0440\u043e\u0431\u0443\u0432\u0430\u043d\u043d\u044f \u0435\u043b\u0435\u043a\u0442\u0440\u043e\u0442\u0435\u0445\u043d\u0456\u0447\u043d\u0438\u0445 \u0432\u0438\u0440\u043e\u0431\u0456\u0432, \u0432\u0438\u043f\u0440\u043e\u0431\u0443\u0432\u0430\u043d\u043d\u044f \u043c\u0435\u0434\u0438\u0447\u043d\u0438\u0445 \u0432\u0438\u0440\u043e\u0431\u0456\u0432, ATEX, IECEx, FCC, \u0441\u0435\u0440\u0442\u0438\u0444\u0456\u043a\u0430\u0446\u0456\u044f \u043f\u0440\u043e\u0434\u0443\u043a\u0446\u0456\u0457, \u0432\u0438\u043f\u0440\u043e\u0431\u0443\u0432\u0430\u043d\u043d\u044f \u0415\u041c\u0421, \u0441\u0435\u0440\u0442\u0438\u0444\u0456\u043a\u0430\u0446\u0456\u044f \u043c\u0430\u0448\u0438\u043d, \u043c\u0430\u0448\u0438\u043d\u0438 CE, \u043d\u0430\u0432\u0447\u0430\u043d\u043d\u044f, \u0432\u0438\u043f\u0440\u043e\u0431\u0443\u0432\u0430\u043d\u043d\u044f \u0435\u043b\u0435\u043a\u0442\u0440\u043e\u043d\u043d\u043e\u0457 \u043f\u0440\u043e\u0434\u0443\u043a\u0446\u0456\u0457, \u0432\u0438\u043f\u0440\u043e\u0431\u0443\u0432\u0430\u043d\u043d\u044f 2014\/53\/EU, \u0441\u0435\u0440\u0442\u0438\u0444\u0456\u043a\u0430\u0446\u0456\u044f \u0431\u0435\u0437\u043f\u0456\u043b\u043e\u0442\u043d\u0438\u043a\u0456\u0432, \u0441\u0435\u0440\u0442\u0438\u0444\u0456\u043a\u0430\u0442 ISO 13485, \u0441\u0435\u0440\u0442\u0438\u0444\u0456\u043a\u0430\u0442 ISO 9001, NC RfG","publisher":{"@id":"https:\/\/icr.you2.pl\/#\/schema\/person\/944799c9e2f4a94662e3fcb3b1544baf"},"potentialAction":[{"@type":"SearchAction","target":{"@type":"EntryPoint","urlTemplate":"https:\/\/icr.you2.pl\/?s={search_term_string}"},"query-input":{"@type":"PropertyValueSpecification","valueRequired":true,"valueName":"search_term_string"}}],"inLanguage":"uk"},{"@type":["Person","Organization"],"@id":"https:\/\/icr.you2.pl\/#\/schema\/person\/944799c9e2f4a94662e3fcb3b1544baf","name":"\u0430\u0434\u043c\u0456\u043d\u0456\u0441\u0442\u0440\u0430\u0442\u043e\u0440","image":{"@type":"ImageObject","inLanguage":"uk","@id":"https:\/\/icr.you2.pl\/#\/schema\/person\/image\/","url":"https:\/\/icr.you2.pl\/wp-content\/uploads\/2019\/05\/cropped-logo-icr.32f04ad5-1-1.png","contentUrl":"https:\/\/icr.you2.pl\/wp-content\/uploads\/2019\/05\/cropped-logo-icr.32f04ad5-1-1.png","width":400,"height":148,"caption":"admin"},"logo":{"@id":"https:\/\/icr.you2.pl\/#\/schema\/person\/image\/"}}]}},"_links":{"self":[{"href":"https:\/\/icr.you2.pl\/ua\/wp-json\/wp\/v2\/pages\/3437","targetHints":{"allow":["GET"]}}],"collection":[{"href":"https:\/\/icr.you2.pl\/ua\/wp-json\/wp\/v2\/pages"}],"about":[{"href":"https:\/\/icr.you2.pl\/ua\/wp-json\/wp\/v2\/types\/page"}],"author":[{"embeddable":true,"href":"https:\/\/icr.you2.pl\/ua\/wp-json\/wp\/v2\/users\/2"}],"replies":[{"embeddable":true,"href":"https:\/\/icr.you2.pl\/ua\/wp-json\/wp\/v2\/comments?post=3437"}],"version-history":[{"count":0,"href":"https:\/\/icr.you2.pl\/ua\/wp-json\/wp\/v2\/pages\/3437\/revisions"}],"wp:attachment":[{"href":"https:\/\/icr.you2.pl\/ua\/wp-json\/wp\/v2\/media?parent=3437"}],"curies":[{"name":"wp","href":"https:\/\/api.w.org\/{rel}","templated":true}]}}