{"id":3827,"date":"2020-04-22T14:41:41","date_gmt":"2020-04-22T12:41:41","guid":{"rendered":"https:\/\/icrpolska.com\/?page_id=3827"},"modified":"2022-09-07T23:31:21","modified_gmt":"2022-09-07T21:31:21","slug":"biokompatybilnosc","status":"publish","type":"page","link":"https:\/\/icr.you2.pl\/ua\/badania-wyrobow\/biokompatybilnosc\/","title":{"rendered":"\u0411\u0456\u043e\u0441\u0443\u043c\u0456\u0441\u043d\u0456\u0441\u0442\u044c"},"content":{"rendered":"<p>\u0423 \u043d\u0430\u0448\u0438\u0445 \u043b\u0430\u0431\u043e\u0440\u0430\u0442\u043e\u0440\u0456\u044f\u0445 \u043c\u0438 \u043f\u0440\u043e\u0432\u043e\u0434\u0438\u043c\u043e \u043d\u0430\u0441\u0442\u0443\u043f\u043d\u0456 \u0432\u0438\u043f\u0440\u043e\u0431\u0443\u0432\u0430\u043d\u043d\u044f \u0442\u0430 \u0434\u043e\u0441\u043b\u0456\u0434\u0436\u0435\u043d\u043d\u044f \u043c\u0435\u0434\u0438\u0447\u043d\u0438\u0445 \u0432\u0438\u0440\u043e\u0431\u0456\u0432 \u0432\u0456\u0434\u043f\u043e\u0432\u0456\u0434\u043d\u043e \u0434\u043e \u0441\u0442\u0430\u043d\u0434\u0430\u0440\u0442\u0456\u0432 \u0441\u0435\u0440\u0456\u0457 ISO 10993:<\/p>\n<ul>\n<li style=\"list-style-type: none;\">\n<ul>\n<li><a href=\"http:\/\/icr.you2.pl\/wp-content\/uploads\/2020\/04\/Bio_genotoxicity.png\" target=\"_blank\" rel=\"noopener noreferrer\" data-slb-active=\"1\" data-slb-asset=\"1996492179\" data-slb-internal=\"0\" data-slb-group=\"979\">\u043c\u0443\u0442\u0430\u0433\u0435\u043d\u043d\u0456\u0441\u0442\u044c:<\/a><a href=\"http:\/\/icr.you2.pl\/wp-content\/uploads\/2020\/04\/Bio_genotoxicity.png\" target=\"_blank\" rel=\"noopener noreferrer\"><img fetchpriority=\"high\" decoding=\"async\" class=\"alignright wp-image-3852 size-medium\" src=\"http:\/\/icr.you2.pl\/wp-content\/uploads\/2020\/04\/implant-e1587567193650-251x300.jpg\" alt=\"\u0411\u0456\u043e\u0441\u0443\u043c\u0456\u0441\u043d\u0456\u0441\u0442\u044c\" width=\"251\" height=\"300\" srcset=\"https:\/\/icr.you2.pl\/wp-content\/uploads\/2020\/04\/implant-e1587567193650-251x300.jpg 251w, https:\/\/icr.you2.pl\/wp-content\/uploads\/2020\/04\/implant-e1587567193650.jpg 300w\" sizes=\"(max-width: 251px) 100vw, 251px\" \/><\/a>\n<ul>\n<li>\u0431\u0430\u043a\u0442\u0435\u0440\u0456\u0430\u043b\u044c\u043d\u0438\u0439 \u0442\u0435\u0441\u0442 \u043d\u0430 \u0437\u0432\u043e\u0440\u043e\u0442\u043d\u0443 \u043c\u0443\u0442\u0430\u0446\u0456\u044e<\/li>\n<li>\u0442\u0435\u0441\u0442\u0438 in vitro \u043d\u0430 \u0445\u0440\u043e\u043c\u043e\u0441\u043e\u043c\u043d\u0456 \u0430\u0431\u0435\u0440\u0430\u0446\u0456\u0457<\/li>\n<li>\u0434\u043e\u0441\u043b\u0456\u0434\u0436\u0435\u043d\u043d\u044f \u043a\u043b\u0456\u0442\u0438\u043d\u043d\u0438\u0445 \u043c\u0456\u043a\u0440\u043e\u044f\u0434\u0435\u0440 in vivo<\/li>\n<\/ul>\n<\/li>\n<li><a href=\"http:\/\/icr.you2.pl\/wp-content\/uploads\/2020\/04\/Bio_cytotoxicity.png\" target=\"_blank\" rel=\"noopener noreferrer\" data-slb-active=\"1\" data-slb-asset=\"1264259199\" data-slb-internal=\"0\" data-slb-group=\"979\">\u0446\u0438\u0442\u043e\u0442\u043e\u043a\u0441\u0438\u0447\u043d\u0456\u0441\u0442\u044c in vitro,<\/a><\/li>\n<li><a href=\"http:\/\/icr.you2.pl\/wp-content\/uploads\/2020\/04\/Bio_acute.png\" target=\"_blank\" rel=\"noopener noreferrer\" data-slb-active=\"1\" data-slb-asset=\"951077260\" data-slb-internal=\"0\" data-slb-group=\"979\">\u0433\u043e\u0441\u0442\u0440\u0430 \u0441\u0438\u0441\u0442\u0435\u043c\u043d\u0430 \u0442\u043e\u043a\u0441\u0438\u0447\u043d\u0456\u0441\u0442\u044c,<\/a><\/li>\n<li><a href=\"http:\/\/icr.you2.pl\/wp-content\/uploads\/2020\/04\/Bio_skin_irritation.png\" target=\"_blank\" rel=\"noopener noreferrer\" data-slb-active=\"1\" data-slb-asset=\"210430502\" data-slb-internal=\"0\" data-slb-group=\"979\">\u043f\u043e\u0434\u0440\u0430\u0437\u043d\u0435\u043d\u043d\u044f \u0448\u043a\u0456\u0440\u0438,<\/a><\/li>\n<li><a href=\"http:\/\/icr.you2.pl\/wp-content\/uploads\/2020\/04\/Bio_intradermal.png\" target=\"_blank\" rel=\"noopener noreferrer\" data-slb-active=\"1\" data-slb-asset=\"1617476931\" data-slb-internal=\"0\" data-slb-group=\"979\">\u0432\u043d\u0443\u0442\u0440\u0456\u0448\u043d\u044c\u043e\u0448\u043a\u0456\u0440\u043d\u0430 \u0440\u0435\u0430\u043a\u0442\u0438\u0432\u043d\u0456\u0441\u0442\u044c,<\/a><\/li>\n<li><a href=\"http:\/\/icr.you2.pl\/wp-content\/uploads\/2020\/04\/Bio_oral_mucosa.png\" target=\"_blank\" rel=\"noopener noreferrer\" data-slb-active=\"1\" data-slb-asset=\"290299341\" data-slb-internal=\"0\" data-slb-group=\"979\">\u043f\u043e\u0434\u0440\u0430\u0437\u043d\u0435\u043d\u043d\u044f \u0441\u043b\u0438\u0437\u043e\u0432\u043e\u0457 \u043e\u0431\u043e\u043b\u043e\u043d\u043a\u0438 \u043f\u043e\u0440\u043e\u0436\u043d\u0438\u043d\u0438 \u0440\u043e\u0442\u0430,<\/a><\/li>\n<li><a href=\"http:\/\/icr.you2.pl\/wp-content\/uploads\/2020\/04\/Bio_pyrogen.png\" target=\"_blank\" rel=\"noopener noreferrer\" data-slb-active=\"1\" data-slb-asset=\"1374573229\" data-slb-internal=\"0\" data-slb-group=\"979\">\u043f\u0456\u0440\u043e\u0433\u0435\u043d\u043d\u0456,<\/a><\/li>\n<li><a href=\"http:\/\/icr.you2.pl\/wp-content\/uploads\/2020\/04\/Bio_implantation.png\" target=\"_blank\" rel=\"noopener noreferrer\" data-slb-active=\"1\" data-slb-asset=\"1001191268\" data-slb-internal=\"0\" data-slb-group=\"979\">\u0441\u0443\u0431\u0445\u0440\u043e\u043d\u0456\u0447\u043d\u0430 \u0442\u043e\u043a\u0441\u0438\u0447\u043d\u0456\u0441\u0442\u044c \u0442\u0430 \u0456\u043c\u043f\u043b\u0430\u043d\u0442\u0430\u0446\u0456\u044f,<\/a><\/li>\n<li><a href=\"http:\/\/icr.you2.pl\/wp-content\/uploads\/2020\/04\/Bio_skin_sensitization.png\" target=\"_blank\" rel=\"noopener noreferrer\" data-slb-active=\"1\" data-slb-asset=\"1517655755\" data-slb-internal=\"0\" data-slb-group=\"979\">\u0448\u043a\u0456\u0440\u043d\u0456 \u043f\u043e\u0434\u0440\u0430\u0437\u043d\u0435\u043d\u043d\u044f<\/a><\/li>\n<\/ul>\n<\/li>\n<\/ul>\n<p><img decoding=\"async\" class=\"alignleft wp-image-3851 size-full\" src=\"http:\/\/icr.you2.pl\/wp-content\/uploads\/2020\/04\/toxicology.jpg\" alt=\"\u0411\u0456\u043e\u0441\u0443\u043c\u0456\u0441\u043d\u0456\u0441\u0442\u044c\" width=\"280\" height=\"150\" \/><\/p>\n<p>&nbsp;<\/p>\n<p>&nbsp;<\/p>\n<p class=\"translation-block\">\u0417\u0430\u043f\u0440\u043e\u0448\u0443\u0454\u043c\u043e \u0432\u0430\u0441 \u0434\u043e <a href=\"mailto:icrpolska@icrqa.com\" target=\"_self\">\u043a\u043e\u043d\u0442\u0430\u043a\u0442\u0443<\/a> \u0442\u0430 \u0441\u043f\u0456\u0432\u043f\u0440\u0430\u0446\u0456.<\/p>","protected":false},"excerpt":{"rendered":"<p>\u0423 \u043d\u0430\u0448\u0438\u0445 \u043b\u0430\u0431\u043e\u0440\u0430\u0442\u043e\u0440\u0456\u044f\u0445 \u043c\u0438 \u043f\u0440\u043e\u0432\u043e\u0434\u0438\u043c\u043e \u043d\u0430\u0441\u0442\u0443\u043f\u043d\u0456 \u0432\u0438\u043f\u0440\u043e\u0431\u0443\u0432\u0430\u043d\u043d\u044f \u0442\u0430 \u0434\u043e\u0441\u043b\u0456\u0434\u0436\u0435\u043d\u043d\u044f \u043c\u0435\u0434\u0438\u0447\u043d\u0438\u0445 \u0432\u0438\u0440\u043e\u0431\u0456\u0432 \u0432\u0456\u0434\u043f\u043e\u0432\u0456\u0434\u043d\u043e \u0434\u043e \u0441\u0442\u0430\u043d\u0434\u0430\u0440\u0442\u0456\u0432 \u0441\u0435\u0440\u0456\u0457 ISO 10993: \u043c\u0443\u0442\u0430\u0433\u0435\u043d\u043d\u0456\u0441\u0442\u044c: \u0442\u0435\u0441\u0442 \u043d\u0430 \u0431\u0430\u043a\u0442\u0435\u0440\u0456\u0430\u043b\u044c\u043d\u0443 \u0437\u0432\u043e\u0440\u043e\u0442\u043d\u0443 \u043c\u0443\u0442\u0430\u0446\u0456\u044e in vitro, \u0442\u0435\u0441\u0442\u0438 \u043d\u0430 \u0445\u0440\u043e\u043c\u043e\u0441\u043e\u043c\u043d\u0456 \u0430\u0431\u0435\u0440\u0430\u0446\u0456\u0457 in vivo, \u0446\u0438\u0442\u043e\u0442\u043e\u043a\u0441\u0438\u0447\u043d\u0456\u0441\u0442\u044c \u043c\u0456\u043a\u0440\u043e\u044f\u0434\u0435\u0440\u043d\u0438\u0445 \u043a\u043b\u0456\u0442\u0438\u043d in vitro, \u0433\u043e\u0441\u0442\u0440\u0430 \u0441\u0438\u0441\u0442\u0435\u043c\u043d\u0430 \u0442\u043e\u043a\u0441\u0438\u0447\u043d\u0456\u0441\u0442\u044c, \u043f\u043e\u0434\u0440\u0430\u0437\u043d\u0435\u043d\u043d\u044f \u0448\u043a\u0456\u0440\u0438, \u0432\u043d\u0443\u0442\u0440\u0456\u0448\u043d\u044c\u043e\u0448\u043a\u0456\u0440\u043d\u0430 \u0440\u0435\u0430\u043a\u0442\u0438\u0432\u043d\u0456\u0441\u0442\u044c, \u043f\u043e\u0434\u0440\u0430\u0437\u043d\u0435\u043d\u043d\u044f \u0441\u043b\u0438\u0437\u043e\u0432\u043e\u0457 \u043e\u0431\u043e\u043b\u043e\u043d\u043a\u0438 \u043f\u043e\u0440\u043e\u0436\u043d\u0438\u043d\u0438 \u0440\u043e\u0442\u0430, \u043f\u0456\u0440\u043e\u0433\u0435\u043d\u043d\u0456\u0441\u0442\u044c, \u0441\u0443\u0431\u0445\u0440\u043e\u043d\u0456\u0447\u043d\u0430 \u0442\u043e\u043a\u0441\u0438\u0447\u043d\u0456\u0441\u0442\u044c \u0442\u0430 \u0456\u043c\u043f\u043b\u0430\u043d\u0442\u0430\u0446\u0456\u044f, \u0448\u043a\u0456\u0440\u043d\u0430 \u0441\u0435\u043d\u0441\u0438\u0431\u0456\u043b\u0456\u0437\u0430\u0446\u0456\u044f ...&nbsp;<a href=\"https:\/\/icr.you2.pl\/ua\/badania-wyrobow\/biokompatybilnosc\/\" rel=\"bookmark\">\u0427\u0438\u0442\u0430\u0442\u0438 \u0434\u0430\u043b\u0456 \"<span class=\"screen-reader-text\">\u0411\u0456\u043e\u0441\u0443\u043c\u0456\u0441\u043d\u0456\u0441\u0442\u044c<\/span><\/a><\/p>","protected":false},"author":2,"featured_media":0,"parent":979,"menu_order":0,"comment_status":"closed","ping_status":"closed","template":"","meta":{"neve_meta_sidebar":"","neve_meta_container":"","neve_meta_enable_content_width":"off","neve_meta_content_width":70,"neve_meta_title_alignment":"","neve_meta_author_avatar":"","neve_post_elements_order":"","neve_meta_disable_header":"","neve_meta_disable_footer":"","neve_meta_disable_title":"","footnotes":""},"class_list":["post-3827","page","type-page","status-publish","hentry"],"yoast_head":"<!-- This site is optimized with the Yoast SEO plugin v26.8 - https:\/\/yoast.com\/product\/yoast-seo-wordpress\/ -->\n<title>Biokompatybilno\u015b\u0107 - ICR POLSKA - badania i certyfikacja<\/title>\n<meta name=\"robots\" content=\"index, follow, max-snippet:-1, max-image-preview:large, max-video-preview:-1\" \/>\n<link rel=\"canonical\" href=\"https:\/\/icr.you2.pl\/ua\/badania-wyrobow\/biokompatybilnosc\/\" \/>\n<meta property=\"og:locale\" content=\"uk_UA\" \/>\n<meta property=\"og:type\" content=\"article\" \/>\n<meta property=\"og:title\" content=\"Biokompatybilno\u015b\u0107 - ICR POLSKA - badania i certyfikacja\" \/>\n<meta property=\"og:description\" content=\"W naszych laboratoriach wykonujemy nast\u0119puj\u0105ce badania i testy wyrob\u00f3w medycznych zgodnie z normami serii ISO 10993: mutagenno\u015bci: bakteryjny test mutacji powrotnych badania in vitro aberracji chromosomowych badania in vivo mikroj\u0105derek kom\u00f3rek cytotoksyczno\u015bci in vitro, ostrej toksyczno\u015bci og\u00f3lnoustrojowej, podra\u017cnienia sk\u00f3ry, reaktywno\u015bci \u015br\u00f3dsk\u00f3rnej, podra\u017cnienia b\u0142ony \u015bluzowej jamy ustnej, pirogenowy, toksyczno\u015bci podchronicznej oraz implantacji, uczulenia sk\u00f3ry &nbsp; &nbsp;&hellip;&nbsp;\u0427\u0438\u0442\u0430\u0442\u0438 \u0434\u0430\u043b\u0456 &raquo;Biokompatybilno\u015b\u0107\" \/>\n<meta property=\"og:url\" content=\"https:\/\/icr.you2.pl\/ua\/badania-wyrobow\/biokompatybilnosc\/\" \/>\n<meta property=\"og:site_name\" content=\"ICR POLSKA - badania i certyfikacja\" \/>\n<meta property=\"article:modified_time\" content=\"2022-09-07T21:31:21+00:00\" \/>\n<meta property=\"og:image\" content=\"http:\/\/icr.you2.pl\/wp-content\/uploads\/2020\/04\/implant-e1587567193650-251x300.jpg\" \/>\n<meta name=\"twitter:card\" content=\"summary_large_image\" \/>\n<meta name=\"twitter:label1\" content=\"\u041f\u0440\u0438\u0431\u043b. \u0447\u0430\u0441 \u0447\u0438\u0442\u0430\u043d\u043d\u044f\" \/>\n\t<meta name=\"twitter:data1\" content=\"1 \u0445\u0432\u0438\u043b\u0438\u043d\u0430\" \/>\n<script type=\"application\/ld+json\" class=\"yoast-schema-graph\">{\"@context\":\"https:\/\/schema.org\",\"@graph\":[{\"@type\":\"WebPage\",\"@id\":\"https:\/\/icr.you2.pl\/badania-wyrobow\/biokompatybilnosc\/\",\"url\":\"https:\/\/icr.you2.pl\/badania-wyrobow\/biokompatybilnosc\/\",\"name\":\"Biokompatybilno\u015b\u0107 - ICR POLSKA - badania i certyfikacja\",\"isPartOf\":{\"@id\":\"https:\/\/icr.you2.pl\/#website\"},\"primaryImageOfPage\":{\"@id\":\"https:\/\/icr.you2.pl\/badania-wyrobow\/biokompatybilnosc\/#primaryimage\"},\"image\":{\"@id\":\"https:\/\/icr.you2.pl\/badania-wyrobow\/biokompatybilnosc\/#primaryimage\"},\"thumbnailUrl\":\"http:\/\/icr.you2.pl\/wp-content\/uploads\/2020\/04\/implant-e1587567193650-251x300.jpg\",\"datePublished\":\"2020-04-22T12:41:41+00:00\",\"dateModified\":\"2022-09-07T21:31:21+00:00\",\"breadcrumb\":{\"@id\":\"https:\/\/icr.you2.pl\/badania-wyrobow\/biokompatybilnosc\/#breadcrumb\"},\"inLanguage\":\"uk\",\"potentialAction\":[{\"@type\":\"ReadAction\",\"target\":[\"https:\/\/icr.you2.pl\/badania-wyrobow\/biokompatybilnosc\/\"]}]},{\"@type\":\"ImageObject\",\"inLanguage\":\"uk\",\"@id\":\"https:\/\/icr.you2.pl\/badania-wyrobow\/biokompatybilnosc\/#primaryimage\",\"url\":\"http:\/\/icr.you2.pl\/wp-content\/uploads\/2020\/04\/implant-e1587567193650-251x300.jpg\",\"contentUrl\":\"http:\/\/icr.you2.pl\/wp-content\/uploads\/2020\/04\/implant-e1587567193650-251x300.jpg\"},{\"@type\":\"BreadcrumbList\",\"@id\":\"https:\/\/icr.you2.pl\/badania-wyrobow\/biokompatybilnosc\/#breadcrumb\",\"itemListElement\":[{\"@type\":\"ListItem\",\"position\":1,\"name\":\"Strona g\u0142\u00f3wna\",\"item\":\"https:\/\/icr.you2.pl\/\"},{\"@type\":\"ListItem\",\"position\":2,\"name\":\"Badania wyrob\u00f3w\",\"item\":\"https:\/\/icr.you2.pl\/badania-wyrobow\/\"},{\"@type\":\"ListItem\",\"position\":3,\"name\":\"Biokompatybilno\u015b\u0107\"}]},{\"@type\":\"WebSite\",\"@id\":\"https:\/\/icr.you2.pl\/#website\",\"url\":\"https:\/\/icr.you2.pl\/\",\"name\":\"ICR POLSKA - badania i certyfikacja\",\"description\":\"CE certification, CE certificate, ISO certificate, RED testing, product testing and certification, electrical product testing, medical device testing, ATEX, IECEx, FCC, product certification, EMC testing, machinery certification, CE machines, training, electronic product testing, testing 2014\/53\/EU, drone certification, ISO 13485 certificate, ISO 9001 certificate, NC RfG\",\"publisher\":{\"@id\":\"https:\/\/icr.you2.pl\/#\/schema\/person\/944799c9e2f4a94662e3fcb3b1544baf\"},\"potentialAction\":[{\"@type\":\"SearchAction\",\"target\":{\"@type\":\"EntryPoint\",\"urlTemplate\":\"https:\/\/icr.you2.pl\/?s={search_term_string}\"},\"query-input\":{\"@type\":\"PropertyValueSpecification\",\"valueRequired\":true,\"valueName\":\"search_term_string\"}}],\"inLanguage\":\"uk\"},{\"@type\":[\"Person\",\"Organization\"],\"@id\":\"https:\/\/icr.you2.pl\/#\/schema\/person\/944799c9e2f4a94662e3fcb3b1544baf\",\"name\":\"admin\",\"image\":{\"@type\":\"ImageObject\",\"inLanguage\":\"uk\",\"@id\":\"https:\/\/icr.you2.pl\/#\/schema\/person\/image\/\",\"url\":\"https:\/\/icr.you2.pl\/wp-content\/uploads\/2019\/05\/cropped-logo-icr.32f04ad5-1-1.png\",\"contentUrl\":\"https:\/\/icr.you2.pl\/wp-content\/uploads\/2019\/05\/cropped-logo-icr.32f04ad5-1-1.png\",\"width\":400,\"height\":148,\"caption\":\"admin\"},\"logo\":{\"@id\":\"https:\/\/icr.you2.pl\/#\/schema\/person\/image\/\"}}]}<\/script>\n<!-- \/ Yoast SEO plugin. -->","yoast_head_json":{"title":"\u0411\u0456\u043e\u0441\u0443\u043c\u0456\u0441\u043d\u0456\u0441\u0442\u044c - ICR POLAND - \u0432\u0438\u043f\u0440\u043e\u0431\u0443\u0432\u0430\u043d\u043d\u044f \u0442\u0430 \u0441\u0435\u0440\u0442\u0438\u0444\u0456\u043a\u0430\u0446\u0456\u044f","robots":{"index":"index","follow":"follow","max-snippet":"max-snippet:-1","max-image-preview":"max-image-preview:large","max-video-preview":"max-video-preview:-1"},"canonical":"https:\/\/icr.you2.pl\/ua\/badania-wyrobow\/biokompatybilnosc\/","og_locale":"uk_UA","og_type":"article","og_title":"Biokompatybilno\u015b\u0107 - ICR POLSKA - badania i certyfikacja","og_description":"W naszych laboratoriach wykonujemy nast\u0119puj\u0105ce badania i testy wyrob\u00f3w medycznych zgodnie z normami serii ISO 10993: mutagenno\u015bci: bakteryjny test mutacji powrotnych badania in vitro aberracji chromosomowych badania in vivo mikroj\u0105derek kom\u00f3rek cytotoksyczno\u015bci in vitro, ostrej toksyczno\u015bci og\u00f3lnoustrojowej, podra\u017cnienia sk\u00f3ry, reaktywno\u015bci \u015br\u00f3dsk\u00f3rnej, podra\u017cnienia b\u0142ony \u015bluzowej jamy ustnej, pirogenowy, toksyczno\u015bci podchronicznej oraz implantacji, uczulenia sk\u00f3ry &nbsp; &nbsp;&hellip;&nbsp;\u0427\u0438\u0442\u0430\u0442\u0438 \u0434\u0430\u043b\u0456 &raquo;Biokompatybilno\u015b\u0107","og_url":"https:\/\/icr.you2.pl\/ua\/badania-wyrobow\/biokompatybilnosc\/","og_site_name":"ICR POLSKA - badania i certyfikacja","article_modified_time":"2022-09-07T21:31:21+00:00","og_image":[{"url":"http:\/\/icr.you2.pl\/wp-content\/uploads\/2020\/04\/implant-e1587567193650-251x300.jpg","type":"","width":"","height":""}],"twitter_card":"summary_large_image","twitter_misc":{"\u041f\u0440\u0438\u0431\u043b. \u0447\u0430\u0441 \u0447\u0438\u0442\u0430\u043d\u043d\u044f":"1 \u0445\u0432\u0438\u043b\u0438\u043d\u0430"},"schema":{"@context":"https:\/\/schema.org","@graph":[{"@type":"WebPage","@id":"https:\/\/icr.you2.pl\/badania-wyrobow\/biokompatybilnosc\/","url":"https:\/\/icr.you2.pl\/badania-wyrobow\/biokompatybilnosc\/","name":"\u0411\u0456\u043e\u0441\u0443\u043c\u0456\u0441\u043d\u0456\u0441\u0442\u044c - ICR POLAND - \u0432\u0438\u043f\u0440\u043e\u0431\u0443\u0432\u0430\u043d\u043d\u044f \u0442\u0430 \u0441\u0435\u0440\u0442\u0438\u0444\u0456\u043a\u0430\u0446\u0456\u044f","isPartOf":{"@id":"https:\/\/icr.you2.pl\/#website"},"primaryImageOfPage":{"@id":"https:\/\/icr.you2.pl\/badania-wyrobow\/biokompatybilnosc\/#primaryimage"},"image":{"@id":"https:\/\/icr.you2.pl\/badania-wyrobow\/biokompatybilnosc\/#primaryimage"},"thumbnailUrl":"http:\/\/icr.you2.pl\/wp-content\/uploads\/2020\/04\/implant-e1587567193650-251x300.jpg","datePublished":"2020-04-22T12:41:41+00:00","dateModified":"2022-09-07T21:31:21+00:00","breadcrumb":{"@id":"https:\/\/icr.you2.pl\/badania-wyrobow\/biokompatybilnosc\/#breadcrumb"},"inLanguage":"uk","potentialAction":[{"@type":"ReadAction","target":["https:\/\/icr.you2.pl\/badania-wyrobow\/biokompatybilnosc\/"]}]},{"@type":"ImageObject","inLanguage":"uk","@id":"https:\/\/icr.you2.pl\/badania-wyrobow\/biokompatybilnosc\/#primaryimage","url":"http:\/\/icr.you2.pl\/wp-content\/uploads\/2020\/04\/implant-e1587567193650-251x300.jpg","contentUrl":"http:\/\/icr.you2.pl\/wp-content\/uploads\/2020\/04\/implant-e1587567193650-251x300.jpg"},{"@type":"BreadcrumbList","@id":"https:\/\/icr.you2.pl\/badania-wyrobow\/biokompatybilnosc\/#breadcrumb","itemListElement":[{"@type":"ListItem","position":1,"name":"Strona g\u0142\u00f3wna","item":"https:\/\/icr.you2.pl\/"},{"@type":"ListItem","position":2,"name":"Badania wyrob\u00f3w","item":"https:\/\/icr.you2.pl\/badania-wyrobow\/"},{"@type":"ListItem","position":3,"name":"Biokompatybilno\u015b\u0107"}]},{"@type":"WebSite","@id":"https:\/\/icr.you2.pl\/#website","url":"https:\/\/icr.you2.pl\/","name":"ICR POLAND - \u0442\u0435\u0441\u0442\u0443\u0432\u0430\u043d\u043d\u044f \u0442\u0430 \u0441\u0435\u0440\u0442\u0438\u0444\u0456\u043a\u0430\u0446\u0456\u044f","description":"\u0421\u0435\u0440\u0442\u0438\u0444\u0456\u043a\u0430\u0446\u0456\u044f CE, \u0441\u0435\u0440\u0442\u0438\u0444\u0456\u043a\u0430\u0442 CE, \u0441\u0435\u0440\u0442\u0438\u0444\u0456\u043a\u0430\u0442 ISO, \u0432\u0438\u043f\u0440\u043e\u0431\u0443\u0432\u0430\u043d\u043d\u044f RED, \u0432\u0438\u043f\u0440\u043e\u0431\u0443\u0432\u0430\u043d\u043d\u044f \u0442\u0430 \u0441\u0435\u0440\u0442\u0438\u0444\u0456\u043a\u0430\u0446\u0456\u044f \u043f\u0440\u043e\u0434\u0443\u043a\u0446\u0456\u0457, \u0432\u0438\u043f\u0440\u043e\u0431\u0443\u0432\u0430\u043d\u043d\u044f \u0435\u043b\u0435\u043a\u0442\u0440\u043e\u0442\u0435\u0445\u043d\u0456\u0447\u043d\u0438\u0445 \u0432\u0438\u0440\u043e\u0431\u0456\u0432, \u0432\u0438\u043f\u0440\u043e\u0431\u0443\u0432\u0430\u043d\u043d\u044f \u043c\u0435\u0434\u0438\u0447\u043d\u0438\u0445 \u0432\u0438\u0440\u043e\u0431\u0456\u0432, ATEX, IECEx, FCC, \u0441\u0435\u0440\u0442\u0438\u0444\u0456\u043a\u0430\u0446\u0456\u044f \u043f\u0440\u043e\u0434\u0443\u043a\u0446\u0456\u0457, \u0432\u0438\u043f\u0440\u043e\u0431\u0443\u0432\u0430\u043d\u043d\u044f \u0415\u041c\u0421, \u0441\u0435\u0440\u0442\u0438\u0444\u0456\u043a\u0430\u0446\u0456\u044f \u043c\u0430\u0448\u0438\u043d, \u043c\u0430\u0448\u0438\u043d\u0438 CE, \u043d\u0430\u0432\u0447\u0430\u043d\u043d\u044f, \u0432\u0438\u043f\u0440\u043e\u0431\u0443\u0432\u0430\u043d\u043d\u044f \u0435\u043b\u0435\u043a\u0442\u0440\u043e\u043d\u043d\u043e\u0457 \u043f\u0440\u043e\u0434\u0443\u043a\u0446\u0456\u0457, \u0432\u0438\u043f\u0440\u043e\u0431\u0443\u0432\u0430\u043d\u043d\u044f 2014\/53\/EU, \u0441\u0435\u0440\u0442\u0438\u0444\u0456\u043a\u0430\u0446\u0456\u044f \u0431\u0435\u0437\u043f\u0456\u043b\u043e\u0442\u043d\u0438\u043a\u0456\u0432, \u0441\u0435\u0440\u0442\u0438\u0444\u0456\u043a\u0430\u0442 ISO 13485, \u0441\u0435\u0440\u0442\u0438\u0444\u0456\u043a\u0430\u0442 ISO 9001, NC RfG","publisher":{"@id":"https:\/\/icr.you2.pl\/#\/schema\/person\/944799c9e2f4a94662e3fcb3b1544baf"},"potentialAction":[{"@type":"SearchAction","target":{"@type":"EntryPoint","urlTemplate":"https:\/\/icr.you2.pl\/?s={search_term_string}"},"query-input":{"@type":"PropertyValueSpecification","valueRequired":true,"valueName":"search_term_string"}}],"inLanguage":"uk"},{"@type":["Person","Organization"],"@id":"https:\/\/icr.you2.pl\/#\/schema\/person\/944799c9e2f4a94662e3fcb3b1544baf","name":"\u0430\u0434\u043c\u0456\u043d\u0456\u0441\u0442\u0440\u0430\u0442\u043e\u0440","image":{"@type":"ImageObject","inLanguage":"uk","@id":"https:\/\/icr.you2.pl\/#\/schema\/person\/image\/","url":"https:\/\/icr.you2.pl\/wp-content\/uploads\/2019\/05\/cropped-logo-icr.32f04ad5-1-1.png","contentUrl":"https:\/\/icr.you2.pl\/wp-content\/uploads\/2019\/05\/cropped-logo-icr.32f04ad5-1-1.png","width":400,"height":148,"caption":"admin"},"logo":{"@id":"https:\/\/icr.you2.pl\/#\/schema\/person\/image\/"}}]}},"_links":{"self":[{"href":"https:\/\/icr.you2.pl\/ua\/wp-json\/wp\/v2\/pages\/3827","targetHints":{"allow":["GET"]}}],"collection":[{"href":"https:\/\/icr.you2.pl\/ua\/wp-json\/wp\/v2\/pages"}],"about":[{"href":"https:\/\/icr.you2.pl\/ua\/wp-json\/wp\/v2\/types\/page"}],"author":[{"embeddable":true,"href":"https:\/\/icr.you2.pl\/ua\/wp-json\/wp\/v2\/users\/2"}],"replies":[{"embeddable":true,"href":"https:\/\/icr.you2.pl\/ua\/wp-json\/wp\/v2\/comments?post=3827"}],"version-history":[{"count":0,"href":"https:\/\/icr.you2.pl\/ua\/wp-json\/wp\/v2\/pages\/3827\/revisions"}],"up":[{"embeddable":true,"href":"https:\/\/icr.you2.pl\/ua\/wp-json\/wp\/v2\/pages\/979"}],"wp:attachment":[{"href":"https:\/\/icr.you2.pl\/ua\/wp-json\/wp\/v2\/media?parent=3827"}],"curies":[{"name":"wp","href":"https:\/\/api.w.org\/{rel}","templated":true}]}}