{"id":703,"date":"2019-03-28T11:41:12","date_gmt":"2019-03-28T11:41:12","guid":{"rendered":"http:\/\/icrpolska.e-ksperci.pl\/?page_id=703"},"modified":"2022-09-07T23:30:55","modified_gmt":"2022-09-07T21:30:55","slug":"badania-emc-i-red","status":"publish","type":"page","link":"https:\/\/icr.you2.pl\/ua\/badania-wyrobow\/badania-emc-i-red\/","title":{"rendered":"\u0412\u0438\u043f\u0440\u043e\u0431\u0443\u0432\u0430\u043d\u043d\u044f LVD, \u0415\u041c\u0421 \u0442\u0430 RED"},"content":{"rendered":"<p><span style=\"font-weight: 400;\">\u041c\u0438 \u0432\u0438\u043f\u0440\u043e\u0431\u043e\u0432\u0443\u0454\u043c\u043e \u0435\u043b\u0435\u043a\u0442\u0440\u0438\u0447\u043d\u0435 \u0442\u0430 \u0435\u043b\u0435\u043a\u0442\u0440\u043e\u043d\u043d\u0435 \u043e\u0431\u043b\u0430\u0434\u043d\u0430\u043d\u043d\u044f \u0432\u0456\u0434\u043f\u043e\u0432\u0456\u0434\u043d\u043e \u0434\u043e \u0432\u0438\u043c\u043e\u0433 \u0441\u0442\u0430\u043d\u0434\u0430\u0440\u0442\u0456\u0432, \u0433\u0430\u0440\u043c\u043e\u043d\u0456\u0437\u043e\u0432\u0430\u043d\u0438\u0445 \u0437 \u0434\u0438\u0440\u0435\u043a\u0442\u0438\u0432\u0430\u043c\u0438 LVD, EMC \u0442\u0430 RED. \u041c\u0438 \u0432\u0438\u043f\u0440\u043e\u0431\u043e\u0432\u0443\u0454\u043c\u043e \u044f\u043a \u043e\u0431\u043b\u0430\u0434\u043d\u0430\u043d\u043d\u044f \u0437\u0430\u0433\u0430\u043b\u044c\u043d\u043e\u0433\u043e \u043a\u043e\u0440\u0438\u0441\u0442\u0443\u0432\u0430\u043d\u043d\u044f, \u0442\u0430\u043a \u0456 \u043a\u043e\u043c\u043f\u043e\u043d\u0435\u043d\u0442\u0438 \u0430\u0432\u0442\u043e\u043c\u0430\u0442\u0438\u0437\u0430\u0446\u0456\u0457, \u0432\u0438\u043c\u0456\u0440\u044e\u0432\u0430\u043b\u044c\u043d\u0456 \u0441\u0438\u0441\u0442\u0435\u043c\u0438 \u0430\u0431\u043e \u043c\u0435\u0434\u0438\u0447\u043d\u0456 \u043f\u0440\u0438\u043b\u0430\u0434\u0438.<\/span><\/p>\r\n<p><span style=\"font-weight: 400;\">\u041c\u0438 \u043f\u0440\u043e\u0432\u043e\u0434\u0438\u043c\u043e \u0432\u0438\u043f\u0440\u043e\u0431\u0443\u0432\u0430\u043d\u043d\u044f \u0435\u043b\u0435\u043a\u0442\u0440\u0438\u0447\u043d\u0438\u0445 \u0442\u0430 \u0435\u043b\u0435\u043a\u0442\u0440\u043e\u043d\u043d\u0438\u0445 \u0432\u0438\u0440\u043e\u0431\u0456\u0432 \u0432 \u0440\u0430\u043c\u043a\u0430\u0445 \u043d\u0430\u0448\u043e\u0457 \u0430\u043a\u0440\u0435\u0434\u0438\u0442\u0430\u0446\u0456\u0457 \u0432\u0456\u0434\u043f\u043e\u0432\u0456\u0434\u043d\u043e \u0434\u043e \u0434\u0438\u0440\u0435\u043a\u0442\u0438\u0432 LVD, EMC \u0442\u0430 RED \u0434\u043b\u044f \u043d\u0430\u0441\u0442\u0443\u043f\u043d\u0438\u0445 \u0433\u0440\u0443\u043f \u043f\u0440\u043e\u0434\u0443\u043a\u0442\u0456\u0432, \u0441\u0435\u0440\u0435\u0434 \u0456\u043d\u0448\u043e\u0433\u043e:<\/span><\/p>\r\n<ul>\r\n<li style=\"font-weight: 400;\"><span style=\"font-weight: 400;\">\u043e\u0441\u0432\u0456\u0442\u043b\u044e\u0432\u0430\u043b\u044c\u043d\u0435 \u043e\u0431\u043b\u0430\u0434\u043d\u0430\u043d\u043d\u044f;<\/span><\/li>\r\n<li style=\"font-weight: 400;\"><span style=\"font-weight: 400;\">\u0441\u043f\u043e\u0436\u0438\u0432\u0447\u0430 \u0435\u043b\u0435\u043a\u0442\u0440\u043e\u043d\u0456\u043a\u0430 \u0442\u0430 \u043f\u043e\u0431\u0443\u0442\u043e\u0432\u0430 \u0442\u0435\u0445\u043d\u0456\u043a\u0430;<\/span><\/li>\r\n<li style=\"font-weight: 400;\"><span style=\"font-weight: 400;\">\u043c\u0435\u0434\u0438\u0447\u043d\u0456 \u0432\u0438\u0440\u043e\u0431\u0438, \u0432\u043a\u043b\u044e\u0447\u0430\u044e\u0447\u0438 \u0434\u0456\u0430\u0433\u043d\u043e\u0441\u0442\u0438\u043a\u0443 in vitro;<\/span><\/li>\r\n<li style=\"font-weight: 400;\"><span style=\"font-weight: 400;\">\u043e\u0444\u0456\u0441\u043d\u0435 \u0442\u0430 \u0406\u0422-\u043e\u0431\u043b\u0430\u0434\u043d\u0430\u043d\u043d\u044f, \u0432\u043a\u043b\u044e\u0447\u0430\u044e\u0447\u0438 \u0440\u0430\u0434\u0456\u043e;<\/span><\/li>\r\n<li style=\"font-weight: 400;\"><span style=\"font-weight: 400;\">\u0420\u0430\u0434\u0456\u043e\u043e\u0431\u043b\u0430\u0434\u043d\u0430\u043d\u043d\u044f \u0434\u043b\u044f \u0434\u043e\u043c\u0430\u0448\u043d\u044c\u043e\u0457 \u0430\u0432\u0442\u043e\u043c\u0430\u0442\u0438\u0437\u0430\u0446\u0456\u0457;<\/span><\/li>\r\n<li style=\"font-weight: 400;\"><span style=\"font-weight: 400;\">\u0430\u0432\u0442\u043e\u043c\u0430\u0442\u0438\u0447\u043d\u0456 \u0435\u043b\u0435\u043a\u0442\u0440\u0438\u0447\u043d\u0456 \u0442\u0430 \u0435\u043b\u0435\u043a\u0442\u0440\u043e\u043d\u043d\u0456 \u043a\u043e\u043d\u0442\u0440\u043e\u043b\u0435\u0440\u0438;<\/span><\/li>\r\n<li style=\"font-weight: 400;\"><span style=\"font-weight: 400;\">\u0435\u043b\u0435\u043a\u0442\u0440\u043e\u043d\u043d\u0456 \u0432\u0438\u043c\u0456\u0440\u044e\u0432\u0430\u043b\u044c\u043d\u0456 \u043f\u0440\u0438\u043b\u0430\u0434\u0438;<\/span><\/li>\r\n<li style=\"font-weight: 400;\"><span style=\"font-weight: 400;\">\u043f\u0440\u043e\u043c\u0438\u0441\u043b\u043e\u0432\u0435 \u043e\u0431\u043b\u0430\u0434\u043d\u0430\u043d\u043d\u044f \u0434\u043b\u044f \u043e\u0431\u0456\u0433\u0440\u0456\u0432\u0443 \u0442\u0430 \u043e\u0445\u043e\u043b\u043e\u0434\u0436\u0435\u043d\u043d\u044f \u0432\u043e\u0434\u0438 \u0442\u0430 \u043f\u0440\u0438\u043c\u0456\u0449\u0435\u043d\u044c;<\/span><\/li>\r\n<li style=\"font-weight: 400;\"><span style=\"font-weight: 400;\">\u043e\u0431\u043b\u0430\u0434\u043d\u0430\u043d\u043d\u044f \u0434\u043b\u044f \u043e\u0447\u0438\u0449\u0435\u043d\u043d\u044f, \u0437\u0432\u043e\u043b\u043e\u0436\u0435\u043d\u043d\u044f \u0442\u0430 \u043a\u043e\u043d\u0434\u0438\u0446\u0456\u043e\u043d\u0443\u0432\u0430\u043d\u043d\u044f \u043f\u043e\u0432\u0456\u0442\u0440\u044f;<\/span><\/li>\r\n<li style=\"font-weight: 400;\"><span style=\"font-weight: 400;\">\u0437\u0430\u0441\u043e\u0431\u0438 \u043e\u0441\u043e\u0431\u0438\u0441\u0442\u043e\u0457 \u0433\u0456\u0433\u0456\u0454\u043d\u0438;<\/span><\/li>\r\n<li style=\"font-weight: 400;\"><span style=\"font-weight: 400;\">\u0435\u043b\u0435\u043a\u0442\u0440\u043e\u0456\u043d\u0441\u0442\u0440\u0443\u043c\u0435\u043d\u0442\u0438;<\/span><\/li>\r\n<li style=\"font-weight: 400;\"><span style=\"font-weight: 400;\">\u0435\u043b\u0435\u043a\u0442\u0440\u0438\u0447\u043d\u0435 \u0442\u0430 \u043d\u0435\u0435\u043b\u0435\u043a\u0442\u0440\u0438\u0447\u043d\u0435 \u043e\u0431\u043b\u0430\u0434\u043d\u0430\u043d\u043d\u044f, \u043a\u043e\u043c\u043f\u043e\u043d\u0435\u043d\u0442\u0438 \u0442\u0430 \u0441\u0438\u0441\u0442\u0435\u043c\u0438, \u043f\u0440\u0438\u0437\u043d\u0430\u0447\u0435\u043d\u0456 \u0434\u043b\u044f \u0432\u0438\u043a\u043e\u0440\u0438\u0441\u0442\u0430\u043d\u043d\u044f \u0432 \u043f\u043e\u0442\u0435\u043d\u0446\u0456\u0439\u043d\u043e \u0432\u0438\u0431\u0443\u0445\u043e\u043d\u0435\u0431\u0435\u0437\u043f\u0435\u0447\u043d\u0438\u0445 \u0441\u0435\u0440\u0435\u0434\u043e\u0432\u0438\u0449\u0430\u0445;<\/span><\/li>\r\n<li style=\"font-weight: 400;\"><span style=\"font-weight: 400;\">\u0435\u043b\u0435\u043a\u0442\u0440\u0438\u0447\u043d\u0435 \u0442\u0430 \u0435\u043b\u0435\u043a\u0442\u0440\u043e\u043d\u043d\u0435 \u043e\u0431\u043b\u0430\u0434\u043d\u0430\u043d\u043d\u044f \u0434\u043b\u044f \u0430\u0432\u0442\u043e\u043c\u043e\u0431\u0456\u043b\u044c\u043d\u043e\u0457 \u043f\u0440\u043e\u043c\u0438\u0441\u043b\u043e\u0432\u043e\u0441\u0442\u0456 (\u0430\u0432\u0442\u043e\u043c\u043e\u0431\u0456\u043b\u0435\u0431\u0443\u0434\u0443\u0432\u0430\u043d\u043d\u044f).<\/span><\/li>\r\n<\/ul>\r\n\r\n<ul class=\"wp-block-gallery columns-3 is-cropped wp-block-gallery-1 is-layout-flex wp-block-gallery-is-layout-flex\">\r\n<li class=\"blocks-gallery-item\">\r\n<figure><a href=\"http:\/\/nowa.icrpolska.com\/wp-content\/uploads\/2019\/05\/icr-badania-LVD-EMC-RED-1.jpeg\"><img fetchpriority=\"high\" decoding=\"async\" class=\"alignnone wp-image-2170\" src=\"http:\/\/nowa.icrpolska.com\/wp-content\/uploads\/2019\/05\/icr-badania-LVD-EMC-RED-1.jpeg\" alt=\"\u0412\u0438\u043f\u0440\u043e\u0431\u0443\u0432\u0430\u043d\u043d\u044f LVD, \u0415\u041c\u0421 \u0442\u0430 RED\" width=\"768\" height=\"515\" data-id=\"2170\" data-link=\"http:\/\/nowa.icrpolska.com\/badania\/icr-badania-lvd-emc-red-1\/\" srcset=\"https:\/\/icr.you2.pl\/wp-content\/uploads\/2019\/05\/icr-badania-LVD-EMC-RED-1.jpeg 768w, https:\/\/icr.you2.pl\/wp-content\/uploads\/2019\/05\/icr-badania-LVD-EMC-RED-1-300x201.jpeg 300w\" sizes=\"(max-width: 768px) 100vw, 768px\" \/><\/a><\/figure>\r\n<\/li>\r\n<li class=\"blocks-gallery-item\">\r\n<figure><a href=\"http:\/\/nowa.icrpolska.com\/wp-content\/uploads\/2019\/05\/icr-badania-LVD-EMC-RED-2.jpg\"><img decoding=\"async\" class=\"alignnone wp-image-2171\" src=\"http:\/\/nowa.icrpolska.com\/wp-content\/uploads\/2019\/05\/icr-badania-LVD-EMC-RED-2.jpg\" alt=\"\u0412\u0438\u043f\u0440\u043e\u0431\u0443\u0432\u0430\u043d\u043d\u044f LVD, \u0415\u041c\u0421 \u0442\u0430 RED\" width=\"768\" height=\"513\" data-id=\"2171\" data-link=\"http:\/\/nowa.icrpolska.com\/badania\/icr-badania-lvd-emc-red-2\/\" srcset=\"https:\/\/icr.you2.pl\/wp-content\/uploads\/2019\/05\/icr-badania-LVD-EMC-RED-2.jpg 768w, https:\/\/icr.you2.pl\/wp-content\/uploads\/2019\/05\/icr-badania-LVD-EMC-RED-2-300x200.jpg 300w\" sizes=\"(max-width: 768px) 100vw, 768px\" \/><\/a><\/figure>\r\n<\/li>\r\n<li class=\"blocks-gallery-item\">\r\n<figure><a href=\"http:\/\/nowa.icrpolska.com\/wp-content\/uploads\/2019\/05\/icr-badania-LVD-EMC-RED-3.jpg\"><img decoding=\"async\" class=\"alignnone wp-image-2172\" src=\"http:\/\/nowa.icrpolska.com\/wp-content\/uploads\/2019\/05\/icr-badania-LVD-EMC-RED-3.jpg\" alt=\"\u0412\u0438\u043f\u0440\u043e\u0431\u0443\u0432\u0430\u043d\u043d\u044f LVD, \u0415\u041c\u0421 \u0442\u0430 RED\" width=\"768\" height=\"513\" data-id=\"2172\" data-link=\"http:\/\/nowa.icrpolska.com\/badania\/icr-badania-lvd-emc-red-3\/\" srcset=\"https:\/\/icr.you2.pl\/wp-content\/uploads\/2019\/05\/icr-badania-LVD-EMC-RED-3.jpg 768w, https:\/\/icr.you2.pl\/wp-content\/uploads\/2019\/05\/icr-badania-LVD-EMC-RED-3-300x200.jpg 300w\" sizes=\"(max-width: 768px) 100vw, 768px\" \/><\/a><\/figure>\r\n<\/li>\r\n<li class=\"blocks-gallery-item\">\r\n<figure><a href=\"http:\/\/nowa.icrpolska.com\/wp-content\/uploads\/2019\/05\/icr-badania-LVD-EMC-RED-4.jpg\"><img loading=\"lazy\" decoding=\"async\" class=\"alignnone wp-image-2173\" src=\"http:\/\/nowa.icrpolska.com\/wp-content\/uploads\/2019\/05\/icr-badania-LVD-EMC-RED-4.jpg\" alt=\"\u0412\u0438\u043f\u0440\u043e\u0431\u0443\u0432\u0430\u043d\u043d\u044f LVD, \u0415\u041c\u0421 \u0442\u0430 RED\" width=\"768\" height=\"513\" data-id=\"2173\" data-link=\"http:\/\/nowa.icrpolska.com\/badania\/icr-badania-lvd-emc-red-4\/\" srcset=\"https:\/\/icr.you2.pl\/wp-content\/uploads\/2019\/05\/icr-badania-LVD-EMC-RED-4.jpg 768w, https:\/\/icr.you2.pl\/wp-content\/uploads\/2019\/05\/icr-badania-LVD-EMC-RED-4-300x200.jpg 300w\" sizes=\"(max-width: 768px) 100vw, 768px\" \/><\/a><\/figure>\r\n<\/li>\r\n<\/ul>","protected":false},"excerpt":{"rendered":"<p>\u041c\u0438 \u0432\u0438\u043f\u0440\u043e\u0431\u043e\u0432\u0443\u0454\u043c\u043e \u0435\u043b\u0435\u043a\u0442\u0440\u0438\u0447\u043d\u0435 \u0442\u0430 \u0435\u043b\u0435\u043a\u0442\u0440\u043e\u043d\u043d\u0435 \u043e\u0431\u043b\u0430\u0434\u043d\u0430\u043d\u043d\u044f \u0432\u0456\u0434\u043f\u043e\u0432\u0456\u0434\u043d\u043e \u0434\u043e \u0432\u0438\u043c\u043e\u0433 \u0441\u0442\u0430\u043d\u0434\u0430\u0440\u0442\u0456\u0432, \u0433\u0430\u0440\u043c\u043e\u043d\u0456\u0437\u043e\u0432\u0430\u043d\u0438\u0445 \u0437 \u0434\u0438\u0440\u0435\u043a\u0442\u0438\u0432\u0430\u043c\u0438 LVD, EMC \u0442\u0430 RED. \u041c\u0438 \u0432\u0438\u043f\u0440\u043e\u0431\u043e\u0432\u0443\u0454\u043c\u043e \u044f\u043a \u043e\u0431\u043b\u0430\u0434\u043d\u0430\u043d\u043d\u044f \u0437\u0430\u0433\u0430\u043b\u044c\u043d\u043e\u0433\u043e \u043a\u043e\u0440\u0438\u0441\u0442\u0443\u0432\u0430\u043d\u043d\u044f, \u0442\u0430\u043a \u0456 \u043a\u043e\u043c\u043f\u043e\u043d\u0435\u043d\u0442\u0438 \u0430\u0432\u0442\u043e\u043c\u0430\u0442\u0438\u0437\u0430\u0446\u0456\u0457, \u0432\u0438\u043c\u0456\u0440\u044e\u0432\u0430\u043b\u044c\u043d\u0456 \u0441\u0438\u0441\u0442\u0435\u043c\u0438 \u0430\u0431\u043e \u043c\u0435\u0434\u0438\u0447\u043d\u0456 \u043f\u0440\u0438\u043b\u0430\u0434\u0438. \u041c\u0438 \u043f\u0440\u043e\u0432\u043e\u0434\u0438\u043c\u043e \u0432\u0438\u043f\u0440\u043e\u0431\u0443\u0432\u0430\u043d\u043d\u044f \u0435\u043b\u0435\u043a\u0442\u0440\u0438\u0447\u043d\u0438\u0445 \u0442\u0430 \u0435\u043b\u0435\u043a\u0442\u0440\u043e\u043d\u043d\u0438\u0445 \u0432\u0438\u0440\u043e\u0431\u0456\u0432 \u0432 \u0440\u0430\u043c\u043a\u0430\u0445 \u043d\u0430\u0448\u043e\u0457 \u0430\u043a\u0440\u0435\u0434\u0438\u0442\u0430\u0446\u0456\u0457 \u0432\u0456\u0434\u043f\u043e\u0432\u0456\u0434\u043d\u043e \u0434\u043e \u0434\u0438\u0440\u0435\u043a\u0442\u0438\u0432 LVD, EMC \u0442\u0430 RED, \u0437\u043e\u043a\u0440\u0435\u043c\u0430, \u0434\u043b\u044f \u043d\u0430\u0441\u0442\u0443\u043f\u043d\u0438\u0445 \u0433\u0440\u0443\u043f \u0432\u0438\u0440\u043e\u0431\u0456\u0432:...&nbsp;<a href=\"https:\/\/icr.you2.pl\/ua\/badania-wyrobow\/badania-emc-i-red\/\" rel=\"bookmark\">\u0427\u0438\u0442\u0430\u0442\u0438 \u0434\u0430\u043b\u0456 \"<span class=\"screen-reader-text\">\u0412\u0438\u043f\u0440\u043e\u0431\u0443\u0432\u0430\u043d\u043d\u044f LVD, \u0415\u041c\u0421 \u0442\u0430 RED<\/span><\/a><\/p>","protected":false},"author":1,"featured_media":0,"parent":979,"menu_order":0,"comment_status":"closed","ping_status":"closed","template":"","meta":{"neve_meta_sidebar":"","neve_meta_container":"","neve_meta_enable_content_width":"off","neve_meta_content_width":70,"neve_meta_title_alignment":"","neve_meta_author_avatar":"","neve_post_elements_order":"","neve_meta_disable_header":"","neve_meta_disable_footer":"","neve_meta_disable_title":"","footnotes":""},"class_list":["post-703","page","type-page","status-publish","hentry"],"yoast_head":"<!-- This site is optimized with the Yoast SEO plugin v26.8 - https:\/\/yoast.com\/product\/yoast-seo-wordpress\/ -->\n<title>Badania LVD, EMC i RED - ICR POLSKA - badania i certyfikacja<\/title>\n<meta name=\"robots\" content=\"index, follow, max-snippet:-1, max-image-preview:large, max-video-preview:-1\" \/>\n<link rel=\"canonical\" href=\"https:\/\/icr.you2.pl\/ua\/badania-wyrobow\/badania-emc-i-red\/\" \/>\n<meta property=\"og:locale\" content=\"uk_UA\" \/>\n<meta property=\"og:type\" content=\"article\" \/>\n<meta property=\"og:title\" content=\"Badania LVD, EMC i RED - ICR POLSKA - badania i certyfikacja\" \/>\n<meta property=\"og:description\" content=\"Wykonujemy badania urz\u0105dze\u0144 elektrycznych i elektronicznych zgodnie z wymaganiami norm zharmonizowanych z dyrektywami LVD, EMC oraz RED. Badamy zar\u00f3wno sprz\u0119t powszechnego u\u017cytku, jak i elementy automatyki, systemy pomiarowe lub wyroby medyczne. Wykonujemy badania wyrob\u00f3w elektrycznych i elektronicznych w zakresie posiadanej akredytacji w zakresie obj\u0119tym dyrektywami LVD, EMC oraz RED mi\u0119dzy innymi dla nast\u0119puj\u0105cych grup wyrob\u00f3w:&hellip;&nbsp;\u0427\u0438\u0442\u0430\u0442\u0438 \u0434\u0430\u043b\u0456 &raquo;Badania LVD, EMC i RED\" \/>\n<meta property=\"og:url\" content=\"https:\/\/icr.you2.pl\/ua\/badania-wyrobow\/badania-emc-i-red\/\" \/>\n<meta property=\"og:site_name\" content=\"ICR POLSKA - badania i certyfikacja\" \/>\n<meta property=\"article:modified_time\" content=\"2022-09-07T21:30:55+00:00\" \/>\n<meta property=\"og:image\" content=\"http:\/\/nowa.icrpolska.com\/wp-content\/uploads\/2019\/05\/icr-badania-LVD-EMC-RED-1.jpeg\" \/>\n<meta name=\"twitter:card\" content=\"summary_large_image\" \/>\n<meta name=\"twitter:label1\" content=\"\u041f\u0440\u0438\u0431\u043b. \u0447\u0430\u0441 \u0447\u0438\u0442\u0430\u043d\u043d\u044f\" \/>\n\t<meta name=\"twitter:data1\" content=\"2 \u0445\u0432\u0438\u043b\u0438\u043d\u0438\" \/>\n<script type=\"application\/ld+json\" class=\"yoast-schema-graph\">{\"@context\":\"https:\/\/schema.org\",\"@graph\":[{\"@type\":\"WebPage\",\"@id\":\"https:\/\/icr.you2.pl\/badania-wyrobow\/badania-emc-i-red\/\",\"url\":\"https:\/\/icr.you2.pl\/badania-wyrobow\/badania-emc-i-red\/\",\"name\":\"Badania LVD, EMC i RED - ICR POLSKA - badania i certyfikacja\",\"isPartOf\":{\"@id\":\"https:\/\/icr.you2.pl\/#website\"},\"primaryImageOfPage\":{\"@id\":\"https:\/\/icr.you2.pl\/badania-wyrobow\/badania-emc-i-red\/#primaryimage\"},\"image\":{\"@id\":\"https:\/\/icr.you2.pl\/badania-wyrobow\/badania-emc-i-red\/#primaryimage\"},\"thumbnailUrl\":\"http:\/\/nowa.icrpolska.com\/wp-content\/uploads\/2019\/05\/icr-badania-LVD-EMC-RED-1.jpeg\",\"datePublished\":\"2019-03-28T11:41:12+00:00\",\"dateModified\":\"2022-09-07T21:30:55+00:00\",\"breadcrumb\":{\"@id\":\"https:\/\/icr.you2.pl\/badania-wyrobow\/badania-emc-i-red\/#breadcrumb\"},\"inLanguage\":\"uk\",\"potentialAction\":[{\"@type\":\"ReadAction\",\"target\":[\"https:\/\/icr.you2.pl\/badania-wyrobow\/badania-emc-i-red\/\"]}]},{\"@type\":\"ImageObject\",\"inLanguage\":\"uk\",\"@id\":\"https:\/\/icr.you2.pl\/badania-wyrobow\/badania-emc-i-red\/#primaryimage\",\"url\":\"http:\/\/nowa.icrpolska.com\/wp-content\/uploads\/2019\/05\/icr-badania-LVD-EMC-RED-1.jpeg\",\"contentUrl\":\"http:\/\/nowa.icrpolska.com\/wp-content\/uploads\/2019\/05\/icr-badania-LVD-EMC-RED-1.jpeg\"},{\"@type\":\"BreadcrumbList\",\"@id\":\"https:\/\/icr.you2.pl\/badania-wyrobow\/badania-emc-i-red\/#breadcrumb\",\"itemListElement\":[{\"@type\":\"ListItem\",\"position\":1,\"name\":\"Strona g\u0142\u00f3wna\",\"item\":\"https:\/\/icr.you2.pl\/\"},{\"@type\":\"ListItem\",\"position\":2,\"name\":\"Badania wyrob\u00f3w\",\"item\":\"https:\/\/icr.you2.pl\/badania-wyrobow\/\"},{\"@type\":\"ListItem\",\"position\":3,\"name\":\"Badania LVD, EMC i RED\"}]},{\"@type\":\"WebSite\",\"@id\":\"https:\/\/icr.you2.pl\/#website\",\"url\":\"https:\/\/icr.you2.pl\/\",\"name\":\"ICR POLSKA - badania i certyfikacja\",\"description\":\"CE certification, CE certificate, ISO certificate, RED testing, product testing and certification, electrical product testing, medical device testing, ATEX, IECEx, FCC, product certification, EMC testing, machinery certification, CE machines, training, electronic product testing, testing 2014\/53\/EU, drone certification, ISO 13485 certificate, ISO 9001 certificate, NC RfG\",\"publisher\":{\"@id\":\"https:\/\/icr.you2.pl\/#\/schema\/person\/944799c9e2f4a94662e3fcb3b1544baf\"},\"potentialAction\":[{\"@type\":\"SearchAction\",\"target\":{\"@type\":\"EntryPoint\",\"urlTemplate\":\"https:\/\/icr.you2.pl\/?s={search_term_string}\"},\"query-input\":{\"@type\":\"PropertyValueSpecification\",\"valueRequired\":true,\"valueName\":\"search_term_string\"}}],\"inLanguage\":\"uk\"},{\"@type\":[\"Person\",\"Organization\"],\"@id\":\"https:\/\/icr.you2.pl\/#\/schema\/person\/944799c9e2f4a94662e3fcb3b1544baf\",\"name\":\"admin\",\"image\":{\"@type\":\"ImageObject\",\"inLanguage\":\"uk\",\"@id\":\"https:\/\/icr.you2.pl\/#\/schema\/person\/image\/\",\"url\":\"https:\/\/icr.you2.pl\/wp-content\/uploads\/2019\/05\/cropped-logo-icr.32f04ad5-1-1.png\",\"contentUrl\":\"https:\/\/icr.you2.pl\/wp-content\/uploads\/2019\/05\/cropped-logo-icr.32f04ad5-1-1.png\",\"width\":400,\"height\":148,\"caption\":\"admin\"},\"logo\":{\"@id\":\"https:\/\/icr.you2.pl\/#\/schema\/person\/image\/\"}}]}<\/script>\n<!-- \/ Yoast SEO plugin. -->","yoast_head_json":{"title":"\u0412\u0438\u043f\u0440\u043e\u0431\u0443\u0432\u0430\u043d\u043d\u044f LVD, EMC \u0442\u0430 RED - ICR POLAND - \u0432\u0438\u043f\u0440\u043e\u0431\u0443\u0432\u0430\u043d\u043d\u044f \u0442\u0430 \u0441\u0435\u0440\u0442\u0438\u0444\u0456\u043a\u0430\u0446\u0456\u044f - ICR POLAND - \u0432\u0438\u043f\u0440\u043e\u0431\u0443\u0432\u0430\u043d\u043d\u044f \u0442\u0430 \u0441\u0435\u0440\u0442\u0438\u0444\u0456\u043a\u0430\u0446\u0456\u044f","robots":{"index":"index","follow":"follow","max-snippet":"max-snippet:-1","max-image-preview":"max-image-preview:large","max-video-preview":"max-video-preview:-1"},"canonical":"https:\/\/icr.you2.pl\/ua\/badania-wyrobow\/badania-emc-i-red\/","og_locale":"uk_UA","og_type":"article","og_title":"Badania LVD, EMC i RED - ICR POLSKA - badania i certyfikacja","og_description":"Wykonujemy badania urz\u0105dze\u0144 elektrycznych i elektronicznych zgodnie z wymaganiami norm zharmonizowanych z dyrektywami LVD, EMC oraz RED. Badamy zar\u00f3wno sprz\u0119t powszechnego u\u017cytku, jak i elementy automatyki, systemy pomiarowe lub wyroby medyczne. Wykonujemy badania wyrob\u00f3w elektrycznych i elektronicznych w zakresie posiadanej akredytacji w zakresie obj\u0119tym dyrektywami LVD, EMC oraz RED mi\u0119dzy innymi dla nast\u0119puj\u0105cych grup wyrob\u00f3w:&hellip;&nbsp;\u0427\u0438\u0442\u0430\u0442\u0438 \u0434\u0430\u043b\u0456 &raquo;Badania LVD, EMC i RED","og_url":"https:\/\/icr.you2.pl\/ua\/badania-wyrobow\/badania-emc-i-red\/","og_site_name":"ICR POLSKA - badania i certyfikacja","article_modified_time":"2022-09-07T21:30:55+00:00","og_image":[{"url":"http:\/\/nowa.icrpolska.com\/wp-content\/uploads\/2019\/05\/icr-badania-LVD-EMC-RED-1.jpeg","type":"","width":"","height":""}],"twitter_card":"summary_large_image","twitter_misc":{"\u041f\u0440\u0438\u0431\u043b. \u0447\u0430\u0441 \u0447\u0438\u0442\u0430\u043d\u043d\u044f":"2 \u0445\u0432\u0438\u043b\u0438\u043d\u0438"},"schema":{"@context":"https:\/\/schema.org","@graph":[{"@type":"WebPage","@id":"https:\/\/icr.you2.pl\/badania-wyrobow\/badania-emc-i-red\/","url":"https:\/\/icr.you2.pl\/badania-wyrobow\/badania-emc-i-red\/","name":"\u0412\u0438\u043f\u0440\u043e\u0431\u0443\u0432\u0430\u043d\u043d\u044f LVD, EMC \u0442\u0430 RED - ICR POLAND - \u0432\u0438\u043f\u0440\u043e\u0431\u0443\u0432\u0430\u043d\u043d\u044f \u0442\u0430 \u0441\u0435\u0440\u0442\u0438\u0444\u0456\u043a\u0430\u0446\u0456\u044f - ICR POLAND - \u0432\u0438\u043f\u0440\u043e\u0431\u0443\u0432\u0430\u043d\u043d\u044f \u0442\u0430 \u0441\u0435\u0440\u0442\u0438\u0444\u0456\u043a\u0430\u0446\u0456\u044f","isPartOf":{"@id":"https:\/\/icr.you2.pl\/#website"},"primaryImageOfPage":{"@id":"https:\/\/icr.you2.pl\/badania-wyrobow\/badania-emc-i-red\/#primaryimage"},"image":{"@id":"https:\/\/icr.you2.pl\/badania-wyrobow\/badania-emc-i-red\/#primaryimage"},"thumbnailUrl":"http:\/\/nowa.icrpolska.com\/wp-content\/uploads\/2019\/05\/icr-badania-LVD-EMC-RED-1.jpeg","datePublished":"2019-03-28T11:41:12+00:00","dateModified":"2022-09-07T21:30:55+00:00","breadcrumb":{"@id":"https:\/\/icr.you2.pl\/badania-wyrobow\/badania-emc-i-red\/#breadcrumb"},"inLanguage":"uk","potentialAction":[{"@type":"ReadAction","target":["https:\/\/icr.you2.pl\/badania-wyrobow\/badania-emc-i-red\/"]}]},{"@type":"ImageObject","inLanguage":"uk","@id":"https:\/\/icr.you2.pl\/badania-wyrobow\/badania-emc-i-red\/#primaryimage","url":"http:\/\/nowa.icrpolska.com\/wp-content\/uploads\/2019\/05\/icr-badania-LVD-EMC-RED-1.jpeg","contentUrl":"http:\/\/nowa.icrpolska.com\/wp-content\/uploads\/2019\/05\/icr-badania-LVD-EMC-RED-1.jpeg"},{"@type":"BreadcrumbList","@id":"https:\/\/icr.you2.pl\/badania-wyrobow\/badania-emc-i-red\/#breadcrumb","itemListElement":[{"@type":"ListItem","position":1,"name":"Strona g\u0142\u00f3wna","item":"https:\/\/icr.you2.pl\/"},{"@type":"ListItem","position":2,"name":"Badania wyrob\u00f3w","item":"https:\/\/icr.you2.pl\/badania-wyrobow\/"},{"@type":"ListItem","position":3,"name":"Badania LVD, EMC i RED"}]},{"@type":"WebSite","@id":"https:\/\/icr.you2.pl\/#website","url":"https:\/\/icr.you2.pl\/","name":"ICR POLAND - \u0442\u0435\u0441\u0442\u0443\u0432\u0430\u043d\u043d\u044f \u0442\u0430 \u0441\u0435\u0440\u0442\u0438\u0444\u0456\u043a\u0430\u0446\u0456\u044f","description":"\u0421\u0435\u0440\u0442\u0438\u0444\u0456\u043a\u0430\u0446\u0456\u044f CE, \u0441\u0435\u0440\u0442\u0438\u0444\u0456\u043a\u0430\u0442 CE, \u0441\u0435\u0440\u0442\u0438\u0444\u0456\u043a\u0430\u0442 ISO, \u0432\u0438\u043f\u0440\u043e\u0431\u0443\u0432\u0430\u043d\u043d\u044f RED, \u0432\u0438\u043f\u0440\u043e\u0431\u0443\u0432\u0430\u043d\u043d\u044f \u0442\u0430 \u0441\u0435\u0440\u0442\u0438\u0444\u0456\u043a\u0430\u0446\u0456\u044f \u043f\u0440\u043e\u0434\u0443\u043a\u0446\u0456\u0457, \u0432\u0438\u043f\u0440\u043e\u0431\u0443\u0432\u0430\u043d\u043d\u044f \u0435\u043b\u0435\u043a\u0442\u0440\u043e\u0442\u0435\u0445\u043d\u0456\u0447\u043d\u0438\u0445 \u0432\u0438\u0440\u043e\u0431\u0456\u0432, \u0432\u0438\u043f\u0440\u043e\u0431\u0443\u0432\u0430\u043d\u043d\u044f \u043c\u0435\u0434\u0438\u0447\u043d\u0438\u0445 \u0432\u0438\u0440\u043e\u0431\u0456\u0432, ATEX, IECEx, FCC, \u0441\u0435\u0440\u0442\u0438\u0444\u0456\u043a\u0430\u0446\u0456\u044f \u043f\u0440\u043e\u0434\u0443\u043a\u0446\u0456\u0457, \u0432\u0438\u043f\u0440\u043e\u0431\u0443\u0432\u0430\u043d\u043d\u044f \u0415\u041c\u0421, \u0441\u0435\u0440\u0442\u0438\u0444\u0456\u043a\u0430\u0446\u0456\u044f \u043c\u0430\u0448\u0438\u043d, \u043c\u0430\u0448\u0438\u043d\u0438 CE, \u043d\u0430\u0432\u0447\u0430\u043d\u043d\u044f, \u0432\u0438\u043f\u0440\u043e\u0431\u0443\u0432\u0430\u043d\u043d\u044f \u0435\u043b\u0435\u043a\u0442\u0440\u043e\u043d\u043d\u043e\u0457 \u043f\u0440\u043e\u0434\u0443\u043a\u0446\u0456\u0457, \u0432\u0438\u043f\u0440\u043e\u0431\u0443\u0432\u0430\u043d\u043d\u044f 2014\/53\/EU, \u0441\u0435\u0440\u0442\u0438\u0444\u0456\u043a\u0430\u0446\u0456\u044f \u0431\u0435\u0437\u043f\u0456\u043b\u043e\u0442\u043d\u0438\u043a\u0456\u0432, \u0441\u0435\u0440\u0442\u0438\u0444\u0456\u043a\u0430\u0442 ISO 13485, \u0441\u0435\u0440\u0442\u0438\u0444\u0456\u043a\u0430\u0442 ISO 9001, NC RfG","publisher":{"@id":"https:\/\/icr.you2.pl\/#\/schema\/person\/944799c9e2f4a94662e3fcb3b1544baf"},"potentialAction":[{"@type":"SearchAction","target":{"@type":"EntryPoint","urlTemplate":"https:\/\/icr.you2.pl\/?s={search_term_string}"},"query-input":{"@type":"PropertyValueSpecification","valueRequired":true,"valueName":"search_term_string"}}],"inLanguage":"uk"},{"@type":["Person","Organization"],"@id":"https:\/\/icr.you2.pl\/#\/schema\/person\/944799c9e2f4a94662e3fcb3b1544baf","name":"\u0430\u0434\u043c\u0456\u043d\u0456\u0441\u0442\u0440\u0430\u0442\u043e\u0440","image":{"@type":"ImageObject","inLanguage":"uk","@id":"https:\/\/icr.you2.pl\/#\/schema\/person\/image\/","url":"https:\/\/icr.you2.pl\/wp-content\/uploads\/2019\/05\/cropped-logo-icr.32f04ad5-1-1.png","contentUrl":"https:\/\/icr.you2.pl\/wp-content\/uploads\/2019\/05\/cropped-logo-icr.32f04ad5-1-1.png","width":400,"height":148,"caption":"admin"},"logo":{"@id":"https:\/\/icr.you2.pl\/#\/schema\/person\/image\/"}}]}},"_links":{"self":[{"href":"https:\/\/icr.you2.pl\/ua\/wp-json\/wp\/v2\/pages\/703","targetHints":{"allow":["GET"]}}],"collection":[{"href":"https:\/\/icr.you2.pl\/ua\/wp-json\/wp\/v2\/pages"}],"about":[{"href":"https:\/\/icr.you2.pl\/ua\/wp-json\/wp\/v2\/types\/page"}],"author":[{"embeddable":true,"href":"https:\/\/icr.you2.pl\/ua\/wp-json\/wp\/v2\/users\/1"}],"replies":[{"embeddable":true,"href":"https:\/\/icr.you2.pl\/ua\/wp-json\/wp\/v2\/comments?post=703"}],"version-history":[{"count":0,"href":"https:\/\/icr.you2.pl\/ua\/wp-json\/wp\/v2\/pages\/703\/revisions"}],"up":[{"embeddable":true,"href":"https:\/\/icr.you2.pl\/ua\/wp-json\/wp\/v2\/pages\/979"}],"wp:attachment":[{"href":"https:\/\/icr.you2.pl\/ua\/wp-json\/wp\/v2\/media?parent=703"}],"curies":[{"name":"wp","href":"https:\/\/api.w.org\/{rel}","templated":true}]}}